{"id":371,"date":"2023-10-31T17:48:54","date_gmt":"2023-10-31T17:48:54","guid":{"rendered":"https:\/\/exceladvisor.org\/es\/agregar-un-numero-de-pagina\/"},"modified":"2023-12-25T10:23:02","modified_gmt":"2023-12-25T10:23:02","slug":"agregar-un-numero-de-pagina","status":"publish","type":"page","link":"https:\/\/exceladvisor.org\/es\/agregar-un-numero-de-pagina\/","title":{"rendered":"\u00bfc\u00f3mo agregar un n\u00famero de p\u00e1gina en excel?"},"content":{"rendered":"<div class=\"excel-antes-del-contenido\" id=\"excel-784216746\"><script type=\"text\/javascript\">\r\n\tatOptions = {\r\n\t\t'key' : 'c1158f160081d6540a8409e6925dab94',\r\n\t\t'format' : 'iframe',\r\n\t\t'height' : 250,\r\n\t\t'width' : 300,\r\n\t\t'params' : {}\r\n\t};\r\n<\/script>\r\n<script type=\"text\/javascript\" src=\"\/\/www.highperformanceformat.com\/c1158f160081d6540a8409e6925dab94\/invoke.js\"><\/script><\/div><p>Al igual que otras aplicaciones de Microsoft Office como Word o PowerPoint, Excel tambi\u00e9n tiene la capacidad de insertar n\u00fameros de p\u00e1gina al imprimir hojas de c\u00e1lculo de Excel.<\/p>\n<p> Los usuarios pueden insertar n\u00fameros de p\u00e1gina por hoja o en varias hojas a la vez en Excel y tambi\u00e9n pueden personalizarlos.<\/p>\n<p> Hemos mencionado algunos pasos r\u00e1pidos y sencillos para agregar o eliminar n\u00fameros de p\u00e1gina en Excel.<\/p>\n<h2 class=\"wp-block-heading\"> Agregar n\u00fameros de p\u00e1gina usando encabezado y pie de p\u00e1gina<\/h2>\n<ol>\n<li> Primero, vaya a la pesta\u00f1a \u00abVer\u00bb, luego haga clic en el icono \u00abDise\u00f1o de p\u00e1gina\u00bb en el grupo \u00abVistas del libro de trabajo\u00bb. <br \/><img loading=\"lazy\" decoding=\"async\" title=\"icono de dise\u00f1o de 1 p\u00e1gina\" src=\"https:\/\/exceladvisor.org\/wp-content\/uploads\/2023\/08\/1-icone-de-mise-en-page.png\" sizes=\"auto, \" srcset=\"\" alt=\"page-layout-icon\" width=\"685\" height=\"118\"><\/li>\n<li> Despu\u00e9s de eso, despl\u00e1cese hacia abajo en la hoja y haga clic en la columna \u00abPie de p\u00e1gina\u00bb (Izquierda, Centro, Derecha) dependiendo de en qu\u00e9 lado de la p\u00e1gina desee mostrar los n\u00fameros de p\u00e1gina. <br \/><img loading=\"lazy\" decoding=\"async\" title=\"columna de 2 pies de p\u00e1gina\" src=\"https:\/\/exceladvisor.org\/wp-content\/uploads\/2023\/08\/2-colonnes-de-pied-de-page.png\" sizes=\"auto, \" srcset=\"\" alt=\"footer-column\" width=\"721\" height=\"170\"><\/li>\n<li> Ahora vaya a la pesta\u00f1a \u00abDise\u00f1o\u00bb y haga clic en el icono \u00abN\u00famero de p\u00e1gina\u00bb o \u00abN\u00famero de p\u00e1ginas\u00bb para agregar los n\u00fameros de p\u00e1gina.<\/li>\n<li> O haga clic en el icono \u00abPie de p\u00e1gina\u00bb y seleccione el estilo de impresi\u00f3n del n\u00famero de p\u00e1gina que desea agregar. <br \/><img loading=\"lazy\" decoding=\"async\" class=\"alignnone  wp-image-12919\" src=\"https:\/\/exceladvisor.org\/wp-content\/uploads\/2023\/11\/icone-de-numeros-de-3-page.png\" alt=\"Icono de 3 n\u00fameros de p\u00e1gina.\" width=\"675\" height=\"488\" srcset=\"https:\/\/exceladvisor.org\/wp-content\/uploads\/2023\/11\/icone-de-numeros-de-3-page.png 1076w, https:\/\/exceladvisor.org\/wp-content\/uploads\/2023\/11\/icone-de-numeros-de-3-page-300x217.png 300w, https:\/\/exceladvisor.org\/wp-content\/uploads\/2023\/11\/icone-de-numeros-de-3-page-1024x740.png 1024w, https:\/\/exceladvisor.org\/wp-content\/uploads\/2023\/11\/icone-de-numeros-de-3-page-768x555.png 768w\" sizes=\"auto, (max-width: 675px) 100vw, 675px\"><\/li>\n<li> Una vez que seleccione la opci\u00f3n de n\u00famero de p\u00e1gina que desea agregar e imprimir, Excel agrega ese n\u00famero de p\u00e1gina a la hoja de trabajo en forma de c\u00f3digos. <br \/><img loading=\"lazy\" decoding=\"async\" title=\"4-n\u00fameros-de-p\u00e1gina-de-c\u00f3digos1\" src=\"https:\/\/exceladvisor.org\/wp-content\/uploads\/2023\/08\/4-numeros-de-page-code1.png\" sizes=\"auto, \" srcset=\"\" alt=\"page-numbers-code\" width=\"677\" height=\"164\"><\/li>\n<li> Al final, haga clic en cualquier lugar fuera del \u00abpie de p\u00e1gina\u00bb para ver los n\u00fameros de p\u00e1gina. <br \/><img loading=\"lazy\" decoding=\"async\" title=\"5 n\u00fameros de p\u00e1gina de visualizaci\u00f3n\" src=\"https:\/\/exceladvisor.org\/wp-content\/uploads\/2023\/08\/5-numeros-de-page-daffichage.png\" sizes=\"auto, \" srcset=\"\" alt=\"display-page-numbers\" width=\"645\" height=\"181\"><\/li>\n<\/ol>\n<p> Para volver a la vista normal despu\u00e9s de agregar n\u00fameros de p\u00e1gina usando la opci\u00f3n Encabezado y pie de p\u00e1gina, haga clic en el icono de \u00abvista normal\u00bb en la barra de estado que se encuentra debajo en la hoja de Excel. <\/p>\n<div class=\"wp-block-image\">\n<figure class=\"aligncenter size-full is-resized\"><img loading=\"lazy\" decoding=\"async\" class=\"wp-image-64746\" src=\"https:\/\/exceladvisor.org\/wp-content\/uploads\/2023\/08\/6-barre-detat-excel.png\" sizes=\"auto, \" srcset=\"\" alt=\"barra de estado de excel\" width=\"774\" height=\"96\"><\/figure>\n<\/div>\n<h2 class=\"wp-block-heading\"> Agregue n\u00fameros de p\u00e1gina usando el cuadro de di\u00e1logo Configurar p\u00e1gina<\/h2>\n<p> Cuando los usuarios tienen datos en varias hojas de un libro y desean imprimir esos datos en una serie continua, pueden agregar n\u00fameros de p\u00e1gina a todas las hojas a la vez usando la opci\u00f3n \u00abCuadro de di\u00e1logo\u00bb. disposici\u00f3n\u00bb.<\/p>\n<ol>\n<li> Primero, abra el libro y seleccione las hojas que desea imprimir <strong>(seleccione varias hojas) <br \/><img loading=\"lazy\" decoding=\"async\" title=\"7-seleccionar-varias-hojas\" src=\"https:\/\/exceladvisor.org\/wp-content\/uploads\/2023\/08\/7-selectionner-plusieurs-feuilles.png\" sizes=\"auto, \" srcset=\"\" alt=\"select-multiple-sheets\" width=\"727\" height=\"126\"><\/strong><\/li>\n<li> Despu\u00e9s de eso, vaya a la pesta\u00f1a \u00abDise\u00f1o de p\u00e1gina\u00bb y haga clic en el cuadro de di\u00e1logo \u00abConfigurar p\u00e1gina\u00bb. <br \/><img loading=\"lazy\" decoding=\"async\" title=\"8 Pesta\u00f1a Dise\u00f1o de p\u00e1gina\" src=\"https:\/\/exceladvisor.org\/wp-content\/uploads\/2023\/08\/Onglet-de-mise-en-page-de-8-pages.png\" sizes=\"auto, \" srcset=\"\" alt=\"page-layout-tab\" width=\"444\" height=\"133\"><\/li>\n<li> Ahora, seleccione la pesta\u00f1a \u00abEncabezado\/pie de p\u00e1gina\u00bb en la ventana \u00abConfigurar p\u00e1gina\u00bb.<\/li>\n<li> Al final, haga clic en la flecha desplegable Pie de p\u00e1gina y seleccione el estilo de impresi\u00f3n del n\u00famero de p\u00e1gina que desea mostrar, luego haga clic en Aceptar.<\/li>\n<li> Para ver la vista previa, haga clic en el bot\u00f3n \u00abVista previa de impresi\u00f3n\u00bb. <br \/><img loading=\"lazy\" decoding=\"async\" title=\"Ventana de configuraci\u00f3n de 9 p\u00e1ginas\" src=\"https:\/\/exceladvisor.org\/wp-content\/uploads\/2023\/08\/Fenetre-de-configuration-de-9-pages.png\" sizes=\"auto, \" srcset=\"\" alt=\"page-setup-window\" width=\"414\" height=\"452\"><\/li>\n<li> Una vez que haga clic en Aceptar, todas las hojas seleccionadas recibir\u00e1n n\u00fameros de p\u00e1gina en serie comenzando desde la primera p\u00e1gina de la primera hoja.<\/li>\n<\/ol>\n<h2 class=\"wp-block-heading\"> Personaliza el n\u00famero de p\u00e1gina inicial<\/h2>\n<p> En Excel, de forma predeterminada, el n\u00famero de p\u00e1gina comienza con la p\u00e1gina 1, pero los usuarios tienen la opci\u00f3n de cambiar el n\u00famero inicial de la primera p\u00e1gina.<\/p>\n<ol>\n<li> Primero, vaya a la pesta\u00f1a \u00abDise\u00f1o de p\u00e1gina\u00bb y haga clic en el cuadro de di\u00e1logo \u00abConfigurar p\u00e1gina\u00bb. <br \/><img loading=\"lazy\" decoding=\"async\" title=\"Lanzador de di\u00e1logos de configuraci\u00f3n de 10 p\u00e1ginas\" src=\"https:\/\/exceladvisor.org\/wp-content\/uploads\/2023\/08\/Lanceur-de-dialogue-de-configuration-de-10-pages.png\" sizes=\"auto, \" srcset=\"\" alt=\"page-setup-dialogue-launcher\" width=\"458\" height=\"137\"><\/li>\n<li> Despu\u00e9s de eso, seleccione la pesta\u00f1a \u00abP\u00e1gina\u00bb en la ventana \u00abConfigurar p\u00e1gina\u00bb.<\/li>\n<li> Ahora ingrese el n\u00famero en la columna \u00abN\u00famero de primera p\u00e1gina\u00bb desde el cual desea comenzar su n\u00famero de primera p\u00e1gina y haga clic en Aceptar. <br \/><img loading=\"lazy\" decoding=\"async\" title=\"11-n\u00famero-de-p\u00e1gina-personalizado\" src=\"https:\/\/exceladvisor.org\/wp-content\/uploads\/2023\/08\/11-personnaliser-le-numero-de-page.png\" sizes=\"auto, \" srcset=\"\" alt=\"customize-page-number\" width=\"430\" height=\"470\"><\/li>\n<\/ol>\n<h2 class=\"wp-block-heading\"> Agregue un estilo de n\u00famero de p\u00e1gina diferente para p\u00e1ginas pares e impares<\/h2>\n<ol>\n<li> Primero, vaya a la pesta\u00f1a \u00abVer\u00bb, luego haga clic en el icono \u00abDise\u00f1o de p\u00e1gina\u00bb en el grupo \u00abVistas del libro de trabajo\u00bb. <br \/><img loading=\"lazy\" decoding=\"async\" title=\"Dise\u00f1o de 12 pesta\u00f1as\" src=\"https:\/\/exceladvisor.org\/wp-content\/uploads\/2023\/08\/Disposition-de-la-page-a-12-onglets-de-vue.png\" sizes=\"auto, \" srcset=\"\" alt=\"view-tab-page-layout\" width=\"760\" height=\"131\"><\/li>\n<li> Despu\u00e9s de eso, despl\u00e1cese hacia abajo en la hoja y haga clic en la columna \u00abPie de p\u00e1gina\u00bb de la primera hoja.<\/li>\n<li> Ahora vaya a la pesta\u00f1a \u00abDise\u00f1o\u00bb y marque el icono \u00abDiferentes p\u00e1ginas pares e impares\u00bb en la cinta.<\/li>\n<li> Al final, seleccione el estilo de impresi\u00f3n del n\u00famero de p\u00e1gina que desea mostrar para las p\u00e1ginas impares. <br \/><img loading=\"lazy\" decoding=\"async\" class=\"alignnone  wp-image-12920\" src=\"https:\/\/exceladvisor.org\/wp-content\/uploads\/2023\/11\/Liste-deroulante-de-13-pied-de-page.png\" alt=\"Men\u00fa desplegable de 13 pies de p\u00e1gina\" width=\"701\" height=\"398\" srcset=\"https:\/\/exceladvisor.org\/wp-content\/uploads\/2023\/11\/Liste-deroulante-de-13-pied-de-page.png 1185w, https:\/\/exceladvisor.org\/wp-content\/uploads\/2023\/11\/Liste-deroulante-de-13-pied-de-page-300x170.png 300w, https:\/\/exceladvisor.org\/wp-content\/uploads\/2023\/11\/Liste-deroulante-de-13-pied-de-page-1024x582.png 1024w, https:\/\/exceladvisor.org\/wp-content\/uploads\/2023\/11\/Liste-deroulante-de-13-pied-de-page-768x436.png 768w\" sizes=\"auto, (max-width: 701px) 100vw, 701px\"><\/li>\n<li> En este momento, los n\u00fameros de p\u00e1gina con el estilo de impresi\u00f3n de n\u00fameros de p\u00e1gina que seleccion\u00f3 se agregan para las p\u00e1ginas impares. <br \/><img loading=\"lazy\" decoding=\"async\" title=\"14 n\u00fameros de p\u00e1ginas impares\" src=\"https:\/\/exceladvisor.org\/wp-content\/uploads\/2023\/08\/14-numero-de-page-impair.png\" sizes=\"auto, \" srcset=\"\" alt=\"odd-page-number\" width=\"703\" height=\"142\"><\/li>\n<li> Nuevamente, despl\u00e1cese hacia abajo en la hoja hasta la p\u00e1gina siguiente, es decir, la p\u00e1gina n\u00famero 2, y seleccione la columna \u00abPie de p\u00e1gina\u00bb de esa hoja.<\/li>\n<li> Despu\u00e9s de eso, repita el mismo proceso que acaba de hacer en la columna \u00abPie de p\u00e1gina\u00bb de la primera p\u00e1gina para las p\u00e1ginas impares.<\/li>\n<li> En este momento, los n\u00fameros de p\u00e1gina con el estilo de impresi\u00f3n de n\u00fameros de p\u00e1gina que seleccion\u00f3 se agregan para las p\u00e1ginas pares. <br \/><img loading=\"lazy\" decoding=\"async\" title=\"15 n\u00fameros de p\u00e1ginas pares\" src=\"https:\/\/exceladvisor.org\/wp-content\/uploads\/2023\/08\/15-numero-de-page-pair.png\" sizes=\"auto, \" srcset=\"\" alt=\"even-page-number\" width=\"738\" height=\"145\"><\/li>\n<li> Una vez que haya terminado con los pies de p\u00e1gina pares e impares, sus n\u00fameros pares e impares se imprimir\u00e1n en dos estilos diferentes seg\u00fan los estilos de n\u00fameros de p\u00e1gina de impresi\u00f3n que haya seleccionado.<\/li>\n<\/ol>\n<h2 class=\"wp-block-heading\"> Eliminar n\u00fameros de p\u00e1gina usando encabezado y pie de p\u00e1gina<\/h2>\n<ol>\n<li> Primero, abra las opciones de \u00abEncabezado y pie de p\u00e1gina\u00bb.<\/li>\n<li> Despu\u00e9s de eso, despl\u00e1cese hacia abajo en la hoja de Excel y haga clic en la columna \u00abPie de p\u00e1gina\u00bb donde agreg\u00f3 el c\u00f3digo del n\u00famero de p\u00e1gina.<\/li>\n<li> Ahora seleccione el c\u00f3digo del n\u00famero de p\u00e1gina completo y presione eliminar. <\/li>\n<\/ol>\n<div class=\"wp-block-image\">\n<figure class=\"aligncenter size-full is-resized\"><img loading=\"lazy\" decoding=\"async\" class=\"wp-image-64756\" src=\"https:\/\/exceladvisor.org\/wp-content\/uploads\/2023\/08\/16-supprimer-le-numero-de-page.png\" sizes=\"auto, \" srcset=\"\" alt=\"eliminar n\u00famero de p\u00e1gina\" width=\"728\" height=\"135\"><\/figure>\n<\/div>\n<h2 class=\"wp-block-heading\"> Eliminar n\u00fameros de p\u00e1gina usando el cuadro de di\u00e1logo Configurar p\u00e1gina<\/h2>\n<ol>\n<li> Primero, vaya a la pesta\u00f1a \u00abDise\u00f1o de p\u00e1gina\u00bb y haga clic en el cuadro de di\u00e1logo \u00abConfigurar p\u00e1gina\u00bb.<\/li>\n<li> Despu\u00e9s de eso, seleccione la pesta\u00f1a \u00abEncabezado\/Pie de p\u00e1gina\u00bb y haga clic en la opci\u00f3n \u00abPie de p\u00e1gina personalizado\u00bb. <br \/><img loading=\"lazy\" decoding=\"async\" title=\"Opci\u00f3n de pie de p\u00e1gina personalizado de 17\" src=\"https:\/\/exceladvisor.org\/wp-content\/uploads\/2023\/08\/17-option-de-pied-de-page-personnalise.png\" sizes=\"auto, \" srcset=\"\" alt=\"custom-footer-option\" width=\"397\" height=\"436\"><\/li>\n<li> Ahora seleccione \u00abPie de p\u00e1gina impar\u00bb o \u00abPie de p\u00e1gina par\u00bb, si ha agregado diferentes estilos de n\u00fameros de p\u00e1gina para p\u00e1ginas pares e impares.<\/li>\n<li> Al final, seleccione el c\u00f3digo del n\u00famero de p\u00e1gina completo y presione Eliminar, luego haga clic en Aceptar. <br \/><img loading=\"lazy\" decoding=\"async\" title=\"Pie de p\u00e1gina de 18 p\u00e1ginas pares impares\" src=\"https:\/\/exceladvisor.org\/wp-content\/uploads\/2023\/08\/18-pied-de-page-pair-impair.png\" sizes=\"auto, \" srcset=\"\" alt=\"odd-even-page-footer\" width=\"647\" height=\"336\"><\/li>\n<\/ol>\n<div class=\"gb-container gb-container-4db6181c gb-container-mt\"> <a class=\"gb-button gb-button-c5897111 gb-button-text gb-button-mt-button\" href=\"https:\/\/exceladvisor.org\/es\/conceptos-basicos-de-excel\/\">Conceptos b\u00e1sicos de Microsoft Excel (componentes, piezas y notas de conocimiento)<\/a><\/p>\n<h2 class=\"gb-headline gb-headline-665e5f6b gb-headline-text gb-headline-mt-heading\"> Tutoriales relacionados <\/h2>\n<div class=\"gb-grid-wrapper gb-grid-wrapper-a20baf7c gb-grid-wrapper-mt-grid\">\n<div class=\"gb-grid-column gb-grid-column-65ddf67e\">\n<div class=\"gb-container gb-container-65ddf67e\">\n<ul>\n<li> <a href=\"https:\/\/exceladvisor.org\/es\/formato-del-numero-de-contabilidad\/\">Aplicar formato de n\u00famero contable en Excel<\/a><\/li>\n<li> <a href=\"https:\/\/exceladvisor.org\/es\/color-de-celda\/\">Aplicar color de fondo a una celda o a toda la hoja en Excel<\/a><\/li>\n<li> <a href=\"https:\/\/exceladvisor.org\/es\/la-cuadricula\/\">Imprima l\u00edneas de cuadr\u00edcula de Excel (elimine, acorte y cambie de color)<\/a><\/li>\n<li> <a href=\"https:\/\/exceladvisor.org\/es\/aplicar-estilo-de-coma\/\">Aplicar estilo coma en Excel<\/a><\/li>\n<\/ul>\n<\/div>\n<\/div>\n<\/div>\n<\/div>\n","protected":false},"excerpt":{"rendered":"<p>Al igual que otras aplicaciones de Microsoft Office como Word o PowerPoint, Excel tambi\u00e9n tiene la capacidad de insertar n\u00fameros de p\u00e1gina al imprimir hojas de c\u00e1lculo de Excel. Los usuarios pueden insertar n\u00fameros de p\u00e1gina por hoja o en varias hojas a la vez en Excel y tambi\u00e9n pueden personalizarlos. Hemos mencionado algunos pasos [&hellip;]<\/p>\n","protected":false},"author":1,"featured_media":0,"parent":0,"menu_order":0,"comment_status":"open","ping_status":"closed","template":"","meta":{"ub_ctt_via":"","footnotes":""},"class_list":["post-371","page","type-page","status-publish","hentry"],"featured_image_src":null,"yoast_head":"<!-- This site is optimized with the Yoast SEO plugin v25.4 - https:\/\/yoast.com\/wordpress\/plugins\/seo\/ -->\n<title>\u00bfc\u00f3mo agregar un n\u00famero de p\u00e1gina en excel?<\/title>\n<meta name=\"robots\" content=\"index, follow, max-snippet:-1, max-image-preview:large, max-video-preview:-1\" \/>\n<link rel=\"canonical\" href=\"https:\/\/exceladvisor.org\/es\/agregar-un-numero-de-pagina\/\" \/>\n<meta property=\"og:locale\" content=\"es_ES\" \/>\n<meta property=\"og:type\" content=\"article\" \/>\n<meta property=\"og:title\" content=\"\u00bfc\u00f3mo agregar un n\u00famero de p\u00e1gina en excel?\" \/>\n<meta property=\"og:description\" content=\"Al igual que otras aplicaciones de Microsoft Office como Word o PowerPoint, Excel tambi\u00e9n tiene la capacidad de insertar n\u00fameros de p\u00e1gina al imprimir hojas de c\u00e1lculo de Excel. Los usuarios pueden insertar n\u00fameros de p\u00e1gina por hoja o en varias hojas a la vez en Excel y tambi\u00e9n pueden personalizarlos. Hemos mencionado algunos pasos [&hellip;]\" \/>\n<meta property=\"og:url\" content=\"https:\/\/exceladvisor.org\/es\/agregar-un-numero-de-pagina\/\" \/>\n<meta property=\"og:site_name\" content=\"Excel Advisor\" \/>\n<meta property=\"article:modified_time\" content=\"2023-12-25T10:23:02+00:00\" \/>\n<meta property=\"og:image\" content=\"https:\/\/exceladvisor.org\/wp-content\/uploads\/2023\/08\/1-icone-de-mise-en-page.png\" \/>\n<meta name=\"twitter:card\" content=\"summary_large_image\" \/>\n<meta name=\"twitter:label1\" content=\"Tiempo de lectura\" \/>\n\t<meta name=\"twitter:data1\" content=\"6 minutos\" \/>\n<script type=\"application\/ld+json\" class=\"yoast-schema-graph\">{\"@context\":\"https:\/\/schema.org\",\"@graph\":[{\"@type\":\"WebPage\",\"@id\":\"https:\/\/exceladvisor.org\/es\/agregar-un-numero-de-pagina\/\",\"url\":\"https:\/\/exceladvisor.org\/es\/agregar-un-numero-de-pagina\/\",\"name\":\"\u00bfc\u00f3mo agregar un n\u00famero de p\u00e1gina en excel?\",\"isPartOf\":{\"@id\":\"https:\/\/exceladvisor.org\/es\/#website\"},\"primaryImageOfPage\":{\"@id\":\"https:\/\/exceladvisor.org\/es\/agregar-un-numero-de-pagina\/#primaryimage\"},\"image\":{\"@id\":\"https:\/\/exceladvisor.org\/es\/agregar-un-numero-de-pagina\/#primaryimage\"},\"thumbnailUrl\":\"https:\/\/exceladvisor.org\/wp-content\/uploads\/2023\/08\/1-icone-de-mise-en-page.png\",\"datePublished\":\"2023-10-31T17:48:54+00:00\",\"dateModified\":\"2023-12-25T10:23:02+00:00\",\"breadcrumb\":{\"@id\":\"https:\/\/exceladvisor.org\/es\/agregar-un-numero-de-pagina\/#breadcrumb\"},\"inLanguage\":\"es\",\"potentialAction\":[{\"@type\":\"ReadAction\",\"target\":[\"https:\/\/exceladvisor.org\/es\/agregar-un-numero-de-pagina\/\"]}]},{\"@type\":\"ImageObject\",\"inLanguage\":\"es\",\"@id\":\"https:\/\/exceladvisor.org\/es\/agregar-un-numero-de-pagina\/#primaryimage\",\"url\":\"https:\/\/exceladvisor.org\/wp-content\/uploads\/2023\/08\/1-icone-de-mise-en-page.png\",\"contentUrl\":\"https:\/\/exceladvisor.org\/wp-content\/uploads\/2023\/08\/1-icone-de-mise-en-page.png\"},{\"@type\":\"BreadcrumbList\",\"@id\":\"https:\/\/exceladvisor.org\/es\/agregar-un-numero-de-pagina\/#breadcrumb\",\"itemListElement\":[{\"@type\":\"ListItem\",\"position\":1,\"name\":\"Hogar\",\"item\":\"https:\/\/exceladvisor.org\/es\/\"},{\"@type\":\"ListItem\",\"position\":2,\"name\":\"\u00bfc\u00f3mo agregar un n\u00famero de p\u00e1gina en excel?\"}]},{\"@type\":\"WebSite\",\"@id\":\"https:\/\/exceladvisor.org\/es\/#website\",\"url\":\"https:\/\/exceladvisor.org\/es\/\",\"name\":\"Excel Advisor\",\"description\":\"Su gu\u00eda para la dominaci\u00f3n de datos!\",\"publisher\":{\"@id\":\"https:\/\/exceladvisor.org\/es\/#organization\"},\"potentialAction\":[{\"@type\":\"SearchAction\",\"target\":{\"@type\":\"EntryPoint\",\"urlTemplate\":\"https:\/\/exceladvisor.org\/es\/?s={search_term_string}\"},\"query-input\":{\"@type\":\"PropertyValueSpecification\",\"valueRequired\":true,\"valueName\":\"search_term_string\"}}],\"inLanguage\":\"es\"},{\"@type\":\"Organization\",\"@id\":\"https:\/\/exceladvisor.org\/es\/#organization\",\"name\":\"Excel Advisor\",\"url\":\"https:\/\/exceladvisor.org\/es\/\",\"logo\":{\"@type\":\"ImageObject\",\"inLanguage\":\"es\",\"@id\":\"https:\/\/exceladvisor.org\/es\/#\/schema\/logo\/image\/\",\"url\":\"https:\/\/exceladvisor.org\/es\/wp-content\/uploads\/2023\/12\/exceladvisor.org_.png\",\"contentUrl\":\"https:\/\/exceladvisor.org\/es\/wp-content\/uploads\/2023\/12\/exceladvisor.org_.png\",\"width\":105,\"height\":36,\"caption\":\"Excel Advisor\"},\"image\":{\"@id\":\"https:\/\/exceladvisor.org\/es\/#\/schema\/logo\/image\/\"}}]}<\/script>\n<!-- \/ Yoast SEO plugin. -->","yoast_head_json":{"title":"\u00bfc\u00f3mo agregar un n\u00famero de p\u00e1gina en excel?","robots":{"index":"index","follow":"follow","max-snippet":"max-snippet:-1","max-image-preview":"max-image-preview:large","max-video-preview":"max-video-preview:-1"},"canonical":"https:\/\/exceladvisor.org\/es\/agregar-un-numero-de-pagina\/","og_locale":"es_ES","og_type":"article","og_title":"\u00bfc\u00f3mo agregar un n\u00famero de p\u00e1gina en excel?","og_description":"Al igual que otras aplicaciones de Microsoft Office como Word o PowerPoint, Excel tambi\u00e9n tiene la capacidad de insertar n\u00fameros de p\u00e1gina al imprimir hojas de c\u00e1lculo de Excel. Los usuarios pueden insertar n\u00fameros de p\u00e1gina por hoja o en varias hojas a la vez en Excel y tambi\u00e9n pueden personalizarlos. Hemos mencionado algunos pasos [&hellip;]","og_url":"https:\/\/exceladvisor.org\/es\/agregar-un-numero-de-pagina\/","og_site_name":"Excel Advisor","article_modified_time":"2023-12-25T10:23:02+00:00","og_image":[{"url":"https:\/\/exceladvisor.org\/wp-content\/uploads\/2023\/08\/1-icone-de-mise-en-page.png","type":"","width":"","height":""}],"twitter_card":"summary_large_image","twitter_misc":{"Tiempo de lectura":"6 minutos"},"schema":{"@context":"https:\/\/schema.org","@graph":[{"@type":"WebPage","@id":"https:\/\/exceladvisor.org\/es\/agregar-un-numero-de-pagina\/","url":"https:\/\/exceladvisor.org\/es\/agregar-un-numero-de-pagina\/","name":"\u00bfc\u00f3mo agregar un n\u00famero de p\u00e1gina en excel?","isPartOf":{"@id":"https:\/\/exceladvisor.org\/es\/#website"},"primaryImageOfPage":{"@id":"https:\/\/exceladvisor.org\/es\/agregar-un-numero-de-pagina\/#primaryimage"},"image":{"@id":"https:\/\/exceladvisor.org\/es\/agregar-un-numero-de-pagina\/#primaryimage"},"thumbnailUrl":"https:\/\/exceladvisor.org\/wp-content\/uploads\/2023\/08\/1-icone-de-mise-en-page.png","datePublished":"2023-10-31T17:48:54+00:00","dateModified":"2023-12-25T10:23:02+00:00","breadcrumb":{"@id":"https:\/\/exceladvisor.org\/es\/agregar-un-numero-de-pagina\/#breadcrumb"},"inLanguage":"es","potentialAction":[{"@type":"ReadAction","target":["https:\/\/exceladvisor.org\/es\/agregar-un-numero-de-pagina\/"]}]},{"@type":"ImageObject","inLanguage":"es","@id":"https:\/\/exceladvisor.org\/es\/agregar-un-numero-de-pagina\/#primaryimage","url":"https:\/\/exceladvisor.org\/wp-content\/uploads\/2023\/08\/1-icone-de-mise-en-page.png","contentUrl":"https:\/\/exceladvisor.org\/wp-content\/uploads\/2023\/08\/1-icone-de-mise-en-page.png"},{"@type":"BreadcrumbList","@id":"https:\/\/exceladvisor.org\/es\/agregar-un-numero-de-pagina\/#breadcrumb","itemListElement":[{"@type":"ListItem","position":1,"name":"Hogar","item":"https:\/\/exceladvisor.org\/es\/"},{"@type":"ListItem","position":2,"name":"\u00bfc\u00f3mo agregar un n\u00famero de p\u00e1gina en excel?"}]},{"@type":"WebSite","@id":"https:\/\/exceladvisor.org\/es\/#website","url":"https:\/\/exceladvisor.org\/es\/","name":"Excel Advisor","description":"Su gu\u00eda para la dominaci\u00f3n de datos!","publisher":{"@id":"https:\/\/exceladvisor.org\/es\/#organization"},"potentialAction":[{"@type":"SearchAction","target":{"@type":"EntryPoint","urlTemplate":"https:\/\/exceladvisor.org\/es\/?s={search_term_string}"},"query-input":{"@type":"PropertyValueSpecification","valueRequired":true,"valueName":"search_term_string"}}],"inLanguage":"es"},{"@type":"Organization","@id":"https:\/\/exceladvisor.org\/es\/#organization","name":"Excel Advisor","url":"https:\/\/exceladvisor.org\/es\/","logo":{"@type":"ImageObject","inLanguage":"es","@id":"https:\/\/exceladvisor.org\/es\/#\/schema\/logo\/image\/","url":"https:\/\/exceladvisor.org\/es\/wp-content\/uploads\/2023\/12\/exceladvisor.org_.png","contentUrl":"https:\/\/exceladvisor.org\/es\/wp-content\/uploads\/2023\/12\/exceladvisor.org_.png","width":105,"height":36,"caption":"Excel Advisor"},"image":{"@id":"https:\/\/exceladvisor.org\/es\/#\/schema\/logo\/image\/"}}]}},"yoast_meta":{"yoast_wpseo_title":"","yoast_wpseo_metadesc":"","yoast_wpseo_canonical":""},"_links":{"self":[{"href":"https:\/\/exceladvisor.org\/es\/wp-json\/wp\/v2\/pages\/371","targetHints":{"allow":["GET"]}}],"collection":[{"href":"https:\/\/exceladvisor.org\/es\/wp-json\/wp\/v2\/pages"}],"about":[{"href":"https:\/\/exceladvisor.org\/es\/wp-json\/wp\/v2\/types\/page"}],"author":[{"embeddable":true,"href":"https:\/\/exceladvisor.org\/es\/wp-json\/wp\/v2\/users\/1"}],"replies":[{"embeddable":true,"href":"https:\/\/exceladvisor.org\/es\/wp-json\/wp\/v2\/comments?post=371"}],"version-history":[{"count":1,"href":"https:\/\/exceladvisor.org\/es\/wp-json\/wp\/v2\/pages\/371\/revisions"}],"predecessor-version":[{"id":811,"href":"https:\/\/exceladvisor.org\/es\/wp-json\/wp\/v2\/pages\/371\/revisions\/811"}],"wp:attachment":[{"href":"https:\/\/exceladvisor.org\/es\/wp-json\/wp\/v2\/media?parent=371"}],"curies":[{"name":"wp","href":"https:\/\/api.w.org\/{rel}","templated":true}]}}