{"id":372,"date":"2023-10-31T17:10:51","date_gmt":"2023-10-31T17:10:51","guid":{"rendered":"https:\/\/exceladvisor.org\/es\/final-de-mes\/"},"modified":"2023-12-25T10:26:23","modified_gmt":"2023-12-25T10:26:23","slug":"final-de-mes","status":"publish","type":"page","link":"https:\/\/exceladvisor.org\/es\/final-de-mes\/","title":{"rendered":"\u00bfc\u00f3mo obtener la fecha de fin de mes en excel?"},"content":{"rendered":"<div class=\"excel-antes-del-contenido\" id=\"excel-3177336556\"><script type=\"text\/javascript\">\r\n\tatOptions = {\r\n\t\t'key' : 'c1158f160081d6540a8409e6925dab94',\r\n\t\t'format' : 'iframe',\r\n\t\t'height' : 250,\r\n\t\t'width' : 300,\r\n\t\t'params' : {}\r\n\t};\r\n<\/script>\r\n<script type=\"text\/javascript\" src=\"\/\/www.highperformanceformat.com\/c1158f160081d6540a8409e6925dab94\/invoke.js\"><\/script><\/div><p>A veces necesitamos obtener una fecha de fin de mes para usarla como fecha de finalizaci\u00f3n, fecha de vencimiento, fecha objetivo o, a veces, la necesitamos para calcular los d\u00edas entre dos fechas.<\/p>\n<p> Sin ning\u00fan esfuerzo podemos agregarlo f\u00e1cilmente de forma manual, pero algunas f\u00f3rmulas <span style=\"font-size: revert;\">pueden ayudarnos a calcularlo.<\/span><\/p>\n<p> La mejor forma de calcular la \u00faltima fecha del mes es utilizar la funci\u00f3n EOMES. Pero aparte de eso, tambi\u00e9n puedes utilizar otros m\u00e9todos (VBA).<\/p>\n<p> La ventaja de utilizar una f\u00f3rmula u otro m\u00e9todo din\u00e1mico es que no es necesario calcularlo una y otra vez. Hoy, en este art\u00edculo, me gustar\u00eda compartir con ustedes 3 formas sencillas y din\u00e1micas de obtener la fecha de fin de mes en Excel.<\/p>\n<p> Entonces, comencemos y descargue este mismo archivo desde aqu\u00ed para seguirlo.<\/p>\n<h2 id=\"tab-con-1\" class=\"wp-block-heading\"> Obtenga el \u00faltimo d\u00eda del mes usando la funci\u00f3n EOMONTH<\/h2>\n<p> EOMONTH es mi funci\u00f3n favorita para calcular el \u00faltimo d\u00eda de un mes. Esta funci\u00f3n est\u00e1 dise\u00f1ada espec\u00edficamente para este tipo de c\u00e1lculos.<\/p>\n<p> Todo lo que tiene que hacer es simplemente especificar una fecha actual y la cantidad de meses que desea calcular la \u00faltima fecha antes y despu\u00e9s de la fecha de inicio. Aqu\u00ed est\u00e1 la sintaxis:<\/p>\n<p class=\"formula\"> EOMES(fecha_inicio, mes)<\/p>\n<p> En esta sintaxis, la fecha de inicio ser\u00e1 la fecha actual y los meses ser\u00e1n un n\u00famero que representa la cantidad de meses hacia adelante o hacia atr\u00e1s.<\/p>\n<h2 id=\"tab-con-2\" class=\"wp-block-heading\"> Fecha de finalizaci\u00f3n del mismo mes.<\/h2>\n<p> Digamos que tiene la fecha \u00ab06-Feb-2017\u00bb y desea obtener el \u00faltimo d\u00eda de \u00abFeb\u00bb. En este caso, las f\u00f3rmulas que debes utilizar son: <\/p>\n<pre class=\"wp-block-code\"> <code class=\"language-excel-formula\" lang=\"excel-formula\">=EOMONTH(\"22-Feb-2017\",0)<\/code><\/pre>\n<div class=\"wp-block-image\">\n<figure class=\"aligncenter\"><img decoding=\"async\" src=\"https:\/\/exceladvisor.org\/wp-content\/uploads\/2023\/08\/obtenir-le-dernier-jour-dun-mois-en-cours-en-utilisant-eomonth-min-1.png\" sizes=\"\" srcset=\"\" alt=\"obtener el final del d\u00eda del mes actual usando eomonth\"><\/figure>\n<\/div>\n<p> En el ejemplo anterior, al usar EOMONTH, se devolvi\u00f3 28 de febrero de 2017, que es la \u00faltima fecha de febrero.<\/p>\n<p> <strong>C\u00f3mo funciona<\/strong> : aqu\u00ed has utilizado \u00ab0\u00bb como argumento num\u00e9rico porque la fecha de inicio que utilizaste es febrero y no tendr\u00e1s el \u00faltimo d\u00eda del mismo mes. Cuando use \u00ab0\u00bb, simplemente devolver\u00e1 la \u00faltima fecha del mismo mes para el que tiene la fecha de inicio.<\/p>\n<p> Para crear una f\u00f3rmula din\u00e1mica, puede utilizar la funci\u00f3n HOY en el argumento <code>start_date<\/code> .<\/p>\n<h2 id=\"tab-con-3\" class=\"wp-block-heading\"> Fecha de finalizaci\u00f3n del mes futuro<\/h2>\n<p> Ahora digamos que a partir de la misma fecha desea obtener el \u00faltimo d\u00eda de \u00ababril\u00bb. En este caso, las f\u00f3rmulas que debes utilizar son: <\/p>\n<pre class=\"wp-block-code\"> <code class=\"language-excel-formula\" lang=\"excel-formula\">=EOMONTH(\"22-Feb-2017\",2)<\/code><\/pre>\n<div class=\"wp-block-image\">\n<figure class=\"aligncenter\"><img decoding=\"async\" src=\"https:\/\/exceladvisor.org\/wp-content\/uploads\/2023\/08\/obtenir-le-dernier-jour-du-mois-futur-en-utilisant-eomonth-min-1.png\" sizes=\"\" srcset=\"\" alt=\"obtener la fecha de fin de mes para el mes futuro usando eomonth\"><\/figure>\n<\/div>\n<p> En el ejemplo anterior, la f\u00f3rmula devolvi\u00f3 el 30 de abril de 2017, que es la \u00faltima fecha de abril.<\/p>\n<h3 class=\"wp-block-heading\"> C\u00f3mo funciona<\/h3>\n<p> Aqu\u00ed ha utilizado &#8216;2&#8217; como argumento num\u00e9rico y la fecha de inicio que ha utilizado es febrero. Ahora bien, si nos fijamos, abril es exactamente 2 meses despu\u00e9s de febrero, por eso volvi\u00f3 el 30 de abril de 2017.<\/p>\n<h2 id=\"tab-con-4\" class=\"wp-block-heading\"> Fecha de finalizaci\u00f3n del mes anterior<\/h2>\n<p> Y, si desea obtener la \u00faltima fecha de un mes anterior, puede utilizar un n\u00famero negativo para ello. Digamos que quieres el \u00faltimo d\u00eda de enero. Entonces la f\u00f3rmula que debes usar: <\/p>\n<pre class=\"wp-block-code\"> <code class=\"language-excel-formula\" lang=\"excel-formula\">=EOMONTH(\"22-Feb-2017\",-1)<\/code><\/pre>\n<div class=\"wp-block-image\">\n<figure class=\"aligncenter size-full\"><img loading=\"lazy\" decoding=\"async\" class=\"wp-image-11929\" src=\"https:\/\/exceladvisor.org\/wp-content\/uploads\/2023\/08\/obtenir-le-dernier-jour-du-mois-precedent-en-utilisant-eomonth-min-1.png\" sizes=\"auto, \" srcset=\"\" alt=\"obtener la fecha de fin de mes del mes anterior usando eomonth\" width=\"524\" height=\"143\"><\/figure>\n<\/div>\n<p> En el ejemplo anterior, la f\u00f3rmula devolvi\u00f3 el 31 de enero de 2017, que es la \u00faltima fecha de enero.<\/p>\n<p> <strong>C\u00f3mo funciona:<\/strong> Aqu\u00ed usaste \u00ab-1\u00bb para el argumento num\u00e9rico y enero es exactamente 1 mes antes que febrero.<\/p>\n<h2 id=\"tab-con-5\" class=\"wp-block-heading\"> Funci\u00f3n FECHA para obtener la \u00faltima fecha del mes.<\/h2>\n<p> La funci\u00f3n FECHA es otro m\u00e9todo para obtener el \u00faltimo d\u00eda en Excel. La funci\u00f3n de fecha le ayuda a crear una fecha v\u00e1lida de Excel especificando el a\u00f1o, mes y d\u00eda. Aqu\u00ed est\u00e1 la sintaxis:<\/p>\n<p> FECHA(a\u00f1o,mes,d\u00eda)<\/p>\n<p> Como mencion\u00e9, en la funci\u00f3n de fecha debes ingresar el a\u00f1o, mes y d\u00eda, y te devuelve una fecha v\u00e1lida basada en eso. Ahora, hay un peque\u00f1o truco que puedes hacer con el argumento de hoy. <\/p>\n<div class=\"su-note\" style=\"border-color: #bdc7a7; border-radius: 3px; -moz-border-radius: 3px; -webkit-border-radius: 3px;\">\n<div class=\"su-note-inner su-u-clearfix su-u-trim\" style=\"background-color: #d7e1c1; border-color: #ffffff; color: #3a3a3a; border-radius: 3px; -moz-border-radius: 3px; -webkit-border-radius: 3px;\"> <strong>Un peque\u00f1o consejo:<\/strong> si usas 0 como d\u00eda, se devolver\u00e1 la \u00faltima fecha del mes anterior. Por ejemplo, si especifica A\u00f1o: 2017, Mes: 4 (es decir, mayo) y D\u00eda: 0, el resultado ser\u00e1 30 de abril de 2017.<\/div>\n<\/div>\n<p> Y, si quieres calcular el \u00faltimo d\u00eda del mes actual, la f\u00f3rmula ser\u00e1: <\/p>\n<div class=\"wp-block-image\">\n<figure class=\"aligncenter\"><img decoding=\"async\" src=\"https:\/\/exceladvisor.org\/wp-content\/uploads\/2023\/08\/obtenir-le-dernier-jour-du-mois-en-utilisant-la-date-min-1.png\" sizes=\"\" srcset=\"\" alt=\"obtener la fecha de fin de mes usando la funci\u00f3n de fecha\"><\/figure>\n<\/div>\n<pre class=\"wp-block-code\"> <code class=\"language-excel-formula\" lang=\"excel-formula\">=DATE(CurrentYear,CurrentMonth + 1,0)<\/code><\/pre>\n<p> O, si solo tienes una fecha a la que referirte, la f\u00f3rmula ser\u00e1:<\/p>\n<pre class=\"wp-block-code\"> <code class=\"language-excel-formula\" lang=\"excel-formula\">=DATE(YEAR(date),MONTH(date)+1,0)<\/code><\/pre>\n<h2 id=\"tab-con-6\" class=\"wp-block-heading\"> Consigue el \u00faltimo d\u00eda con una UDF<\/h2>\n<p> Un gran ejemplo de VBA. Este es un c\u00f3digo de macro para usar una <a href=\"https:\/\/exceladvisor.org\/es\/funcion-definida-por-el-usuario-2\/\">UDF de VBA<\/a> para obtener el \u00faltimo d\u00eda del mes. Simplemente c\u00f3pielo en su editor VBA. <\/p>\n<pre class=\"wp-block-code\"> <code class=\"language-Visual Basic\" lang=\"Visual Basic\">Function LastD(Optional sd As Date = 0) As Date If sd = 0 Then sd = VBA.DateLastD = VBA.DateSerial(VBA.Year(sd), VBA.Month(sd) + 1, 0) End Function<\/code><\/pre>\n<div class=\"wp-block-image\">\n<figure class=\"aligncenter\"><img decoding=\"async\" src=\"https:\/\/exceladvisor.org\/wp-content\/uploads\/2023\/08\/obtenir-le-dernier-jour-dun-mois-en-utilisant-vba-min-1.png\" sizes=\"\" srcset=\"\" alt=\"obtener la fecha de fin de mes usando vba\"><\/figure>\n<\/div>\n<p> En su hoja de c\u00e1lculo, escriba \u201c=LastD(\u201d e inserte la fecha del mes o la referencia a una celda. Y, si desea el \u00faltimo d\u00eda del mes actual, simplemente d\u00e9jelo en blanco usando par\u00e9ntesis.<\/p>\n<h2 class=\"wp-block-heading\"> Conclusi\u00f3n<\/h2>\n<p> Como dije, el \u00faltimo d\u00eda del mes puede resultarle \u00fatil a la hora de calcular las fechas previstas, las fechas de vencimiento o las fechas de finalizaci\u00f3n. Y ahora tenemos tres formas diferentes de conseguirlo.<\/p>\n<p> Si usas EOMONTH es muy f\u00e1cil crear una f\u00f3rmula din\u00e1mica que pueda ayudarte a fechar meses pasados o futuros y creo que esta es la mejor manera de hacerlo.<\/p>\n<p> Espero que te haya resultado \u00fatil y que te ayude a llevar tus habilidades al siguiente nivel.<\/p>\n<p> Ahora dime una cosa. \u00bfCu\u00e1l es tu m\u00e9todo favorito sobre todo? \u00bfO tienes un m\u00e9todo diferente? Por favor comp\u00e1rtelo conmigo en el cuadro de comentarios, me encantar\u00eda saber de ti. Y no olvides compartirlo con tus amigos.<\/p>\n<div class=\"gb-container gb-container-0df56012 gb-container-mt\"> <a class=\"gb-button gb-button-f9f432f4 gb-button-text gb-button-mt-button\" href=\"https:\/\/exceladvisor.org\/es\/formulas\/\">Lista de f\u00f3rmulas de Excel<\/a><\/p>\n<h2 class=\"gb-headline gb-headline-233444e8 gb-headline-text gb-headline-mt-heading\"> F\u00f3rmulas relacionadas <\/h2>\n<div class=\"gb-grid-wrapper gb-grid-wrapper-a16fa65c gb-grid-wrapper-mt-grid\">\n<div class=\"gb-grid-column gb-grid-column-50d07e0d\">\n<div class=\"gb-container gb-container-50d07e0d\">\n<ul>\n<li> <a href=\"https:\/\/exceladvisor.org\/es\/agregar-un-mes-a-una-fecha-2\/\">Agregar un mes a una fecha en Excel<\/a><\/li>\n<li> <a href=\"https:\/\/exceladvisor.org\/es\/primer-dia-del-mes-2\/\">Obtener el primer d\u00eda del mes en Excel (inicio de mes)<\/a><\/li>\n<li> <a href=\"https:\/\/exceladvisor.org\/es\/nombre-del-mes\/\">Obtener mes a partir de una fecha en Excel (extracto)<\/a><\/li>\n<li> <a href=\"https:\/\/exceladvisor.org\/es\/cuarto\/\">Obtener un trimestre a partir de una fecha [Fiscal + Calendario] en Excel<\/a> <\/li>\n<\/ul>\n<\/div>\n<\/div>\n<div class=\"gb-grid-column gb-grid-column-5b4a0cf9\">\n<div class=\"gb-container gb-container-5b4a0cf9\">\n<ul>\n<li> <a href=\"https:\/\/exceladvisor.org\/es\/mes-entre-dos-fechas\/\">N\u00famero de meses entre dos fechas en Excel<\/a><\/li>\n<li> <a href=\"https:\/\/exceladvisor.org\/es\/nombre-del-mes-en-el-numero-2\/\">Convertir el nombre del mes a n\u00famero<\/a><\/li>\n<li> <a href=\"https:\/\/exceladvisor.org\/es\/fecha-en-mes-ano\/\">Convertir una fecha a mes y a\u00f1o<\/a><\/li>\n<\/ul>\n<\/div>\n<\/div>\n<\/div>\n<\/div>\n","protected":false},"excerpt":{"rendered":"<p>A veces necesitamos obtener una fecha de fin de mes para usarla como fecha de finalizaci\u00f3n, fecha de vencimiento, fecha objetivo o, a veces, la necesitamos para calcular los d\u00edas entre dos fechas. Sin ning\u00fan esfuerzo podemos agregarlo f\u00e1cilmente de forma manual, pero algunas f\u00f3rmulas pueden ayudarnos a calcularlo. La mejor forma de calcular la [&hellip;]<\/p>\n","protected":false},"author":1,"featured_media":0,"parent":0,"menu_order":0,"comment_status":"open","ping_status":"closed","template":"","meta":{"ub_ctt_via":"","footnotes":""},"class_list":["post-372","page","type-page","status-publish","hentry"],"featured_image_src":null,"yoast_head":"<!-- This site is optimized with the Yoast SEO plugin v25.4 - https:\/\/yoast.com\/wordpress\/plugins\/seo\/ -->\n<title>\u00bfc\u00f3mo obtener la fecha de fin de mes en excel?<\/title>\n<meta name=\"robots\" content=\"index, follow, max-snippet:-1, max-image-preview:large, max-video-preview:-1\" \/>\n<link rel=\"canonical\" href=\"https:\/\/exceladvisor.org\/es\/final-de-mes\/\" \/>\n<meta property=\"og:locale\" content=\"es_ES\" \/>\n<meta property=\"og:type\" content=\"article\" \/>\n<meta property=\"og:title\" content=\"\u00bfc\u00f3mo obtener la fecha de fin de mes en excel?\" \/>\n<meta property=\"og:description\" content=\"A veces necesitamos obtener una fecha de fin de mes para usarla como fecha de finalizaci\u00f3n, fecha de vencimiento, fecha objetivo o, a veces, la necesitamos para calcular los d\u00edas entre dos fechas. Sin ning\u00fan esfuerzo podemos agregarlo f\u00e1cilmente de forma manual, pero algunas f\u00f3rmulas pueden ayudarnos a calcularlo. La mejor forma de calcular la [&hellip;]\" \/>\n<meta property=\"og:url\" content=\"https:\/\/exceladvisor.org\/es\/final-de-mes\/\" \/>\n<meta property=\"og:site_name\" content=\"Excel Advisor\" \/>\n<meta property=\"article:modified_time\" content=\"2023-12-25T10:26:23+00:00\" \/>\n<meta property=\"og:image\" content=\"https:\/\/exceladvisor.org\/wp-content\/uploads\/2023\/08\/obtenir-le-dernier-jour-dun-mois-en-cours-en-utilisant-eomonth-min-1.png\" \/>\n<meta name=\"twitter:card\" content=\"summary_large_image\" \/>\n<meta name=\"twitter:label1\" content=\"Tiempo de lectura\" \/>\n\t<meta name=\"twitter:data1\" content=\"5 minutos\" \/>\n<script type=\"application\/ld+json\" class=\"yoast-schema-graph\">{\"@context\":\"https:\/\/schema.org\",\"@graph\":[{\"@type\":\"WebPage\",\"@id\":\"https:\/\/exceladvisor.org\/es\/final-de-mes\/\",\"url\":\"https:\/\/exceladvisor.org\/es\/final-de-mes\/\",\"name\":\"\u00bfc\u00f3mo obtener la fecha de fin de mes en excel?\",\"isPartOf\":{\"@id\":\"https:\/\/exceladvisor.org\/es\/#website\"},\"primaryImageOfPage\":{\"@id\":\"https:\/\/exceladvisor.org\/es\/final-de-mes\/#primaryimage\"},\"image\":{\"@id\":\"https:\/\/exceladvisor.org\/es\/final-de-mes\/#primaryimage\"},\"thumbnailUrl\":\"https:\/\/exceladvisor.org\/wp-content\/uploads\/2023\/08\/obtenir-le-dernier-jour-dun-mois-en-cours-en-utilisant-eomonth-min-1.png\",\"datePublished\":\"2023-10-31T17:10:51+00:00\",\"dateModified\":\"2023-12-25T10:26:23+00:00\",\"breadcrumb\":{\"@id\":\"https:\/\/exceladvisor.org\/es\/final-de-mes\/#breadcrumb\"},\"inLanguage\":\"es\",\"potentialAction\":[{\"@type\":\"ReadAction\",\"target\":[\"https:\/\/exceladvisor.org\/es\/final-de-mes\/\"]}]},{\"@type\":\"ImageObject\",\"inLanguage\":\"es\",\"@id\":\"https:\/\/exceladvisor.org\/es\/final-de-mes\/#primaryimage\",\"url\":\"https:\/\/exceladvisor.org\/wp-content\/uploads\/2023\/08\/obtenir-le-dernier-jour-dun-mois-en-cours-en-utilisant-eomonth-min-1.png\",\"contentUrl\":\"https:\/\/exceladvisor.org\/wp-content\/uploads\/2023\/08\/obtenir-le-dernier-jour-dun-mois-en-cours-en-utilisant-eomonth-min-1.png\"},{\"@type\":\"BreadcrumbList\",\"@id\":\"https:\/\/exceladvisor.org\/es\/final-de-mes\/#breadcrumb\",\"itemListElement\":[{\"@type\":\"ListItem\",\"position\":1,\"name\":\"Hogar\",\"item\":\"https:\/\/exceladvisor.org\/es\/\"},{\"@type\":\"ListItem\",\"position\":2,\"name\":\"\u00bfc\u00f3mo obtener la fecha de fin de mes en excel?\"}]},{\"@type\":\"WebSite\",\"@id\":\"https:\/\/exceladvisor.org\/es\/#website\",\"url\":\"https:\/\/exceladvisor.org\/es\/\",\"name\":\"Excel Advisor\",\"description\":\"Su gu\u00eda para la dominaci\u00f3n de datos!\",\"publisher\":{\"@id\":\"https:\/\/exceladvisor.org\/es\/#organization\"},\"potentialAction\":[{\"@type\":\"SearchAction\",\"target\":{\"@type\":\"EntryPoint\",\"urlTemplate\":\"https:\/\/exceladvisor.org\/es\/?s={search_term_string}\"},\"query-input\":{\"@type\":\"PropertyValueSpecification\",\"valueRequired\":true,\"valueName\":\"search_term_string\"}}],\"inLanguage\":\"es\"},{\"@type\":\"Organization\",\"@id\":\"https:\/\/exceladvisor.org\/es\/#organization\",\"name\":\"Excel Advisor\",\"url\":\"https:\/\/exceladvisor.org\/es\/\",\"logo\":{\"@type\":\"ImageObject\",\"inLanguage\":\"es\",\"@id\":\"https:\/\/exceladvisor.org\/es\/#\/schema\/logo\/image\/\",\"url\":\"https:\/\/exceladvisor.org\/es\/wp-content\/uploads\/2023\/12\/exceladvisor.org_.png\",\"contentUrl\":\"https:\/\/exceladvisor.org\/es\/wp-content\/uploads\/2023\/12\/exceladvisor.org_.png\",\"width\":105,\"height\":36,\"caption\":\"Excel Advisor\"},\"image\":{\"@id\":\"https:\/\/exceladvisor.org\/es\/#\/schema\/logo\/image\/\"}}]}<\/script>\n<!-- \/ Yoast SEO plugin. -->","yoast_head_json":{"title":"\u00bfc\u00f3mo obtener la fecha de fin de mes en excel?","robots":{"index":"index","follow":"follow","max-snippet":"max-snippet:-1","max-image-preview":"max-image-preview:large","max-video-preview":"max-video-preview:-1"},"canonical":"https:\/\/exceladvisor.org\/es\/final-de-mes\/","og_locale":"es_ES","og_type":"article","og_title":"\u00bfc\u00f3mo obtener la fecha de fin de mes en excel?","og_description":"A veces necesitamos obtener una fecha de fin de mes para usarla como fecha de finalizaci\u00f3n, fecha de vencimiento, fecha objetivo o, a veces, la necesitamos para calcular los d\u00edas entre dos fechas. Sin ning\u00fan esfuerzo podemos agregarlo f\u00e1cilmente de forma manual, pero algunas f\u00f3rmulas pueden ayudarnos a calcularlo. La mejor forma de calcular la [&hellip;]","og_url":"https:\/\/exceladvisor.org\/es\/final-de-mes\/","og_site_name":"Excel Advisor","article_modified_time":"2023-12-25T10:26:23+00:00","og_image":[{"url":"https:\/\/exceladvisor.org\/wp-content\/uploads\/2023\/08\/obtenir-le-dernier-jour-dun-mois-en-cours-en-utilisant-eomonth-min-1.png","type":"","width":"","height":""}],"twitter_card":"summary_large_image","twitter_misc":{"Tiempo de lectura":"5 minutos"},"schema":{"@context":"https:\/\/schema.org","@graph":[{"@type":"WebPage","@id":"https:\/\/exceladvisor.org\/es\/final-de-mes\/","url":"https:\/\/exceladvisor.org\/es\/final-de-mes\/","name":"\u00bfc\u00f3mo obtener la fecha de fin de mes en excel?","isPartOf":{"@id":"https:\/\/exceladvisor.org\/es\/#website"},"primaryImageOfPage":{"@id":"https:\/\/exceladvisor.org\/es\/final-de-mes\/#primaryimage"},"image":{"@id":"https:\/\/exceladvisor.org\/es\/final-de-mes\/#primaryimage"},"thumbnailUrl":"https:\/\/exceladvisor.org\/wp-content\/uploads\/2023\/08\/obtenir-le-dernier-jour-dun-mois-en-cours-en-utilisant-eomonth-min-1.png","datePublished":"2023-10-31T17:10:51+00:00","dateModified":"2023-12-25T10:26:23+00:00","breadcrumb":{"@id":"https:\/\/exceladvisor.org\/es\/final-de-mes\/#breadcrumb"},"inLanguage":"es","potentialAction":[{"@type":"ReadAction","target":["https:\/\/exceladvisor.org\/es\/final-de-mes\/"]}]},{"@type":"ImageObject","inLanguage":"es","@id":"https:\/\/exceladvisor.org\/es\/final-de-mes\/#primaryimage","url":"https:\/\/exceladvisor.org\/wp-content\/uploads\/2023\/08\/obtenir-le-dernier-jour-dun-mois-en-cours-en-utilisant-eomonth-min-1.png","contentUrl":"https:\/\/exceladvisor.org\/wp-content\/uploads\/2023\/08\/obtenir-le-dernier-jour-dun-mois-en-cours-en-utilisant-eomonth-min-1.png"},{"@type":"BreadcrumbList","@id":"https:\/\/exceladvisor.org\/es\/final-de-mes\/#breadcrumb","itemListElement":[{"@type":"ListItem","position":1,"name":"Hogar","item":"https:\/\/exceladvisor.org\/es\/"},{"@type":"ListItem","position":2,"name":"\u00bfc\u00f3mo obtener la fecha de fin de mes en excel?"}]},{"@type":"WebSite","@id":"https:\/\/exceladvisor.org\/es\/#website","url":"https:\/\/exceladvisor.org\/es\/","name":"Excel Advisor","description":"Su gu\u00eda para la dominaci\u00f3n de datos!","publisher":{"@id":"https:\/\/exceladvisor.org\/es\/#organization"},"potentialAction":[{"@type":"SearchAction","target":{"@type":"EntryPoint","urlTemplate":"https:\/\/exceladvisor.org\/es\/?s={search_term_string}"},"query-input":{"@type":"PropertyValueSpecification","valueRequired":true,"valueName":"search_term_string"}}],"inLanguage":"es"},{"@type":"Organization","@id":"https:\/\/exceladvisor.org\/es\/#organization","name":"Excel Advisor","url":"https:\/\/exceladvisor.org\/es\/","logo":{"@type":"ImageObject","inLanguage":"es","@id":"https:\/\/exceladvisor.org\/es\/#\/schema\/logo\/image\/","url":"https:\/\/exceladvisor.org\/es\/wp-content\/uploads\/2023\/12\/exceladvisor.org_.png","contentUrl":"https:\/\/exceladvisor.org\/es\/wp-content\/uploads\/2023\/12\/exceladvisor.org_.png","width":105,"height":36,"caption":"Excel Advisor"},"image":{"@id":"https:\/\/exceladvisor.org\/es\/#\/schema\/logo\/image\/"}}]}},"yoast_meta":{"yoast_wpseo_title":"","yoast_wpseo_metadesc":"","yoast_wpseo_canonical":""},"_links":{"self":[{"href":"https:\/\/exceladvisor.org\/es\/wp-json\/wp\/v2\/pages\/372","targetHints":{"allow":["GET"]}}],"collection":[{"href":"https:\/\/exceladvisor.org\/es\/wp-json\/wp\/v2\/pages"}],"about":[{"href":"https:\/\/exceladvisor.org\/es\/wp-json\/wp\/v2\/types\/page"}],"author":[{"embeddable":true,"href":"https:\/\/exceladvisor.org\/es\/wp-json\/wp\/v2\/users\/1"}],"replies":[{"embeddable":true,"href":"https:\/\/exceladvisor.org\/es\/wp-json\/wp\/v2\/comments?post=372"}],"version-history":[{"count":1,"href":"https:\/\/exceladvisor.org\/es\/wp-json\/wp\/v2\/pages\/372\/revisions"}],"predecessor-version":[{"id":1137,"href":"https:\/\/exceladvisor.org\/es\/wp-json\/wp\/v2\/pages\/372\/revisions\/1137"}],"wp:attachment":[{"href":"https:\/\/exceladvisor.org\/es\/wp-json\/wp\/v2\/media?parent=372"}],"curies":[{"name":"wp","href":"https:\/\/api.w.org\/{rel}","templated":true}]}}