{"id":373,"date":"2023-10-31T16:41:03","date_gmt":"2023-10-31T16:41:03","guid":{"rendered":"https:\/\/exceladvisor.org\/es\/formato-del-numero-de-contabilidad\/"},"modified":"2023-12-25T10:24:31","modified_gmt":"2023-12-25T10:24:31","slug":"formato-del-numero-de-contabilidad","status":"publish","type":"page","link":"https:\/\/exceladvisor.org\/es\/formato-del-numero-de-contabilidad\/","title":{"rendered":"\u00bfc\u00f3mo configurar el formato del n\u00famero de contabilidad en excel?"},"content":{"rendered":"<div class=\"excel-antes-del-contenido\" id=\"excel-4161803844\"><script type=\"text\/javascript\">\r\n\tatOptions = {\r\n\t\t'key' : 'c1158f160081d6540a8409e6925dab94',\r\n\t\t'format' : 'iframe',\r\n\t\t'height' : 250,\r\n\t\t'width' : 300,\r\n\t\t'params' : {}\r\n\t};\r\n<\/script>\r\n<script type=\"text\/javascript\" src=\"\/\/www.highperformanceformat.com\/c1158f160081d6540a8409e6925dab94\/invoke.js\"><\/script><\/div><p>Microsoft Excel se usa ampliamente con fines comerciales y contables y cuando los usuarios usan Excel con fines contables, sus conjuntos de datos generalmente tienen un conjunto de n\u00fameros.<\/p>\n<p> Y es posible que deseen convertir n\u00fameros del formato num\u00e9rico est\u00e1ndar al formato de n\u00famero contable para que el conjunto de datos sea m\u00e1s claro y m\u00e1s adecuado para la contabilidad.<\/p>\n<p> El formato de n\u00famero contable convierte el formato de n\u00famero general agregando el s\u00edmbolo de moneda en el extremo izquierdo de la celda, separadores de miles y dos lugares decimales (0,00) al final de cada n\u00famero.<\/p>\n<p> El formato del n\u00famero de contabilidad tambi\u00e9n muestra el valor cero (0) como un gui\u00f3n \u201c-\u201c. <\/p>\n<div class=\"wp-block-image\">\n<figure class=\"aligncenter size-full is-resized\"><img loading=\"lazy\" decoding=\"async\" class=\"wp-image-65916\" src=\"https:\/\/exceladvisor.org\/wp-content\/uploads\/2023\/08\/1-comptabilite-vs-format-numerique-general-2.png\" sizes=\"auto, \" srcset=\"\" alt=\"formato-num\u00e9rico-contable-vs-general\" width=\"585\" height=\"130\"><\/figure>\n<\/div>\n<p> A continuaci\u00f3n, proporcionamos algunos pasos r\u00e1pidos y sencillos para aplicar el formato de n\u00famero contable en Excel.<\/p>\n<h2 class=\"wp-block-heading\"> Aplique el formato del n\u00famero de contabilidad usando el bot\u00f3n Formato del n\u00famero de contabilidad<\/h2>\n<ol>\n<li> Primero, seleccione las celdas o el rango con los n\u00fameros que desea formatear.<\/li>\n<li> Despu\u00e9s de eso, vaya a la pesta\u00f1a \u00abInicio\u00bb y luego haga clic en el bot\u00f3n \u00abFormato de n\u00famero de cuenta\u00bb.<\/li>\n<li> Ahora haga clic en el formato de contabilidad con s\u00edmbolo de moneda de la lista desplegable que desea agregar. <br \/><img loading=\"lazy\" decoding=\"async\" title=\"2-botones-formato-numero-de-contabilidad-1\" src=\"https:\/\/exceladvisor.org\/wp-content\/uploads\/2023\/08\/2-bouton-de-format-de-numero-comptable-2.png\" sizes=\"auto, \" srcset=\"\" alt=\"accounting-number-format-button\" width=\"770\" height=\"297\"><\/li>\n<li> En este punto, las celdas o el rango seleccionado se cambian a \u00abFormato de n\u00famero de cuenta\u00bb agregando un s\u00edmbolo de moneda, separadores de miles de n\u00fameros y dos decimales a los valores num\u00e9ricos. <br \/><img loading=\"lazy\" decoding=\"async\" title=\"Formato de 3 valores en n\u00famero de contabilidad 1\" src=\"https:\/\/exceladvisor.org\/wp-content\/uploads\/2023\/08\/3-valeurs-au-format-numero-comptable-2.png\" sizes=\"auto, \" srcset=\"\" alt=\"\" width=\"201\" height=\"273\"><\/li>\n<li> Para aumentar o disminuir los valores decimales de los n\u00fameros, puede utilizar los \u00edconos de aumento y disminuci\u00f3n de decimales debajo del grupo \u00abN\u00famero\u00bb en la cinta. <br \/><img loading=\"lazy\" decoding=\"async\" title=\"4-aumentar-disminuir-valores-decimales-1\" src=\"https:\/\/exceladvisor.org\/wp-content\/uploads\/2023\/08\/4-augmenter-diminuer-les-valeurs-decimales-2.png\" sizes=\"auto, \" srcset=\"\" alt=\"increase-decrease-decimal-values\" width=\"305\" height=\"114\"><\/li>\n<\/ol>\n<h2 class=\"wp-block-heading\"> Aplicar formato de n\u00famero de contabilidad usando la lista desplegable de grupos de n\u00fameros<\/h2>\n<ol>\n<li> Primero, seleccione las celdas o el rango con los n\u00fameros que desea formatear.<\/li>\n<li> Despu\u00e9s de eso, vaya a la pesta\u00f1a \u00abInicio\u00bb, luego haga clic en la flecha desplegable debajo del grupo \u00abN\u00famero\u00bb en la cinta. <br \/><img loading=\"lazy\" decoding=\"async\" title=\"Lista desplegable de 5 n\u00fameros contables 1\" src=\"https:\/\/exceladvisor.org\/wp-content\/uploads\/2023\/08\/5-numero-de-comptabilite-deroulant-2.png\" sizes=\"auto, \" srcset=\"\" alt=\"accounting-number-drop-down\" width=\"771\" height=\"121\"><\/li>\n<li> Ahora, haga clic en la opci\u00f3n \u00abContabilidad\u00bb de la lista desplegable. <br \/><img loading=\"lazy\" decoding=\"async\" title=\"6-seleccione-opci\u00f3n-contable-1\" src=\"https:\/\/exceladvisor.org\/wp-content\/uploads\/2023\/08\/6-selectionnez-loption-comptable-2.png\" sizes=\"auto, \" srcset=\"\" alt=\"select-accounting-option\" width=\"563\" height=\"444\"><\/li>\n<li> En este punto, las celdas o el rango seleccionado se cambian a \u00abFormato de n\u00famero de cuenta\u00bb agregando un s\u00edmbolo de moneda, separadores de miles de n\u00fameros y dos decimales a los valores num\u00e9ricos. <br \/><img loading=\"lazy\" decoding=\"async\" title=\"Formato de 7 valores convertidos al n\u00famero de cuenta 1\" src=\"https:\/\/exceladvisor.org\/wp-content\/uploads\/2023\/08\/7-valeurs-converties-au-format-de-numero-comptable-2.png\" sizes=\"auto, \" srcset=\"\" alt=\"values-converted-in-accounting-number-format\" width=\"203\" height=\"276\"><\/li>\n<\/ol>\n<p class=\"content-box-green\"> Como vio en este m\u00e9todo, no tenemos la posibilidad de seleccionar el formato de contabilidad con la elecci\u00f3n de s\u00edmbolos de moneda.<\/p>\n<p class=\"content-box-green\"> Por lo tanto, es posible que el formato del n\u00famero de cuenta que utiliza esta opci\u00f3n desplegable muestre el s\u00edmbolo de moneda de su pa\u00eds, que podr\u00eda ser la moneda predeterminada de su sistema.<\/p>\n<h2 class=\"wp-block-heading\"> Aplicar formato de n\u00famero de contabilidad usando la opci\u00f3n Formato de celdas<\/h2>\n<p> Con este m\u00e9todo de formato de n\u00famero de contabilidad, los usuarios pueden cambiar el s\u00edmbolo de moneda predeterminado de su sistema y seleccionar el s\u00edmbolo de moneda entre varios s\u00edmbolos de moneda seg\u00fan las monedas de diferentes pa\u00edses.<\/p>\n<ol>\n<li> Primero, seleccione las celdas o el rango con los n\u00fameros que desea formatear, luego haga clic derecho en su selecci\u00f3n.<\/li>\n<li> Despu\u00e9s de eso, seleccione la opci\u00f3n \u00abFormato de celdas\u00bb en el men\u00fa desplegable y se abrir\u00e1 el cuadro de di\u00e1logo \u00abFormato de celdas\u00bb. <br \/><img loading=\"lazy\" decoding=\"async\" title=\"Formato-de-8-celdas-opci\u00f3n-1\" src=\"https:\/\/exceladvisor.org\/wp-content\/uploads\/2023\/08\/8-cellules-de-format-option-2.png\" sizes=\"auto, \" srcset=\"\" alt=\"format-cells-option\" width=\"340\" height=\"593\"><\/li>\n<li> Ahora, seleccione la pesta\u00f1a \u00abN\u00famero\u00bb y en \u00abCategor\u00eda\u00bb seleccione la opci\u00f3n \u00abContabilidad\u00bb.<\/li>\n<li> Ahora, haga clic en la flecha desplegable \u00abS\u00edmbolo\u00bb, despl\u00e1cese hacia abajo por las opciones de moneda y seleccione la que desee.<\/li>\n<li> Si desea aumentar o disminuir los valores decimales de los n\u00fameros, puede hacer lo mismo usando las flechas hacia arriba y hacia abajo de \u201cLugares decimales\u201d.<\/li>\n<li> Cuando termine, haga clic en Aceptar. <br \/><img loading=\"lazy\" decoding=\"async\" title=\"cuadro-de-diloag-formato-de-9-celdas-1\" src=\"https:\/\/exceladvisor.org\/wp-content\/uploads\/2023\/08\/9-cellules-format-diloag-box-2.png\" sizes=\"auto, \" srcset=\"\" alt=\"format-cells-dialog-box\" width=\"494\" height=\"456\"><\/li>\n<li> En este punto, las celdas o el rango seleccionado se cambian a \u00abFormato de n\u00famero de cuenta\u00bb agregando el s\u00edmbolo de moneda que acaba de seleccionar con separadores de mil d\u00edgitos y dos decimales a los valores num\u00e9ricos. <br \/><img loading=\"lazy\" decoding=\"async\" title=\"10-valores-en-formato-de-s\u00edmbolo-de-n\u00famero-contable-1\" src=\"https:\/\/exceladvisor.org\/wp-content\/uploads\/2023\/08\/10-valeurs-dans-le-symbole-de-format-de-numero-comptable-2.png\" sizes=\"auto, \" srcset=\"\" alt=\"values-in-accounting-number-format-symbol\" width=\"212\" height=\"288\"><\/li>\n<\/ol>\n<div class=\"gb-container gb-container-4db6181c gb-container-mt\"> <a class=\"gb-button gb-button-c5897111 gb-button-text gb-button-mt-button\" href=\"https:\/\/exceladvisor.org\/es\/conceptos-basicos-de-excel\/\">Conceptos b\u00e1sicos de Microsoft Excel (componentes, piezas y notas de conocimiento)<\/a><\/p>\n<h2 class=\"gb-headline gb-headline-665e5f6b gb-headline-text gb-headline-mt-heading\"> Tutoriales relacionados <\/h2>\n<div class=\"gb-grid-wrapper gb-grid-wrapper-a20baf7c gb-grid-wrapper-mt-grid\">\n<div class=\"gb-grid-column gb-grid-column-65ddf67e\">\n<div class=\"gb-container gb-container-65ddf67e\">\n<ul>\n<li> <a href=\"https:\/\/exceladvisor.org\/es\/agregar-un-numero-de-pagina\/\">Agregar un n\u00famero de p\u00e1gina en Excel<\/a><\/li>\n<li> <a href=\"https:\/\/exceladvisor.org\/es\/aplicar-estilo-de-coma\/\">Aplicar estilo coma en Excel<\/a><\/li>\n<li> <a href=\"https:\/\/exceladvisor.org\/es\/vara\/\">Aplicar tachado en Excel<\/a><\/li>\n<li> <a href=\"https:\/\/exceladvisor.org\/es\/resaltar-celdas-vacias\/\">Resaltar celdas vac\u00edas en Excel<\/a><\/li>\n<li> <a href=\"https:\/\/exceladvisor.org\/es\/simbolo-pi\/\">Insertar el s\u00edmbolo PI (\u03c0) en Excel<\/a> <\/li>\n<\/ul>\n<\/div>\n<\/div>\n<div class=\"gb-grid-column gb-grid-column-50067b57\">\n<div class=\"gb-container gb-container-50067b57\"><\/div>\n<\/div>\n<\/div>\n<\/div>\n","protected":false},"excerpt":{"rendered":"<p>Microsoft Excel se usa ampliamente con fines comerciales y contables y cuando los usuarios usan Excel con fines contables, sus conjuntos de datos generalmente tienen un conjunto de n\u00fameros. Y es posible que deseen convertir n\u00fameros del formato num\u00e9rico est\u00e1ndar al formato de n\u00famero contable para que el conjunto de datos sea m\u00e1s claro y [&hellip;]<\/p>\n","protected":false},"author":1,"featured_media":0,"parent":0,"menu_order":0,"comment_status":"open","ping_status":"closed","template":"","meta":{"ub_ctt_via":"","footnotes":""},"class_list":["post-373","page","type-page","status-publish","hentry"],"featured_image_src":null,"yoast_head":"<!-- This site is optimized with the Yoast SEO plugin v25.4 - https:\/\/yoast.com\/wordpress\/plugins\/seo\/ -->\n<title>\u00bfc\u00f3mo configurar el formato del n\u00famero de contabilidad en excel?<\/title>\n<meta name=\"robots\" content=\"index, follow, max-snippet:-1, max-image-preview:large, max-video-preview:-1\" \/>\n<link rel=\"canonical\" href=\"https:\/\/exceladvisor.org\/es\/formato-del-numero-de-contabilidad\/\" \/>\n<meta property=\"og:locale\" content=\"es_ES\" \/>\n<meta property=\"og:type\" content=\"article\" \/>\n<meta property=\"og:title\" content=\"\u00bfc\u00f3mo configurar el formato del n\u00famero de contabilidad en excel?\" \/>\n<meta property=\"og:description\" content=\"Microsoft Excel se usa ampliamente con fines comerciales y contables y cuando los usuarios usan Excel con fines contables, sus conjuntos de datos generalmente tienen un conjunto de n\u00fameros. Y es posible que deseen convertir n\u00fameros del formato num\u00e9rico est\u00e1ndar al formato de n\u00famero contable para que el conjunto de datos sea m\u00e1s claro y [&hellip;]\" \/>\n<meta property=\"og:url\" content=\"https:\/\/exceladvisor.org\/es\/formato-del-numero-de-contabilidad\/\" \/>\n<meta property=\"og:site_name\" content=\"Excel Advisor\" \/>\n<meta property=\"article:modified_time\" content=\"2023-12-25T10:24:31+00:00\" \/>\n<meta property=\"og:image\" content=\"https:\/\/exceladvisor.org\/wp-content\/uploads\/2023\/08\/1-comptabilite-vs-format-numerique-general-2.png\" \/>\n<meta name=\"twitter:card\" content=\"summary_large_image\" \/>\n<meta name=\"twitter:label1\" content=\"Tiempo de lectura\" \/>\n\t<meta name=\"twitter:data1\" content=\"4 minutos\" \/>\n<script type=\"application\/ld+json\" class=\"yoast-schema-graph\">{\"@context\":\"https:\/\/schema.org\",\"@graph\":[{\"@type\":\"WebPage\",\"@id\":\"https:\/\/exceladvisor.org\/es\/formato-del-numero-de-contabilidad\/\",\"url\":\"https:\/\/exceladvisor.org\/es\/formato-del-numero-de-contabilidad\/\",\"name\":\"\u00bfc\u00f3mo configurar el formato del n\u00famero de contabilidad en excel?\",\"isPartOf\":{\"@id\":\"https:\/\/exceladvisor.org\/es\/#website\"},\"primaryImageOfPage\":{\"@id\":\"https:\/\/exceladvisor.org\/es\/formato-del-numero-de-contabilidad\/#primaryimage\"},\"image\":{\"@id\":\"https:\/\/exceladvisor.org\/es\/formato-del-numero-de-contabilidad\/#primaryimage\"},\"thumbnailUrl\":\"https:\/\/exceladvisor.org\/wp-content\/uploads\/2023\/08\/1-comptabilite-vs-format-numerique-general-2.png\",\"datePublished\":\"2023-10-31T16:41:03+00:00\",\"dateModified\":\"2023-12-25T10:24:31+00:00\",\"breadcrumb\":{\"@id\":\"https:\/\/exceladvisor.org\/es\/formato-del-numero-de-contabilidad\/#breadcrumb\"},\"inLanguage\":\"es\",\"potentialAction\":[{\"@type\":\"ReadAction\",\"target\":[\"https:\/\/exceladvisor.org\/es\/formato-del-numero-de-contabilidad\/\"]}]},{\"@type\":\"ImageObject\",\"inLanguage\":\"es\",\"@id\":\"https:\/\/exceladvisor.org\/es\/formato-del-numero-de-contabilidad\/#primaryimage\",\"url\":\"https:\/\/exceladvisor.org\/wp-content\/uploads\/2023\/08\/1-comptabilite-vs-format-numerique-general-2.png\",\"contentUrl\":\"https:\/\/exceladvisor.org\/wp-content\/uploads\/2023\/08\/1-comptabilite-vs-format-numerique-general-2.png\"},{\"@type\":\"BreadcrumbList\",\"@id\":\"https:\/\/exceladvisor.org\/es\/formato-del-numero-de-contabilidad\/#breadcrumb\",\"itemListElement\":[{\"@type\":\"ListItem\",\"position\":1,\"name\":\"Hogar\",\"item\":\"https:\/\/exceladvisor.org\/es\/\"},{\"@type\":\"ListItem\",\"position\":2,\"name\":\"\u00bfc\u00f3mo configurar el formato del n\u00famero de contabilidad en excel?\"}]},{\"@type\":\"WebSite\",\"@id\":\"https:\/\/exceladvisor.org\/es\/#website\",\"url\":\"https:\/\/exceladvisor.org\/es\/\",\"name\":\"Excel Advisor\",\"description\":\"Su gu\u00eda para la dominaci\u00f3n de datos!\",\"publisher\":{\"@id\":\"https:\/\/exceladvisor.org\/es\/#organization\"},\"potentialAction\":[{\"@type\":\"SearchAction\",\"target\":{\"@type\":\"EntryPoint\",\"urlTemplate\":\"https:\/\/exceladvisor.org\/es\/?s={search_term_string}\"},\"query-input\":{\"@type\":\"PropertyValueSpecification\",\"valueRequired\":true,\"valueName\":\"search_term_string\"}}],\"inLanguage\":\"es\"},{\"@type\":\"Organization\",\"@id\":\"https:\/\/exceladvisor.org\/es\/#organization\",\"name\":\"Excel Advisor\",\"url\":\"https:\/\/exceladvisor.org\/es\/\",\"logo\":{\"@type\":\"ImageObject\",\"inLanguage\":\"es\",\"@id\":\"https:\/\/exceladvisor.org\/es\/#\/schema\/logo\/image\/\",\"url\":\"https:\/\/exceladvisor.org\/es\/wp-content\/uploads\/2023\/12\/exceladvisor.org_.png\",\"contentUrl\":\"https:\/\/exceladvisor.org\/es\/wp-content\/uploads\/2023\/12\/exceladvisor.org_.png\",\"width\":105,\"height\":36,\"caption\":\"Excel Advisor\"},\"image\":{\"@id\":\"https:\/\/exceladvisor.org\/es\/#\/schema\/logo\/image\/\"}}]}<\/script>\n<!-- \/ Yoast SEO plugin. -->","yoast_head_json":{"title":"\u00bfc\u00f3mo configurar el formato del n\u00famero de contabilidad en excel?","robots":{"index":"index","follow":"follow","max-snippet":"max-snippet:-1","max-image-preview":"max-image-preview:large","max-video-preview":"max-video-preview:-1"},"canonical":"https:\/\/exceladvisor.org\/es\/formato-del-numero-de-contabilidad\/","og_locale":"es_ES","og_type":"article","og_title":"\u00bfc\u00f3mo configurar el formato del n\u00famero de contabilidad en excel?","og_description":"Microsoft Excel se usa ampliamente con fines comerciales y contables y cuando los usuarios usan Excel con fines contables, sus conjuntos de datos generalmente tienen un conjunto de n\u00fameros. Y es posible que deseen convertir n\u00fameros del formato num\u00e9rico est\u00e1ndar al formato de n\u00famero contable para que el conjunto de datos sea m\u00e1s claro y [&hellip;]","og_url":"https:\/\/exceladvisor.org\/es\/formato-del-numero-de-contabilidad\/","og_site_name":"Excel Advisor","article_modified_time":"2023-12-25T10:24:31+00:00","og_image":[{"url":"https:\/\/exceladvisor.org\/wp-content\/uploads\/2023\/08\/1-comptabilite-vs-format-numerique-general-2.png","type":"","width":"","height":""}],"twitter_card":"summary_large_image","twitter_misc":{"Tiempo de lectura":"4 minutos"},"schema":{"@context":"https:\/\/schema.org","@graph":[{"@type":"WebPage","@id":"https:\/\/exceladvisor.org\/es\/formato-del-numero-de-contabilidad\/","url":"https:\/\/exceladvisor.org\/es\/formato-del-numero-de-contabilidad\/","name":"\u00bfc\u00f3mo configurar el formato del n\u00famero de contabilidad en excel?","isPartOf":{"@id":"https:\/\/exceladvisor.org\/es\/#website"},"primaryImageOfPage":{"@id":"https:\/\/exceladvisor.org\/es\/formato-del-numero-de-contabilidad\/#primaryimage"},"image":{"@id":"https:\/\/exceladvisor.org\/es\/formato-del-numero-de-contabilidad\/#primaryimage"},"thumbnailUrl":"https:\/\/exceladvisor.org\/wp-content\/uploads\/2023\/08\/1-comptabilite-vs-format-numerique-general-2.png","datePublished":"2023-10-31T16:41:03+00:00","dateModified":"2023-12-25T10:24:31+00:00","breadcrumb":{"@id":"https:\/\/exceladvisor.org\/es\/formato-del-numero-de-contabilidad\/#breadcrumb"},"inLanguage":"es","potentialAction":[{"@type":"ReadAction","target":["https:\/\/exceladvisor.org\/es\/formato-del-numero-de-contabilidad\/"]}]},{"@type":"ImageObject","inLanguage":"es","@id":"https:\/\/exceladvisor.org\/es\/formato-del-numero-de-contabilidad\/#primaryimage","url":"https:\/\/exceladvisor.org\/wp-content\/uploads\/2023\/08\/1-comptabilite-vs-format-numerique-general-2.png","contentUrl":"https:\/\/exceladvisor.org\/wp-content\/uploads\/2023\/08\/1-comptabilite-vs-format-numerique-general-2.png"},{"@type":"BreadcrumbList","@id":"https:\/\/exceladvisor.org\/es\/formato-del-numero-de-contabilidad\/#breadcrumb","itemListElement":[{"@type":"ListItem","position":1,"name":"Hogar","item":"https:\/\/exceladvisor.org\/es\/"},{"@type":"ListItem","position":2,"name":"\u00bfc\u00f3mo configurar el formato del n\u00famero de contabilidad en excel?"}]},{"@type":"WebSite","@id":"https:\/\/exceladvisor.org\/es\/#website","url":"https:\/\/exceladvisor.org\/es\/","name":"Excel Advisor","description":"Su gu\u00eda para la dominaci\u00f3n de datos!","publisher":{"@id":"https:\/\/exceladvisor.org\/es\/#organization"},"potentialAction":[{"@type":"SearchAction","target":{"@type":"EntryPoint","urlTemplate":"https:\/\/exceladvisor.org\/es\/?s={search_term_string}"},"query-input":{"@type":"PropertyValueSpecification","valueRequired":true,"valueName":"search_term_string"}}],"inLanguage":"es"},{"@type":"Organization","@id":"https:\/\/exceladvisor.org\/es\/#organization","name":"Excel Advisor","url":"https:\/\/exceladvisor.org\/es\/","logo":{"@type":"ImageObject","inLanguage":"es","@id":"https:\/\/exceladvisor.org\/es\/#\/schema\/logo\/image\/","url":"https:\/\/exceladvisor.org\/es\/wp-content\/uploads\/2023\/12\/exceladvisor.org_.png","contentUrl":"https:\/\/exceladvisor.org\/es\/wp-content\/uploads\/2023\/12\/exceladvisor.org_.png","width":105,"height":36,"caption":"Excel Advisor"},"image":{"@id":"https:\/\/exceladvisor.org\/es\/#\/schema\/logo\/image\/"}}]}},"yoast_meta":{"yoast_wpseo_title":"","yoast_wpseo_metadesc":"","yoast_wpseo_canonical":""},"_links":{"self":[{"href":"https:\/\/exceladvisor.org\/es\/wp-json\/wp\/v2\/pages\/373","targetHints":{"allow":["GET"]}}],"collection":[{"href":"https:\/\/exceladvisor.org\/es\/wp-json\/wp\/v2\/pages"}],"about":[{"href":"https:\/\/exceladvisor.org\/es\/wp-json\/wp\/v2\/types\/page"}],"author":[{"embeddable":true,"href":"https:\/\/exceladvisor.org\/es\/wp-json\/wp\/v2\/users\/1"}],"replies":[{"embeddable":true,"href":"https:\/\/exceladvisor.org\/es\/wp-json\/wp\/v2\/comments?post=373"}],"version-history":[{"count":1,"href":"https:\/\/exceladvisor.org\/es\/wp-json\/wp\/v2\/pages\/373\/revisions"}],"predecessor-version":[{"id":932,"href":"https:\/\/exceladvisor.org\/es\/wp-json\/wp\/v2\/pages\/373\/revisions\/932"}],"wp:attachment":[{"href":"https:\/\/exceladvisor.org\/es\/wp-json\/wp\/v2\/media?parent=373"}],"curies":[{"name":"wp","href":"https:\/\/api.w.org\/{rel}","templated":true}]}}