{"id":374,"date":"2023-10-31T16:15:04","date_gmt":"2023-10-31T16:15:04","guid":{"rendered":"https:\/\/exceladvisor.org\/es\/aplicar-estilo-de-coma\/"},"modified":"2023-12-25T10:23:24","modified_gmt":"2023-12-25T10:23:24","slug":"aplicar-estilo-de-coma","status":"publish","type":"page","link":"https:\/\/exceladvisor.org\/es\/aplicar-estilo-de-coma\/","title":{"rendered":"\u00bfc\u00f3mo aplicar el estilo coma en excel?"},"content":{"rendered":"<div class=\"excel-antes-del-contenido\" id=\"excel-4238736821\"><script type=\"text\/javascript\">\r\n\tatOptions = {\r\n\t\t'key' : 'c1158f160081d6540a8409e6925dab94',\r\n\t\t'format' : 'iframe',\r\n\t\t'height' : 250,\r\n\t\t'width' : 300,\r\n\t\t'params' : {}\r\n\t};\r\n<\/script>\r\n<script type=\"text\/javascript\" src=\"\/\/www.highperformanceformat.com\/c1158f160081d6540a8409e6925dab94\/invoke.js\"><\/script><\/div><p>El estilo de coma en Excel tambi\u00e9n se conoce como formato de separador de miles, que convierte valores num\u00e9ricos grandes con comas insertadas como separadores para distinguir la longitud del valor num\u00e9rico en miles, cientos de miles, millones, etc.<\/p>\n<p> Cuando el usuario aplica el formato de coma, tambi\u00e9n agrega valores decimales a los n\u00fameros. En resumen, funciona igual que un formato de sistema de contabilidad, pero no agrega ning\u00fan s\u00edmbolo de moneda al n\u00famero que agrega el formato de sistema de contabilidad.<\/p>\n<p> El separador de estilo coma puede mostrar valores num\u00e9ricos separados en formatos de lakhs o millones seg\u00fan la regi\u00f3n y el formato de moneda predeterminado seleccionado en su sistema, pero puede cambiarlo de lakhs a millones y viceversa.<\/p>\n<p> Mientras India sigue el sistema de contabilidad de valores num\u00e9ricos en lakhs y EE. UU. lo sigue en millones. A continuaci\u00f3n se mencionan pasos r\u00e1pidos y sencillos para que pueda aplicar el estilo de coma en Excel.<\/p>\n<h2 class=\"wp-block-heading\"> Aplicar estilo de coma usando la pesta\u00f1a Inicio<\/h2>\n<ol>\n<li> Primero, seleccione las celdas o el rango de celdas o la columna completa donde aplicar el estilo de coma. <br \/><img loading=\"lazy\" decoding=\"async\" title=\"1-seleccionar-rango-celda\" src=\"https:\/\/exceladvisor.org\/wp-content\/uploads\/2023\/08\/1-selectionner-la-plage-de-cellules.png\" sizes=\"auto, \" srcset=\"\" alt=\"select-the-cells-range\" width=\"351\" height=\"281\"><\/li>\n<li> Despu\u00e9s de eso, vaya a la pesta\u00f1a \u00abInicio\u00bb y haga clic en el \u00edcono de coma (,) debajo del grupo \u00abN\u00famero\u00bb en la cinta. <br \/><img loading=\"lazy\" decoding=\"async\" title=\"n\u00famero-de-subgrupo-de-icono-de-2-comas\" src=\"https:\/\/exceladvisor.org\/wp-content\/uploads\/2023\/08\/2-icone-virgule-sous-le-groupe-de-numeros.png\" sizes=\"auto, \" srcset=\"\" alt=\"comma-icon-under-number-group\" width=\"690\" height=\"123\"><\/li>\n<li> Una vez que haga clic en el icono de coma (,), el rango seleccionado se aplicar\u00e1 con separadores de coma en los valores num\u00e9ricos. <br \/><img loading=\"lazy\" decoding=\"async\" title=\"3 rangos con separadores de comas\" src=\"https:\/\/exceladvisor.org\/wp-content\/uploads\/2023\/08\/3-plages-avec-separateurs-virgule.png\" sizes=\"auto, \" srcset=\"\" alt=\"range-with-comma-seperators\" width=\"368\" height=\"276\"><\/li>\n<\/ol>\n<p> Para aumentar o eliminar valores decimales de n\u00fameros, simplemente seleccione el rango y luego haga clic en el icono \u00abAumentar o disminuir valor decimal\u00bb debajo del mismo grupo \u00abN\u00famero\u00bb en la cinta. <\/p>\n<div class=\"wp-block-image\">\n<figure class=\"aligncenter size-full is-resized\"><img loading=\"lazy\" decoding=\"async\" class=\"wp-image-66737\" src=\"https:\/\/exceladvisor.org\/wp-content\/uploads\/2023\/08\/4-augmenter-diminuer-les-valeurs-decimales.png\" sizes=\"auto, \" srcset=\"\" alt=\"aumentar-disminuir-valores-decimales\" width=\"317\" height=\"370\"><\/figure>\n<\/div>\n<h2 class=\"wp-block-heading\"> Aplicar estilo de coma usando la opci\u00f3n Formato de celdas<\/h2>\n<ol>\n<li> Primero, seleccione las celdas o el rango de celdas o la columna completa donde aplicar el estilo de coma.<\/li>\n<li> Despu\u00e9s de eso, haga clic derecho en el mouse y seleccione la opci\u00f3n \u00abFormato de celdas\u00bb de la lista desplegable. <br \/><img loading=\"lazy\" decoding=\"async\" title=\"Opciones de formato de 5 celdas\" src=\"https:\/\/exceladvisor.org\/wp-content\/uploads\/2023\/08\/5-options-de-format-de-cellule.png\" sizes=\"auto, \" srcset=\"\" alt=\"format-cells-options\" width=\"450\" height=\"419\"><\/li>\n<li> Una vez que haga clic en \u00abFormato de celdas\u00bb, se abre el cuadro de di\u00e1logo \u00abFormato de celdas\u00bb.<\/li>\n<li> Ahora, en la pesta\u00f1a \u00abN\u00famero\u00bb, seleccione la opci\u00f3n \u00abN\u00famero\u00bb, luego marque la casilla \u00abUsar separador 1000\u00bb.<\/li>\n<li> Al final, haga clic en Aceptar y el rango seleccionado se aplicar\u00e1 con separadores de coma en los valores num\u00e9ricos.<\/li>\n<li> Para eliminar valores decimales, ingrese cero (0) en el campo \u00abLugares decimales\u00bb. <br \/><img loading=\"lazy\" decoding=\"async\" title=\"Cuadro de di\u00e1logo de 6 celdas de formato\" src=\"https:\/\/exceladvisor.org\/wp-content\/uploads\/2023\/08\/Boite-de-dialogue-6-cellules-de-format.png\" sizes=\"auto, \" srcset=\"\" alt=\"format-cells-dialog-box\" width=\"498\" height=\"459\"><\/li>\n<\/ol>\n<h2 class=\"wp-block-heading\"> Cambie los separadores de estilo de coma del formato Lakhs al formato Million<\/h2>\n<p> A veces, los separadores de coma muestran valores num\u00e9ricos separados en lakhs debido a la regi\u00f3n predeterminada y el formato de moneda de su sistema, pero puede cambiar el formato de moneda al formato de millones siguiendo los pasos a continuaci\u00f3n:<\/p>\n<ol>\n<li> Primero, vaya al \u00abPanel de control\u00bb de su sistema y haga clic en el enlace \u00abCambiar formatos de fecha, hora o n\u00famero\u00bb en la opci\u00f3n \u00abReloj y regi\u00f3n\u00bb o \u00abRegi\u00f3n e idioma\u00bb. <em>(Los nombres de las opciones pueden ser diferentes seg\u00fan la versi\u00f3n de Windows) <br \/><img loading=\"lazy\" decoding=\"async\" title=\"7-cambiar-formato-de-n\u00famero\" src=\"https:\/\/exceladvisor.org\/wp-content\/uploads\/2023\/08\/7-changer-le-format-des-nombres.png\" sizes=\"auto, \" srcset=\"\" alt=\"change-number-format\" width=\"631\" height=\"312\"><\/em><\/li>\n<li> Despu\u00e9s de eso, haga clic en \u00abConfiguraciones adicionales\u00bb en el cuadro de di\u00e1logo \u00abRegi\u00f3n\u00bb. <br \/><img loading=\"lazy\" decoding=\"async\" title=\"8-configuraciones-adicionales-en-di\u00e1logo-regional\" src=\"https:\/\/exceladvisor.org\/wp-content\/uploads\/2023\/08\/8-parametres-supplementaires-dans-la-boite-de-dialogue-regionale.png\" sizes=\"auto, \" srcset=\"\" alt=\"additional-settings-within-regional-dialog-box\" width=\"369\" height=\"474\"><\/li>\n<li> Una vez que haga clic en \u00abConfiguraciones adicionales\u00bb, se abre el cuadro de di\u00e1logo \u00abPersonalizar formato\u00bb.<\/li>\n<li> Ahora, seleccione el encabezado \u00abMoneda\u00bb, luego seleccione el formato de estilo de separador de comas de mill\u00f3n en la agrupaci\u00f3n de n\u00fameros.<\/li>\n<li> Al final, haga clic en Aplicar y luego en Aceptar en el cuadro de di\u00e1logo \u00abPersonalizar formato\u00bb, luego en el cuadro de di\u00e1logo \u00abRegi\u00f3n\u00bb. <br \/><img loading=\"lazy\" decoding=\"async\" title=\"9-cuadro de di\u00e1logo-formato-personalizado\" src=\"https:\/\/exceladvisor.org\/wp-content\/uploads\/2023\/08\/9-personnaliser-la-boite-de-dialogue-du-format.png\" sizes=\"auto, \" srcset=\"\" alt=\"customize-format-dialog-box\" width=\"406\" height=\"575\"><\/li>\n<li> Una vez que haya terminado, cierre y abra el archivo de Excel nuevamente y aplique el estilo de coma y obtendr\u00e1 el rango seleccionado que se aplicar\u00e1 con separadores de coma en miles, cien mil y millones a los valores num\u00e9ricos. <br \/><img loading=\"lazy\" decoding=\"async\" title=\"Estilo de 10 comas en formato de mill\u00f3n\" src=\"https:\/\/exceladvisor.org\/wp-content\/uploads\/2023\/08\/Style-de-10-virgules-au-format-million.png\" sizes=\"auto, \" srcset=\"\" alt=\"comma-style-in-million-format\" width=\"401\" height=\"308\"><\/li>\n<\/ol>\n<h2 class=\"wp-block-heading\"> Aplicar estilo de coma usando el m\u00e9todo abreviado de teclado<\/h2>\n<p> Seleccione toda la columna o rango donde aplicar el estilo de coma, luego presione las teclas <kbd>Alt<\/kbd> + <kbd>H<\/kbd> + <kbd>K<\/kbd> y obtendr\u00e1 el rango seleccionado aplicado con separadores de coma. <\/p>\n<div class=\"wp-block-image\">\n<figure class=\"aligncenter size-full is-resized\"><img loading=\"lazy\" decoding=\"async\" class=\"wp-image-66744\" src=\"https:\/\/exceladvisor.org\/wp-content\/uploads\/2023\/08\/11-raccourci-vers-le-style-virgule.png\" sizes=\"auto, \" srcset=\"\" alt=\"acceso directo al estilo coma\" width=\"714\" height=\"167\"><\/figure>\n<\/div>\n<div class=\"gb-container gb-container-4db6181c gb-container-mt\"> <a class=\"gb-button gb-button-c5897111 gb-button-text gb-button-mt-button\" href=\"https:\/\/exceladvisor.org\/es\/conceptos-basicos-de-excel\/\">Conceptos b\u00e1sicos de Microsoft Excel (componentes, piezas y notas de conocimiento)<\/a><\/p>\n<h2 class=\"gb-headline gb-headline-665e5f6b gb-headline-text gb-headline-mt-heading\"> Tutoriales relacionados <\/h2>\n<div class=\"gb-grid-wrapper gb-grid-wrapper-a20baf7c gb-grid-wrapper-mt-grid\">\n<div class=\"gb-grid-column gb-grid-column-65ddf67e\">\n<div class=\"gb-container gb-container-65ddf67e\">\n<ul>\n<li> <a href=\"https:\/\/exceladvisor.org\/es\/agregar-un-numero-de-pagina\/\">Agregar un n\u00famero de p\u00e1gina en Excel<\/a><\/li>\n<li> <a href=\"https:\/\/exceladvisor.org\/es\/vara\/\">Aplicar tachado en Excel<\/a><\/li>\n<li> <a href=\"https:\/\/exceladvisor.org\/es\/resaltar-celdas-vacias\/\">Resaltar celdas vac\u00edas en Excel<\/a><\/li>\n<li> <a href=\"https:\/\/exceladvisor.org\/es\/simbolo-pi\/\">Insertar el s\u00edmbolo PI (\u03c0) en Excel<\/a> <\/li>\n<\/ul>\n<\/div>\n<\/div>\n<div class=\"gb-grid-column gb-grid-column-50067b57\">\n<div class=\"gb-container gb-container-50067b57\"><\/div>\n<\/div>\n<\/div>\n<\/div>\n","protected":false},"excerpt":{"rendered":"<p>El estilo de coma en Excel tambi\u00e9n se conoce como formato de separador de miles, que convierte valores num\u00e9ricos grandes con comas insertadas como separadores para distinguir la longitud del valor num\u00e9rico en miles, cientos de miles, millones, etc. Cuando el usuario aplica el formato de coma, tambi\u00e9n agrega valores decimales a los n\u00fameros. En [&hellip;]<\/p>\n","protected":false},"author":1,"featured_media":0,"parent":0,"menu_order":0,"comment_status":"open","ping_status":"closed","template":"","meta":{"ub_ctt_via":"","footnotes":""},"class_list":["post-374","page","type-page","status-publish","hentry"],"featured_image_src":null,"yoast_head":"<!-- This site is optimized with the Yoast SEO plugin v25.4 - https:\/\/yoast.com\/wordpress\/plugins\/seo\/ -->\n<title>\u00bfc\u00f3mo aplicar el estilo coma en excel?<\/title>\n<meta name=\"robots\" content=\"index, follow, max-snippet:-1, max-image-preview:large, max-video-preview:-1\" \/>\n<link rel=\"canonical\" href=\"https:\/\/exceladvisor.org\/es\/aplicar-estilo-de-coma\/\" \/>\n<meta property=\"og:locale\" content=\"es_ES\" \/>\n<meta property=\"og:type\" content=\"article\" \/>\n<meta property=\"og:title\" content=\"\u00bfc\u00f3mo aplicar el estilo coma en excel?\" \/>\n<meta property=\"og:description\" content=\"El estilo de coma en Excel tambi\u00e9n se conoce como formato de separador de miles, que convierte valores num\u00e9ricos grandes con comas insertadas como separadores para distinguir la longitud del valor num\u00e9rico en miles, cientos de miles, millones, etc. Cuando el usuario aplica el formato de coma, tambi\u00e9n agrega valores decimales a los n\u00fameros. En [&hellip;]\" \/>\n<meta property=\"og:url\" content=\"https:\/\/exceladvisor.org\/es\/aplicar-estilo-de-coma\/\" \/>\n<meta property=\"og:site_name\" content=\"Excel Advisor\" \/>\n<meta property=\"article:modified_time\" content=\"2023-12-25T10:23:24+00:00\" \/>\n<meta property=\"og:image\" content=\"https:\/\/exceladvisor.org\/wp-content\/uploads\/2023\/08\/1-selectionner-la-plage-de-cellules.png\" \/>\n<meta name=\"twitter:card\" content=\"summary_large_image\" \/>\n<meta name=\"twitter:label1\" content=\"Tiempo de lectura\" \/>\n\t<meta name=\"twitter:data1\" content=\"4 minutos\" \/>\n<script type=\"application\/ld+json\" class=\"yoast-schema-graph\">{\"@context\":\"https:\/\/schema.org\",\"@graph\":[{\"@type\":\"WebPage\",\"@id\":\"https:\/\/exceladvisor.org\/es\/aplicar-estilo-de-coma\/\",\"url\":\"https:\/\/exceladvisor.org\/es\/aplicar-estilo-de-coma\/\",\"name\":\"\u00bfc\u00f3mo aplicar el estilo coma en excel?\",\"isPartOf\":{\"@id\":\"https:\/\/exceladvisor.org\/es\/#website\"},\"primaryImageOfPage\":{\"@id\":\"https:\/\/exceladvisor.org\/es\/aplicar-estilo-de-coma\/#primaryimage\"},\"image\":{\"@id\":\"https:\/\/exceladvisor.org\/es\/aplicar-estilo-de-coma\/#primaryimage\"},\"thumbnailUrl\":\"https:\/\/exceladvisor.org\/wp-content\/uploads\/2023\/08\/1-selectionner-la-plage-de-cellules.png\",\"datePublished\":\"2023-10-31T16:15:04+00:00\",\"dateModified\":\"2023-12-25T10:23:24+00:00\",\"breadcrumb\":{\"@id\":\"https:\/\/exceladvisor.org\/es\/aplicar-estilo-de-coma\/#breadcrumb\"},\"inLanguage\":\"es\",\"potentialAction\":[{\"@type\":\"ReadAction\",\"target\":[\"https:\/\/exceladvisor.org\/es\/aplicar-estilo-de-coma\/\"]}]},{\"@type\":\"ImageObject\",\"inLanguage\":\"es\",\"@id\":\"https:\/\/exceladvisor.org\/es\/aplicar-estilo-de-coma\/#primaryimage\",\"url\":\"https:\/\/exceladvisor.org\/wp-content\/uploads\/2023\/08\/1-selectionner-la-plage-de-cellules.png\",\"contentUrl\":\"https:\/\/exceladvisor.org\/wp-content\/uploads\/2023\/08\/1-selectionner-la-plage-de-cellules.png\"},{\"@type\":\"BreadcrumbList\",\"@id\":\"https:\/\/exceladvisor.org\/es\/aplicar-estilo-de-coma\/#breadcrumb\",\"itemListElement\":[{\"@type\":\"ListItem\",\"position\":1,\"name\":\"Hogar\",\"item\":\"https:\/\/exceladvisor.org\/es\/\"},{\"@type\":\"ListItem\",\"position\":2,\"name\":\"\u00bfc\u00f3mo aplicar el estilo coma en excel?\"}]},{\"@type\":\"WebSite\",\"@id\":\"https:\/\/exceladvisor.org\/es\/#website\",\"url\":\"https:\/\/exceladvisor.org\/es\/\",\"name\":\"Excel Advisor\",\"description\":\"Su gu\u00eda para la dominaci\u00f3n de datos!\",\"publisher\":{\"@id\":\"https:\/\/exceladvisor.org\/es\/#organization\"},\"potentialAction\":[{\"@type\":\"SearchAction\",\"target\":{\"@type\":\"EntryPoint\",\"urlTemplate\":\"https:\/\/exceladvisor.org\/es\/?s={search_term_string}\"},\"query-input\":{\"@type\":\"PropertyValueSpecification\",\"valueRequired\":true,\"valueName\":\"search_term_string\"}}],\"inLanguage\":\"es\"},{\"@type\":\"Organization\",\"@id\":\"https:\/\/exceladvisor.org\/es\/#organization\",\"name\":\"Excel Advisor\",\"url\":\"https:\/\/exceladvisor.org\/es\/\",\"logo\":{\"@type\":\"ImageObject\",\"inLanguage\":\"es\",\"@id\":\"https:\/\/exceladvisor.org\/es\/#\/schema\/logo\/image\/\",\"url\":\"https:\/\/exceladvisor.org\/es\/wp-content\/uploads\/2023\/12\/exceladvisor.org_.png\",\"contentUrl\":\"https:\/\/exceladvisor.org\/es\/wp-content\/uploads\/2023\/12\/exceladvisor.org_.png\",\"width\":105,\"height\":36,\"caption\":\"Excel Advisor\"},\"image\":{\"@id\":\"https:\/\/exceladvisor.org\/es\/#\/schema\/logo\/image\/\"}}]}<\/script>\n<!-- \/ Yoast SEO plugin. -->","yoast_head_json":{"title":"\u00bfc\u00f3mo aplicar el estilo coma en excel?","robots":{"index":"index","follow":"follow","max-snippet":"max-snippet:-1","max-image-preview":"max-image-preview:large","max-video-preview":"max-video-preview:-1"},"canonical":"https:\/\/exceladvisor.org\/es\/aplicar-estilo-de-coma\/","og_locale":"es_ES","og_type":"article","og_title":"\u00bfc\u00f3mo aplicar el estilo coma en excel?","og_description":"El estilo de coma en Excel tambi\u00e9n se conoce como formato de separador de miles, que convierte valores num\u00e9ricos grandes con comas insertadas como separadores para distinguir la longitud del valor num\u00e9rico en miles, cientos de miles, millones, etc. Cuando el usuario aplica el formato de coma, tambi\u00e9n agrega valores decimales a los n\u00fameros. En [&hellip;]","og_url":"https:\/\/exceladvisor.org\/es\/aplicar-estilo-de-coma\/","og_site_name":"Excel Advisor","article_modified_time":"2023-12-25T10:23:24+00:00","og_image":[{"url":"https:\/\/exceladvisor.org\/wp-content\/uploads\/2023\/08\/1-selectionner-la-plage-de-cellules.png","type":"","width":"","height":""}],"twitter_card":"summary_large_image","twitter_misc":{"Tiempo de lectura":"4 minutos"},"schema":{"@context":"https:\/\/schema.org","@graph":[{"@type":"WebPage","@id":"https:\/\/exceladvisor.org\/es\/aplicar-estilo-de-coma\/","url":"https:\/\/exceladvisor.org\/es\/aplicar-estilo-de-coma\/","name":"\u00bfc\u00f3mo aplicar el estilo coma en excel?","isPartOf":{"@id":"https:\/\/exceladvisor.org\/es\/#website"},"primaryImageOfPage":{"@id":"https:\/\/exceladvisor.org\/es\/aplicar-estilo-de-coma\/#primaryimage"},"image":{"@id":"https:\/\/exceladvisor.org\/es\/aplicar-estilo-de-coma\/#primaryimage"},"thumbnailUrl":"https:\/\/exceladvisor.org\/wp-content\/uploads\/2023\/08\/1-selectionner-la-plage-de-cellules.png","datePublished":"2023-10-31T16:15:04+00:00","dateModified":"2023-12-25T10:23:24+00:00","breadcrumb":{"@id":"https:\/\/exceladvisor.org\/es\/aplicar-estilo-de-coma\/#breadcrumb"},"inLanguage":"es","potentialAction":[{"@type":"ReadAction","target":["https:\/\/exceladvisor.org\/es\/aplicar-estilo-de-coma\/"]}]},{"@type":"ImageObject","inLanguage":"es","@id":"https:\/\/exceladvisor.org\/es\/aplicar-estilo-de-coma\/#primaryimage","url":"https:\/\/exceladvisor.org\/wp-content\/uploads\/2023\/08\/1-selectionner-la-plage-de-cellules.png","contentUrl":"https:\/\/exceladvisor.org\/wp-content\/uploads\/2023\/08\/1-selectionner-la-plage-de-cellules.png"},{"@type":"BreadcrumbList","@id":"https:\/\/exceladvisor.org\/es\/aplicar-estilo-de-coma\/#breadcrumb","itemListElement":[{"@type":"ListItem","position":1,"name":"Hogar","item":"https:\/\/exceladvisor.org\/es\/"},{"@type":"ListItem","position":2,"name":"\u00bfc\u00f3mo aplicar el estilo coma en excel?"}]},{"@type":"WebSite","@id":"https:\/\/exceladvisor.org\/es\/#website","url":"https:\/\/exceladvisor.org\/es\/","name":"Excel Advisor","description":"Su gu\u00eda para la dominaci\u00f3n de datos!","publisher":{"@id":"https:\/\/exceladvisor.org\/es\/#organization"},"potentialAction":[{"@type":"SearchAction","target":{"@type":"EntryPoint","urlTemplate":"https:\/\/exceladvisor.org\/es\/?s={search_term_string}"},"query-input":{"@type":"PropertyValueSpecification","valueRequired":true,"valueName":"search_term_string"}}],"inLanguage":"es"},{"@type":"Organization","@id":"https:\/\/exceladvisor.org\/es\/#organization","name":"Excel Advisor","url":"https:\/\/exceladvisor.org\/es\/","logo":{"@type":"ImageObject","inLanguage":"es","@id":"https:\/\/exceladvisor.org\/es\/#\/schema\/logo\/image\/","url":"https:\/\/exceladvisor.org\/es\/wp-content\/uploads\/2023\/12\/exceladvisor.org_.png","contentUrl":"https:\/\/exceladvisor.org\/es\/wp-content\/uploads\/2023\/12\/exceladvisor.org_.png","width":105,"height":36,"caption":"Excel Advisor"},"image":{"@id":"https:\/\/exceladvisor.org\/es\/#\/schema\/logo\/image\/"}}]}},"yoast_meta":{"yoast_wpseo_title":"","yoast_wpseo_metadesc":"","yoast_wpseo_canonical":""},"_links":{"self":[{"href":"https:\/\/exceladvisor.org\/es\/wp-json\/wp\/v2\/pages\/374","targetHints":{"allow":["GET"]}}],"collection":[{"href":"https:\/\/exceladvisor.org\/es\/wp-json\/wp\/v2\/pages"}],"about":[{"href":"https:\/\/exceladvisor.org\/es\/wp-json\/wp\/v2\/types\/page"}],"author":[{"embeddable":true,"href":"https:\/\/exceladvisor.org\/es\/wp-json\/wp\/v2\/users\/1"}],"replies":[{"embeddable":true,"href":"https:\/\/exceladvisor.org\/es\/wp-json\/wp\/v2\/comments?post=374"}],"version-history":[{"count":1,"href":"https:\/\/exceladvisor.org\/es\/wp-json\/wp\/v2\/pages\/374\/revisions"}],"predecessor-version":[{"id":842,"href":"https:\/\/exceladvisor.org\/es\/wp-json\/wp\/v2\/pages\/374\/revisions\/842"}],"wp:attachment":[{"href":"https:\/\/exceladvisor.org\/es\/wp-json\/wp\/v2\/media?parent=374"}],"curies":[{"name":"wp","href":"https:\/\/api.w.org\/{rel}","templated":true}]}}