{"id":377,"date":"2023-10-31T13:17:03","date_gmt":"2023-10-31T13:17:03","guid":{"rendered":"https:\/\/exceladvisor.org\/es\/agregar-un-boton\/"},"modified":"2023-12-25T10:22:57","modified_gmt":"2023-12-25T10:22:57","slug":"agregar-un-boton","status":"publish","type":"page","link":"https:\/\/exceladvisor.org\/es\/agregar-un-boton\/","title":{"rendered":"\u00bfc\u00f3mo agregar un bot\u00f3n en excel?"},"content":{"rendered":"<div class=\"excel-antes-del-contenido\" id=\"excel-1277472297\"><script type=\"text\/javascript\">\r\n\tatOptions = {\r\n\t\t'key' : 'c1158f160081d6540a8409e6925dab94',\r\n\t\t'format' : 'iframe',\r\n\t\t'height' : 250,\r\n\t\t'width' : 300,\r\n\t\t'params' : {}\r\n\t};\r\n<\/script>\r\n<script type=\"text\/javascript\" src=\"\/\/www.highperformanceformat.com\/c1158f160081d6540a8409e6925dab94\/invoke.js\"><\/script><\/div><p>En Excel, los usuarios pueden agregar botones habilitados para macros a las hojas de trabajo y ejecutar macros simplemente haciendo clic en ellos.<\/p>\n<p> Los usuarios pueden utilizar estos botones habilitados para macros para realizar varias tareas diferentes, como filtrar datos, seleccionar datos, imprimir una hoja de c\u00e1lculo, ejecutar f\u00f3rmulas y c\u00e1lculos simplemente haciendo clic en los botones.<\/p>\n<p> Es m\u00e1s f\u00e1cil agregar botones e integrar macros. Excel proporciona varias formas de agregar botones habilitados para macros a la hoja de trabajo. A continuaci\u00f3n tenemos algunas formas r\u00e1pidas y sencillas de agregar botones de macro en Excel.<\/p>\n<h2 class=\"wp-block-heading\"> Agregar botones de macro usando formas<\/h2>\n<p> Los usuarios pueden crear botones en Excel usando formas. La creaci\u00f3n de botones utilizando formas proporciona m\u00e1s opciones de formato que los botones creados a partir de botones de control o botones ActiveX. Los usuarios pueden cambiar el dise\u00f1o, color, fuente y estilo del bot\u00f3n creado usando formas.<\/p>\n<ol>\n<li> En primer lugar, vaya a la pesta\u00f1a \u00abInsertar\u00bb, luego haga clic en el icono \u00abIlustraciones\u00bb, luego haga clic en la opci\u00f3n \u00abFormas\u00bb y seleccione cualquier bot\u00f3n rectangular. <br \/><img loading=\"lazy\" decoding=\"async\" title=\"1-icono-de-formas-de-ilustracion\" src=\"https:\/\/exceladvisor.org\/wp-content\/uploads\/2023\/08\/1-icone-de-formes-dillustration.png\" sizes=\"auto, \" srcset=\"\" alt=\"illustration-shapes-icon\" width=\"406\" height=\"282\"><\/li>\n<li> Despu\u00e9s de eso, usando el mouse, dibuje el bot\u00f3n rectangular en la hoja de trabajo. <br \/><img loading=\"lazy\" decoding=\"async\" title=\"2-dibujar-un-bot\u00f3n-rectangular\" src=\"https:\/\/exceladvisor.org\/wp-content\/uploads\/2023\/08\/2-dessiner-un-bouton-rectangulaire.png\" sizes=\"auto, \" srcset=\"\" alt=\"draw-a-rectangular-button\" width=\"618\" height=\"225\"><\/li>\n<li> Ahora para ingresar el texto en el bot\u00f3n, haga doble clic en el bot\u00f3n e inserte el texto. <br \/><img loading=\"lazy\" decoding=\"async\" title=\"3-ingresar-texto-al-bot\u00f3n\" src=\"https:\/\/exceladvisor.org\/wp-content\/uploads\/2023\/08\/3-saisir-du-texte-sur-le-bouton.png\" sizes=\"auto, \" srcset=\"\" alt=\"enter-text-to-the-button\" width=\"242\" height=\"127\"><\/li>\n<li> Para formatear, vaya a la pesta\u00f1a \u00abFormato de forma\u00bb y obtendr\u00e1 varias opciones para formatear el bot\u00f3n.<\/li>\n<li> Desde aqu\u00ed puede formatear el estilo de fuente, el color de fuente, el color de los botones, los efectos de los botones y mucho m\u00e1s. <br \/><img loading=\"lazy\" decoding=\"async\" title=\"Formato de pesta\u00f1a de 4 formas\" src=\"https:\/\/exceladvisor.org\/wp-content\/uploads\/2023\/08\/4-onglet-de-format-de-forme.png\" sizes=\"auto, \" srcset=\"\" alt=\"shape-format-tab\" width=\"696\" height=\"237\"><\/li>\n<li> Para editar el texto, agregar el hiperv\u00ednculo o agregar la macro, simplemente haga clic derecho en el bot\u00f3n y obtendr\u00e1 el men\u00fa contextual con varias opciones.<\/li>\n<li> Desde aqu\u00ed puede editar el texto, agregar el hiperv\u00ednculo y agregar la macro al bot\u00f3n.<\/li>\n<li> Ahora, seleccione la opci\u00f3n \u00abAsignar macro\u00bb para agregar la macro al bot\u00f3n. <br \/><img loading=\"lazy\" decoding=\"async\" title=\"5-clic derecho en el bot\u00f3n\" src=\"https:\/\/exceladvisor.org\/wp-content\/uploads\/2023\/08\/5-clic-droit-sur-le-bouton.png\" sizes=\"auto, \" srcset=\"\" alt=\"right-click-on-the-button\" width=\"264\" height=\"398\"><\/li>\n<li> Una vez que seleccione la opci\u00f3n \u00abAsignar macro\u00bb, se abre el cuadro de di\u00e1logo \u00abAsignar macro\u00bb.<\/li>\n<li> Desde all\u00ed, seleccione la macro y haga clic en Aceptar. <br \/><img loading=\"lazy\" decoding=\"async\" title=\"6-asignar-macro-ventana\" src=\"https:\/\/exceladvisor.org\/wp-content\/uploads\/2023\/08\/6-attribuer-une-fenetre-de-macro.png\" sizes=\"auto, \" srcset=\"\" alt=\"assign-macro-window\" width=\"388\" height=\"369\"><\/li>\n<li> En este punto, el bot\u00f3n se ha habilitado para el micr\u00f3fono y cuando mueve el cursor sobre el bot\u00f3n, el cursor cambia a un cursor de punta de mano. <br \/><img decoding=\"async\" title=\"7 microbotones activados\" src=\"https:\/\/exceladvisor.org\/wp-content\/uploads\/2023\/08\/7-micro-boutons-actives.png\" sizes=\"\" srcset=\"\" alt=\"micro-enabled-button\"><\/li>\n<li> Para congelar el movimiento del bot\u00f3n, haga clic derecho en el bot\u00f3n y seleccione \u00abFormatear forma\u00bb y seleccione la opci\u00f3n \u00abNo mover ni cambiar el tama\u00f1o con celdas\u00bb. <br \/><img loading=\"lazy\" decoding=\"async\" title=\"8-congelar-el-bot\u00f3n\" src=\"https:\/\/exceladvisor.org\/wp-content\/uploads\/2023\/08\/8-geler-le-bouton.png\" sizes=\"auto, \" srcset=\"\" alt=\"freeze-the-button\" width=\"551\" height=\"390\"><\/li>\n<\/ol>\n<h2 class=\"wp-block-heading\"> Agregar botones de macro usando controles de formulario<\/h2>\n<ol>\n<li> Primero, vaya a la pesta\u00f1a \u00abDesarrollador\u00bb y haga clic en el icono \u00abInsertar\u00bb debajo del grupo \u00abControl\u00bb en la cinta. <br \/><img loading=\"lazy\" decoding=\"async\" title=\"desarrollador de 9 pesta\u00f1as\" src=\"https:\/\/exceladvisor.org\/wp-content\/uploads\/2023\/08\/9-onglet-developpeur.png\" sizes=\"auto, \" srcset=\"\" alt=\"developer-tab\" width=\"716\" height=\"118\"><\/li>\n<li> Despu\u00e9s de eso, seleccione la primera opci\u00f3n de bot\u00f3n del men\u00fa \u00abControles de formulario\u00bb y dibuje un bot\u00f3n en la hoja de trabajo. <br \/><img decoding=\"async\" title=\"Bot\u00f3n de control de 10 formas\" src=\"https:\/\/exceladvisor.org\/wp-content\/uploads\/2023\/08\/10-bouton-de-controle-de-formulaire.png\" sizes=\"\" srcset=\"\" alt=\"form-controls-button\"><\/li>\n<li> Ahora, seleccione o escriba el nombre de la macro en el cuadro de di\u00e1logo \u00abAsignar macro\u00bb y haga clic en Aceptar.<\/li>\n<li> Si a\u00fan no ha creado una macro, puede hacer clic en Cancelar para agregar la macro m\u00e1s tarde. <br \/><img loading=\"lazy\" decoding=\"async\" title=\"11-asignar-el-cuadro-de-di\u00e1logo-macro-\" src=\"https:\/\/exceladvisor.org\/wp-content\/uploads\/2023\/08\/11-boite-de-dialogue-daffectation-de-macro.png\" sizes=\"auto, \" srcset=\"\" alt=\"assign-macro-dialogue-box\" width=\"338\" height=\"329\"><\/li>\n<li> Desde all\u00ed, haga clic derecho en el bot\u00f3n y seleccione \u00abAsignar macro\u00bb para agregar la macro al bot\u00f3n si a\u00fan no se ha asignado.<\/li>\n<li> Para formatear el tama\u00f1o de fuente, estilo, color, etc. , seleccione la opci\u00f3n \u201cControl de formato\u201d. <br \/><img loading=\"lazy\" decoding=\"async\" title=\"12-clic derecho en el bot\u00f3n\" src=\"https:\/\/exceladvisor.org\/wp-content\/uploads\/2023\/08\/12-clic-droit-sur-le-bouton.png\" sizes=\"auto, \" srcset=\"\" alt=\"right-click-the-button\" width=\"244\" height=\"423\"><\/li>\n<li> Una vez que haga clic en \u00abControl de formato\u00bb, se abre la ventana \u00abControl de formato\u00bb y luego podr\u00e1 formatear la fuente del bot\u00f3n. <br \/><img loading=\"lazy\" decoding=\"async\" title=\"Ventana de control de 13 formatos\" src=\"https:\/\/exceladvisor.org\/wp-content\/uploads\/2023\/08\/Fenetre-de-controle-13-formats.png\" sizes=\"auto, \" srcset=\"\" alt=\"format-control-window\" width=\"404\" height=\"401\"><\/li>\n<li> Para congelar el movimiento del bot\u00f3n, seleccione la pesta\u00f1a \u00abPropiedades\u00bb y seleccione la opci\u00f3n \u00abNo mover ni dimensionar con celdas\u00bb y haga clic en Aceptar. <br \/><img loading=\"lazy\" decoding=\"async\" title=\"14-bot\u00f3n-para-congelar-el-movimiento\" src=\"https:\/\/exceladvisor.org\/wp-content\/uploads\/2023\/08\/14-geler-le-mouvement-du-bouton.png\" sizes=\"auto, \" srcset=\"\" alt=\"freeze-the-button-movement\" width=\"403\" height=\"398\"><\/li>\n<\/ol>\n<h2 class=\"wp-block-heading\"> Agregar botones de macro usando controles ActiveX<\/h2>\n<ol>\n<li> Primero, vaya a la pesta\u00f1a \u00abDesarrollador\u00bb y haga clic en el icono \u00abInsertar\u00bb debajo del grupo \u00abControl\u00bb en la cinta. <br \/><img loading=\"lazy\" decoding=\"async\" title=\"15-icono-de-inserci\u00f3n-de-pesta\u00f1a-de-desarrollador\" src=\"https:\/\/exceladvisor.org\/wp-content\/uploads\/2023\/08\/15-icone-dinsertion-de-longlet-developpeur.png\" sizes=\"auto, \" srcset=\"\" alt=\"developer-tab-insert-icon\" width=\"246\" height=\"306\"><\/li>\n<li> Despu\u00e9s de eso, seleccione la primera opci\u00f3n de bot\u00f3n del men\u00fa \u00abControles ActiveX\u00bb y dibuje un bot\u00f3n en la hoja de trabajo. <br \/><img loading=\"lazy\" decoding=\"async\" title=\"16 botones de control activo\" src=\"https:\/\/exceladvisor.org\/wp-content\/uploads\/2023\/08\/16-boutons-de-commandes-activex.png\" sizes=\"auto, \" srcset=\"\" alt=\"activex-controls-button\" width=\"248\" height=\"309\"><\/li>\n<li> Ahora, para crear e insertar la macro en el bot\u00f3n, haga clic en el icono \u00abMostrar c\u00f3digo\u00bb para iniciar el editor VBA. <br \/><img loading=\"lazy\" decoding=\"async\" title=\"C\u00f3digo 17 vistas\" src=\"https:\/\/exceladvisor.org\/wp-content\/uploads\/2023\/08\/17-codes-de-vue.png\" sizes=\"auto, \" srcset=\"\" alt=\"view-code\" width=\"353\" height=\"258\"><\/li>\n<li> Ahora, seleccione \u00abCommandButton1\u00bb en el subprocedimiento y elija la opci\u00f3n \u00abHacer clic\u00bb en la lista desplegable en el lado derecho del editor. <br \/><img loading=\"lazy\" decoding=\"async\" title=\"18-vba-editor\" src=\"https:\/\/exceladvisor.org\/wp-content\/uploads\/2023\/08\/18-editeur-vba.png\" sizes=\"auto, \" srcset=\"\" alt=\"vba-editor\" width=\"793\" height=\"357\"><\/li>\n<\/ol>\n<div class=\"gb-container gb-container-4db6181c gb-container-mt\"> <a class=\"gb-button gb-button-c5897111 gb-button-text gb-button-mt-button\" href=\"https:\/\/exceladvisor.org\/es\/conceptos-basicos-de-excel\/\">Conceptos b\u00e1sicos de Microsoft Excel (componentes, piezas y notas de conocimiento)<\/a><\/p>\n<h2 class=\"gb-headline gb-headline-665e5f6b gb-headline-text gb-headline-mt-heading\"> Tutoriales relacionados <\/h2>\n<div class=\"gb-grid-wrapper gb-grid-wrapper-a20baf7c gb-grid-wrapper-mt-grid\">\n<div class=\"gb-grid-column gb-grid-column-65ddf67e\">\n<div class=\"gb-container gb-container-65ddf67e\">\n<ul>\n<li> <a href=\"https:\/\/exceladvisor.org\/es\/dibuja-una-linea\/\">Dibuja una l\u00ednea en Excel<\/a><\/li>\n<li> <a href=\"https:\/\/exceladvisor.org\/es\/fusionar-celulas-disociadas\/\">Fusionar: desagrupar celdas en Excel<\/a><\/li>\n<li> <a href=\"https:\/\/exceladvisor.org\/es\/corrector-ortografico\/\">Corrector ortogr\u00e1fico en Excel<\/a><\/li>\n<li> <a href=\"https:\/\/exceladvisor.org\/es\/retiro\/\">Aumentar y disminuir sangr\u00eda en Excel<\/a><\/li>\n<li> <a href=\"https:\/\/exceladvisor.org\/es\/rotar-texto\/\">Girar texto en Excel (orientaci\u00f3n del texto)<\/a> <\/li>\n<\/ul>\n<\/div>\n<\/div>\n<div class=\"gb-grid-column gb-grid-column-50067b57\">\n<div class=\"gb-container gb-container-50067b57\"><\/div>\n<\/div>\n<\/div>\n<\/div>\n","protected":false},"excerpt":{"rendered":"<p>En Excel, los usuarios pueden agregar botones habilitados para macros a las hojas de trabajo y ejecutar macros simplemente haciendo clic en ellos. Los usuarios pueden utilizar estos botones habilitados para macros para realizar varias tareas diferentes, como filtrar datos, seleccionar datos, imprimir una hoja de c\u00e1lculo, ejecutar f\u00f3rmulas y c\u00e1lculos simplemente haciendo clic en [&hellip;]<\/p>\n","protected":false},"author":1,"featured_media":0,"parent":0,"menu_order":0,"comment_status":"open","ping_status":"closed","template":"","meta":{"ub_ctt_via":"","footnotes":""},"class_list":["post-377","page","type-page","status-publish","hentry"],"featured_image_src":null,"yoast_head":"<!-- This site is optimized with the Yoast SEO plugin v25.4 - https:\/\/yoast.com\/wordpress\/plugins\/seo\/ -->\n<title>\u00bfc\u00f3mo agregar un bot\u00f3n en excel?<\/title>\n<meta name=\"robots\" content=\"index, follow, max-snippet:-1, max-image-preview:large, max-video-preview:-1\" \/>\n<link rel=\"canonical\" href=\"https:\/\/exceladvisor.org\/es\/agregar-un-boton\/\" \/>\n<meta property=\"og:locale\" content=\"es_ES\" \/>\n<meta property=\"og:type\" content=\"article\" \/>\n<meta property=\"og:title\" content=\"\u00bfc\u00f3mo agregar un bot\u00f3n en excel?\" \/>\n<meta property=\"og:description\" content=\"En Excel, los usuarios pueden agregar botones habilitados para macros a las hojas de trabajo y ejecutar macros simplemente haciendo clic en ellos. Los usuarios pueden utilizar estos botones habilitados para macros para realizar varias tareas diferentes, como filtrar datos, seleccionar datos, imprimir una hoja de c\u00e1lculo, ejecutar f\u00f3rmulas y c\u00e1lculos simplemente haciendo clic en [&hellip;]\" \/>\n<meta property=\"og:url\" content=\"https:\/\/exceladvisor.org\/es\/agregar-un-boton\/\" \/>\n<meta property=\"og:site_name\" content=\"Excel Advisor\" \/>\n<meta property=\"article:modified_time\" content=\"2023-12-25T10:22:57+00:00\" \/>\n<meta property=\"og:image\" content=\"https:\/\/exceladvisor.org\/wp-content\/uploads\/2023\/08\/1-icone-de-formes-dillustration.png\" \/>\n<meta name=\"twitter:card\" content=\"summary_large_image\" \/>\n<meta name=\"twitter:label1\" content=\"Tiempo de lectura\" \/>\n\t<meta name=\"twitter:data1\" content=\"4 minutos\" \/>\n<script type=\"application\/ld+json\" class=\"yoast-schema-graph\">{\"@context\":\"https:\/\/schema.org\",\"@graph\":[{\"@type\":\"WebPage\",\"@id\":\"https:\/\/exceladvisor.org\/es\/agregar-un-boton\/\",\"url\":\"https:\/\/exceladvisor.org\/es\/agregar-un-boton\/\",\"name\":\"\u00bfc\u00f3mo agregar un bot\u00f3n en excel?\",\"isPartOf\":{\"@id\":\"https:\/\/exceladvisor.org\/es\/#website\"},\"primaryImageOfPage\":{\"@id\":\"https:\/\/exceladvisor.org\/es\/agregar-un-boton\/#primaryimage\"},\"image\":{\"@id\":\"https:\/\/exceladvisor.org\/es\/agregar-un-boton\/#primaryimage\"},\"thumbnailUrl\":\"https:\/\/exceladvisor.org\/wp-content\/uploads\/2023\/08\/1-icone-de-formes-dillustration.png\",\"datePublished\":\"2023-10-31T13:17:03+00:00\",\"dateModified\":\"2023-12-25T10:22:57+00:00\",\"breadcrumb\":{\"@id\":\"https:\/\/exceladvisor.org\/es\/agregar-un-boton\/#breadcrumb\"},\"inLanguage\":\"es\",\"potentialAction\":[{\"@type\":\"ReadAction\",\"target\":[\"https:\/\/exceladvisor.org\/es\/agregar-un-boton\/\"]}]},{\"@type\":\"ImageObject\",\"inLanguage\":\"es\",\"@id\":\"https:\/\/exceladvisor.org\/es\/agregar-un-boton\/#primaryimage\",\"url\":\"https:\/\/exceladvisor.org\/wp-content\/uploads\/2023\/08\/1-icone-de-formes-dillustration.png\",\"contentUrl\":\"https:\/\/exceladvisor.org\/wp-content\/uploads\/2023\/08\/1-icone-de-formes-dillustration.png\"},{\"@type\":\"BreadcrumbList\",\"@id\":\"https:\/\/exceladvisor.org\/es\/agregar-un-boton\/#breadcrumb\",\"itemListElement\":[{\"@type\":\"ListItem\",\"position\":1,\"name\":\"Hogar\",\"item\":\"https:\/\/exceladvisor.org\/es\/\"},{\"@type\":\"ListItem\",\"position\":2,\"name\":\"\u00bfc\u00f3mo agregar un bot\u00f3n en excel?\"}]},{\"@type\":\"WebSite\",\"@id\":\"https:\/\/exceladvisor.org\/es\/#website\",\"url\":\"https:\/\/exceladvisor.org\/es\/\",\"name\":\"Excel Advisor\",\"description\":\"Su gu\u00eda para la dominaci\u00f3n de datos!\",\"publisher\":{\"@id\":\"https:\/\/exceladvisor.org\/es\/#organization\"},\"potentialAction\":[{\"@type\":\"SearchAction\",\"target\":{\"@type\":\"EntryPoint\",\"urlTemplate\":\"https:\/\/exceladvisor.org\/es\/?s={search_term_string}\"},\"query-input\":{\"@type\":\"PropertyValueSpecification\",\"valueRequired\":true,\"valueName\":\"search_term_string\"}}],\"inLanguage\":\"es\"},{\"@type\":\"Organization\",\"@id\":\"https:\/\/exceladvisor.org\/es\/#organization\",\"name\":\"Excel Advisor\",\"url\":\"https:\/\/exceladvisor.org\/es\/\",\"logo\":{\"@type\":\"ImageObject\",\"inLanguage\":\"es\",\"@id\":\"https:\/\/exceladvisor.org\/es\/#\/schema\/logo\/image\/\",\"url\":\"https:\/\/exceladvisor.org\/es\/wp-content\/uploads\/2023\/12\/exceladvisor.org_.png\",\"contentUrl\":\"https:\/\/exceladvisor.org\/es\/wp-content\/uploads\/2023\/12\/exceladvisor.org_.png\",\"width\":105,\"height\":36,\"caption\":\"Excel Advisor\"},\"image\":{\"@id\":\"https:\/\/exceladvisor.org\/es\/#\/schema\/logo\/image\/\"}}]}<\/script>\n<!-- \/ Yoast SEO plugin. -->","yoast_head_json":{"title":"\u00bfc\u00f3mo agregar un bot\u00f3n en excel?","robots":{"index":"index","follow":"follow","max-snippet":"max-snippet:-1","max-image-preview":"max-image-preview:large","max-video-preview":"max-video-preview:-1"},"canonical":"https:\/\/exceladvisor.org\/es\/agregar-un-boton\/","og_locale":"es_ES","og_type":"article","og_title":"\u00bfc\u00f3mo agregar un bot\u00f3n en excel?","og_description":"En Excel, los usuarios pueden agregar botones habilitados para macros a las hojas de trabajo y ejecutar macros simplemente haciendo clic en ellos. Los usuarios pueden utilizar estos botones habilitados para macros para realizar varias tareas diferentes, como filtrar datos, seleccionar datos, imprimir una hoja de c\u00e1lculo, ejecutar f\u00f3rmulas y c\u00e1lculos simplemente haciendo clic en [&hellip;]","og_url":"https:\/\/exceladvisor.org\/es\/agregar-un-boton\/","og_site_name":"Excel Advisor","article_modified_time":"2023-12-25T10:22:57+00:00","og_image":[{"url":"https:\/\/exceladvisor.org\/wp-content\/uploads\/2023\/08\/1-icone-de-formes-dillustration.png","type":"","width":"","height":""}],"twitter_card":"summary_large_image","twitter_misc":{"Tiempo de lectura":"4 minutos"},"schema":{"@context":"https:\/\/schema.org","@graph":[{"@type":"WebPage","@id":"https:\/\/exceladvisor.org\/es\/agregar-un-boton\/","url":"https:\/\/exceladvisor.org\/es\/agregar-un-boton\/","name":"\u00bfc\u00f3mo agregar un bot\u00f3n en excel?","isPartOf":{"@id":"https:\/\/exceladvisor.org\/es\/#website"},"primaryImageOfPage":{"@id":"https:\/\/exceladvisor.org\/es\/agregar-un-boton\/#primaryimage"},"image":{"@id":"https:\/\/exceladvisor.org\/es\/agregar-un-boton\/#primaryimage"},"thumbnailUrl":"https:\/\/exceladvisor.org\/wp-content\/uploads\/2023\/08\/1-icone-de-formes-dillustration.png","datePublished":"2023-10-31T13:17:03+00:00","dateModified":"2023-12-25T10:22:57+00:00","breadcrumb":{"@id":"https:\/\/exceladvisor.org\/es\/agregar-un-boton\/#breadcrumb"},"inLanguage":"es","potentialAction":[{"@type":"ReadAction","target":["https:\/\/exceladvisor.org\/es\/agregar-un-boton\/"]}]},{"@type":"ImageObject","inLanguage":"es","@id":"https:\/\/exceladvisor.org\/es\/agregar-un-boton\/#primaryimage","url":"https:\/\/exceladvisor.org\/wp-content\/uploads\/2023\/08\/1-icone-de-formes-dillustration.png","contentUrl":"https:\/\/exceladvisor.org\/wp-content\/uploads\/2023\/08\/1-icone-de-formes-dillustration.png"},{"@type":"BreadcrumbList","@id":"https:\/\/exceladvisor.org\/es\/agregar-un-boton\/#breadcrumb","itemListElement":[{"@type":"ListItem","position":1,"name":"Hogar","item":"https:\/\/exceladvisor.org\/es\/"},{"@type":"ListItem","position":2,"name":"\u00bfc\u00f3mo agregar un bot\u00f3n en excel?"}]},{"@type":"WebSite","@id":"https:\/\/exceladvisor.org\/es\/#website","url":"https:\/\/exceladvisor.org\/es\/","name":"Excel Advisor","description":"Su gu\u00eda para la dominaci\u00f3n de datos!","publisher":{"@id":"https:\/\/exceladvisor.org\/es\/#organization"},"potentialAction":[{"@type":"SearchAction","target":{"@type":"EntryPoint","urlTemplate":"https:\/\/exceladvisor.org\/es\/?s={search_term_string}"},"query-input":{"@type":"PropertyValueSpecification","valueRequired":true,"valueName":"search_term_string"}}],"inLanguage":"es"},{"@type":"Organization","@id":"https:\/\/exceladvisor.org\/es\/#organization","name":"Excel Advisor","url":"https:\/\/exceladvisor.org\/es\/","logo":{"@type":"ImageObject","inLanguage":"es","@id":"https:\/\/exceladvisor.org\/es\/#\/schema\/logo\/image\/","url":"https:\/\/exceladvisor.org\/es\/wp-content\/uploads\/2023\/12\/exceladvisor.org_.png","contentUrl":"https:\/\/exceladvisor.org\/es\/wp-content\/uploads\/2023\/12\/exceladvisor.org_.png","width":105,"height":36,"caption":"Excel Advisor"},"image":{"@id":"https:\/\/exceladvisor.org\/es\/#\/schema\/logo\/image\/"}}]}},"yoast_meta":{"yoast_wpseo_title":"","yoast_wpseo_metadesc":"","yoast_wpseo_canonical":""},"_links":{"self":[{"href":"https:\/\/exceladvisor.org\/es\/wp-json\/wp\/v2\/pages\/377","targetHints":{"allow":["GET"]}}],"collection":[{"href":"https:\/\/exceladvisor.org\/es\/wp-json\/wp\/v2\/pages"}],"about":[{"href":"https:\/\/exceladvisor.org\/es\/wp-json\/wp\/v2\/types\/page"}],"author":[{"embeddable":true,"href":"https:\/\/exceladvisor.org\/es\/wp-json\/wp\/v2\/users\/1"}],"replies":[{"embeddable":true,"href":"https:\/\/exceladvisor.org\/es\/wp-json\/wp\/v2\/comments?post=377"}],"version-history":[{"count":1,"href":"https:\/\/exceladvisor.org\/es\/wp-json\/wp\/v2\/pages\/377\/revisions"}],"predecessor-version":[{"id":805,"href":"https:\/\/exceladvisor.org\/es\/wp-json\/wp\/v2\/pages\/377\/revisions\/805"}],"wp:attachment":[{"href":"https:\/\/exceladvisor.org\/es\/wp-json\/wp\/v2\/media?parent=377"}],"curies":[{"name":"wp","href":"https:\/\/api.w.org\/{rel}","templated":true}]}}