{"id":378,"date":"2023-10-31T12:32:23","date_gmt":"2023-10-31T12:32:23","guid":{"rendered":"https:\/\/exceladvisor.org\/es\/proteger-la-hoja\/"},"modified":"2023-12-25T10:26:46","modified_gmt":"2023-12-25T10:26:46","slug":"proteger-la-hoja","status":"publish","type":"page","link":"https:\/\/exceladvisor.org\/es\/proteger-la-hoja\/","title":{"rendered":"\u00bfc\u00f3mo proteger\/desproteger una hoja usando vba?"},"content":{"rendered":"<div class=\"excel-antes-del-contenido\" id=\"excel-3593332964\"><script type=\"text\/javascript\">\r\n\tatOptions = {\r\n\t\t'key' : 'c1158f160081d6540a8409e6925dab94',\r\n\t\t'format' : 'iframe',\r\n\t\t'height' : 250,\r\n\t\t'width' : 300,\r\n\t\t'params' : {}\r\n\t};\r\n<\/script>\r\n<script type=\"text\/javascript\" src=\"\/\/www.highperformanceformat.com\/c1158f160081d6540a8409e6925dab94\/invoke.js\"><\/script><\/div><p>En VBA existe el m\u00e9todo PROTECT que puedes usar con una hoja. En este m\u00e9todo, tienes la opci\u00f3n de proteger una hoja, con o sin contrase\u00f1a. Y tambi\u00e9n puedes proteger un objeto de la s\u00e1bana. Todo esto lo veremos en detalle en este tutorial.<\/p>\n<p> En el tutorial, veremos c\u00f3mo proteger y desproteger una o varias hojas usando c\u00f3digo VBA.<\/p>\n<h2 class=\"wp-block-heading\"> Escribe c\u00f3digo VBA para proteger una hoja.<\/h2>\n<p> Para proteger una hoja, primero debe especificar la hoja y luego utilizar el m\u00e9todo de protecci\u00f3n. Aqu\u00ed est\u00e1n los pasos.<\/p>\n<ol type=\"1\">\n<li> Utilice el objeto de hojas para especificar la hoja.<\/li>\n<li> Ingrese el nombre de la hoja que desea proteger.<\/li>\n<li> Escriba un punto para obtener una lista de m\u00e9todos y propiedades.<\/li>\n<li> Seleccione el m\u00e9todo del proyecto o ingr\u00e9selo. <\/li>\n<\/ol>\n<div class=\"wp-block-image\">\n<figure class=\"aligncenter size-large is-resized\"><img loading=\"lazy\" decoding=\"async\" class=\"wp-image-52410\" src=\"https:\/\/exceladvisor.org\/wp-content\/uploads\/2023\/08\/1-utiliser-lobjet-feuille-pour-specifier-la-feuille-a-proteger.png\" sizes=\"auto, \" srcset=\"\" alt=\"usar-el-objeto-de-hoja-para-especificar-la-hoja-a-proteger\" width=\"339\" height=\"190\"><\/figure>\n<\/div>\n<pre class=\"wp-block-code\"> <code class=\"language-visual-basic\" lang=\"visual-basic\">Sheets(\"Sheet1\").Protect<\/code><\/pre>\n<p class=\"content-box-grey\"> <em>Enlaces \u00fatiles: <a href=\"https:\/\/exceladvisor.org\/es\/ejecutar-una-macro-2\/\">Ejecutar una macro<\/a> \u2013 <a href=\"https:\/\/exceladvisor.org\/es\/grabar-una-macro\/\">Grabador de macros<\/a> \u2013 <a href=\"https:\/\/exceladvisor.org\/es\/editor-visual-basico\/\">Editor de Visual Basic<\/a> \u2013 <a href=\"https:\/\/exceladvisor.org\/es\/cuaderno-macro-personal\/\">Manual de macros personales<\/a><\/em><\/p>\n<h2 class=\"wp-block-heading\"> Escribe c\u00f3digo VBA para desproteger una hoja.<\/h2>\n<p> Para proteger una hoja, primero debe especificar la hoja y luego utilizar el m\u00e9todo de desprotecci\u00f3n. Aqu\u00ed est\u00e1n los pasos.<\/p>\n<ol type=\"1\">\n<li> Especifique la hoja utilizando el objeto de hoja.<\/li>\n<li> Y luego, ingresa el nombre de la hoja que deseas proteger.<\/li>\n<li> Ingrese un punto para obtener una lista de m\u00e9todos y propiedades.<\/li>\n<li> Seleccione el m\u00e9todo \u201cDesproteger\u201d o ingr\u00e9selo. <\/li>\n<\/ol>\n<div class=\"wp-block-image\">\n<figure class=\"aligncenter size-large is-resized\"><img loading=\"lazy\" decoding=\"async\" class=\"wp-image-52411\" src=\"https:\/\/exceladvisor.org\/wp-content\/uploads\/2023\/08\/2-utilisez-lobjet-feuille-pour-specifier-la-feuille-a-deproteger.png\" sizes=\"auto, \" srcset=\"\" alt=\"utilizar-objeto-hoja-para-especificar-la-hoja-que-deber\u00e1-desprotegerse\" width=\"393\" height=\"189\"><\/figure>\n<\/div>\n<pre class=\"wp-block-code\"> <code class=\"language-visual-basic\" lang=\"visual-basic\">Sheets(\"Sheet1\").Unprotect<\/code><\/pre>\n<h2 class=\"wp-block-heading\"> Proteger una hoja con una contrase\u00f1a<\/h2>\n<p> Si desea establecer una contrase\u00f1a mientras protege una hoja, en este caso deber\u00e1 utilizar el argumento contrase\u00f1a para especificar una contrase\u00f1a. Supongamos que desea establecer una contrase\u00f1a \u00abtest123\u00bb en la hoja para protegerla, el c\u00f3digo ser\u00eda como el siguiente. <\/p>\n<div class=\"wp-block-image\">\n<figure class=\"aligncenter size-large is-resized\"><img loading=\"lazy\" decoding=\"async\" class=\"wp-image-52412\" src=\"https:\/\/exceladvisor.org\/wp-content\/uploads\/2023\/08\/3-proteger-une-feuille-avec-un-mot-de-passe.png\" sizes=\"auto, \" srcset=\"\" alt=\"proteger-una-hoja-con-contrase\u00f1a\" width=\"480\" height=\"174\"><\/figure>\n<\/div>\n<pre class=\"wp-block-code\"> <code class=\"language-visual-basic\" lang=\"visual-basic\">Sheets(\"Sheet1\").Protect Password:=\"test123\"<\/code><\/pre>\n<h2 class=\"wp-block-heading\"> Desproteger una hoja con contrase\u00f1a<\/h2>\n<p> De manera similar, si desea desproteger una hoja, debe mencionar la contrase\u00f1a en el argumento de contrase\u00f1a. Digamos que la contrase\u00f1a que us\u00f3 para proteger la hoja es \u00abADSBP\u00bb, por lo que el c\u00f3digo para desprotegerla ser\u00eda el siguiente.<\/p>\n<pre class=\"wp-block-code\"> <code class=\"language-visual-basic\" lang=\"visual-basic\">Sheets(\"Sheet1\").Unprotect Password:=\"ADSBP\"<\/code><\/pre>\n<p> Hay una cosa con la que debes tener cuidado, presta atenci\u00f3n a la letra may\u00fascula porque VBA diferencia entre letras may\u00fasculas y min\u00fasculas.<\/p>\n<h2 class=\"wp-block-heading\"> Otras cosas que debes saber<\/h2>\n<p> Como dije, estamos usando el m\u00e9todo \u00abProteger\u00bb de VBA y hay otros argumentos adem\u00e1s de \u00abContrase\u00f1a\u00bb con este m\u00e9todo que puedes usar.<\/p>\n<pre class=\"wp-block-code\"> <code class=\"language-visual-basic\" lang=\"visual-basic\">expression.Protect (Password, DrawingObjects, Contents, Scenarios, UserInterfaceOnly, AllowFormattingCells, AllowFormattingColumns, AllowFormattingRows, AllowInsertingColumns, AllowInsertingRows, AllowInsertingHyperlinks, AllowDeletingColumns, AllowDeletingRows, AllowSorting, AllowFiltering, AllowUsingPivotTables)<\/code><\/pre>\n<ol type=\"1\">\n<li> <strong>DrawingObjects<\/strong> : Para proteger y desproteger formas.<\/li>\n<li> <strong>Contenido<\/strong> : PARA proteger las celdas que est\u00e1n bloqueadas y todo el gr\u00e1fico.<\/li>\n<li> <strong>Escenarios<\/strong> : para proteger escenarios en la hoja de c\u00e1lculo.<\/li>\n<li> <strong>UserInterfaceOnly<\/strong> : para proteger solo la interfaz de usuario, no las macros.<\/li>\n<li> <strong>AllowFormattingCells<\/strong> : para permitir al usuario aplicar formato a las celdas.<\/li>\n<li> <strong>AllowFormattingColumns<\/strong> : para permitir que el usuario aplique formato a las columnas.<\/li>\n<li> <strong>AllowFormattingRows<\/strong> : para permitir al usuario aplicar formato a las filas.<\/li>\n<li> <strong>AllowInsertingColumns<\/strong> : para permitir al usuario insertar nuevas columnas.<\/li>\n<li> <strong>AllowInsertingRows<\/strong> : para permitir al usuario insertar nuevas filas.<\/li>\n<li> <strong>AllowInsertingHyperlinks<\/strong> : para permitir al usuario crear hiperv\u00ednculos.<\/li>\n<li> <strong>AllowDeletingColumns<\/strong> : para permitir al usuario eliminar columnas.<\/li>\n<li> <strong>AllowDeletingRows<\/strong> : para permitir al usuario eliminar filas.<\/li>\n<li> <strong>Permitir clasificaci\u00f3n<\/strong> : para permitir al usuario ordenar filas, columnas y tablas.<\/li>\n<li> <strong>AllowFiltering<\/strong> : para permitir el filtrado de columnas.<\/li>\n<li> <strong>AllowUsingPivotTables<\/strong> : para permitir al usuario utilizar una tabla din\u00e1mica.<\/li>\n<\/ol>\n<h2 class=\"wp-block-heading\"> Comentarios<\/h2>\n<ul>\n<li> Aseg\u00farese de utilizar contrase\u00f1as seguras que combinen letras may\u00fasculas y min\u00fasculas, n\u00fameros y s\u00edmbolos.<\/li>\n<li> Si olvida su contrase\u00f1a, Microsoft no podr\u00e1 recuperarla. Por lo tanto, aseg\u00farese de escribir su contrase\u00f1a en alg\u00fan lugar seguro.<\/li>\n<li> Si una hoja est\u00e1 protegida sin contrase\u00f1a y ahora quieres protegerla con contrase\u00f1a, primero debes desprotegerla. Y luego vuelva a protegerlo con una contrase\u00f1a usando el c\u00f3digo que vio arriba.<\/li>\n<\/ul>\n<div class=\"gb-container gb-container-4db6181c gb-container-mt\"> <a class=\"gb-button gb-button-c5897111 gb-button-text gb-button-mt-button\" href=\"https:\/\/exceladvisor.org\/es\/vba\/\">\u00bfQu\u00e9 es VBA?<\/a><\/p>\n<h2 class=\"gb-headline gb-headline-665e5f6b gb-headline-text gb-headline-mt-heading\"> Tutoriales relacionados <\/h2>\n<div class=\"gb-grid-wrapper gb-grid-wrapper-a20baf7c gb-grid-wrapper-mt-grid\">\n<div class=\"gb-grid-column gb-grid-column-65ddf67e\">\n<div class=\"gb-container gb-container-65ddf67e\">\n<ul>\n<li> <a href=\"https:\/\/exceladvisor.org\/es\/hoja-clara\/\">BORRAR una hoja completa usando VBA en Excel<\/a><\/li>\n<li> <a href=\"https:\/\/exceladvisor.org\/es\/copiar-hoja\/\">Copiar y mover una hoja en Excel usando VBA<\/a><\/li>\n<li> <a href=\"https:\/\/exceladvisor.org\/es\/contar-las-hojas\/\">CONTAR Hojas usando VBA en Excel<\/a><\/li>\n<li> <a href=\"https:\/\/exceladvisor.org\/es\/eliminar-una-hoja-1\/\">ELIMINAR una HOJA usando VBA en Excel<\/a><\/li>\n<li> <a href=\"https:\/\/exceladvisor.org\/es\/ocultar-hoja\/\">Ocultar y mostrar una hoja usando VBA en Excel<\/a> <\/li>\n<\/ul>\n<\/div>\n<\/div>\n<div class=\"gb-grid-column gb-grid-column-50067b57\">\n<div class=\"gb-container gb-container-50067b57\"><\/div>\n<\/div>\n<\/div>\n<\/div>\n","protected":false},"excerpt":{"rendered":"<p>En VBA existe el m\u00e9todo PROTECT que puedes usar con una hoja. En este m\u00e9todo, tienes la opci\u00f3n de proteger una hoja, con o sin contrase\u00f1a. Y tambi\u00e9n puedes proteger un objeto de la s\u00e1bana. Todo esto lo veremos en detalle en este tutorial. En el tutorial, veremos c\u00f3mo proteger y desproteger una o varias [&hellip;]<\/p>\n","protected":false},"author":1,"featured_media":0,"parent":0,"menu_order":0,"comment_status":"open","ping_status":"closed","template":"","meta":{"ub_ctt_via":"","footnotes":""},"class_list":["post-378","page","type-page","status-publish","hentry"],"featured_image_src":null,"yoast_head":"<!-- This site is optimized with the Yoast SEO plugin v25.4 - https:\/\/yoast.com\/wordpress\/plugins\/seo\/ -->\n<title>\u00bfc\u00f3mo proteger\/desproteger una hoja usando vba?<\/title>\n<meta name=\"robots\" content=\"index, follow, max-snippet:-1, max-image-preview:large, max-video-preview:-1\" \/>\n<link rel=\"canonical\" href=\"https:\/\/exceladvisor.org\/es\/proteger-la-hoja\/\" \/>\n<meta property=\"og:locale\" content=\"es_ES\" \/>\n<meta property=\"og:type\" content=\"article\" \/>\n<meta property=\"og:title\" content=\"\u00bfc\u00f3mo proteger\/desproteger una hoja usando vba?\" \/>\n<meta property=\"og:description\" content=\"En VBA existe el m\u00e9todo PROTECT que puedes usar con una hoja. En este m\u00e9todo, tienes la opci\u00f3n de proteger una hoja, con o sin contrase\u00f1a. Y tambi\u00e9n puedes proteger un objeto de la s\u00e1bana. Todo esto lo veremos en detalle en este tutorial. En el tutorial, veremos c\u00f3mo proteger y desproteger una o varias [&hellip;]\" \/>\n<meta property=\"og:url\" content=\"https:\/\/exceladvisor.org\/es\/proteger-la-hoja\/\" \/>\n<meta property=\"og:site_name\" content=\"Excel Advisor\" \/>\n<meta property=\"article:modified_time\" content=\"2023-12-25T10:26:46+00:00\" \/>\n<meta property=\"og:image\" content=\"https:\/\/exceladvisor.org\/wp-content\/uploads\/2023\/08\/1-utiliser-lobjet-feuille-pour-specifier-la-feuille-a-proteger.png\" \/>\n<meta name=\"twitter:card\" content=\"summary_large_image\" \/>\n<meta name=\"twitter:label1\" content=\"Tiempo de lectura\" \/>\n\t<meta name=\"twitter:data1\" content=\"3 minutos\" \/>\n<script type=\"application\/ld+json\" class=\"yoast-schema-graph\">{\"@context\":\"https:\/\/schema.org\",\"@graph\":[{\"@type\":\"WebPage\",\"@id\":\"https:\/\/exceladvisor.org\/es\/proteger-la-hoja\/\",\"url\":\"https:\/\/exceladvisor.org\/es\/proteger-la-hoja\/\",\"name\":\"\u00bfc\u00f3mo proteger\/desproteger una hoja usando vba?\",\"isPartOf\":{\"@id\":\"https:\/\/exceladvisor.org\/es\/#website\"},\"primaryImageOfPage\":{\"@id\":\"https:\/\/exceladvisor.org\/es\/proteger-la-hoja\/#primaryimage\"},\"image\":{\"@id\":\"https:\/\/exceladvisor.org\/es\/proteger-la-hoja\/#primaryimage\"},\"thumbnailUrl\":\"https:\/\/exceladvisor.org\/wp-content\/uploads\/2023\/08\/1-utiliser-lobjet-feuille-pour-specifier-la-feuille-a-proteger.png\",\"datePublished\":\"2023-10-31T12:32:23+00:00\",\"dateModified\":\"2023-12-25T10:26:46+00:00\",\"breadcrumb\":{\"@id\":\"https:\/\/exceladvisor.org\/es\/proteger-la-hoja\/#breadcrumb\"},\"inLanguage\":\"es\",\"potentialAction\":[{\"@type\":\"ReadAction\",\"target\":[\"https:\/\/exceladvisor.org\/es\/proteger-la-hoja\/\"]}]},{\"@type\":\"ImageObject\",\"inLanguage\":\"es\",\"@id\":\"https:\/\/exceladvisor.org\/es\/proteger-la-hoja\/#primaryimage\",\"url\":\"https:\/\/exceladvisor.org\/wp-content\/uploads\/2023\/08\/1-utiliser-lobjet-feuille-pour-specifier-la-feuille-a-proteger.png\",\"contentUrl\":\"https:\/\/exceladvisor.org\/wp-content\/uploads\/2023\/08\/1-utiliser-lobjet-feuille-pour-specifier-la-feuille-a-proteger.png\"},{\"@type\":\"BreadcrumbList\",\"@id\":\"https:\/\/exceladvisor.org\/es\/proteger-la-hoja\/#breadcrumb\",\"itemListElement\":[{\"@type\":\"ListItem\",\"position\":1,\"name\":\"Hogar\",\"item\":\"https:\/\/exceladvisor.org\/es\/\"},{\"@type\":\"ListItem\",\"position\":2,\"name\":\"\u00bfc\u00f3mo proteger\/desproteger una hoja usando vba?\"}]},{\"@type\":\"WebSite\",\"@id\":\"https:\/\/exceladvisor.org\/es\/#website\",\"url\":\"https:\/\/exceladvisor.org\/es\/\",\"name\":\"Excel Advisor\",\"description\":\"Su gu\u00eda para la dominaci\u00f3n de datos!\",\"publisher\":{\"@id\":\"https:\/\/exceladvisor.org\/es\/#organization\"},\"potentialAction\":[{\"@type\":\"SearchAction\",\"target\":{\"@type\":\"EntryPoint\",\"urlTemplate\":\"https:\/\/exceladvisor.org\/es\/?s={search_term_string}\"},\"query-input\":{\"@type\":\"PropertyValueSpecification\",\"valueRequired\":true,\"valueName\":\"search_term_string\"}}],\"inLanguage\":\"es\"},{\"@type\":\"Organization\",\"@id\":\"https:\/\/exceladvisor.org\/es\/#organization\",\"name\":\"Excel Advisor\",\"url\":\"https:\/\/exceladvisor.org\/es\/\",\"logo\":{\"@type\":\"ImageObject\",\"inLanguage\":\"es\",\"@id\":\"https:\/\/exceladvisor.org\/es\/#\/schema\/logo\/image\/\",\"url\":\"https:\/\/exceladvisor.org\/es\/wp-content\/uploads\/2023\/12\/exceladvisor.org_.png\",\"contentUrl\":\"https:\/\/exceladvisor.org\/es\/wp-content\/uploads\/2023\/12\/exceladvisor.org_.png\",\"width\":105,\"height\":36,\"caption\":\"Excel Advisor\"},\"image\":{\"@id\":\"https:\/\/exceladvisor.org\/es\/#\/schema\/logo\/image\/\"}}]}<\/script>\n<!-- \/ Yoast SEO plugin. -->","yoast_head_json":{"title":"\u00bfc\u00f3mo proteger\/desproteger una hoja usando vba?","robots":{"index":"index","follow":"follow","max-snippet":"max-snippet:-1","max-image-preview":"max-image-preview:large","max-video-preview":"max-video-preview:-1"},"canonical":"https:\/\/exceladvisor.org\/es\/proteger-la-hoja\/","og_locale":"es_ES","og_type":"article","og_title":"\u00bfc\u00f3mo proteger\/desproteger una hoja usando vba?","og_description":"En VBA existe el m\u00e9todo PROTECT que puedes usar con una hoja. En este m\u00e9todo, tienes la opci\u00f3n de proteger una hoja, con o sin contrase\u00f1a. Y tambi\u00e9n puedes proteger un objeto de la s\u00e1bana. Todo esto lo veremos en detalle en este tutorial. En el tutorial, veremos c\u00f3mo proteger y desproteger una o varias [&hellip;]","og_url":"https:\/\/exceladvisor.org\/es\/proteger-la-hoja\/","og_site_name":"Excel Advisor","article_modified_time":"2023-12-25T10:26:46+00:00","og_image":[{"url":"https:\/\/exceladvisor.org\/wp-content\/uploads\/2023\/08\/1-utiliser-lobjet-feuille-pour-specifier-la-feuille-a-proteger.png","type":"","width":"","height":""}],"twitter_card":"summary_large_image","twitter_misc":{"Tiempo de lectura":"3 minutos"},"schema":{"@context":"https:\/\/schema.org","@graph":[{"@type":"WebPage","@id":"https:\/\/exceladvisor.org\/es\/proteger-la-hoja\/","url":"https:\/\/exceladvisor.org\/es\/proteger-la-hoja\/","name":"\u00bfc\u00f3mo proteger\/desproteger una hoja usando vba?","isPartOf":{"@id":"https:\/\/exceladvisor.org\/es\/#website"},"primaryImageOfPage":{"@id":"https:\/\/exceladvisor.org\/es\/proteger-la-hoja\/#primaryimage"},"image":{"@id":"https:\/\/exceladvisor.org\/es\/proteger-la-hoja\/#primaryimage"},"thumbnailUrl":"https:\/\/exceladvisor.org\/wp-content\/uploads\/2023\/08\/1-utiliser-lobjet-feuille-pour-specifier-la-feuille-a-proteger.png","datePublished":"2023-10-31T12:32:23+00:00","dateModified":"2023-12-25T10:26:46+00:00","breadcrumb":{"@id":"https:\/\/exceladvisor.org\/es\/proteger-la-hoja\/#breadcrumb"},"inLanguage":"es","potentialAction":[{"@type":"ReadAction","target":["https:\/\/exceladvisor.org\/es\/proteger-la-hoja\/"]}]},{"@type":"ImageObject","inLanguage":"es","@id":"https:\/\/exceladvisor.org\/es\/proteger-la-hoja\/#primaryimage","url":"https:\/\/exceladvisor.org\/wp-content\/uploads\/2023\/08\/1-utiliser-lobjet-feuille-pour-specifier-la-feuille-a-proteger.png","contentUrl":"https:\/\/exceladvisor.org\/wp-content\/uploads\/2023\/08\/1-utiliser-lobjet-feuille-pour-specifier-la-feuille-a-proteger.png"},{"@type":"BreadcrumbList","@id":"https:\/\/exceladvisor.org\/es\/proteger-la-hoja\/#breadcrumb","itemListElement":[{"@type":"ListItem","position":1,"name":"Hogar","item":"https:\/\/exceladvisor.org\/es\/"},{"@type":"ListItem","position":2,"name":"\u00bfc\u00f3mo proteger\/desproteger una hoja usando vba?"}]},{"@type":"WebSite","@id":"https:\/\/exceladvisor.org\/es\/#website","url":"https:\/\/exceladvisor.org\/es\/","name":"Excel Advisor","description":"Su gu\u00eda para la dominaci\u00f3n de datos!","publisher":{"@id":"https:\/\/exceladvisor.org\/es\/#organization"},"potentialAction":[{"@type":"SearchAction","target":{"@type":"EntryPoint","urlTemplate":"https:\/\/exceladvisor.org\/es\/?s={search_term_string}"},"query-input":{"@type":"PropertyValueSpecification","valueRequired":true,"valueName":"search_term_string"}}],"inLanguage":"es"},{"@type":"Organization","@id":"https:\/\/exceladvisor.org\/es\/#organization","name":"Excel Advisor","url":"https:\/\/exceladvisor.org\/es\/","logo":{"@type":"ImageObject","inLanguage":"es","@id":"https:\/\/exceladvisor.org\/es\/#\/schema\/logo\/image\/","url":"https:\/\/exceladvisor.org\/es\/wp-content\/uploads\/2023\/12\/exceladvisor.org_.png","contentUrl":"https:\/\/exceladvisor.org\/es\/wp-content\/uploads\/2023\/12\/exceladvisor.org_.png","width":105,"height":36,"caption":"Excel Advisor"},"image":{"@id":"https:\/\/exceladvisor.org\/es\/#\/schema\/logo\/image\/"}}]}},"yoast_meta":{"yoast_wpseo_title":"","yoast_wpseo_metadesc":"","yoast_wpseo_canonical":""},"_links":{"self":[{"href":"https:\/\/exceladvisor.org\/es\/wp-json\/wp\/v2\/pages\/378","targetHints":{"allow":["GET"]}}],"collection":[{"href":"https:\/\/exceladvisor.org\/es\/wp-json\/wp\/v2\/pages"}],"about":[{"href":"https:\/\/exceladvisor.org\/es\/wp-json\/wp\/v2\/types\/page"}],"author":[{"embeddable":true,"href":"https:\/\/exceladvisor.org\/es\/wp-json\/wp\/v2\/users\/1"}],"replies":[{"embeddable":true,"href":"https:\/\/exceladvisor.org\/es\/wp-json\/wp\/v2\/comments?post=378"}],"version-history":[{"count":1,"href":"https:\/\/exceladvisor.org\/es\/wp-json\/wp\/v2\/pages\/378\/revisions"}],"predecessor-version":[{"id":1160,"href":"https:\/\/exceladvisor.org\/es\/wp-json\/wp\/v2\/pages\/378\/revisions\/1160"}],"wp:attachment":[{"href":"https:\/\/exceladvisor.org\/es\/wp-json\/wp\/v2\/media?parent=378"}],"curies":[{"name":"wp","href":"https:\/\/api.w.org\/{rel}","templated":true}]}}