{"id":38,"date":"2023-11-19T01:20:47","date_gmt":"2023-11-19T01:20:47","guid":{"rendered":"https:\/\/exceladvisor.org\/es\/fecha-en-mes-ano\/"},"modified":"2023-12-25T10:24:49","modified_gmt":"2023-12-25T10:24:49","slug":"fecha-en-mes-ano","status":"publish","type":"page","link":"https:\/\/exceladvisor.org\/es\/fecha-en-mes-ano\/","title":{"rendered":"\u00bfc\u00f3mo convertir fecha a mes y a\u00f1o?"},"content":{"rendered":"<div class=\"excel-antes-del-contenido\" id=\"excel-2646594971\"><script type=\"text\/javascript\">\r\n\tatOptions = {\r\n\t\t'key' : 'c1158f160081d6540a8409e6925dab94',\r\n\t\t'format' : 'iframe',\r\n\t\t'height' : 250,\r\n\t\t'width' : 300,\r\n\t\t'params' : {}\r\n\t};\r\n<\/script>\r\n<script type=\"text\/javascript\" src=\"\/\/www.highperformanceformat.com\/c1158f160081d6540a8409e6925dab94\/invoke.js\"><\/script><\/div><p>Excel tiene dos formas de convertir una fecha en mes y a\u00f1o. Y en este tutorial, aprenderemos ambos m\u00e9todos en detalle.<\/p>\n<h2 class=\"wp-block-heading\"> M\u00e9todo 1: formato personalizado<\/h2>\n<p> Puede utilizar los pasos a continuaci\u00f3n para hacer esto:<\/p>\n<ol>\n<li> Primero, selecciona la celda donde tienes la fecha. <br \/><img loading=\"lazy\" decoding=\"async\" title=\"1-convertir-fecha-a-mes-y-a\u00f1o\" src=\"https:\/\/exceladvisor.org\/wp-content\/uploads\/2023\/08\/1-convertir-la-date-en-mois-et-annee.png\" sizes=\"auto, \" srcset=\"\" alt=\"convert-date-into-month-and-year\" width=\"507\" height=\"289\"><\/li>\n<li> Despu\u00e9s de eso, use el atajo Ctrl+1 para abrir la opci\u00f3n Formatear celdas. <br \/><img loading=\"lazy\" decoding=\"async\" title=\"Opci\u00f3n de formato abierto de 2 celdas\" src=\"https:\/\/exceladvisor.org\/wp-content\/uploads\/2023\/08\/2-cellules-format-ouvert-option-2.png\" sizes=\"auto, \" srcset=\"\" alt=\"open-format-cells-option\" width=\"541\" height=\"351\"><\/li>\n<li> Desde all\u00ed, haga clic en la categor\u00eda \u00abPersonalizado\u00bb. <br \/><img loading=\"lazy\" decoding=\"async\" title=\"3-elegir-categor\u00eda-personalizada\" src=\"https:\/\/exceladvisor.org\/wp-content\/uploads\/2023\/08\/3-choisissez-la-categorie-personnalisee.png\" sizes=\"auto, \" srcset=\"\" alt=\"choose-custom-category\" width=\"540\" height=\"379\"><\/li>\n<li> Ahora, en la barra de entrada de texto, debe especificar el formato que se aplicar\u00e1 a la fecha. Por ejemplo, puede ingresar \u00abmmm-aaaa\u00bb para el mes y el a\u00f1o. <br \/><img loading=\"lazy\" decoding=\"async\" title=\"Formato-de-4-fechas-en-la-entrada-mmm-aaaa\" src=\"https:\/\/exceladvisor.org\/wp-content\/uploads\/2023\/08\/4-format-de-date-dentree-au-format-mmm-aaaa.png\" sizes=\"auto, \" srcset=\"\" alt=\"input-date-format-as-mmm-yyyy\" width=\"542\" height=\"358\"><\/li>\n<li> Al final, haga clic en Aceptar para aplicar el formato a la celda. <br \/><img loading=\"lazy\" decoding=\"async\" title=\"Formato 5 meses y a\u00f1o.\" src=\"https:\/\/exceladvisor.org\/wp-content\/uploads\/2023\/08\/5-appliquer-le-format-mois-et-annee.png\" sizes=\"auto, \" srcset=\"\" alt=\"apply-month-and-year-format\" width=\"363\" height=\"139\"><\/li>\n<\/ol>\n<p> Y cuando haga clic en Aceptar, convertir\u00e1 la fecha solo a mes y a\u00f1o. <\/p>\n<div class=\"wp-block-image\">\n<figure class=\"aligncenter size-full is-resized\"><img loading=\"lazy\" decoding=\"async\" class=\"wp-image-83650\" src=\"https:\/\/exceladvisor.org\/wp-content\/uploads\/2023\/08\/6-date-comme-mois-et-annee-seulement.png\" sizes=\"auto, \" srcset=\"\" alt=\"fecha-como-mes-y-a\u00f1o-solamente\" width=\"507\" height=\"330\"><\/figure>\n<\/div>\n<p> Y si ves la barra de f\u00f3rmulas, siempre es una fecha con el d\u00eda, mes y a\u00f1o. La \u00fanica diferencia es el formato que aplic\u00f3 a la celda para convertirla a mes y a\u00f1o.<\/p>\n<p> Estos son los pocos formatos que puede utilizar:<\/p>\n<ul>\n<li> mmm \u2013 para el nombre corto del mes.<\/li>\n<li> mm \u2013 para el n\u00famero del mes.<\/li>\n<li> mmmm \u2013 para el nombre largo del mes.<\/li>\n<li> yy- para el a\u00f1o de dos d\u00edgitos.<\/li>\n<li> aaaa \u2013 para el a\u00f1o de cuatro d\u00edgitos.<\/li>\n<\/ul>\n<h2 class=\"wp-block-heading\"> M\u00e9todo 2: convertir a una celda separada<\/h2>\n<p> Digamos que necesitas tener el resultado en una celda separada; en este caso puede utilizar la funci\u00f3n TEXTO. Esta funci\u00f3n le permite extraer el valor de una fecha y luego formatearla como desee. <\/p>\n<div class=\"wp-block-image\">\n<figure class=\"aligncenter size-full is-resized\"><img loading=\"lazy\" decoding=\"async\" class=\"wp-image-83651\" src=\"https:\/\/exceladvisor.org\/wp-content\/uploads\/2023\/08\/7-convertir-la-date-dans-une-cellule-separee.png\" sizes=\"auto, \" srcset=\"\" alt=\"convertir-fecha-en-una-celda-separada\" width=\"481\" height=\"304\"><\/figure>\n<\/div>\n<pre class=\"wp-block-code\"> <code class=\"language-excel-formula\" lang=\"excel-formula\">=TEXT(A1,\"mmm-yyyy\")<\/code><\/pre>\n<p> Con la funci\u00f3n de texto, tienes dos argumentos para configurar.<\/p>\n<p> En el primer argumento (valor), especifique la fecha que desea convertir a mes y a\u00f1o o mes y a\u00f1o por separado. Y en el segundo argumento (formato_texto) debes especificar el formato.<\/p>\n<p> Puede utilizar los formatos siguientes, que son los mismos que utilizamos en los primeros m\u00e9todos.<\/p>\n<ul>\n<li> mmm<\/li>\n<li> mil\u00edmetro<\/li>\n<li> mmmm<\/li>\n<li> Autom\u00f3vil club brit\u00e1nico<\/li>\n<li> aaaa<\/li>\n<li> mmm-aaaa<\/li>\n<li> mm-aa<\/li>\n<\/ul>\n<div class=\"gb-container gb-container-0df56012 gb-container-mt\"> <a class=\"gb-button gb-button-f9f432f4 gb-button-text gb-button-mt-button\" href=\"https:\/\/exceladvisor.org\/es\/formulas\/\">Lista de f\u00f3rmulas de Excel<\/a><\/p>\n<h2 class=\"gb-headline gb-headline-233444e8 gb-headline-text gb-headline-mt-heading\"> F\u00f3rmulas relacionadas <\/h2>\n<div class=\"gb-grid-wrapper gb-grid-wrapper-a16fa65c gb-grid-wrapper-mt-grid\">\n<div class=\"gb-grid-column gb-grid-column-50d07e0d\">\n<div class=\"gb-container gb-container-50d07e0d\">\n<ul>\n<li> <a href=\"https:\/\/exceladvisor.org\/es\/agregar-un-mes-a-una-fecha-2\/\">Agregar un mes a una fecha en Excel<\/a><\/li>\n<li> <a href=\"https:\/\/exceladvisor.org\/es\/final-de-mes\/\">Obtener fecha de fin de mes en Excel<\/a><\/li>\n<li> <a href=\"https:\/\/exceladvisor.org\/es\/primer-dia-del-mes-2\/\">Obtener el primer d\u00eda del mes en Excel (inicio de mes)<\/a><\/li>\n<li> <a href=\"https:\/\/exceladvisor.org\/es\/nombre-del-mes\/\">Obtener mes a partir de una fecha en Excel (extracto)<\/a><\/li>\n<li> <a href=\"https:\/\/exceladvisor.org\/es\/cuarto\/\">Obtener un trimestre a partir de una fecha [Fiscal + Calendario] en Excel<\/a> <\/li>\n<\/ul>\n<\/div>\n<\/div>\n<div class=\"gb-grid-column gb-grid-column-5b4a0cf9\">\n<div class=\"gb-container gb-container-5b4a0cf9\"><\/div>\n<\/div>\n<\/div>\n<\/div>\n","protected":false},"excerpt":{"rendered":"<p>Excel tiene dos formas de convertir una fecha en mes y a\u00f1o. Y en este tutorial, aprenderemos ambos m\u00e9todos en detalle. M\u00e9todo 1: formato personalizado Puede utilizar los pasos a continuaci\u00f3n para hacer esto: Primero, selecciona la celda donde tienes la fecha. Despu\u00e9s de eso, use el atajo Ctrl+1 para abrir la opci\u00f3n Formatear celdas. [&hellip;]<\/p>\n","protected":false},"author":1,"featured_media":0,"parent":0,"menu_order":0,"comment_status":"open","ping_status":"closed","template":"","meta":{"ub_ctt_via":"","footnotes":""},"class_list":["post-38","page","type-page","status-publish","hentry"],"featured_image_src":null,"yoast_head":"<!-- This site is optimized with the Yoast SEO plugin v25.4 - https:\/\/yoast.com\/wordpress\/plugins\/seo\/ -->\n<title>\u00bfc\u00f3mo convertir fecha a mes y a\u00f1o?<\/title>\n<meta name=\"robots\" content=\"index, follow, max-snippet:-1, max-image-preview:large, max-video-preview:-1\" \/>\n<link rel=\"canonical\" href=\"https:\/\/exceladvisor.org\/es\/fecha-en-mes-ano\/\" \/>\n<meta property=\"og:locale\" content=\"es_ES\" \/>\n<meta property=\"og:type\" content=\"article\" \/>\n<meta property=\"og:title\" content=\"\u00bfc\u00f3mo convertir fecha a mes y a\u00f1o?\" \/>\n<meta property=\"og:description\" content=\"Excel tiene dos formas de convertir una fecha en mes y a\u00f1o. Y en este tutorial, aprenderemos ambos m\u00e9todos en detalle. M\u00e9todo 1: formato personalizado Puede utilizar los pasos a continuaci\u00f3n para hacer esto: Primero, selecciona la celda donde tienes la fecha. Despu\u00e9s de eso, use el atajo Ctrl+1 para abrir la opci\u00f3n Formatear celdas. [&hellip;]\" \/>\n<meta property=\"og:url\" content=\"https:\/\/exceladvisor.org\/es\/fecha-en-mes-ano\/\" \/>\n<meta property=\"og:site_name\" content=\"Excel Advisor\" \/>\n<meta property=\"article:modified_time\" content=\"2023-12-25T10:24:49+00:00\" \/>\n<meta property=\"og:image\" content=\"https:\/\/exceladvisor.org\/wp-content\/uploads\/2023\/08\/1-convertir-la-date-en-mois-et-annee.png\" \/>\n<meta name=\"twitter:card\" content=\"summary_large_image\" \/>\n<meta name=\"twitter:label1\" content=\"Tiempo de lectura\" \/>\n\t<meta name=\"twitter:data1\" content=\"2 minutos\" \/>\n<script type=\"application\/ld+json\" class=\"yoast-schema-graph\">{\"@context\":\"https:\/\/schema.org\",\"@graph\":[{\"@type\":\"WebPage\",\"@id\":\"https:\/\/exceladvisor.org\/es\/fecha-en-mes-ano\/\",\"url\":\"https:\/\/exceladvisor.org\/es\/fecha-en-mes-ano\/\",\"name\":\"\u00bfc\u00f3mo convertir fecha a mes y a\u00f1o?\",\"isPartOf\":{\"@id\":\"https:\/\/exceladvisor.org\/es\/#website\"},\"primaryImageOfPage\":{\"@id\":\"https:\/\/exceladvisor.org\/es\/fecha-en-mes-ano\/#primaryimage\"},\"image\":{\"@id\":\"https:\/\/exceladvisor.org\/es\/fecha-en-mes-ano\/#primaryimage\"},\"thumbnailUrl\":\"https:\/\/exceladvisor.org\/wp-content\/uploads\/2023\/08\/1-convertir-la-date-en-mois-et-annee.png\",\"datePublished\":\"2023-11-19T01:20:47+00:00\",\"dateModified\":\"2023-12-25T10:24:49+00:00\",\"breadcrumb\":{\"@id\":\"https:\/\/exceladvisor.org\/es\/fecha-en-mes-ano\/#breadcrumb\"},\"inLanguage\":\"es\",\"potentialAction\":[{\"@type\":\"ReadAction\",\"target\":[\"https:\/\/exceladvisor.org\/es\/fecha-en-mes-ano\/\"]}]},{\"@type\":\"ImageObject\",\"inLanguage\":\"es\",\"@id\":\"https:\/\/exceladvisor.org\/es\/fecha-en-mes-ano\/#primaryimage\",\"url\":\"https:\/\/exceladvisor.org\/wp-content\/uploads\/2023\/08\/1-convertir-la-date-en-mois-et-annee.png\",\"contentUrl\":\"https:\/\/exceladvisor.org\/wp-content\/uploads\/2023\/08\/1-convertir-la-date-en-mois-et-annee.png\"},{\"@type\":\"BreadcrumbList\",\"@id\":\"https:\/\/exceladvisor.org\/es\/fecha-en-mes-ano\/#breadcrumb\",\"itemListElement\":[{\"@type\":\"ListItem\",\"position\":1,\"name\":\"Hogar\",\"item\":\"https:\/\/exceladvisor.org\/es\/\"},{\"@type\":\"ListItem\",\"position\":2,\"name\":\"\u00bfc\u00f3mo convertir fecha a mes y a\u00f1o?\"}]},{\"@type\":\"WebSite\",\"@id\":\"https:\/\/exceladvisor.org\/es\/#website\",\"url\":\"https:\/\/exceladvisor.org\/es\/\",\"name\":\"Excel Advisor\",\"description\":\"Su gu\u00eda para la dominaci\u00f3n de datos!\",\"publisher\":{\"@id\":\"https:\/\/exceladvisor.org\/es\/#organization\"},\"potentialAction\":[{\"@type\":\"SearchAction\",\"target\":{\"@type\":\"EntryPoint\",\"urlTemplate\":\"https:\/\/exceladvisor.org\/es\/?s={search_term_string}\"},\"query-input\":{\"@type\":\"PropertyValueSpecification\",\"valueRequired\":true,\"valueName\":\"search_term_string\"}}],\"inLanguage\":\"es\"},{\"@type\":\"Organization\",\"@id\":\"https:\/\/exceladvisor.org\/es\/#organization\",\"name\":\"Excel Advisor\",\"url\":\"https:\/\/exceladvisor.org\/es\/\",\"logo\":{\"@type\":\"ImageObject\",\"inLanguage\":\"es\",\"@id\":\"https:\/\/exceladvisor.org\/es\/#\/schema\/logo\/image\/\",\"url\":\"https:\/\/exceladvisor.org\/es\/wp-content\/uploads\/2023\/12\/exceladvisor.org_.png\",\"contentUrl\":\"https:\/\/exceladvisor.org\/es\/wp-content\/uploads\/2023\/12\/exceladvisor.org_.png\",\"width\":105,\"height\":36,\"caption\":\"Excel Advisor\"},\"image\":{\"@id\":\"https:\/\/exceladvisor.org\/es\/#\/schema\/logo\/image\/\"}}]}<\/script>\n<!-- \/ Yoast SEO plugin. -->","yoast_head_json":{"title":"\u00bfc\u00f3mo convertir fecha a mes y a\u00f1o?","robots":{"index":"index","follow":"follow","max-snippet":"max-snippet:-1","max-image-preview":"max-image-preview:large","max-video-preview":"max-video-preview:-1"},"canonical":"https:\/\/exceladvisor.org\/es\/fecha-en-mes-ano\/","og_locale":"es_ES","og_type":"article","og_title":"\u00bfc\u00f3mo convertir fecha a mes y a\u00f1o?","og_description":"Excel tiene dos formas de convertir una fecha en mes y a\u00f1o. Y en este tutorial, aprenderemos ambos m\u00e9todos en detalle. M\u00e9todo 1: formato personalizado Puede utilizar los pasos a continuaci\u00f3n para hacer esto: Primero, selecciona la celda donde tienes la fecha. Despu\u00e9s de eso, use el atajo Ctrl+1 para abrir la opci\u00f3n Formatear celdas. [&hellip;]","og_url":"https:\/\/exceladvisor.org\/es\/fecha-en-mes-ano\/","og_site_name":"Excel Advisor","article_modified_time":"2023-12-25T10:24:49+00:00","og_image":[{"url":"https:\/\/exceladvisor.org\/wp-content\/uploads\/2023\/08\/1-convertir-la-date-en-mois-et-annee.png","type":"","width":"","height":""}],"twitter_card":"summary_large_image","twitter_misc":{"Tiempo de lectura":"2 minutos"},"schema":{"@context":"https:\/\/schema.org","@graph":[{"@type":"WebPage","@id":"https:\/\/exceladvisor.org\/es\/fecha-en-mes-ano\/","url":"https:\/\/exceladvisor.org\/es\/fecha-en-mes-ano\/","name":"\u00bfc\u00f3mo convertir fecha a mes y a\u00f1o?","isPartOf":{"@id":"https:\/\/exceladvisor.org\/es\/#website"},"primaryImageOfPage":{"@id":"https:\/\/exceladvisor.org\/es\/fecha-en-mes-ano\/#primaryimage"},"image":{"@id":"https:\/\/exceladvisor.org\/es\/fecha-en-mes-ano\/#primaryimage"},"thumbnailUrl":"https:\/\/exceladvisor.org\/wp-content\/uploads\/2023\/08\/1-convertir-la-date-en-mois-et-annee.png","datePublished":"2023-11-19T01:20:47+00:00","dateModified":"2023-12-25T10:24:49+00:00","breadcrumb":{"@id":"https:\/\/exceladvisor.org\/es\/fecha-en-mes-ano\/#breadcrumb"},"inLanguage":"es","potentialAction":[{"@type":"ReadAction","target":["https:\/\/exceladvisor.org\/es\/fecha-en-mes-ano\/"]}]},{"@type":"ImageObject","inLanguage":"es","@id":"https:\/\/exceladvisor.org\/es\/fecha-en-mes-ano\/#primaryimage","url":"https:\/\/exceladvisor.org\/wp-content\/uploads\/2023\/08\/1-convertir-la-date-en-mois-et-annee.png","contentUrl":"https:\/\/exceladvisor.org\/wp-content\/uploads\/2023\/08\/1-convertir-la-date-en-mois-et-annee.png"},{"@type":"BreadcrumbList","@id":"https:\/\/exceladvisor.org\/es\/fecha-en-mes-ano\/#breadcrumb","itemListElement":[{"@type":"ListItem","position":1,"name":"Hogar","item":"https:\/\/exceladvisor.org\/es\/"},{"@type":"ListItem","position":2,"name":"\u00bfc\u00f3mo convertir fecha a mes y a\u00f1o?"}]},{"@type":"WebSite","@id":"https:\/\/exceladvisor.org\/es\/#website","url":"https:\/\/exceladvisor.org\/es\/","name":"Excel Advisor","description":"Su gu\u00eda para la dominaci\u00f3n de datos!","publisher":{"@id":"https:\/\/exceladvisor.org\/es\/#organization"},"potentialAction":[{"@type":"SearchAction","target":{"@type":"EntryPoint","urlTemplate":"https:\/\/exceladvisor.org\/es\/?s={search_term_string}"},"query-input":{"@type":"PropertyValueSpecification","valueRequired":true,"valueName":"search_term_string"}}],"inLanguage":"es"},{"@type":"Organization","@id":"https:\/\/exceladvisor.org\/es\/#organization","name":"Excel Advisor","url":"https:\/\/exceladvisor.org\/es\/","logo":{"@type":"ImageObject","inLanguage":"es","@id":"https:\/\/exceladvisor.org\/es\/#\/schema\/logo\/image\/","url":"https:\/\/exceladvisor.org\/es\/wp-content\/uploads\/2023\/12\/exceladvisor.org_.png","contentUrl":"https:\/\/exceladvisor.org\/es\/wp-content\/uploads\/2023\/12\/exceladvisor.org_.png","width":105,"height":36,"caption":"Excel Advisor"},"image":{"@id":"https:\/\/exceladvisor.org\/es\/#\/schema\/logo\/image\/"}}]}},"yoast_meta":{"yoast_wpseo_title":"","yoast_wpseo_metadesc":"","yoast_wpseo_canonical":""},"_links":{"self":[{"href":"https:\/\/exceladvisor.org\/es\/wp-json\/wp\/v2\/pages\/38","targetHints":{"allow":["GET"]}}],"collection":[{"href":"https:\/\/exceladvisor.org\/es\/wp-json\/wp\/v2\/pages"}],"about":[{"href":"https:\/\/exceladvisor.org\/es\/wp-json\/wp\/v2\/types\/page"}],"author":[{"embeddable":true,"href":"https:\/\/exceladvisor.org\/es\/wp-json\/wp\/v2\/users\/1"}],"replies":[{"embeddable":true,"href":"https:\/\/exceladvisor.org\/es\/wp-json\/wp\/v2\/comments?post=38"}],"version-history":[{"count":1,"href":"https:\/\/exceladvisor.org\/es\/wp-json\/wp\/v2\/pages\/38\/revisions"}],"predecessor-version":[{"id":961,"href":"https:\/\/exceladvisor.org\/es\/wp-json\/wp\/v2\/pages\/38\/revisions\/961"}],"wp:attachment":[{"href":"https:\/\/exceladvisor.org\/es\/wp-json\/wp\/v2\/media?parent=38"}],"curies":[{"name":"wp","href":"https:\/\/api.w.org\/{rel}","templated":true}]}}