{"id":380,"date":"2023-10-31T09:02:59","date_gmt":"2023-10-31T09:02:59","guid":{"rendered":"https:\/\/exceladvisor.org\/es\/centrar-la-hoja-de-trabajo-horizontalmente\/"},"modified":"2023-12-25T10:24:10","modified_gmt":"2023-12-25T10:24:10","slug":"centrar-la-hoja-de-trabajo-horizontalmente","status":"publish","type":"page","link":"https:\/\/exceladvisor.org\/es\/centrar-la-hoja-de-trabajo-horizontalmente\/","title":{"rendered":"\u00bfc\u00f3mo centrar una hoja de c\u00e1lculo en excel?"},"content":{"rendered":"<div class=\"excel-antes-del-contenido\" id=\"excel-3555994854\"><script type=\"text\/javascript\">\r\n\tatOptions = {\r\n\t\t'key' : 'c1158f160081d6540a8409e6925dab94',\r\n\t\t'format' : 'iframe',\r\n\t\t'height' : 250,\r\n\t\t'width' : 300,\r\n\t\t'params' : {}\r\n\t};\r\n<\/script>\r\n<script type=\"text\/javascript\" src=\"\/\/www.highperformanceformat.com\/c1158f160081d6540a8409e6925dab94\/invoke.js\"><\/script><\/div><p>En Excel, cuando abre una hoja de c\u00e1lculo, puede ingresar datos de izquierda a derecha. Una hoja de trabajo se alinea horizontalmente hacia la izquierda y verticalmente hacia arriba.<\/p>\n<p> Pero puede alinear los datos de una hoja de trabajo con el centro horizontalmente y el centro verticalmente. <\/p>\n<div class=\"wp-block-image\">\n<figure class=\"aligncenter size-full is-resized\"><img loading=\"lazy\" decoding=\"async\" class=\"wp-image-72534\" src=\"https:\/\/exceladvisor.org\/wp-content\/uploads\/2023\/08\/1-boite-de-dialogue-de-mise-en-page.png\" sizes=\"auto, \" srcset=\"\" alt=\"cuadro de di\u00e1logo de dise\u00f1o\" width=\"485\" height=\"468\"><\/figure>\n<\/div>\n<h2 class=\"wp-block-heading\"> Pasos para crear una hoja de c\u00e1lculo centrada horizontalmente<\/h2>\n<ol>\n<li> Primero, vaya a la pesta\u00f1a Dise\u00f1o y haga clic en el men\u00fa desplegable de opciones de margen. <br \/><img loading=\"lazy\" decoding=\"async\" title=\"Men\u00fa desplegable de opciones de margen de 2 clics\" src=\"https:\/\/exceladvisor.org\/wp-content\/uploads\/2023\/08\/Liste-deroulante-des-options-de-marge-en-2-clics.png\" sizes=\"auto, \" srcset=\"\" alt=\"click-margin-option-dropdown\" width=\"506\" height=\"209\"><\/li>\n<li> Ahora, desde los m\u00e1rgenes, haga clic en la opci\u00f3n de m\u00e1rgenes personalizados. Esto abre el cuadro de di\u00e1logo de dise\u00f1o. <br \/><img loading=\"lazy\" decoding=\"async\" title=\"Opciones de margen personalizadas en 3 clics\" src=\"https:\/\/exceladvisor.org\/wp-content\/uploads\/2023\/08\/Options-de-marge-personnalisees-en-3-clics.png\" sizes=\"auto, \" srcset=\"\" alt=\"click-custom-margin-options\" width=\"549\" height=\"537\"><\/li>\n<li> Despu\u00e9s de eso, en el cuadro de di\u00e1logo de configuraci\u00f3n de p\u00e1gina, marque el centro de las opciones de la p\u00e1gina (horizontal y verticalmente). En el momento en que haga esto, ver\u00e1 que le muestra que los datos en la hoja de trabajo ahora est\u00e1n horizontalmente en el centro y verticalmente en el medio. <br \/><img loading=\"lazy\" decoding=\"async\" title=\"4 opciones de marca de verificaci\u00f3n horizontal y vertical\" src=\"https:\/\/exceladvisor.org\/wp-content\/uploads\/2023\/08\/4-options-de-coche-horizontalement-et-verticalement.png\" sizes=\"auto, \" srcset=\"\" alt=\"tickmark-horizontally-and-vertically-options\" width=\"536\" height=\"517\"><\/li>\n<li> Al final, haga clic en Aceptar para guardar esta configuraci\u00f3n.<\/li>\n<\/ol>\n<p> Esto no cambiar\u00e1 los datos que tienes en la hoja de c\u00e1lculo, pero cuando hagas una impresi\u00f3n lo har\u00e1 horizontalmente en el centro y verticalmente en el medio.<\/p>\n<h2 class=\"wp-block-heading\"> Uso de la opci\u00f3n de vista previa de impresi\u00f3n para crear una hoja de c\u00e1lculo centrada horizontalmente<\/h2>\n<p> La misma opci\u00f3n se puede cambiar desde la opci\u00f3n de vista previa de impresi\u00f3n.<\/p>\n<ol type=\"1\">\n<li> Vaya a la pesta\u00f1a Archivo y haga clic en la opci\u00f3n Imprimir.<\/li>\n<li> Despu\u00e9s de eso, haga clic en \u00abConfigurar p\u00e1gina\u00bb.<\/li>\n<li> Ahora haga clic en la pesta\u00f1a Margen.<\/li>\n<li> A continuaci\u00f3n, marque las casillas horizontal y verticalmente.<\/li>\n<li> Al final, haga clic en Aceptar para guardar la configuraci\u00f3n. <\/li>\n<\/ol>\n<div class=\"wp-block-image\">\n<figure class=\"aligncenter size-full is-resized\"><img loading=\"lazy\" decoding=\"async\" class=\"wp-image-72538\" src=\"https:\/\/exceladvisor.org\/wp-content\/uploads\/2023\/08\/5-creer-une-feuille-de-calcul-horizontalement.png\" sizes=\"auto, \" srcset=\"\" alt=\"hacer-hoja-de-trabajo-horizontalmente\" width=\"710\" height=\"510\"><\/figure>\n<\/div>\n<p> Esta es la misma opci\u00f3n que usamos en el primer m\u00e9todo, pero es solo una forma diferente de abrirla.<\/p>\n<h2 class=\"wp-block-heading\"> Atajo de teclado<\/h2>\n<p> Si desea crear una hoja de c\u00e1lculo horizontalmente en el centro, use un <a href=\"https:\/\/exceladvisor.org\/es\/atajos-de-teclado\/\">m\u00e9todo abreviado de teclado<\/a> para abrir el dise\u00f1o y luego aplique la configuraci\u00f3n:<\/p>\n<p> <kbd>Alt<\/kbd> \u21e2 <kbd>P<\/kbd> \u21e2 <kbd>S<\/kbd> \u21e2 <kbd>P<\/kbd> \u21e2 <kbd>M<\/kbd><\/p>\n<p> Cuando presiona esta tecla de acceso directo, se abre el cuadro de di\u00e1logo de dise\u00f1o y la pesta\u00f1a de margen.<\/p>\n<p> Y desde all\u00ed puedes aplicar la configuraci\u00f3n para hacer tu hoja de trabajo horizontalmente en el centro y verticalmente en el medio.<\/p>\n<p> Como dije anteriormente, cuando apliques esta configuraci\u00f3n, no realizar\u00e1 ning\u00fan cambio en los datos de la hoja de trabajo, pero cambiar\u00e1 la alineaci\u00f3n que tienes al imprimirla.<\/p>\n<p> Tambi\u00e9n ver\u00e1 esta configuraci\u00f3n en la <a href=\"https:\/\/exceladvisor.org\/es\/vista-previa-de-impresion-1\/\">vista previa de impresi\u00f3n<\/a> .<\/p>\n<div class=\"gb-container gb-container-4db6181c gb-container-mt\"> <a class=\"gb-button gb-button-c5897111 gb-button-text gb-button-mt-button\" href=\"https:\/\/exceladvisor.org\/es\/conceptos-basicos-de-excel\/\">Conceptos b\u00e1sicos de Microsoft Excel (componentes, piezas y notas de conocimiento)<\/a><\/p>\n<h2 class=\"gb-headline gb-headline-665e5f6b gb-headline-text gb-headline-mt-heading\"> Tutoriales relacionados <\/h2>\n<div class=\"gb-grid-wrapper gb-grid-wrapper-a20baf7c gb-grid-wrapper-mt-grid\">\n<div class=\"gb-grid-column gb-grid-column-65ddf67e\">\n<div class=\"gb-container gb-container-65ddf67e\">\n<ul>\n<li> <a href=\"https:\/\/exceladvisor.org\/es\/imprimir-titulos\/\">Aplicar t\u00edtulos de impresi\u00f3n en Excel (configure la fila 1 para imprimir en cada p\u00e1gina)<\/a><\/li>\n<li> <a href=\"https:\/\/exceladvisor.org\/es\/papel-cuadriculado\/\">Imprima un papel cuadriculado en Excel (plantilla de cuadr\u00edcula)<\/a><\/li>\n<li> <a href=\"https:\/\/exceladvisor.org\/es\/eliminar-salto-de-pagina\/\">Eliminar salto de p\u00e1gina en Excel<\/a><\/li>\n<li> <a href=\"https:\/\/exceladvisor.org\/es\/establecer-area-de-impresion\/\">Establecer \u00e1rea de impresi\u00f3n en Excel<\/a> <\/li>\n<\/ul>\n<\/div>\n<\/div>\n<div class=\"gb-grid-column gb-grid-column-50067b57\">\n<div class=\"gb-container gb-container-50067b57\"><\/div>\n<\/div>\n<\/div>\n<\/div>\n","protected":false},"excerpt":{"rendered":"<p>En Excel, cuando abre una hoja de c\u00e1lculo, puede ingresar datos de izquierda a derecha. Una hoja de trabajo se alinea horizontalmente hacia la izquierda y verticalmente hacia arriba. Pero puede alinear los datos de una hoja de trabajo con el centro horizontalmente y el centro verticalmente. Pasos para crear una hoja de c\u00e1lculo centrada [&hellip;]<\/p>\n","protected":false},"author":1,"featured_media":0,"parent":0,"menu_order":0,"comment_status":"open","ping_status":"closed","template":"","meta":{"ub_ctt_via":"","footnotes":""},"class_list":["post-380","page","type-page","status-publish","hentry"],"featured_image_src":null,"yoast_head":"<!-- This site is optimized with the Yoast SEO plugin v25.4 - https:\/\/yoast.com\/wordpress\/plugins\/seo\/ -->\n<title>\u00bfc\u00f3mo centrar una hoja de c\u00e1lculo en excel?<\/title>\n<meta name=\"robots\" content=\"index, follow, max-snippet:-1, max-image-preview:large, max-video-preview:-1\" \/>\n<link rel=\"canonical\" href=\"https:\/\/exceladvisor.org\/es\/centrar-la-hoja-de-trabajo-horizontalmente\/\" \/>\n<meta property=\"og:locale\" content=\"es_ES\" \/>\n<meta property=\"og:type\" content=\"article\" \/>\n<meta property=\"og:title\" content=\"\u00bfc\u00f3mo centrar una hoja de c\u00e1lculo en excel?\" \/>\n<meta property=\"og:description\" content=\"En Excel, cuando abre una hoja de c\u00e1lculo, puede ingresar datos de izquierda a derecha. Una hoja de trabajo se alinea horizontalmente hacia la izquierda y verticalmente hacia arriba. Pero puede alinear los datos de una hoja de trabajo con el centro horizontalmente y el centro verticalmente. Pasos para crear una hoja de c\u00e1lculo centrada [&hellip;]\" \/>\n<meta property=\"og:url\" content=\"https:\/\/exceladvisor.org\/es\/centrar-la-hoja-de-trabajo-horizontalmente\/\" \/>\n<meta property=\"og:site_name\" content=\"Excel Advisor\" \/>\n<meta property=\"article:modified_time\" content=\"2023-12-25T10:24:10+00:00\" \/>\n<meta property=\"og:image\" content=\"https:\/\/exceladvisor.org\/wp-content\/uploads\/2023\/08\/1-boite-de-dialogue-de-mise-en-page.png\" \/>\n<meta name=\"twitter:card\" content=\"summary_large_image\" \/>\n<meta name=\"twitter:label1\" content=\"Tiempo de lectura\" \/>\n\t<meta name=\"twitter:data1\" content=\"2 minutos\" \/>\n<script type=\"application\/ld+json\" class=\"yoast-schema-graph\">{\"@context\":\"https:\/\/schema.org\",\"@graph\":[{\"@type\":\"WebPage\",\"@id\":\"https:\/\/exceladvisor.org\/es\/centrar-la-hoja-de-trabajo-horizontalmente\/\",\"url\":\"https:\/\/exceladvisor.org\/es\/centrar-la-hoja-de-trabajo-horizontalmente\/\",\"name\":\"\u00bfc\u00f3mo centrar una hoja de c\u00e1lculo en excel?\",\"isPartOf\":{\"@id\":\"https:\/\/exceladvisor.org\/es\/#website\"},\"primaryImageOfPage\":{\"@id\":\"https:\/\/exceladvisor.org\/es\/centrar-la-hoja-de-trabajo-horizontalmente\/#primaryimage\"},\"image\":{\"@id\":\"https:\/\/exceladvisor.org\/es\/centrar-la-hoja-de-trabajo-horizontalmente\/#primaryimage\"},\"thumbnailUrl\":\"https:\/\/exceladvisor.org\/wp-content\/uploads\/2023\/08\/1-boite-de-dialogue-de-mise-en-page.png\",\"datePublished\":\"2023-10-31T09:02:59+00:00\",\"dateModified\":\"2023-12-25T10:24:10+00:00\",\"breadcrumb\":{\"@id\":\"https:\/\/exceladvisor.org\/es\/centrar-la-hoja-de-trabajo-horizontalmente\/#breadcrumb\"},\"inLanguage\":\"es\",\"potentialAction\":[{\"@type\":\"ReadAction\",\"target\":[\"https:\/\/exceladvisor.org\/es\/centrar-la-hoja-de-trabajo-horizontalmente\/\"]}]},{\"@type\":\"ImageObject\",\"inLanguage\":\"es\",\"@id\":\"https:\/\/exceladvisor.org\/es\/centrar-la-hoja-de-trabajo-horizontalmente\/#primaryimage\",\"url\":\"https:\/\/exceladvisor.org\/wp-content\/uploads\/2023\/08\/1-boite-de-dialogue-de-mise-en-page.png\",\"contentUrl\":\"https:\/\/exceladvisor.org\/wp-content\/uploads\/2023\/08\/1-boite-de-dialogue-de-mise-en-page.png\"},{\"@type\":\"BreadcrumbList\",\"@id\":\"https:\/\/exceladvisor.org\/es\/centrar-la-hoja-de-trabajo-horizontalmente\/#breadcrumb\",\"itemListElement\":[{\"@type\":\"ListItem\",\"position\":1,\"name\":\"Hogar\",\"item\":\"https:\/\/exceladvisor.org\/es\/\"},{\"@type\":\"ListItem\",\"position\":2,\"name\":\"\u00bfc\u00f3mo centrar una hoja de c\u00e1lculo en excel?\"}]},{\"@type\":\"WebSite\",\"@id\":\"https:\/\/exceladvisor.org\/es\/#website\",\"url\":\"https:\/\/exceladvisor.org\/es\/\",\"name\":\"Excel Advisor\",\"description\":\"Su gu\u00eda para la dominaci\u00f3n de datos!\",\"publisher\":{\"@id\":\"https:\/\/exceladvisor.org\/es\/#organization\"},\"potentialAction\":[{\"@type\":\"SearchAction\",\"target\":{\"@type\":\"EntryPoint\",\"urlTemplate\":\"https:\/\/exceladvisor.org\/es\/?s={search_term_string}\"},\"query-input\":{\"@type\":\"PropertyValueSpecification\",\"valueRequired\":true,\"valueName\":\"search_term_string\"}}],\"inLanguage\":\"es\"},{\"@type\":\"Organization\",\"@id\":\"https:\/\/exceladvisor.org\/es\/#organization\",\"name\":\"Excel Advisor\",\"url\":\"https:\/\/exceladvisor.org\/es\/\",\"logo\":{\"@type\":\"ImageObject\",\"inLanguage\":\"es\",\"@id\":\"https:\/\/exceladvisor.org\/es\/#\/schema\/logo\/image\/\",\"url\":\"https:\/\/exceladvisor.org\/es\/wp-content\/uploads\/2023\/12\/exceladvisor.org_.png\",\"contentUrl\":\"https:\/\/exceladvisor.org\/es\/wp-content\/uploads\/2023\/12\/exceladvisor.org_.png\",\"width\":105,\"height\":36,\"caption\":\"Excel Advisor\"},\"image\":{\"@id\":\"https:\/\/exceladvisor.org\/es\/#\/schema\/logo\/image\/\"}}]}<\/script>\n<!-- \/ Yoast SEO plugin. -->","yoast_head_json":{"title":"\u00bfc\u00f3mo centrar una hoja de c\u00e1lculo en excel?","robots":{"index":"index","follow":"follow","max-snippet":"max-snippet:-1","max-image-preview":"max-image-preview:large","max-video-preview":"max-video-preview:-1"},"canonical":"https:\/\/exceladvisor.org\/es\/centrar-la-hoja-de-trabajo-horizontalmente\/","og_locale":"es_ES","og_type":"article","og_title":"\u00bfc\u00f3mo centrar una hoja de c\u00e1lculo en excel?","og_description":"En Excel, cuando abre una hoja de c\u00e1lculo, puede ingresar datos de izquierda a derecha. Una hoja de trabajo se alinea horizontalmente hacia la izquierda y verticalmente hacia arriba. Pero puede alinear los datos de una hoja de trabajo con el centro horizontalmente y el centro verticalmente. Pasos para crear una hoja de c\u00e1lculo centrada [&hellip;]","og_url":"https:\/\/exceladvisor.org\/es\/centrar-la-hoja-de-trabajo-horizontalmente\/","og_site_name":"Excel Advisor","article_modified_time":"2023-12-25T10:24:10+00:00","og_image":[{"url":"https:\/\/exceladvisor.org\/wp-content\/uploads\/2023\/08\/1-boite-de-dialogue-de-mise-en-page.png","type":"","width":"","height":""}],"twitter_card":"summary_large_image","twitter_misc":{"Tiempo de lectura":"2 minutos"},"schema":{"@context":"https:\/\/schema.org","@graph":[{"@type":"WebPage","@id":"https:\/\/exceladvisor.org\/es\/centrar-la-hoja-de-trabajo-horizontalmente\/","url":"https:\/\/exceladvisor.org\/es\/centrar-la-hoja-de-trabajo-horizontalmente\/","name":"\u00bfc\u00f3mo centrar una hoja de c\u00e1lculo en excel?","isPartOf":{"@id":"https:\/\/exceladvisor.org\/es\/#website"},"primaryImageOfPage":{"@id":"https:\/\/exceladvisor.org\/es\/centrar-la-hoja-de-trabajo-horizontalmente\/#primaryimage"},"image":{"@id":"https:\/\/exceladvisor.org\/es\/centrar-la-hoja-de-trabajo-horizontalmente\/#primaryimage"},"thumbnailUrl":"https:\/\/exceladvisor.org\/wp-content\/uploads\/2023\/08\/1-boite-de-dialogue-de-mise-en-page.png","datePublished":"2023-10-31T09:02:59+00:00","dateModified":"2023-12-25T10:24:10+00:00","breadcrumb":{"@id":"https:\/\/exceladvisor.org\/es\/centrar-la-hoja-de-trabajo-horizontalmente\/#breadcrumb"},"inLanguage":"es","potentialAction":[{"@type":"ReadAction","target":["https:\/\/exceladvisor.org\/es\/centrar-la-hoja-de-trabajo-horizontalmente\/"]}]},{"@type":"ImageObject","inLanguage":"es","@id":"https:\/\/exceladvisor.org\/es\/centrar-la-hoja-de-trabajo-horizontalmente\/#primaryimage","url":"https:\/\/exceladvisor.org\/wp-content\/uploads\/2023\/08\/1-boite-de-dialogue-de-mise-en-page.png","contentUrl":"https:\/\/exceladvisor.org\/wp-content\/uploads\/2023\/08\/1-boite-de-dialogue-de-mise-en-page.png"},{"@type":"BreadcrumbList","@id":"https:\/\/exceladvisor.org\/es\/centrar-la-hoja-de-trabajo-horizontalmente\/#breadcrumb","itemListElement":[{"@type":"ListItem","position":1,"name":"Hogar","item":"https:\/\/exceladvisor.org\/es\/"},{"@type":"ListItem","position":2,"name":"\u00bfc\u00f3mo centrar una hoja de c\u00e1lculo en excel?"}]},{"@type":"WebSite","@id":"https:\/\/exceladvisor.org\/es\/#website","url":"https:\/\/exceladvisor.org\/es\/","name":"Excel Advisor","description":"Su gu\u00eda para la dominaci\u00f3n de datos!","publisher":{"@id":"https:\/\/exceladvisor.org\/es\/#organization"},"potentialAction":[{"@type":"SearchAction","target":{"@type":"EntryPoint","urlTemplate":"https:\/\/exceladvisor.org\/es\/?s={search_term_string}"},"query-input":{"@type":"PropertyValueSpecification","valueRequired":true,"valueName":"search_term_string"}}],"inLanguage":"es"},{"@type":"Organization","@id":"https:\/\/exceladvisor.org\/es\/#organization","name":"Excel Advisor","url":"https:\/\/exceladvisor.org\/es\/","logo":{"@type":"ImageObject","inLanguage":"es","@id":"https:\/\/exceladvisor.org\/es\/#\/schema\/logo\/image\/","url":"https:\/\/exceladvisor.org\/es\/wp-content\/uploads\/2023\/12\/exceladvisor.org_.png","contentUrl":"https:\/\/exceladvisor.org\/es\/wp-content\/uploads\/2023\/12\/exceladvisor.org_.png","width":105,"height":36,"caption":"Excel Advisor"},"image":{"@id":"https:\/\/exceladvisor.org\/es\/#\/schema\/logo\/image\/"}}]}},"yoast_meta":{"yoast_wpseo_title":"","yoast_wpseo_metadesc":"","yoast_wpseo_canonical":""},"_links":{"self":[{"href":"https:\/\/exceladvisor.org\/es\/wp-json\/wp\/v2\/pages\/380","targetHints":{"allow":["GET"]}}],"collection":[{"href":"https:\/\/exceladvisor.org\/es\/wp-json\/wp\/v2\/pages"}],"about":[{"href":"https:\/\/exceladvisor.org\/es\/wp-json\/wp\/v2\/types\/page"}],"author":[{"embeddable":true,"href":"https:\/\/exceladvisor.org\/es\/wp-json\/wp\/v2\/users\/1"}],"replies":[{"embeddable":true,"href":"https:\/\/exceladvisor.org\/es\/wp-json\/wp\/v2\/comments?post=380"}],"version-history":[{"count":1,"href":"https:\/\/exceladvisor.org\/es\/wp-json\/wp\/v2\/pages\/380\/revisions"}],"predecessor-version":[{"id":906,"href":"https:\/\/exceladvisor.org\/es\/wp-json\/wp\/v2\/pages\/380\/revisions\/906"}],"wp:attachment":[{"href":"https:\/\/exceladvisor.org\/es\/wp-json\/wp\/v2\/media?parent=380"}],"curies":[{"name":"wp","href":"https:\/\/api.w.org\/{rel}","templated":true}]}}