{"id":381,"date":"2023-10-31T06:42:12","date_gmt":"2023-10-31T06:42:12","guid":{"rendered":"https:\/\/exceladvisor.org\/es\/cambiar-fuente-de-datos\/"},"modified":"2023-12-25T10:24:09","modified_gmt":"2023-12-25T10:24:09","slug":"cambiar-fuente-de-datos","status":"publish","type":"page","link":"https:\/\/exceladvisor.org\/es\/cambiar-fuente-de-datos\/","title":{"rendered":"\u00bfc\u00f3mo cambio la fuente de datos de la tabla din\u00e1mica?"},"content":{"rendered":"<div class=\"excel-antes-del-contenido\" id=\"excel-1026685611\"><script type=\"text\/javascript\">\r\n\tatOptions = {\r\n\t\t'key' : 'c1158f160081d6540a8409e6925dab94',\r\n\t\t'format' : 'iframe',\r\n\t\t'height' : 250,\r\n\t\t'width' : 300,\r\n\t\t'params' : {}\r\n\t};\r\n<\/script>\r\n<script type=\"text\/javascript\" src=\"\/\/www.highperformanceformat.com\/c1158f160081d6540a8409e6925dab94\/invoke.js\"><\/script><\/div><p>En este art\u00edculo, analizaremos c\u00f3mo cambiar la fuente de datos o ubicar la fuente de datos para una tabla din\u00e1mica determinada. Esto es extremadamente \u00fatil cuando sus datos cambian constantemente.<\/p>\n<p> Puede utilizar los pasos a continuaci\u00f3n:<\/p>\n<ol>\n<li> Primero, haga clic en cualquier lugar de la tabla din\u00e1mica para activar la pesta\u00f1a de an\u00e1lisis.<\/li>\n<li> Despu\u00e9s de eso, vaya a la pesta\u00f1a Analizar. <br \/><img loading=\"lazy\" decoding=\"async\" title=\"1 pesta\u00f1a para analizar\" src=\"https:\/\/exceladvisor.org\/wp-content\/uploads\/2023\/08\/1-allez-dans-longlet-analyse.png\" sizes=\"auto, \" srcset=\"\" alt=\"go-to-analyze-tab\" width=\"739\" height=\"131\"><\/li>\n<li> Aqu\u00ed debe hacer clic en la opci\u00f3n \u00abCambiar fuente de datos\u00bb en Datos. <br \/><img loading=\"lazy\" decoding=\"async\" title=\"Opci\u00f3n 2-cambiar-fuente-de-datos\" src=\"https:\/\/exceladvisor.org\/wp-content\/uploads\/2023\/08\/2-option-de-changement-de-source-de-donnees.png\" sizes=\"auto, \" srcset=\"\" alt=\"change-data-source-option\" width=\"1025\" height=\"162\"><\/li>\n<li> Ahora aparecer\u00e1 un cuadro de di\u00e1logo \u00abCambiar fuente de datos de tabla din\u00e1mica\u00bb como se muestra a continuaci\u00f3n. <br \/><img loading=\"lazy\" decoding=\"async\" title=\"Fuente-de-datos-de-tabla-dinamica-de-3-cambios\" src=\"https:\/\/exceladvisor.org\/wp-content\/uploads\/2023\/08\/3-changer-la-source-de-donnees-du-tableau-croise-dynamique.png\" sizes=\"auto, \" srcset=\"\" alt=\"change-pivot-table-data-source\" width=\"700\" height=\"240\"><\/li>\n<li> En este ejemplo, el rango de datos de la tabla din\u00e1mica es <strong>Hoja1!$A$1:$F$8,<\/strong> lo que significa que las filas A9 a A13 no est\u00e1n incluidas en la tabla din\u00e1mica.<\/li>\n<li> Ahora seleccione los datos completos, es decir <strong>, Hoja1!$A$1:$F$13<\/strong> o use el rango de nombres de la tabla para actualizar su tabla din\u00e1mica\/fuente de datos.<\/li>\n<li> Al final, haga clic en Aceptar para actualizar la fuente de datos.<\/li>\n<\/ol>\n<p> Aparte de esto, tambi\u00e9n puede usar la tecla de m\u00e9todo abreviado Alt \u21e2 J \u21e2 T \u21e2 I \u21e2 D para abrir directamente el cuadro de di\u00e1logo \u00abEditar fuente de datos de tabla din\u00e1mica\u00bb.<\/p>\n<p class=\"tips\"> Convierta siempre los datos de origen en una tabla de Excel presionando el <a href=\"https:\/\/exceladvisor.org\/es\/atajos-de-teclado\/\">m\u00e9todo abreviado de teclado Ctrl+T.<\/a><\/p>\n<p> Al hacer esto, no ser\u00e1 necesario actualizar su fuente de datos una y otra vez. Simplemente actualizar la tabla din\u00e1mica actualizar\u00e1 el rango de datos. <\/p>\n<div class=\"wp-block-group main-page-bottom is-layout-flow\">\n<div class=\"wp-block-group__inner-container\">\n<h2 class=\"wp-block-heading\"> M\u00e1s tutoriales sobre tablas din\u00e1micas <\/h2>\n<div class=\"wp-block-columns is-layout-flex wp-container-20\">\n<div class=\"wp-block-column is-layout-flow\">\n<ul>\n<li> <a href=\"https:\/\/exceladvisor.org\/es\/agregar-eliminar-total-general\/\">Agregar o eliminar el total general en una tabla din\u00e1mica<\/a><\/li>\n<li> <a href=\"https:\/\/exceladvisor.org\/es\/total-acumulado\/\">Agregar un total acumulado a una tabla din\u00e1mica<\/a><\/li>\n<li> <a href=\"https:\/\/exceladvisor.org\/es\/rango-de-actualizacion-automatica\/\">Actualizar autom\u00e1ticamente una tabla din\u00e1mica<\/a><\/li>\n<li> <a href=\"https:\/\/exceladvisor.org\/es\/calculo-en-tabla-dinamica\/\">F\u00f3rmulas en una tabla din\u00e1mica (campo y elemento calculados)<\/a><\/li>\n<\/ul>\n<\/div>\n<div class=\"wp-block-column is-layout-flow\">\n<ul>\n<li> <a href=\"https:\/\/exceladvisor.org\/es\/citas-grupales\/\">Agrupar fechas en un pivote en Excel<\/a><\/li>\n<li> <a href=\"https:\/\/exceladvisor.org\/es\/vincular-la-segmentacion-de-datos-a-varias-tablas-dinamicas\/\">Conecte una sola segmentaci\u00f3n con m\u00faltiples tablas din\u00e1micas en Excel<\/a><\/li>\n<li> <a href=\"https:\/\/exceladvisor.org\/es\/mover-la-mesa-dinamica\/\">Mover una tabla din\u00e1mica en Excel<\/a><\/li>\n<li> <a href=\"https:\/\/exceladvisor.org\/es\/disposicion\/\">Formatear tablas din\u00e1micas en Excel<\/a><\/li>\n<\/ul>\n<\/div>\n<\/div>\n<p> \u21e0 Volver al <strong>tutorial de tabla din\u00e1mica<\/strong><\/p>\n<\/div>\n<\/div>\n","protected":false},"excerpt":{"rendered":"<p>En este art\u00edculo, analizaremos c\u00f3mo cambiar la fuente de datos o ubicar la fuente de datos para una tabla din\u00e1mica determinada. Esto es extremadamente \u00fatil cuando sus datos cambian constantemente. Puede utilizar los pasos a continuaci\u00f3n: Primero, haga clic en cualquier lugar de la tabla din\u00e1mica para activar la pesta\u00f1a de an\u00e1lisis. Despu\u00e9s de eso, [&hellip;]<\/p>\n","protected":false},"author":1,"featured_media":0,"parent":0,"menu_order":0,"comment_status":"open","ping_status":"closed","template":"","meta":{"ub_ctt_via":"","footnotes":""},"class_list":["post-381","page","type-page","status-publish","hentry"],"featured_image_src":null,"yoast_head":"<!-- This site is optimized with the Yoast SEO plugin v25.4 - https:\/\/yoast.com\/wordpress\/plugins\/seo\/ -->\n<title>\u00bfc\u00f3mo cambio la fuente de datos de la tabla din\u00e1mica?<\/title>\n<meta name=\"robots\" content=\"index, follow, max-snippet:-1, max-image-preview:large, max-video-preview:-1\" \/>\n<link rel=\"canonical\" href=\"https:\/\/exceladvisor.org\/es\/cambiar-fuente-de-datos\/\" \/>\n<meta property=\"og:locale\" content=\"es_ES\" \/>\n<meta property=\"og:type\" content=\"article\" \/>\n<meta property=\"og:title\" content=\"\u00bfc\u00f3mo cambio la fuente de datos de la tabla din\u00e1mica?\" \/>\n<meta property=\"og:description\" content=\"En este art\u00edculo, analizaremos c\u00f3mo cambiar la fuente de datos o ubicar la fuente de datos para una tabla din\u00e1mica determinada. Esto es extremadamente \u00fatil cuando sus datos cambian constantemente. Puede utilizar los pasos a continuaci\u00f3n: Primero, haga clic en cualquier lugar de la tabla din\u00e1mica para activar la pesta\u00f1a de an\u00e1lisis. Despu\u00e9s de eso, [&hellip;]\" \/>\n<meta property=\"og:url\" content=\"https:\/\/exceladvisor.org\/es\/cambiar-fuente-de-datos\/\" \/>\n<meta property=\"og:site_name\" content=\"Excel Advisor\" \/>\n<meta property=\"article:modified_time\" content=\"2023-12-25T10:24:09+00:00\" \/>\n<meta property=\"og:image\" content=\"https:\/\/exceladvisor.org\/wp-content\/uploads\/2023\/08\/1-allez-dans-longlet-analyse.png\" \/>\n<meta name=\"twitter:card\" content=\"summary_large_image\" \/>\n<meta name=\"twitter:label1\" content=\"Tiempo de lectura\" \/>\n\t<meta name=\"twitter:data1\" content=\"2 minutos\" \/>\n<script type=\"application\/ld+json\" class=\"yoast-schema-graph\">{\"@context\":\"https:\/\/schema.org\",\"@graph\":[{\"@type\":\"WebPage\",\"@id\":\"https:\/\/exceladvisor.org\/es\/cambiar-fuente-de-datos\/\",\"url\":\"https:\/\/exceladvisor.org\/es\/cambiar-fuente-de-datos\/\",\"name\":\"\u00bfc\u00f3mo cambio la fuente de datos de la tabla din\u00e1mica?\",\"isPartOf\":{\"@id\":\"https:\/\/exceladvisor.org\/es\/#website\"},\"primaryImageOfPage\":{\"@id\":\"https:\/\/exceladvisor.org\/es\/cambiar-fuente-de-datos\/#primaryimage\"},\"image\":{\"@id\":\"https:\/\/exceladvisor.org\/es\/cambiar-fuente-de-datos\/#primaryimage\"},\"thumbnailUrl\":\"https:\/\/exceladvisor.org\/wp-content\/uploads\/2023\/08\/1-allez-dans-longlet-analyse.png\",\"datePublished\":\"2023-10-31T06:42:12+00:00\",\"dateModified\":\"2023-12-25T10:24:09+00:00\",\"breadcrumb\":{\"@id\":\"https:\/\/exceladvisor.org\/es\/cambiar-fuente-de-datos\/#breadcrumb\"},\"inLanguage\":\"es\",\"potentialAction\":[{\"@type\":\"ReadAction\",\"target\":[\"https:\/\/exceladvisor.org\/es\/cambiar-fuente-de-datos\/\"]}]},{\"@type\":\"ImageObject\",\"inLanguage\":\"es\",\"@id\":\"https:\/\/exceladvisor.org\/es\/cambiar-fuente-de-datos\/#primaryimage\",\"url\":\"https:\/\/exceladvisor.org\/wp-content\/uploads\/2023\/08\/1-allez-dans-longlet-analyse.png\",\"contentUrl\":\"https:\/\/exceladvisor.org\/wp-content\/uploads\/2023\/08\/1-allez-dans-longlet-analyse.png\"},{\"@type\":\"BreadcrumbList\",\"@id\":\"https:\/\/exceladvisor.org\/es\/cambiar-fuente-de-datos\/#breadcrumb\",\"itemListElement\":[{\"@type\":\"ListItem\",\"position\":1,\"name\":\"Hogar\",\"item\":\"https:\/\/exceladvisor.org\/es\/\"},{\"@type\":\"ListItem\",\"position\":2,\"name\":\"\u00bfc\u00f3mo cambio la fuente de datos de la tabla din\u00e1mica?\"}]},{\"@type\":\"WebSite\",\"@id\":\"https:\/\/exceladvisor.org\/es\/#website\",\"url\":\"https:\/\/exceladvisor.org\/es\/\",\"name\":\"Excel Advisor\",\"description\":\"Su gu\u00eda para la dominaci\u00f3n de datos!\",\"publisher\":{\"@id\":\"https:\/\/exceladvisor.org\/es\/#organization\"},\"potentialAction\":[{\"@type\":\"SearchAction\",\"target\":{\"@type\":\"EntryPoint\",\"urlTemplate\":\"https:\/\/exceladvisor.org\/es\/?s={search_term_string}\"},\"query-input\":{\"@type\":\"PropertyValueSpecification\",\"valueRequired\":true,\"valueName\":\"search_term_string\"}}],\"inLanguage\":\"es\"},{\"@type\":\"Organization\",\"@id\":\"https:\/\/exceladvisor.org\/es\/#organization\",\"name\":\"Excel Advisor\",\"url\":\"https:\/\/exceladvisor.org\/es\/\",\"logo\":{\"@type\":\"ImageObject\",\"inLanguage\":\"es\",\"@id\":\"https:\/\/exceladvisor.org\/es\/#\/schema\/logo\/image\/\",\"url\":\"https:\/\/exceladvisor.org\/es\/wp-content\/uploads\/2023\/12\/exceladvisor.org_.png\",\"contentUrl\":\"https:\/\/exceladvisor.org\/es\/wp-content\/uploads\/2023\/12\/exceladvisor.org_.png\",\"width\":105,\"height\":36,\"caption\":\"Excel Advisor\"},\"image\":{\"@id\":\"https:\/\/exceladvisor.org\/es\/#\/schema\/logo\/image\/\"}}]}<\/script>\n<!-- \/ Yoast SEO plugin. -->","yoast_head_json":{"title":"\u00bfc\u00f3mo cambio la fuente de datos de la tabla din\u00e1mica?","robots":{"index":"index","follow":"follow","max-snippet":"max-snippet:-1","max-image-preview":"max-image-preview:large","max-video-preview":"max-video-preview:-1"},"canonical":"https:\/\/exceladvisor.org\/es\/cambiar-fuente-de-datos\/","og_locale":"es_ES","og_type":"article","og_title":"\u00bfc\u00f3mo cambio la fuente de datos de la tabla din\u00e1mica?","og_description":"En este art\u00edculo, analizaremos c\u00f3mo cambiar la fuente de datos o ubicar la fuente de datos para una tabla din\u00e1mica determinada. Esto es extremadamente \u00fatil cuando sus datos cambian constantemente. Puede utilizar los pasos a continuaci\u00f3n: Primero, haga clic en cualquier lugar de la tabla din\u00e1mica para activar la pesta\u00f1a de an\u00e1lisis. Despu\u00e9s de eso, [&hellip;]","og_url":"https:\/\/exceladvisor.org\/es\/cambiar-fuente-de-datos\/","og_site_name":"Excel Advisor","article_modified_time":"2023-12-25T10:24:09+00:00","og_image":[{"url":"https:\/\/exceladvisor.org\/wp-content\/uploads\/2023\/08\/1-allez-dans-longlet-analyse.png","type":"","width":"","height":""}],"twitter_card":"summary_large_image","twitter_misc":{"Tiempo de lectura":"2 minutos"},"schema":{"@context":"https:\/\/schema.org","@graph":[{"@type":"WebPage","@id":"https:\/\/exceladvisor.org\/es\/cambiar-fuente-de-datos\/","url":"https:\/\/exceladvisor.org\/es\/cambiar-fuente-de-datos\/","name":"\u00bfc\u00f3mo cambio la fuente de datos de la tabla din\u00e1mica?","isPartOf":{"@id":"https:\/\/exceladvisor.org\/es\/#website"},"primaryImageOfPage":{"@id":"https:\/\/exceladvisor.org\/es\/cambiar-fuente-de-datos\/#primaryimage"},"image":{"@id":"https:\/\/exceladvisor.org\/es\/cambiar-fuente-de-datos\/#primaryimage"},"thumbnailUrl":"https:\/\/exceladvisor.org\/wp-content\/uploads\/2023\/08\/1-allez-dans-longlet-analyse.png","datePublished":"2023-10-31T06:42:12+00:00","dateModified":"2023-12-25T10:24:09+00:00","breadcrumb":{"@id":"https:\/\/exceladvisor.org\/es\/cambiar-fuente-de-datos\/#breadcrumb"},"inLanguage":"es","potentialAction":[{"@type":"ReadAction","target":["https:\/\/exceladvisor.org\/es\/cambiar-fuente-de-datos\/"]}]},{"@type":"ImageObject","inLanguage":"es","@id":"https:\/\/exceladvisor.org\/es\/cambiar-fuente-de-datos\/#primaryimage","url":"https:\/\/exceladvisor.org\/wp-content\/uploads\/2023\/08\/1-allez-dans-longlet-analyse.png","contentUrl":"https:\/\/exceladvisor.org\/wp-content\/uploads\/2023\/08\/1-allez-dans-longlet-analyse.png"},{"@type":"BreadcrumbList","@id":"https:\/\/exceladvisor.org\/es\/cambiar-fuente-de-datos\/#breadcrumb","itemListElement":[{"@type":"ListItem","position":1,"name":"Hogar","item":"https:\/\/exceladvisor.org\/es\/"},{"@type":"ListItem","position":2,"name":"\u00bfc\u00f3mo cambio la fuente de datos de la tabla din\u00e1mica?"}]},{"@type":"WebSite","@id":"https:\/\/exceladvisor.org\/es\/#website","url":"https:\/\/exceladvisor.org\/es\/","name":"Excel Advisor","description":"Su gu\u00eda para la dominaci\u00f3n de datos!","publisher":{"@id":"https:\/\/exceladvisor.org\/es\/#organization"},"potentialAction":[{"@type":"SearchAction","target":{"@type":"EntryPoint","urlTemplate":"https:\/\/exceladvisor.org\/es\/?s={search_term_string}"},"query-input":{"@type":"PropertyValueSpecification","valueRequired":true,"valueName":"search_term_string"}}],"inLanguage":"es"},{"@type":"Organization","@id":"https:\/\/exceladvisor.org\/es\/#organization","name":"Excel Advisor","url":"https:\/\/exceladvisor.org\/es\/","logo":{"@type":"ImageObject","inLanguage":"es","@id":"https:\/\/exceladvisor.org\/es\/#\/schema\/logo\/image\/","url":"https:\/\/exceladvisor.org\/es\/wp-content\/uploads\/2023\/12\/exceladvisor.org_.png","contentUrl":"https:\/\/exceladvisor.org\/es\/wp-content\/uploads\/2023\/12\/exceladvisor.org_.png","width":105,"height":36,"caption":"Excel Advisor"},"image":{"@id":"https:\/\/exceladvisor.org\/es\/#\/schema\/logo\/image\/"}}]}},"yoast_meta":{"yoast_wpseo_title":"","yoast_wpseo_metadesc":"","yoast_wpseo_canonical":""},"_links":{"self":[{"href":"https:\/\/exceladvisor.org\/es\/wp-json\/wp\/v2\/pages\/381","targetHints":{"allow":["GET"]}}],"collection":[{"href":"https:\/\/exceladvisor.org\/es\/wp-json\/wp\/v2\/pages"}],"about":[{"href":"https:\/\/exceladvisor.org\/es\/wp-json\/wp\/v2\/types\/page"}],"author":[{"embeddable":true,"href":"https:\/\/exceladvisor.org\/es\/wp-json\/wp\/v2\/users\/1"}],"replies":[{"embeddable":true,"href":"https:\/\/exceladvisor.org\/es\/wp-json\/wp\/v2\/comments?post=381"}],"version-history":[{"count":1,"href":"https:\/\/exceladvisor.org\/es\/wp-json\/wp\/v2\/pages\/381\/revisions"}],"predecessor-version":[{"id":905,"href":"https:\/\/exceladvisor.org\/es\/wp-json\/wp\/v2\/pages\/381\/revisions\/905"}],"wp:attachment":[{"href":"https:\/\/exceladvisor.org\/es\/wp-json\/wp\/v2\/media?parent=381"}],"curies":[{"name":"wp","href":"https:\/\/api.w.org\/{rel}","templated":true}]}}