{"id":382,"date":"2023-10-31T04:19:27","date_gmt":"2023-10-31T04:19:27","guid":{"rendered":"https:\/\/exceladvisor.org\/es\/borde\/"},"modified":"2023-12-25T10:22:57","modified_gmt":"2023-12-25T10:22:57","slug":"borde","status":"publish","type":"page","link":"https:\/\/exceladvisor.org\/es\/borde\/","title":{"rendered":"\u00bfc\u00f3mo agregar un borde en excel?"},"content":{"rendered":"<div class=\"excel-antes-del-contenido\" id=\"excel-2438334614\"><script type=\"text\/javascript\">\r\n\tatOptions = {\r\n\t\t'key' : 'c1158f160081d6540a8409e6925dab94',\r\n\t\t'format' : 'iframe',\r\n\t\t'height' : 250,\r\n\t\t'width' : 300,\r\n\t\t'params' : {}\r\n\t};\r\n<\/script>\r\n<script type=\"text\/javascript\" src=\"\/\/www.highperformanceformat.com\/c1158f160081d6540a8409e6925dab94\/invoke.js\"><\/script><\/div><p>En Excel, un borde es como una l\u00ednea de cuatro lados agregada alrededor de la celda o rango de celdas. Se utiliza para resaltar un \u00e1rea particular y separarla del resto de valores de la hoja de trabajo.<\/p>\n<p> Insertar un borde atrae la atenci\u00f3n de los lectores hacia la secci\u00f3n espec\u00edfica, aumentando su inter\u00e9s en ella.<\/p>\n<p> En este tutorial, veremos formas de agregar bordes junto con sus diferentes tipos en Excel.<\/p>\n<h2 class=\"wp-block-heading\"> Pasos para aplicar bordes a una celda en Excel<\/h2>\n<ol>\n<li> Primero, seleccione la celda o grupo de celdas donde desea agregar un borde en su hoja de trabajo. <br \/><img loading=\"lazy\" decoding=\"async\" title=\"1-seleccionar-celdas\" src=\"https:\/\/exceladvisor.org\/wp-content\/uploads\/2023\/08\/1-selectionner-des-cellules.png\" sizes=\"auto, \" srcset=\"\" alt=\"select-cells\" width=\"429\" height=\"261\"><\/li>\n<li> Luego, vaya a la pesta\u00f1a Inicio y en el grupo \u00abFuente\u00bb, haga clic en el bot\u00f3n de borde, que est\u00e1 justo al lado de las opciones de negrita, cursiva y subrayado. <br \/><img loading=\"lazy\" decoding=\"async\" title=\"2-grupo-de-fuentes-pesta\u00f1a-inicio\" src=\"https:\/\/exceladvisor.org\/wp-content\/uploads\/2023\/08\/2-groupe-de-polices-de-longlet-daccueil.png\" sizes=\"auto, \" srcset=\"\" alt=\"home-tab-font-group\" width=\"427\" height=\"326\"><\/li>\n<li> Una vez que haga clic en la flecha desplegable del bot\u00f3n de borde, le mostrar\u00e1 la lista de bordes. <br \/><img loading=\"lazy\" decoding=\"async\" title=\"3-lista-de-fronteras\" src=\"https:\/\/exceladvisor.org\/wp-content\/uploads\/2023\/08\/3-liste-des-frontieres.png\" sizes=\"auto, \" srcset=\"\" alt=\"list-of-borders\" width=\"231\" height=\"532\"><\/li>\n<li> Ahora seleccione uno de la lista que desee aplicar alrededor de las celdas seleccionadas.<\/li>\n<\/ol>\n<h2 class=\"wp-block-heading\"> Tipos de bordes en Excel<\/h2>\n<p> Aqu\u00ed descubrir\u00e1s las diferentes fronteras, que se clasifican en <strong>4 secciones<\/strong> . <\/p>\n<div class=\"wp-block-image\">\n<figure class=\"aligncenter size-full is-resized\"><img loading=\"lazy\" decoding=\"async\" class=\"wp-image-77614\" src=\"https:\/\/exceladvisor.org\/wp-content\/uploads\/2023\/08\/4-sections-de-bordure-differentes.png\" sizes=\"auto, \" srcset=\"\" alt=\"diferentes secciones fronterizas\" width=\"271\" height=\"183\"><\/figure>\n<\/div>\n<p> En la primera secci\u00f3n, hay bordes inferior, superior, izquierdo y derecho. Estos bordes le ayudar\u00e1n a aplicar solo un borde lateral alrededor de una o m\u00e1s celdas.<\/p>\n<p> Para aplicarlo a los valores seleccionados, simplemente haga clic en cualquier tipo de borde. En el siguiente ejemplo, puede ver el <strong>borde inferior<\/strong> <strong>debajo de la escala<\/strong> . <\/p>\n<div class=\"wp-block-image\">\n<figure class=\"aligncenter size-full is-resized\"><img loading=\"lazy\" decoding=\"async\" class=\"wp-image-77615\" src=\"https:\/\/exceladvisor.org\/wp-content\/uploads\/2023\/08\/5-bordure-inferieure-sous-echelle.png\" sizes=\"auto, \" srcset=\"\" alt=\"subescala del borde inferior\" width=\"373\" height=\"152\"><\/figure>\n<\/div>\n<p> La segunda secci\u00f3n tiene opciones sin borde, todo borde, borde exterior y borde exterior grueso. Puede eliminar f\u00e1cilmente el borde de la celda seleccionada haciendo clic en la opci\u00f3n sin bordes. <\/p>\n<div class=\"wp-block-image\">\n<figure class=\"aligncenter size-full is-resized\"><img loading=\"lazy\" decoding=\"async\" class=\"wp-image-77616\" src=\"https:\/\/exceladvisor.org\/wp-content\/uploads\/2023\/08\/6-pas-de-section-de-bordure.png\" sizes=\"auto, \" srcset=\"\" alt=\"secci\u00f3n sin fronteras\" width=\"312\" height=\"170\"><\/figure>\n<\/div>\n<p> A continuaci\u00f3n, tiene la opci\u00f3n de agregar un borde a los cuatro lados de las celdas seleccionadas. Pero, con todos los bordes, las l\u00edneas del borde separan la celda una por una como se muestra en la imagen a continuaci\u00f3n. <\/p>\n<div class=\"wp-block-image\">\n<figure class=\"aligncenter size-full is-resized\"><img loading=\"lazy\" decoding=\"async\" class=\"wp-image-77617\" src=\"https:\/\/exceladvisor.org\/wp-content\/uploads\/2023\/08\/7-option-pour-ajouter-une-bordure-a-tous-les-cotes.png\" sizes=\"auto, \" srcset=\"\" alt=\"opci\u00f3n-para-agregar-un-borde-en-todos-lados\" width=\"476\" height=\"209\"><\/figure>\n<\/div>\n<p> La tercera secci\u00f3n contiene muchos bordes inferiores. Como doble borde inferior, borde inferior grueso, borde superior e inferior, borde superior e inferior grueso y borde superior y doble inferior. <\/p>\n<div class=\"wp-block-image\">\n<figure class=\"aligncenter size-full is-resized\"><img loading=\"lazy\" decoding=\"async\" class=\"wp-image-77618\" src=\"https:\/\/exceladvisor.org\/wp-content\/uploads\/2023\/08\/8-nombreuses-bordures-inferieures.png\" sizes=\"auto, \" srcset=\"\" alt=\"m\u00faltiples bordes inferiores\" width=\"300\" height=\"198\"><\/figure>\n<\/div>\n<p> Puede utilizar estas opciones para resaltar o subrayar texto o t\u00edtulos importantes. <\/p>\n<div class=\"wp-block-image\">\n<figure class=\"aligncenter size-full is-resized\"><img loading=\"lazy\" decoding=\"async\" class=\"wp-image-77619\" src=\"https:\/\/exceladvisor.org\/wp-content\/uploads\/2023\/08\/9-titres-phares.png\" sizes=\"auto, \" srcset=\"\" alt=\"reflejos\" width=\"440\" height=\"134\"><\/figure>\n<\/div>\n<h2 class=\"wp-block-heading\"> dibuja la frontera<\/h2>\n<p> En la \u00faltima secci\u00f3n, tienes la opci\u00f3n de personalizar o crear el borde que desees usando herramientas de dibujo. Tambi\u00e9n puedes editar el borde existente con esto. <\/p>\n<div class=\"wp-block-image\">\n<figure class=\"aligncenter size-full is-resized\"><img loading=\"lazy\" decoding=\"async\" class=\"wp-image-77620\" src=\"https:\/\/exceladvisor.org\/wp-content\/uploads\/2023\/08\/10-dessiner-la-bordure1.png\" sizes=\"auto, \" srcset=\"\" alt=\"dibujar borde\" width=\"286\" height=\"228\"><\/figure>\n<\/div>\n<ol>\n<li> <strong>Dibujar borde:<\/strong> una vez que haga clic en la opci\u00f3n dibujar borde, su cursor se convertir\u00e1 en un l\u00e1piz de dibujo. Ahora haga clic en la celda y arrastre el bot\u00f3n izquierdo del mouse para insertar el borde. Aplica bordes en ambas direcciones horizontal y verticalmente. <br \/><img loading=\"lazy\" decoding=\"async\" title=\"11 cursor en l\u00e1piz\" src=\"https:\/\/exceladvisor.org\/wp-content\/uploads\/2023\/08\/11-curseur-dans-le-crayon.png\" sizes=\"auto, \" srcset=\"\" alt=\"cursor-into-pencil\" width=\"288\" height=\"227\"><\/li>\n<li> <strong>Dibujar cuadr\u00edcula de borde:<\/strong> como su nombre lo justifica, tambi\u00e9n se utiliza para dibujar un borde alrededor de las celdas seleccionadas. Pero la principal diferencia entre \u00abDibujar borde\u00bb y \u00abDibujar cuadr\u00edcula de borde\u00bb es que Border Grid dibuja bordes en forma de cuadr\u00edcula (a trav\u00e9s de varias celdas). <br \/><img loading=\"lazy\" decoding=\"async\" title=\"12 Dise\u00f1o de cuadr\u00edcula de borde\" src=\"https:\/\/exceladvisor.org\/wp-content\/uploads\/2023\/08\/Grille-de-bordure-a-12-tirages.png\" sizes=\"auto, \" srcset=\"\" alt=\"draw-border-grid\" width=\"423\" height=\"188\"><\/li>\n<li> <strong>Borrar borde:<\/strong> Eraser te ayuda a borrar l\u00edneas de borde no deseadas de tus celdas. Para borrar el borde, simplemente arrastre el borrador sobre la l\u00ednea para eliminarlo. <br \/><img loading=\"lazy\" decoding=\"async\" title=\"13-borde-claro\" src=\"https:\/\/exceladvisor.org\/wp-content\/uploads\/2023\/08\/13-effacer-la-bordure.png\" sizes=\"auto, \" srcset=\"\" alt=\"erase-border\" width=\"457\" height=\"153\"><\/li>\n<li> <strong>Color de l\u00ednea:<\/strong> Lo m\u00e1s sorprendente es que tambi\u00e9n puedes cambiar el color del borde para hacerlo m\u00e1s atractivo. Cuando haces clic en el color de la fila, se abre la ventana emergente con una variedad de colores. Una vez que hayas elegido a alguien, usa el l\u00e1piz para dibujar el borde de color. <br \/><img loading=\"lazy\" decoding=\"async\" title=\"14 l\u00edneas de colores\" src=\"https:\/\/exceladvisor.org\/wp-content\/uploads\/2023\/08\/14-lignes-de-couleur.png\" sizes=\"auto, \" srcset=\"\" alt=\"line-color\" width=\"428\" height=\"178\"><\/li>\n<li> <strong>Estilo de l\u00ednea:<\/strong> para cambiar el estilo del borde, haga clic en el estilo de l\u00ednea y elija uno de los siguientes estilos. <br \/><img loading=\"lazy\" decoding=\"async\" title=\"estilo de 15 l\u00edneas\" src=\"https:\/\/exceladvisor.org\/wp-content\/uploads\/2023\/08\/Style-15-lignes.png\" sizes=\"auto, \" srcset=\"\" alt=\"line-style\" width=\"257\" height=\"145\"><\/li>\n<\/ol>\n<h2 class=\"wp-block-heading\"> Opciones avanzadas de borde<\/h2>\n<p> Elija bordes avanzados para las celdas seleccionadas. Siga los pasos a continuaci\u00f3n:<\/p>\n<ol>\n<li> Primero, vaya a la opci\u00f3n \u00abM\u00e1s fronteras\u00bb, que se encuentra al final de la lista de fronteras.<\/li>\n<li> Al hacer clic, se abre un nuevo cuadro de di\u00e1logo llamado \u00bb <strong>Formato de celdas<\/strong> \u00ab. <br \/><img loading=\"lazy\" decoding=\"async\" title=\"16 opciones de borde avanzadas\" src=\"https:\/\/exceladvisor.org\/wp-content\/uploads\/2023\/08\/16-options-de-bordure-avancees.png\" sizes=\"auto, \" srcset=\"\" alt=\"advanced-border-options\" width=\"526\" height=\"514\"><\/li>\n<li> Aqu\u00ed tienes m\u00e1s opciones de bordes para insertar en la hoja.<\/li>\n<li> Y, una vez que seleccione un ajuste preestablecido determinado, tambi\u00e9n le mostrar\u00e1 c\u00f3mo se ve despu\u00e9s de aplicarlo en el cuadro. <br \/><img loading=\"lazy\" decoding=\"async\" title=\"vista previa de 17 bordes\" src=\"https:\/\/exceladvisor.org\/wp-content\/uploads\/2023\/08\/17-apercu-de-la-bordure.png\" sizes=\"auto, \" srcset=\"\" alt=\"border-preview\" width=\"524\" height=\"518\"><\/li>\n<li> Al final, haga clic en \u00abAceptar\u00bb para aplicar el rango de celdas seleccionado. <br \/><img loading=\"lazy\" decoding=\"async\" title=\"aplique de 18 bordes\" src=\"https:\/\/exceladvisor.org\/wp-content\/uploads\/2023\/08\/18-appliquer-les-bordures.png\" sizes=\"auto, \" srcset=\"\" alt=\"apply-borders\" width=\"475\" height=\"137\"><\/li>\n<\/ol>\n<h2 class=\"wp-block-heading\"> Eliminar bordes en Excel<\/h2>\n<ol>\n<li> Primero, s\u00f3lo necesitas seleccionar el \u00e1rea de la que deseas eliminar el borde.<\/li>\n<li> A continuaci\u00f3n, vaya a la lista de bordes y seleccione la opci\u00f3n \u00abSin borde\u00bb desde all\u00ed. <br \/><img loading=\"lazy\" decoding=\"async\" title=\"19-eliminar-fronteras\" src=\"https:\/\/exceladvisor.org\/wp-content\/uploads\/2023\/08\/19-supprimer-les-bordures.png\" sizes=\"auto, \" srcset=\"\" alt=\"remove-borders\" width=\"504\" height=\"212\"><\/li>\n<li> Ahora las l\u00edneas del borde desaparecer\u00e1n alrededor de las celdas seleccionadas. <br \/><img loading=\"lazy\" decoding=\"async\" title=\"20 l\u00edneas de borde eliminadas1\" src=\"https:\/\/exceladvisor.org\/wp-content\/uploads\/2023\/08\/20-lignes-de-bordure-supprimees1.png\" sizes=\"auto, \" srcset=\"\" alt=\"border-lines-removed\" width=\"438\" height=\"123\"><\/li>\n<\/ol>\n<h2 class=\"wp-block-heading\"> Acceso directo para agregar un borde<\/h2>\n<p> Hay otra forma de agregar un borde usando el acceso directo. Pero antes de usar el atajo, primero debes seleccionar el rango en el que deseas insertar el borde.<\/p>\n<p> Luego presione simult\u00e1neamente ALT \u21e2 H \u21e2 B. Una vez que haga eso, obtendr\u00e1 la lista de bordes. Junto con esto, existen opciones espec\u00edficas para establecer cualquier tipo de borde en una celda o rango. <\/p>\n<div class=\"wp-block-image\">\n<figure class=\"aligncenter size-full is-resized\"><img loading=\"lazy\" decoding=\"async\" class=\"wp-image-77631\" src=\"https:\/\/exceladvisor.org\/wp-content\/uploads\/2023\/08\/21-raccourci-pour-ajouter-des-bordures.png\" sizes=\"auto, \" srcset=\"\" alt=\"atajo para agregar bordes\" width=\"395\" height=\"589\"><\/figure>\n<\/div>\n<p> Desea establecer el borde inferior grueso y la tecla de acceso directo para esto es H, como ve en la captura de pantalla anterior. Entonces, en este caso, presione ALT \u21e2 H \u21e2 B \u21e2 H despu\u00e9s de seleccionar los datos. <\/p>\n<div class=\"wp-block-image\">\n<figure class=\"aligncenter size-full is-resized\"><img loading=\"lazy\" decoding=\"async\" class=\"wp-image-77632\" src=\"https:\/\/exceladvisor.org\/wp-content\/uploads\/2023\/08\/22-bordure-inferieure-epaisse.png\" sizes=\"auto, \" srcset=\"\" alt=\"borde inferior grueso\" width=\"521\" height=\"187\"><\/figure>\n<\/div>\n<div class=\"gb-container gb-container-4db6181c gb-container-mt\"> <a class=\"gb-button gb-button-c5897111 gb-button-text gb-button-mt-button\" href=\"https:\/\/exceladvisor.org\/es\/conceptos-basicos-de-excel\/\">Conceptos b\u00e1sicos de Microsoft Excel (componentes, piezas y notas de conocimiento)<\/a><\/p>\n<h2 class=\"gb-headline gb-headline-665e5f6b gb-headline-text gb-headline-mt-heading\"> Tutoriales relacionados <\/h2>\n<div class=\"gb-grid-wrapper gb-grid-wrapper-a20baf7c gb-grid-wrapper-mt-grid\">\n<div class=\"gb-grid-column gb-grid-column-65ddf67e\">\n<div class=\"gb-container gb-container-65ddf67e\">\n<ul>\n<li> <a href=\"https:\/\/exceladvisor.org\/es\/formato-del-numero-de-contabilidad\/\">Aplicar formato de n\u00famero contable en Excel<\/a><\/li>\n<li> <a href=\"https:\/\/exceladvisor.org\/es\/color-de-celda\/\">Aplicar color de fondo a una celda o a toda la hoja en Excel<\/a><\/li>\n<li> <a href=\"https:\/\/exceladvisor.org\/es\/la-cuadricula\/\">Imprima l\u00edneas de cuadr\u00edcula de Excel (elimine, acorte y cambie de color)<\/a><\/li>\n<li> <a href=\"https:\/\/exceladvisor.org\/es\/agregar-un-numero-de-pagina\/\">Agregar un n\u00famero de p\u00e1gina en Excel<\/a> <\/li>\n<\/ul>\n<\/div>\n<\/div>\n<div class=\"gb-grid-column gb-grid-column-50067b57\">\n<div class=\"gb-container gb-container-50067b57\"><\/div>\n<\/div>\n<\/div>\n<\/div>\n","protected":false},"excerpt":{"rendered":"<p>En Excel, un borde es como una l\u00ednea de cuatro lados agregada alrededor de la celda o rango de celdas. Se utiliza para resaltar un \u00e1rea particular y separarla del resto de valores de la hoja de trabajo. Insertar un borde atrae la atenci\u00f3n de los lectores hacia la secci\u00f3n espec\u00edfica, aumentando su inter\u00e9s en [&hellip;]<\/p>\n","protected":false},"author":1,"featured_media":0,"parent":0,"menu_order":0,"comment_status":"open","ping_status":"closed","template":"","meta":{"ub_ctt_via":"","footnotes":""},"class_list":["post-382","page","type-page","status-publish","hentry"],"featured_image_src":null,"yoast_head":"<!-- This site is optimized with the Yoast SEO plugin v25.4 - https:\/\/yoast.com\/wordpress\/plugins\/seo\/ -->\n<title>\u00bfc\u00f3mo agregar un borde en excel?<\/title>\n<meta name=\"robots\" content=\"index, follow, max-snippet:-1, max-image-preview:large, max-video-preview:-1\" \/>\n<link rel=\"canonical\" href=\"https:\/\/exceladvisor.org\/es\/borde\/\" \/>\n<meta property=\"og:locale\" content=\"es_ES\" \/>\n<meta property=\"og:type\" content=\"article\" \/>\n<meta property=\"og:title\" content=\"\u00bfc\u00f3mo agregar un borde en excel?\" \/>\n<meta property=\"og:description\" content=\"En Excel, un borde es como una l\u00ednea de cuatro lados agregada alrededor de la celda o rango de celdas. Se utiliza para resaltar un \u00e1rea particular y separarla del resto de valores de la hoja de trabajo. Insertar un borde atrae la atenci\u00f3n de los lectores hacia la secci\u00f3n espec\u00edfica, aumentando su inter\u00e9s en [&hellip;]\" \/>\n<meta property=\"og:url\" content=\"https:\/\/exceladvisor.org\/es\/borde\/\" \/>\n<meta property=\"og:site_name\" content=\"Excel Advisor\" \/>\n<meta property=\"article:modified_time\" content=\"2023-12-25T10:22:57+00:00\" \/>\n<meta property=\"og:image\" content=\"https:\/\/exceladvisor.org\/wp-content\/uploads\/2023\/08\/1-selectionner-des-cellules.png\" \/>\n<meta name=\"twitter:card\" content=\"summary_large_image\" \/>\n<meta name=\"twitter:label1\" content=\"Tiempo de lectura\" \/>\n\t<meta name=\"twitter:data1\" content=\"5 minutos\" \/>\n<script type=\"application\/ld+json\" class=\"yoast-schema-graph\">{\"@context\":\"https:\/\/schema.org\",\"@graph\":[{\"@type\":\"WebPage\",\"@id\":\"https:\/\/exceladvisor.org\/es\/borde\/\",\"url\":\"https:\/\/exceladvisor.org\/es\/borde\/\",\"name\":\"\u00bfc\u00f3mo agregar un borde en excel?\",\"isPartOf\":{\"@id\":\"https:\/\/exceladvisor.org\/es\/#website\"},\"primaryImageOfPage\":{\"@id\":\"https:\/\/exceladvisor.org\/es\/borde\/#primaryimage\"},\"image\":{\"@id\":\"https:\/\/exceladvisor.org\/es\/borde\/#primaryimage\"},\"thumbnailUrl\":\"https:\/\/exceladvisor.org\/wp-content\/uploads\/2023\/08\/1-selectionner-des-cellules.png\",\"datePublished\":\"2023-10-31T04:19:27+00:00\",\"dateModified\":\"2023-12-25T10:22:57+00:00\",\"breadcrumb\":{\"@id\":\"https:\/\/exceladvisor.org\/es\/borde\/#breadcrumb\"},\"inLanguage\":\"es\",\"potentialAction\":[{\"@type\":\"ReadAction\",\"target\":[\"https:\/\/exceladvisor.org\/es\/borde\/\"]}]},{\"@type\":\"ImageObject\",\"inLanguage\":\"es\",\"@id\":\"https:\/\/exceladvisor.org\/es\/borde\/#primaryimage\",\"url\":\"https:\/\/exceladvisor.org\/wp-content\/uploads\/2023\/08\/1-selectionner-des-cellules.png\",\"contentUrl\":\"https:\/\/exceladvisor.org\/wp-content\/uploads\/2023\/08\/1-selectionner-des-cellules.png\"},{\"@type\":\"BreadcrumbList\",\"@id\":\"https:\/\/exceladvisor.org\/es\/borde\/#breadcrumb\",\"itemListElement\":[{\"@type\":\"ListItem\",\"position\":1,\"name\":\"Hogar\",\"item\":\"https:\/\/exceladvisor.org\/es\/\"},{\"@type\":\"ListItem\",\"position\":2,\"name\":\"\u00bfc\u00f3mo agregar un borde en excel?\"}]},{\"@type\":\"WebSite\",\"@id\":\"https:\/\/exceladvisor.org\/es\/#website\",\"url\":\"https:\/\/exceladvisor.org\/es\/\",\"name\":\"Excel Advisor\",\"description\":\"Su gu\u00eda para la dominaci\u00f3n de datos!\",\"publisher\":{\"@id\":\"https:\/\/exceladvisor.org\/es\/#organization\"},\"potentialAction\":[{\"@type\":\"SearchAction\",\"target\":{\"@type\":\"EntryPoint\",\"urlTemplate\":\"https:\/\/exceladvisor.org\/es\/?s={search_term_string}\"},\"query-input\":{\"@type\":\"PropertyValueSpecification\",\"valueRequired\":true,\"valueName\":\"search_term_string\"}}],\"inLanguage\":\"es\"},{\"@type\":\"Organization\",\"@id\":\"https:\/\/exceladvisor.org\/es\/#organization\",\"name\":\"Excel Advisor\",\"url\":\"https:\/\/exceladvisor.org\/es\/\",\"logo\":{\"@type\":\"ImageObject\",\"inLanguage\":\"es\",\"@id\":\"https:\/\/exceladvisor.org\/es\/#\/schema\/logo\/image\/\",\"url\":\"https:\/\/exceladvisor.org\/es\/wp-content\/uploads\/2023\/12\/exceladvisor.org_.png\",\"contentUrl\":\"https:\/\/exceladvisor.org\/es\/wp-content\/uploads\/2023\/12\/exceladvisor.org_.png\",\"width\":105,\"height\":36,\"caption\":\"Excel Advisor\"},\"image\":{\"@id\":\"https:\/\/exceladvisor.org\/es\/#\/schema\/logo\/image\/\"}}]}<\/script>\n<!-- \/ Yoast SEO plugin. -->","yoast_head_json":{"title":"\u00bfc\u00f3mo agregar un borde en excel?","robots":{"index":"index","follow":"follow","max-snippet":"max-snippet:-1","max-image-preview":"max-image-preview:large","max-video-preview":"max-video-preview:-1"},"canonical":"https:\/\/exceladvisor.org\/es\/borde\/","og_locale":"es_ES","og_type":"article","og_title":"\u00bfc\u00f3mo agregar un borde en excel?","og_description":"En Excel, un borde es como una l\u00ednea de cuatro lados agregada alrededor de la celda o rango de celdas. Se utiliza para resaltar un \u00e1rea particular y separarla del resto de valores de la hoja de trabajo. Insertar un borde atrae la atenci\u00f3n de los lectores hacia la secci\u00f3n espec\u00edfica, aumentando su inter\u00e9s en [&hellip;]","og_url":"https:\/\/exceladvisor.org\/es\/borde\/","og_site_name":"Excel Advisor","article_modified_time":"2023-12-25T10:22:57+00:00","og_image":[{"url":"https:\/\/exceladvisor.org\/wp-content\/uploads\/2023\/08\/1-selectionner-des-cellules.png","type":"","width":"","height":""}],"twitter_card":"summary_large_image","twitter_misc":{"Tiempo de lectura":"5 minutos"},"schema":{"@context":"https:\/\/schema.org","@graph":[{"@type":"WebPage","@id":"https:\/\/exceladvisor.org\/es\/borde\/","url":"https:\/\/exceladvisor.org\/es\/borde\/","name":"\u00bfc\u00f3mo agregar un borde en excel?","isPartOf":{"@id":"https:\/\/exceladvisor.org\/es\/#website"},"primaryImageOfPage":{"@id":"https:\/\/exceladvisor.org\/es\/borde\/#primaryimage"},"image":{"@id":"https:\/\/exceladvisor.org\/es\/borde\/#primaryimage"},"thumbnailUrl":"https:\/\/exceladvisor.org\/wp-content\/uploads\/2023\/08\/1-selectionner-des-cellules.png","datePublished":"2023-10-31T04:19:27+00:00","dateModified":"2023-12-25T10:22:57+00:00","breadcrumb":{"@id":"https:\/\/exceladvisor.org\/es\/borde\/#breadcrumb"},"inLanguage":"es","potentialAction":[{"@type":"ReadAction","target":["https:\/\/exceladvisor.org\/es\/borde\/"]}]},{"@type":"ImageObject","inLanguage":"es","@id":"https:\/\/exceladvisor.org\/es\/borde\/#primaryimage","url":"https:\/\/exceladvisor.org\/wp-content\/uploads\/2023\/08\/1-selectionner-des-cellules.png","contentUrl":"https:\/\/exceladvisor.org\/wp-content\/uploads\/2023\/08\/1-selectionner-des-cellules.png"},{"@type":"BreadcrumbList","@id":"https:\/\/exceladvisor.org\/es\/borde\/#breadcrumb","itemListElement":[{"@type":"ListItem","position":1,"name":"Hogar","item":"https:\/\/exceladvisor.org\/es\/"},{"@type":"ListItem","position":2,"name":"\u00bfc\u00f3mo agregar un borde en excel?"}]},{"@type":"WebSite","@id":"https:\/\/exceladvisor.org\/es\/#website","url":"https:\/\/exceladvisor.org\/es\/","name":"Excel Advisor","description":"Su gu\u00eda para la dominaci\u00f3n de datos!","publisher":{"@id":"https:\/\/exceladvisor.org\/es\/#organization"},"potentialAction":[{"@type":"SearchAction","target":{"@type":"EntryPoint","urlTemplate":"https:\/\/exceladvisor.org\/es\/?s={search_term_string}"},"query-input":{"@type":"PropertyValueSpecification","valueRequired":true,"valueName":"search_term_string"}}],"inLanguage":"es"},{"@type":"Organization","@id":"https:\/\/exceladvisor.org\/es\/#organization","name":"Excel Advisor","url":"https:\/\/exceladvisor.org\/es\/","logo":{"@type":"ImageObject","inLanguage":"es","@id":"https:\/\/exceladvisor.org\/es\/#\/schema\/logo\/image\/","url":"https:\/\/exceladvisor.org\/es\/wp-content\/uploads\/2023\/12\/exceladvisor.org_.png","contentUrl":"https:\/\/exceladvisor.org\/es\/wp-content\/uploads\/2023\/12\/exceladvisor.org_.png","width":105,"height":36,"caption":"Excel Advisor"},"image":{"@id":"https:\/\/exceladvisor.org\/es\/#\/schema\/logo\/image\/"}}]}},"yoast_meta":{"yoast_wpseo_title":"","yoast_wpseo_metadesc":"","yoast_wpseo_canonical":""},"_links":{"self":[{"href":"https:\/\/exceladvisor.org\/es\/wp-json\/wp\/v2\/pages\/382","targetHints":{"allow":["GET"]}}],"collection":[{"href":"https:\/\/exceladvisor.org\/es\/wp-json\/wp\/v2\/pages"}],"about":[{"href":"https:\/\/exceladvisor.org\/es\/wp-json\/wp\/v2\/types\/page"}],"author":[{"embeddable":true,"href":"https:\/\/exceladvisor.org\/es\/wp-json\/wp\/v2\/users\/1"}],"replies":[{"embeddable":true,"href":"https:\/\/exceladvisor.org\/es\/wp-json\/wp\/v2\/comments?post=382"}],"version-history":[{"count":1,"href":"https:\/\/exceladvisor.org\/es\/wp-json\/wp\/v2\/pages\/382\/revisions"}],"predecessor-version":[{"id":804,"href":"https:\/\/exceladvisor.org\/es\/wp-json\/wp\/v2\/pages\/382\/revisions\/804"}],"wp:attachment":[{"href":"https:\/\/exceladvisor.org\/es\/wp-json\/wp\/v2\/media?parent=382"}],"curies":[{"name":"wp","href":"https:\/\/api.w.org\/{rel}","templated":true}]}}