{"id":383,"date":"2023-10-31T03:53:22","date_gmt":"2023-10-31T03:53:22","guid":{"rendered":"https:\/\/exceladvisor.org\/es\/congelar-las-contraventanas\/"},"modified":"2023-12-25T10:24:32","modified_gmt":"2023-12-25T10:24:32","slug":"congelar-las-contraventanas","status":"publish","type":"page","link":"https:\/\/exceladvisor.org\/es\/congelar-las-contraventanas\/","title":{"rendered":"\u00bfc\u00f3mo congelar paneles en excel?"},"content":{"rendered":"<div class=\"excel-antes-del-contenido\" id=\"excel-3197295514\"><script type=\"text\/javascript\">\r\n\tatOptions = {\r\n\t\t'key' : 'c1158f160081d6540a8409e6925dab94',\r\n\t\t'format' : 'iframe',\r\n\t\t'height' : 250,\r\n\t\t'width' : 300,\r\n\t\t'params' : {}\r\n\t};\r\n<\/script>\r\n<script type=\"text\/javascript\" src=\"\/\/www.highperformanceformat.com\/c1158f160081d6540a8409e6925dab94\/invoke.js\"><\/script><\/div><p>La opci\u00f3n Congelar paneles le permite bloquear filas y columnas mientras se desplaza por la hoja de trabajo a cualquier lugar. Cuando se trabaja con big data, resulta dif\u00edcil compararlos entre s\u00ed.<\/p>\n<p> Pero puedes congelar el encabezado o algunas filas y columnas espec\u00edficas para que siempre est\u00e9n visibles en la parte superior.<\/p>\n<p> En este tutorial, me gustar\u00eda compartir los pasos para congelar la fila superior o la primera columna, y la combinaci\u00f3n de filas y columnas en consecuencia.<\/p>\n<h2 class=\"wp-block-heading\"> Pasos para congelar la fila superior en Excel<\/h2>\n<ol>\n<li> Primero, seleccione la \u00abfila de encabezado\u00bb que desea congelar.<\/li>\n<li> A continuaci\u00f3n, vaya a la pesta\u00f1a \u00abVer\u00bb en la cinta y, en el grupo \u00abVentana\u00bb, haga clic en el comando \u00abCongelar paneles\u00bb. <br \/><img loading=\"lazy\" decoding=\"async\" title=\"1 encabezado para congelar\" src=\"https:\/\/exceladvisor.org\/wp-content\/uploads\/2023\/08\/1-en-tete-a-figer.png\" sizes=\"auto, \" srcset=\"\" alt=\"header-to-freeze\" width=\"979\" height=\"261\"><\/li>\n<li> Ahora, en la lista desplegable del panel congelado, seleccione la opci\u00f3n \u00abCongelar fila superior\u00bb para bloquear la fila. <br \/><img loading=\"lazy\" decoding=\"async\" title=\"Fila superior libre de 2 opciones\" src=\"https:\/\/exceladvisor.org\/wp-content\/uploads\/2023\/08\/2-choisissez-la-rangee-superieure-libre.png\" sizes=\"auto, \" srcset=\"\" alt=\"choose-freeze-top-row\" width=\"393\" height=\"259\"><\/li>\n<li> Aqu\u00ed notar\u00e1 una delgada l\u00ednea horizontal debajo de la fila del encabezado que indica que el \u00e1rea superior de la hoja est\u00e1 bloqueada. <br \/><img loading=\"lazy\" decoding=\"async\" title=\"3 filas superiores congeladas\" src=\"https:\/\/exceladvisor.org\/wp-content\/uploads\/2023\/08\/3-rangees-du-haut-gelees.png\" sizes=\"auto, \" srcset=\"\" alt=\"top-row-freezed\" width=\"405\" height=\"194\"><\/li>\n<\/ol>\n<p> El m\u00e9todo abreviado de teclado es Alt \u21e2 W \u21e2 F \u21e2 R para congelar la fila superior.<\/p>\n<h2 class=\"wp-block-heading\"> Congelar varias filas en la parte superior en Excel<\/h2>\n<p> En esto tambi\u00e9n puede congelar varias filas en la hoja de c\u00e1lculo seg\u00fan sus necesidades. A continuaci\u00f3n se detallan los pasos a seguir:<\/p>\n<ol>\n<li> Primero, coloque el cursor sobre el n\u00famero del encabezado de la fila de destino para congelar el \u00e1rea de arriba. (Por ejemplo, si desea congelar las primeras tres l\u00edneas, debe seleccionar la <sup>cuarta<\/sup> l\u00ednea).<\/li>\n<li> Despu\u00e9s de eso, en la pesta\u00f1a \u00abVer\u00bb, haga clic en la lista desplegable de paneles congelados y seleccione la primera opci\u00f3n que es \u00abBloquear paneles\u00bb. <br \/><img loading=\"lazy\" decoding=\"async\" title=\"4-helados\" src=\"https:\/\/exceladvisor.org\/wp-content\/uploads\/2023\/08\/4-volets-de-gel.png\" sizes=\"auto, \" srcset=\"\" alt=\"freeze-panes\" width=\"670\" height=\"250\"><\/li>\n<li> Ahora despl\u00e1cese hacia abajo en la hoja y notar\u00e1 que todas las filas por encima de la <sup>cuarta<\/sup> fila ser\u00e1n visibles en la parte superior tal como est\u00e1n. <br \/><img loading=\"lazy\" decoding=\"async\" title=\"5-l\u00edneas-arriba-seleccionadas-visibles1\" src=\"https:\/\/exceladvisor.org\/wp-content\/uploads\/2023\/08\/5-lignes-selectionnees-au-dessus-visibles1.png\" sizes=\"auto, \" srcset=\"\" alt=\"above-selected-rows-visible\" width=\"408\" height=\"171\"><\/li>\n<\/ol>\n<h2 class=\"wp-block-heading\"> Congelar la primera columna en Excel<\/h2>\n<p> Para saber c\u00f3mo congelar la primera columna de la hoja de trabajo, debe seguir los pasos a continuaci\u00f3n:<\/p>\n<ol>\n<li> Seleccione la columna superior del alfabeto \u201cA\u201d que designa la columna A de la hoja.<\/li>\n<li> Nuevamente, en el grupo Ventana, haga clic en el men\u00fa desplegable Congelar paneles.<\/li>\n<li> En el siguiente paso, debe hacer clic en la opci\u00f3n \u00abCongelar primera columna\u00bb. <br \/><img loading=\"lazy\" decoding=\"async\" title=\"6-gel-primera-columna1\" src=\"https:\/\/exceladvisor.org\/wp-content\/uploads\/2023\/08\/6-geler-la-premiere-colonne1.png\" sizes=\"auto, \" srcset=\"\" alt=\"freeze-first-column\" width=\"626\" height=\"275\"><\/li>\n<li> Al final, la primera columna se congela y muestra una l\u00ednea vertical oscura. <br \/><img loading=\"lazy\" decoding=\"async\" title=\"7 l\u00edneas verticales oscuras\" src=\"https:\/\/exceladvisor.org\/wp-content\/uploads\/2023\/08\/7-ligne-verticale-sombre.png\" sizes=\"auto, \" srcset=\"\" alt=\"dark-vertical-line\" width=\"341\" height=\"237\"><\/li>\n<\/ol>\n<p> El atajo de teclado para congelar la primera columna es Alt \u21e2 W \u21e2 F \u21e2 C.<\/p>\n<h2 class=\"wp-block-heading\"> Congelar varias columnas<\/h2>\n<ol>\n<li> Primero, debe seleccionar la primera columna por su encabezado, luego presione y mantenga presionada la tecla Ctrl para seleccionar las m\u00faltiples columnas que desea bloquear. Por ejemplo, si desea congelar las dos primeras columnas (A, B) de su hoja, para ello tambi\u00e9n debe seleccionar la columna C.<\/li>\n<li> Despu\u00e9s de eso, vaya a la pesta\u00f1a \u00abVer\u00bb &gt; Congelar paneles &gt; y haga clic en Congelar paneles nuevamente en la lista desplegable. <br \/><img loading=\"lazy\" decoding=\"async\" title=\"8-congelar-varias-columnas\" src=\"https:\/\/exceladvisor.org\/wp-content\/uploads\/2023\/08\/8-geler-plusieurs-colonnes.png\" sizes=\"auto, \" srcset=\"\" alt=\"freeze-multiple-columns\" width=\"645\" height=\"264\"><\/li>\n<li> Una vez que haga clic en las bandejas congeladas, las dos primeras columnas (A y B) se bloquear\u00e1n y estas columnas estar\u00e1n separadas de las dem\u00e1s por una l\u00ednea vertical recta. <br \/><img loading=\"lazy\" decoding=\"async\" title=\"9-primeras-dos-columnas-congeladas\" src=\"https:\/\/exceladvisor.org\/wp-content\/uploads\/2023\/08\/9-deux-premieres-colonnes-figees.png\" sizes=\"auto, \" srcset=\"\" alt=\"first-two-columns-freezed\" width=\"327\" height=\"266\"><\/li>\n<\/ol>\n<h2 class=\"wp-block-heading\"> Descongelar paneles en Excel<\/h2>\n<ol>\n<li> Simplemente vaya a la pesta\u00f1a \u00abVer\u00bb en la cinta.<\/li>\n<li> A continuaci\u00f3n, haga clic en el bot\u00f3n \u00abDescongelar paneles\u00bb en los paneles congelados. <br \/><img loading=\"lazy\" decoding=\"async\" title=\"10 ventanas descongeladas\" src=\"https:\/\/exceladvisor.org\/wp-content\/uploads\/2023\/08\/10-vitres-degelees.png\" sizes=\"auto, \" srcset=\"\" alt=\"unfreeze-panes\" width=\"625\" height=\"257\"><\/li>\n<li> En un segundo, ver\u00e1 que todas las filas y columnas bloqueadas vuelven a la normalidad. <br \/><img loading=\"lazy\" decoding=\"async\" title=\"11-filas-y-columnas-sin-fijar\" src=\"https:\/\/exceladvisor.org\/wp-content\/uploads\/2023\/08\/11-lignes-et-colonnes-non-figees.png\" sizes=\"auto, \" srcset=\"\" alt=\"rows-and-columns-unfreezed\" width=\"314\" height=\"217\"><\/li>\n<\/ol>\n<h2 class=\"wp-block-heading\"> Llevar<\/h2>\n<ul>\n<li> Las columnas o filas bloqueadas siempre comenzar\u00e1n desde la fila superior y la primera columna. Como no es posible bloquear la fila o columna del medio de la hoja.<\/li>\n<li> Aseg\u00farese de que todas las filas y columnas que desea bloquear est\u00e9n visibles en la hoja de trabajo.<\/li>\n<\/ul>\n<div class=\"gb-container gb-container-4db6181c gb-container-mt\"> <a class=\"gb-button gb-button-c5897111 gb-button-text gb-button-mt-button\" href=\"https:\/\/exceladvisor.org\/es\/conceptos-basicos-de-excel\/\">Conceptos b\u00e1sicos de Microsoft Excel (componentes, piezas y notas de conocimiento)<\/a><\/p>\n<h2 class=\"gb-headline gb-headline-665e5f6b gb-headline-text gb-headline-mt-heading\"> Tutoriales relacionados <\/h2>\n<div class=\"gb-grid-wrapper gb-grid-wrapper-a20baf7c gb-grid-wrapper-mt-grid\">\n<div class=\"gb-grid-column gb-grid-column-65ddf67e\">\n<div class=\"gb-container gb-container-65ddf67e\">\n<ul>\n<li> <a href=\"https:\/\/exceladvisor.org\/es\/justificar-completamente\/\">Llenar justificar en Excel<\/a><\/li>\n<li> <a href=\"https:\/\/exceladvisor.org\/es\/barra-de-formulas-de-excel\/\">Barra de f\u00f3rmulas en Excel<\/a><\/li>\n<li> <a href=\"https:\/\/exceladvisor.org\/es\/agregar-un-encabezado-de-pie-de-pagina\/\">Agregar un encabezado y pie de p\u00e1gina en Excel<\/a><\/li>\n<li> <a href=\"https:\/\/exceladvisor.org\/es\/gobernante\/\">Mostrar regla en Excel<\/a><\/li>\n<li> <a href=\"https:\/\/exceladvisor.org\/es\/mango-de-llenado\/\">Controlador de relleno en Excel<\/a> <\/li>\n<\/ul>\n<\/div>\n<\/div>\n<div class=\"gb-grid-column gb-grid-column-50067b57\">\n<div class=\"gb-container gb-container-50067b57\"><\/div>\n<\/div>\n<\/div>\n<\/div>\n","protected":false},"excerpt":{"rendered":"<p>La opci\u00f3n Congelar paneles le permite bloquear filas y columnas mientras se desplaza por la hoja de trabajo a cualquier lugar. Cuando se trabaja con big data, resulta dif\u00edcil compararlos entre s\u00ed. Pero puedes congelar el encabezado o algunas filas y columnas espec\u00edficas para que siempre est\u00e9n visibles en la parte superior. En este tutorial, [&hellip;]<\/p>\n","protected":false},"author":1,"featured_media":0,"parent":0,"menu_order":0,"comment_status":"open","ping_status":"closed","template":"","meta":{"ub_ctt_via":"","footnotes":""},"class_list":["post-383","page","type-page","status-publish","hentry"],"featured_image_src":null,"yoast_head":"<!-- This site is optimized with the Yoast SEO plugin v25.4 - https:\/\/yoast.com\/wordpress\/plugins\/seo\/ -->\n<title>\u00bfc\u00f3mo congelar paneles en excel?<\/title>\n<meta name=\"robots\" content=\"index, follow, max-snippet:-1, max-image-preview:large, max-video-preview:-1\" \/>\n<link rel=\"canonical\" href=\"https:\/\/exceladvisor.org\/es\/congelar-las-contraventanas\/\" \/>\n<meta property=\"og:locale\" content=\"es_ES\" \/>\n<meta property=\"og:type\" content=\"article\" \/>\n<meta property=\"og:title\" content=\"\u00bfc\u00f3mo congelar paneles en excel?\" \/>\n<meta property=\"og:description\" content=\"La opci\u00f3n Congelar paneles le permite bloquear filas y columnas mientras se desplaza por la hoja de trabajo a cualquier lugar. Cuando se trabaja con big data, resulta dif\u00edcil compararlos entre s\u00ed. Pero puedes congelar el encabezado o algunas filas y columnas espec\u00edficas para que siempre est\u00e9n visibles en la parte superior. En este tutorial, [&hellip;]\" \/>\n<meta property=\"og:url\" content=\"https:\/\/exceladvisor.org\/es\/congelar-las-contraventanas\/\" \/>\n<meta property=\"og:site_name\" content=\"Excel Advisor\" \/>\n<meta property=\"article:modified_time\" content=\"2023-12-25T10:24:32+00:00\" \/>\n<meta property=\"og:image\" content=\"https:\/\/exceladvisor.org\/wp-content\/uploads\/2023\/08\/1-en-tete-a-figer.png\" \/>\n<meta name=\"twitter:card\" content=\"summary_large_image\" \/>\n<meta name=\"twitter:label1\" content=\"Tiempo de lectura\" \/>\n\t<meta name=\"twitter:data1\" content=\"3 minutos\" \/>\n<script type=\"application\/ld+json\" class=\"yoast-schema-graph\">{\"@context\":\"https:\/\/schema.org\",\"@graph\":[{\"@type\":\"WebPage\",\"@id\":\"https:\/\/exceladvisor.org\/es\/congelar-las-contraventanas\/\",\"url\":\"https:\/\/exceladvisor.org\/es\/congelar-las-contraventanas\/\",\"name\":\"\u00bfc\u00f3mo congelar paneles en excel?\",\"isPartOf\":{\"@id\":\"https:\/\/exceladvisor.org\/es\/#website\"},\"primaryImageOfPage\":{\"@id\":\"https:\/\/exceladvisor.org\/es\/congelar-las-contraventanas\/#primaryimage\"},\"image\":{\"@id\":\"https:\/\/exceladvisor.org\/es\/congelar-las-contraventanas\/#primaryimage\"},\"thumbnailUrl\":\"https:\/\/exceladvisor.org\/wp-content\/uploads\/2023\/08\/1-en-tete-a-figer.png\",\"datePublished\":\"2023-10-31T03:53:22+00:00\",\"dateModified\":\"2023-12-25T10:24:32+00:00\",\"breadcrumb\":{\"@id\":\"https:\/\/exceladvisor.org\/es\/congelar-las-contraventanas\/#breadcrumb\"},\"inLanguage\":\"es\",\"potentialAction\":[{\"@type\":\"ReadAction\",\"target\":[\"https:\/\/exceladvisor.org\/es\/congelar-las-contraventanas\/\"]}]},{\"@type\":\"ImageObject\",\"inLanguage\":\"es\",\"@id\":\"https:\/\/exceladvisor.org\/es\/congelar-las-contraventanas\/#primaryimage\",\"url\":\"https:\/\/exceladvisor.org\/wp-content\/uploads\/2023\/08\/1-en-tete-a-figer.png\",\"contentUrl\":\"https:\/\/exceladvisor.org\/wp-content\/uploads\/2023\/08\/1-en-tete-a-figer.png\"},{\"@type\":\"BreadcrumbList\",\"@id\":\"https:\/\/exceladvisor.org\/es\/congelar-las-contraventanas\/#breadcrumb\",\"itemListElement\":[{\"@type\":\"ListItem\",\"position\":1,\"name\":\"Hogar\",\"item\":\"https:\/\/exceladvisor.org\/es\/\"},{\"@type\":\"ListItem\",\"position\":2,\"name\":\"\u00bfc\u00f3mo congelar paneles en excel?\"}]},{\"@type\":\"WebSite\",\"@id\":\"https:\/\/exceladvisor.org\/es\/#website\",\"url\":\"https:\/\/exceladvisor.org\/es\/\",\"name\":\"Excel Advisor\",\"description\":\"Su gu\u00eda para la dominaci\u00f3n de datos!\",\"publisher\":{\"@id\":\"https:\/\/exceladvisor.org\/es\/#organization\"},\"potentialAction\":[{\"@type\":\"SearchAction\",\"target\":{\"@type\":\"EntryPoint\",\"urlTemplate\":\"https:\/\/exceladvisor.org\/es\/?s={search_term_string}\"},\"query-input\":{\"@type\":\"PropertyValueSpecification\",\"valueRequired\":true,\"valueName\":\"search_term_string\"}}],\"inLanguage\":\"es\"},{\"@type\":\"Organization\",\"@id\":\"https:\/\/exceladvisor.org\/es\/#organization\",\"name\":\"Excel Advisor\",\"url\":\"https:\/\/exceladvisor.org\/es\/\",\"logo\":{\"@type\":\"ImageObject\",\"inLanguage\":\"es\",\"@id\":\"https:\/\/exceladvisor.org\/es\/#\/schema\/logo\/image\/\",\"url\":\"https:\/\/exceladvisor.org\/es\/wp-content\/uploads\/2023\/12\/exceladvisor.org_.png\",\"contentUrl\":\"https:\/\/exceladvisor.org\/es\/wp-content\/uploads\/2023\/12\/exceladvisor.org_.png\",\"width\":105,\"height\":36,\"caption\":\"Excel Advisor\"},\"image\":{\"@id\":\"https:\/\/exceladvisor.org\/es\/#\/schema\/logo\/image\/\"}}]}<\/script>\n<!-- \/ Yoast SEO plugin. -->","yoast_head_json":{"title":"\u00bfc\u00f3mo congelar paneles en excel?","robots":{"index":"index","follow":"follow","max-snippet":"max-snippet:-1","max-image-preview":"max-image-preview:large","max-video-preview":"max-video-preview:-1"},"canonical":"https:\/\/exceladvisor.org\/es\/congelar-las-contraventanas\/","og_locale":"es_ES","og_type":"article","og_title":"\u00bfc\u00f3mo congelar paneles en excel?","og_description":"La opci\u00f3n Congelar paneles le permite bloquear filas y columnas mientras se desplaza por la hoja de trabajo a cualquier lugar. Cuando se trabaja con big data, resulta dif\u00edcil compararlos entre s\u00ed. Pero puedes congelar el encabezado o algunas filas y columnas espec\u00edficas para que siempre est\u00e9n visibles en la parte superior. En este tutorial, [&hellip;]","og_url":"https:\/\/exceladvisor.org\/es\/congelar-las-contraventanas\/","og_site_name":"Excel Advisor","article_modified_time":"2023-12-25T10:24:32+00:00","og_image":[{"url":"https:\/\/exceladvisor.org\/wp-content\/uploads\/2023\/08\/1-en-tete-a-figer.png","type":"","width":"","height":""}],"twitter_card":"summary_large_image","twitter_misc":{"Tiempo de lectura":"3 minutos"},"schema":{"@context":"https:\/\/schema.org","@graph":[{"@type":"WebPage","@id":"https:\/\/exceladvisor.org\/es\/congelar-las-contraventanas\/","url":"https:\/\/exceladvisor.org\/es\/congelar-las-contraventanas\/","name":"\u00bfc\u00f3mo congelar paneles en excel?","isPartOf":{"@id":"https:\/\/exceladvisor.org\/es\/#website"},"primaryImageOfPage":{"@id":"https:\/\/exceladvisor.org\/es\/congelar-las-contraventanas\/#primaryimage"},"image":{"@id":"https:\/\/exceladvisor.org\/es\/congelar-las-contraventanas\/#primaryimage"},"thumbnailUrl":"https:\/\/exceladvisor.org\/wp-content\/uploads\/2023\/08\/1-en-tete-a-figer.png","datePublished":"2023-10-31T03:53:22+00:00","dateModified":"2023-12-25T10:24:32+00:00","breadcrumb":{"@id":"https:\/\/exceladvisor.org\/es\/congelar-las-contraventanas\/#breadcrumb"},"inLanguage":"es","potentialAction":[{"@type":"ReadAction","target":["https:\/\/exceladvisor.org\/es\/congelar-las-contraventanas\/"]}]},{"@type":"ImageObject","inLanguage":"es","@id":"https:\/\/exceladvisor.org\/es\/congelar-las-contraventanas\/#primaryimage","url":"https:\/\/exceladvisor.org\/wp-content\/uploads\/2023\/08\/1-en-tete-a-figer.png","contentUrl":"https:\/\/exceladvisor.org\/wp-content\/uploads\/2023\/08\/1-en-tete-a-figer.png"},{"@type":"BreadcrumbList","@id":"https:\/\/exceladvisor.org\/es\/congelar-las-contraventanas\/#breadcrumb","itemListElement":[{"@type":"ListItem","position":1,"name":"Hogar","item":"https:\/\/exceladvisor.org\/es\/"},{"@type":"ListItem","position":2,"name":"\u00bfc\u00f3mo congelar paneles en excel?"}]},{"@type":"WebSite","@id":"https:\/\/exceladvisor.org\/es\/#website","url":"https:\/\/exceladvisor.org\/es\/","name":"Excel Advisor","description":"Su gu\u00eda para la dominaci\u00f3n de datos!","publisher":{"@id":"https:\/\/exceladvisor.org\/es\/#organization"},"potentialAction":[{"@type":"SearchAction","target":{"@type":"EntryPoint","urlTemplate":"https:\/\/exceladvisor.org\/es\/?s={search_term_string}"},"query-input":{"@type":"PropertyValueSpecification","valueRequired":true,"valueName":"search_term_string"}}],"inLanguage":"es"},{"@type":"Organization","@id":"https:\/\/exceladvisor.org\/es\/#organization","name":"Excel Advisor","url":"https:\/\/exceladvisor.org\/es\/","logo":{"@type":"ImageObject","inLanguage":"es","@id":"https:\/\/exceladvisor.org\/es\/#\/schema\/logo\/image\/","url":"https:\/\/exceladvisor.org\/es\/wp-content\/uploads\/2023\/12\/exceladvisor.org_.png","contentUrl":"https:\/\/exceladvisor.org\/es\/wp-content\/uploads\/2023\/12\/exceladvisor.org_.png","width":105,"height":36,"caption":"Excel Advisor"},"image":{"@id":"https:\/\/exceladvisor.org\/es\/#\/schema\/logo\/image\/"}}]}},"yoast_meta":{"yoast_wpseo_title":"","yoast_wpseo_metadesc":"","yoast_wpseo_canonical":""},"_links":{"self":[{"href":"https:\/\/exceladvisor.org\/es\/wp-json\/wp\/v2\/pages\/383","targetHints":{"allow":["GET"]}}],"collection":[{"href":"https:\/\/exceladvisor.org\/es\/wp-json\/wp\/v2\/pages"}],"about":[{"href":"https:\/\/exceladvisor.org\/es\/wp-json\/wp\/v2\/types\/page"}],"author":[{"embeddable":true,"href":"https:\/\/exceladvisor.org\/es\/wp-json\/wp\/v2\/users\/1"}],"replies":[{"embeddable":true,"href":"https:\/\/exceladvisor.org\/es\/wp-json\/wp\/v2\/comments?post=383"}],"version-history":[{"count":1,"href":"https:\/\/exceladvisor.org\/es\/wp-json\/wp\/v2\/pages\/383\/revisions"}],"predecessor-version":[{"id":934,"href":"https:\/\/exceladvisor.org\/es\/wp-json\/wp\/v2\/pages\/383\/revisions\/934"}],"wp:attachment":[{"href":"https:\/\/exceladvisor.org\/es\/wp-json\/wp\/v2\/media?parent=383"}],"curies":[{"name":"wp","href":"https:\/\/api.w.org\/{rel}","templated":true}]}}