{"id":384,"date":"2023-10-31T03:21:49","date_gmt":"2023-10-31T03:21:49","guid":{"rendered":"https:\/\/exceladvisor.org\/es\/ancho-de-columna\/"},"modified":"2023-12-25T10:23:57","modified_gmt":"2023-12-25T10:23:57","slug":"ancho-de-columna","status":"publish","type":"page","link":"https:\/\/exceladvisor.org\/es\/ancho-de-columna\/","title":{"rendered":"\u00bfc\u00f3mo cambiar el ancho de columna en excel?"},"content":{"rendered":"<div class=\"excel-antes-del-contenido\" id=\"excel-1198212080\"><script type=\"text\/javascript\">\r\n\tatOptions = {\r\n\t\t'key' : 'c1158f160081d6540a8409e6925dab94',\r\n\t\t'format' : 'iframe',\r\n\t\t'height' : 250,\r\n\t\t'width' : 300,\r\n\t\t'params' : {}\r\n\t};\r\n<\/script>\r\n<script type=\"text\/javascript\" src=\"\/\/www.highperformanceformat.com\/c1158f160081d6540a8409e6925dab94\/invoke.js\"><\/script><\/div><p>En Excel, una hoja tiene varias celdas del mismo tama\u00f1o y cada celda contiene 8,43 caracteres.<\/p>\n<p> En particular, al preparar informes, crear tablas de datos u otros c\u00e1lculos, a menudo es necesario cambiar el ancho de una columna. Y, al expandir sus columnas, puede obtener f\u00e1cilmente visibilidad de todos los datos de su hoja.<\/p>\n<p> En este tutorial, aprenderemos varias formas efectivas de ajustar el ancho de las columnas.<\/p>\n<h2 class=\"wp-block-heading\"> Ajustar el ancho de la columna con el mouse<\/h2>\n<p> Ajustar el ancho de la columna haciendo clic y arrastrando es muy f\u00e1cil de hacer y entender. Ahora hag\u00e1moslo paso a paso.<\/p>\n<ol>\n<li> Para cambiar el ancho de \u201cColumnas \u00fanicas o m\u00faltiples\u201d, primero seleccione esa columna espec\u00edfica en la hoja de trabajo. <br \/><img loading=\"lazy\" decoding=\"async\" title=\"1-seleccionar-columna\" src=\"https:\/\/exceladvisor.org\/wp-content\/uploads\/2023\/08\/1-selectionner-la-colonne.png\" sizes=\"auto, \" srcset=\"\" alt=\"select-the-column\" width=\"337\" height=\"200\"><\/li>\n<li> Despu\u00e9s de eso, mueva el puntero del mouse al borde de la columna seleccionada en el encabezado de la columna. <br \/><img loading=\"lazy\" decoding=\"async\" title=\"2 punteros del mouse en el borde de la columna\" src=\"https:\/\/exceladvisor.org\/wp-content\/uploads\/2023\/08\/2-pointeur-de-souris-en-bordure-de-colonne.png\" sizes=\"auto, \" srcset=\"\" alt=\"mouse-pointer-on-column-border\" width=\"331\" height=\"197\"><\/li>\n<li> Una vez que parezca una flecha de cuatro lados, mantenga presionado el bot\u00f3n izquierdo del mouse y arr\u00e1strelo hacia la derecha para aumentar su ancho. <br \/><img loading=\"lazy\" decoding=\"async\" title=\"3-arrastrar con el mouse\" src=\"https:\/\/exceladvisor.org\/wp-content\/uploads\/2023\/08\/3-faites-glisser-vers-avec-la-souris.png\" sizes=\"auto, \" srcset=\"\" alt=\"drag-towards-with-mouse\" width=\"343\" height=\"171\"><\/li>\n<li> Para cambiar el ancho de \u00abTodas las columnas\u00bb, primero presione Ctrl + A para seleccionar todas las columnas de la hoja, luego arrastre cualquier encabezado de columna para ajustarlo seg\u00fan sea necesario. <br \/><img loading=\"lazy\" decoding=\"async\" title=\"4-seleccionar-hoja-para-expandir-todas-columnas\" src=\"https:\/\/exceladvisor.org\/wp-content\/uploads\/2023\/08\/4-selectionnez-la-feuille-pour-developper-toutes-les-colonnes.png\" sizes=\"auto, \" srcset=\"\" alt=\"select-the-sheet-to-expand-all-columns\" width=\"433\" height=\"209\"><\/li>\n<\/ol>\n<p class=\"mynote\"> Tambi\u00e9n puede ver el ancho de la columna actual haciendo clic en el borde de la columna en el encabezado de la columna con sus p\u00edxeles. <\/p>\n<div class=\"wp-block-image\">\n<figure class=\"aligncenter size-full is-resized\"><img loading=\"lazy\" decoding=\"async\" class=\"wp-image-77652\" src=\"https:\/\/exceladvisor.org\/wp-content\/uploads\/2023\/08\/5-largeur-actuelle-de-la-colonne.png\" sizes=\"auto, \" srcset=\"\" alt=\"ancho-de-columna-actual\" width=\"532\" height=\"214\"><\/figure>\n<\/div>\n<h2 class=\"wp-block-heading\"> Establecer el ancho de la columna a un n\u00famero espec\u00edfico<\/h2>\n<ol>\n<li> Nuevamente, primero debe seleccionar la columna para cambiar su ancho a un n\u00famero espec\u00edfico. <br \/><img loading=\"lazy\" decoding=\"async\" title=\"6-establecer-ancho-de-columna-a-un-n\u00famero-espec\u00edfico\" src=\"https:\/\/exceladvisor.org\/wp-content\/uploads\/2023\/08\/6-definir-la-largeur-de-la-colonne-sur-un-nombre-specifique.png\" sizes=\"auto, \" srcset=\"\" alt=\"set-column-width-to-specific-number\" width=\"334\" height=\"179\"><\/li>\n<li> Luego, en la pesta\u00f1a Inicio, vaya al grupo Celdas y ahora haga clic en \u201cFormato\u201d. <br \/><img loading=\"lazy\" decoding=\"async\" title=\"Icono de 7 celdas de la pesta\u00f1a de inicio\" src=\"https:\/\/exceladvisor.org\/wp-content\/uploads\/2023\/08\/7-icone-des-cellules-de-longlet-daccueil.png\" sizes=\"auto, \" srcset=\"\" alt=\"home-tab-cells-icon\" width=\"817\" height=\"117\"><\/li>\n<li> A continuaci\u00f3n, elija \u00abAncho de columna\u00bb en la lista desplegable. <br \/><img loading=\"lazy\" decoding=\"async\" title=\"8-elegir-ancho-de-columna\" src=\"https:\/\/exceladvisor.org\/wp-content\/uploads\/2023\/08\/8-choisir-la-largeur-de-colonne.png\" sizes=\"auto, \" srcset=\"\" alt=\"choose-column-width\" width=\"185\" height=\"500\"><\/li>\n<li> Una vez que hace clic, se abre el cuadro de di\u00e1logo de ancho de columna. Ahora ingrese el valor de ancho exacto que desea en el cuadro y haga clic en \u00abAceptar\u00bb para aplicar. <br \/><img loading=\"lazy\" decoding=\"async\" title=\"Cuadro de di\u00e1logo de 9 columnas.\" src=\"https:\/\/exceladvisor.org\/wp-content\/uploads\/2023\/08\/Boite-de-dialogue-a-9-largeurs-de-colonne.png\" sizes=\"auto, \" srcset=\"\" alt=\"column-width-dialog-box\" width=\"485\" height=\"213\"><\/li>\n<\/ol>\n<h2 class=\"wp-block-heading\"> Establecer el ancho de la columna haciendo clic derecho<\/h2>\n<p> Tambi\u00e9n puede abrir el mismo cuadro de di\u00e1logo \u00abAncho de columna\u00bb haciendo clic derecho en la fila seleccionada. <\/p>\n<div class=\"wp-block-image\">\n<figure class=\"aligncenter size-full is-resized\"><img loading=\"lazy\" decoding=\"async\" class=\"wp-image-77658\" src=\"https:\/\/exceladvisor.org\/wp-content\/uploads\/2023\/08\/10-largeur-de-colonne-par-clic-droit.png\" sizes=\"auto, \" srcset=\"\" alt=\"ancho de columna por clic derecho\" width=\"311\" height=\"368\"><\/figure>\n<\/div>\n<p> En el cuadro de ancho de columna, puede ingresar el valor que desee y luego hacer clic en Aceptar. <\/p>\n<div class=\"wp-block-image\">\n<figure class=\"aligncenter size-full is-resized\"><img loading=\"lazy\" decoding=\"async\" class=\"wp-image-77659\" src=\"https:\/\/exceladvisor.org\/wp-content\/uploads\/2023\/08\/11-boite-de-dialogue-de-largeur-de-colonne.png\" sizes=\"auto, \" srcset=\"\" alt=\"cuadro de di\u00e1logo de ancho de columna\" width=\"361\" height=\"263\"><\/figure>\n<\/div>\n<h2 class=\"wp-block-heading\"> Ajustar el ancho de la columna mediante la opci\u00f3n de ajuste autom\u00e1tico<\/h2>\n<p> Si sus datos en las columnas no son visibles, puede usar la opci\u00f3n de ajuste autom\u00e1tico para ajustar el ancho de las columnas de forma colectiva. Estos son los pasos a seguir:<\/p>\n<ol>\n<li> Para esto, primero debe seleccionar una, varias o todas las columnas para establecer el ancho. <br \/><img loading=\"lazy\" decoding=\"async\" title=\"Ajuste autom\u00e1tico de ancho de 12 columnas\" src=\"https:\/\/exceladvisor.org\/wp-content\/uploads\/2023\/08\/Ajustement-automatique-de-la-largeur-de-12-colonnes.png\" sizes=\"auto, \" srcset=\"\" alt=\"column-width-autofit\" width=\"301\" height=\"190\"><\/li>\n<li> Luego, vaya a \u00abFormato\u00bb en el grupo de celdas debajo de la pesta\u00f1a Inicio. Seleccione la opci\u00f3n \u00bb <strong>Ajustar autom\u00e1ticamente el ancho de la columna<\/strong> \u00bb de la lista de opciones. <br \/><img loading=\"lazy\" decoding=\"async\" title=\"13-seleccione-el-ancho-de-columna-de-ajuste-autom\u00e1tico\" src=\"https:\/\/exceladvisor.org\/wp-content\/uploads\/2023\/08\/13-selectionner-la-largeur-de-colonne-dajustement-automatique.png\" sizes=\"auto, \" srcset=\"\" alt=\"select-autofit-column-width\" width=\"199\" height=\"289\"><\/li>\n<li> Luego ajusta autom\u00e1ticamente el ancho de todas las columnas seleccionadas para que puedas ver f\u00e1cilmente todos los datos como se muestra en la siguiente imagen. <br \/><img loading=\"lazy\" decoding=\"async\" title=\"14 columnas ajustadas en ancho\" src=\"https:\/\/exceladvisor.org\/wp-content\/uploads\/2023\/08\/14-colonnes-largeur-ajustee.png\" sizes=\"auto, \" srcset=\"\" alt=\"columns-width-adjusted\" width=\"315\" height=\"173\"><\/li>\n<\/ol>\n<h2 class=\"wp-block-heading\"> Establecer el ancho predeterminado de las columnas<\/h2>\n<p> Con el ancho de columna predeterminado, puede cambiar el ancho de las columnas completas de la hoja de trabajo y tambi\u00e9n establecer el ancho de todas las hojas de trabajo de un libro a la vez.<\/p>\n<ol>\n<li> Seleccione una o varias hojas de trabajo cuyo ancho predeterminado desee ajustar. Aqu\u00ed seleccionamos la hoja de c\u00e1lculo \u00fanica como ejemplo. <br \/><img loading=\"lazy\" decoding=\"async\" title=\"15-ancho-de-columna-predeterminado\" src=\"https:\/\/exceladvisor.org\/wp-content\/uploads\/2023\/08\/15-largeur-par-defaut-des-colonnes.png\" sizes=\"auto, \" srcset=\"\" alt=\"default-width-of-the-columns\" width=\"565\" height=\"240\"><\/li>\n<li> Ahora vaya a \u00abFormato\u00bb y haga clic en la opci\u00f3n \u00abAncho predeterminado\u00bb. <br \/><img loading=\"lazy\" decoding=\"async\" title=\"16-opci\u00f3n-ancho-predeterminado\" src=\"https:\/\/exceladvisor.org\/wp-content\/uploads\/2023\/08\/16-option-de-largeur-par-defaut.png\" sizes=\"auto, \" srcset=\"\" alt=\"default-width-option\" width=\"203\" height=\"242\"><\/li>\n<li> Luego se abrir\u00e1 el cuadro de di\u00e1logo \u00abAncho est\u00e1ndar\u00bb. All\u00ed puede ver el ancho actual de las columnas vac\u00edas, y es 20. <br \/><img loading=\"lazy\" decoding=\"async\" title=\"17-cuadro-de-di\u00e1logo-de-ancho-est\u00e1ndar\" src=\"https:\/\/exceladvisor.org\/wp-content\/uploads\/2023\/08\/17-boite-de-dialogue-de-largeur-standard.png\" sizes=\"auto, \" srcset=\"\" alt=\"standard-width-dialog-box\" width=\"548\" height=\"217\"><\/li>\n<li> Finalmente, debe ingresar el \u00abAncho de columna est\u00e1ndar\u00bb en el cuadro y hacer clic en \u00abAceptar\u00bb para aplicarlo. <br \/><img loading=\"lazy\" decoding=\"async\" title=\"Cuadro de di\u00e1logo de ancho de columna est\u00e1ndar de 18\" src=\"https:\/\/exceladvisor.org\/wp-content\/uploads\/2023\/08\/18-boite-de-dialogue-de-largeur-de-colonne-standard.png\" sizes=\"auto, \" srcset=\"\" alt=\"standard-column-width-dialog-box\" width=\"253\" height=\"120\"><\/li>\n<\/ol>\n<h2 class=\"wp-block-heading\"> Llevar<\/h2>\n<ul>\n<li> El ancho est\u00e1ndar predeterminado se aplica a todas las celdas vac\u00edas de la hoja de trabajo en lugar de a las celdas que ya contienen datos.<\/li>\n<li> El ancho de columna de ajuste autom\u00e1tico no se aplica si el ancho de la columna es suficiente para los datos de la columna.<\/li>\n<\/ul>\n<div class=\"gb-container gb-container-4db6181c gb-container-mt\"> <a class=\"gb-button gb-button-c5897111 gb-button-text gb-button-mt-button\" href=\"https:\/\/exceladvisor.org\/es\/conceptos-basicos-de-excel\/\">Conceptos b\u00e1sicos de Microsoft Excel (componentes, piezas y notas de conocimiento)<\/a><\/p>\n<h2 class=\"gb-headline gb-headline-665e5f6b gb-headline-text gb-headline-mt-heading\"> Tutoriales relacionados <\/h2>\n<div class=\"gb-grid-wrapper gb-grid-wrapper-a20baf7c gb-grid-wrapper-mt-grid\">\n<div class=\"gb-grid-column gb-grid-column-65ddf67e\">\n<div class=\"gb-container gb-container-65ddf67e\">\n<ul>\n<li> <a href=\"https:\/\/exceladvisor.org\/es\/agregar-eliminar-hipervinculos\/\">Agregar y eliminar hiperv\u00ednculos en Excel<\/a><\/li>\n<li> <a href=\"https:\/\/exceladvisor.org\/es\/agregar-marca-de-agua\/\">Agregar una marca de agua en Excel<\/a><\/li>\n<li> <a href=\"https:\/\/exceladvisor.org\/es\/eliminar-columnas-de-filas-ocultas\/\">Eliminar filas ocultas en Excel<\/a><\/li>\n<li> <a href=\"https:\/\/exceladvisor.org\/es\/deseleccionar-celdas\/\">Deseleccionar celdas en Excel<\/a> <\/li>\n<\/ul>\n<\/div>\n<\/div>\n<div class=\"gb-grid-column gb-grid-column-50067b57\">\n<div class=\"gb-container gb-container-50067b57\">\n<ul>\n<li> <a href=\"https:\/\/exceladvisor.org\/es\/eliminar-lineas\/\">Eliminar una fila o varias filas en Excel<\/a><\/li>\n<li> <a href=\"https:\/\/exceladvisor.org\/es\/copiar-columna\/\">Copiar y pegar una columna en Excel<\/a><\/li>\n<li> <a href=\"https:\/\/exceladvisor.org\/es\/mover-fila-columna\/\">Mover una fila y columna en Excel<\/a><\/li>\n<li> <a href=\"https:\/\/exceladvisor.org\/es\/intercambiar-la-celda\/\">Intercambie r\u00e1pidamente dos celdas en Excel<\/a><\/li>\n<\/ul>\n<\/div>\n<\/div>\n<\/div>\n<\/div>\n","protected":false},"excerpt":{"rendered":"<p>En Excel, una hoja tiene varias celdas del mismo tama\u00f1o y cada celda contiene 8,43 caracteres. En particular, al preparar informes, crear tablas de datos u otros c\u00e1lculos, a menudo es necesario cambiar el ancho de una columna. Y, al expandir sus columnas, puede obtener f\u00e1cilmente visibilidad de todos los datos de su hoja. En [&hellip;]<\/p>\n","protected":false},"author":1,"featured_media":0,"parent":0,"menu_order":0,"comment_status":"open","ping_status":"closed","template":"","meta":{"ub_ctt_via":"","footnotes":""},"class_list":["post-384","page","type-page","status-publish","hentry"],"featured_image_src":null,"yoast_head":"<!-- This site is optimized with the Yoast SEO plugin v25.4 - https:\/\/yoast.com\/wordpress\/plugins\/seo\/ -->\n<title>\u00bfc\u00f3mo cambiar el ancho de columna en excel?<\/title>\n<meta name=\"robots\" content=\"index, follow, max-snippet:-1, max-image-preview:large, max-video-preview:-1\" \/>\n<link rel=\"canonical\" href=\"https:\/\/exceladvisor.org\/es\/ancho-de-columna\/\" \/>\n<meta property=\"og:locale\" content=\"es_ES\" \/>\n<meta property=\"og:type\" content=\"article\" \/>\n<meta property=\"og:title\" content=\"\u00bfc\u00f3mo cambiar el ancho de columna en excel?\" \/>\n<meta property=\"og:description\" content=\"En Excel, una hoja tiene varias celdas del mismo tama\u00f1o y cada celda contiene 8,43 caracteres. En particular, al preparar informes, crear tablas de datos u otros c\u00e1lculos, a menudo es necesario cambiar el ancho de una columna. Y, al expandir sus columnas, puede obtener f\u00e1cilmente visibilidad de todos los datos de su hoja. En [&hellip;]\" \/>\n<meta property=\"og:url\" content=\"https:\/\/exceladvisor.org\/es\/ancho-de-columna\/\" \/>\n<meta property=\"og:site_name\" content=\"Excel Advisor\" \/>\n<meta property=\"article:modified_time\" content=\"2023-12-25T10:23:57+00:00\" \/>\n<meta property=\"og:image\" content=\"https:\/\/exceladvisor.org\/wp-content\/uploads\/2023\/08\/1-selectionner-la-colonne.png\" \/>\n<meta name=\"twitter:card\" content=\"summary_large_image\" \/>\n<meta name=\"twitter:label1\" content=\"Tiempo de lectura\" \/>\n\t<meta name=\"twitter:data1\" content=\"4 minutos\" \/>\n<script type=\"application\/ld+json\" class=\"yoast-schema-graph\">{\"@context\":\"https:\/\/schema.org\",\"@graph\":[{\"@type\":\"WebPage\",\"@id\":\"https:\/\/exceladvisor.org\/es\/ancho-de-columna\/\",\"url\":\"https:\/\/exceladvisor.org\/es\/ancho-de-columna\/\",\"name\":\"\u00bfc\u00f3mo cambiar el ancho de columna en excel?\",\"isPartOf\":{\"@id\":\"https:\/\/exceladvisor.org\/es\/#website\"},\"primaryImageOfPage\":{\"@id\":\"https:\/\/exceladvisor.org\/es\/ancho-de-columna\/#primaryimage\"},\"image\":{\"@id\":\"https:\/\/exceladvisor.org\/es\/ancho-de-columna\/#primaryimage\"},\"thumbnailUrl\":\"https:\/\/exceladvisor.org\/wp-content\/uploads\/2023\/08\/1-selectionner-la-colonne.png\",\"datePublished\":\"2023-10-31T03:21:49+00:00\",\"dateModified\":\"2023-12-25T10:23:57+00:00\",\"breadcrumb\":{\"@id\":\"https:\/\/exceladvisor.org\/es\/ancho-de-columna\/#breadcrumb\"},\"inLanguage\":\"es\",\"potentialAction\":[{\"@type\":\"ReadAction\",\"target\":[\"https:\/\/exceladvisor.org\/es\/ancho-de-columna\/\"]}]},{\"@type\":\"ImageObject\",\"inLanguage\":\"es\",\"@id\":\"https:\/\/exceladvisor.org\/es\/ancho-de-columna\/#primaryimage\",\"url\":\"https:\/\/exceladvisor.org\/wp-content\/uploads\/2023\/08\/1-selectionner-la-colonne.png\",\"contentUrl\":\"https:\/\/exceladvisor.org\/wp-content\/uploads\/2023\/08\/1-selectionner-la-colonne.png\"},{\"@type\":\"BreadcrumbList\",\"@id\":\"https:\/\/exceladvisor.org\/es\/ancho-de-columna\/#breadcrumb\",\"itemListElement\":[{\"@type\":\"ListItem\",\"position\":1,\"name\":\"Hogar\",\"item\":\"https:\/\/exceladvisor.org\/es\/\"},{\"@type\":\"ListItem\",\"position\":2,\"name\":\"\u00bfc\u00f3mo cambiar el ancho de columna en excel?\"}]},{\"@type\":\"WebSite\",\"@id\":\"https:\/\/exceladvisor.org\/es\/#website\",\"url\":\"https:\/\/exceladvisor.org\/es\/\",\"name\":\"Excel Advisor\",\"description\":\"Su gu\u00eda para la dominaci\u00f3n de datos!\",\"publisher\":{\"@id\":\"https:\/\/exceladvisor.org\/es\/#organization\"},\"potentialAction\":[{\"@type\":\"SearchAction\",\"target\":{\"@type\":\"EntryPoint\",\"urlTemplate\":\"https:\/\/exceladvisor.org\/es\/?s={search_term_string}\"},\"query-input\":{\"@type\":\"PropertyValueSpecification\",\"valueRequired\":true,\"valueName\":\"search_term_string\"}}],\"inLanguage\":\"es\"},{\"@type\":\"Organization\",\"@id\":\"https:\/\/exceladvisor.org\/es\/#organization\",\"name\":\"Excel Advisor\",\"url\":\"https:\/\/exceladvisor.org\/es\/\",\"logo\":{\"@type\":\"ImageObject\",\"inLanguage\":\"es\",\"@id\":\"https:\/\/exceladvisor.org\/es\/#\/schema\/logo\/image\/\",\"url\":\"https:\/\/exceladvisor.org\/es\/wp-content\/uploads\/2023\/12\/exceladvisor.org_.png\",\"contentUrl\":\"https:\/\/exceladvisor.org\/es\/wp-content\/uploads\/2023\/12\/exceladvisor.org_.png\",\"width\":105,\"height\":36,\"caption\":\"Excel Advisor\"},\"image\":{\"@id\":\"https:\/\/exceladvisor.org\/es\/#\/schema\/logo\/image\/\"}}]}<\/script>\n<!-- \/ Yoast SEO plugin. -->","yoast_head_json":{"title":"\u00bfc\u00f3mo cambiar el ancho de columna en excel?","robots":{"index":"index","follow":"follow","max-snippet":"max-snippet:-1","max-image-preview":"max-image-preview:large","max-video-preview":"max-video-preview:-1"},"canonical":"https:\/\/exceladvisor.org\/es\/ancho-de-columna\/","og_locale":"es_ES","og_type":"article","og_title":"\u00bfc\u00f3mo cambiar el ancho de columna en excel?","og_description":"En Excel, una hoja tiene varias celdas del mismo tama\u00f1o y cada celda contiene 8,43 caracteres. En particular, al preparar informes, crear tablas de datos u otros c\u00e1lculos, a menudo es necesario cambiar el ancho de una columna. Y, al expandir sus columnas, puede obtener f\u00e1cilmente visibilidad de todos los datos de su hoja. En [&hellip;]","og_url":"https:\/\/exceladvisor.org\/es\/ancho-de-columna\/","og_site_name":"Excel Advisor","article_modified_time":"2023-12-25T10:23:57+00:00","og_image":[{"url":"https:\/\/exceladvisor.org\/wp-content\/uploads\/2023\/08\/1-selectionner-la-colonne.png","type":"","width":"","height":""}],"twitter_card":"summary_large_image","twitter_misc":{"Tiempo de lectura":"4 minutos"},"schema":{"@context":"https:\/\/schema.org","@graph":[{"@type":"WebPage","@id":"https:\/\/exceladvisor.org\/es\/ancho-de-columna\/","url":"https:\/\/exceladvisor.org\/es\/ancho-de-columna\/","name":"\u00bfc\u00f3mo cambiar el ancho de columna en excel?","isPartOf":{"@id":"https:\/\/exceladvisor.org\/es\/#website"},"primaryImageOfPage":{"@id":"https:\/\/exceladvisor.org\/es\/ancho-de-columna\/#primaryimage"},"image":{"@id":"https:\/\/exceladvisor.org\/es\/ancho-de-columna\/#primaryimage"},"thumbnailUrl":"https:\/\/exceladvisor.org\/wp-content\/uploads\/2023\/08\/1-selectionner-la-colonne.png","datePublished":"2023-10-31T03:21:49+00:00","dateModified":"2023-12-25T10:23:57+00:00","breadcrumb":{"@id":"https:\/\/exceladvisor.org\/es\/ancho-de-columna\/#breadcrumb"},"inLanguage":"es","potentialAction":[{"@type":"ReadAction","target":["https:\/\/exceladvisor.org\/es\/ancho-de-columna\/"]}]},{"@type":"ImageObject","inLanguage":"es","@id":"https:\/\/exceladvisor.org\/es\/ancho-de-columna\/#primaryimage","url":"https:\/\/exceladvisor.org\/wp-content\/uploads\/2023\/08\/1-selectionner-la-colonne.png","contentUrl":"https:\/\/exceladvisor.org\/wp-content\/uploads\/2023\/08\/1-selectionner-la-colonne.png"},{"@type":"BreadcrumbList","@id":"https:\/\/exceladvisor.org\/es\/ancho-de-columna\/#breadcrumb","itemListElement":[{"@type":"ListItem","position":1,"name":"Hogar","item":"https:\/\/exceladvisor.org\/es\/"},{"@type":"ListItem","position":2,"name":"\u00bfc\u00f3mo cambiar el ancho de columna en excel?"}]},{"@type":"WebSite","@id":"https:\/\/exceladvisor.org\/es\/#website","url":"https:\/\/exceladvisor.org\/es\/","name":"Excel Advisor","description":"Su gu\u00eda para la dominaci\u00f3n de datos!","publisher":{"@id":"https:\/\/exceladvisor.org\/es\/#organization"},"potentialAction":[{"@type":"SearchAction","target":{"@type":"EntryPoint","urlTemplate":"https:\/\/exceladvisor.org\/es\/?s={search_term_string}"},"query-input":{"@type":"PropertyValueSpecification","valueRequired":true,"valueName":"search_term_string"}}],"inLanguage":"es"},{"@type":"Organization","@id":"https:\/\/exceladvisor.org\/es\/#organization","name":"Excel Advisor","url":"https:\/\/exceladvisor.org\/es\/","logo":{"@type":"ImageObject","inLanguage":"es","@id":"https:\/\/exceladvisor.org\/es\/#\/schema\/logo\/image\/","url":"https:\/\/exceladvisor.org\/es\/wp-content\/uploads\/2023\/12\/exceladvisor.org_.png","contentUrl":"https:\/\/exceladvisor.org\/es\/wp-content\/uploads\/2023\/12\/exceladvisor.org_.png","width":105,"height":36,"caption":"Excel Advisor"},"image":{"@id":"https:\/\/exceladvisor.org\/es\/#\/schema\/logo\/image\/"}}]}},"yoast_meta":{"yoast_wpseo_title":"","yoast_wpseo_metadesc":"","yoast_wpseo_canonical":""},"_links":{"self":[{"href":"https:\/\/exceladvisor.org\/es\/wp-json\/wp\/v2\/pages\/384","targetHints":{"allow":["GET"]}}],"collection":[{"href":"https:\/\/exceladvisor.org\/es\/wp-json\/wp\/v2\/pages"}],"about":[{"href":"https:\/\/exceladvisor.org\/es\/wp-json\/wp\/v2\/types\/page"}],"author":[{"embeddable":true,"href":"https:\/\/exceladvisor.org\/es\/wp-json\/wp\/v2\/users\/1"}],"replies":[{"embeddable":true,"href":"https:\/\/exceladvisor.org\/es\/wp-json\/wp\/v2\/comments?post=384"}],"version-history":[{"count":1,"href":"https:\/\/exceladvisor.org\/es\/wp-json\/wp\/v2\/pages\/384\/revisions"}],"predecessor-version":[{"id":886,"href":"https:\/\/exceladvisor.org\/es\/wp-json\/wp\/v2\/pages\/384\/revisions\/886"}],"wp:attachment":[{"href":"https:\/\/exceladvisor.org\/es\/wp-json\/wp\/v2\/media?parent=384"}],"curies":[{"name":"wp","href":"https:\/\/api.w.org\/{rel}","templated":true}]}}