{"id":385,"date":"2023-10-31T03:03:59","date_gmt":"2023-10-31T03:03:59","guid":{"rendered":"https:\/\/exceladvisor.org\/es\/cambiar-el-color-del-borde\/"},"modified":"2023-12-25T10:24:00","modified_gmt":"2023-12-25T10:24:00","slug":"cambiar-el-color-del-borde","status":"publish","type":"page","link":"https:\/\/exceladvisor.org\/es\/cambiar-el-color-del-borde\/","title":{"rendered":"\u00bfc\u00f3mo cambiar el color del borde en excel?"},"content":{"rendered":"<div class=\"excel-antes-del-contenido\" id=\"excel-1147489321\"><script type=\"text\/javascript\">\r\n\tatOptions = {\r\n\t\t'key' : 'c1158f160081d6540a8409e6925dab94',\r\n\t\t'format' : 'iframe',\r\n\t\t'height' : 250,\r\n\t\t'width' : 300,\r\n\t\t'params' : {}\r\n\t};\r\n<\/script>\r\n<script type=\"text\/javascript\" src=\"\/\/www.highperformanceformat.com\/c1158f160081d6540a8409e6925dab94\/invoke.js\"><\/script><\/div><p>En Excel, el color del borde de la celda es gris de forma predeterminada y puede insertar f\u00e1cilmente un borde de color negro en el \u00e1rea seleccionada de su elecci\u00f3n. Pero a veces es necesario tener un color de borde diferente.<\/p>\n<p> En este tutorial, veremos pasos r\u00e1pidos para cambiar el color del borde de las celdas seleccionadas y cambiar el color de todas las celdas en toda la hoja de trabajo (cuadr\u00edcula).<\/p>\n<h2 class=\"wp-block-heading\"> Pasos para cambiar el color del borde de la cinta<\/h2>\n<p> En algunos casos, desea cambiar el color del borde de la celda y la primera forma de cambiarlo es usar la lista desplegable del borde.<\/p>\n<ol>\n<li> Primero, vaya a la pesta\u00f1a Inicio y en el grupo Fuente, haga clic en el men\u00fa desplegable Todos los bordes.<\/li>\n<li> Despu\u00e9s de eso, obtendr\u00e1 una lista de opciones y luego elegir\u00e1 un color de l\u00ednea desde all\u00ed. <br \/><img loading=\"lazy\" decoding=\"async\" title=\"1-borde-desplegable-seleccionar-color-de-l\u00ednea\" src=\"https:\/\/exceladvisor.org\/wp-content\/uploads\/2023\/08\/1-bordure-deroulante-selectionner-la-couleur-de-la-ligne.png\" sizes=\"auto, \" srcset=\"\" alt=\"border-drop-down-select-line-color\" width=\"441\" height=\"515\"><\/li>\n<li> Ahora aparecer\u00e1 una lista con diferentes opciones de color y podr\u00e1s seleccionar el color de tu preferencia. <br \/><img loading=\"lazy\" decoding=\"async\" title=\"Lista de 2 colores: elige uno\" src=\"https:\/\/exceladvisor.org\/wp-content\/uploads\/2023\/08\/2-liste-de-couleur-choisir-un.png\" sizes=\"auto, \" srcset=\"\" alt=\"list-of-color-choose-one\" width=\"429\" height=\"317\"><\/li>\n<li> Una vez que seleccione el color, podr\u00e1 ver que su cursor se convierte en un l\u00e1piz de dibujo.<\/li>\n<li> Y ahora puedes dibujar el borde de las celdas deseadas con el color elegido usando un l\u00e1piz.<\/li>\n<\/ol>\n<p> Como puede ver, el color del borde de la fila superior ha cambiado. <\/p>\n<div class=\"wp-block-image\">\n<figure class=\"aligncenter size-full is-resized\"><img loading=\"lazy\" decoding=\"async\" class=\"wp-image-78010\" src=\"https:\/\/exceladvisor.org\/wp-content\/uploads\/2023\/08\/3-bordure-de-la-rangee-du-haut-a-change.png\" sizes=\"auto, \" srcset=\"\" alt=\"el-borde-de-la-linea-superior-ha-cambiado\" width=\"390\" height=\"220\"><\/figure>\n<\/div>\n<p class=\"qt-tip\"> Nota: Puede cambiar el color del borde sin seleccionar primero las celdas usando este m\u00e9todo.<\/p>\n<h2 class=\"wp-block-heading\"> Cambiar el color del borde usando la opci\u00f3n Formato de celdas<\/h2>\n<p> Hay varios pasos para cambiar el color del borde desde el cuadro de di\u00e1logo Formato de celdas.<\/p>\n<ol>\n<li> En este m\u00e9todo, debe seleccionar el rango de celdas cuyos colores de borde desea cambiar.<\/li>\n<li> Despu\u00e9s de eso, haga clic derecho en las celdas seleccionadas y elija la opci\u00f3n Formato de celdas. <br \/><img loading=\"lazy\" decoding=\"async\" title=\"4-seleccionar-formato-de-celdas-haciendo-clic-derecho-en-la-celda-seleccionada\" src=\"https:\/\/exceladvisor.org\/wp-content\/uploads\/2023\/08\/4-selectionnez-les-cellules-de-format-par-un-clic-droit-sur-la-cellule-selectionnee.png\" sizes=\"auto, \" srcset=\"\" alt=\"select-format-cells-by-right-click-on-selected-cell\" width=\"472\" height=\"335\"><\/li>\n<li> Con el cuadro de di\u00e1logo Formato de celdas abierto, haga clic en la pesta\u00f1a Borde para personalizar el color de la celda del borde.<\/li>\n<li> Ahora haga clic en la lista desplegable de colores y seleccione el color para cambiar el borde de la celda de la siguiente lista. <br \/><img loading=\"lazy\" decoding=\"async\" title=\"Cuadro de di\u00e1logo 5: elija cualquier color en las celdas de formato\" src=\"https:\/\/exceladvisor.org\/wp-content\/uploads\/2023\/08\/5-choisissez-nimporte-quelle-couleur-dans-la-boite-de-dialogue-Formater-les-cellules.png\" sizes=\"auto, \" srcset=\"\" alt=\"pick-any-color-from-format-cells-dialog-box\" width=\"463\" height=\"459\"><\/li>\n<li> Luego elija uno de los estilos de borde de los mejores ajustes preestablecidos.<\/li>\n<li> Despu\u00e9s de cambiar la configuraci\u00f3n del borde y el color, haga clic en el bot\u00f3n Aceptar para aplicar. <br \/><img loading=\"lazy\" decoding=\"async\" title=\"6-seleccionar-borde-desde-presets\" src=\"https:\/\/exceladvisor.org\/wp-content\/uploads\/2023\/08\/6-selectionner-la-bordure-a-partir-des-prereglages.png\" sizes=\"auto, \" srcset=\"\" alt=\"select-border-from-presets\" width=\"446\" height=\"434\"><\/li>\n<li> Al final, puede ver que el color del borde de las celdas seleccionadas de la columna C en la hoja de trabajo ha cambiado de negro a rojo. <br \/><img loading=\"lazy\" decoding=\"async\" title=\"7-cambiar-el-color-del-borde-de-las-celdas-de-la-columna-C\" src=\"https:\/\/exceladvisor.org\/wp-content\/uploads\/2023\/08\/7-changer-la-couleur-de-la-bordure-des-cellules-de-la-colonne-c.png\" sizes=\"auto, \" srcset=\"\" alt=\"change-border-color-of-column-C-cells\" width=\"343\" height=\"192\"><\/li>\n<\/ol>\n<h2 class=\"wp-block-heading\"> Cambiar el color de la cuadr\u00edcula para usar como bordes<\/h2>\n<p> Si no desea utilizar un borde en una hoja de trabajo, existe otra opci\u00f3n \u00fatil: cambiar el color de la cuadr\u00edcula para toda la hoja de trabajo.<\/p>\n<p> Con este m\u00e9todo, puede cambiar el color de la cuadr\u00edcula de toda la hoja de trabajo en lugar de seleccionar una cierta cantidad de celdas siguiendo los pasos a continuaci\u00f3n:<\/p>\n<ol>\n<li> En primer lugar, haga clic en la pesta\u00f1a Archivo y elija Opciones en M\u00e1s. <br \/><img loading=\"lazy\" decoding=\"async\" title=\"8-clic-en-archivo-elegir-opciones\" src=\"https:\/\/exceladvisor.org\/wp-content\/uploads\/2023\/08\/8-cliquez-sur-le-fichier-choisissez-les-options.png\" sizes=\"auto, \" srcset=\"\" alt=\"click-on-file-choose-options\" width=\"452\" height=\"461\"><\/li>\n<li> Aparecer\u00e1 la ventana <a href=\"https:\/\/exceladvisor.org\/es\/opciones\/\">Opciones de Excel<\/a> , luego haga clic en la opci\u00f3n Avanzada del men\u00fa.<\/li>\n<li> Ahora, despl\u00e1cese hacia abajo en la lista de opciones en el lado derecho y consulte las opciones de visualizaci\u00f3n de esta hoja de c\u00e1lculo.<\/li>\n<li> En \u00e9l, ver\u00e1 la opci\u00f3n Color de cuadr\u00edcula en la categor\u00eda Mostrar cuadr\u00edcula. <br \/><img loading=\"lazy\" decoding=\"async\" title=\"9-en-el-cuadro-de-di\u00e1logo-de-opciones-de-Excel-seleccionar-configuraci\u00f3n-avanzada\" src=\"https:\/\/exceladvisor.org\/wp-content\/uploads\/2023\/08\/9-dans-la-boite-de-dialogue-des-options-Excel-selectionnez-les-parametres-avances.png\" sizes=\"auto, \" srcset=\"\" alt=\"in-Excel-options-dialog-box-select-advanced-settings\" width=\"556\" height=\"302\"><\/li>\n<li> Haga clic en la lista desplegable Color de cuadr\u00edcula para elegir el color que desee y luego presione Aceptar. <br \/><img loading=\"lazy\" decoding=\"async\" title=\"10-seleccione-el-color-de-la-cuadr\u00edcula-y-haga clic-en-Aceptar\" src=\"https:\/\/exceladvisor.org\/wp-content\/uploads\/2023\/08\/10-selectionnez-la-couleur-du-quadrillage-et-cliquez-sur-OK.png\" sizes=\"auto, \" srcset=\"\" alt=\"select-gridline-color-and-click-ok\" width=\"531\" height=\"337\"><\/li>\n<li> Finalmente, puede ver que el color del borde de toda la hoja de trabajo ha cambiado a rojo. <br \/><img loading=\"lazy\" decoding=\"async\" title=\"11-el-color-de-la-hoja-completa-ha-cambiado\" src=\"https:\/\/exceladvisor.org\/wp-content\/uploads\/2023\/08\/11-la-couleur-du-quadrillage-de-la-feuille-entiere-a-change.png\" sizes=\"auto, \" srcset=\"\" alt=\"gridline-color-of-entire-sheet-has-changed\" width=\"381\" height=\"198\"><\/li>\n<\/ol>\n<div class=\"gb-container gb-container-4db6181c gb-container-mt\"> <a class=\"gb-button gb-button-c5897111 gb-button-text gb-button-mt-button\" href=\"https:\/\/exceladvisor.org\/es\/conceptos-basicos-de-excel\/\">Conceptos b\u00e1sicos de Microsoft Excel (componentes, piezas y notas de conocimiento)<\/a><\/p>\n<h2 class=\"gb-headline gb-headline-665e5f6b gb-headline-text gb-headline-mt-heading\"> Tutoriales relacionados <\/h2>\n<div class=\"gb-grid-wrapper gb-grid-wrapper-a20baf7c gb-grid-wrapper-mt-grid\">\n<div class=\"gb-grid-column gb-grid-column-65ddf67e\">\n<div class=\"gb-container gb-container-65ddf67e\">\n<ul>\n<li> <a href=\"https:\/\/exceladvisor.org\/es\/formato-del-numero-de-contabilidad\/\">Aplicar formato de n\u00famero contable en Excel<\/a><\/li>\n<li> <a href=\"https:\/\/exceladvisor.org\/es\/color-de-celda\/\">Aplicar color de fondo a una celda o a toda la hoja en Excel<\/a><\/li>\n<li> <a href=\"https:\/\/exceladvisor.org\/es\/la-cuadricula\/\">Imprima l\u00edneas de cuadr\u00edcula de Excel (elimine, acorte y cambie de color)<\/a><\/li>\n<li> <a href=\"https:\/\/exceladvisor.org\/es\/agregar-un-numero-de-pagina\/\">Agregar un n\u00famero de p\u00e1gina en Excel<\/a><\/li>\n<li> <a href=\"https:\/\/exceladvisor.org\/es\/aplicar-estilo-de-coma\/\">Aplicar estilo coma en Excel<\/a> <\/li>\n<\/ul>\n<\/div>\n<\/div>\n<div class=\"gb-grid-column gb-grid-column-50067b57\">\n<div class=\"gb-container gb-container-50067b57\"><\/div>\n<\/div>\n<\/div>\n<\/div>\n","protected":false},"excerpt":{"rendered":"<p>En Excel, el color del borde de la celda es gris de forma predeterminada y puede insertar f\u00e1cilmente un borde de color negro en el \u00e1rea seleccionada de su elecci\u00f3n. Pero a veces es necesario tener un color de borde diferente. En este tutorial, veremos pasos r\u00e1pidos para cambiar el color del borde de las [&hellip;]<\/p>\n","protected":false},"author":1,"featured_media":0,"parent":0,"menu_order":0,"comment_status":"open","ping_status":"closed","template":"","meta":{"ub_ctt_via":"","footnotes":""},"class_list":["post-385","page","type-page","status-publish","hentry"],"featured_image_src":null,"yoast_head":"<!-- This site is optimized with the Yoast SEO plugin v25.4 - https:\/\/yoast.com\/wordpress\/plugins\/seo\/ -->\n<title>\u00bfc\u00f3mo cambiar el color del borde en excel?<\/title>\n<meta name=\"robots\" content=\"index, follow, max-snippet:-1, max-image-preview:large, max-video-preview:-1\" \/>\n<link rel=\"canonical\" href=\"https:\/\/exceladvisor.org\/es\/cambiar-el-color-del-borde\/\" \/>\n<meta property=\"og:locale\" content=\"es_ES\" \/>\n<meta property=\"og:type\" content=\"article\" \/>\n<meta property=\"og:title\" content=\"\u00bfc\u00f3mo cambiar el color del borde en excel?\" \/>\n<meta property=\"og:description\" content=\"En Excel, el color del borde de la celda es gris de forma predeterminada y puede insertar f\u00e1cilmente un borde de color negro en el \u00e1rea seleccionada de su elecci\u00f3n. Pero a veces es necesario tener un color de borde diferente. En este tutorial, veremos pasos r\u00e1pidos para cambiar el color del borde de las [&hellip;]\" \/>\n<meta property=\"og:url\" content=\"https:\/\/exceladvisor.org\/es\/cambiar-el-color-del-borde\/\" \/>\n<meta property=\"og:site_name\" content=\"Excel Advisor\" \/>\n<meta property=\"article:modified_time\" content=\"2023-12-25T10:24:00+00:00\" \/>\n<meta property=\"og:image\" content=\"https:\/\/exceladvisor.org\/wp-content\/uploads\/2023\/08\/1-bordure-deroulante-selectionner-la-couleur-de-la-ligne.png\" \/>\n<meta name=\"twitter:card\" content=\"summary_large_image\" \/>\n<meta name=\"twitter:label1\" content=\"Tiempo de lectura\" \/>\n\t<meta name=\"twitter:data1\" content=\"3 minutos\" \/>\n<script type=\"application\/ld+json\" class=\"yoast-schema-graph\">{\"@context\":\"https:\/\/schema.org\",\"@graph\":[{\"@type\":\"WebPage\",\"@id\":\"https:\/\/exceladvisor.org\/es\/cambiar-el-color-del-borde\/\",\"url\":\"https:\/\/exceladvisor.org\/es\/cambiar-el-color-del-borde\/\",\"name\":\"\u00bfc\u00f3mo cambiar el color del borde en excel?\",\"isPartOf\":{\"@id\":\"https:\/\/exceladvisor.org\/es\/#website\"},\"primaryImageOfPage\":{\"@id\":\"https:\/\/exceladvisor.org\/es\/cambiar-el-color-del-borde\/#primaryimage\"},\"image\":{\"@id\":\"https:\/\/exceladvisor.org\/es\/cambiar-el-color-del-borde\/#primaryimage\"},\"thumbnailUrl\":\"https:\/\/exceladvisor.org\/wp-content\/uploads\/2023\/08\/1-bordure-deroulante-selectionner-la-couleur-de-la-ligne.png\",\"datePublished\":\"2023-10-31T03:03:59+00:00\",\"dateModified\":\"2023-12-25T10:24:00+00:00\",\"breadcrumb\":{\"@id\":\"https:\/\/exceladvisor.org\/es\/cambiar-el-color-del-borde\/#breadcrumb\"},\"inLanguage\":\"es\",\"potentialAction\":[{\"@type\":\"ReadAction\",\"target\":[\"https:\/\/exceladvisor.org\/es\/cambiar-el-color-del-borde\/\"]}]},{\"@type\":\"ImageObject\",\"inLanguage\":\"es\",\"@id\":\"https:\/\/exceladvisor.org\/es\/cambiar-el-color-del-borde\/#primaryimage\",\"url\":\"https:\/\/exceladvisor.org\/wp-content\/uploads\/2023\/08\/1-bordure-deroulante-selectionner-la-couleur-de-la-ligne.png\",\"contentUrl\":\"https:\/\/exceladvisor.org\/wp-content\/uploads\/2023\/08\/1-bordure-deroulante-selectionner-la-couleur-de-la-ligne.png\"},{\"@type\":\"BreadcrumbList\",\"@id\":\"https:\/\/exceladvisor.org\/es\/cambiar-el-color-del-borde\/#breadcrumb\",\"itemListElement\":[{\"@type\":\"ListItem\",\"position\":1,\"name\":\"Hogar\",\"item\":\"https:\/\/exceladvisor.org\/es\/\"},{\"@type\":\"ListItem\",\"position\":2,\"name\":\"\u00bfc\u00f3mo cambiar el color del borde en excel?\"}]},{\"@type\":\"WebSite\",\"@id\":\"https:\/\/exceladvisor.org\/es\/#website\",\"url\":\"https:\/\/exceladvisor.org\/es\/\",\"name\":\"Excel Advisor\",\"description\":\"Su gu\u00eda para la dominaci\u00f3n de datos!\",\"publisher\":{\"@id\":\"https:\/\/exceladvisor.org\/es\/#organization\"},\"potentialAction\":[{\"@type\":\"SearchAction\",\"target\":{\"@type\":\"EntryPoint\",\"urlTemplate\":\"https:\/\/exceladvisor.org\/es\/?s={search_term_string}\"},\"query-input\":{\"@type\":\"PropertyValueSpecification\",\"valueRequired\":true,\"valueName\":\"search_term_string\"}}],\"inLanguage\":\"es\"},{\"@type\":\"Organization\",\"@id\":\"https:\/\/exceladvisor.org\/es\/#organization\",\"name\":\"Excel Advisor\",\"url\":\"https:\/\/exceladvisor.org\/es\/\",\"logo\":{\"@type\":\"ImageObject\",\"inLanguage\":\"es\",\"@id\":\"https:\/\/exceladvisor.org\/es\/#\/schema\/logo\/image\/\",\"url\":\"https:\/\/exceladvisor.org\/es\/wp-content\/uploads\/2023\/12\/exceladvisor.org_.png\",\"contentUrl\":\"https:\/\/exceladvisor.org\/es\/wp-content\/uploads\/2023\/12\/exceladvisor.org_.png\",\"width\":105,\"height\":36,\"caption\":\"Excel Advisor\"},\"image\":{\"@id\":\"https:\/\/exceladvisor.org\/es\/#\/schema\/logo\/image\/\"}}]}<\/script>\n<!-- \/ Yoast SEO plugin. -->","yoast_head_json":{"title":"\u00bfc\u00f3mo cambiar el color del borde en excel?","robots":{"index":"index","follow":"follow","max-snippet":"max-snippet:-1","max-image-preview":"max-image-preview:large","max-video-preview":"max-video-preview:-1"},"canonical":"https:\/\/exceladvisor.org\/es\/cambiar-el-color-del-borde\/","og_locale":"es_ES","og_type":"article","og_title":"\u00bfc\u00f3mo cambiar el color del borde en excel?","og_description":"En Excel, el color del borde de la celda es gris de forma predeterminada y puede insertar f\u00e1cilmente un borde de color negro en el \u00e1rea seleccionada de su elecci\u00f3n. Pero a veces es necesario tener un color de borde diferente. En este tutorial, veremos pasos r\u00e1pidos para cambiar el color del borde de las [&hellip;]","og_url":"https:\/\/exceladvisor.org\/es\/cambiar-el-color-del-borde\/","og_site_name":"Excel Advisor","article_modified_time":"2023-12-25T10:24:00+00:00","og_image":[{"url":"https:\/\/exceladvisor.org\/wp-content\/uploads\/2023\/08\/1-bordure-deroulante-selectionner-la-couleur-de-la-ligne.png","type":"","width":"","height":""}],"twitter_card":"summary_large_image","twitter_misc":{"Tiempo de lectura":"3 minutos"},"schema":{"@context":"https:\/\/schema.org","@graph":[{"@type":"WebPage","@id":"https:\/\/exceladvisor.org\/es\/cambiar-el-color-del-borde\/","url":"https:\/\/exceladvisor.org\/es\/cambiar-el-color-del-borde\/","name":"\u00bfc\u00f3mo cambiar el color del borde en excel?","isPartOf":{"@id":"https:\/\/exceladvisor.org\/es\/#website"},"primaryImageOfPage":{"@id":"https:\/\/exceladvisor.org\/es\/cambiar-el-color-del-borde\/#primaryimage"},"image":{"@id":"https:\/\/exceladvisor.org\/es\/cambiar-el-color-del-borde\/#primaryimage"},"thumbnailUrl":"https:\/\/exceladvisor.org\/wp-content\/uploads\/2023\/08\/1-bordure-deroulante-selectionner-la-couleur-de-la-ligne.png","datePublished":"2023-10-31T03:03:59+00:00","dateModified":"2023-12-25T10:24:00+00:00","breadcrumb":{"@id":"https:\/\/exceladvisor.org\/es\/cambiar-el-color-del-borde\/#breadcrumb"},"inLanguage":"es","potentialAction":[{"@type":"ReadAction","target":["https:\/\/exceladvisor.org\/es\/cambiar-el-color-del-borde\/"]}]},{"@type":"ImageObject","inLanguage":"es","@id":"https:\/\/exceladvisor.org\/es\/cambiar-el-color-del-borde\/#primaryimage","url":"https:\/\/exceladvisor.org\/wp-content\/uploads\/2023\/08\/1-bordure-deroulante-selectionner-la-couleur-de-la-ligne.png","contentUrl":"https:\/\/exceladvisor.org\/wp-content\/uploads\/2023\/08\/1-bordure-deroulante-selectionner-la-couleur-de-la-ligne.png"},{"@type":"BreadcrumbList","@id":"https:\/\/exceladvisor.org\/es\/cambiar-el-color-del-borde\/#breadcrumb","itemListElement":[{"@type":"ListItem","position":1,"name":"Hogar","item":"https:\/\/exceladvisor.org\/es\/"},{"@type":"ListItem","position":2,"name":"\u00bfc\u00f3mo cambiar el color del borde en excel?"}]},{"@type":"WebSite","@id":"https:\/\/exceladvisor.org\/es\/#website","url":"https:\/\/exceladvisor.org\/es\/","name":"Excel Advisor","description":"Su gu\u00eda para la dominaci\u00f3n de datos!","publisher":{"@id":"https:\/\/exceladvisor.org\/es\/#organization"},"potentialAction":[{"@type":"SearchAction","target":{"@type":"EntryPoint","urlTemplate":"https:\/\/exceladvisor.org\/es\/?s={search_term_string}"},"query-input":{"@type":"PropertyValueSpecification","valueRequired":true,"valueName":"search_term_string"}}],"inLanguage":"es"},{"@type":"Organization","@id":"https:\/\/exceladvisor.org\/es\/#organization","name":"Excel Advisor","url":"https:\/\/exceladvisor.org\/es\/","logo":{"@type":"ImageObject","inLanguage":"es","@id":"https:\/\/exceladvisor.org\/es\/#\/schema\/logo\/image\/","url":"https:\/\/exceladvisor.org\/es\/wp-content\/uploads\/2023\/12\/exceladvisor.org_.png","contentUrl":"https:\/\/exceladvisor.org\/es\/wp-content\/uploads\/2023\/12\/exceladvisor.org_.png","width":105,"height":36,"caption":"Excel Advisor"},"image":{"@id":"https:\/\/exceladvisor.org\/es\/#\/schema\/logo\/image\/"}}]}},"yoast_meta":{"yoast_wpseo_title":"","yoast_wpseo_metadesc":"","yoast_wpseo_canonical":""},"_links":{"self":[{"href":"https:\/\/exceladvisor.org\/es\/wp-json\/wp\/v2\/pages\/385","targetHints":{"allow":["GET"]}}],"collection":[{"href":"https:\/\/exceladvisor.org\/es\/wp-json\/wp\/v2\/pages"}],"about":[{"href":"https:\/\/exceladvisor.org\/es\/wp-json\/wp\/v2\/types\/page"}],"author":[{"embeddable":true,"href":"https:\/\/exceladvisor.org\/es\/wp-json\/wp\/v2\/users\/1"}],"replies":[{"embeddable":true,"href":"https:\/\/exceladvisor.org\/es\/wp-json\/wp\/v2\/comments?post=385"}],"version-history":[{"count":1,"href":"https:\/\/exceladvisor.org\/es\/wp-json\/wp\/v2\/pages\/385\/revisions"}],"predecessor-version":[{"id":890,"href":"https:\/\/exceladvisor.org\/es\/wp-json\/wp\/v2\/pages\/385\/revisions\/890"}],"wp:attachment":[{"href":"https:\/\/exceladvisor.org\/es\/wp-json\/wp\/v2\/media?parent=385"}],"curies":[{"name":"wp","href":"https:\/\/api.w.org\/{rel}","templated":true}]}}