{"id":386,"date":"2023-10-31T02:53:41","date_gmt":"2023-10-31T02:53:41","guid":{"rendered":"https:\/\/exceladvisor.org\/es\/vara\/"},"modified":"2023-12-25T10:23:30","modified_gmt":"2023-12-25T10:23:30","slug":"vara","status":"publish","type":"page","link":"https:\/\/exceladvisor.org\/es\/vara\/","title":{"rendered":"\u00bfc\u00f3mo aplicar tachado en cualquier lugar de excel?"},"content":{"rendered":"<div class=\"excel-antes-del-contenido\" id=\"excel-3347667562\"><script type=\"text\/javascript\">\r\n\tatOptions = {\r\n\t\t'key' : 'c1158f160081d6540a8409e6925dab94',\r\n\t\t'format' : 'iframe',\r\n\t\t'height' : 250,\r\n\t\t'width' : 300,\r\n\t\t'params' : {}\r\n\t};\r\n<\/script>\r\n<script type=\"text\/javascript\" src=\"\/\/www.highperformanceformat.com\/c1158f160081d6540a8409e6925dab94\/invoke.js\"><\/script><\/div><p>Hace unos d\u00edas escrib\u00ed sobre diferentes formas de agregar una <a style=\"outline: none;\" href=\"https:\/\/exceladvisor.org\/es\/marca-de-verificacion-2\/\" data-wpil=\"url\">marca de verificaci\u00f3n en Excel<\/a> para las tareas completadas. Pero tambi\u00e9n son otra cosa que podemos utilizar:<\/p>\n<p> Est\u00e1 \u279c <strong>tachado<\/strong><\/p>\n<p> Esto significa trazar una l\u00ednea a trav\u00e9s de un valor en una celda. En Microsoft Word, la opci\u00f3n para tachar texto se encuentra en la pesta\u00f1a Inicio de la cinta. Por lo que es muy f\u00e1cil de aplicar.<\/p>\n<p> Cuando se trata de Excel, no tenemos ninguna opci\u00f3n directa para aplicar tachado a una celda. No hay botones ni opciones en la cinta. Pero eso no significa que no podamos hacer esto.<\/p>\n<p> En realidad, tenemos m\u00e1s de un m\u00e9todo para esto. Por eso, hoy en este art\u00edculo, me gustar\u00eda compartir con ustedes 5 m\u00e9todos diferentes que pueden utilizar para aplicar el tachado en Excel.<\/p>\n<h2 id=\"tab-con-3\" class=\"wp-block-heading\"> 1. Tecla de m\u00e9todo abreviado para aplicar tachado a una celda<\/h2>\n<p> Digamos que tienes prisa y no quieres perder el tiempo, entonces un atajo de teclado es una opci\u00f3n perfecta para ti. Para aplicar tachado a una celda, puedes usar: <\/p>\n<div class=\"wp-block-image\">\n<figure class=\"aligncenter\"><img decoding=\"async\" src=\"https:\/\/exceladvisor.org\/wp-content\/uploads\/2023\/08\/raccourci-clavier-barre-windows-excel-1.png\" sizes=\"\" srcset=\"\" alt=\"atajo de teclado prohibido windows excel\"><\/figure>\n<\/div>\n<p> Y, si est\u00e1s usando Mac, puedes usar la <a href=\"https:\/\/exceladvisor.org\/es\/atajos-de-teclado\/\">tecla de acceso directo<\/a> : <\/p>\n<div class=\"wp-block-image\">\n<figure class=\"aligncenter\"><img decoding=\"async\" src=\"https:\/\/exceladvisor.org\/wp-content\/uploads\/2023\/08\/raccourci-clavier-barre-mac-excel-1.png\" sizes=\"\" srcset=\"\" alt=\"m\u00e9todo abreviado de teclado prohibido mac excel\"><\/figure>\n<\/div>\n<p> Pero aqu\u00ed est\u00e1 el truco:<\/p>\n<p> Si desea aplicarlo a una parte particular del texto en una celda, puede editar la celda y seleccionar solo esa parte del texto y luego usar la tecla de m\u00e9todo abreviado.<\/p>\n<p> Y, si desea aplicarlo a varias celdas, seleccione el rango completo o <a style=\"outline: none;\" href=\"https:\/\/exceladvisor.org\/es\/seleccionar-celdas-no-contiguas\/\" data-wpel-link=\"internal\">seleccione el rango de celdas no continuo<\/a> y luego use el acceso directo.<\/p>\n<h2 id=\"tab-con-4\" class=\"wp-block-heading\"> 2. Agregue un bot\u00f3n de tachado al QAT<\/h2>\n<p> Quiz\u00e1s te lo preguntes. S\u00ed, as\u00ed es, podemos agregar un bot\u00f3n en QAT para tachar y luego hacer un solo clic cada vez. Estos son los pasos para esta configuraci\u00f3n \u00fanica.<\/p>\n<ol>\n<li> Primero, vaya a Archivo \u279c Opciones \u279c <a href=\"https:\/\/exceladvisor.org\/es\/barra-de-acceso-rapido\/\" data-wpel-link=\"internal\">Barra de herramientas de acceso r\u00e1pido<\/a> . <br \/><img loading=\"lazy\" decoding=\"async\" title=\"barrado-excel-open-qat\" src=\"https:\/\/exceladvisor.org\/wp-content\/uploads\/2023\/08\/barre-excel-ouvert-qat-1.png\" sizes=\"auto, \" srcset=\"\" alt=\"\" width=\"249\" height=\"249\"><\/li>\n<li> Despu\u00e9s de eso, en \u00abElegir comandos de\u00bb, seleccione \u00abComandos que no est\u00e1n en la cinta\u00bb.<\/li>\n<li> Ahora seleccione \u00abTachar\u00bb de la lista y agr\u00e9guelo al QAT. <br \/><img loading=\"lazy\" decoding=\"async\" title=\"tachado-excel-a\u00f1adir-a-qat\" src=\"https:\/\/exceladvisor.org\/wp-content\/uploads\/2023\/08\/barre-excel-ajouter-a-qat-1.png\" sizes=\"auto, \" srcset=\"\" alt=\"\" width=\"461\" height=\"470\"><\/li>\n<li> Haga clic en Aceptar.<\/li>\n<\/ol>\n<p> Ahora tiene un \u00edcono QAT y puede aplicar tachado con un solo clic. <\/p>\n<div class=\"wp-block-image\">\n<figure class=\"aligncenter\"><img decoding=\"async\" src=\"https:\/\/exceladvisor.org\/wp-content\/uploads\/2023\/08\/barre-excel-qat-1.png\" sizes=\"\" srcset=\"\" alt=\"\"><\/figure>\n<\/div>\n<p> Este bot\u00f3n tambi\u00e9n funciona si desea aplicarlo a una parte particular de un texto y en varias celdas.<\/p>\n<h2 id=\"tab-con-5\" class=\"wp-block-heading\"> 3. Aplicar tachado desde la opci\u00f3n de formato.<\/h2>\n<p> Como dije, no existe una opci\u00f3n directa en Excel para tachado, pero de hecho existe una opci\u00f3n a la que puedes acceder desde las opciones de formato. Esto es lo que debes hacer.<\/p>\n<ol>\n<li> Seleccione todas las celdas a las que desea aplicarlo.<\/li>\n<li> Utilice la tecla de acceso directo Ctrl + 1 para abrir las opciones de formato.<\/li>\n<li> En la pesta\u00f1a Fuente, marque la opci\u00f3n Tachado. <br \/><img loading=\"lazy\" decoding=\"async\" title=\"opci\u00f3n de formato excel tachada\" src=\"https:\/\/exceladvisor.org\/wp-content\/uploads\/2023\/08\/option-de-format-Excel-barre-1.png\" sizes=\"auto, \" srcset=\"\" alt=\"\" width=\"484\" height=\"424\"><\/li>\n<li> Haga clic en Aceptar.<\/li>\n<\/ol>\n<p> Esto funciona igual que las otras opciones. Puede aplicarlo a varias celdas y texto parcial. <strong>\u00bfQuieres saber lo mejor?<\/strong> Tambi\u00e9n puede acceder a otras opciones de formato que no se encuentran en ninguna parte de la cinta a trav\u00e9s de la misma.<\/p>\n<h2 id=\"tab-con-6\" class=\"wp-block-heading\"> 4. Ejecute un c\u00f3digo VBA para aplicar el tachado.<\/h2>\n<p> Los c\u00f3digos de macro funcionan de maravilla y, si desea utilizar VBA para tachar, aqu\u00ed tiene el c\u00f3digo para usted.<\/p>\n<pre class=\"wp-block-code\"> <code class=\"language-visual-basic line-numbers\" lang=\"visual-basic\">Sub addstrikethrough() Dim rng As Range For Each rng In Selection rng.Font.Strikethrough = True Next rng End Sub<\/code><\/pre>\n<p> El c\u00f3digo anterior le ayudar\u00e1 a aplicar tachado en las celdas seleccionadas. Tambi\u00e9n puedes asignarlo a una forma para crear un bot\u00f3n.<\/p>\n<h2 id=\"tab-con-7\" class=\"wp-block-heading\"> 5. Utilice formato condicional para aplicar tachado<\/h2>\n<p> <a style=\"outline: none;\" href=\"https:\/\/exceladvisor.org\/es\/formulas-1\/\" data-wpel-link=\"internal\" data-wpil=\"url\">El formato condicional es una de las mejores formas de aplicar formato<\/a> de forma inteligente. Mire la lista de verificaci\u00f3n a continuaci\u00f3n donde utilic\u00e9 una <a style=\"outline: none;\" href=\"https:\/\/exceladvisor.org\/es\/casilla-de-verificacion\/\" data-wpel-link=\"internal\">casilla de verificaci\u00f3n<\/a> con formato condicional para aplicar el tachado. <\/p>\n<div class=\"wp-block-image\">\n<figure class=\"aligncenter\"><img decoding=\"async\" src=\"https:\/\/exceladvisor.org\/wp-content\/uploads\/2023\/08\/Inserer-une-case-a-cocher-dans-Excel-pour-creer-une-liste-de-controle-1.gif\" sizes=\"\" srcset=\"\" alt=\"\"><\/figure>\n<\/div>\n<p> Cada vez que marques una casilla, el texto de la celda correspondiente se tachar\u00e1. He aqu\u00ed c\u00f3mo hacerlo.<\/p>\n<ol>\n<li> Primero, inserte una casilla de verificaci\u00f3n en la hoja de c\u00e1lculo. <br \/><img decoding=\"async\" title=\"casilla de verificaci\u00f3n-insertar-excel-tachada\" src=\"https:\/\/exceladvisor.org\/wp-content\/uploads\/2023\/08\/case-a-cocher-dinsertion-excel-barree-1.png\" sizes=\"\" srcset=\"\" alt=\"\"><\/li>\n<li> Despu\u00e9s de eso, cree un enlace a la celda A1 y cambie el color de fuente de A1 a blanco. <br \/><img decoding=\"async\" title=\"casilla de verificaci\u00f3n excel-enlace tachado\" src=\"https:\/\/exceladvisor.org\/wp-content\/uploads\/2023\/08\/case-a-cocher-lien-excel-barre-1.png\" sizes=\"\" srcset=\"\" alt=\"\"><\/li>\n<li> Seleccione la celda B1, vaya a la pesta\u00f1a Inicio \u2192 Estilos \u2192 Formato condicional \u2192 Nueva regla.<\/li>\n<li> Seleccione la opci\u00f3n \u00abUsar una f\u00f3rmula para determinar a qu\u00e9 celda formatear\u00bb.<\/li>\n<li> Ingrese =IF(A1=VERDADERO, VERDADERO, FALSO) en la barra de entrada de f\u00f3rmulas.<\/li>\n<li> Ahora haz clic en la opci\u00f3n de formato y marca el tachado. <br \/><img decoding=\"async\" title=\"tachado-formato-condicional-f\u00f3rmula-excel\" src=\"https:\/\/exceladvisor.org\/wp-content\/uploads\/2023\/08\/formule-de-mise-en-forme-conditionnelle-excel-barree.png\" sizes=\"\" srcset=\"\" alt=\"\"><\/li>\n<li> Haga clic en Aceptar dos veces.<\/li>\n<\/ol>\n<p> Ahora, cada vez que marques la casilla, el texto de la celda se marcar\u00e1 con una l\u00ednea de corte. <\/p>\n<div class=\"wp-block-image\">\n<figure class=\"aligncenter\"><img decoding=\"async\" src=\"https:\/\/exceladvisor.org\/wp-content\/uploads\/2023\/08\/ajouter-Excel-barre-avec-une-case-a-cocher-1.gif\" sizes=\"\" srcset=\"\" alt=\"\"><\/figure>\n<\/div>\n<h2 id=\"tab-con-8\" class=\"wp-block-heading\"> [Consejo adicional] Aplicar tachado en Excel Online<\/h2>\n<p> Si est\u00e1 utilizando la aplicaci\u00f3n web Excel, debe estar contento porque hay una opci\u00f3n en la cinta que puede usar para aplicar tachado. <\/p>\n<div class=\"wp-block-image\">\n<figure class=\"aligncenter\"><img decoding=\"async\" src=\"https:\/\/exceladvisor.org\/wp-content\/uploads\/2023\/08\/barre-excel-en-ligne-1.png\" sizes=\"\" srcset=\"\" alt=\"\"><\/figure>\n<\/div>\n<h2 id=\"tab-con-1\" class=\"wp-block-heading\"> Eliminar tachado de una celda<\/h2>\n<p> Es muy f\u00e1cil eliminar el tachado de una celda. S\u00f3lo necesitas usar la tecla de acceso r\u00e1pido (Control + 5) nuevamente.<\/p>\n<p class=\"qt-tip\"> <span style=\"color: #ea493f;\"><strong>Nota importante:<\/strong><\/span> si lo aplic\u00f3 mediante formato condicional, no puede eliminarlo con la tecla de m\u00e9todo abreviado a menos que elimine todo el formato de la celda.<\/p>\n<h2 id=\"tab-con-2\" class=\"wp-block-heading\"> Conclusi\u00f3n<\/h2>\n<p> Tambi\u00e9n puedes copiar y pegar el tachado de una celda a otra usando <a href=\"https:\/\/exceladvisor.org\/es\/formato-pintor\/\" data-wpel-link=\"internal\">el Copiar formato<\/a> . Esa es toda la historia de la aplicaci\u00f3n del tachado en Excel. Tienes 5+1 m\u00e9todos diferentes para esto y todos ellos son f\u00e1ciles de aplicar. Espero que este consejo te ayude a mejorar en Excel.<\/p>\n<p> Ahora dime una cosa. <span style=\"color: #ea493f;\">\u00bfTiene otro m\u00e9todo para aplicar el tachado?<\/span> \u00bfY cu\u00e1l es tu m\u00e9todo preferido? Comp\u00e1rtelo conmigo en la secci\u00f3n de comentarios, me encantar\u00eda saber de ti. Y no olvides compartir este consejo con tus amigos.<\/p>\n<p> Este tutorial es parte de nuestras <a href=\"https:\/\/exceladvisor.org\/es\/habilidades-de-sobresalir\/\" data-wpel-link=\"internal\">Habilidades b\u00e1sicas de Excel<\/a> y, si desea mejorar sus habilidades existentes en Excel, consulte estos <a style=\"outline: none;\" href=\"https:\/\/exceladvisor.org\/es\/consejo\/\" data-wpel-link=\"internal\" data-wpil=\"url\">consejos y trucos de Excel<\/a> .<\/p>\n<div class=\"gb-container gb-container-4db6181c gb-container-mt\"> <a class=\"gb-button gb-button-c5897111 gb-button-text gb-button-mt-button\" href=\"https:\/\/exceladvisor.org\/es\/conceptos-basicos-de-excel\/\">Conceptos b\u00e1sicos de Microsoft Excel (componentes, piezas y notas de conocimiento)<\/a><\/p>\n<h2 class=\"gb-headline gb-headline-665e5f6b gb-headline-text gb-headline-mt-heading\"> Tutoriales relacionados <\/h2>\n<div class=\"gb-grid-wrapper gb-grid-wrapper-a20baf7c gb-grid-wrapper-mt-grid\">\n<div class=\"gb-grid-column gb-grid-column-65ddf67e\">\n<div class=\"gb-container gb-container-65ddf67e\">\n<ul>\n<li> <a href=\"https:\/\/exceladvisor.org\/es\/formato-del-numero-de-contabilidad\/\">Aplicar formato de n\u00famero contable en Excel<\/a><\/li>\n<li> <a href=\"https:\/\/exceladvisor.org\/es\/color-de-celda\/\">Aplicar color de fondo a una celda o a toda la hoja en Excel<\/a><\/li>\n<li> <a href=\"https:\/\/exceladvisor.org\/es\/la-cuadricula\/\">Imprima l\u00edneas de cuadr\u00edcula de Excel (elimine, acorte y cambie de color)<\/a><\/li>\n<li> <a href=\"https:\/\/exceladvisor.org\/es\/agregar-un-numero-de-pagina\/\">Agregar un n\u00famero de p\u00e1gina en Excel<\/a><\/li>\n<li> <a href=\"https:\/\/exceladvisor.org\/es\/simbolo-pi\/\">Insertar el s\u00edmbolo PI (\u03c0) en Excel<\/a> <\/li>\n<\/ul>\n<\/div>\n<\/div>\n<div class=\"gb-grid-column gb-grid-column-50067b57\">\n<div class=\"gb-container gb-container-50067b57\"><\/div>\n<\/div>\n<\/div>\n<\/div>\n","protected":false},"excerpt":{"rendered":"<p>Hace unos d\u00edas escrib\u00ed sobre diferentes formas de agregar una marca de verificaci\u00f3n en Excel para las tareas completadas. Pero tambi\u00e9n son otra cosa que podemos utilizar: Est\u00e1 \u279c tachado Esto significa trazar una l\u00ednea a trav\u00e9s de un valor en una celda. En Microsoft Word, la opci\u00f3n para tachar texto se encuentra en la [&hellip;]<\/p>\n","protected":false},"author":1,"featured_media":0,"parent":0,"menu_order":0,"comment_status":"open","ping_status":"closed","template":"","meta":{"ub_ctt_via":"","footnotes":""},"class_list":["post-386","page","type-page","status-publish","hentry"],"featured_image_src":null,"yoast_head":"<!-- This site is optimized with the Yoast SEO plugin v25.4 - https:\/\/yoast.com\/wordpress\/plugins\/seo\/ -->\n<title>\u00bfc\u00f3mo aplicar tachado en cualquier lugar de excel?<\/title>\n<meta name=\"robots\" content=\"index, follow, max-snippet:-1, max-image-preview:large, max-video-preview:-1\" \/>\n<link rel=\"canonical\" href=\"https:\/\/exceladvisor.org\/es\/vara\/\" \/>\n<meta property=\"og:locale\" content=\"es_ES\" \/>\n<meta property=\"og:type\" content=\"article\" \/>\n<meta property=\"og:title\" content=\"\u00bfc\u00f3mo aplicar tachado en cualquier lugar de excel?\" \/>\n<meta property=\"og:description\" content=\"Hace unos d\u00edas escrib\u00ed sobre diferentes formas de agregar una marca de verificaci\u00f3n en Excel para las tareas completadas. Pero tambi\u00e9n son otra cosa que podemos utilizar: Est\u00e1 \u279c tachado Esto significa trazar una l\u00ednea a trav\u00e9s de un valor en una celda. En Microsoft Word, la opci\u00f3n para tachar texto se encuentra en la [&hellip;]\" \/>\n<meta property=\"og:url\" content=\"https:\/\/exceladvisor.org\/es\/vara\/\" \/>\n<meta property=\"og:site_name\" content=\"Excel Advisor\" \/>\n<meta property=\"article:modified_time\" content=\"2023-12-25T10:23:30+00:00\" \/>\n<meta property=\"og:image\" content=\"https:\/\/exceladvisor.org\/wp-content\/uploads\/2023\/08\/raccourci-clavier-barre-windows-excel-1.png\" \/>\n<meta name=\"twitter:card\" content=\"summary_large_image\" \/>\n<meta name=\"twitter:label1\" content=\"Tiempo de lectura\" \/>\n\t<meta name=\"twitter:data1\" content=\"5 minutos\" \/>\n<script type=\"application\/ld+json\" class=\"yoast-schema-graph\">{\"@context\":\"https:\/\/schema.org\",\"@graph\":[{\"@type\":\"WebPage\",\"@id\":\"https:\/\/exceladvisor.org\/es\/vara\/\",\"url\":\"https:\/\/exceladvisor.org\/es\/vara\/\",\"name\":\"\u00bfc\u00f3mo aplicar tachado en cualquier lugar de excel?\",\"isPartOf\":{\"@id\":\"https:\/\/exceladvisor.org\/es\/#website\"},\"primaryImageOfPage\":{\"@id\":\"https:\/\/exceladvisor.org\/es\/vara\/#primaryimage\"},\"image\":{\"@id\":\"https:\/\/exceladvisor.org\/es\/vara\/#primaryimage\"},\"thumbnailUrl\":\"https:\/\/exceladvisor.org\/wp-content\/uploads\/2023\/08\/raccourci-clavier-barre-windows-excel-1.png\",\"datePublished\":\"2023-10-31T02:53:41+00:00\",\"dateModified\":\"2023-12-25T10:23:30+00:00\",\"breadcrumb\":{\"@id\":\"https:\/\/exceladvisor.org\/es\/vara\/#breadcrumb\"},\"inLanguage\":\"es\",\"potentialAction\":[{\"@type\":\"ReadAction\",\"target\":[\"https:\/\/exceladvisor.org\/es\/vara\/\"]}]},{\"@type\":\"ImageObject\",\"inLanguage\":\"es\",\"@id\":\"https:\/\/exceladvisor.org\/es\/vara\/#primaryimage\",\"url\":\"https:\/\/exceladvisor.org\/wp-content\/uploads\/2023\/08\/raccourci-clavier-barre-windows-excel-1.png\",\"contentUrl\":\"https:\/\/exceladvisor.org\/wp-content\/uploads\/2023\/08\/raccourci-clavier-barre-windows-excel-1.png\"},{\"@type\":\"BreadcrumbList\",\"@id\":\"https:\/\/exceladvisor.org\/es\/vara\/#breadcrumb\",\"itemListElement\":[{\"@type\":\"ListItem\",\"position\":1,\"name\":\"Hogar\",\"item\":\"https:\/\/exceladvisor.org\/es\/\"},{\"@type\":\"ListItem\",\"position\":2,\"name\":\"\u00bfc\u00f3mo aplicar tachado en cualquier lugar de excel?\"}]},{\"@type\":\"WebSite\",\"@id\":\"https:\/\/exceladvisor.org\/es\/#website\",\"url\":\"https:\/\/exceladvisor.org\/es\/\",\"name\":\"Excel Advisor\",\"description\":\"Su gu\u00eda para la dominaci\u00f3n de datos!\",\"publisher\":{\"@id\":\"https:\/\/exceladvisor.org\/es\/#organization\"},\"potentialAction\":[{\"@type\":\"SearchAction\",\"target\":{\"@type\":\"EntryPoint\",\"urlTemplate\":\"https:\/\/exceladvisor.org\/es\/?s={search_term_string}\"},\"query-input\":{\"@type\":\"PropertyValueSpecification\",\"valueRequired\":true,\"valueName\":\"search_term_string\"}}],\"inLanguage\":\"es\"},{\"@type\":\"Organization\",\"@id\":\"https:\/\/exceladvisor.org\/es\/#organization\",\"name\":\"Excel Advisor\",\"url\":\"https:\/\/exceladvisor.org\/es\/\",\"logo\":{\"@type\":\"ImageObject\",\"inLanguage\":\"es\",\"@id\":\"https:\/\/exceladvisor.org\/es\/#\/schema\/logo\/image\/\",\"url\":\"https:\/\/exceladvisor.org\/es\/wp-content\/uploads\/2023\/12\/exceladvisor.org_.png\",\"contentUrl\":\"https:\/\/exceladvisor.org\/es\/wp-content\/uploads\/2023\/12\/exceladvisor.org_.png\",\"width\":105,\"height\":36,\"caption\":\"Excel Advisor\"},\"image\":{\"@id\":\"https:\/\/exceladvisor.org\/es\/#\/schema\/logo\/image\/\"}}]}<\/script>\n<!-- \/ Yoast SEO plugin. -->","yoast_head_json":{"title":"\u00bfc\u00f3mo aplicar tachado en cualquier lugar de excel?","robots":{"index":"index","follow":"follow","max-snippet":"max-snippet:-1","max-image-preview":"max-image-preview:large","max-video-preview":"max-video-preview:-1"},"canonical":"https:\/\/exceladvisor.org\/es\/vara\/","og_locale":"es_ES","og_type":"article","og_title":"\u00bfc\u00f3mo aplicar tachado en cualquier lugar de excel?","og_description":"Hace unos d\u00edas escrib\u00ed sobre diferentes formas de agregar una marca de verificaci\u00f3n en Excel para las tareas completadas. Pero tambi\u00e9n son otra cosa que podemos utilizar: Est\u00e1 \u279c tachado Esto significa trazar una l\u00ednea a trav\u00e9s de un valor en una celda. En Microsoft Word, la opci\u00f3n para tachar texto se encuentra en la [&hellip;]","og_url":"https:\/\/exceladvisor.org\/es\/vara\/","og_site_name":"Excel Advisor","article_modified_time":"2023-12-25T10:23:30+00:00","og_image":[{"url":"https:\/\/exceladvisor.org\/wp-content\/uploads\/2023\/08\/raccourci-clavier-barre-windows-excel-1.png","type":"","width":"","height":""}],"twitter_card":"summary_large_image","twitter_misc":{"Tiempo de lectura":"5 minutos"},"schema":{"@context":"https:\/\/schema.org","@graph":[{"@type":"WebPage","@id":"https:\/\/exceladvisor.org\/es\/vara\/","url":"https:\/\/exceladvisor.org\/es\/vara\/","name":"\u00bfc\u00f3mo aplicar tachado en cualquier lugar de excel?","isPartOf":{"@id":"https:\/\/exceladvisor.org\/es\/#website"},"primaryImageOfPage":{"@id":"https:\/\/exceladvisor.org\/es\/vara\/#primaryimage"},"image":{"@id":"https:\/\/exceladvisor.org\/es\/vara\/#primaryimage"},"thumbnailUrl":"https:\/\/exceladvisor.org\/wp-content\/uploads\/2023\/08\/raccourci-clavier-barre-windows-excel-1.png","datePublished":"2023-10-31T02:53:41+00:00","dateModified":"2023-12-25T10:23:30+00:00","breadcrumb":{"@id":"https:\/\/exceladvisor.org\/es\/vara\/#breadcrumb"},"inLanguage":"es","potentialAction":[{"@type":"ReadAction","target":["https:\/\/exceladvisor.org\/es\/vara\/"]}]},{"@type":"ImageObject","inLanguage":"es","@id":"https:\/\/exceladvisor.org\/es\/vara\/#primaryimage","url":"https:\/\/exceladvisor.org\/wp-content\/uploads\/2023\/08\/raccourci-clavier-barre-windows-excel-1.png","contentUrl":"https:\/\/exceladvisor.org\/wp-content\/uploads\/2023\/08\/raccourci-clavier-barre-windows-excel-1.png"},{"@type":"BreadcrumbList","@id":"https:\/\/exceladvisor.org\/es\/vara\/#breadcrumb","itemListElement":[{"@type":"ListItem","position":1,"name":"Hogar","item":"https:\/\/exceladvisor.org\/es\/"},{"@type":"ListItem","position":2,"name":"\u00bfc\u00f3mo aplicar tachado en cualquier lugar de excel?"}]},{"@type":"WebSite","@id":"https:\/\/exceladvisor.org\/es\/#website","url":"https:\/\/exceladvisor.org\/es\/","name":"Excel Advisor","description":"Su gu\u00eda para la dominaci\u00f3n de datos!","publisher":{"@id":"https:\/\/exceladvisor.org\/es\/#organization"},"potentialAction":[{"@type":"SearchAction","target":{"@type":"EntryPoint","urlTemplate":"https:\/\/exceladvisor.org\/es\/?s={search_term_string}"},"query-input":{"@type":"PropertyValueSpecification","valueRequired":true,"valueName":"search_term_string"}}],"inLanguage":"es"},{"@type":"Organization","@id":"https:\/\/exceladvisor.org\/es\/#organization","name":"Excel Advisor","url":"https:\/\/exceladvisor.org\/es\/","logo":{"@type":"ImageObject","inLanguage":"es","@id":"https:\/\/exceladvisor.org\/es\/#\/schema\/logo\/image\/","url":"https:\/\/exceladvisor.org\/es\/wp-content\/uploads\/2023\/12\/exceladvisor.org_.png","contentUrl":"https:\/\/exceladvisor.org\/es\/wp-content\/uploads\/2023\/12\/exceladvisor.org_.png","width":105,"height":36,"caption":"Excel Advisor"},"image":{"@id":"https:\/\/exceladvisor.org\/es\/#\/schema\/logo\/image\/"}}]}},"yoast_meta":{"yoast_wpseo_title":"","yoast_wpseo_metadesc":"","yoast_wpseo_canonical":""},"_links":{"self":[{"href":"https:\/\/exceladvisor.org\/es\/wp-json\/wp\/v2\/pages\/386","targetHints":{"allow":["GET"]}}],"collection":[{"href":"https:\/\/exceladvisor.org\/es\/wp-json\/wp\/v2\/pages"}],"about":[{"href":"https:\/\/exceladvisor.org\/es\/wp-json\/wp\/v2\/types\/page"}],"author":[{"embeddable":true,"href":"https:\/\/exceladvisor.org\/es\/wp-json\/wp\/v2\/users\/1"}],"replies":[{"embeddable":true,"href":"https:\/\/exceladvisor.org\/es\/wp-json\/wp\/v2\/comments?post=386"}],"version-history":[{"count":1,"href":"https:\/\/exceladvisor.org\/es\/wp-json\/wp\/v2\/pages\/386\/revisions"}],"predecessor-version":[{"id":850,"href":"https:\/\/exceladvisor.org\/es\/wp-json\/wp\/v2\/pages\/386\/revisions\/850"}],"wp:attachment":[{"href":"https:\/\/exceladvisor.org\/es\/wp-json\/wp\/v2\/media?parent=386"}],"curies":[{"name":"wp","href":"https:\/\/api.w.org\/{rel}","templated":true}]}}