{"id":387,"date":"2023-10-30T22:32:19","date_gmt":"2023-10-30T22:32:19","guid":{"rendered":"https:\/\/exceladvisor.org\/es\/combinar-fecha-y-hora\/"},"modified":"2023-12-25T10:24:13","modified_gmt":"2023-12-25T10:24:13","slug":"combinar-fecha-y-hora","status":"publish","type":"page","link":"https:\/\/exceladvisor.org\/es\/combinar-fecha-y-hora\/","title":{"rendered":"\u00bfc\u00f3mo combinar fecha y hora en excel?"},"content":{"rendered":"<div class=\"excel-antes-del-contenido\" id=\"excel-4092520602\"><script type=\"text\/javascript\">\r\n\tatOptions = {\r\n\t\t'key' : 'c1158f160081d6540a8409e6925dab94',\r\n\t\t'format' : 'iframe',\r\n\t\t'height' : 250,\r\n\t\t'width' : 300,\r\n\t\t'params' : {}\r\n\t};\r\n<\/script>\r\n<script type=\"text\/javascript\" src=\"\/\/www.highperformanceformat.com\/c1158f160081d6540a8409e6925dab94\/invoke.js\"><\/script><\/div><p>Excel almacena una fecha como un n\u00famero y la hora como un decimal. Puede combinar la fecha y la hora si lo desea y mostrar ambas en una sola celda. <\/p>\n<div class=\"wp-block-image\">\n<figure class=\"aligncenter size-full is-resized\"><img loading=\"lazy\" decoding=\"async\" class=\"wp-image-74859\" src=\"https:\/\/exceladvisor.org\/wp-content\/uploads\/2023\/08\/1-combiner-date-et-heure.png\" sizes=\"auto, \" srcset=\"\" alt=\"combinar fecha y hora\" width=\"700\" height=\"150\"><\/figure>\n<\/div>\n<p> En este tutorial, aprender\u00e1 dos m\u00e9todos f\u00e1ciles de seguir:<\/p>\n<ul>\n<li> Utilice Ampersand para combinar datos y tiempo.<\/li>\n<li> Usando la funci\u00f3n TEXTO para concatenar los dos.<\/li>\n<\/ul>\n<h2 class=\"wp-block-heading\"> Agregado para combinar fecha y hora en una sola celda.<\/h2>\n<p> Como dije, en Excel una fecha es un n\u00famero entero y la hora es un n\u00famero decimal. Cuando combinas ambos en una sola celda, se convierten en un n\u00famero real y luego solo necesitas aplicar el formato de fecha y hora en la celda. <\/p>\n<div class=\"wp-block-image\">\n<figure class=\"aligncenter size-full is-resized\"><img loading=\"lazy\" decoding=\"async\" class=\"wp-image-74860\" src=\"https:\/\/exceladvisor.org\/wp-content\/uploads\/2023\/08\/2-combiner-la-date-et-lheure-dans-une-cellule.png\" sizes=\"auto, \" srcset=\"\" alt=\"combinar-fecha-y-hora-en-una-celda\" width=\"623\" height=\"173\"><\/figure>\n<\/div>\n<ol type=\"1\">\n<li> Primero, edite la celda e ingrese \u00ab=\u00bb en ella.<\/li>\n<li> Despu\u00e9s de eso, consulte la celda con la fecha (A2).<\/li>\n<li> Luego, ingrese el signo de suma.<\/li>\n<li> Ahora consulte la celda con el tiempo (B2).<\/li>\n<li> Al final, presione Entrar para obtener la fecha y hora combinadas. <\/li>\n<\/ol>\n<div class=\"wp-block-image\">\n<figure class=\"aligncenter size-full is-resized\"><img loading=\"lazy\" decoding=\"async\" class=\"wp-image-74861\" src=\"https:\/\/exceladvisor.org\/wp-content\/uploads\/2023\/08\/3-valeur-de-date-et-dheure-dans-une-cellule.png\" sizes=\"auto, \" srcset=\"\" alt=\"fecha-hora-valor-en-una-celda\" width=\"728\" height=\"276\"><\/figure>\n<\/div>\n<p> En el momento en que presione Enter, obtendr\u00e1 un valor de fecha y hora en la celda, como el que tenemos en el ejemplo anterior. Puede ver que tiene un formato personalizado en la lista desplegable de formato.<\/p>\n<p> Esto se debe a que tiene la fecha y la hora combinadas en una sola celda y Excel ha aplicado un formato personalizado para eso. Y si abre el cuadro de di\u00e1logo de opci\u00f3n de formato, podr\u00e1 ver que hay un formato personalizado. <\/p>\n<div class=\"wp-block-image\">\n<figure class=\"aligncenter size-full is-resized\"><img loading=\"lazy\" decoding=\"async\" class=\"wp-image-74862\" src=\"https:\/\/exceladvisor.org\/wp-content\/uploads\/2023\/08\/4-formatage-personnalise.png\" sizes=\"auto, \" srcset=\"\" alt=\"formato personalizado\" width=\"717\" height=\"355\"><\/figure>\n<\/div>\n<h2 class=\"wp-block-heading\"> Funci\u00f3n TEXTO para concatenar fecha y hora<\/h2>\n<p> Para combinar la fecha y la hora, debes usar la funci\u00f3n de texto dos veces con el CONCAT:<\/p>\n<ol>\n<li> En la primera parte, debe hacer referencia a la celda con la fecha y especificar el formato que desea.<\/li>\n<li> Y en la segunda parte debes consultar la hora y especificar el formato que deseas.<\/li>\n<li> En la tercera parte, debes usar CONCAT para combinar los dos con un espacio intermedio. <\/li>\n<\/ol>\n<div class=\"wp-block-image\">\n<figure class=\"aligncenter size-full is-resized\"><img loading=\"lazy\" decoding=\"async\" class=\"wp-image-74863\" src=\"https:\/\/exceladvisor.org\/wp-content\/uploads\/2023\/08\/5-fonction-de-texte-pour-combiner-la-date-et-lheure.png\" sizes=\"auto, \" srcset=\"\" alt=\"funci\u00f3n de texto para combinar fecha y hora\" width=\"677\" height=\"312\"><\/figure>\n<\/div>\n<pre class=\"wp-block-code\"> <code class=\"language-excel-formula\" lang=\"excel-formula\">=TEXT(A2,\"DD-MMM-YYYY\")&amp;\" \"&amp;TEXT(B2,\"HH:MM:SS\")<\/code><\/pre>\n<div class=\"wp-block-image\">\n<figure class=\"aligncenter size-full is-resized\"><img loading=\"lazy\" decoding=\"async\" class=\"wp-image-74864\" src=\"https:\/\/exceladvisor.org\/wp-content\/uploads\/2023\/08\/6-fonction-de-texte-avec-concat.png\" sizes=\"auto, \" srcset=\"\" alt=\"funci\u00f3n-texto-con-concat\" width=\"577\" height=\"141\"><\/figure>\n<\/div>\n<p> Al utilizar CONCAT, debes especificar los valores en los argumentos que deseas <a href=\"https:\/\/exceladvisor.org\/es\/concatenar-un-rango-de-celdas\/\">combinar<\/a> . Y tienes los tres valores para combinar aqu\u00ed.<\/p>\n<ol type=\"1\">\n<li> La primera funci\u00f3n de texto es obtener la fecha y aplicar un formato.<\/li>\n<li> Un espacio en el medio<\/li>\n<li> La segunda funci\u00f3n de texto es obtener el valor de tiempo y aplicar un formato.<\/li>\n<\/ol>\n<p> Y si quieres tener un formato diferente para la fecha y hora, puedes cambiarlo desde la funci\u00f3n. <\/p>\n<div class=\"wp-block-image\">\n<figure class=\"aligncenter size-full is-resized\"><img loading=\"lazy\" decoding=\"async\" class=\"wp-image-74865\" src=\"https:\/\/exceladvisor.org\/wp-content\/uploads\/2023\/08\/7-appliquer-le-texte-et-la-fonction-concat-ensemble.png\" sizes=\"auto, \" srcset=\"\" alt=\"aplicar-texto-y-concat-funci\u00f3n-juntos\" width=\"616\" height=\"150\"><\/figure>\n<\/div>\n<div class=\"gb-container gb-container-52dfcee1 gb-container-sample-file\">\n<h2 class=\"gb-headline gb-headline-e289c143 gb-headline-text gb-headline-4f7959c2\"> Obtener el archivo Excel<\/h2>\n<p> <a class=\"gb-button gb-button-e88d6bee gb-button-text gb-button-button1\" href=\"https:\/\/exceladvisor.org\/wp-content\/uploads\/2023\/11\/combiner-date-et-heure.xlsx\" rel=\"nofollow\">Descargar<\/a><\/div>\n<div class=\"gb-container gb-container-0df56012 gb-container-mt\"> <a class=\"gb-button gb-button-f9f432f4 gb-button-text gb-button-mt-button\" href=\"https:\/\/exceladvisor.org\/es\/formulas\/\">Lista de f\u00f3rmulas de Excel<\/a><\/p>\n<h2 class=\"gb-headline gb-headline-233444e8 gb-headline-text gb-headline-mt-heading\"> F\u00f3rmulas relacionadas <\/h2>\n<div class=\"gb-grid-wrapper gb-grid-wrapper-a16fa65c gb-grid-wrapper-mt-grid\">\n<div class=\"gb-grid-column gb-grid-column-50d07e0d\">\n<div class=\"gb-container gb-container-50d07e0d\">\n<ul>\n<li> <a href=\"https:\/\/exceladvisor.org\/es\/comparar-dos-fechas\/\">Comparar dos fechas en Excel<\/a><\/li>\n<li> <a href=\"https:\/\/exceladvisor.org\/es\/convertir-fecha-a-numero\/\">Convertir fecha a n\u00famero en Excel<\/a><\/li>\n<li> <a href=\"https:\/\/exceladvisor.org\/es\/texto-hasta-la-fecha\/\">Convertir texto a fecha en Excel<\/a><\/li>\n<li> <a href=\"https:\/\/exceladvisor.org\/es\/rango-de-fechas\/\">Crear un rango de fechas en Excel<\/a><\/li>\n<li> <a href=\"https:\/\/exceladvisor.org\/es\/formatos-de-fecha-personalizados\/\">Formatos de fecha personalizados en Excel<\/a><\/li>\n<li> <a href=\"https:\/\/exceladvisor.org\/es\/fecha-si\/\">Funci\u00f3n FECHASI en Excel<\/a> <\/li>\n<\/ul>\n<\/div>\n<\/div>\n<div class=\"gb-grid-column gb-grid-column-5b4a0cf9\">\n<div class=\"gb-container gb-container-5b4a0cf9\"><\/div>\n<\/div>\n<\/div>\n<\/div>\n","protected":false},"excerpt":{"rendered":"<p>Excel almacena una fecha como un n\u00famero y la hora como un decimal. Puede combinar la fecha y la hora si lo desea y mostrar ambas en una sola celda. En este tutorial, aprender\u00e1 dos m\u00e9todos f\u00e1ciles de seguir: Utilice Ampersand para combinar datos y tiempo. Usando la funci\u00f3n TEXTO para concatenar los dos. Agregado [&hellip;]<\/p>\n","protected":false},"author":1,"featured_media":0,"parent":0,"menu_order":0,"comment_status":"open","ping_status":"closed","template":"","meta":{"ub_ctt_via":"","footnotes":""},"class_list":["post-387","page","type-page","status-publish","hentry"],"featured_image_src":null,"yoast_head":"<!-- This site is optimized with the Yoast SEO plugin v25.4 - https:\/\/yoast.com\/wordpress\/plugins\/seo\/ -->\n<title>\u00bfc\u00f3mo combinar fecha y hora en excel?<\/title>\n<meta name=\"robots\" content=\"index, follow, max-snippet:-1, max-image-preview:large, max-video-preview:-1\" \/>\n<link rel=\"canonical\" href=\"https:\/\/exceladvisor.org\/es\/combinar-fecha-y-hora\/\" \/>\n<meta property=\"og:locale\" content=\"es_ES\" \/>\n<meta property=\"og:type\" content=\"article\" \/>\n<meta property=\"og:title\" content=\"\u00bfc\u00f3mo combinar fecha y hora en excel?\" \/>\n<meta property=\"og:description\" content=\"Excel almacena una fecha como un n\u00famero y la hora como un decimal. Puede combinar la fecha y la hora si lo desea y mostrar ambas en una sola celda. En este tutorial, aprender\u00e1 dos m\u00e9todos f\u00e1ciles de seguir: Utilice Ampersand para combinar datos y tiempo. Usando la funci\u00f3n TEXTO para concatenar los dos. Agregado [&hellip;]\" \/>\n<meta property=\"og:url\" content=\"https:\/\/exceladvisor.org\/es\/combinar-fecha-y-hora\/\" \/>\n<meta property=\"og:site_name\" content=\"Excel Advisor\" \/>\n<meta property=\"article:modified_time\" content=\"2023-12-25T10:24:13+00:00\" \/>\n<meta property=\"og:image\" content=\"https:\/\/exceladvisor.org\/wp-content\/uploads\/2023\/08\/1-combiner-date-et-heure.png\" \/>\n<meta name=\"twitter:card\" content=\"summary_large_image\" \/>\n<meta name=\"twitter:label1\" content=\"Tiempo de lectura\" \/>\n\t<meta name=\"twitter:data1\" content=\"2 minutos\" \/>\n<script type=\"application\/ld+json\" class=\"yoast-schema-graph\">{\"@context\":\"https:\/\/schema.org\",\"@graph\":[{\"@type\":\"WebPage\",\"@id\":\"https:\/\/exceladvisor.org\/es\/combinar-fecha-y-hora\/\",\"url\":\"https:\/\/exceladvisor.org\/es\/combinar-fecha-y-hora\/\",\"name\":\"\u00bfc\u00f3mo combinar fecha y hora en excel?\",\"isPartOf\":{\"@id\":\"https:\/\/exceladvisor.org\/es\/#website\"},\"primaryImageOfPage\":{\"@id\":\"https:\/\/exceladvisor.org\/es\/combinar-fecha-y-hora\/#primaryimage\"},\"image\":{\"@id\":\"https:\/\/exceladvisor.org\/es\/combinar-fecha-y-hora\/#primaryimage\"},\"thumbnailUrl\":\"https:\/\/exceladvisor.org\/wp-content\/uploads\/2023\/08\/1-combiner-date-et-heure.png\",\"datePublished\":\"2023-10-30T22:32:19+00:00\",\"dateModified\":\"2023-12-25T10:24:13+00:00\",\"breadcrumb\":{\"@id\":\"https:\/\/exceladvisor.org\/es\/combinar-fecha-y-hora\/#breadcrumb\"},\"inLanguage\":\"es\",\"potentialAction\":[{\"@type\":\"ReadAction\",\"target\":[\"https:\/\/exceladvisor.org\/es\/combinar-fecha-y-hora\/\"]}]},{\"@type\":\"ImageObject\",\"inLanguage\":\"es\",\"@id\":\"https:\/\/exceladvisor.org\/es\/combinar-fecha-y-hora\/#primaryimage\",\"url\":\"https:\/\/exceladvisor.org\/wp-content\/uploads\/2023\/08\/1-combiner-date-et-heure.png\",\"contentUrl\":\"https:\/\/exceladvisor.org\/wp-content\/uploads\/2023\/08\/1-combiner-date-et-heure.png\"},{\"@type\":\"BreadcrumbList\",\"@id\":\"https:\/\/exceladvisor.org\/es\/combinar-fecha-y-hora\/#breadcrumb\",\"itemListElement\":[{\"@type\":\"ListItem\",\"position\":1,\"name\":\"Hogar\",\"item\":\"https:\/\/exceladvisor.org\/es\/\"},{\"@type\":\"ListItem\",\"position\":2,\"name\":\"\u00bfc\u00f3mo combinar fecha y hora en excel?\"}]},{\"@type\":\"WebSite\",\"@id\":\"https:\/\/exceladvisor.org\/es\/#website\",\"url\":\"https:\/\/exceladvisor.org\/es\/\",\"name\":\"Excel Advisor\",\"description\":\"Su gu\u00eda para la dominaci\u00f3n de datos!\",\"publisher\":{\"@id\":\"https:\/\/exceladvisor.org\/es\/#organization\"},\"potentialAction\":[{\"@type\":\"SearchAction\",\"target\":{\"@type\":\"EntryPoint\",\"urlTemplate\":\"https:\/\/exceladvisor.org\/es\/?s={search_term_string}\"},\"query-input\":{\"@type\":\"PropertyValueSpecification\",\"valueRequired\":true,\"valueName\":\"search_term_string\"}}],\"inLanguage\":\"es\"},{\"@type\":\"Organization\",\"@id\":\"https:\/\/exceladvisor.org\/es\/#organization\",\"name\":\"Excel Advisor\",\"url\":\"https:\/\/exceladvisor.org\/es\/\",\"logo\":{\"@type\":\"ImageObject\",\"inLanguage\":\"es\",\"@id\":\"https:\/\/exceladvisor.org\/es\/#\/schema\/logo\/image\/\",\"url\":\"https:\/\/exceladvisor.org\/es\/wp-content\/uploads\/2023\/12\/exceladvisor.org_.png\",\"contentUrl\":\"https:\/\/exceladvisor.org\/es\/wp-content\/uploads\/2023\/12\/exceladvisor.org_.png\",\"width\":105,\"height\":36,\"caption\":\"Excel Advisor\"},\"image\":{\"@id\":\"https:\/\/exceladvisor.org\/es\/#\/schema\/logo\/image\/\"}}]}<\/script>\n<!-- \/ Yoast SEO plugin. -->","yoast_head_json":{"title":"\u00bfc\u00f3mo combinar fecha y hora en excel?","robots":{"index":"index","follow":"follow","max-snippet":"max-snippet:-1","max-image-preview":"max-image-preview:large","max-video-preview":"max-video-preview:-1"},"canonical":"https:\/\/exceladvisor.org\/es\/combinar-fecha-y-hora\/","og_locale":"es_ES","og_type":"article","og_title":"\u00bfc\u00f3mo combinar fecha y hora en excel?","og_description":"Excel almacena una fecha como un n\u00famero y la hora como un decimal. Puede combinar la fecha y la hora si lo desea y mostrar ambas en una sola celda. En este tutorial, aprender\u00e1 dos m\u00e9todos f\u00e1ciles de seguir: Utilice Ampersand para combinar datos y tiempo. Usando la funci\u00f3n TEXTO para concatenar los dos. Agregado [&hellip;]","og_url":"https:\/\/exceladvisor.org\/es\/combinar-fecha-y-hora\/","og_site_name":"Excel Advisor","article_modified_time":"2023-12-25T10:24:13+00:00","og_image":[{"url":"https:\/\/exceladvisor.org\/wp-content\/uploads\/2023\/08\/1-combiner-date-et-heure.png","type":"","width":"","height":""}],"twitter_card":"summary_large_image","twitter_misc":{"Tiempo de lectura":"2 minutos"},"schema":{"@context":"https:\/\/schema.org","@graph":[{"@type":"WebPage","@id":"https:\/\/exceladvisor.org\/es\/combinar-fecha-y-hora\/","url":"https:\/\/exceladvisor.org\/es\/combinar-fecha-y-hora\/","name":"\u00bfc\u00f3mo combinar fecha y hora en excel?","isPartOf":{"@id":"https:\/\/exceladvisor.org\/es\/#website"},"primaryImageOfPage":{"@id":"https:\/\/exceladvisor.org\/es\/combinar-fecha-y-hora\/#primaryimage"},"image":{"@id":"https:\/\/exceladvisor.org\/es\/combinar-fecha-y-hora\/#primaryimage"},"thumbnailUrl":"https:\/\/exceladvisor.org\/wp-content\/uploads\/2023\/08\/1-combiner-date-et-heure.png","datePublished":"2023-10-30T22:32:19+00:00","dateModified":"2023-12-25T10:24:13+00:00","breadcrumb":{"@id":"https:\/\/exceladvisor.org\/es\/combinar-fecha-y-hora\/#breadcrumb"},"inLanguage":"es","potentialAction":[{"@type":"ReadAction","target":["https:\/\/exceladvisor.org\/es\/combinar-fecha-y-hora\/"]}]},{"@type":"ImageObject","inLanguage":"es","@id":"https:\/\/exceladvisor.org\/es\/combinar-fecha-y-hora\/#primaryimage","url":"https:\/\/exceladvisor.org\/wp-content\/uploads\/2023\/08\/1-combiner-date-et-heure.png","contentUrl":"https:\/\/exceladvisor.org\/wp-content\/uploads\/2023\/08\/1-combiner-date-et-heure.png"},{"@type":"BreadcrumbList","@id":"https:\/\/exceladvisor.org\/es\/combinar-fecha-y-hora\/#breadcrumb","itemListElement":[{"@type":"ListItem","position":1,"name":"Hogar","item":"https:\/\/exceladvisor.org\/es\/"},{"@type":"ListItem","position":2,"name":"\u00bfc\u00f3mo combinar fecha y hora en excel?"}]},{"@type":"WebSite","@id":"https:\/\/exceladvisor.org\/es\/#website","url":"https:\/\/exceladvisor.org\/es\/","name":"Excel Advisor","description":"Su gu\u00eda para la dominaci\u00f3n de datos!","publisher":{"@id":"https:\/\/exceladvisor.org\/es\/#organization"},"potentialAction":[{"@type":"SearchAction","target":{"@type":"EntryPoint","urlTemplate":"https:\/\/exceladvisor.org\/es\/?s={search_term_string}"},"query-input":{"@type":"PropertyValueSpecification","valueRequired":true,"valueName":"search_term_string"}}],"inLanguage":"es"},{"@type":"Organization","@id":"https:\/\/exceladvisor.org\/es\/#organization","name":"Excel Advisor","url":"https:\/\/exceladvisor.org\/es\/","logo":{"@type":"ImageObject","inLanguage":"es","@id":"https:\/\/exceladvisor.org\/es\/#\/schema\/logo\/image\/","url":"https:\/\/exceladvisor.org\/es\/wp-content\/uploads\/2023\/12\/exceladvisor.org_.png","contentUrl":"https:\/\/exceladvisor.org\/es\/wp-content\/uploads\/2023\/12\/exceladvisor.org_.png","width":105,"height":36,"caption":"Excel Advisor"},"image":{"@id":"https:\/\/exceladvisor.org\/es\/#\/schema\/logo\/image\/"}}]}},"yoast_meta":{"yoast_wpseo_title":"","yoast_wpseo_metadesc":"","yoast_wpseo_canonical":""},"_links":{"self":[{"href":"https:\/\/exceladvisor.org\/es\/wp-json\/wp\/v2\/pages\/387","targetHints":{"allow":["GET"]}}],"collection":[{"href":"https:\/\/exceladvisor.org\/es\/wp-json\/wp\/v2\/pages"}],"about":[{"href":"https:\/\/exceladvisor.org\/es\/wp-json\/wp\/v2\/types\/page"}],"author":[{"embeddable":true,"href":"https:\/\/exceladvisor.org\/es\/wp-json\/wp\/v2\/users\/1"}],"replies":[{"embeddable":true,"href":"https:\/\/exceladvisor.org\/es\/wp-json\/wp\/v2\/comments?post=387"}],"version-history":[{"count":1,"href":"https:\/\/exceladvisor.org\/es\/wp-json\/wp\/v2\/pages\/387\/revisions"}],"predecessor-version":[{"id":911,"href":"https:\/\/exceladvisor.org\/es\/wp-json\/wp\/v2\/pages\/387\/revisions\/911"}],"wp:attachment":[{"href":"https:\/\/exceladvisor.org\/es\/wp-json\/wp\/v2\/media?parent=387"}],"curies":[{"name":"wp","href":"https:\/\/api.w.org\/{rel}","templated":true}]}}