{"id":389,"date":"2023-10-30T19:02:43","date_gmt":"2023-10-30T19:02:43","guid":{"rendered":"https:\/\/exceladvisor.org\/es\/juegos-de-iconos\/"},"modified":"2023-12-25T10:27:56","modified_gmt":"2023-12-25T10:27:56","slug":"juegos-de-iconos","status":"publish","type":"page","link":"https:\/\/exceladvisor.org\/es\/juegos-de-iconos\/","title":{"rendered":"\u00bfc\u00f3mo utilizar conjuntos de iconos en excel?"},"content":{"rendered":"<div class=\"excel-antes-del-contenido\" id=\"excel-1545782070\"><script type=\"text\/javascript\">\r\n\tatOptions = {\r\n\t\t'key' : 'c1158f160081d6540a8409e6925dab94',\r\n\t\t'format' : 'iframe',\r\n\t\t'height' : 250,\r\n\t\t'width' : 300,\r\n\t\t'params' : {}\r\n\t};\r\n<\/script>\r\n<script type=\"text\/javascript\" src=\"\/\/www.highperformanceformat.com\/c1158f160081d6540a8409e6925dab94\/invoke.js\"><\/script><\/div><p>En el formato condicional de Excel, existen conjuntos de iconos que puede aplicar a los datos. Estos conjuntos de iconos ayudan a medir qu\u00e9 valor es el m\u00e1s bajo, el m\u00e1s alto o el promedio. <\/p>\n<div class=\"wp-block-image\">\n<figure class=\"aligncenter size-full is-resized\"><img loading=\"lazy\" decoding=\"async\" class=\"wp-image-75179\" src=\"https:\/\/exceladvisor.org\/wp-content\/uploads\/2023\/08\/1-jeux-dicones-dans-excel.png\" sizes=\"auto, \" srcset=\"\" alt=\"conjuntos de iconos en excel\" width=\"211\" height=\"485\"><\/figure>\n<\/div>\n<p> Hay un total de 20 conjuntos de iconos predefinidos en cuatro categor\u00edas que puedes aplicar a los datos.<\/p>\n<p> <a href=\"https:\/\/exceladvisor.org\/es\/atajos-de-teclado\/\"><em>Atajo de teclado<\/em><\/a> <em>para abrir conjuntos de iconos: Alt<\/em> <em>\u21e2 H<\/em> <em>\u21e2 L<\/em> <em>\u21e2 I<\/em><\/p>\n<h2 class=\"wp-block-heading\"> Aplicar conjuntos de iconos a los datos<\/h2>\n<ol type=\"1\">\n<li> En primer lugar, selecciona los datos y ve a la pesta\u00f1a de inicio.<\/li>\n<li> En la pesta\u00f1a Inicio, haga clic en el men\u00fa desplegable Formato condicional.<\/li>\n<li> Despu\u00e9s de eso, vaya a la opci\u00f3n \u00abConjuntos de iconos\u00bb.<\/li>\n<li> Al final, seleccione el conjunto de iconos que desea aplicar a los datos seleccionados. <\/li>\n<\/ol>\n<div class=\"wp-block-image\">\n<figure class=\"aligncenter size-full is-resized\"><img loading=\"lazy\" decoding=\"async\" class=\"wp-image-75180\" src=\"https:\/\/exceladvisor.org\/wp-content\/uploads\/2023\/08\/2-jeux-dicones-de-mise-en-forme-conditionnelle.png\" sizes=\"auto, \" srcset=\"\" alt=\"conjuntos de iconos de formato condicional\" width=\"578\" height=\"507\"><\/figure>\n<\/div>\n<h2 class=\"wp-block-heading\"> Reglas personalizadas para aplicar conjuntos de iconos<\/h2>\n<p> Cuando aplica conjuntos de iconos a los datos, Excel crea autom\u00e1ticamente una regla para aplicar. Decide qu\u00e9 valores son el m\u00e1s bajo, el m\u00e1s alto y el medio. Pero puedes decidirlos t\u00fa mismo si quieres. Abra conjuntos de iconos y haga clic en m\u00e1s reglas. <\/p>\n<div class=\"wp-block-image\">\n<figure class=\"aligncenter size-full is-resized\"><img loading=\"lazy\" decoding=\"async\" class=\"wp-image-75181\" src=\"https:\/\/exceladvisor.org\/wp-content\/uploads\/2023\/08\/3-regles-personnalisees-pour-appliquer-des-jeux-dicones.png\" sizes=\"auto, \" srcset=\"\" alt=\"conjuntos de iconos de reglas personalizadas para aplicar\" width=\"216\" height=\"496\"><\/figure>\n<\/div>\n<p> Esto abrir\u00e1 el cuadro de di\u00e1logo de la nueva regla de formato (atajo de teclado para abrir conjuntos de iconos: Alt \u21e2 H \u21e2 L \u21e2 I \u21e2 M). <\/p>\n<div class=\"wp-block-image\">\n<figure class=\"aligncenter size-full is-resized\"><img loading=\"lazy\" decoding=\"async\" class=\"wp-image-75182\" src=\"https:\/\/exceladvisor.org\/wp-content\/uploads\/2023\/08\/4-nouvelle-boite-de-dialogue-de-regle-de-formatage.png\" sizes=\"auto, \" srcset=\"\" alt=\"nuevo-di\u00e1logo-de-regla-de-formato\" width=\"558\" height=\"511\"><\/figure>\n<\/div>\n<p> De forma predeterminada, tiene el tipo de reglas basadas en porcentaje. <\/p>\n<div class=\"wp-block-image\">\n<figure class=\"aligncenter size-full is-resized\"><img loading=\"lazy\" decoding=\"async\" class=\"wp-image-75183\" src=\"https:\/\/exceladvisor.org\/wp-content\/uploads\/2023\/08\/5-regles-basees-sur-le-pourcentage.png\" sizes=\"auto, \" srcset=\"\" alt=\"reglas basadas en porcentajes\" width=\"610\" height=\"309\"><\/figure>\n<\/div>\n<p> Pero hay cuatro formas diferentes de aplicar una regla a un conjunto de iconos. <\/p>\n<div class=\"wp-block-image\">\n<figure class=\"aligncenter size-full is-resized\"><img loading=\"lazy\" decoding=\"async\" class=\"wp-image-75184\" src=\"https:\/\/exceladvisor.org\/wp-content\/uploads\/2023\/08\/6-quatre-facons-dappliquer-le-jeu-dicones.png\" sizes=\"auto, \" srcset=\"\" alt=\"conjunto de iconos con cuatro formas de aplicar\" width=\"349\" height=\"171\"><\/figure>\n<\/div>\n<h2 class=\"wp-block-heading\"> Utilice un rango de n\u00fameros personalizado para aplicar conjuntos de iconos<\/h2>\n<p> En el siguiente ejemplo, utilizamos un rango de n\u00fameros personalizado: <\/p>\n<div class=\"wp-block-image\">\n<figure class=\"aligncenter size-full is-resized\"><img loading=\"lazy\" decoding=\"async\" class=\"wp-image-75185\" src=\"https:\/\/exceladvisor.org\/wp-content\/uploads\/2023\/08\/7-plages-de-numeros-personnalisees.png\" sizes=\"auto, \" srcset=\"\" alt=\"rango de n\u00fameros personalizados\" width=\"659\" height=\"502\"><\/figure>\n<\/div>\n<ol type=\"1\">\n<li> Icono de flecha verde hacia arriba para valores mayores e iguales a 1500.<\/li>\n<li> Icono de barra amarilla para valores entre 1500 y 1000.<\/li>\n<li> Icono de barra roja para valores inferiores a 1000.<\/li>\n<\/ol>\n<h2 class=\"wp-block-heading\"> Aplicar conjuntos de iconos basados en f\u00f3rmulas (el valor depende de otra celda)<\/h2>\n<p> En el siguiente ejemplo, hemos aplicado conjuntos de iconos basados en valores basados en las celdas C2 y C3. Y en el tipo usamos una f\u00f3rmula. <\/p>\n<div class=\"wp-block-image\">\n<figure class=\"aligncenter size-full is-resized\"><img loading=\"lazy\" decoding=\"async\" class=\"wp-image-75186\" src=\"https:\/\/exceladvisor.org\/wp-content\/uploads\/2023\/08\/8-appliquer-des-jeux-dicones-bases-sur-la-formule.png\" sizes=\"auto, \" srcset=\"\" alt=\"aplicar conjuntos de iconos basados en f\u00f3rmulas\" width=\"687\" height=\"483\"><\/figure>\n<\/div>\n<p> Y cuando cambia un valor de ambas celdas, los conjuntos de iconos tambi\u00e9n cambiar\u00e1n en los datos. <\/p>\n<div class=\"wp-block-image\">\n<figure class=\"aligncenter size-full is-resized\"><img loading=\"lazy\" decoding=\"async\" class=\"wp-image-75187\" src=\"https:\/\/exceladvisor.org\/wp-content\/uploads\/2023\/08\/9-jeux-dicones-de-changement-avec-changement-de-valeur.png\" sizes=\"auto, \" srcset=\"\" alt=\"cambiar-conjunto-de-iconos-con-cambio-de-valor\" width=\"395\" height=\"342\"><\/figure>\n<\/div>\n<h2 class=\"wp-block-heading\"> Otras opciones con conjuntos de iconos<\/h2>\n<ol type=\"1\">\n<li> <strong>Orden inverso de los iconos<\/strong> : al aplicar el formato de los iconos, puede cambiar el orden de los iconos al rev\u00e9s. Entonces el \u00edcono del valor m\u00e1s alto se mover\u00e1 al valor m\u00e1s bajo.<\/li>\n<li> <strong>Mostrar solo \u00edcono<\/strong> : cuando marca esta opci\u00f3n, ocultar\u00e1 los valores del rango y solo mostrar\u00e1 los \u00edconos que tiene.<\/li>\n<li> <strong>Estilo de icono<\/strong> : puede cambiar el estilo del icono. Como sabes, tenemos 20 estilos diferentes para aplicar.<\/li>\n<li> <strong>Diferentes iconos para cada valor<\/strong> : Puedes elegir un icono diferente para cada valor. Un \u00edcono diferente para valores medios, bajos y altos. <\/li>\n<\/ol>\n<div class=\"wp-block-image\">\n<figure class=\"aligncenter size-full is-resized\"><img loading=\"lazy\" decoding=\"async\" class=\"wp-image-75188\" src=\"https:\/\/exceladvisor.org\/wp-content\/uploads\/2023\/08\/10-autres-options-avec-jeux-dicones.png\" sizes=\"auto, \" srcset=\"\" alt=\"otras-opciones-con-conjuntos-de-iconos\" width=\"597\" height=\"333\"><\/figure>\n<\/div>\n<h2 class=\"wp-block-heading\"> Conjuntos de iconos en Excel Mac<\/h2>\n<p> Si est\u00e1s usando Excel para Mac, bueno, todas las opciones son iguales, al igual que Windows. Los pasos anteriores tambi\u00e9n le ayudar\u00e1n a aplicarle conjuntos de iconos. <\/p>\n<div class=\"wp-block-image\">\n<figure class=\"aligncenter size-full is-resized\"><img loading=\"lazy\" decoding=\"async\" class=\"wp-image-75189\" src=\"https:\/\/exceladvisor.org\/wp-content\/uploads\/2023\/08\/11-jeux-dicones-sur-mac.png\" sizes=\"auto, \" srcset=\"\" alt=\"conjuntos de iconos en mac\" width=\"439\" height=\"502\"><\/figure>\n<\/div>\n<div class=\"gb-container gb-container-4db6181c gb-container-mt\"> <a class=\"gb-button gb-button-c5897111 gb-button-text gb-button-mt-button\" href=\"https:\/\/exceladvisor.org\/es\/avance-de-excel\/\">Tutoriales avanzados de Excel<\/a><\/p>\n<h2 class=\"gb-headline gb-headline-665e5f6b gb-headline-text gb-headline-mt-heading\"> Tutoriales relacionados <\/h2>\n<div class=\"gb-grid-wrapper gb-grid-wrapper-a20baf7c gb-grid-wrapper-mt-grid\">\n<div class=\"gb-grid-column gb-grid-column-65ddf67e\">\n<div class=\"gb-container gb-container-65ddf67e\">\n<ul>\n<li> <a href=\"https:\/\/exceladvisor.org\/es\/formulas-1\/\" data-wpil=\"url\">F\u00f3rmulas en formato condicional<\/a><\/li>\n<li> <a href=\"https:\/\/exceladvisor.org\/es\/auto-formato\/\">Opci\u00f3n de formato autom\u00e1tico en Excel<\/a><\/li>\n<li> <a href=\"https:\/\/exceladvisor.org\/es\/resaltar-lineas-alternas\/\">Resalte filas alternativas en Excel con muestra de color<\/a> <\/li>\n<\/ul>\n<\/div>\n<\/div>\n<div class=\"gb-grid-column gb-grid-column-50067b57\">\n<div class=\"gb-container gb-container-50067b57\"><\/div>\n<\/div>\n<\/div>\n<\/div>\n","protected":false},"excerpt":{"rendered":"<p>En el formato condicional de Excel, existen conjuntos de iconos que puede aplicar a los datos. Estos conjuntos de iconos ayudan a medir qu\u00e9 valor es el m\u00e1s bajo, el m\u00e1s alto o el promedio. Hay un total de 20 conjuntos de iconos predefinidos en cuatro categor\u00edas que puedes aplicar a los datos. Atajo de [&hellip;]<\/p>\n","protected":false},"author":1,"featured_media":0,"parent":0,"menu_order":0,"comment_status":"open","ping_status":"closed","template":"","meta":{"ub_ctt_via":"","footnotes":""},"class_list":["post-389","page","type-page","status-publish","hentry"],"featured_image_src":null,"yoast_head":"<!-- This site is optimized with the Yoast SEO plugin v25.4 - https:\/\/yoast.com\/wordpress\/plugins\/seo\/ -->\n<title>\u00bfc\u00f3mo utilizar conjuntos de iconos en excel?<\/title>\n<meta name=\"robots\" content=\"index, follow, max-snippet:-1, max-image-preview:large, max-video-preview:-1\" \/>\n<link rel=\"canonical\" href=\"https:\/\/exceladvisor.org\/es\/juegos-de-iconos\/\" \/>\n<meta property=\"og:locale\" content=\"es_ES\" \/>\n<meta property=\"og:type\" content=\"article\" \/>\n<meta property=\"og:title\" content=\"\u00bfc\u00f3mo utilizar conjuntos de iconos en excel?\" \/>\n<meta property=\"og:description\" content=\"En el formato condicional de Excel, existen conjuntos de iconos que puede aplicar a los datos. Estos conjuntos de iconos ayudan a medir qu\u00e9 valor es el m\u00e1s bajo, el m\u00e1s alto o el promedio. Hay un total de 20 conjuntos de iconos predefinidos en cuatro categor\u00edas que puedes aplicar a los datos. Atajo de [&hellip;]\" \/>\n<meta property=\"og:url\" content=\"https:\/\/exceladvisor.org\/es\/juegos-de-iconos\/\" \/>\n<meta property=\"og:site_name\" content=\"Excel Advisor\" \/>\n<meta property=\"article:modified_time\" content=\"2023-12-25T10:27:56+00:00\" \/>\n<meta property=\"og:image\" content=\"https:\/\/exceladvisor.org\/wp-content\/uploads\/2023\/08\/1-jeux-dicones-dans-excel.png\" \/>\n<meta name=\"twitter:card\" content=\"summary_large_image\" \/>\n<meta name=\"twitter:label1\" content=\"Tiempo de lectura\" \/>\n\t<meta name=\"twitter:data1\" content=\"3 minutos\" \/>\n<script type=\"application\/ld+json\" class=\"yoast-schema-graph\">{\"@context\":\"https:\/\/schema.org\",\"@graph\":[{\"@type\":\"WebPage\",\"@id\":\"https:\/\/exceladvisor.org\/es\/juegos-de-iconos\/\",\"url\":\"https:\/\/exceladvisor.org\/es\/juegos-de-iconos\/\",\"name\":\"\u00bfc\u00f3mo utilizar conjuntos de iconos en excel?\",\"isPartOf\":{\"@id\":\"https:\/\/exceladvisor.org\/es\/#website\"},\"primaryImageOfPage\":{\"@id\":\"https:\/\/exceladvisor.org\/es\/juegos-de-iconos\/#primaryimage\"},\"image\":{\"@id\":\"https:\/\/exceladvisor.org\/es\/juegos-de-iconos\/#primaryimage\"},\"thumbnailUrl\":\"https:\/\/exceladvisor.org\/wp-content\/uploads\/2023\/08\/1-jeux-dicones-dans-excel.png\",\"datePublished\":\"2023-10-30T19:02:43+00:00\",\"dateModified\":\"2023-12-25T10:27:56+00:00\",\"breadcrumb\":{\"@id\":\"https:\/\/exceladvisor.org\/es\/juegos-de-iconos\/#breadcrumb\"},\"inLanguage\":\"es\",\"potentialAction\":[{\"@type\":\"ReadAction\",\"target\":[\"https:\/\/exceladvisor.org\/es\/juegos-de-iconos\/\"]}]},{\"@type\":\"ImageObject\",\"inLanguage\":\"es\",\"@id\":\"https:\/\/exceladvisor.org\/es\/juegos-de-iconos\/#primaryimage\",\"url\":\"https:\/\/exceladvisor.org\/wp-content\/uploads\/2023\/08\/1-jeux-dicones-dans-excel.png\",\"contentUrl\":\"https:\/\/exceladvisor.org\/wp-content\/uploads\/2023\/08\/1-jeux-dicones-dans-excel.png\"},{\"@type\":\"BreadcrumbList\",\"@id\":\"https:\/\/exceladvisor.org\/es\/juegos-de-iconos\/#breadcrumb\",\"itemListElement\":[{\"@type\":\"ListItem\",\"position\":1,\"name\":\"Hogar\",\"item\":\"https:\/\/exceladvisor.org\/es\/\"},{\"@type\":\"ListItem\",\"position\":2,\"name\":\"\u00bfc\u00f3mo utilizar conjuntos de iconos en excel?\"}]},{\"@type\":\"WebSite\",\"@id\":\"https:\/\/exceladvisor.org\/es\/#website\",\"url\":\"https:\/\/exceladvisor.org\/es\/\",\"name\":\"Excel Advisor\",\"description\":\"Su gu\u00eda para la dominaci\u00f3n de datos!\",\"publisher\":{\"@id\":\"https:\/\/exceladvisor.org\/es\/#organization\"},\"potentialAction\":[{\"@type\":\"SearchAction\",\"target\":{\"@type\":\"EntryPoint\",\"urlTemplate\":\"https:\/\/exceladvisor.org\/es\/?s={search_term_string}\"},\"query-input\":{\"@type\":\"PropertyValueSpecification\",\"valueRequired\":true,\"valueName\":\"search_term_string\"}}],\"inLanguage\":\"es\"},{\"@type\":\"Organization\",\"@id\":\"https:\/\/exceladvisor.org\/es\/#organization\",\"name\":\"Excel Advisor\",\"url\":\"https:\/\/exceladvisor.org\/es\/\",\"logo\":{\"@type\":\"ImageObject\",\"inLanguage\":\"es\",\"@id\":\"https:\/\/exceladvisor.org\/es\/#\/schema\/logo\/image\/\",\"url\":\"https:\/\/exceladvisor.org\/es\/wp-content\/uploads\/2023\/12\/exceladvisor.org_.png\",\"contentUrl\":\"https:\/\/exceladvisor.org\/es\/wp-content\/uploads\/2023\/12\/exceladvisor.org_.png\",\"width\":105,\"height\":36,\"caption\":\"Excel Advisor\"},\"image\":{\"@id\":\"https:\/\/exceladvisor.org\/es\/#\/schema\/logo\/image\/\"}}]}<\/script>\n<!-- \/ Yoast SEO plugin. -->","yoast_head_json":{"title":"\u00bfc\u00f3mo utilizar conjuntos de iconos en excel?","robots":{"index":"index","follow":"follow","max-snippet":"max-snippet:-1","max-image-preview":"max-image-preview:large","max-video-preview":"max-video-preview:-1"},"canonical":"https:\/\/exceladvisor.org\/es\/juegos-de-iconos\/","og_locale":"es_ES","og_type":"article","og_title":"\u00bfc\u00f3mo utilizar conjuntos de iconos en excel?","og_description":"En el formato condicional de Excel, existen conjuntos de iconos que puede aplicar a los datos. Estos conjuntos de iconos ayudan a medir qu\u00e9 valor es el m\u00e1s bajo, el m\u00e1s alto o el promedio. Hay un total de 20 conjuntos de iconos predefinidos en cuatro categor\u00edas que puedes aplicar a los datos. Atajo de [&hellip;]","og_url":"https:\/\/exceladvisor.org\/es\/juegos-de-iconos\/","og_site_name":"Excel Advisor","article_modified_time":"2023-12-25T10:27:56+00:00","og_image":[{"url":"https:\/\/exceladvisor.org\/wp-content\/uploads\/2023\/08\/1-jeux-dicones-dans-excel.png","type":"","width":"","height":""}],"twitter_card":"summary_large_image","twitter_misc":{"Tiempo de lectura":"3 minutos"},"schema":{"@context":"https:\/\/schema.org","@graph":[{"@type":"WebPage","@id":"https:\/\/exceladvisor.org\/es\/juegos-de-iconos\/","url":"https:\/\/exceladvisor.org\/es\/juegos-de-iconos\/","name":"\u00bfc\u00f3mo utilizar conjuntos de iconos en excel?","isPartOf":{"@id":"https:\/\/exceladvisor.org\/es\/#website"},"primaryImageOfPage":{"@id":"https:\/\/exceladvisor.org\/es\/juegos-de-iconos\/#primaryimage"},"image":{"@id":"https:\/\/exceladvisor.org\/es\/juegos-de-iconos\/#primaryimage"},"thumbnailUrl":"https:\/\/exceladvisor.org\/wp-content\/uploads\/2023\/08\/1-jeux-dicones-dans-excel.png","datePublished":"2023-10-30T19:02:43+00:00","dateModified":"2023-12-25T10:27:56+00:00","breadcrumb":{"@id":"https:\/\/exceladvisor.org\/es\/juegos-de-iconos\/#breadcrumb"},"inLanguage":"es","potentialAction":[{"@type":"ReadAction","target":["https:\/\/exceladvisor.org\/es\/juegos-de-iconos\/"]}]},{"@type":"ImageObject","inLanguage":"es","@id":"https:\/\/exceladvisor.org\/es\/juegos-de-iconos\/#primaryimage","url":"https:\/\/exceladvisor.org\/wp-content\/uploads\/2023\/08\/1-jeux-dicones-dans-excel.png","contentUrl":"https:\/\/exceladvisor.org\/wp-content\/uploads\/2023\/08\/1-jeux-dicones-dans-excel.png"},{"@type":"BreadcrumbList","@id":"https:\/\/exceladvisor.org\/es\/juegos-de-iconos\/#breadcrumb","itemListElement":[{"@type":"ListItem","position":1,"name":"Hogar","item":"https:\/\/exceladvisor.org\/es\/"},{"@type":"ListItem","position":2,"name":"\u00bfc\u00f3mo utilizar conjuntos de iconos en excel?"}]},{"@type":"WebSite","@id":"https:\/\/exceladvisor.org\/es\/#website","url":"https:\/\/exceladvisor.org\/es\/","name":"Excel Advisor","description":"Su gu\u00eda para la dominaci\u00f3n de datos!","publisher":{"@id":"https:\/\/exceladvisor.org\/es\/#organization"},"potentialAction":[{"@type":"SearchAction","target":{"@type":"EntryPoint","urlTemplate":"https:\/\/exceladvisor.org\/es\/?s={search_term_string}"},"query-input":{"@type":"PropertyValueSpecification","valueRequired":true,"valueName":"search_term_string"}}],"inLanguage":"es"},{"@type":"Organization","@id":"https:\/\/exceladvisor.org\/es\/#organization","name":"Excel Advisor","url":"https:\/\/exceladvisor.org\/es\/","logo":{"@type":"ImageObject","inLanguage":"es","@id":"https:\/\/exceladvisor.org\/es\/#\/schema\/logo\/image\/","url":"https:\/\/exceladvisor.org\/es\/wp-content\/uploads\/2023\/12\/exceladvisor.org_.png","contentUrl":"https:\/\/exceladvisor.org\/es\/wp-content\/uploads\/2023\/12\/exceladvisor.org_.png","width":105,"height":36,"caption":"Excel Advisor"},"image":{"@id":"https:\/\/exceladvisor.org\/es\/#\/schema\/logo\/image\/"}}]}},"yoast_meta":{"yoast_wpseo_title":"","yoast_wpseo_metadesc":"","yoast_wpseo_canonical":""},"_links":{"self":[{"href":"https:\/\/exceladvisor.org\/es\/wp-json\/wp\/v2\/pages\/389","targetHints":{"allow":["GET"]}}],"collection":[{"href":"https:\/\/exceladvisor.org\/es\/wp-json\/wp\/v2\/pages"}],"about":[{"href":"https:\/\/exceladvisor.org\/es\/wp-json\/wp\/v2\/types\/page"}],"author":[{"embeddable":true,"href":"https:\/\/exceladvisor.org\/es\/wp-json\/wp\/v2\/users\/1"}],"replies":[{"embeddable":true,"href":"https:\/\/exceladvisor.org\/es\/wp-json\/wp\/v2\/comments?post=389"}],"version-history":[{"count":1,"href":"https:\/\/exceladvisor.org\/es\/wp-json\/wp\/v2\/pages\/389\/revisions"}],"predecessor-version":[{"id":1248,"href":"https:\/\/exceladvisor.org\/es\/wp-json\/wp\/v2\/pages\/389\/revisions\/1248"}],"wp:attachment":[{"href":"https:\/\/exceladvisor.org\/es\/wp-json\/wp\/v2\/media?parent=389"}],"curies":[{"name":"wp","href":"https:\/\/api.w.org\/{rel}","templated":true}]}}