{"id":390,"date":"2023-10-30T18:56:26","date_gmt":"2023-10-30T18:56:26","guid":{"rendered":"https:\/\/exceladvisor.org\/es\/retirar\/"},"modified":"2023-12-25T10:24:54","modified_gmt":"2023-12-25T10:24:54","slug":"retirar","status":"publish","type":"page","link":"https:\/\/exceladvisor.org\/es\/retirar\/","title":{"rendered":"\u00bfc\u00f3mo eliminar el formato condicional en excel?"},"content":{"rendered":"<div class=\"excel-antes-del-contenido\" id=\"excel-1103640427\"><script type=\"text\/javascript\">\r\n\tatOptions = {\r\n\t\t'key' : 'c1158f160081d6540a8409e6925dab94',\r\n\t\t'format' : 'iframe',\r\n\t\t'height' : 250,\r\n\t\t'width' : 300,\r\n\t\t'params' : {}\r\n\t};\r\n<\/script>\r\n<script type=\"text\/javascript\" src=\"\/\/www.highperformanceformat.com\/c1158f160081d6540a8409e6925dab94\/invoke.js\"><\/script><\/div><p>Cuando aplicas formato condicional, tambi\u00e9n tienes la opci\u00f3n de eliminarlo con un solo clic. En el siguiente ejemplo, tiene una tabla con formato de escala de colores condicional. <\/p>\n<div class=\"wp-block-image\">\n<figure class=\"aligncenter size-full is-resized\"><img loading=\"lazy\" decoding=\"async\" class=\"wp-image-85901\" src=\"https:\/\/exceladvisor.org\/wp-content\/uploads\/2023\/08\/1-supprimer-la-mise-en-forme-conditionnelle.png\" sizes=\"auto, \" srcset=\"\" alt=\"eliminar el formato condicional\" width=\"549\" height=\"451\"><\/figure>\n<\/div>\n<p> Para eliminar este formato condicional, tiene diferentes m\u00e9todos que puede utilizar seg\u00fan su conveniencia.<\/p>\n<h2 class=\"wp-block-heading\"> Borrar opci\u00f3n para eliminar el formato condicional<\/h2>\n<ol type=\"1\">\n<li> Primero, seleccione toda la tabla.<\/li>\n<li> Vaya a la pesta\u00f1a Inicio.<\/li>\n<li> Y luego, formato condicional.<\/li>\n<li> A continuaci\u00f3n, haga clic en \u00abBorrar reglas\u00bb.<\/li>\n<li> Finalmente, haga clic en \u00abBorrar reglas de las celdas seleccionadas\u00bb. <\/li>\n<\/ol>\n<div class=\"wp-block-image\">\n<figure class=\"aligncenter size-full is-resized\"><img loading=\"lazy\" decoding=\"async\" class=\"wp-image-85902\" src=\"https:\/\/exceladvisor.org\/wp-content\/uploads\/2023\/08\/2-option-claire-pour-supprimer-la-mise-en-forme-conditionnelle.png\" sizes=\"auto, \" srcset=\"\" alt=\"borrar-opci\u00f3n-para-eliminar-formato-condicional\" width=\"648\" height=\"423\"><\/figure>\n<\/div>\n<p> Al hacer clic, se eliminar\u00e1 el formato condicional del rango seleccionado. <\/p>\n<div class=\"wp-block-image\">\n<figure class=\"aligncenter size-full is-resized\"><img loading=\"lazy\" decoding=\"async\" class=\"wp-image-85903\" src=\"https:\/\/exceladvisor.org\/wp-content\/uploads\/2023\/08\/3-mises-en-forme-conditionnelles-supprimees.png\" sizes=\"auto, \" srcset=\"\" alt=\"formato condicional eliminado\" width=\"536\" height=\"387\"><\/figure>\n<\/div>\n<p> Y si desea eliminarlo de toda la hoja, haga clic en \u00abBorrar reglas de toda la hoja\u00bb. <\/p>\n<div class=\"wp-block-image\">\n<figure class=\"aligncenter size-full is-resized\"><img loading=\"lazy\" decoding=\"async\" class=\"wp-image-85904\" src=\"https:\/\/exceladvisor.org\/wp-content\/uploads\/2023\/08\/4-regles-claires-de-la-feuille-entiere.png\" sizes=\"auto, \" srcset=\"\" alt=\"borrar-las-reglas-de-toda-la-hoja\" width=\"466\" height=\"185\"><\/figure>\n<\/div>\n<h2 class=\"wp-block-heading\"> Utilice la opci\u00f3n Administrar reglas para borrar el formato condicional<\/h2>\n<p> Una vez que haya seleccionado el rango donde se aplica el formato condicional, vaya a la pesta\u00f1a Inicio \u21e2 Formato condicional \u21e2 Administrar reglas. <\/p>\n<div class=\"wp-block-image\">\n<figure class=\"aligncenter size-full is-resized\"><img loading=\"lazy\" decoding=\"async\" class=\"wp-image-85905\" src=\"https:\/\/exceladvisor.org\/wp-content\/uploads\/2023\/08\/5-gerer-les-regles-pour-effacer-le-formatage.png\" sizes=\"auto, \" srcset=\"\" alt=\"administrar-reglas-para-borrar-formato\" width=\"237\" height=\"425\"><\/figure>\n<\/div>\n<p> Una vez que haga clic en \u00abAdministrar reglas\u00bb, le mostrar\u00e1 el cuadro de di\u00e1logo a continuaci\u00f3n. <\/p>\n<div class=\"wp-block-image\">\n<figure class=\"aligncenter size-full is-resized\"><img loading=\"lazy\" decoding=\"async\" class=\"wp-image-85906\" src=\"https:\/\/exceladvisor.org\/wp-content\/uploads\/2023\/08\/6-boite-de-dialogue-de-gestion-des-regles.png\" sizes=\"auto, \" srcset=\"\" alt=\"di\u00e1logo de gesti\u00f3n de reglas\" width=\"684\" height=\"248\"><\/figure>\n<\/div>\n<p> Puede seleccionar el formato condicional desde aqu\u00ed y hacer clic en el bot\u00f3n \u00abEliminar regla\u00bb para eliminarlo. <\/p>\n<div class=\"wp-block-image\">\n<figure class=\"aligncenter size-full is-resized\"><img loading=\"lazy\" decoding=\"async\" class=\"wp-image-85907\" src=\"https:\/\/exceladvisor.org\/wp-content\/uploads\/2023\/08\/7-cliquez-sur-le-bouton-supprimer-la-regle.png\" sizes=\"auto, \" srcset=\"\" alt=\"haga clic en el bot\u00f3n eliminar regla\" width=\"514\" height=\"205\"><\/figure>\n<\/div>\n<p> Borrar\u00e1 instant\u00e1neamente el formato condicional de la selecci\u00f3n. Y si lo elimina de toda la hoja de c\u00e1lculo, puede cambiar la selecci\u00f3n del men\u00fa desplegable a \u00abEsta hoja de c\u00e1lculo\u00bb. <\/p>\n<div class=\"wp-block-image\">\n<figure class=\"aligncenter size-full is-resized\"><img loading=\"lazy\" decoding=\"async\" class=\"wp-image-85908\" src=\"https:\/\/exceladvisor.org\/wp-content\/uploads\/2023\/08\/8-formatage-clair-a-partir-de-la-selection.png\" sizes=\"auto, \" srcset=\"\" alt=\"borrar-formato-de-selecci\u00f3n\" width=\"452\" height=\"87\"><\/figure>\n<\/div>\n<h2 class=\"wp-block-heading\"> Usando un atajo de teclado<\/h2>\n<p> Si tiene mucho formato condicional, necesita aprender el acceso directo, que puede ayudarlo a eliminarlo sin usar ninguna opci\u00f3n.<\/p>\n<p> <kbd>Alt<\/kbd> \u21e2 <kbd>H<\/kbd> \u21e2 <kbd>L<\/kbd> \u21e2 <kbd>C<\/kbd> \u21e2 <kbd>S<\/kbd><\/p>\n<p> Este atajo usa la misma opci\u00f3n que usamos en el primer m\u00e9todo, solo que con las teclas del teclado.<\/p>\n<h2 class=\"wp-block-heading\"> Utilice la opci\u00f3n Borrar de la herramienta de escaneo r\u00e1pido<\/h2>\n<p> Cuando selecciona el rango con formato condicional, Excel le muestra la herramienta An\u00e1lisis r\u00e1pido en la parte inferior derecha. Y desde all\u00ed, utiliza la opci\u00f3n \u00abBorrar formato\u00bb para eliminar el formato condicional. <\/p>\n<div class=\"wp-block-image\">\n<figure class=\"aligncenter size-full is-resized\"><img loading=\"lazy\" decoding=\"async\" class=\"wp-image-85909\" src=\"https:\/\/exceladvisor.org\/wp-content\/uploads\/2023\/08\/9-option-claire-de-loutil-danalyse-rapide.png\" sizes=\"auto, \" srcset=\"\" alt=\"opci\u00f3n-clara-de-herramienta-de-an\u00e1lisis-r\u00e1pido\" width=\"716\" height=\"335\"><\/figure>\n<\/div>\n<h2 class=\"wp-block-heading\"> Crear un bot\u00f3n en la barra de herramientas de acceso r\u00e1pido<\/h2>\n<p> Tambi\u00e9n puede agregar un bot\u00f3n en la <a href=\"https:\/\/exceladvisor.org\/es\/barra-de-acceso-rapido\/\">barra de herramientas de acceso r\u00e1pido<\/a> para borrar el formato condicional. Vaya a Archivo \u21e2 <a href=\"https:\/\/exceladvisor.org\/es\/opciones\/\">Opciones de Excel<\/a> \u21e2 Barra de herramientas de acceso r\u00e1pido \u21e2 Elija los comandos de la \u201cPesta\u00f1a Inicio\u201d \u21e2 Seleccione \u201cBorrar reglas de las celdas seleccionadas\u201d \u21e2 Agregar \u21e2 Aceptar. <\/p>\n<div class=\"wp-block-image\">\n<figure class=\"aligncenter size-full is-resized\"><img loading=\"lazy\" decoding=\"async\" class=\"wp-image-85910\" src=\"https:\/\/exceladvisor.org\/wp-content\/uploads\/2023\/08\/10-bouton-creer-sur-la-barre-doutils-dacces-rapide.png\" sizes=\"auto, \" srcset=\"\" alt=\"crear-bot\u00f3n-en-la-barra-de-herramientas-de-acceso-r\u00e1pido\" width=\"672\" height=\"433\"><\/figure>\n<\/div>\n<p> Le dar\u00e1 un bot\u00f3n en la barra de herramientas de acceso r\u00e1pido para borrar el formato condicional con solo un clic.<\/p>\n<h2 class=\"wp-block-heading\"> Borrar todo el formato<\/h2>\n<p> Tambi\u00e9n puedes borrar todo el formato si no tienes nada m\u00e1s que formato condicional. Puedes usar el atajo de teclado:<\/p>\n<p> <kbd>Alt<\/kbd> \u21e2 <kbd>H<\/kbd> \u21e2 <kbd>E<\/kbd> \u21e2 <kbd>F<\/kbd><\/p>\n<p> O puede utilizar la opci\u00f3n borrar formato de la pesta\u00f1a Inicio. <\/p>\n<div class=\"wp-block-image\">\n<figure class=\"aligncenter size-full is-resized\"><img loading=\"lazy\" decoding=\"async\" class=\"wp-image-85911\" src=\"https:\/\/exceladvisor.org\/wp-content\/uploads\/2023\/08\/11-raccourci-pour-supprimer-tout-le-formatage.png\" sizes=\"auto, \" srcset=\"\" alt=\"acceso directo para eliminar todo el formato\" width=\"521\" height=\"385\"><\/figure>\n<\/div>\n<p> Como dije, esto elimina completamente el formato del rango o celda seleccionado. <\/p>\n<div class=\"wp-block-image\">\n<figure class=\"aligncenter size-full is-resized\"><img loading=\"lazy\" decoding=\"async\" class=\"wp-image-85912\" src=\"https:\/\/exceladvisor.org\/wp-content\/uploads\/2023\/08\/12-formatage-entierement-supprime.png\" sizes=\"auto, \" srcset=\"\" alt=\"formato-eliminado-por completo\" width=\"614\" height=\"395\"><\/figure>\n<\/div>\n<p> Entre todos los m\u00e9todos que hemos comentado anteriormente, el mejor es utilizar la opci\u00f3n desplegable Formato condicional de la pesta\u00f1a Inicio, el m\u00e9todo abreviado de teclado y el bot\u00f3n Crear de la barra de herramientas de la pesta\u00f1a Inicio. acceso rapido.<\/p>\n<div class=\"gb-container gb-container-6076ba72 gb-container-mt\"> <a class=\"gb-button gb-button-76e6a499 gb-button-text gb-button-mt-button\" href=\"https:\/\/exceladvisor.org\/es\/conceptos-basicos-de-excel\/\">Aprende los conceptos b\u00e1sicos de Excel<\/a><\/p>\n<h2 class=\"gb-headline gb-headline-a9e9e206 gb-headline-text gb-headline-mt-heading\"> Obtenga m\u00e1s informaci\u00f3n sobre <a href=\"https:\/\/exceladvisor.org\/es\/formato-condicional\/\">el formato condicional<\/a> <\/h2>\n<div class=\"gb-grid-wrapper gb-grid-wrapper-790317cb gb-grid-wrapper-mt-grid\">\n<div class=\"gb-grid-column gb-grid-column-a9845ede\">\n<div class=\"gb-container gb-container-a9845ede\">\n<ul>\n<li> <a href=\"https:\/\/exceladvisor.org\/es\/aplicar-formato-condicional\/\">Aplicar formato condicional a una tabla din\u00e1mica<\/a><\/li>\n<li> <a href=\"https:\/\/exceladvisor.org\/es\/celdas-vacias\/\">Aplicar formato condicional en celdas en blanco en Excel<\/a><\/li>\n<li> <a href=\"https:\/\/exceladvisor.org\/es\/comparar-columnas\/\">Compare dos columnas usando formato condicional<\/a><\/li>\n<li> <a href=\"https:\/\/exceladvisor.org\/es\/otra-celda\/\">Aplicar formato condicional basado en otra celda<\/a><\/li>\n<li> <a href=\"https:\/\/exceladvisor.org\/es\/otra-columna\/\">Aplicar formato condicional basado en otra columna<\/a><\/li>\n<\/ul>\n<\/div>\n<\/div>\n<\/div>\n<\/div>\n","protected":false},"excerpt":{"rendered":"<p>Cuando aplicas formato condicional, tambi\u00e9n tienes la opci\u00f3n de eliminarlo con un solo clic. En el siguiente ejemplo, tiene una tabla con formato de escala de colores condicional. Para eliminar este formato condicional, tiene diferentes m\u00e9todos que puede utilizar seg\u00fan su conveniencia. Borrar opci\u00f3n para eliminar el formato condicional Primero, seleccione toda la tabla. Vaya [&hellip;]<\/p>\n","protected":false},"author":1,"featured_media":0,"parent":0,"menu_order":0,"comment_status":"open","ping_status":"closed","template":"","meta":{"ub_ctt_via":"","footnotes":""},"class_list":["post-390","page","type-page","status-publish","hentry"],"featured_image_src":null,"yoast_head":"<!-- This site is optimized with the Yoast SEO plugin v25.4 - https:\/\/yoast.com\/wordpress\/plugins\/seo\/ -->\n<title>\u00bfc\u00f3mo eliminar el formato condicional en excel?<\/title>\n<meta name=\"robots\" content=\"index, follow, max-snippet:-1, max-image-preview:large, max-video-preview:-1\" \/>\n<link rel=\"canonical\" href=\"https:\/\/exceladvisor.org\/es\/retirar\/\" \/>\n<meta property=\"og:locale\" content=\"es_ES\" \/>\n<meta property=\"og:type\" content=\"article\" \/>\n<meta property=\"og:title\" content=\"\u00bfc\u00f3mo eliminar el formato condicional en excel?\" \/>\n<meta property=\"og:description\" content=\"Cuando aplicas formato condicional, tambi\u00e9n tienes la opci\u00f3n de eliminarlo con un solo clic. En el siguiente ejemplo, tiene una tabla con formato de escala de colores condicional. Para eliminar este formato condicional, tiene diferentes m\u00e9todos que puede utilizar seg\u00fan su conveniencia. Borrar opci\u00f3n para eliminar el formato condicional Primero, seleccione toda la tabla. Vaya [&hellip;]\" \/>\n<meta property=\"og:url\" content=\"https:\/\/exceladvisor.org\/es\/retirar\/\" \/>\n<meta property=\"og:site_name\" content=\"Excel Advisor\" \/>\n<meta property=\"article:modified_time\" content=\"2023-12-25T10:24:54+00:00\" \/>\n<meta property=\"og:image\" content=\"https:\/\/exceladvisor.org\/wp-content\/uploads\/2023\/08\/1-supprimer-la-mise-en-forme-conditionnelle.png\" \/>\n<meta name=\"twitter:card\" content=\"summary_large_image\" \/>\n<meta name=\"twitter:label1\" content=\"Tiempo de lectura\" \/>\n\t<meta name=\"twitter:data1\" content=\"3 minutos\" \/>\n<script type=\"application\/ld+json\" class=\"yoast-schema-graph\">{\"@context\":\"https:\/\/schema.org\",\"@graph\":[{\"@type\":\"WebPage\",\"@id\":\"https:\/\/exceladvisor.org\/es\/retirar\/\",\"url\":\"https:\/\/exceladvisor.org\/es\/retirar\/\",\"name\":\"\u00bfc\u00f3mo eliminar el formato condicional en excel?\",\"isPartOf\":{\"@id\":\"https:\/\/exceladvisor.org\/es\/#website\"},\"primaryImageOfPage\":{\"@id\":\"https:\/\/exceladvisor.org\/es\/retirar\/#primaryimage\"},\"image\":{\"@id\":\"https:\/\/exceladvisor.org\/es\/retirar\/#primaryimage\"},\"thumbnailUrl\":\"https:\/\/exceladvisor.org\/wp-content\/uploads\/2023\/08\/1-supprimer-la-mise-en-forme-conditionnelle.png\",\"datePublished\":\"2023-10-30T18:56:26+00:00\",\"dateModified\":\"2023-12-25T10:24:54+00:00\",\"breadcrumb\":{\"@id\":\"https:\/\/exceladvisor.org\/es\/retirar\/#breadcrumb\"},\"inLanguage\":\"es\",\"potentialAction\":[{\"@type\":\"ReadAction\",\"target\":[\"https:\/\/exceladvisor.org\/es\/retirar\/\"]}]},{\"@type\":\"ImageObject\",\"inLanguage\":\"es\",\"@id\":\"https:\/\/exceladvisor.org\/es\/retirar\/#primaryimage\",\"url\":\"https:\/\/exceladvisor.org\/wp-content\/uploads\/2023\/08\/1-supprimer-la-mise-en-forme-conditionnelle.png\",\"contentUrl\":\"https:\/\/exceladvisor.org\/wp-content\/uploads\/2023\/08\/1-supprimer-la-mise-en-forme-conditionnelle.png\"},{\"@type\":\"BreadcrumbList\",\"@id\":\"https:\/\/exceladvisor.org\/es\/retirar\/#breadcrumb\",\"itemListElement\":[{\"@type\":\"ListItem\",\"position\":1,\"name\":\"Hogar\",\"item\":\"https:\/\/exceladvisor.org\/es\/\"},{\"@type\":\"ListItem\",\"position\":2,\"name\":\"\u00bfc\u00f3mo eliminar el formato condicional en excel?\"}]},{\"@type\":\"WebSite\",\"@id\":\"https:\/\/exceladvisor.org\/es\/#website\",\"url\":\"https:\/\/exceladvisor.org\/es\/\",\"name\":\"Excel Advisor\",\"description\":\"Su gu\u00eda para la dominaci\u00f3n de datos!\",\"publisher\":{\"@id\":\"https:\/\/exceladvisor.org\/es\/#organization\"},\"potentialAction\":[{\"@type\":\"SearchAction\",\"target\":{\"@type\":\"EntryPoint\",\"urlTemplate\":\"https:\/\/exceladvisor.org\/es\/?s={search_term_string}\"},\"query-input\":{\"@type\":\"PropertyValueSpecification\",\"valueRequired\":true,\"valueName\":\"search_term_string\"}}],\"inLanguage\":\"es\"},{\"@type\":\"Organization\",\"@id\":\"https:\/\/exceladvisor.org\/es\/#organization\",\"name\":\"Excel Advisor\",\"url\":\"https:\/\/exceladvisor.org\/es\/\",\"logo\":{\"@type\":\"ImageObject\",\"inLanguage\":\"es\",\"@id\":\"https:\/\/exceladvisor.org\/es\/#\/schema\/logo\/image\/\",\"url\":\"https:\/\/exceladvisor.org\/es\/wp-content\/uploads\/2023\/12\/exceladvisor.org_.png\",\"contentUrl\":\"https:\/\/exceladvisor.org\/es\/wp-content\/uploads\/2023\/12\/exceladvisor.org_.png\",\"width\":105,\"height\":36,\"caption\":\"Excel Advisor\"},\"image\":{\"@id\":\"https:\/\/exceladvisor.org\/es\/#\/schema\/logo\/image\/\"}}]}<\/script>\n<!-- \/ Yoast SEO plugin. -->","yoast_head_json":{"title":"\u00bfc\u00f3mo eliminar el formato condicional en excel?","robots":{"index":"index","follow":"follow","max-snippet":"max-snippet:-1","max-image-preview":"max-image-preview:large","max-video-preview":"max-video-preview:-1"},"canonical":"https:\/\/exceladvisor.org\/es\/retirar\/","og_locale":"es_ES","og_type":"article","og_title":"\u00bfc\u00f3mo eliminar el formato condicional en excel?","og_description":"Cuando aplicas formato condicional, tambi\u00e9n tienes la opci\u00f3n de eliminarlo con un solo clic. En el siguiente ejemplo, tiene una tabla con formato de escala de colores condicional. Para eliminar este formato condicional, tiene diferentes m\u00e9todos que puede utilizar seg\u00fan su conveniencia. Borrar opci\u00f3n para eliminar el formato condicional Primero, seleccione toda la tabla. Vaya [&hellip;]","og_url":"https:\/\/exceladvisor.org\/es\/retirar\/","og_site_name":"Excel Advisor","article_modified_time":"2023-12-25T10:24:54+00:00","og_image":[{"url":"https:\/\/exceladvisor.org\/wp-content\/uploads\/2023\/08\/1-supprimer-la-mise-en-forme-conditionnelle.png","type":"","width":"","height":""}],"twitter_card":"summary_large_image","twitter_misc":{"Tiempo de lectura":"3 minutos"},"schema":{"@context":"https:\/\/schema.org","@graph":[{"@type":"WebPage","@id":"https:\/\/exceladvisor.org\/es\/retirar\/","url":"https:\/\/exceladvisor.org\/es\/retirar\/","name":"\u00bfc\u00f3mo eliminar el formato condicional en excel?","isPartOf":{"@id":"https:\/\/exceladvisor.org\/es\/#website"},"primaryImageOfPage":{"@id":"https:\/\/exceladvisor.org\/es\/retirar\/#primaryimage"},"image":{"@id":"https:\/\/exceladvisor.org\/es\/retirar\/#primaryimage"},"thumbnailUrl":"https:\/\/exceladvisor.org\/wp-content\/uploads\/2023\/08\/1-supprimer-la-mise-en-forme-conditionnelle.png","datePublished":"2023-10-30T18:56:26+00:00","dateModified":"2023-12-25T10:24:54+00:00","breadcrumb":{"@id":"https:\/\/exceladvisor.org\/es\/retirar\/#breadcrumb"},"inLanguage":"es","potentialAction":[{"@type":"ReadAction","target":["https:\/\/exceladvisor.org\/es\/retirar\/"]}]},{"@type":"ImageObject","inLanguage":"es","@id":"https:\/\/exceladvisor.org\/es\/retirar\/#primaryimage","url":"https:\/\/exceladvisor.org\/wp-content\/uploads\/2023\/08\/1-supprimer-la-mise-en-forme-conditionnelle.png","contentUrl":"https:\/\/exceladvisor.org\/wp-content\/uploads\/2023\/08\/1-supprimer-la-mise-en-forme-conditionnelle.png"},{"@type":"BreadcrumbList","@id":"https:\/\/exceladvisor.org\/es\/retirar\/#breadcrumb","itemListElement":[{"@type":"ListItem","position":1,"name":"Hogar","item":"https:\/\/exceladvisor.org\/es\/"},{"@type":"ListItem","position":2,"name":"\u00bfc\u00f3mo eliminar el formato condicional en excel?"}]},{"@type":"WebSite","@id":"https:\/\/exceladvisor.org\/es\/#website","url":"https:\/\/exceladvisor.org\/es\/","name":"Excel Advisor","description":"Su gu\u00eda para la dominaci\u00f3n de datos!","publisher":{"@id":"https:\/\/exceladvisor.org\/es\/#organization"},"potentialAction":[{"@type":"SearchAction","target":{"@type":"EntryPoint","urlTemplate":"https:\/\/exceladvisor.org\/es\/?s={search_term_string}"},"query-input":{"@type":"PropertyValueSpecification","valueRequired":true,"valueName":"search_term_string"}}],"inLanguage":"es"},{"@type":"Organization","@id":"https:\/\/exceladvisor.org\/es\/#organization","name":"Excel Advisor","url":"https:\/\/exceladvisor.org\/es\/","logo":{"@type":"ImageObject","inLanguage":"es","@id":"https:\/\/exceladvisor.org\/es\/#\/schema\/logo\/image\/","url":"https:\/\/exceladvisor.org\/es\/wp-content\/uploads\/2023\/12\/exceladvisor.org_.png","contentUrl":"https:\/\/exceladvisor.org\/es\/wp-content\/uploads\/2023\/12\/exceladvisor.org_.png","width":105,"height":36,"caption":"Excel Advisor"},"image":{"@id":"https:\/\/exceladvisor.org\/es\/#\/schema\/logo\/image\/"}}]}},"yoast_meta":{"yoast_wpseo_title":"","yoast_wpseo_metadesc":"","yoast_wpseo_canonical":""},"_links":{"self":[{"href":"https:\/\/exceladvisor.org\/es\/wp-json\/wp\/v2\/pages\/390","targetHints":{"allow":["GET"]}}],"collection":[{"href":"https:\/\/exceladvisor.org\/es\/wp-json\/wp\/v2\/pages"}],"about":[{"href":"https:\/\/exceladvisor.org\/es\/wp-json\/wp\/v2\/types\/page"}],"author":[{"embeddable":true,"href":"https:\/\/exceladvisor.org\/es\/wp-json\/wp\/v2\/users\/1"}],"replies":[{"embeddable":true,"href":"https:\/\/exceladvisor.org\/es\/wp-json\/wp\/v2\/comments?post=390"}],"version-history":[{"count":1,"href":"https:\/\/exceladvisor.org\/es\/wp-json\/wp\/v2\/pages\/390\/revisions"}],"predecessor-version":[{"id":974,"href":"https:\/\/exceladvisor.org\/es\/wp-json\/wp\/v2\/pages\/390\/revisions\/974"}],"wp:attachment":[{"href":"https:\/\/exceladvisor.org\/es\/wp-json\/wp\/v2\/media?parent=390"}],"curies":[{"name":"wp","href":"https:\/\/api.w.org\/{rel}","templated":true}]}}