{"id":392,"date":"2023-10-30T17:07:44","date_gmt":"2023-10-30T17:07:44","guid":{"rendered":"https:\/\/exceladvisor.org\/es\/copiar\/"},"modified":"2023-12-25T10:24:56","modified_gmt":"2023-12-25T10:24:56","slug":"copiar","status":"publish","type":"page","link":"https:\/\/exceladvisor.org\/es\/copiar\/","title":{"rendered":"\u00bfc\u00f3mo copiar formato condicional en excel?"},"content":{"rendered":"<div class=\"excel-antes-del-contenido\" id=\"excel-1052100706\"><script type=\"text\/javascript\">\r\n\tatOptions = {\r\n\t\t'key' : 'c1158f160081d6540a8409e6925dab94',\r\n\t\t'format' : 'iframe',\r\n\t\t'height' : 250,\r\n\t\t'width' : 300,\r\n\t\t'params' : {}\r\n\t};\r\n<\/script>\r\n<script type=\"text\/javascript\" src=\"\/\/www.highperformanceformat.com\/c1158f160081d6540a8409e6925dab94\/invoke.js\"><\/script><\/div><p>En Excel, la forma m\u00e1s sencilla es utilizar el pintor de formato al copiar y pegar el mismo formato condicional en otra celda o rango de celdas.<\/p>\n<p> Pero aparte de eso, hay otras dos formas que puedes utilizar y en este tutorial veremos todos estos m\u00e9todos para aprender m\u00e1s. <\/p>\n<div class=\"wp-block-image\">\n<figure class=\"aligncenter size-full is-resized\"><img loading=\"lazy\" decoding=\"async\" class=\"wp-image-90510\" src=\"https:\/\/exceladvisor.org\/wp-content\/uploads\/2023\/08\/1-copie-mise-en-forme-conditionnelle.png\" sizes=\"auto, \" srcset=\"\" alt=\"formato condicional en copia\" width=\"428\" height=\"319\"><\/figure>\n<\/div>\n<p> En el ejemplo anterior, tenemos barras de datos aplicadas a la columna de cantidad y ahora debemos copiarlas desde all\u00ed y pegarlas en la columna de cantidad.<\/p>\n<h2 class=\"wp-block-heading\"> Copiar formato condicional con Format Painter<\/h2>\n<ol>\n<li> Primero, seleccione el rango desde el cual desea copiar el formato condicional. <br \/><img loading=\"lazy\" decoding=\"async\" title=\"rango de 2 selecciones\" src=\"https:\/\/exceladvisor.org\/wp-content\/uploads\/2023\/08\/2-selectionner-la-gamme-2.png\" sizes=\"auto, \" srcset=\"\" alt=\"2-select-the-range\" width=\"428\" height=\"344\"><\/li>\n<li> A continuaci\u00f3n, vaya a la pesta\u00f1a Inicio y haga clic en el icono Copiar formato. <br \/><img loading=\"lazy\" decoding=\"async\" title=\"3 clics en el icono del pintor de formato\" src=\"https:\/\/exceladvisor.org\/wp-content\/uploads\/2023\/08\/3-cliquez-sur-licone-du-peintre-de-format.png\" sizes=\"auto, \" srcset=\"\" alt=\"3-click-on-format-painter-icon\" width=\"466\" height=\"297\"><\/li>\n<li> Su cursor se convertir\u00e1 en un pincel una vez que haga clic en el bot\u00f3n Copiar formato. <br \/><img loading=\"lazy\" decoding=\"async\" title=\"4 cursores cambiados a pincel\" src=\"https:\/\/exceladvisor.org\/wp-content\/uploads\/2023\/08\/4-curseur-change-en-pinceau.png\" sizes=\"auto, \" srcset=\"\" alt=\"4-cursor-changed-to-paint-brush\" width=\"508\" height=\"273\"><\/li>\n<li> Ahora seleccione el rango en el que desea pegar el formato condicional. <br \/><img loading=\"lazy\" decoding=\"async\" title=\"Formato condicional de 5 selecciones de rango para pegar\" src=\"https:\/\/exceladvisor.org\/wp-content\/uploads\/2023\/08\/5-selectionnez-la-plage-pour-coller-la-mise-en-forme-conditionnelle.png\" sizes=\"auto, \" srcset=\"\" alt=\"5-select-range-to-paste-conditional-formatting\" width=\"416\" height=\"312\"><\/li>\n<\/ol>\n<p> Si eso es.<\/p>\n<p class=\"qt-tip\"> <strong>Nota:<\/strong> Si desea pegar el formato condicional en varias secciones, puede hacer doble clic en Copiar formato y luego seleccionar varios rangos para aplicar el formato condicional que copi\u00f3.<\/p>\n<h2 class=\"wp-block-heading\"> Copiar formatos (pegado especial) para copiar formato condicional<\/h2>\n<p> Con la opci\u00f3n Pegado especial, puedes copiar y pegar solo formatos de un lugar a otro. Una vez que haya seleccionado el rango desde donde copiar el formato condicional, use la opci\u00f3n de copiar o el m\u00e9todo abreviado de teclado Ctrl + C para copiar. <\/p>\n<div class=\"wp-block-image\">\n<figure class=\"aligncenter size-full is-resized\"><img loading=\"lazy\" decoding=\"async\" class=\"wp-image-90515\" src=\"https:\/\/exceladvisor.org\/wp-content\/uploads\/2023\/08\/6-formats-de-copie.png\" sizes=\"auto, \" srcset=\"\" alt=\"formatos de copia\" width=\"546\" height=\"315\"><\/figure>\n<\/div>\n<p> A continuaci\u00f3n, seleccione el rango donde desea pegar el formato condicional. Despu\u00e9s de eso, abra la opci\u00f3n Pegado especial (Clic derecho &gt; Pegado especial) y haga clic en formatos. <\/p>\n<div class=\"wp-block-image\">\n<figure class=\"aligncenter size-full is-resized\"><img loading=\"lazy\" decoding=\"async\" class=\"wp-image-90516\" src=\"https:\/\/exceladvisor.org\/wp-content\/uploads\/2023\/08\/7-ouvrir-loption-de-pate-speciale.png\" sizes=\"auto, \" srcset=\"\" alt=\"abrir opci\u00f3n de pegado especial\" width=\"638\" height=\"333\"><\/figure>\n<\/div>\n<p> Al final, haga clic en Aceptar. Y en el momento en que hace clic en Aceptar, aplica el formato condicional (que copi\u00f3) al rango seleccionado. <\/p>\n<div class=\"wp-block-image\">\n<figure class=\"aligncenter size-full is-resized\"><img loading=\"lazy\" decoding=\"async\" class=\"wp-image-90517\" src=\"https:\/\/exceladvisor.org\/wp-content\/uploads\/2023\/08\/8-mises-en-forme-conditionnelles-appliquees-a-la-plage-selectionnee.png\" sizes=\"auto, \" srcset=\"\" alt=\"formato condicional aplicado al rango seleccionado\" width=\"494\" height=\"174\"><\/figure>\n<\/div>\n<h2 class=\"wp-block-heading\"> Cree una regla de formato condicional duplicada.<\/h2>\n<p> Si va a Formato condicional &gt; Administrar reglas, puede ver una lista de todo el formato condicional que tiene en el libro.<\/p>\n<p> Una vez que lo abra, seleccione \u00abEste libro\u00bb de la lista desplegable \u00abMostrar reglas de formato para\u00bb. <\/p>\n<div class=\"wp-block-image\">\n<figure class=\"aligncenter size-full is-resized\"><img loading=\"lazy\" decoding=\"async\" class=\"wp-image-90518\" src=\"https:\/\/exceladvisor.org\/wp-content\/uploads\/2023\/08\/9-choisissez-ce-classeur-dans-afficher-les-regles-de-mise-en-forme-pour.png\" sizes=\"auto, \" srcset=\"\" alt=\"elegir-este-libro-en-mostrar-reglas-de-formato-para\" width=\"543\" height=\"227\"><\/figure>\n<\/div>\n<p> Le mostrar\u00e1 todas las reglas del libro de trabajo para el formato condicional. Y luego debes seleccionar el formato que puedes copiar y hacer clic en Duplicar. <\/p>\n<div class=\"wp-block-image\">\n<figure class=\"aligncenter size-full is-resized\"><img loading=\"lazy\" decoding=\"async\" class=\"wp-image-90519\" src=\"https:\/\/exceladvisor.org\/wp-content\/uploads\/2023\/08\/10-clic-sur-dupliquer.png\" sizes=\"auto, \" srcset=\"\" alt=\"haga clic en duplicar\" width=\"644\" height=\"248\"><\/figure>\n<\/div>\n<p> Una vez que haya hecho eso, cambie la direcci\u00f3n del rango a \u00abSe aplica a\u00bb. <\/p>\n<div class=\"wp-block-image\">\n<figure class=\"aligncenter size-full is-resized\"><img loading=\"lazy\" decoding=\"async\" class=\"wp-image-90521\" src=\"https:\/\/exceladvisor.org\/wp-content\/uploads\/2023\/08\/11-changer-ladresse-de-sapplique-a.png\" sizes=\"auto, \" srcset=\"\" alt=\"cambiar-direccion-de-se-aplica-a\" width=\"782\" height=\"209\"><\/figure>\n<\/div>\n<p> Cambi\u00e9 la direcci\u00f3n del rango de B2:B13 a C2:C13 para aplicar el mismo formato condicional a C2:C13. Y al final haga clic en Aceptar.<\/p>\n<h2 class=\"wp-block-heading\"> Un problema que podr\u00edas enfrentar<\/h2>\n<p> Copiar formato condicional es una tarea f\u00e1cil. Pero pueden surgir algunos problemas al utilizar f\u00f3rmulas personalizadas para definir una regla de formato condicional.<\/p>\n<p> Dejame darte un ejemplo. En el siguiente ejemplo, tenemos formato condicional utilizando una funci\u00f3n personalizada. Al formatear, si la celda A1 tiene un valor, entonces la celda B1 tendr\u00e1 un <a href=\"https:\/\/exceladvisor.org\/es\/color-de-celda\/\">color de celda<\/a> verde. <\/p>\n<div class=\"wp-block-image\">\n<figure class=\"aligncenter size-full is-resized\"><img loading=\"lazy\" decoding=\"async\" class=\"wp-image-90522\" src=\"https:\/\/exceladvisor.org\/wp-content\/uploads\/2023\/08\/12-mise-en-forme-conditionnelle-a-laide-dune-fonction-personnalisee.png\" sizes=\"auto, \" srcset=\"\" alt=\"formato-condicional-usando-una-funci\u00f3n-personalizada\" width=\"486\" height=\"207\"><\/figure>\n<\/div>\n<p> Aqu\u00ed est\u00e1 la regla que aplicamos (pesta\u00f1a Inicio &gt; Formato condicional &gt; Administrar reglas &gt; Editar regla) <\/p>\n<div class=\"wp-block-image\">\n<figure class=\"aligncenter size-full is-resized\"><img loading=\"lazy\" decoding=\"async\" class=\"wp-image-90523\" src=\"https:\/\/exceladvisor.org\/wp-content\/uploads\/2023\/08\/13-gerer-les-regles-modifier-la-regle.png\" sizes=\"auto, \" srcset=\"\" alt=\"administrar-reglas-editar-regla\" width=\"688\" height=\"378\"><\/figure>\n<\/div>\n<p> Ahora, si copia y pega este formato condicional en la celda B3. Como puede ver, en el siguiente ejemplo, la celda B3 es verde, incluso la celda A3 no tiene valor. <\/p>\n<div class=\"wp-block-image\">\n<figure class=\"aligncenter size-full is-resized\"><img loading=\"lazy\" decoding=\"async\" class=\"wp-image-90524\" src=\"https:\/\/exceladvisor.org\/wp-content\/uploads\/2023\/08\/14-Copier-et-coller-la-mise-en-forme-conditionnelle.png\" sizes=\"auto, \" srcset=\"\" alt=\"copiar-pegar-formato condicional\" width=\"576\" height=\"260\"><\/figure>\n<\/div>\n<p> Cuando copia y pega este formato condicional, Excel no cambia la celda de referencia porque la referencia es absoluta. <\/p>\n<div class=\"wp-block-image\">\n<figure class=\"aligncenter size-full is-resized\"><img loading=\"lazy\" decoding=\"async\" class=\"wp-image-90525\" src=\"https:\/\/exceladvisor.org\/wp-content\/uploads\/2023\/08\/15-la-cellule-de-reference-est-absolue.png\" sizes=\"auto, \" srcset=\"\" alt=\"la celda-de-referencia-es-absoluta\" width=\"692\" height=\"225\"><\/figure>\n<\/div>\n<p> Puedes ver arriba que la celda de referencia en ambas reglas es A1. Entonces s\u00ed, ese es el problema. Para solucionar este problema, la mejor manera es utilizar Referencia relativa, que le permite copiar y pegar el formato condicional en un nuevo rango o celda y cambiar la referencia en la f\u00f3rmula. <\/p>\n<div class=\"wp-block-image\">\n<figure class=\"aligncenter size-full is-resized\"><img loading=\"lazy\" decoding=\"async\" class=\"wp-image-90526\" src=\"https:\/\/exceladvisor.org\/wp-content\/uploads\/2023\/08\/16-cellule-de-reference-est-la-meme-dans-les-deux-regles.png\" sizes=\"auto, \" srcset=\"\" alt=\"la-celda-de-referencia-es-la-igual-en-ambas-reglas\" width=\"398\" height=\"230\"><\/figure>\n<\/div>\n<h2 class=\"wp-block-heading\"> \u00bfQu\u00e9 sucede si quiero copiar una regla de formato condicional a otra hoja de trabajo?<\/h2>\n<p> Puede utilizar los mismos m\u00e9todos y pasos anteriores para copiarlo de una celda a otra o a un rango de celdas. Una vez que lo hayas copiado, puedes pegarlo en otra hoja de c\u00e1lculo.<\/p>\n<div class=\"gb-container gb-container-6076ba72 gb-container-mt\"> <a class=\"gb-button gb-button-76e6a499 gb-button-text gb-button-mt-button\" href=\"https:\/\/exceladvisor.org\/es\/conceptos-basicos-de-excel\/\">Aprende los conceptos b\u00e1sicos de Excel<\/a><\/p>\n<h2 class=\"gb-headline gb-headline-a9e9e206 gb-headline-text gb-headline-mt-heading\"> Obtenga m\u00e1s informaci\u00f3n sobre <a href=\"https:\/\/exceladvisor.org\/es\/formato-condicional\/\">el formato condicional<\/a> <\/h2>\n<div class=\"gb-grid-wrapper gb-grid-wrapper-790317cb gb-grid-wrapper-mt-grid\">\n<div class=\"gb-grid-column gb-grid-column-a9845ede\">\n<div class=\"gb-container gb-container-a9845ede\">\n<ul>\n<li> <a href=\"https:\/\/exceladvisor.org\/es\/aplicar-formato-condicional\/\">Aplicar formato condicional a una tabla din\u00e1mica<\/a><\/li>\n<li> <a href=\"https:\/\/exceladvisor.org\/es\/retirar\/\">Eliminar formato condicional<\/a><\/li>\n<li> <a href=\"https:\/\/exceladvisor.org\/es\/celdas-vacias\/\">Aplicar formato condicional en celdas en blanco en Excel<\/a><\/li>\n<li> <a href=\"https:\/\/exceladvisor.org\/es\/comparar-columnas\/\">Compare dos columnas usando formato condicional<\/a><\/li>\n<li> <a href=\"https:\/\/exceladvisor.org\/es\/otra-celda\/\">Aplicar formato condicional basado en otra celda<\/a><\/li>\n<\/ul>\n<\/div>\n<\/div>\n<\/div>\n<\/div>\n","protected":false},"excerpt":{"rendered":"<p>En Excel, la forma m\u00e1s sencilla es utilizar el pintor de formato al copiar y pegar el mismo formato condicional en otra celda o rango de celdas. Pero aparte de eso, hay otras dos formas que puedes utilizar y en este tutorial veremos todos estos m\u00e9todos para aprender m\u00e1s. En el ejemplo anterior, tenemos barras [&hellip;]<\/p>\n","protected":false},"author":1,"featured_media":0,"parent":0,"menu_order":0,"comment_status":"open","ping_status":"closed","template":"","meta":{"ub_ctt_via":"","footnotes":""},"class_list":["post-392","page","type-page","status-publish","hentry"],"featured_image_src":null,"yoast_head":"<!-- This site is optimized with the Yoast SEO plugin v25.4 - https:\/\/yoast.com\/wordpress\/plugins\/seo\/ -->\n<title>\u00bfc\u00f3mo copiar formato condicional en excel?<\/title>\n<meta name=\"robots\" content=\"index, follow, max-snippet:-1, max-image-preview:large, max-video-preview:-1\" \/>\n<link rel=\"canonical\" href=\"https:\/\/exceladvisor.org\/es\/copiar\/\" \/>\n<meta property=\"og:locale\" content=\"es_ES\" \/>\n<meta property=\"og:type\" content=\"article\" \/>\n<meta property=\"og:title\" content=\"\u00bfc\u00f3mo copiar formato condicional en excel?\" \/>\n<meta property=\"og:description\" content=\"En Excel, la forma m\u00e1s sencilla es utilizar el pintor de formato al copiar y pegar el mismo formato condicional en otra celda o rango de celdas. Pero aparte de eso, hay otras dos formas que puedes utilizar y en este tutorial veremos todos estos m\u00e9todos para aprender m\u00e1s. En el ejemplo anterior, tenemos barras [&hellip;]\" \/>\n<meta property=\"og:url\" content=\"https:\/\/exceladvisor.org\/es\/copiar\/\" \/>\n<meta property=\"og:site_name\" content=\"Excel Advisor\" \/>\n<meta property=\"article:modified_time\" content=\"2023-12-25T10:24:56+00:00\" \/>\n<meta property=\"og:image\" content=\"https:\/\/exceladvisor.org\/wp-content\/uploads\/2023\/08\/1-copie-mise-en-forme-conditionnelle.png\" \/>\n<meta name=\"twitter:card\" content=\"summary_large_image\" \/>\n<meta name=\"twitter:label1\" content=\"Tiempo de lectura\" \/>\n\t<meta name=\"twitter:data1\" content=\"3 minutos\" \/>\n<script type=\"application\/ld+json\" class=\"yoast-schema-graph\">{\"@context\":\"https:\/\/schema.org\",\"@graph\":[{\"@type\":\"WebPage\",\"@id\":\"https:\/\/exceladvisor.org\/es\/copiar\/\",\"url\":\"https:\/\/exceladvisor.org\/es\/copiar\/\",\"name\":\"\u00bfc\u00f3mo copiar formato condicional en excel?\",\"isPartOf\":{\"@id\":\"https:\/\/exceladvisor.org\/es\/#website\"},\"primaryImageOfPage\":{\"@id\":\"https:\/\/exceladvisor.org\/es\/copiar\/#primaryimage\"},\"image\":{\"@id\":\"https:\/\/exceladvisor.org\/es\/copiar\/#primaryimage\"},\"thumbnailUrl\":\"https:\/\/exceladvisor.org\/wp-content\/uploads\/2023\/08\/1-copie-mise-en-forme-conditionnelle.png\",\"datePublished\":\"2023-10-30T17:07:44+00:00\",\"dateModified\":\"2023-12-25T10:24:56+00:00\",\"breadcrumb\":{\"@id\":\"https:\/\/exceladvisor.org\/es\/copiar\/#breadcrumb\"},\"inLanguage\":\"es\",\"potentialAction\":[{\"@type\":\"ReadAction\",\"target\":[\"https:\/\/exceladvisor.org\/es\/copiar\/\"]}]},{\"@type\":\"ImageObject\",\"inLanguage\":\"es\",\"@id\":\"https:\/\/exceladvisor.org\/es\/copiar\/#primaryimage\",\"url\":\"https:\/\/exceladvisor.org\/wp-content\/uploads\/2023\/08\/1-copie-mise-en-forme-conditionnelle.png\",\"contentUrl\":\"https:\/\/exceladvisor.org\/wp-content\/uploads\/2023\/08\/1-copie-mise-en-forme-conditionnelle.png\"},{\"@type\":\"BreadcrumbList\",\"@id\":\"https:\/\/exceladvisor.org\/es\/copiar\/#breadcrumb\",\"itemListElement\":[{\"@type\":\"ListItem\",\"position\":1,\"name\":\"Hogar\",\"item\":\"https:\/\/exceladvisor.org\/es\/\"},{\"@type\":\"ListItem\",\"position\":2,\"name\":\"\u00bfc\u00f3mo copiar formato condicional en excel?\"}]},{\"@type\":\"WebSite\",\"@id\":\"https:\/\/exceladvisor.org\/es\/#website\",\"url\":\"https:\/\/exceladvisor.org\/es\/\",\"name\":\"Excel Advisor\",\"description\":\"Su gu\u00eda para la dominaci\u00f3n de datos!\",\"publisher\":{\"@id\":\"https:\/\/exceladvisor.org\/es\/#organization\"},\"potentialAction\":[{\"@type\":\"SearchAction\",\"target\":{\"@type\":\"EntryPoint\",\"urlTemplate\":\"https:\/\/exceladvisor.org\/es\/?s={search_term_string}\"},\"query-input\":{\"@type\":\"PropertyValueSpecification\",\"valueRequired\":true,\"valueName\":\"search_term_string\"}}],\"inLanguage\":\"es\"},{\"@type\":\"Organization\",\"@id\":\"https:\/\/exceladvisor.org\/es\/#organization\",\"name\":\"Excel Advisor\",\"url\":\"https:\/\/exceladvisor.org\/es\/\",\"logo\":{\"@type\":\"ImageObject\",\"inLanguage\":\"es\",\"@id\":\"https:\/\/exceladvisor.org\/es\/#\/schema\/logo\/image\/\",\"url\":\"https:\/\/exceladvisor.org\/es\/wp-content\/uploads\/2023\/12\/exceladvisor.org_.png\",\"contentUrl\":\"https:\/\/exceladvisor.org\/es\/wp-content\/uploads\/2023\/12\/exceladvisor.org_.png\",\"width\":105,\"height\":36,\"caption\":\"Excel Advisor\"},\"image\":{\"@id\":\"https:\/\/exceladvisor.org\/es\/#\/schema\/logo\/image\/\"}}]}<\/script>\n<!-- \/ Yoast SEO plugin. -->","yoast_head_json":{"title":"\u00bfc\u00f3mo copiar formato condicional en excel?","robots":{"index":"index","follow":"follow","max-snippet":"max-snippet:-1","max-image-preview":"max-image-preview:large","max-video-preview":"max-video-preview:-1"},"canonical":"https:\/\/exceladvisor.org\/es\/copiar\/","og_locale":"es_ES","og_type":"article","og_title":"\u00bfc\u00f3mo copiar formato condicional en excel?","og_description":"En Excel, la forma m\u00e1s sencilla es utilizar el pintor de formato al copiar y pegar el mismo formato condicional en otra celda o rango de celdas. Pero aparte de eso, hay otras dos formas que puedes utilizar y en este tutorial veremos todos estos m\u00e9todos para aprender m\u00e1s. En el ejemplo anterior, tenemos barras [&hellip;]","og_url":"https:\/\/exceladvisor.org\/es\/copiar\/","og_site_name":"Excel Advisor","article_modified_time":"2023-12-25T10:24:56+00:00","og_image":[{"url":"https:\/\/exceladvisor.org\/wp-content\/uploads\/2023\/08\/1-copie-mise-en-forme-conditionnelle.png","type":"","width":"","height":""}],"twitter_card":"summary_large_image","twitter_misc":{"Tiempo de lectura":"3 minutos"},"schema":{"@context":"https:\/\/schema.org","@graph":[{"@type":"WebPage","@id":"https:\/\/exceladvisor.org\/es\/copiar\/","url":"https:\/\/exceladvisor.org\/es\/copiar\/","name":"\u00bfc\u00f3mo copiar formato condicional en excel?","isPartOf":{"@id":"https:\/\/exceladvisor.org\/es\/#website"},"primaryImageOfPage":{"@id":"https:\/\/exceladvisor.org\/es\/copiar\/#primaryimage"},"image":{"@id":"https:\/\/exceladvisor.org\/es\/copiar\/#primaryimage"},"thumbnailUrl":"https:\/\/exceladvisor.org\/wp-content\/uploads\/2023\/08\/1-copie-mise-en-forme-conditionnelle.png","datePublished":"2023-10-30T17:07:44+00:00","dateModified":"2023-12-25T10:24:56+00:00","breadcrumb":{"@id":"https:\/\/exceladvisor.org\/es\/copiar\/#breadcrumb"},"inLanguage":"es","potentialAction":[{"@type":"ReadAction","target":["https:\/\/exceladvisor.org\/es\/copiar\/"]}]},{"@type":"ImageObject","inLanguage":"es","@id":"https:\/\/exceladvisor.org\/es\/copiar\/#primaryimage","url":"https:\/\/exceladvisor.org\/wp-content\/uploads\/2023\/08\/1-copie-mise-en-forme-conditionnelle.png","contentUrl":"https:\/\/exceladvisor.org\/wp-content\/uploads\/2023\/08\/1-copie-mise-en-forme-conditionnelle.png"},{"@type":"BreadcrumbList","@id":"https:\/\/exceladvisor.org\/es\/copiar\/#breadcrumb","itemListElement":[{"@type":"ListItem","position":1,"name":"Hogar","item":"https:\/\/exceladvisor.org\/es\/"},{"@type":"ListItem","position":2,"name":"\u00bfc\u00f3mo copiar formato condicional en excel?"}]},{"@type":"WebSite","@id":"https:\/\/exceladvisor.org\/es\/#website","url":"https:\/\/exceladvisor.org\/es\/","name":"Excel Advisor","description":"Su gu\u00eda para la dominaci\u00f3n de datos!","publisher":{"@id":"https:\/\/exceladvisor.org\/es\/#organization"},"potentialAction":[{"@type":"SearchAction","target":{"@type":"EntryPoint","urlTemplate":"https:\/\/exceladvisor.org\/es\/?s={search_term_string}"},"query-input":{"@type":"PropertyValueSpecification","valueRequired":true,"valueName":"search_term_string"}}],"inLanguage":"es"},{"@type":"Organization","@id":"https:\/\/exceladvisor.org\/es\/#organization","name":"Excel Advisor","url":"https:\/\/exceladvisor.org\/es\/","logo":{"@type":"ImageObject","inLanguage":"es","@id":"https:\/\/exceladvisor.org\/es\/#\/schema\/logo\/image\/","url":"https:\/\/exceladvisor.org\/es\/wp-content\/uploads\/2023\/12\/exceladvisor.org_.png","contentUrl":"https:\/\/exceladvisor.org\/es\/wp-content\/uploads\/2023\/12\/exceladvisor.org_.png","width":105,"height":36,"caption":"Excel Advisor"},"image":{"@id":"https:\/\/exceladvisor.org\/es\/#\/schema\/logo\/image\/"}}]}},"yoast_meta":{"yoast_wpseo_title":"","yoast_wpseo_metadesc":"","yoast_wpseo_canonical":""},"_links":{"self":[{"href":"https:\/\/exceladvisor.org\/es\/wp-json\/wp\/v2\/pages\/392","targetHints":{"allow":["GET"]}}],"collection":[{"href":"https:\/\/exceladvisor.org\/es\/wp-json\/wp\/v2\/pages"}],"about":[{"href":"https:\/\/exceladvisor.org\/es\/wp-json\/wp\/v2\/types\/page"}],"author":[{"embeddable":true,"href":"https:\/\/exceladvisor.org\/es\/wp-json\/wp\/v2\/users\/1"}],"replies":[{"embeddable":true,"href":"https:\/\/exceladvisor.org\/es\/wp-json\/wp\/v2\/comments?post=392"}],"version-history":[{"count":1,"href":"https:\/\/exceladvisor.org\/es\/wp-json\/wp\/v2\/pages\/392\/revisions"}],"predecessor-version":[{"id":981,"href":"https:\/\/exceladvisor.org\/es\/wp-json\/wp\/v2\/pages\/392\/revisions\/981"}],"wp:attachment":[{"href":"https:\/\/exceladvisor.org\/es\/wp-json\/wp\/v2\/media?parent=392"}],"curies":[{"name":"wp","href":"https:\/\/api.w.org\/{rel}","templated":true}]}}