{"id":393,"date":"2023-10-30T15:22:45","date_gmt":"2023-10-30T15:22:45","guid":{"rendered":"https:\/\/exceladvisor.org\/es\/establecer-area-de-impresion\/"},"modified":"2023-12-25T10:24:30","modified_gmt":"2023-12-25T10:24:30","slug":"establecer-area-de-impresion","status":"publish","type":"page","link":"https:\/\/exceladvisor.org\/es\/establecer-area-de-impresion\/","title":{"rendered":"\u00bfc\u00f3mo configurar el \u00e1rea de impresi\u00f3n en excel?"},"content":{"rendered":"<div class=\"excel-antes-del-contenido\" id=\"excel-2540398962\"><script type=\"text\/javascript\">\r\n\tatOptions = {\r\n\t\t'key' : 'c1158f160081d6540a8409e6925dab94',\r\n\t\t'format' : 'iframe',\r\n\t\t'height' : 250,\r\n\t\t'width' : 300,\r\n\t\t'params' : {}\r\n\t};\r\n<\/script>\r\n<script type=\"text\/javascript\" src=\"\/\/www.highperformanceformat.com\/c1158f160081d6540a8409e6925dab94\/invoke.js\"><\/script><\/div><p>En Excel, el \u00e1rea de impresi\u00f3n es un rango de celdas que solo deben imprimirse desde la hoja de trabajo.<\/p>\n<p> En Excel, los usuarios suelen querer imprimir s\u00f3lo el \u00e1rea espec\u00edfica de la hoja de c\u00e1lculo en lugar de imprimir la hoja completa.<\/p>\n<p> Para este usuario puede configurar y crear un \u00e1rea de selecci\u00f3n de impresi\u00f3n y una vez que seleccione el \u00e1rea de impresi\u00f3n, cada vez que el usuario imprima solo el rango de \u00e1rea seleccionada.<\/p>\n<p> Los usuarios pueden crear m\u00faltiples selecciones de \u00e1reas de impresi\u00f3n en la hoja de c\u00e1lculo y cada una se imprimir\u00e1 en una p\u00e1gina separada.<\/p>\n<p> A continuaci\u00f3n se mencionan pasos r\u00e1pidos y sencillos sobre c\u00f3mo configurar y cambiar la selecci\u00f3n del \u00e1rea de impresi\u00f3n en Excel.<\/p>\n<h2 class=\"wp-block-heading\"> Pasos para configurar el \u00e1rea de impresi\u00f3n en Excel<\/h2>\n<ol>\n<li> Primero, seleccione el rango de celdas individual o m\u00faltiples rangos de celdas usando la tecla \u00abControl\u00bb que desea definir como \u00e1rea de impresi\u00f3n en la hoja.<\/li>\n<li> Despu\u00e9s de eso, vaya a la pesta\u00f1a \u00abConfigurar p\u00e1gina\u00bb y haga clic en el icono \u00ab\u00c1rea de impresi\u00f3n\u00bb, luego seleccione la opci\u00f3n \u00abEstablecer \u00e1rea de impresi\u00f3n\u00bb. <br \/><img loading=\"lazy\" decoding=\"async\" title=\"1-conjunto-de-\u00e1rea-de-impresi\u00f3n-en-excel\" src=\"https:\/\/exceladvisor.org\/wp-content\/uploads\/2023\/08\/1-zone-dimpression-definie-dans-Excel.png\" sizes=\"auto, \" srcset=\"\" alt=\"set-print-area-in-excel\" width=\"378\" height=\"449\"><\/li>\n<li> Para ver las selecciones del \u00e1rea de impresi\u00f3n, vaya a la pesta\u00f1a \u00abVer\u00bb y haga clic en el icono \u00abVisualizaci\u00f3n de salto de p\u00e1gina\u00bb y encontrar\u00e1 la vista previa de los saltos de p\u00e1gina seg\u00fan las selecciones del \u00e1rea de impresi\u00f3n. &#8216;impresi\u00f3n. <br \/><img loading=\"lazy\" decoding=\"async\" title=\"Vista de salto de 2 p\u00e1ginas\" src=\"https:\/\/exceladvisor.org\/wp-content\/uploads\/2023\/08\/Vue-de-saut-de-2-pages.png\" sizes=\"auto, \" srcset=\"\" alt=\"page-break-view\" width=\"367\" height=\"400\"><\/li>\n<\/ol>\n<p> Las selecciones del \u00e1rea de impresi\u00f3n se guardan cuando guarda el libro y cada selecci\u00f3n del \u00e1rea de impresi\u00f3n se imprime en una p\u00e1gina separada, lo que significa una selecci\u00f3n del \u00e1rea de impresi\u00f3n por p\u00e1gina.<\/p>\n<h2 class=\"wp-block-heading\"> Agregar celdas y rangos al \u00e1rea de impresi\u00f3n<\/h2>\n<p> En cualquier momento, el usuario puede agregar celdas para ampliar las selecciones del \u00e1rea de impresi\u00f3n o para crear un \u00e1rea de impresi\u00f3n adicional.<\/p>\n<p> Cuando un usuario agrega las celdas adyacentes al \u00e1rea de impresi\u00f3n existente, Excel incluye esas celdas en esta selecci\u00f3n del \u00e1rea de impresi\u00f3n existente.<\/p>\n<p> Entonces, esta selecci\u00f3n de \u00e1rea de impresi\u00f3n se expande y cuando un usuario agrega un rango de celdas no adyacentes, Excel crea ese rango como una selecci\u00f3n de \u00e1rea de impresi\u00f3n adicional que Excel imprime en una p\u00e1gina separada.<\/p>\n<ul>\n<li> Primero, seleccione el rango de celdas adyacentes adicional en caso de que desee ampliar la selecci\u00f3n del \u00e1rea de impresi\u00f3n actual.<\/li>\n<li> O seleccione el rango de celdas no adyacentes adicional en caso de que desee agregar una nueva \u00e1rea de impresi\u00f3n con el \u00e1rea de impresi\u00f3n existente en la hoja de trabajo.<\/li>\n<li> Despu\u00e9s de eso, vaya a la pesta\u00f1a \u00abDise\u00f1o de p\u00e1gina\u00bb y haga clic en el icono \u00ab\u00c1rea de impresi\u00f3n\u00bb y luego seleccione \u00abAgregar al \u00e1rea de impresi\u00f3n\u00bb. <\/li>\n<\/ul>\n<div class=\"wp-block-image\">\n<figure class=\"aligncenter size-full is-resized\"><img loading=\"lazy\" decoding=\"async\" class=\"wp-image-66766\" src=\"https:\/\/exceladvisor.org\/wp-content\/uploads\/2023\/08\/3-modifier-la-zone-dimpression1.png\" sizes=\"auto, \" srcset=\"\" alt=\"cambiar-\u00e1rea-de-impresi\u00f3n\" width=\"428\" height=\"431\"><\/figure>\n<\/div>\n<p> En la \u00abVista previa de salto de p\u00e1gina\u00bb a continuaci\u00f3n, puede ver que Excel ha expandido la selecci\u00f3n del \u00e1rea de impresi\u00f3n donde agregamos celdas adyacentes y cre\u00f3 una selecci\u00f3n de \u00e1rea de impresi\u00f3n adicional donde agregamos celdas no adyacentes.<\/p>\n<p> Entonces, en este caso obtendr\u00e1 tres \u00e1reas de impresi\u00f3n que se imprimir\u00e1n en tres p\u00e1ginas separadas. <\/p>\n<div class=\"wp-block-image\">\n<figure class=\"aligncenter size-full is-resized\"><img loading=\"lazy\" decoding=\"async\" class=\"wp-image-66767\" src=\"https:\/\/exceladvisor.org\/wp-content\/uploads\/2023\/08\/Vue-de-saut-de-4-pages-pour-les-zones-dimpression.png\" sizes=\"auto, \" srcset=\"\" alt=\"vista-salto-de-p\u00e1gina-para-\u00e1reas-de-impresi\u00f3n\" width=\"445\" height=\"369\"><\/figure>\n<\/div>\n<h2 class=\"wp-block-heading\"> Borrar selecci\u00f3n del \u00e1rea de impresi\u00f3n<\/h2>\n<p> En la pesta\u00f1a \u00abDise\u00f1o\u00bb, Excel no tiene la capacidad de eliminar o borrar un \u00e1rea de impresi\u00f3n particular de varias \u00e1reas de impresi\u00f3n en una hoja. Por lo tanto, eliminar un \u00e1rea de impresi\u00f3n significa eliminar todas las \u00e1reas de impresi\u00f3n.<\/p>\n<ul>\n<li> Primero, haga clic en cualquier lugar de la hoja de trabajo del que desea eliminar el \u00e1rea de impresi\u00f3n.<\/li>\n<li> Despu\u00e9s de eso, vaya a la pesta\u00f1a \u00abConfigurar p\u00e1gina\u00bb y haga clic en el icono \u00ab\u00c1rea de impresi\u00f3n\u00bb, luego seleccione \u00abBorrar \u00e1rea de impresi\u00f3n\u00bb y esto eliminar\u00e1 todas las \u00e1reas de impresi\u00f3n de la hoja. <\/li>\n<\/ul>\n<div class=\"wp-block-image\">\n<figure class=\"aligncenter size-full is-resized\"><img loading=\"lazy\" decoding=\"async\" class=\"wp-image-66768\" src=\"https:\/\/exceladvisor.org\/wp-content\/uploads\/2023\/08\/5-effacer-la-zone-dimpression.png\" sizes=\"auto, \" srcset=\"\" alt=\"\u00e1rea de impresi\u00f3n clara\" width=\"544\" height=\"161\"><\/figure>\n<\/div>\n<h2 class=\"wp-block-heading\"> Ignorar el \u00e1rea de impresi\u00f3n al imprimir la hoja de trabajo<\/h2>\n<p> Los usuarios pueden omitir \u00e1reas de impresi\u00f3n para imprimir mientras imprimen sin borrar las \u00e1reas de impresi\u00f3n y pueden imprimir la hoja de trabajo completa en cualquier momento.<\/p>\n<ul>\n<li> Primero, presione \u00abCtrl+P\u00bb para imprimir la hoja de trabajo abierta y se abrir\u00e1 el cuadro de di\u00e1logo de impresi\u00f3n.<\/li>\n<li> Despu\u00e9s de eso, haga clic en la opci\u00f3n \u00abImprimir hojas activas\u00bb y obtendr\u00e1 la lista desplegable.<\/li>\n<li> Ahora, seleccione la opci\u00f3n \u00abIgnorar \u00e1rea de impresi\u00f3n\u00bb y Excel ignorar\u00e1 la selecci\u00f3n del \u00e1rea de impresi\u00f3n e imprimir\u00e1 la hoja de trabajo completa. <\/li>\n<\/ul>\n<div class=\"wp-block-image\">\n<figure class=\"aligncenter size-full is-resized\"><img loading=\"lazy\" decoding=\"async\" class=\"wp-image-66769\" src=\"https:\/\/exceladvisor.org\/wp-content\/uploads\/2023\/08\/6-ignorer-la-zone-dimpression.jpg\" sizes=\"auto, \" srcset=\"\" alt=\"ignorar el \u00e1rea de impresi\u00f3n\" width=\"261\" height=\"368\"><\/figure>\n<\/div>\n<div class=\"gb-container gb-container-4db6181c gb-container-mt\"> <a class=\"gb-button gb-button-c5897111 gb-button-text gb-button-mt-button\" href=\"https:\/\/exceladvisor.org\/es\/conceptos-basicos-de-excel\/\">Conceptos b\u00e1sicos de Microsoft Excel (componentes, piezas y notas de conocimiento)<\/a><\/p>\n<h2 class=\"gb-headline gb-headline-665e5f6b gb-headline-text gb-headline-mt-heading\"> Tutoriales relacionados <\/h2>\n<div class=\"gb-grid-wrapper gb-grid-wrapper-a20baf7c gb-grid-wrapper-mt-grid\">\n<div class=\"gb-grid-column gb-grid-column-65ddf67e\">\n<div class=\"gb-container gb-container-65ddf67e\">\n<ul>\n<li> <a href=\"https:\/\/exceladvisor.org\/es\/papel-cuadriculado\/\">Imprima un papel cuadriculado en Excel (plantilla de cuadr\u00edcula)<\/a><\/li>\n<li> <a href=\"https:\/\/exceladvisor.org\/es\/eliminar-salto-de-pagina\/\">Eliminar salto de p\u00e1gina en Excel<\/a><\/li>\n<li> <a href=\"https:\/\/exceladvisor.org\/es\/centrar-la-hoja-de-trabajo-horizontalmente\/\">Centrar una hoja de c\u00e1lculo horizontal y verticalmente en Excel<\/a><\/li>\n<li> <a href=\"https:\/\/exceladvisor.org\/es\/cambiar-la-orientacion-de-la-pagina\/\">Cambiar la orientaci\u00f3n de la p\u00e1gina en Excel<\/a><\/li>\n<li> <a href=\"https:\/\/exceladvisor.org\/es\/margen-de-pagina\/\">Margen de p\u00e1gina en Excel (cambiar y configurar)<\/a> <\/li>\n<\/ul>\n<\/div>\n<\/div>\n<div class=\"gb-grid-column gb-grid-column-50067b57\">\n<div class=\"gb-container gb-container-50067b57\"><\/div>\n<\/div>\n<\/div>\n<\/div>\n","protected":false},"excerpt":{"rendered":"<p>En Excel, el \u00e1rea de impresi\u00f3n es un rango de celdas que solo deben imprimirse desde la hoja de trabajo. En Excel, los usuarios suelen querer imprimir s\u00f3lo el \u00e1rea espec\u00edfica de la hoja de c\u00e1lculo en lugar de imprimir la hoja completa. Para este usuario puede configurar y crear un \u00e1rea de selecci\u00f3n de [&hellip;]<\/p>\n","protected":false},"author":1,"featured_media":0,"parent":0,"menu_order":0,"comment_status":"open","ping_status":"closed","template":"","meta":{"ub_ctt_via":"","footnotes":""},"class_list":["post-393","page","type-page","status-publish","hentry"],"featured_image_src":null,"yoast_head":"<!-- This site is optimized with the Yoast SEO plugin v25.4 - https:\/\/yoast.com\/wordpress\/plugins\/seo\/ -->\n<title>\u00bfc\u00f3mo configurar el \u00e1rea de impresi\u00f3n en excel?<\/title>\n<meta name=\"robots\" content=\"index, follow, max-snippet:-1, max-image-preview:large, max-video-preview:-1\" \/>\n<link rel=\"canonical\" href=\"https:\/\/exceladvisor.org\/es\/establecer-area-de-impresion\/\" \/>\n<meta property=\"og:locale\" content=\"es_ES\" \/>\n<meta property=\"og:type\" content=\"article\" \/>\n<meta property=\"og:title\" content=\"\u00bfc\u00f3mo configurar el \u00e1rea de impresi\u00f3n en excel?\" \/>\n<meta property=\"og:description\" content=\"En Excel, el \u00e1rea de impresi\u00f3n es un rango de celdas que solo deben imprimirse desde la hoja de trabajo. En Excel, los usuarios suelen querer imprimir s\u00f3lo el \u00e1rea espec\u00edfica de la hoja de c\u00e1lculo en lugar de imprimir la hoja completa. Para este usuario puede configurar y crear un \u00e1rea de selecci\u00f3n de [&hellip;]\" \/>\n<meta property=\"og:url\" content=\"https:\/\/exceladvisor.org\/es\/establecer-area-de-impresion\/\" \/>\n<meta property=\"og:site_name\" content=\"Excel Advisor\" \/>\n<meta property=\"article:modified_time\" content=\"2023-12-25T10:24:30+00:00\" \/>\n<meta property=\"og:image\" content=\"https:\/\/exceladvisor.org\/wp-content\/uploads\/2023\/08\/1-zone-dimpression-definie-dans-Excel.png\" \/>\n<meta name=\"twitter:card\" content=\"summary_large_image\" \/>\n<meta name=\"twitter:label1\" content=\"Tiempo de lectura\" \/>\n\t<meta name=\"twitter:data1\" content=\"4 minutos\" \/>\n<script type=\"application\/ld+json\" class=\"yoast-schema-graph\">{\"@context\":\"https:\/\/schema.org\",\"@graph\":[{\"@type\":\"WebPage\",\"@id\":\"https:\/\/exceladvisor.org\/es\/establecer-area-de-impresion\/\",\"url\":\"https:\/\/exceladvisor.org\/es\/establecer-area-de-impresion\/\",\"name\":\"\u00bfc\u00f3mo configurar el \u00e1rea de impresi\u00f3n en excel?\",\"isPartOf\":{\"@id\":\"https:\/\/exceladvisor.org\/es\/#website\"},\"primaryImageOfPage\":{\"@id\":\"https:\/\/exceladvisor.org\/es\/establecer-area-de-impresion\/#primaryimage\"},\"image\":{\"@id\":\"https:\/\/exceladvisor.org\/es\/establecer-area-de-impresion\/#primaryimage\"},\"thumbnailUrl\":\"https:\/\/exceladvisor.org\/wp-content\/uploads\/2023\/08\/1-zone-dimpression-definie-dans-Excel.png\",\"datePublished\":\"2023-10-30T15:22:45+00:00\",\"dateModified\":\"2023-12-25T10:24:30+00:00\",\"breadcrumb\":{\"@id\":\"https:\/\/exceladvisor.org\/es\/establecer-area-de-impresion\/#breadcrumb\"},\"inLanguage\":\"es\",\"potentialAction\":[{\"@type\":\"ReadAction\",\"target\":[\"https:\/\/exceladvisor.org\/es\/establecer-area-de-impresion\/\"]}]},{\"@type\":\"ImageObject\",\"inLanguage\":\"es\",\"@id\":\"https:\/\/exceladvisor.org\/es\/establecer-area-de-impresion\/#primaryimage\",\"url\":\"https:\/\/exceladvisor.org\/wp-content\/uploads\/2023\/08\/1-zone-dimpression-definie-dans-Excel.png\",\"contentUrl\":\"https:\/\/exceladvisor.org\/wp-content\/uploads\/2023\/08\/1-zone-dimpression-definie-dans-Excel.png\"},{\"@type\":\"BreadcrumbList\",\"@id\":\"https:\/\/exceladvisor.org\/es\/establecer-area-de-impresion\/#breadcrumb\",\"itemListElement\":[{\"@type\":\"ListItem\",\"position\":1,\"name\":\"Hogar\",\"item\":\"https:\/\/exceladvisor.org\/es\/\"},{\"@type\":\"ListItem\",\"position\":2,\"name\":\"\u00bfc\u00f3mo configurar el \u00e1rea de impresi\u00f3n en excel?\"}]},{\"@type\":\"WebSite\",\"@id\":\"https:\/\/exceladvisor.org\/es\/#website\",\"url\":\"https:\/\/exceladvisor.org\/es\/\",\"name\":\"Excel Advisor\",\"description\":\"Su gu\u00eda para la dominaci\u00f3n de datos!\",\"publisher\":{\"@id\":\"https:\/\/exceladvisor.org\/es\/#organization\"},\"potentialAction\":[{\"@type\":\"SearchAction\",\"target\":{\"@type\":\"EntryPoint\",\"urlTemplate\":\"https:\/\/exceladvisor.org\/es\/?s={search_term_string}\"},\"query-input\":{\"@type\":\"PropertyValueSpecification\",\"valueRequired\":true,\"valueName\":\"search_term_string\"}}],\"inLanguage\":\"es\"},{\"@type\":\"Organization\",\"@id\":\"https:\/\/exceladvisor.org\/es\/#organization\",\"name\":\"Excel Advisor\",\"url\":\"https:\/\/exceladvisor.org\/es\/\",\"logo\":{\"@type\":\"ImageObject\",\"inLanguage\":\"es\",\"@id\":\"https:\/\/exceladvisor.org\/es\/#\/schema\/logo\/image\/\",\"url\":\"https:\/\/exceladvisor.org\/es\/wp-content\/uploads\/2023\/12\/exceladvisor.org_.png\",\"contentUrl\":\"https:\/\/exceladvisor.org\/es\/wp-content\/uploads\/2023\/12\/exceladvisor.org_.png\",\"width\":105,\"height\":36,\"caption\":\"Excel Advisor\"},\"image\":{\"@id\":\"https:\/\/exceladvisor.org\/es\/#\/schema\/logo\/image\/\"}}]}<\/script>\n<!-- \/ Yoast SEO plugin. -->","yoast_head_json":{"title":"\u00bfc\u00f3mo configurar el \u00e1rea de impresi\u00f3n en excel?","robots":{"index":"index","follow":"follow","max-snippet":"max-snippet:-1","max-image-preview":"max-image-preview:large","max-video-preview":"max-video-preview:-1"},"canonical":"https:\/\/exceladvisor.org\/es\/establecer-area-de-impresion\/","og_locale":"es_ES","og_type":"article","og_title":"\u00bfc\u00f3mo configurar el \u00e1rea de impresi\u00f3n en excel?","og_description":"En Excel, el \u00e1rea de impresi\u00f3n es un rango de celdas que solo deben imprimirse desde la hoja de trabajo. En Excel, los usuarios suelen querer imprimir s\u00f3lo el \u00e1rea espec\u00edfica de la hoja de c\u00e1lculo en lugar de imprimir la hoja completa. Para este usuario puede configurar y crear un \u00e1rea de selecci\u00f3n de [&hellip;]","og_url":"https:\/\/exceladvisor.org\/es\/establecer-area-de-impresion\/","og_site_name":"Excel Advisor","article_modified_time":"2023-12-25T10:24:30+00:00","og_image":[{"url":"https:\/\/exceladvisor.org\/wp-content\/uploads\/2023\/08\/1-zone-dimpression-definie-dans-Excel.png","type":"","width":"","height":""}],"twitter_card":"summary_large_image","twitter_misc":{"Tiempo de lectura":"4 minutos"},"schema":{"@context":"https:\/\/schema.org","@graph":[{"@type":"WebPage","@id":"https:\/\/exceladvisor.org\/es\/establecer-area-de-impresion\/","url":"https:\/\/exceladvisor.org\/es\/establecer-area-de-impresion\/","name":"\u00bfc\u00f3mo configurar el \u00e1rea de impresi\u00f3n en excel?","isPartOf":{"@id":"https:\/\/exceladvisor.org\/es\/#website"},"primaryImageOfPage":{"@id":"https:\/\/exceladvisor.org\/es\/establecer-area-de-impresion\/#primaryimage"},"image":{"@id":"https:\/\/exceladvisor.org\/es\/establecer-area-de-impresion\/#primaryimage"},"thumbnailUrl":"https:\/\/exceladvisor.org\/wp-content\/uploads\/2023\/08\/1-zone-dimpression-definie-dans-Excel.png","datePublished":"2023-10-30T15:22:45+00:00","dateModified":"2023-12-25T10:24:30+00:00","breadcrumb":{"@id":"https:\/\/exceladvisor.org\/es\/establecer-area-de-impresion\/#breadcrumb"},"inLanguage":"es","potentialAction":[{"@type":"ReadAction","target":["https:\/\/exceladvisor.org\/es\/establecer-area-de-impresion\/"]}]},{"@type":"ImageObject","inLanguage":"es","@id":"https:\/\/exceladvisor.org\/es\/establecer-area-de-impresion\/#primaryimage","url":"https:\/\/exceladvisor.org\/wp-content\/uploads\/2023\/08\/1-zone-dimpression-definie-dans-Excel.png","contentUrl":"https:\/\/exceladvisor.org\/wp-content\/uploads\/2023\/08\/1-zone-dimpression-definie-dans-Excel.png"},{"@type":"BreadcrumbList","@id":"https:\/\/exceladvisor.org\/es\/establecer-area-de-impresion\/#breadcrumb","itemListElement":[{"@type":"ListItem","position":1,"name":"Hogar","item":"https:\/\/exceladvisor.org\/es\/"},{"@type":"ListItem","position":2,"name":"\u00bfc\u00f3mo configurar el \u00e1rea de impresi\u00f3n en excel?"}]},{"@type":"WebSite","@id":"https:\/\/exceladvisor.org\/es\/#website","url":"https:\/\/exceladvisor.org\/es\/","name":"Excel Advisor","description":"Su gu\u00eda para la dominaci\u00f3n de datos!","publisher":{"@id":"https:\/\/exceladvisor.org\/es\/#organization"},"potentialAction":[{"@type":"SearchAction","target":{"@type":"EntryPoint","urlTemplate":"https:\/\/exceladvisor.org\/es\/?s={search_term_string}"},"query-input":{"@type":"PropertyValueSpecification","valueRequired":true,"valueName":"search_term_string"}}],"inLanguage":"es"},{"@type":"Organization","@id":"https:\/\/exceladvisor.org\/es\/#organization","name":"Excel Advisor","url":"https:\/\/exceladvisor.org\/es\/","logo":{"@type":"ImageObject","inLanguage":"es","@id":"https:\/\/exceladvisor.org\/es\/#\/schema\/logo\/image\/","url":"https:\/\/exceladvisor.org\/es\/wp-content\/uploads\/2023\/12\/exceladvisor.org_.png","contentUrl":"https:\/\/exceladvisor.org\/es\/wp-content\/uploads\/2023\/12\/exceladvisor.org_.png","width":105,"height":36,"caption":"Excel Advisor"},"image":{"@id":"https:\/\/exceladvisor.org\/es\/#\/schema\/logo\/image\/"}}]}},"yoast_meta":{"yoast_wpseo_title":"","yoast_wpseo_metadesc":"","yoast_wpseo_canonical":""},"_links":{"self":[{"href":"https:\/\/exceladvisor.org\/es\/wp-json\/wp\/v2\/pages\/393","targetHints":{"allow":["GET"]}}],"collection":[{"href":"https:\/\/exceladvisor.org\/es\/wp-json\/wp\/v2\/pages"}],"about":[{"href":"https:\/\/exceladvisor.org\/es\/wp-json\/wp\/v2\/types\/page"}],"author":[{"embeddable":true,"href":"https:\/\/exceladvisor.org\/es\/wp-json\/wp\/v2\/users\/1"}],"replies":[{"embeddable":true,"href":"https:\/\/exceladvisor.org\/es\/wp-json\/wp\/v2\/comments?post=393"}],"version-history":[{"count":1,"href":"https:\/\/exceladvisor.org\/es\/wp-json\/wp\/v2\/pages\/393\/revisions"}],"predecessor-version":[{"id":931,"href":"https:\/\/exceladvisor.org\/es\/wp-json\/wp\/v2\/pages\/393\/revisions\/931"}],"wp:attachment":[{"href":"https:\/\/exceladvisor.org\/es\/wp-json\/wp\/v2\/media?parent=393"}],"curies":[{"name":"wp","href":"https:\/\/api.w.org\/{rel}","templated":true}]}}