{"id":394,"date":"2023-10-30T14:48:51","date_gmt":"2023-10-30T14:48:51","guid":{"rendered":"https:\/\/exceladvisor.org\/es\/concatenar-un-salto-de-linea\/"},"modified":"2023-12-25T10:24:28","modified_gmt":"2023-12-25T10:24:28","slug":"concatenar-un-salto-de-linea","status":"publish","type":"page","link":"https:\/\/exceladvisor.org\/es\/concatenar-un-salto-de-linea\/","title":{"rendered":"\u00bfc\u00f3mo concatenar con un salto de l\u00ednea en excel?"},"content":{"rendered":"<div class=\"excel-antes-del-contenido\" id=\"excel-1522383100\"><script type=\"text\/javascript\">\r\n\tatOptions = {\r\n\t\t'key' : 'c1158f160081d6540a8409e6925dab94',\r\n\t\t'format' : 'iframe',\r\n\t\t'height' : 250,\r\n\t\t'width' : 300,\r\n\t\t'params' : {}\r\n\t};\r\n<\/script>\r\n<script type=\"text\/javascript\" src=\"\/\/www.highperformanceformat.com\/c1158f160081d6540a8409e6925dab94\/invoke.js\"><\/script><\/div><p>En Excel cuando normalmente combinamos texto de diferentes celdas usando CONCATENAR. Pero a veces mientras hacemos esto necesitamos agregar un salto de l\u00ednea entre el texto que queremos combinar.<\/p>\n<p> Como sabes, <a style=\"outline: none;\" href=\"https:\/\/exceladvisor.org\/es\/concatenar-un-rango-de-celdas\/\">existen varios m\u00e9todos<\/a> para concatenar texto, pero cuando se trata de agregar un salto de l\u00ednea, necesitamos usar una f\u00f3rmula espec\u00edfica para ello.<\/p>\n<p> Aqu\u00ed est\u00e1 el problema: para insertar un salto de l\u00ednea entre texto, necesitamos usar la funci\u00f3n CHAR.<\/p>\n<p> Y en la publicaci\u00f3n de hoy, te mostrar\u00e9 exactamente 3 f\u00f3rmulas diferentes que puedes usar para tener un salto de l\u00ednea mientras combinas valores de diferentes celdas. Y lo mejor es que estas 3 f\u00f3rmulas son sencillas de utilizar.<\/p>\n<p> En todas estas f\u00f3rmulas, hay una cosa que se utiliza habitualmente. Esta es la funci\u00f3n CHAR. Esta funci\u00f3n devuelve un car\u00e1cter espec\u00edfico seg\u00fan el n\u00famero que especific\u00f3 all\u00ed.<\/p>\n<p> Y para ingresar un salto de l\u00ednea tenemos que mencionar 10 si est\u00e1 usando la versi\u00f3n de Excel para Windows y 13 si est\u00e1 usando la versi\u00f3n de Excel para MAC. Puede obtener m\u00e1s informaci\u00f3n sobre CHAR <a href=\"https:\/\/support.office.com\/en-us\/article\/char-function-bbd249c8-b36e-4a91-8017-1c133f9b837a\" target=\"_blank\" rel=\"noreferrer noopener nofollow\">desde aqu\u00ed<\/a> y ahora pasemos a nuestras f\u00f3rmulas de nueva l\u00ednea.<\/p>\n<h2 class=\"wp-block-heading\"> 1. Usando un signo comercial con CHAR<\/h2>\n<p> En realidad, esta es una f\u00f3rmula simple en la que haces referencia a todas las celdas que deseas combinar, pero usas CHAR(10) entre esas referencias de celda. Mire esta f\u00f3rmula a continuaci\u00f3n: <\/p>\n<pre class=\"wp-block-code\"> <code class=\"language-excel-formula\" lang=\"excel-formula\">=A2&amp;CHAR(10)&amp;B2&amp;CHAR(10)&amp;C2<\/code><\/pre>\n<div class=\"wp-block-image\">\n<figure class=\"aligncenter\"><img decoding=\"async\" src=\"https:\/\/exceladvisor.org\/wp-content\/uploads\/2023\/08\/concatener-avec-une-formule-simple-de-saut-de-ligne-1.png\" sizes=\"\" srcset=\"\" alt=\"concatenar con una f\u00f3rmula de nueva l\u00ednea simple\"><\/figure>\n<\/div>\n<p class=\"qt-tip\"> <strong>Nota importante:<\/strong> una vez que ingrese esta f\u00f3rmula en una celda, aseg\u00farese de aplicar \u00abAjustar texto\u00bb a esa celda.<\/p>\n<h3 class=\"wp-block-heading\"> As\u00ed es como funciona esta f\u00f3rmula&#8230;<\/h3>\n<p> De hecho, en esta f\u00f3rmula hemos combinado un total de cinco valores usando un signo (&amp;). Tres valores de celda y dos funciones CHAR para saltos de l\u00ednea. Primero tenemos A2, luego una nueva l\u00ednea, despu\u00e9s B2 y otra nueva l\u00ednea, y al final, C2.<\/p>\n<p> <strong>Tutorial relacionado<\/strong> : <a href=\"https:\/\/exceladvisor.org\/es\/eliminar-espacios-adicionales\/\">Eliminar espacios adicionales en Excel<\/a><\/p>\n<h2 class=\"wp-block-heading\"> 2. Usando CHAR con la funci\u00f3n CONCATENAR<\/h2>\n<p> Esta f\u00f3rmula es casi la misma que usamos anteriormente, pero aqu\u00ed en lugar de usar un signo comercial (&amp;), simplemente usamos la funci\u00f3n CONCATENAR. <a href=\"https:\/\/exceladvisor.org\/es\/editar-celda\/\">Edite la celda<\/a> e ingrese la f\u00f3rmula a continuaci\u00f3n. <\/p>\n<pre class=\"wp-block-code\"> <code class=\"language-excel-formula\" lang=\"excel-formula\">=CONCATENATE(A2,CHAR(10),B2,CHAR(10),C2)<\/code><\/pre>\n<div class=\"wp-block-image\">\n<figure class=\"aligncenter\"><img decoding=\"async\" src=\"https:\/\/exceladvisor.org\/wp-content\/uploads\/2023\/08\/concatener-avec-un-saut-de-ligne-en-utilisant-la-fonction-de-concatenation-1.png\" sizes=\"\" srcset=\"\" alt=\"concatenar con una nueva l\u00ednea usando la funci\u00f3n concatenar\"><\/figure>\n<\/div>\n<p> Nuevamente en esta f\u00f3rmula, aseg\u00farese de aplicar \u00abAjustar texto\u00bb a la celda.<\/p>\n<h3 class=\"wp-block-heading\"> As\u00ed es como funciona esta f\u00f3rmula&#8230;<\/h3>\n<p> En esta f\u00f3rmula hemos combinado 5 cosas diferentes usando CONCATENAR. Valor de la celda A2, salto de l\u00ednea usando CHAR, Valores de la celda B2, salto de l\u00ednea y al final, el valor de la celda C2.<\/p>\n<h2 class=\"wp-block-heading\"> 3. Combinaci\u00f3n de CHAR y TEXTJOIN para obtener saltos de l\u00ednea en el texto<\/h2>\n<p> TEXTJOIN es la versi\u00f3n avanzada de CONCATENATE. En la funci\u00f3n puedes usar un delimitador para combinar el texto de las celdas. Y aqu\u00ed est\u00e1 la f\u00f3rmula para obtener un salto de l\u00ednea al concatenar texto de diferentes celdas. <\/p>\n<pre class=\"wp-block-code\"> <code class=\"language-excel-formula\" lang=\"excel-formula\">=TEXTJOIN(CHAR(10),TRUE,A2:C2)<\/code><\/pre>\n<div class=\"wp-block-image\">\n<figure class=\"aligncenter\"><img decoding=\"async\" src=\"https:\/\/exceladvisor.org\/wp-content\/uploads\/2023\/08\/concatener-avec-une-jointure-de-saut-de-ligne-1.png\" sizes=\"\" srcset=\"\" alt=\"concatenar con una uni\u00f3n de nueva l\u00ednea\"><\/figure>\n<\/div>\n<h3 class=\"wp-block-heading\"> As\u00ed es como funciona esta f\u00f3rmula&#8230;<\/h3>\n<p> En la f\u00f3rmula, usamos CHAR como delimitador y luego VERDADERO para ignorar las celdas vac\u00edas. Y al final, seleccionamos toda la gama A2:C2 que necesitamos combinar. Ahora, \u00bfqu\u00e9 sucede? Como especificamos CHAR(10), se agregar\u00e1 una nueva l\u00ednea despu\u00e9s de cada valor de celda.<\/p>\n<h2 class=\"wp-block-heading\"> Conclusi\u00f3n<\/h2>\n<p> Cuando se utiliza un salto de l\u00ednea en una f\u00f3rmula, hay que tener en cuenta dos cosas: utilizar la funci\u00f3n CHAR para el salto de l\u00ednea y aplicar \u00abWord Wrap\u00bb a la celda. De todas las f\u00f3rmulas anteriores que hemos aprendido aqu\u00ed, creo que usar TEXTJOIN es el mejor y m\u00e1s simple m\u00e9todo.<\/p>\n<p> Espero que este consejo de f\u00f3rmula te haya resultado \u00fatil, pero debes decirme una cosa ahora.<\/p>\n<p> <em><strong>\u00bfQu\u00e9 f\u00f3rmula crees que es mejor utilizar?<\/strong><\/em> Comparte tus pensamientos conmigo en la secci\u00f3n de comentarios. Me encantar\u00eda saber de ti y asegurarme de compartir este consejo con tus amigos tambi\u00e9n.<\/p>\n<div class=\"gb-container gb-container-0df56012 gb-container-mt\"> <a class=\"gb-button gb-button-f9f432f4 gb-button-text gb-button-mt-button\" href=\"https:\/\/exceladvisor.org\/es\/formulas\/\">Lista de f\u00f3rmulas de Excel<\/a><\/p>\n<h2 class=\"gb-headline gb-headline-233444e8 gb-headline-text gb-headline-mt-heading\"> F\u00f3rmulas relacionadas <\/h2>\n<div class=\"gb-grid-wrapper gb-grid-wrapper-a16fa65c gb-grid-wrapper-mt-grid\">\n<div class=\"gb-grid-column gb-grid-column-50d07e0d\">\n<div class=\"gb-container gb-container-50d07e0d\">\n<ul>\n<li> <a href=\"https:\/\/exceladvisor.org\/es\/nueva-linea-en-la-celda\/\">Agregar una nueva l\u00ednea a una celda en Excel (salto de l\u00ednea)<\/a><\/li>\n<li> <a href=\"https:\/\/exceladvisor.org\/es\/ceros-a-la-izquierda\/\">Agregue ceros a la izquierda en Excel<\/a><\/li>\n<li> <a href=\"https:\/\/exceladvisor.org\/es\/concatenar-celdas-con-una-coma\/\">Concatenar (combinar) celdas con una coma en Excel<\/a><\/li>\n<li> <a href=\"https:\/\/exceladvisor.org\/es\/concatenar-un-rango-de-celdas\/\">Concatenar (combinar) un rango de celdas en Excel<\/a> <\/li>\n<\/ul>\n<\/div>\n<\/div>\n<div class=\"gb-grid-column gb-grid-column-5b4a0cf9\">\n<div class=\"gb-container gb-container-5b4a0cf9\"><\/div>\n<\/div>\n<\/div>\n<\/div>\n","protected":false},"excerpt":{"rendered":"<p>En Excel cuando normalmente combinamos texto de diferentes celdas usando CONCATENAR. Pero a veces mientras hacemos esto necesitamos agregar un salto de l\u00ednea entre el texto que queremos combinar. Como sabes, existen varios m\u00e9todos para concatenar texto, pero cuando se trata de agregar un salto de l\u00ednea, necesitamos usar una f\u00f3rmula espec\u00edfica para ello. Aqu\u00ed [&hellip;]<\/p>\n","protected":false},"author":1,"featured_media":0,"parent":0,"menu_order":0,"comment_status":"open","ping_status":"closed","template":"","meta":{"ub_ctt_via":"","footnotes":""},"class_list":["post-394","page","type-page","status-publish","hentry"],"featured_image_src":null,"yoast_head":"<!-- This site is optimized with the Yoast SEO plugin v25.4 - https:\/\/yoast.com\/wordpress\/plugins\/seo\/ -->\n<title>\u00bfc\u00f3mo concatenar con un salto de l\u00ednea en excel?<\/title>\n<meta name=\"robots\" content=\"index, follow, max-snippet:-1, max-image-preview:large, max-video-preview:-1\" \/>\n<link rel=\"canonical\" href=\"https:\/\/exceladvisor.org\/es\/concatenar-un-salto-de-linea\/\" \/>\n<meta property=\"og:locale\" content=\"es_ES\" \/>\n<meta property=\"og:type\" content=\"article\" \/>\n<meta property=\"og:title\" content=\"\u00bfc\u00f3mo concatenar con un salto de l\u00ednea en excel?\" \/>\n<meta property=\"og:description\" content=\"En Excel cuando normalmente combinamos texto de diferentes celdas usando CONCATENAR. Pero a veces mientras hacemos esto necesitamos agregar un salto de l\u00ednea entre el texto que queremos combinar. Como sabes, existen varios m\u00e9todos para concatenar texto, pero cuando se trata de agregar un salto de l\u00ednea, necesitamos usar una f\u00f3rmula espec\u00edfica para ello. Aqu\u00ed [&hellip;]\" \/>\n<meta property=\"og:url\" content=\"https:\/\/exceladvisor.org\/es\/concatenar-un-salto-de-linea\/\" \/>\n<meta property=\"og:site_name\" content=\"Excel Advisor\" \/>\n<meta property=\"article:modified_time\" content=\"2023-12-25T10:24:28+00:00\" \/>\n<meta property=\"og:image\" content=\"https:\/\/exceladvisor.org\/wp-content\/uploads\/2023\/08\/concatener-avec-une-formule-simple-de-saut-de-ligne-1.png\" \/>\n<meta name=\"twitter:card\" content=\"summary_large_image\" \/>\n<meta name=\"twitter:label1\" content=\"Tiempo de lectura\" \/>\n\t<meta name=\"twitter:data1\" content=\"4 minutos\" \/>\n<script type=\"application\/ld+json\" class=\"yoast-schema-graph\">{\"@context\":\"https:\/\/schema.org\",\"@graph\":[{\"@type\":\"WebPage\",\"@id\":\"https:\/\/exceladvisor.org\/es\/concatenar-un-salto-de-linea\/\",\"url\":\"https:\/\/exceladvisor.org\/es\/concatenar-un-salto-de-linea\/\",\"name\":\"\u00bfc\u00f3mo concatenar con un salto de l\u00ednea en excel?\",\"isPartOf\":{\"@id\":\"https:\/\/exceladvisor.org\/es\/#website\"},\"primaryImageOfPage\":{\"@id\":\"https:\/\/exceladvisor.org\/es\/concatenar-un-salto-de-linea\/#primaryimage\"},\"image\":{\"@id\":\"https:\/\/exceladvisor.org\/es\/concatenar-un-salto-de-linea\/#primaryimage\"},\"thumbnailUrl\":\"https:\/\/exceladvisor.org\/wp-content\/uploads\/2023\/08\/concatener-avec-une-formule-simple-de-saut-de-ligne-1.png\",\"datePublished\":\"2023-10-30T14:48:51+00:00\",\"dateModified\":\"2023-12-25T10:24:28+00:00\",\"breadcrumb\":{\"@id\":\"https:\/\/exceladvisor.org\/es\/concatenar-un-salto-de-linea\/#breadcrumb\"},\"inLanguage\":\"es\",\"potentialAction\":[{\"@type\":\"ReadAction\",\"target\":[\"https:\/\/exceladvisor.org\/es\/concatenar-un-salto-de-linea\/\"]}]},{\"@type\":\"ImageObject\",\"inLanguage\":\"es\",\"@id\":\"https:\/\/exceladvisor.org\/es\/concatenar-un-salto-de-linea\/#primaryimage\",\"url\":\"https:\/\/exceladvisor.org\/wp-content\/uploads\/2023\/08\/concatener-avec-une-formule-simple-de-saut-de-ligne-1.png\",\"contentUrl\":\"https:\/\/exceladvisor.org\/wp-content\/uploads\/2023\/08\/concatener-avec-une-formule-simple-de-saut-de-ligne-1.png\"},{\"@type\":\"BreadcrumbList\",\"@id\":\"https:\/\/exceladvisor.org\/es\/concatenar-un-salto-de-linea\/#breadcrumb\",\"itemListElement\":[{\"@type\":\"ListItem\",\"position\":1,\"name\":\"Hogar\",\"item\":\"https:\/\/exceladvisor.org\/es\/\"},{\"@type\":\"ListItem\",\"position\":2,\"name\":\"\u00bfc\u00f3mo concatenar con un salto de l\u00ednea en excel?\"}]},{\"@type\":\"WebSite\",\"@id\":\"https:\/\/exceladvisor.org\/es\/#website\",\"url\":\"https:\/\/exceladvisor.org\/es\/\",\"name\":\"Excel Advisor\",\"description\":\"Su gu\u00eda para la dominaci\u00f3n de datos!\",\"publisher\":{\"@id\":\"https:\/\/exceladvisor.org\/es\/#organization\"},\"potentialAction\":[{\"@type\":\"SearchAction\",\"target\":{\"@type\":\"EntryPoint\",\"urlTemplate\":\"https:\/\/exceladvisor.org\/es\/?s={search_term_string}\"},\"query-input\":{\"@type\":\"PropertyValueSpecification\",\"valueRequired\":true,\"valueName\":\"search_term_string\"}}],\"inLanguage\":\"es\"},{\"@type\":\"Organization\",\"@id\":\"https:\/\/exceladvisor.org\/es\/#organization\",\"name\":\"Excel Advisor\",\"url\":\"https:\/\/exceladvisor.org\/es\/\",\"logo\":{\"@type\":\"ImageObject\",\"inLanguage\":\"es\",\"@id\":\"https:\/\/exceladvisor.org\/es\/#\/schema\/logo\/image\/\",\"url\":\"https:\/\/exceladvisor.org\/es\/wp-content\/uploads\/2023\/12\/exceladvisor.org_.png\",\"contentUrl\":\"https:\/\/exceladvisor.org\/es\/wp-content\/uploads\/2023\/12\/exceladvisor.org_.png\",\"width\":105,\"height\":36,\"caption\":\"Excel Advisor\"},\"image\":{\"@id\":\"https:\/\/exceladvisor.org\/es\/#\/schema\/logo\/image\/\"}}]}<\/script>\n<!-- \/ Yoast SEO plugin. -->","yoast_head_json":{"title":"\u00bfc\u00f3mo concatenar con un salto de l\u00ednea en excel?","robots":{"index":"index","follow":"follow","max-snippet":"max-snippet:-1","max-image-preview":"max-image-preview:large","max-video-preview":"max-video-preview:-1"},"canonical":"https:\/\/exceladvisor.org\/es\/concatenar-un-salto-de-linea\/","og_locale":"es_ES","og_type":"article","og_title":"\u00bfc\u00f3mo concatenar con un salto de l\u00ednea en excel?","og_description":"En Excel cuando normalmente combinamos texto de diferentes celdas usando CONCATENAR. Pero a veces mientras hacemos esto necesitamos agregar un salto de l\u00ednea entre el texto que queremos combinar. Como sabes, existen varios m\u00e9todos para concatenar texto, pero cuando se trata de agregar un salto de l\u00ednea, necesitamos usar una f\u00f3rmula espec\u00edfica para ello. Aqu\u00ed [&hellip;]","og_url":"https:\/\/exceladvisor.org\/es\/concatenar-un-salto-de-linea\/","og_site_name":"Excel Advisor","article_modified_time":"2023-12-25T10:24:28+00:00","og_image":[{"url":"https:\/\/exceladvisor.org\/wp-content\/uploads\/2023\/08\/concatener-avec-une-formule-simple-de-saut-de-ligne-1.png","type":"","width":"","height":""}],"twitter_card":"summary_large_image","twitter_misc":{"Tiempo de lectura":"4 minutos"},"schema":{"@context":"https:\/\/schema.org","@graph":[{"@type":"WebPage","@id":"https:\/\/exceladvisor.org\/es\/concatenar-un-salto-de-linea\/","url":"https:\/\/exceladvisor.org\/es\/concatenar-un-salto-de-linea\/","name":"\u00bfc\u00f3mo concatenar con un salto de l\u00ednea en excel?","isPartOf":{"@id":"https:\/\/exceladvisor.org\/es\/#website"},"primaryImageOfPage":{"@id":"https:\/\/exceladvisor.org\/es\/concatenar-un-salto-de-linea\/#primaryimage"},"image":{"@id":"https:\/\/exceladvisor.org\/es\/concatenar-un-salto-de-linea\/#primaryimage"},"thumbnailUrl":"https:\/\/exceladvisor.org\/wp-content\/uploads\/2023\/08\/concatener-avec-une-formule-simple-de-saut-de-ligne-1.png","datePublished":"2023-10-30T14:48:51+00:00","dateModified":"2023-12-25T10:24:28+00:00","breadcrumb":{"@id":"https:\/\/exceladvisor.org\/es\/concatenar-un-salto-de-linea\/#breadcrumb"},"inLanguage":"es","potentialAction":[{"@type":"ReadAction","target":["https:\/\/exceladvisor.org\/es\/concatenar-un-salto-de-linea\/"]}]},{"@type":"ImageObject","inLanguage":"es","@id":"https:\/\/exceladvisor.org\/es\/concatenar-un-salto-de-linea\/#primaryimage","url":"https:\/\/exceladvisor.org\/wp-content\/uploads\/2023\/08\/concatener-avec-une-formule-simple-de-saut-de-ligne-1.png","contentUrl":"https:\/\/exceladvisor.org\/wp-content\/uploads\/2023\/08\/concatener-avec-une-formule-simple-de-saut-de-ligne-1.png"},{"@type":"BreadcrumbList","@id":"https:\/\/exceladvisor.org\/es\/concatenar-un-salto-de-linea\/#breadcrumb","itemListElement":[{"@type":"ListItem","position":1,"name":"Hogar","item":"https:\/\/exceladvisor.org\/es\/"},{"@type":"ListItem","position":2,"name":"\u00bfc\u00f3mo concatenar con un salto de l\u00ednea en excel?"}]},{"@type":"WebSite","@id":"https:\/\/exceladvisor.org\/es\/#website","url":"https:\/\/exceladvisor.org\/es\/","name":"Excel Advisor","description":"Su gu\u00eda para la dominaci\u00f3n de datos!","publisher":{"@id":"https:\/\/exceladvisor.org\/es\/#organization"},"potentialAction":[{"@type":"SearchAction","target":{"@type":"EntryPoint","urlTemplate":"https:\/\/exceladvisor.org\/es\/?s={search_term_string}"},"query-input":{"@type":"PropertyValueSpecification","valueRequired":true,"valueName":"search_term_string"}}],"inLanguage":"es"},{"@type":"Organization","@id":"https:\/\/exceladvisor.org\/es\/#organization","name":"Excel Advisor","url":"https:\/\/exceladvisor.org\/es\/","logo":{"@type":"ImageObject","inLanguage":"es","@id":"https:\/\/exceladvisor.org\/es\/#\/schema\/logo\/image\/","url":"https:\/\/exceladvisor.org\/es\/wp-content\/uploads\/2023\/12\/exceladvisor.org_.png","contentUrl":"https:\/\/exceladvisor.org\/es\/wp-content\/uploads\/2023\/12\/exceladvisor.org_.png","width":105,"height":36,"caption":"Excel Advisor"},"image":{"@id":"https:\/\/exceladvisor.org\/es\/#\/schema\/logo\/image\/"}}]}},"yoast_meta":{"yoast_wpseo_title":"","yoast_wpseo_metadesc":"","yoast_wpseo_canonical":""},"_links":{"self":[{"href":"https:\/\/exceladvisor.org\/es\/wp-json\/wp\/v2\/pages\/394","targetHints":{"allow":["GET"]}}],"collection":[{"href":"https:\/\/exceladvisor.org\/es\/wp-json\/wp\/v2\/pages"}],"about":[{"href":"https:\/\/exceladvisor.org\/es\/wp-json\/wp\/v2\/types\/page"}],"author":[{"embeddable":true,"href":"https:\/\/exceladvisor.org\/es\/wp-json\/wp\/v2\/users\/1"}],"replies":[{"embeddable":true,"href":"https:\/\/exceladvisor.org\/es\/wp-json\/wp\/v2\/comments?post=394"}],"version-history":[{"count":1,"href":"https:\/\/exceladvisor.org\/es\/wp-json\/wp\/v2\/pages\/394\/revisions"}],"predecessor-version":[{"id":928,"href":"https:\/\/exceladvisor.org\/es\/wp-json\/wp\/v2\/pages\/394\/revisions\/928"}],"wp:attachment":[{"href":"https:\/\/exceladvisor.org\/es\/wp-json\/wp\/v2\/media?parent=394"}],"curies":[{"name":"wp","href":"https:\/\/api.w.org\/{rel}","templated":true}]}}