{"id":395,"date":"2023-10-30T14:33:49","date_gmt":"2023-10-30T14:33:49","guid":{"rendered":"https:\/\/exceladvisor.org\/es\/rotar-texto\/"},"modified":"2023-12-25T10:27:06","modified_gmt":"2023-12-25T10:27:06","slug":"rotar-texto","status":"publish","type":"page","link":"https:\/\/exceladvisor.org\/es\/rotar-texto\/","title":{"rendered":"\u00bfc\u00f3mo rotar texto en excel?"},"content":{"rendered":"<div class=\"excel-antes-del-contenido\" id=\"excel-1891396326\"><script type=\"text\/javascript\">\r\n\tatOptions = {\r\n\t\t'key' : 'c1158f160081d6540a8409e6925dab94',\r\n\t\t'format' : 'iframe',\r\n\t\t'height' : 250,\r\n\t\t'width' : 300,\r\n\t\t'params' : {}\r\n\t};\r\n<\/script>\r\n<script type=\"text\/javascript\" src=\"\/\/www.highperformanceformat.com\/c1158f160081d6540a8409e6925dab94\/invoke.js\"><\/script><\/div><p>Trabajar en Excel siempre ha sido divertido. Pero a veces resulta aburrido ver los mismos formatos, textos, fuentes y por supuesto los mismos n\u00fameros aburridos.<\/p>\n<p> Sin duda, puedes cambiar un poco la apariencia usando la opci\u00f3n Fuente. Pero hay mucho m\u00e1s que puedes hacer con la direcci\u00f3n y las alineaciones del texto.<\/p>\n<p> Esto no s\u00f3lo cambiar\u00e1 el aspecto, sino que, sobre todo, ahorrar\u00e1 mucho espacio. A veces resulta molesto desplazarse por las p\u00e1ginas siguientes. De este modo, puede ajustar el informe en una sola p\u00e1gina jugando con la orientaci\u00f3n y alineaci\u00f3n del texto en unos sencillos pasos.<\/p>\n<ol>\n<li> Primero, seleccione la celda en la que desea rotar el texto. Aqu\u00ed hemos seleccionado la fila del encabezado. <br \/><img loading=\"lazy\" decoding=\"async\" title=\"1-rotar-texto-en-excel\" src=\"https:\/\/exceladvisor.org\/wp-content\/uploads\/2023\/08\/1-faire-pivoter-le-texte-dans-excel.png\" sizes=\"auto, \" srcset=\"\" alt=\"rotate-text-in-excel\" width=\"461\" height=\"37\"><\/li>\n<li> Ahora vaya a la pesta\u00f1a Inicio y busque la pesta\u00f1a Alineaci\u00f3n en la cinta. <br \/><img loading=\"lazy\" decoding=\"async\" title=\"Pesta\u00f1a de 2 b\u00fasquedas de alineaci\u00f3n\" src=\"https:\/\/exceladvisor.org\/wp-content\/uploads\/2023\/08\/2-recherchez-longlet-dalignement.png\" sizes=\"auto, \" srcset=\"\" alt=\"look-for-alignment-tab\" width=\"619\" height=\"139\"><\/li>\n<li> Luego haga clic en el bot\u00f3n Orientaci\u00f3n. <br \/><img loading=\"lazy\" decoding=\"async\" title=\"3-clic-en-el-bot\u00f3n-de-orientaci\u00f3n\" src=\"https:\/\/exceladvisor.org\/wp-content\/uploads\/2023\/08\/3-cliquez-sur-le-bouton-dorientation.png\" sizes=\"auto, \" srcset=\"\" alt=\"click-on-orientation-button\" width=\"478\" height=\"142\"><\/li>\n<li> Aqu\u00ed obtendr\u00e1 opciones predeterminadas en la lista desplegable. <br \/><img loading=\"lazy\" decoding=\"async\" title=\"4 opciones de rotaci\u00f3n de texto predeterminadas\" src=\"https:\/\/exceladvisor.org\/wp-content\/uploads\/2023\/08\/4-options-de-rotation-de-texte-par-defaut.png\" sizes=\"auto, \" srcset=\"\" alt=\"default-text-rotate-options\" width=\"207\" height=\"201\"><\/li>\n<li> Ahora probemos esto uno por uno y veamos qu\u00e9 sucede con el texto. <br \/><img loading=\"lazy\" decoding=\"async\" title=\"5-rotar-texto\" src=\"https:\/\/exceladvisor.org\/wp-content\/uploads\/2023\/08\/5-faire-pivoter-le-texte.png\" sizes=\"auto, \" srcset=\"\" alt=\"rotate-text\" width=\"497\" height=\"455\"><\/li>\n<li> De hecho, puedes hacerte una idea del s\u00edmbolo delante de cada opci\u00f3n sobre lo que suceder\u00e1 con tu texto. <br \/><img loading=\"lazy\" decoding=\"async\" title=\"6 s\u00edmbolos de rotaci\u00f3n de texto\" src=\"https:\/\/exceladvisor.org\/wp-content\/uploads\/2023\/08\/6-symboles-de-rotation-de-texte.png\" sizes=\"auto, \" srcset=\"\" alt=\"text-rotate-symbols\" width=\"214\" height=\"207\"><\/li>\n<\/ol>\n<p> Estas eran las opciones predeterminadas que puedes usar r\u00e1pidamente con solo un clic. Ahora, para aquellos a quienes no les gusta esta configuraci\u00f3n, hay algo m\u00e1s entre lo que pueden elegir.<\/p>\n<ol>\n<li> Para pasar al siguiente nivel, vuelva a seleccionar las celdas que desea rotar y haga clic en la \u00faltima opci\u00f3n \u00abFormato de alineaci\u00f3n de celdas\u00bb. <br \/><img loading=\"lazy\" decoding=\"async\" title=\"7-orientaci\u00f3n-de-texto-personalizada\" src=\"https:\/\/exceladvisor.org\/wp-content\/uploads\/2023\/08\/7-orientation-de-texte-personnalisee.png\" sizes=\"auto, \" srcset=\"\" alt=\"custom-text-orientation\" width=\"236\" height=\"228\"><\/li>\n<li> Despu\u00e9s de eso, se abrir\u00e1 un cuadro de di\u00e1logo frente a usted. <br \/><img loading=\"lazy\" decoding=\"async\" title=\"8-cuadro-de-di\u00e1logo-abierto\" src=\"https:\/\/exceladvisor.org\/wp-content\/uploads\/2023\/08\/8-boite-de-dialogue-ouverte.png\" sizes=\"auto, \" srcset=\"\" alt=\"dialogue-box-opened\" width=\"568\" height=\"562\"><\/li>\n<li> A la derecha, en Orientaci\u00f3n, puedes simplemente arrastrar el punto rojo hacia arriba y hacia abajo para agregar un \u00e1ngulo personalizado a tu texto. <br \/><img loading=\"lazy\" decoding=\"async\" title=\"9-arrastra-el-punto-rojo\" src=\"https:\/\/exceladvisor.org\/wp-content\/uploads\/2023\/08\/9-faites-glisser-le-point-rouge.png\" sizes=\"auto, \" srcset=\"\" alt=\"drag-the-red-dot\" width=\"178\" height=\"236\"><\/li>\n<li> Adem\u00e1s, puede ingresar manualmente un determinado \u00e1ngulo +positivo o -negativo junto a \u00abGrados\u00bb. <br \/><img loading=\"lazy\" decoding=\"async\" title=\"10-entrar-manualmente-en-cierto-\u00e1ngulo\" src=\"https:\/\/exceladvisor.org\/wp-content\/uploads\/2023\/08\/10-entrer-manuellement-un-certain-angle.png\" sizes=\"auto, \" srcset=\"\" alt=\"manually-enter-a-certain-angle\" width=\"180\" height=\"249\"><\/li>\n<\/ol>\n<h2 class=\"wp-block-heading\"> <strong>Alineaci\u00f3n del texto<\/strong><\/h2>\n<p> Aqu\u00ed est\u00e1 la parte interesante. Hasta ahora habl\u00e1bamos de direcci\u00f3n del texto o puedes decir Orientaci\u00f3n. Lo siguiente que necesitas saber es la alineaci\u00f3n del texto. En otras palabras, puedes elegir la ubicaci\u00f3n del texto, es decir, hacia el centro, derecha, izquierda, arriba o abajo de la celda. Veamos c\u00f3mo.<\/p>\n<ol>\n<li> Primero, seleccione la celda \u2192 Inicio \u2192 Alineaci\u00f3n \u2192 Orientaci\u00f3n \u2192 Formato de alineaci\u00f3n de celda. <br \/><img loading=\"lazy\" decoding=\"async\" title=\"11-alineaci\u00f3n de texto\" src=\"https:\/\/exceladvisor.org\/wp-content\/uploads\/2023\/08\/11-alignement-du-texte.png\" sizes=\"auto, \" srcset=\"\" alt=\"text-alignment\" width=\"518\" height=\"513\"><\/li>\n<li> Ahora tiene 2 opciones Horizontal y Vertical y haga clic en la peque\u00f1a flecha desplegable. <br \/><img loading=\"lazy\" decoding=\"async\" title=\"12 opciones horizontales-verticales\" src=\"https:\/\/exceladvisor.org\/wp-content\/uploads\/2023\/08\/12-options-verticales-horizontales.png\" sizes=\"auto, \" srcset=\"\" alt=\"horizontal-&amp;-vertical-options\" width=\"655\" height=\"394\"><\/li>\n<li> Aqu\u00ed debes probar todas las opciones y analizar cu\u00e1l se adapta a tu informe. He aqu\u00ed un vistazo a c\u00f3mo se ve: \u2013 <br \/><img loading=\"lazy\" decoding=\"async\" title=\"13-analizar-las-opciones\" src=\"https:\/\/exceladvisor.org\/wp-content\/uploads\/2023\/08\/13-analyser-les-options.png\" sizes=\"auto, \" srcset=\"\" alt=\"analyze-the-options\" width=\"785\" height=\"439\"><\/li>\n<\/ol>\n<p> Puede parecer confuso, pero seguro que ser\u00e1 mejor si lo pruebas una vez.<\/p>\n<p class=\"qt-tip\"> <strong>Consejo:<\/strong> No utilice un conjunto fijo de dise\u00f1os para cada informe, porque la orientaci\u00f3n y alineaci\u00f3n dependen de la longitud y el tipo de texto que tenga.<\/p>\n<p> Por ejemplo, el texto predeterminado comenzaba en la columna B1: F1. Pero notar\u00e1s que tan pronto como usamos la orientaci\u00f3n \u00ab\u00c1ngulo en sentido antihorario\u00bb, el texto se movi\u00f3 hacia la celda derecha e izquierda usando el \u00ab\u00c1ngulo en sentido horario\u00bb.<\/p>\n<p> Esto podr\u00eda ser problem\u00e1tico si nuestros datos comenzaran desde la columna A, ya que se eliminar\u00edan de la vista del informe. Por lo tanto, debe probar todas las opciones y elegir sabiamente seg\u00fan su informe y tipo de datos. <\/p>\n<div class=\"wp-block-image\">\n<figure class=\"aligncenter size-full is-resized\"><img loading=\"lazy\" decoding=\"async\" class=\"wp-image-62115\" src=\"https:\/\/exceladvisor.org\/wp-content\/uploads\/2023\/08\/14-angle-dans-le-sens-des-aiguilles-dune-montre.png\" sizes=\"auto, \" srcset=\"\" alt=\"\u00e1ngulo en el sentido de las agujas del reloj\" width=\"654\" height=\"306\"><\/figure>\n<\/div>\n<div class=\"gb-container gb-container-4db6181c gb-container-mt\"> <a class=\"gb-button gb-button-c5897111 gb-button-text gb-button-mt-button\" href=\"https:\/\/exceladvisor.org\/es\/conceptos-basicos-de-excel\/\">Conceptos b\u00e1sicos de Microsoft Excel (componentes, piezas y notas de conocimiento)<\/a><\/p>\n<h2 class=\"gb-headline gb-headline-665e5f6b gb-headline-text gb-headline-mt-heading\"> Tutoriales relacionados <\/h2>\n<div class=\"gb-grid-wrapper gb-grid-wrapper-a20baf7c gb-grid-wrapper-mt-grid\">\n<div class=\"gb-grid-column gb-grid-column-65ddf67e\">\n<div class=\"gb-container gb-container-65ddf67e\">\n<ul>\n<li> <a href=\"https:\/\/exceladvisor.org\/es\/dibuja-una-linea\/\">Dibuja una l\u00ednea en Excel<\/a><\/li>\n<li> <a href=\"https:\/\/exceladvisor.org\/es\/agregar-un-boton\/\">Agregar un bot\u00f3n en Excel<\/a><\/li>\n<li> <a href=\"https:\/\/exceladvisor.org\/es\/fusionar-celulas-disociadas\/\">Fusionar: desagrupar celdas en Excel<\/a><\/li>\n<li> <a href=\"https:\/\/exceladvisor.org\/es\/corrector-ortografico\/\">Corrector ortogr\u00e1fico en Excel<\/a><\/li>\n<li> <a href=\"https:\/\/exceladvisor.org\/es\/retiro\/\">Aumentar y disminuir sangr\u00eda en Excel<\/a> <\/li>\n<\/ul>\n<\/div>\n<\/div>\n<div class=\"gb-grid-column gb-grid-column-50067b57\">\n<div class=\"gb-container gb-container-50067b57\"><\/div>\n<\/div>\n<\/div>\n<\/div>\n","protected":false},"excerpt":{"rendered":"<p>Trabajar en Excel siempre ha sido divertido. Pero a veces resulta aburrido ver los mismos formatos, textos, fuentes y por supuesto los mismos n\u00fameros aburridos. Sin duda, puedes cambiar un poco la apariencia usando la opci\u00f3n Fuente. Pero hay mucho m\u00e1s que puedes hacer con la direcci\u00f3n y las alineaciones del texto. Esto no s\u00f3lo [&hellip;]<\/p>\n","protected":false},"author":1,"featured_media":0,"parent":0,"menu_order":0,"comment_status":"open","ping_status":"closed","template":"","meta":{"ub_ctt_via":"","footnotes":""},"class_list":["post-395","page","type-page","status-publish","hentry"],"featured_image_src":null,"yoast_head":"<!-- This site is optimized with the Yoast SEO plugin v25.4 - https:\/\/yoast.com\/wordpress\/plugins\/seo\/ -->\n<title>\u00bfc\u00f3mo rotar texto en excel?<\/title>\n<meta name=\"robots\" content=\"index, follow, max-snippet:-1, max-image-preview:large, max-video-preview:-1\" \/>\n<link rel=\"canonical\" href=\"https:\/\/exceladvisor.org\/es\/rotar-texto\/\" \/>\n<meta property=\"og:locale\" content=\"es_ES\" \/>\n<meta property=\"og:type\" content=\"article\" \/>\n<meta property=\"og:title\" content=\"\u00bfc\u00f3mo rotar texto en excel?\" \/>\n<meta property=\"og:description\" content=\"Trabajar en Excel siempre ha sido divertido. Pero a veces resulta aburrido ver los mismos formatos, textos, fuentes y por supuesto los mismos n\u00fameros aburridos. Sin duda, puedes cambiar un poco la apariencia usando la opci\u00f3n Fuente. Pero hay mucho m\u00e1s que puedes hacer con la direcci\u00f3n y las alineaciones del texto. Esto no s\u00f3lo [&hellip;]\" \/>\n<meta property=\"og:url\" content=\"https:\/\/exceladvisor.org\/es\/rotar-texto\/\" \/>\n<meta property=\"og:site_name\" content=\"Excel Advisor\" \/>\n<meta property=\"article:modified_time\" content=\"2023-12-25T10:27:06+00:00\" \/>\n<meta property=\"og:image\" content=\"https:\/\/exceladvisor.org\/wp-content\/uploads\/2023\/08\/1-faire-pivoter-le-texte-dans-excel.png\" \/>\n<meta name=\"twitter:card\" content=\"summary_large_image\" \/>\n<meta name=\"twitter:label1\" content=\"Tiempo de lectura\" \/>\n\t<meta name=\"twitter:data1\" content=\"3 minutos\" \/>\n<script type=\"application\/ld+json\" class=\"yoast-schema-graph\">{\"@context\":\"https:\/\/schema.org\",\"@graph\":[{\"@type\":\"WebPage\",\"@id\":\"https:\/\/exceladvisor.org\/es\/rotar-texto\/\",\"url\":\"https:\/\/exceladvisor.org\/es\/rotar-texto\/\",\"name\":\"\u00bfc\u00f3mo rotar texto en excel?\",\"isPartOf\":{\"@id\":\"https:\/\/exceladvisor.org\/es\/#website\"},\"primaryImageOfPage\":{\"@id\":\"https:\/\/exceladvisor.org\/es\/rotar-texto\/#primaryimage\"},\"image\":{\"@id\":\"https:\/\/exceladvisor.org\/es\/rotar-texto\/#primaryimage\"},\"thumbnailUrl\":\"https:\/\/exceladvisor.org\/wp-content\/uploads\/2023\/08\/1-faire-pivoter-le-texte-dans-excel.png\",\"datePublished\":\"2023-10-30T14:33:49+00:00\",\"dateModified\":\"2023-12-25T10:27:06+00:00\",\"breadcrumb\":{\"@id\":\"https:\/\/exceladvisor.org\/es\/rotar-texto\/#breadcrumb\"},\"inLanguage\":\"es\",\"potentialAction\":[{\"@type\":\"ReadAction\",\"target\":[\"https:\/\/exceladvisor.org\/es\/rotar-texto\/\"]}]},{\"@type\":\"ImageObject\",\"inLanguage\":\"es\",\"@id\":\"https:\/\/exceladvisor.org\/es\/rotar-texto\/#primaryimage\",\"url\":\"https:\/\/exceladvisor.org\/wp-content\/uploads\/2023\/08\/1-faire-pivoter-le-texte-dans-excel.png\",\"contentUrl\":\"https:\/\/exceladvisor.org\/wp-content\/uploads\/2023\/08\/1-faire-pivoter-le-texte-dans-excel.png\"},{\"@type\":\"BreadcrumbList\",\"@id\":\"https:\/\/exceladvisor.org\/es\/rotar-texto\/#breadcrumb\",\"itemListElement\":[{\"@type\":\"ListItem\",\"position\":1,\"name\":\"Hogar\",\"item\":\"https:\/\/exceladvisor.org\/es\/\"},{\"@type\":\"ListItem\",\"position\":2,\"name\":\"\u00bfc\u00f3mo rotar texto en excel?\"}]},{\"@type\":\"WebSite\",\"@id\":\"https:\/\/exceladvisor.org\/es\/#website\",\"url\":\"https:\/\/exceladvisor.org\/es\/\",\"name\":\"Excel Advisor\",\"description\":\"Su gu\u00eda para la dominaci\u00f3n de datos!\",\"publisher\":{\"@id\":\"https:\/\/exceladvisor.org\/es\/#organization\"},\"potentialAction\":[{\"@type\":\"SearchAction\",\"target\":{\"@type\":\"EntryPoint\",\"urlTemplate\":\"https:\/\/exceladvisor.org\/es\/?s={search_term_string}\"},\"query-input\":{\"@type\":\"PropertyValueSpecification\",\"valueRequired\":true,\"valueName\":\"search_term_string\"}}],\"inLanguage\":\"es\"},{\"@type\":\"Organization\",\"@id\":\"https:\/\/exceladvisor.org\/es\/#organization\",\"name\":\"Excel Advisor\",\"url\":\"https:\/\/exceladvisor.org\/es\/\",\"logo\":{\"@type\":\"ImageObject\",\"inLanguage\":\"es\",\"@id\":\"https:\/\/exceladvisor.org\/es\/#\/schema\/logo\/image\/\",\"url\":\"https:\/\/exceladvisor.org\/es\/wp-content\/uploads\/2023\/12\/exceladvisor.org_.png\",\"contentUrl\":\"https:\/\/exceladvisor.org\/es\/wp-content\/uploads\/2023\/12\/exceladvisor.org_.png\",\"width\":105,\"height\":36,\"caption\":\"Excel Advisor\"},\"image\":{\"@id\":\"https:\/\/exceladvisor.org\/es\/#\/schema\/logo\/image\/\"}}]}<\/script>\n<!-- \/ Yoast SEO plugin. -->","yoast_head_json":{"title":"\u00bfc\u00f3mo rotar texto en excel?","robots":{"index":"index","follow":"follow","max-snippet":"max-snippet:-1","max-image-preview":"max-image-preview:large","max-video-preview":"max-video-preview:-1"},"canonical":"https:\/\/exceladvisor.org\/es\/rotar-texto\/","og_locale":"es_ES","og_type":"article","og_title":"\u00bfc\u00f3mo rotar texto en excel?","og_description":"Trabajar en Excel siempre ha sido divertido. Pero a veces resulta aburrido ver los mismos formatos, textos, fuentes y por supuesto los mismos n\u00fameros aburridos. Sin duda, puedes cambiar un poco la apariencia usando la opci\u00f3n Fuente. Pero hay mucho m\u00e1s que puedes hacer con la direcci\u00f3n y las alineaciones del texto. Esto no s\u00f3lo [&hellip;]","og_url":"https:\/\/exceladvisor.org\/es\/rotar-texto\/","og_site_name":"Excel Advisor","article_modified_time":"2023-12-25T10:27:06+00:00","og_image":[{"url":"https:\/\/exceladvisor.org\/wp-content\/uploads\/2023\/08\/1-faire-pivoter-le-texte-dans-excel.png","type":"","width":"","height":""}],"twitter_card":"summary_large_image","twitter_misc":{"Tiempo de lectura":"3 minutos"},"schema":{"@context":"https:\/\/schema.org","@graph":[{"@type":"WebPage","@id":"https:\/\/exceladvisor.org\/es\/rotar-texto\/","url":"https:\/\/exceladvisor.org\/es\/rotar-texto\/","name":"\u00bfc\u00f3mo rotar texto en excel?","isPartOf":{"@id":"https:\/\/exceladvisor.org\/es\/#website"},"primaryImageOfPage":{"@id":"https:\/\/exceladvisor.org\/es\/rotar-texto\/#primaryimage"},"image":{"@id":"https:\/\/exceladvisor.org\/es\/rotar-texto\/#primaryimage"},"thumbnailUrl":"https:\/\/exceladvisor.org\/wp-content\/uploads\/2023\/08\/1-faire-pivoter-le-texte-dans-excel.png","datePublished":"2023-10-30T14:33:49+00:00","dateModified":"2023-12-25T10:27:06+00:00","breadcrumb":{"@id":"https:\/\/exceladvisor.org\/es\/rotar-texto\/#breadcrumb"},"inLanguage":"es","potentialAction":[{"@type":"ReadAction","target":["https:\/\/exceladvisor.org\/es\/rotar-texto\/"]}]},{"@type":"ImageObject","inLanguage":"es","@id":"https:\/\/exceladvisor.org\/es\/rotar-texto\/#primaryimage","url":"https:\/\/exceladvisor.org\/wp-content\/uploads\/2023\/08\/1-faire-pivoter-le-texte-dans-excel.png","contentUrl":"https:\/\/exceladvisor.org\/wp-content\/uploads\/2023\/08\/1-faire-pivoter-le-texte-dans-excel.png"},{"@type":"BreadcrumbList","@id":"https:\/\/exceladvisor.org\/es\/rotar-texto\/#breadcrumb","itemListElement":[{"@type":"ListItem","position":1,"name":"Hogar","item":"https:\/\/exceladvisor.org\/es\/"},{"@type":"ListItem","position":2,"name":"\u00bfc\u00f3mo rotar texto en excel?"}]},{"@type":"WebSite","@id":"https:\/\/exceladvisor.org\/es\/#website","url":"https:\/\/exceladvisor.org\/es\/","name":"Excel Advisor","description":"Su gu\u00eda para la dominaci\u00f3n de datos!","publisher":{"@id":"https:\/\/exceladvisor.org\/es\/#organization"},"potentialAction":[{"@type":"SearchAction","target":{"@type":"EntryPoint","urlTemplate":"https:\/\/exceladvisor.org\/es\/?s={search_term_string}"},"query-input":{"@type":"PropertyValueSpecification","valueRequired":true,"valueName":"search_term_string"}}],"inLanguage":"es"},{"@type":"Organization","@id":"https:\/\/exceladvisor.org\/es\/#organization","name":"Excel Advisor","url":"https:\/\/exceladvisor.org\/es\/","logo":{"@type":"ImageObject","inLanguage":"es","@id":"https:\/\/exceladvisor.org\/es\/#\/schema\/logo\/image\/","url":"https:\/\/exceladvisor.org\/es\/wp-content\/uploads\/2023\/12\/exceladvisor.org_.png","contentUrl":"https:\/\/exceladvisor.org\/es\/wp-content\/uploads\/2023\/12\/exceladvisor.org_.png","width":105,"height":36,"caption":"Excel Advisor"},"image":{"@id":"https:\/\/exceladvisor.org\/es\/#\/schema\/logo\/image\/"}}]}},"yoast_meta":{"yoast_wpseo_title":"","yoast_wpseo_metadesc":"","yoast_wpseo_canonical":""},"_links":{"self":[{"href":"https:\/\/exceladvisor.org\/es\/wp-json\/wp\/v2\/pages\/395","targetHints":{"allow":["GET"]}}],"collection":[{"href":"https:\/\/exceladvisor.org\/es\/wp-json\/wp\/v2\/pages"}],"about":[{"href":"https:\/\/exceladvisor.org\/es\/wp-json\/wp\/v2\/types\/page"}],"author":[{"embeddable":true,"href":"https:\/\/exceladvisor.org\/es\/wp-json\/wp\/v2\/users\/1"}],"replies":[{"embeddable":true,"href":"https:\/\/exceladvisor.org\/es\/wp-json\/wp\/v2\/comments?post=395"}],"version-history":[{"count":1,"href":"https:\/\/exceladvisor.org\/es\/wp-json\/wp\/v2\/pages\/395\/revisions"}],"predecessor-version":[{"id":1180,"href":"https:\/\/exceladvisor.org\/es\/wp-json\/wp\/v2\/pages\/395\/revisions\/1180"}],"wp:attachment":[{"href":"https:\/\/exceladvisor.org\/es\/wp-json\/wp\/v2\/media?parent=395"}],"curies":[{"name":"wp","href":"https:\/\/api.w.org\/{rel}","templated":true}]}}