{"id":396,"date":"2023-10-30T14:22:19","date_gmt":"2023-10-30T14:22:19","guid":{"rendered":"https:\/\/exceladvisor.org\/es\/habilitar-el-pivote-de-poder\/"},"modified":"2023-12-25T10:25:31","modified_gmt":"2023-12-25T10:25:31","slug":"habilitar-el-pivote-de-poder","status":"publish","type":"page","link":"https:\/\/exceladvisor.org\/es\/habilitar-el-pivote-de-poder\/","title":{"rendered":"\u00bfc\u00f3mo habilitar power pivot en excel 2010 y 2013?"},"content":{"rendered":"<div class=\"excel-antes-del-contenido\" id=\"excel-1702780919\"><script type=\"text\/javascript\">\r\n\tatOptions = {\r\n\t\t'key' : 'c1158f160081d6540a8409e6925dab94',\r\n\t\t'format' : 'iframe',\r\n\t\t'height' : 250,\r\n\t\t'width' : 300,\r\n\t\t'params' : {}\r\n\t};\r\n<\/script>\r\n<script type=\"text\/javascript\" src=\"\/\/www.highperformanceformat.com\/c1158f160081d6540a8409e6925dab94\/invoke.js\"><\/script><\/div><p>Cuando comenc\u00e9 a usarlo por primera vez en Excel 2010, solo encontr\u00e9 un problema al habilitar PowerPivot. En Excel 2010, a diferencia de versiones anteriores de Microsoft Excel, primero debe habilitarlo antes de usarlo. Si todav\u00eda utiliza Excel 2010, este art\u00edculo es para usted.<\/p>\n<div class=\"wp-block-image\">\n<figure class=\"aligncenter\"> <a href=\"https:\/\/exceladvisor.org\/wp-content\/uploads\/2023\/08\/Activer-PowerPivot-dans-Excel-2010-1-1.jpg\" rel=\"attachment wp-att-3660\"><img loading=\"lazy\" decoding=\"async\" class=\"wp-image-3660\" src=\"https:\/\/exceladvisor.org\/wp-content\/uploads\/2023\/08\/Activer-PowerPivot-dans-Excel-2010-1-1.jpg\" sizes=\"auto, \" srcset=\"\" alt=\"C\u00f3mo habilitar PowerPivot en Excel 2010 en pasos simples\" width=\"640\" height=\"250\"><\/a><\/figure>\n<\/div>\n<h2 class=\"wp-block-heading\"> Requisitos del sistema para habilitar Power Pivot en Excel<\/h2>\n<ol>\n<li> Una versi\u00f3n de Windows de Excel, de 32 o 64 bits.<\/li>\n<li> M\u00ednimo de 1 GB de RAM (2 GB recomendados por Microsoft)<\/li>\n<li> 3,5 GB de espacio libre en disco en su sistema.<\/li>\n<\/ol>\n<h2 class=\"wp-block-heading\"> Pasos para habilitar Power Pivot en Excel 2010-2013<\/h2>\n<p> En Microsoft Excel 2010, Power Pivot no viene con la aplicaci\u00f3n de oficina principal. Debe <a href=\"https:\/\/www.microsoft.com\/en-in\/download\/details.aspx?id=102\" target=\"_blank\" rel=\"noreferrer noopener nofollow\">descargarlo desde el Centro de descarga de Microsoft<\/a> . Una vez que haya descargado el paquete, simplemente siga estos sencillos pasos para instalarlo en su sistema.<\/p>\n<ul>\n<li> Simplemente instale PowerPivot desde el archivo que descarg\u00f3. La instalaci\u00f3n en su sistema tardar\u00e1 entre 2 y 3 minutos.<\/li>\n<\/ul>\n<div class=\"wp-block-image\">\n<figure class=\"aligncenter\"> <a href=\"https:\/\/exceladvisor.org\/wp-content\/uploads\/2023\/08\/Activer-PowerPivot-dans-Excel-2010-2-1.png\" rel=\"attachment wp-att-3662\"><img loading=\"lazy\" decoding=\"async\" class=\"wp-image-3662\" src=\"https:\/\/exceladvisor.org\/wp-content\/uploads\/2023\/08\/Activer-PowerPivot-dans-Excel-2010-2-1.png\" sizes=\"auto, \" srcset=\"\" alt=\"Inicie la instalaci\u00f3n para habilitar PowerPivot en Excel 2010\" width=\"516\" height=\"394\"><\/a><\/figure>\n<\/div>\n<ul>\n<li> Una vez que lo haya instalado, simplemente inicie Excel y tendr\u00e1 una nueva pesta\u00f1a en su cinta de Excel.<\/li>\n<\/ul>\n<figure class=\"wp-block-image\"> <a href=\"https:\/\/exceladvisor.org\/wp-content\/uploads\/2023\/08\/Activer-PowerPivot-dans-Excel-2010-4-1.png\" rel=\"attachment wp-att-3664\"><img loading=\"lazy\" decoding=\"async\" class=\"wp-image-3664\" src=\"https:\/\/exceladvisor.org\/wp-content\/uploads\/2023\/08\/Activer-PowerPivot-dans-Excel-2010-4-1.png\" sizes=\"auto, \" srcset=\"\" alt=\"Su nueva pesta\u00f1a para habilitar PowerPivot en Excel 2010\" width=\"850\" height=\"169\"><\/a><\/figure>\n","protected":false},"excerpt":{"rendered":"<p>Cuando comenc\u00e9 a usarlo por primera vez en Excel 2010, solo encontr\u00e9 un problema al habilitar PowerPivot. En Excel 2010, a diferencia de versiones anteriores de Microsoft Excel, primero debe habilitarlo antes de usarlo. Si todav\u00eda utiliza Excel 2010, este art\u00edculo es para usted. Requisitos del sistema para habilitar Power Pivot en Excel Una versi\u00f3n [&hellip;]<\/p>\n","protected":false},"author":1,"featured_media":0,"parent":0,"menu_order":0,"comment_status":"open","ping_status":"closed","template":"","meta":{"ub_ctt_via":"","footnotes":""},"class_list":["post-396","page","type-page","status-publish","hentry"],"featured_image_src":null,"yoast_head":"<!-- This site is optimized with the Yoast SEO plugin v25.4 - https:\/\/yoast.com\/wordpress\/plugins\/seo\/ -->\n<title>\u00bfc\u00f3mo habilitar power pivot en excel 2010 y 2013?<\/title>\n<meta name=\"robots\" content=\"index, follow, max-snippet:-1, max-image-preview:large, max-video-preview:-1\" \/>\n<link rel=\"canonical\" href=\"https:\/\/exceladvisor.org\/es\/habilitar-el-pivote-de-poder\/\" \/>\n<meta property=\"og:locale\" content=\"es_ES\" \/>\n<meta property=\"og:type\" content=\"article\" \/>\n<meta property=\"og:title\" content=\"\u00bfc\u00f3mo habilitar power pivot en excel 2010 y 2013?\" \/>\n<meta property=\"og:description\" content=\"Cuando comenc\u00e9 a usarlo por primera vez en Excel 2010, solo encontr\u00e9 un problema al habilitar PowerPivot. En Excel 2010, a diferencia de versiones anteriores de Microsoft Excel, primero debe habilitarlo antes de usarlo. Si todav\u00eda utiliza Excel 2010, este art\u00edculo es para usted. Requisitos del sistema para habilitar Power Pivot en Excel Una versi\u00f3n [&hellip;]\" \/>\n<meta property=\"og:url\" content=\"https:\/\/exceladvisor.org\/es\/habilitar-el-pivote-de-poder\/\" \/>\n<meta property=\"og:site_name\" content=\"Excel Advisor\" \/>\n<meta property=\"article:modified_time\" content=\"2023-12-25T10:25:31+00:00\" \/>\n<meta property=\"og:image\" content=\"https:\/\/exceladvisor.org\/wp-content\/uploads\/2023\/08\/Activer-PowerPivot-dans-Excel-2010-1-1.jpg\" \/>\n<meta name=\"twitter:card\" content=\"summary_large_image\" \/>\n<meta name=\"twitter:label1\" content=\"Tiempo de lectura\" \/>\n\t<meta name=\"twitter:data1\" content=\"1 minuto\" \/>\n<script type=\"application\/ld+json\" class=\"yoast-schema-graph\">{\"@context\":\"https:\/\/schema.org\",\"@graph\":[{\"@type\":\"WebPage\",\"@id\":\"https:\/\/exceladvisor.org\/es\/habilitar-el-pivote-de-poder\/\",\"url\":\"https:\/\/exceladvisor.org\/es\/habilitar-el-pivote-de-poder\/\",\"name\":\"\u00bfc\u00f3mo habilitar power pivot en excel 2010 y 2013?\",\"isPartOf\":{\"@id\":\"https:\/\/exceladvisor.org\/es\/#website\"},\"primaryImageOfPage\":{\"@id\":\"https:\/\/exceladvisor.org\/es\/habilitar-el-pivote-de-poder\/#primaryimage\"},\"image\":{\"@id\":\"https:\/\/exceladvisor.org\/es\/habilitar-el-pivote-de-poder\/#primaryimage\"},\"thumbnailUrl\":\"https:\/\/exceladvisor.org\/wp-content\/uploads\/2023\/08\/Activer-PowerPivot-dans-Excel-2010-1-1.jpg\",\"datePublished\":\"2023-10-30T14:22:19+00:00\",\"dateModified\":\"2023-12-25T10:25:31+00:00\",\"breadcrumb\":{\"@id\":\"https:\/\/exceladvisor.org\/es\/habilitar-el-pivote-de-poder\/#breadcrumb\"},\"inLanguage\":\"es\",\"potentialAction\":[{\"@type\":\"ReadAction\",\"target\":[\"https:\/\/exceladvisor.org\/es\/habilitar-el-pivote-de-poder\/\"]}]},{\"@type\":\"ImageObject\",\"inLanguage\":\"es\",\"@id\":\"https:\/\/exceladvisor.org\/es\/habilitar-el-pivote-de-poder\/#primaryimage\",\"url\":\"https:\/\/exceladvisor.org\/wp-content\/uploads\/2023\/08\/Activer-PowerPivot-dans-Excel-2010-1-1.jpg\",\"contentUrl\":\"https:\/\/exceladvisor.org\/wp-content\/uploads\/2023\/08\/Activer-PowerPivot-dans-Excel-2010-1-1.jpg\"},{\"@type\":\"BreadcrumbList\",\"@id\":\"https:\/\/exceladvisor.org\/es\/habilitar-el-pivote-de-poder\/#breadcrumb\",\"itemListElement\":[{\"@type\":\"ListItem\",\"position\":1,\"name\":\"Hogar\",\"item\":\"https:\/\/exceladvisor.org\/es\/\"},{\"@type\":\"ListItem\",\"position\":2,\"name\":\"\u00bfc\u00f3mo habilitar power pivot en excel 2010 y 2013?\"}]},{\"@type\":\"WebSite\",\"@id\":\"https:\/\/exceladvisor.org\/es\/#website\",\"url\":\"https:\/\/exceladvisor.org\/es\/\",\"name\":\"Excel Advisor\",\"description\":\"Su gu\u00eda para la dominaci\u00f3n de datos!\",\"publisher\":{\"@id\":\"https:\/\/exceladvisor.org\/es\/#organization\"},\"potentialAction\":[{\"@type\":\"SearchAction\",\"target\":{\"@type\":\"EntryPoint\",\"urlTemplate\":\"https:\/\/exceladvisor.org\/es\/?s={search_term_string}\"},\"query-input\":{\"@type\":\"PropertyValueSpecification\",\"valueRequired\":true,\"valueName\":\"search_term_string\"}}],\"inLanguage\":\"es\"},{\"@type\":\"Organization\",\"@id\":\"https:\/\/exceladvisor.org\/es\/#organization\",\"name\":\"Excel Advisor\",\"url\":\"https:\/\/exceladvisor.org\/es\/\",\"logo\":{\"@type\":\"ImageObject\",\"inLanguage\":\"es\",\"@id\":\"https:\/\/exceladvisor.org\/es\/#\/schema\/logo\/image\/\",\"url\":\"https:\/\/exceladvisor.org\/es\/wp-content\/uploads\/2023\/12\/exceladvisor.org_.png\",\"contentUrl\":\"https:\/\/exceladvisor.org\/es\/wp-content\/uploads\/2023\/12\/exceladvisor.org_.png\",\"width\":105,\"height\":36,\"caption\":\"Excel Advisor\"},\"image\":{\"@id\":\"https:\/\/exceladvisor.org\/es\/#\/schema\/logo\/image\/\"}}]}<\/script>\n<!-- \/ Yoast SEO plugin. -->","yoast_head_json":{"title":"\u00bfc\u00f3mo habilitar power pivot en excel 2010 y 2013?","robots":{"index":"index","follow":"follow","max-snippet":"max-snippet:-1","max-image-preview":"max-image-preview:large","max-video-preview":"max-video-preview:-1"},"canonical":"https:\/\/exceladvisor.org\/es\/habilitar-el-pivote-de-poder\/","og_locale":"es_ES","og_type":"article","og_title":"\u00bfc\u00f3mo habilitar power pivot en excel 2010 y 2013?","og_description":"Cuando comenc\u00e9 a usarlo por primera vez en Excel 2010, solo encontr\u00e9 un problema al habilitar PowerPivot. En Excel 2010, a diferencia de versiones anteriores de Microsoft Excel, primero debe habilitarlo antes de usarlo. Si todav\u00eda utiliza Excel 2010, este art\u00edculo es para usted. Requisitos del sistema para habilitar Power Pivot en Excel Una versi\u00f3n [&hellip;]","og_url":"https:\/\/exceladvisor.org\/es\/habilitar-el-pivote-de-poder\/","og_site_name":"Excel Advisor","article_modified_time":"2023-12-25T10:25:31+00:00","og_image":[{"url":"https:\/\/exceladvisor.org\/wp-content\/uploads\/2023\/08\/Activer-PowerPivot-dans-Excel-2010-1-1.jpg","type":"","width":"","height":""}],"twitter_card":"summary_large_image","twitter_misc":{"Tiempo de lectura":"1 minuto"},"schema":{"@context":"https:\/\/schema.org","@graph":[{"@type":"WebPage","@id":"https:\/\/exceladvisor.org\/es\/habilitar-el-pivote-de-poder\/","url":"https:\/\/exceladvisor.org\/es\/habilitar-el-pivote-de-poder\/","name":"\u00bfc\u00f3mo habilitar power pivot en excel 2010 y 2013?","isPartOf":{"@id":"https:\/\/exceladvisor.org\/es\/#website"},"primaryImageOfPage":{"@id":"https:\/\/exceladvisor.org\/es\/habilitar-el-pivote-de-poder\/#primaryimage"},"image":{"@id":"https:\/\/exceladvisor.org\/es\/habilitar-el-pivote-de-poder\/#primaryimage"},"thumbnailUrl":"https:\/\/exceladvisor.org\/wp-content\/uploads\/2023\/08\/Activer-PowerPivot-dans-Excel-2010-1-1.jpg","datePublished":"2023-10-30T14:22:19+00:00","dateModified":"2023-12-25T10:25:31+00:00","breadcrumb":{"@id":"https:\/\/exceladvisor.org\/es\/habilitar-el-pivote-de-poder\/#breadcrumb"},"inLanguage":"es","potentialAction":[{"@type":"ReadAction","target":["https:\/\/exceladvisor.org\/es\/habilitar-el-pivote-de-poder\/"]}]},{"@type":"ImageObject","inLanguage":"es","@id":"https:\/\/exceladvisor.org\/es\/habilitar-el-pivote-de-poder\/#primaryimage","url":"https:\/\/exceladvisor.org\/wp-content\/uploads\/2023\/08\/Activer-PowerPivot-dans-Excel-2010-1-1.jpg","contentUrl":"https:\/\/exceladvisor.org\/wp-content\/uploads\/2023\/08\/Activer-PowerPivot-dans-Excel-2010-1-1.jpg"},{"@type":"BreadcrumbList","@id":"https:\/\/exceladvisor.org\/es\/habilitar-el-pivote-de-poder\/#breadcrumb","itemListElement":[{"@type":"ListItem","position":1,"name":"Hogar","item":"https:\/\/exceladvisor.org\/es\/"},{"@type":"ListItem","position":2,"name":"\u00bfc\u00f3mo habilitar power pivot en excel 2010 y 2013?"}]},{"@type":"WebSite","@id":"https:\/\/exceladvisor.org\/es\/#website","url":"https:\/\/exceladvisor.org\/es\/","name":"Excel Advisor","description":"Su gu\u00eda para la dominaci\u00f3n de datos!","publisher":{"@id":"https:\/\/exceladvisor.org\/es\/#organization"},"potentialAction":[{"@type":"SearchAction","target":{"@type":"EntryPoint","urlTemplate":"https:\/\/exceladvisor.org\/es\/?s={search_term_string}"},"query-input":{"@type":"PropertyValueSpecification","valueRequired":true,"valueName":"search_term_string"}}],"inLanguage":"es"},{"@type":"Organization","@id":"https:\/\/exceladvisor.org\/es\/#organization","name":"Excel Advisor","url":"https:\/\/exceladvisor.org\/es\/","logo":{"@type":"ImageObject","inLanguage":"es","@id":"https:\/\/exceladvisor.org\/es\/#\/schema\/logo\/image\/","url":"https:\/\/exceladvisor.org\/es\/wp-content\/uploads\/2023\/12\/exceladvisor.org_.png","contentUrl":"https:\/\/exceladvisor.org\/es\/wp-content\/uploads\/2023\/12\/exceladvisor.org_.png","width":105,"height":36,"caption":"Excel Advisor"},"image":{"@id":"https:\/\/exceladvisor.org\/es\/#\/schema\/logo\/image\/"}}]}},"yoast_meta":{"yoast_wpseo_title":"","yoast_wpseo_metadesc":"","yoast_wpseo_canonical":""},"_links":{"self":[{"href":"https:\/\/exceladvisor.org\/es\/wp-json\/wp\/v2\/pages\/396","targetHints":{"allow":["GET"]}}],"collection":[{"href":"https:\/\/exceladvisor.org\/es\/wp-json\/wp\/v2\/pages"}],"about":[{"href":"https:\/\/exceladvisor.org\/es\/wp-json\/wp\/v2\/types\/page"}],"author":[{"embeddable":true,"href":"https:\/\/exceladvisor.org\/es\/wp-json\/wp\/v2\/users\/1"}],"replies":[{"embeddable":true,"href":"https:\/\/exceladvisor.org\/es\/wp-json\/wp\/v2\/comments?post=396"}],"version-history":[{"count":1,"href":"https:\/\/exceladvisor.org\/es\/wp-json\/wp\/v2\/pages\/396\/revisions"}],"predecessor-version":[{"id":1074,"href":"https:\/\/exceladvisor.org\/es\/wp-json\/wp\/v2\/pages\/396\/revisions\/1074"}],"wp:attachment":[{"href":"https:\/\/exceladvisor.org\/es\/wp-json\/wp\/v2\/media?parent=396"}],"curies":[{"name":"wp","href":"https:\/\/api.w.org\/{rel}","templated":true}]}}