{"id":398,"date":"2023-10-30T12:37:34","date_gmt":"2023-10-30T12:37:34","guid":{"rendered":"https:\/\/exceladvisor.org\/es\/agregar-un-codigo-de-barras\/"},"modified":"2023-12-25T10:26:03","modified_gmt":"2023-12-25T10:26:03","slug":"agregar-un-codigo-de-barras","status":"publish","type":"page","link":"https:\/\/exceladvisor.org\/es\/agregar-un-codigo-de-barras\/","title":{"rendered":"\u00bfc\u00f3mo instalar una fuente de c\u00f3digo de barras en excel?"},"content":{"rendered":"<div class=\"excel-antes-del-contenido\" id=\"excel-1196807399\"><script type=\"text\/javascript\">\r\n\tatOptions = {\r\n\t\t'key' : 'c1158f160081d6540a8409e6925dab94',\r\n\t\t'format' : 'iframe',\r\n\t\t'height' : 250,\r\n\t\t'width' : 300,\r\n\t\t'params' : {}\r\n\t};\r\n<\/script>\r\n<script type=\"text\/javascript\" src=\"\/\/www.highperformanceformat.com\/c1158f160081d6540a8409e6925dab94\/invoke.js\"><\/script><\/div><p>Las personas que <a style=\"outline: none;\" href=\"https:\/\/exceladvisor.org\/es\/plantilla-de-gestion-de-inventario-formularios-de-usuario-excel-vba\/\" data-wpel-link=\"internal\">realizan un seguimiento del inventario, las ventas y las compras en Excel<\/a> suelen preguntarme \u00ab\u00bfc\u00f3mo generamos un c\u00f3digo de barras en Excel?\u00bb \u00ab. Bueno, en Excel no existe una opci\u00f3n predeterminada para generar un c\u00f3digo de barras.<\/p>\n<p> Y la mala noticia es que Microsoft no tiene planes de agregar una opci\u00f3n como esta. Pero aqu\u00ed est\u00e1 la buena noticia: puedes generar un c\u00f3digo de barras en Excel instalando una fuente. <\/p>\n<p><img loading=\"lazy\" decoding=\"async\" class=\"aligncenter\" src=\"https:\/\/exceladvisor.org\/wp-content\/uploads\/2023\/08\/39-code-a-barres-dans-excel.gif\" sizes=\"auto, \" srcset=\"\" alt=\"39 c\u00f3digo de barras en excel\" width=\"360\" height=\"160\" data-attachment-id=\"14405\"><\/p>\n<p> As\u00ed que hoy, s\u00f3lo para usted, me gustar\u00eda revelarle el m\u00e9todo para generar c\u00f3digos de barras en Excel usando 39 c\u00f3digos de barras. Entonces empecemos.<\/p>\n<h2 style=\"margin-bottom: 20px !important; margin-top: 0px !important;\"> \u00bfCu\u00e1l es el c\u00f3digo 39?<\/h2>\n<p> El c\u00f3digo 39 se conoce como c\u00f3digo 3 de 9, que es el c\u00f3digo de barras m\u00e1s utilizado y puede ser escaneado por todos los lectores de c\u00f3digos de barras. En este c\u00f3digo, cada car\u00e1cter tiene 5 barras y 4 espacios en total 9 caracteres. De un total de 9 caracteres, 3 son siempre anchos. Puede codificar 26 letras may\u00fasculas, 10 n\u00fameros y 7 caracteres especiales.<\/p>\n<p> <strong>Nota r\u00e1pida:<\/strong> este es uno de esos <a style=\"outline: none;\" href=\"https:\/\/exceladvisor.org\/es\/consejo\/\" data-wpil=\"url\">trucos de Excel<\/a> que pueden ayudar a mejorar <a style=\"outline: none;\" href=\"https:\/\/exceladvisor.org\/es\/habilidades-de-sobresalir\/\">las habilidades b\u00e1sicas de Excel.<\/a><\/p>\n<h2 style=\"margin-bottom: 20px !important; margin-top: 0px !important;\"> Pasos para agregar fuente\/generar c\u00f3digo de barras en Excel<\/h2>\n<p> Simplemente siga estos sencillos pasos.<\/p>\n<ul>\n<li> En primer lugar, debe descargar esta fuente de c\u00f3digo de barras gratuita <a href=\"http:\/\/www.idautomation.com\/free-barcode-products\/code39-font\/#Download_Free_Barcode_Font\" target=\"_blank\" rel=\"noopener\" data-tcb-events=\"\">de idautomation<\/a> .<\/li>\n<li> Una vez que haya descargado esta fuente, deber\u00e1 instalarla en su sistema. <\/li>\n<\/ul>\n<p><img loading=\"lazy\" decoding=\"async\" class=\"aligncenter\" src=\"https:\/\/exceladvisor.org\/wp-content\/uploads\/2023\/08\/installer-la-police-de-code-a-barres-dans-Excel.png\" sizes=\"auto, \" srcset=\"\" alt=\"instalar fuente de c\u00f3digo de barras en excel\" width=\"277\" height=\"73\" data-attachment-id=\"14409\"><\/p>\n<p> Nota importante: esta es una versi\u00f3n gratuita de la fuente. S\u00f3lo podr\u00e1 utilizarlo con fines educativos.<\/p>\n<ul>\n<li> Ahora, desde tu hoja de c\u00e1lculo, selecciona la celda en la que deseas crear un c\u00f3digo de barras.<\/li>\n<li> Ingrese el valor para el cual desea crear el c\u00f3digo de barras.<\/li>\n<li style=\"line-height: 25.5px;\" data-unit=\"px\"> Simplemente cambie el estilo de fuente de su estilo de fuente normal a \u00bb <a href=\"http:\/\/www.idautomation.com\/free-barcode-products\/code39-font\/#Download_Free_Barcode_Font\" target=\"_blank\" rel=\"noopener\" data-tcb-events=\"\">Versi\u00f3n gratuita IDAutomationHC39M<\/a> \u00ab. <\/li>\n<\/ul>\n<p><img loading=\"lazy\" decoding=\"async\" class=\"aligncenter\" src=\"https:\/\/exceladvisor.org\/wp-content\/uploads\/2023\/08\/changer-la-police-en-code-barres-a-partir-de-la-normale-en-utilisant-les-options-de-formatage-1.png\" sizes=\"auto, \" srcset=\"\" alt=\"\" width=\"531\" height=\"467\" data-attachment-id=\"14411\"><\/p>\n<p> Tan pronto como cambia el estilo de fuente, el texto se convierte en un c\u00f3digo de barras.<\/p>\n<p> Este estilo de fuente simplemente convertir\u00e1 su texto a 3 de los 9 c\u00f3digos de barras. Y puedes usarlo donde quieras.<\/p>\n<h2 style=\"margin-bottom: 20px !important; margin-top: 0px !important;\"> Pasos para crear un c\u00f3digo de barras en Word<\/h2>\n<p> Tambi\u00e9n puede crear un c\u00f3digo de barras de 3 por 9 en Word siguiendo los siguientes pasos.<\/p>\n<ul data-unit=\"px\">\n<li style=\"line-height: 30px;\" data-unit=\"px\"> Una vez que haya instalado la fuente en su sistema, puede llamarla desde cualquiera de sus aplicaciones de escritorio.<\/li>\n<li style=\"line-height: 30px;\"> Simplemente ingrese el texto para el que desea crear un c\u00f3digo.<\/li>\n<li style=\"line-height: 30px;\"> Seleccione este texto y cambie el estilo de fuente a \u00abIDAutomationHC39M Free Version\u00bb.<\/li>\n<\/ul>\n<h2 style=\"margin-bottom: 20px !important; margin-top: 0px !important;\"> Conclusi\u00f3n<\/h2>\n<p> Esa es toda la historia del c\u00f3digo de barras. Y sabes que esta es una de las formas m\u00e1s f\u00e1ciles de crear un c\u00f3digo de barras en Excel\/Word.<\/p>\n<p> Puede generar e imprimir estos c\u00f3digos de barras y tambi\u00e9n puede crear una plantilla separada para eso. Espero que este consejo le ayude a <a style=\"outline: none;\" href=\"https:\/\/exceladvisor.org\/es\/plantilla-de-gestion-de-inventario-formularios-de-usuario-excel-vba\/\">realizar un seguimiento eficaz de su inventario<\/a> .<\/p>\n","protected":false},"excerpt":{"rendered":"<p>Las personas que realizan un seguimiento del inventario, las ventas y las compras en Excel suelen preguntarme \u00ab\u00bfc\u00f3mo generamos un c\u00f3digo de barras en Excel?\u00bb \u00ab. Bueno, en Excel no existe una opci\u00f3n predeterminada para generar un c\u00f3digo de barras. Y la mala noticia es que Microsoft no tiene planes de agregar una opci\u00f3n como [&hellip;]<\/p>\n","protected":false},"author":1,"featured_media":0,"parent":0,"menu_order":0,"comment_status":"open","ping_status":"closed","template":"","meta":{"ub_ctt_via":"","footnotes":""},"class_list":["post-398","page","type-page","status-publish","hentry"],"featured_image_src":null,"yoast_head":"<!-- This site is optimized with the Yoast SEO plugin v25.4 - https:\/\/yoast.com\/wordpress\/plugins\/seo\/ -->\n<title>\u00bfc\u00f3mo instalar una fuente de c\u00f3digo de barras en excel?<\/title>\n<meta name=\"robots\" content=\"index, follow, max-snippet:-1, max-image-preview:large, max-video-preview:-1\" \/>\n<link rel=\"canonical\" href=\"https:\/\/exceladvisor.org\/es\/agregar-un-codigo-de-barras\/\" \/>\n<meta property=\"og:locale\" content=\"es_ES\" \/>\n<meta property=\"og:type\" content=\"article\" \/>\n<meta property=\"og:title\" content=\"\u00bfc\u00f3mo instalar una fuente de c\u00f3digo de barras en excel?\" \/>\n<meta property=\"og:description\" content=\"Las personas que realizan un seguimiento del inventario, las ventas y las compras en Excel suelen preguntarme \u00ab\u00bfc\u00f3mo generamos un c\u00f3digo de barras en Excel?\u00bb \u00ab. Bueno, en Excel no existe una opci\u00f3n predeterminada para generar un c\u00f3digo de barras. Y la mala noticia es que Microsoft no tiene planes de agregar una opci\u00f3n como [&hellip;]\" \/>\n<meta property=\"og:url\" content=\"https:\/\/exceladvisor.org\/es\/agregar-un-codigo-de-barras\/\" \/>\n<meta property=\"og:site_name\" content=\"Excel Advisor\" \/>\n<meta property=\"article:modified_time\" content=\"2023-12-25T10:26:03+00:00\" \/>\n<meta property=\"og:image\" content=\"https:\/\/exceladvisor.org\/wp-content\/uploads\/2023\/08\/39-code-a-barres-dans-excel.gif\" \/>\n<meta name=\"twitter:card\" content=\"summary_large_image\" \/>\n<meta name=\"twitter:label1\" content=\"Tiempo de lectura\" \/>\n\t<meta name=\"twitter:data1\" content=\"2 minutos\" \/>\n<script type=\"application\/ld+json\" class=\"yoast-schema-graph\">{\"@context\":\"https:\/\/schema.org\",\"@graph\":[{\"@type\":\"WebPage\",\"@id\":\"https:\/\/exceladvisor.org\/es\/agregar-un-codigo-de-barras\/\",\"url\":\"https:\/\/exceladvisor.org\/es\/agregar-un-codigo-de-barras\/\",\"name\":\"\u00bfc\u00f3mo instalar una fuente de c\u00f3digo de barras en excel?\",\"isPartOf\":{\"@id\":\"https:\/\/exceladvisor.org\/es\/#website\"},\"primaryImageOfPage\":{\"@id\":\"https:\/\/exceladvisor.org\/es\/agregar-un-codigo-de-barras\/#primaryimage\"},\"image\":{\"@id\":\"https:\/\/exceladvisor.org\/es\/agregar-un-codigo-de-barras\/#primaryimage\"},\"thumbnailUrl\":\"https:\/\/exceladvisor.org\/wp-content\/uploads\/2023\/08\/39-code-a-barres-dans-excel.gif\",\"datePublished\":\"2023-10-30T12:37:34+00:00\",\"dateModified\":\"2023-12-25T10:26:03+00:00\",\"breadcrumb\":{\"@id\":\"https:\/\/exceladvisor.org\/es\/agregar-un-codigo-de-barras\/#breadcrumb\"},\"inLanguage\":\"es\",\"potentialAction\":[{\"@type\":\"ReadAction\",\"target\":[\"https:\/\/exceladvisor.org\/es\/agregar-un-codigo-de-barras\/\"]}]},{\"@type\":\"ImageObject\",\"inLanguage\":\"es\",\"@id\":\"https:\/\/exceladvisor.org\/es\/agregar-un-codigo-de-barras\/#primaryimage\",\"url\":\"https:\/\/exceladvisor.org\/wp-content\/uploads\/2023\/08\/39-code-a-barres-dans-excel.gif\",\"contentUrl\":\"https:\/\/exceladvisor.org\/wp-content\/uploads\/2023\/08\/39-code-a-barres-dans-excel.gif\"},{\"@type\":\"BreadcrumbList\",\"@id\":\"https:\/\/exceladvisor.org\/es\/agregar-un-codigo-de-barras\/#breadcrumb\",\"itemListElement\":[{\"@type\":\"ListItem\",\"position\":1,\"name\":\"Hogar\",\"item\":\"https:\/\/exceladvisor.org\/es\/\"},{\"@type\":\"ListItem\",\"position\":2,\"name\":\"\u00bfc\u00f3mo instalar una fuente de c\u00f3digo de barras en excel?\"}]},{\"@type\":\"WebSite\",\"@id\":\"https:\/\/exceladvisor.org\/es\/#website\",\"url\":\"https:\/\/exceladvisor.org\/es\/\",\"name\":\"Excel Advisor\",\"description\":\"Su gu\u00eda para la dominaci\u00f3n de datos!\",\"publisher\":{\"@id\":\"https:\/\/exceladvisor.org\/es\/#organization\"},\"potentialAction\":[{\"@type\":\"SearchAction\",\"target\":{\"@type\":\"EntryPoint\",\"urlTemplate\":\"https:\/\/exceladvisor.org\/es\/?s={search_term_string}\"},\"query-input\":{\"@type\":\"PropertyValueSpecification\",\"valueRequired\":true,\"valueName\":\"search_term_string\"}}],\"inLanguage\":\"es\"},{\"@type\":\"Organization\",\"@id\":\"https:\/\/exceladvisor.org\/es\/#organization\",\"name\":\"Excel Advisor\",\"url\":\"https:\/\/exceladvisor.org\/es\/\",\"logo\":{\"@type\":\"ImageObject\",\"inLanguage\":\"es\",\"@id\":\"https:\/\/exceladvisor.org\/es\/#\/schema\/logo\/image\/\",\"url\":\"https:\/\/exceladvisor.org\/es\/wp-content\/uploads\/2023\/12\/exceladvisor.org_.png\",\"contentUrl\":\"https:\/\/exceladvisor.org\/es\/wp-content\/uploads\/2023\/12\/exceladvisor.org_.png\",\"width\":105,\"height\":36,\"caption\":\"Excel Advisor\"},\"image\":{\"@id\":\"https:\/\/exceladvisor.org\/es\/#\/schema\/logo\/image\/\"}}]}<\/script>\n<!-- \/ Yoast SEO plugin. -->","yoast_head_json":{"title":"\u00bfc\u00f3mo instalar una fuente de c\u00f3digo de barras en excel?","robots":{"index":"index","follow":"follow","max-snippet":"max-snippet:-1","max-image-preview":"max-image-preview:large","max-video-preview":"max-video-preview:-1"},"canonical":"https:\/\/exceladvisor.org\/es\/agregar-un-codigo-de-barras\/","og_locale":"es_ES","og_type":"article","og_title":"\u00bfc\u00f3mo instalar una fuente de c\u00f3digo de barras en excel?","og_description":"Las personas que realizan un seguimiento del inventario, las ventas y las compras en Excel suelen preguntarme \u00ab\u00bfc\u00f3mo generamos un c\u00f3digo de barras en Excel?\u00bb \u00ab. Bueno, en Excel no existe una opci\u00f3n predeterminada para generar un c\u00f3digo de barras. Y la mala noticia es que Microsoft no tiene planes de agregar una opci\u00f3n como [&hellip;]","og_url":"https:\/\/exceladvisor.org\/es\/agregar-un-codigo-de-barras\/","og_site_name":"Excel Advisor","article_modified_time":"2023-12-25T10:26:03+00:00","og_image":[{"url":"https:\/\/exceladvisor.org\/wp-content\/uploads\/2023\/08\/39-code-a-barres-dans-excel.gif","type":"","width":"","height":""}],"twitter_card":"summary_large_image","twitter_misc":{"Tiempo de lectura":"2 minutos"},"schema":{"@context":"https:\/\/schema.org","@graph":[{"@type":"WebPage","@id":"https:\/\/exceladvisor.org\/es\/agregar-un-codigo-de-barras\/","url":"https:\/\/exceladvisor.org\/es\/agregar-un-codigo-de-barras\/","name":"\u00bfc\u00f3mo instalar una fuente de c\u00f3digo de barras en excel?","isPartOf":{"@id":"https:\/\/exceladvisor.org\/es\/#website"},"primaryImageOfPage":{"@id":"https:\/\/exceladvisor.org\/es\/agregar-un-codigo-de-barras\/#primaryimage"},"image":{"@id":"https:\/\/exceladvisor.org\/es\/agregar-un-codigo-de-barras\/#primaryimage"},"thumbnailUrl":"https:\/\/exceladvisor.org\/wp-content\/uploads\/2023\/08\/39-code-a-barres-dans-excel.gif","datePublished":"2023-10-30T12:37:34+00:00","dateModified":"2023-12-25T10:26:03+00:00","breadcrumb":{"@id":"https:\/\/exceladvisor.org\/es\/agregar-un-codigo-de-barras\/#breadcrumb"},"inLanguage":"es","potentialAction":[{"@type":"ReadAction","target":["https:\/\/exceladvisor.org\/es\/agregar-un-codigo-de-barras\/"]}]},{"@type":"ImageObject","inLanguage":"es","@id":"https:\/\/exceladvisor.org\/es\/agregar-un-codigo-de-barras\/#primaryimage","url":"https:\/\/exceladvisor.org\/wp-content\/uploads\/2023\/08\/39-code-a-barres-dans-excel.gif","contentUrl":"https:\/\/exceladvisor.org\/wp-content\/uploads\/2023\/08\/39-code-a-barres-dans-excel.gif"},{"@type":"BreadcrumbList","@id":"https:\/\/exceladvisor.org\/es\/agregar-un-codigo-de-barras\/#breadcrumb","itemListElement":[{"@type":"ListItem","position":1,"name":"Hogar","item":"https:\/\/exceladvisor.org\/es\/"},{"@type":"ListItem","position":2,"name":"\u00bfc\u00f3mo instalar una fuente de c\u00f3digo de barras en excel?"}]},{"@type":"WebSite","@id":"https:\/\/exceladvisor.org\/es\/#website","url":"https:\/\/exceladvisor.org\/es\/","name":"Excel Advisor","description":"Su gu\u00eda para la dominaci\u00f3n de datos!","publisher":{"@id":"https:\/\/exceladvisor.org\/es\/#organization"},"potentialAction":[{"@type":"SearchAction","target":{"@type":"EntryPoint","urlTemplate":"https:\/\/exceladvisor.org\/es\/?s={search_term_string}"},"query-input":{"@type":"PropertyValueSpecification","valueRequired":true,"valueName":"search_term_string"}}],"inLanguage":"es"},{"@type":"Organization","@id":"https:\/\/exceladvisor.org\/es\/#organization","name":"Excel Advisor","url":"https:\/\/exceladvisor.org\/es\/","logo":{"@type":"ImageObject","inLanguage":"es","@id":"https:\/\/exceladvisor.org\/es\/#\/schema\/logo\/image\/","url":"https:\/\/exceladvisor.org\/es\/wp-content\/uploads\/2023\/12\/exceladvisor.org_.png","contentUrl":"https:\/\/exceladvisor.org\/es\/wp-content\/uploads\/2023\/12\/exceladvisor.org_.png","width":105,"height":36,"caption":"Excel Advisor"},"image":{"@id":"https:\/\/exceladvisor.org\/es\/#\/schema\/logo\/image\/"}}]}},"yoast_meta":{"yoast_wpseo_title":"","yoast_wpseo_metadesc":"","yoast_wpseo_canonical":""},"_links":{"self":[{"href":"https:\/\/exceladvisor.org\/es\/wp-json\/wp\/v2\/pages\/398","targetHints":{"allow":["GET"]}}],"collection":[{"href":"https:\/\/exceladvisor.org\/es\/wp-json\/wp\/v2\/pages"}],"about":[{"href":"https:\/\/exceladvisor.org\/es\/wp-json\/wp\/v2\/types\/page"}],"author":[{"embeddable":true,"href":"https:\/\/exceladvisor.org\/es\/wp-json\/wp\/v2\/users\/1"}],"replies":[{"embeddable":true,"href":"https:\/\/exceladvisor.org\/es\/wp-json\/wp\/v2\/comments?post=398"}],"version-history":[{"count":1,"href":"https:\/\/exceladvisor.org\/es\/wp-json\/wp\/v2\/pages\/398\/revisions"}],"predecessor-version":[{"id":1116,"href":"https:\/\/exceladvisor.org\/es\/wp-json\/wp\/v2\/pages\/398\/revisions\/1116"}],"wp:attachment":[{"href":"https:\/\/exceladvisor.org\/es\/wp-json\/wp\/v2\/media?parent=398"}],"curies":[{"name":"wp","href":"https:\/\/api.w.org\/{rel}","templated":true}]}}