{"id":399,"date":"2023-10-30T12:21:52","date_gmt":"2023-10-30T12:21:52","guid":{"rendered":"https:\/\/exceladvisor.org\/es\/herramienta-de-analisis-rapido\/"},"modified":"2023-12-25T10:31:27","modified_gmt":"2023-12-25T10:31:27","slug":"herramienta-de-analisis-rapido","status":"publish","type":"page","link":"https:\/\/exceladvisor.org\/es\/herramienta-de-analisis-rapido\/","title":{"rendered":"\u00bfc\u00f3mo utilizar la herramienta an\u00e1lisis r\u00e1pido en excel?"},"content":{"rendered":"<div class=\"excel-antes-del-contenido\" id=\"excel-2820446998\"><script type=\"text\/javascript\">\r\n\tatOptions = {\r\n\t\t'key' : 'c1158f160081d6540a8409e6925dab94',\r\n\t\t'format' : 'iframe',\r\n\t\t'height' : 250,\r\n\t\t'width' : 300,\r\n\t\t'params' : {}\r\n\t};\r\n<\/script>\r\n<script type=\"text\/javascript\" src=\"\/\/www.highperformanceformat.com\/c1158f160081d6540a8409e6925dab94\/invoke.js\"><\/script><\/div><h2 class=\"wp-block-heading\">\u00bfQu\u00e9 es la herramienta de escaneo r\u00e1pido?<\/h2>\n<p> HERRAMIENTA DE AN\u00c1LISIS R\u00c1PIDO es un conjunto de <strong>opciones seleccionadas que puede utilizar para analizar datos r\u00e1pidamente<\/strong> . Incluye formato condicional, gr\u00e1ficos, tablas din\u00e1micas y minigr\u00e1ficos. Tambi\u00e9n admite el tipo de datos (texto, fechas o n\u00fameros) que seleccion\u00f3 y le muestra opciones basadas en eso. <\/p>\n<div class=\"wp-block-image\">\n<figure class=\"aligncenter size-large is-resized\"><img loading=\"lazy\" decoding=\"async\" class=\"wp-image-49509\" src=\"https:\/\/exceladvisor.org\/wp-content\/uploads\/2023\/08\/1-collection-doutils-danalyse-rapide.png\" sizes=\"auto, \" srcset=\"\" alt=\"colecci\u00f3n de herramientas de an\u00e1lisis r\u00e1pido\" width=\"551\" height=\"213\"><\/figure>\n<\/div>\n<p> La herramienta An\u00e1lisis r\u00e1pido se introdujo con Excel 2013, por lo que si utiliza Excel 2010 o una versi\u00f3n anterior, no podr\u00e1 encontrar esta opci\u00f3n. La mayor\u00eda de las opciones que tiene en la herramienta de an\u00e1lisis r\u00e1pido son fijas, pero pocas se basan en el tipo de datos seleccionado.<\/p>\n<p> Por ejemplo, en la pesta\u00f1a de formato condicional, tendr\u00e1 diferentes opciones al seleccionar fechas comparando si selecciona datos num\u00e9ricos. Cuando pasa el cursor sobre una opci\u00f3n en la herramienta An\u00e1lisis r\u00e1pido, se muestra una vista previa de los datos seleccionados.<\/p>\n<h2 class=\"wp-block-heading\"> Ubicaci\u00f3n de la herramienta de an\u00e1lisis r\u00e1pido en la cinta de Excel<\/h2>\n<p> El bot\u00f3n para abrir la herramienta An\u00e1lisis r\u00e1pido <strong>no aparece en ninguna parte de la cinta de Excel<\/strong> . Al seleccionar los datos, Excel <strong>te muestra un peque\u00f1o icono en la parte inferior derecha<\/strong> , y al hacer clic en este icono, abre la herramienta de An\u00e1lisis R\u00e1pido. <\/p>\n<div class=\"wp-block-image\">\n<figure class=\"aligncenter size-large is-resized\"><img loading=\"lazy\" decoding=\"async\" class=\"wp-image-49510\" src=\"https:\/\/exceladvisor.org\/wp-content\/uploads\/2023\/08\/2-emplacement-de-loutil-danalyse-rapide.png\" sizes=\"auto, \" srcset=\"\" alt=\"ubicaci\u00f3n de la herramienta de escaneo r\u00e1pido\" width=\"511\" height=\"173\"><\/figure>\n<\/div>\n<p class=\"content-box-blue\"> <em>La herramienta de an\u00e1lisis r\u00e1pido est\u00e1 en nuestra lista de <a href=\"https:\/\/exceladvisor.org\/es\/habilidades-de-sobresalir\/\"><strong>conocimientos intermedios de Excel<\/strong><\/a> .<\/em><\/p>\n<h2 class=\"wp-block-heading\"> Pero no puedo ver el bot\u00f3n de la herramienta de escaneo r\u00e1pido<\/h2>\n<p> Si de alguna manera no puedes ver un bot\u00f3n de escaneo r\u00e1pido cuando seleccionas los datos (muy poco probable), debes verificar si est\u00e1 deshabilitado en las opciones. Vaya a la pesta\u00f1a Archivo \u279c Opciones \u279c General \u279c Marca de verificaci\u00f3n (Mostrar opciones de escaneo r\u00e1pido al seleccionar) <\/p>\n<div class=\"wp-block-image\">\n<figure class=\"aligncenter size-large is-resized\"><img loading=\"lazy\" decoding=\"async\" class=\"wp-image-49511\" src=\"https:\/\/exceladvisor.org\/wp-content\/uploads\/2023\/08\/3-verifier-sil-est-desactive.png\" sizes=\"auto, \" srcset=\"\" alt=\"comprueba si est\u00e1 deshabilitado\" width=\"546\" height=\"272\"><\/figure>\n<\/div>\n<p> Como dije, fue introducido en Excel 2013; Si est\u00e1 utilizando una versi\u00f3n anterior a esta, deber\u00e1 actualizar a la \u00faltima versi\u00f3n.<\/p>\n<h2 class=\"wp-block-heading\"> Atajo de teclado para abrir la herramienta de escaneo r\u00e1pido<\/h2>\n<p> S\u00ed, existe un atajo de teclado para abrir la herramienta de escaneo r\u00e1pido.<\/p>\n<p> <kbd>Ctrl<\/kbd> + <kbd>Q<\/kbd><\/p>\n<p> Debe seleccionar los datos y luego presionar este m\u00e9todo abreviado de teclado.<\/p>\n<p> <a href=\"https:\/\/exceladvisor.org\/es\/atajos-de-teclado\/\"><strong>Hoja de referencia de atajos de teclado de Excel<\/strong><\/a><\/p>\n<p> Aqu\u00ed hay otra ventaja. Si una herramienta de an\u00e1lisis r\u00e1pido est\u00e1 deshabilitada en las opciones de Excel, a\u00fan puede abrirla usando el m\u00e9todo abreviado de teclado. Tambi\u00e9n puede habilitar el bot\u00f3n de escaneo r\u00e1pido desde el men\u00fa contextual. <\/p>\n<div class=\"wp-block-image\">\n<figure class=\"aligncenter size-large is-resized\"><img loading=\"lazy\" decoding=\"async\" class=\"wp-image-49512\" src=\"https:\/\/exceladvisor.org\/wp-content\/uploads\/2023\/08\/4-raccourci-clavier-pour-ouvrir-loutil-danalyse-rapide.png\" sizes=\"auto, \" srcset=\"\" alt=\"m\u00e9todo abreviado de teclado para abrir la herramienta de escaneo r\u00e1pido\" width=\"214\" height=\"220\"><\/figure>\n<\/div>\n<h2 class=\"wp-block-heading\"> C\u00f3mo utilizar la herramienta de escaneo r\u00e1pido<\/h2>\n<ol>\n<li> Primero, seleccione los datos que desea analizar.<\/li>\n<li> Haga clic en el bot\u00f3n de escaneo r\u00e1pido en la parte inferior derecha.<\/li>\n<li> Navegue hasta la pesta\u00f1a desde la que desea utilizar la opci\u00f3n.<\/li>\n<li> Haga clic en la opci\u00f3n que desea utilizar.<\/li>\n<\/ol>\n<h2 class=\"wp-block-heading\"> Comentarios<\/h2>\n<ol>\n<li> Excel no le mostrar\u00e1 el bot\u00f3n de escaneo r\u00e1pido si selecciona celdas vac\u00edas.<\/li>\n<li> Y si seleccion\u00f3 toda la columna o una fila.<\/li>\n<\/ol>\n<h2 class=\"wp-block-heading\"> C\u00f3mo utilizar la herramienta de escaneo r\u00e1pido para el an\u00e1lisis de datos: consejos<\/h2>\n<h3 class=\"wp-block-heading\"> 1. Cree r\u00e1pidamente barras de datos<\/h3>\n<p> Esta opci\u00f3n es \u00fatil cuando se trabaja con datos num\u00e9ricos (barras de datos de formato condicional). <\/p>\n<div class=\"wp-block-image\">\n<figure class=\"aligncenter size-large is-resized\"><img loading=\"lazy\" decoding=\"async\" class=\"wp-image-49513\" src=\"https:\/\/exceladvisor.org\/wp-content\/uploads\/2023\/08\/5-creer-rapidement-des-barres-de-donnees.png\" sizes=\"auto, \" srcset=\"\" alt=\"crear-barras-de-datos-r\u00e1pidamente\" width=\"469\" height=\"424\"><\/figure>\n<\/div>\n<p> Debe hacer clic en el bot\u00f3n de an\u00e1lisis r\u00e1pido y en la pesta\u00f1a de formato, luego seleccionar la opci\u00f3n \u00abBarras de datos\u00bb. Agregar\u00e1 instant\u00e1neamente barras de datos s\u00f3lidas (azules) a los datos seleccionados. Es r\u00e1pido, \u00bfverdad?<\/p>\n<p> Y si desea cambiar el color o realizar otras personalizaciones, vaya a la pesta\u00f1a Inicio \u279c Estilos \u279c Formato condicional \u279c Administrar reglas. <\/p>\n<div class=\"wp-block-image\">\n<figure class=\"aligncenter size-large is-resized\"><img loading=\"lazy\" decoding=\"async\" class=\"wp-image-49514\" src=\"https:\/\/exceladvisor.org\/wp-content\/uploads\/2023\/08\/6-changer-la-couleur-et-vouloir-faire-dautres-personnalisations.png\" sizes=\"auto, \" srcset=\"\" alt=\"cambiar-el-color-y-querer-hacer-otras-personalizaciones\" width=\"224\" height=\"444\"><\/figure>\n<\/div>\n<p> <em>Relacionado: <a href=\"https:\/\/exceladvisor.org\/es\/formulas-1\/\" data-wpil=\"url\">F\u00f3rmulas en formato condicional<\/a><\/em><\/p>\n<h3 class=\"wp-block-heading\"> 2. Analice fechas con herramienta de an\u00e1lisis r\u00e1pido<\/h3>\n<p> Si tiene fechas en sus datos, puede analizarlas r\u00e1pidamente utilizando la herramienta An\u00e1lisis r\u00e1pido. Cuando lo abre, le muestra algunas opciones r\u00e1pidas de formato condicional para analizar fechas. <\/p>\n<div class=\"wp-block-image\">\n<figure class=\"aligncenter size-large is-resized\"><img loading=\"lazy\" decoding=\"async\" class=\"wp-image-49515\" src=\"https:\/\/exceladvisor.org\/wp-content\/uploads\/2023\/08\/7-analyser-les-dates-avec-une-analyse-rapide.png\" sizes=\"auto, \" srcset=\"\" alt=\"analizar-fechas-con-escaneo-r\u00e1pido\" width=\"389\" height=\"393\"><\/figure>\n<\/div>\n<ul>\n<li> <strong>\u00daltimo mes<\/strong> : Con esta opci\u00f3n, puede resaltar todas las fechas que son del mes anterior.<\/li>\n<li> <strong>\u00daltima semana<\/strong> : para resaltar todas las fechas de la semana anterior.<\/li>\n<li> <strong>Mayor que<\/strong> : resalta todas las fechas posteriores a la fecha especificada.<\/li>\n<li> <strong>Menos de<\/strong> : resalta todas las fechas inferiores a la fecha especificada.<\/li>\n<li> <strong>Igual a:<\/strong> resalta todas las fechas que son iguales a la fecha que especifique.<\/li>\n<\/ul>\n<h3 class=\"wp-block-heading\"> 3. Cree una tabla din\u00e1mica con la herramienta de an\u00e1lisis r\u00e1pido<\/h3>\n<p> Cuando hace clic en el bot\u00f3n de escaneo r\u00e1pido y va a la pesta\u00f1a de tablas, le muestra opciones para insertar una tabla din\u00e1mica. <\/p>\n<div class=\"wp-block-image\">\n<figure class=\"aligncenter size-large is-resized\"><img loading=\"lazy\" decoding=\"async\" class=\"wp-image-49516\" src=\"https:\/\/exceladvisor.org\/wp-content\/uploads\/2023\/08\/8-creer-un-tableau-croise-dynamique-avec-une-analyse-rapide.png\" sizes=\"auto, \" srcset=\"\" alt=\"8-crear-un-gr\u00e1fico-din\u00e1mico-con-an\u00e1lisis-r\u00e1pido\" width=\"427\" height=\"165\"><\/figure>\n<\/div>\n<p> Seg\u00fan los datos que seleccion\u00f3; le muestra todas las posibilidades para crear una tabla din\u00e1mica. Si no desea seguir las recomendaciones, puede hacer clic en el bot\u00f3n M\u00e1s, abrir las tablas din\u00e1micas recomendadas y hacer clic en la tabla din\u00e1mica vac\u00eda para crear una tabla din\u00e1mica desde cero. <\/p>\n<div class=\"wp-block-image\">\n<figure class=\"aligncenter size-large is-resized\"><img loading=\"lazy\" decoding=\"async\" class=\"wp-image-49517\" src=\"https:\/\/exceladvisor.org\/wp-content\/uploads\/2023\/08\/9-tableau-croise-dynamique-vierge-pour-creer-un-pivot-a-partir-de-zero.png\" sizes=\"auto, \" srcset=\"\" alt=\"tabla din\u00e1mica en blanco para crear una din\u00e1mica desde cero\" width=\"585\" height=\"194\"><\/figure>\n<\/div>\n<p> <em>Relacionado: Tablas din\u00e1micas avanzadas<\/em><\/p>\n<h3 class=\"wp-block-heading\"> 4. Cree gr\u00e1ficos en celdas con l\u00edneas brillantes<\/h3>\n<p> Puede insertar un gr\u00e1fico en la celda usando minigr\u00e1ficos y puede agregar minigr\u00e1ficos r\u00e1pidamente desde la herramienta de an\u00e1lisis r\u00e1pido.<\/p>\n<ul>\n<li> Seleccione los datos a los que desea agregar minigr\u00e1ficos y haga clic en el bot\u00f3n de an\u00e1lisis r\u00e1pido. <\/li>\n<\/ul>\n<div class=\"wp-block-image\">\n<figure class=\"aligncenter size-large is-resized\"><img loading=\"lazy\" decoding=\"async\" class=\"wp-image-49518\" src=\"https:\/\/exceladvisor.org\/wp-content\/uploads\/2023\/08\/10-creer-des-graphiques-de-cellules-avec-des-lignes-sparklines.png\" sizes=\"auto, \" srcset=\"\" alt=\"crear-en-celdas-gr\u00e1ficas-con-minigr\u00e1ficos\" width=\"575\" height=\"121\"><\/figure>\n<\/div>\n<ul>\n<li> Vaya a la pesta\u00f1a Minigr\u00e1ficos y seleccione el tipo de minigr\u00e1fico que desea insertar. <\/li>\n<\/ul>\n<div class=\"wp-block-image\">\n<figure class=\"aligncenter size-large is-resized\"><img loading=\"lazy\" decoding=\"async\" class=\"wp-image-49519\" src=\"https:\/\/exceladvisor.org\/wp-content\/uploads\/2023\/08\/11-selectionner-le-type-de-sparkline.png\" sizes=\"auto, \" srcset=\"\" alt=\"seleccionar-tipo-minigr\u00e1fico\" width=\"577\" height=\"117\"><\/figure>\n<\/div>\n<p> Obtendr\u00e1 instant\u00e1neamente los minigr\u00e1ficos en las celdas correspondientes a los datos que seleccion\u00f3.<\/p>\n<h3 class=\"wp-block-heading\"> 5. Agregue r\u00e1pidamente totales generales<\/h3>\n<p> En la pesta\u00f1a de totales, tiene varias formas de sumar totales y tambi\u00e9n le brinda opciones para columnas y filas. <\/p>\n<div class=\"wp-block-image\">\n<figure class=\"aligncenter size-large is-resized\"><img loading=\"lazy\" decoding=\"async\" class=\"wp-image-49520\" src=\"https:\/\/exceladvisor.org\/wp-content\/uploads\/2023\/08\/12-additionner-rapidement-les-totaux-generaux.png\" sizes=\"auto, \" srcset=\"\" alt=\"agregar r\u00e1pidamente totales generales\" width=\"487\" height=\"291\"><\/figure>\n<\/div>\n<ol>\n<li> <strong>Suma<\/strong> : para agregar una fila o columna total a la tabla.<\/li>\n<li> <strong>Promedio<\/strong> : para agregar una fila o columna promedio a la tabla.<\/li>\n<li> <strong>Contar<\/strong> : para agregar una fila o columna promedio a la tabla.<\/li>\n<li> <strong>% Total<\/strong> : para agregar una fila o columna de % Total a la tabla.<\/li>\n<li> <strong>Total acumulado<\/strong> : para agregar una fila o columna del total acumulado a la tabla.<\/li>\n<\/ol>\n<h3 class=\"wp-block-heading\"> 6. Resalte valores \u00fanicos y duplicados.<\/h3>\n<p> Cuando selecciona datos de texto, tiene la opci\u00f3n de identificar valores \u00fanicos y duplicados. <\/p>\n<div class=\"wp-block-image\">\n<figure class=\"aligncenter size-large is-resized\"><img loading=\"lazy\" decoding=\"async\" class=\"wp-image-49521\" src=\"https:\/\/exceladvisor.org\/wp-content\/uploads\/2023\/08\/13-mettre-en-evidence-les-valeurs-uniques-et-en-double.png\" sizes=\"auto, \" srcset=\"\" alt=\"resaltar valores \u00fanicos y duplicados\" width=\"494\" height=\"351\"><\/figure>\n<\/div>\n<p> En el momento en que hagas clic en cualquiera de estas dos opciones, las celdas con valores \u00fanicos o duplicados se resaltar\u00e1n en color rojo.<\/p>\n<div class=\"gb-container gb-container-4db6181c gb-container-mt\"> <a class=\"gb-button gb-button-c5897111 gb-button-text gb-button-mt-button\" href=\"https:\/\/exceladvisor.org\/es\/avance-de-excel\/\">Tutoriales avanzados de Excel<\/a><\/p>\n<h2 class=\"gb-headline gb-headline-665e5f6b gb-headline-text gb-headline-mt-heading\"> Tutoriales relacionados <\/h2>\n<div class=\"gb-grid-wrapper gb-grid-wrapper-a20baf7c gb-grid-wrapper-mt-grid\">\n<div class=\"gb-grid-column gb-grid-column-65ddf67e\">\n<div class=\"gb-container gb-container-65ddf67e\">\n<ul>\n<li> <a href=\"https:\/\/exceladvisor.org\/es\/aplicar-multiples-filtros\/\">Aplicar m\u00faltiples filtros a las columnas<\/a><\/li>\n<li> <a href=\"https:\/\/exceladvisor.org\/es\/resaltar-los-valores-superiores-e-inferiores\/\">Resalte los valores N superiores e inferiores en Excel<\/a><\/li>\n<li> <a href=\"https:\/\/exceladvisor.org\/es\/casilla-de-verificacion\/\">Insertar una casilla de verificaci\u00f3n en Excel<\/a><\/li>\n<li> <a href=\"https:\/\/exceladvisor.org\/es\/fusionar-celdas-sin-perder-datos\/\">Fusionar celdas sin perder datos en Excel<\/a><\/li>\n<li> <a href=\"https:\/\/exceladvisor.org\/es\/pegar-multiplicar-especial\/\">Multiplicar en Excel usando Pegado especial<\/a><\/li>\n<\/ul>\n<\/div>\n<\/div>\n<\/div>\n<\/div>\n","protected":false},"excerpt":{"rendered":"<p>\u00bfQu\u00e9 es la herramienta de escaneo r\u00e1pido? HERRAMIENTA DE AN\u00c1LISIS R\u00c1PIDO es un conjunto de opciones seleccionadas que puede utilizar para analizar datos r\u00e1pidamente . Incluye formato condicional, gr\u00e1ficos, tablas din\u00e1micas y minigr\u00e1ficos. Tambi\u00e9n admite el tipo de datos (texto, fechas o n\u00fameros) que seleccion\u00f3 y le muestra opciones basadas en eso. La herramienta An\u00e1lisis [&hellip;]<\/p>\n","protected":false},"author":1,"featured_media":0,"parent":0,"menu_order":0,"comment_status":"open","ping_status":"closed","template":"","meta":{"ub_ctt_via":"","footnotes":""},"class_list":["post-399","page","type-page","status-publish","hentry"],"featured_image_src":null,"yoast_head":"<!-- This site is optimized with the Yoast SEO plugin v25.4 - https:\/\/yoast.com\/wordpress\/plugins\/seo\/ -->\n<title>\u00bfc\u00f3mo utilizar la herramienta an\u00e1lisis r\u00e1pido en excel?<\/title>\n<meta name=\"robots\" content=\"index, follow, max-snippet:-1, max-image-preview:large, max-video-preview:-1\" \/>\n<link rel=\"canonical\" href=\"https:\/\/exceladvisor.org\/es\/herramienta-de-analisis-rapido\/\" \/>\n<meta property=\"og:locale\" content=\"es_ES\" \/>\n<meta property=\"og:type\" content=\"article\" \/>\n<meta property=\"og:title\" content=\"\u00bfc\u00f3mo utilizar la herramienta an\u00e1lisis r\u00e1pido en excel?\" \/>\n<meta property=\"og:description\" content=\"\u00bfQu\u00e9 es la herramienta de escaneo r\u00e1pido? HERRAMIENTA DE AN\u00c1LISIS R\u00c1PIDO es un conjunto de opciones seleccionadas que puede utilizar para analizar datos r\u00e1pidamente . Incluye formato condicional, gr\u00e1ficos, tablas din\u00e1micas y minigr\u00e1ficos. Tambi\u00e9n admite el tipo de datos (texto, fechas o n\u00fameros) que seleccion\u00f3 y le muestra opciones basadas en eso. La herramienta An\u00e1lisis [&hellip;]\" \/>\n<meta property=\"og:url\" content=\"https:\/\/exceladvisor.org\/es\/herramienta-de-analisis-rapido\/\" \/>\n<meta property=\"og:site_name\" content=\"Excel Advisor\" \/>\n<meta property=\"article:modified_time\" content=\"2023-12-25T10:31:27+00:00\" \/>\n<meta property=\"og:image\" content=\"https:\/\/exceladvisor.org\/wp-content\/uploads\/2023\/08\/1-collection-doutils-danalyse-rapide.png\" \/>\n<meta name=\"twitter:card\" content=\"summary_large_image\" \/>\n<meta name=\"twitter:label1\" content=\"Tiempo de lectura\" \/>\n\t<meta name=\"twitter:data1\" content=\"5 minutos\" \/>\n<script type=\"application\/ld+json\" class=\"yoast-schema-graph\">{\"@context\":\"https:\/\/schema.org\",\"@graph\":[{\"@type\":\"WebPage\",\"@id\":\"https:\/\/exceladvisor.org\/es\/herramienta-de-analisis-rapido\/\",\"url\":\"https:\/\/exceladvisor.org\/es\/herramienta-de-analisis-rapido\/\",\"name\":\"\u00bfc\u00f3mo utilizar la herramienta an\u00e1lisis r\u00e1pido en excel?\",\"isPartOf\":{\"@id\":\"https:\/\/exceladvisor.org\/es\/#website\"},\"primaryImageOfPage\":{\"@id\":\"https:\/\/exceladvisor.org\/es\/herramienta-de-analisis-rapido\/#primaryimage\"},\"image\":{\"@id\":\"https:\/\/exceladvisor.org\/es\/herramienta-de-analisis-rapido\/#primaryimage\"},\"thumbnailUrl\":\"https:\/\/exceladvisor.org\/wp-content\/uploads\/2023\/08\/1-collection-doutils-danalyse-rapide.png\",\"datePublished\":\"2023-10-30T12:21:52+00:00\",\"dateModified\":\"2023-12-25T10:31:27+00:00\",\"breadcrumb\":{\"@id\":\"https:\/\/exceladvisor.org\/es\/herramienta-de-analisis-rapido\/#breadcrumb\"},\"inLanguage\":\"es\",\"potentialAction\":[{\"@type\":\"ReadAction\",\"target\":[\"https:\/\/exceladvisor.org\/es\/herramienta-de-analisis-rapido\/\"]}]},{\"@type\":\"ImageObject\",\"inLanguage\":\"es\",\"@id\":\"https:\/\/exceladvisor.org\/es\/herramienta-de-analisis-rapido\/#primaryimage\",\"url\":\"https:\/\/exceladvisor.org\/wp-content\/uploads\/2023\/08\/1-collection-doutils-danalyse-rapide.png\",\"contentUrl\":\"https:\/\/exceladvisor.org\/wp-content\/uploads\/2023\/08\/1-collection-doutils-danalyse-rapide.png\"},{\"@type\":\"BreadcrumbList\",\"@id\":\"https:\/\/exceladvisor.org\/es\/herramienta-de-analisis-rapido\/#breadcrumb\",\"itemListElement\":[{\"@type\":\"ListItem\",\"position\":1,\"name\":\"Hogar\",\"item\":\"https:\/\/exceladvisor.org\/es\/\"},{\"@type\":\"ListItem\",\"position\":2,\"name\":\"\u00bfc\u00f3mo utilizar la herramienta an\u00e1lisis r\u00e1pido en excel?\"}]},{\"@type\":\"WebSite\",\"@id\":\"https:\/\/exceladvisor.org\/es\/#website\",\"url\":\"https:\/\/exceladvisor.org\/es\/\",\"name\":\"Excel Advisor\",\"description\":\"Su gu\u00eda para la dominaci\u00f3n de datos!\",\"publisher\":{\"@id\":\"https:\/\/exceladvisor.org\/es\/#organization\"},\"potentialAction\":[{\"@type\":\"SearchAction\",\"target\":{\"@type\":\"EntryPoint\",\"urlTemplate\":\"https:\/\/exceladvisor.org\/es\/?s={search_term_string}\"},\"query-input\":{\"@type\":\"PropertyValueSpecification\",\"valueRequired\":true,\"valueName\":\"search_term_string\"}}],\"inLanguage\":\"es\"},{\"@type\":\"Organization\",\"@id\":\"https:\/\/exceladvisor.org\/es\/#organization\",\"name\":\"Excel Advisor\",\"url\":\"https:\/\/exceladvisor.org\/es\/\",\"logo\":{\"@type\":\"ImageObject\",\"inLanguage\":\"es\",\"@id\":\"https:\/\/exceladvisor.org\/es\/#\/schema\/logo\/image\/\",\"url\":\"https:\/\/exceladvisor.org\/es\/wp-content\/uploads\/2023\/12\/exceladvisor.org_.png\",\"contentUrl\":\"https:\/\/exceladvisor.org\/es\/wp-content\/uploads\/2023\/12\/exceladvisor.org_.png\",\"width\":105,\"height\":36,\"caption\":\"Excel Advisor\"},\"image\":{\"@id\":\"https:\/\/exceladvisor.org\/es\/#\/schema\/logo\/image\/\"}}]}<\/script>\n<!-- \/ Yoast SEO plugin. -->","yoast_head_json":{"title":"\u00bfc\u00f3mo utilizar la herramienta an\u00e1lisis r\u00e1pido en excel?","robots":{"index":"index","follow":"follow","max-snippet":"max-snippet:-1","max-image-preview":"max-image-preview:large","max-video-preview":"max-video-preview:-1"},"canonical":"https:\/\/exceladvisor.org\/es\/herramienta-de-analisis-rapido\/","og_locale":"es_ES","og_type":"article","og_title":"\u00bfc\u00f3mo utilizar la herramienta an\u00e1lisis r\u00e1pido en excel?","og_description":"\u00bfQu\u00e9 es la herramienta de escaneo r\u00e1pido? HERRAMIENTA DE AN\u00c1LISIS R\u00c1PIDO es un conjunto de opciones seleccionadas que puede utilizar para analizar datos r\u00e1pidamente . Incluye formato condicional, gr\u00e1ficos, tablas din\u00e1micas y minigr\u00e1ficos. Tambi\u00e9n admite el tipo de datos (texto, fechas o n\u00fameros) que seleccion\u00f3 y le muestra opciones basadas en eso. La herramienta An\u00e1lisis [&hellip;]","og_url":"https:\/\/exceladvisor.org\/es\/herramienta-de-analisis-rapido\/","og_site_name":"Excel Advisor","article_modified_time":"2023-12-25T10:31:27+00:00","og_image":[{"url":"https:\/\/exceladvisor.org\/wp-content\/uploads\/2023\/08\/1-collection-doutils-danalyse-rapide.png","type":"","width":"","height":""}],"twitter_card":"summary_large_image","twitter_misc":{"Tiempo de lectura":"5 minutos"},"schema":{"@context":"https:\/\/schema.org","@graph":[{"@type":"WebPage","@id":"https:\/\/exceladvisor.org\/es\/herramienta-de-analisis-rapido\/","url":"https:\/\/exceladvisor.org\/es\/herramienta-de-analisis-rapido\/","name":"\u00bfc\u00f3mo utilizar la herramienta an\u00e1lisis r\u00e1pido en excel?","isPartOf":{"@id":"https:\/\/exceladvisor.org\/es\/#website"},"primaryImageOfPage":{"@id":"https:\/\/exceladvisor.org\/es\/herramienta-de-analisis-rapido\/#primaryimage"},"image":{"@id":"https:\/\/exceladvisor.org\/es\/herramienta-de-analisis-rapido\/#primaryimage"},"thumbnailUrl":"https:\/\/exceladvisor.org\/wp-content\/uploads\/2023\/08\/1-collection-doutils-danalyse-rapide.png","datePublished":"2023-10-30T12:21:52+00:00","dateModified":"2023-12-25T10:31:27+00:00","breadcrumb":{"@id":"https:\/\/exceladvisor.org\/es\/herramienta-de-analisis-rapido\/#breadcrumb"},"inLanguage":"es","potentialAction":[{"@type":"ReadAction","target":["https:\/\/exceladvisor.org\/es\/herramienta-de-analisis-rapido\/"]}]},{"@type":"ImageObject","inLanguage":"es","@id":"https:\/\/exceladvisor.org\/es\/herramienta-de-analisis-rapido\/#primaryimage","url":"https:\/\/exceladvisor.org\/wp-content\/uploads\/2023\/08\/1-collection-doutils-danalyse-rapide.png","contentUrl":"https:\/\/exceladvisor.org\/wp-content\/uploads\/2023\/08\/1-collection-doutils-danalyse-rapide.png"},{"@type":"BreadcrumbList","@id":"https:\/\/exceladvisor.org\/es\/herramienta-de-analisis-rapido\/#breadcrumb","itemListElement":[{"@type":"ListItem","position":1,"name":"Hogar","item":"https:\/\/exceladvisor.org\/es\/"},{"@type":"ListItem","position":2,"name":"\u00bfc\u00f3mo utilizar la herramienta an\u00e1lisis r\u00e1pido en excel?"}]},{"@type":"WebSite","@id":"https:\/\/exceladvisor.org\/es\/#website","url":"https:\/\/exceladvisor.org\/es\/","name":"Excel Advisor","description":"Su gu\u00eda para la dominaci\u00f3n de datos!","publisher":{"@id":"https:\/\/exceladvisor.org\/es\/#organization"},"potentialAction":[{"@type":"SearchAction","target":{"@type":"EntryPoint","urlTemplate":"https:\/\/exceladvisor.org\/es\/?s={search_term_string}"},"query-input":{"@type":"PropertyValueSpecification","valueRequired":true,"valueName":"search_term_string"}}],"inLanguage":"es"},{"@type":"Organization","@id":"https:\/\/exceladvisor.org\/es\/#organization","name":"Excel Advisor","url":"https:\/\/exceladvisor.org\/es\/","logo":{"@type":"ImageObject","inLanguage":"es","@id":"https:\/\/exceladvisor.org\/es\/#\/schema\/logo\/image\/","url":"https:\/\/exceladvisor.org\/es\/wp-content\/uploads\/2023\/12\/exceladvisor.org_.png","contentUrl":"https:\/\/exceladvisor.org\/es\/wp-content\/uploads\/2023\/12\/exceladvisor.org_.png","width":105,"height":36,"caption":"Excel Advisor"},"image":{"@id":"https:\/\/exceladvisor.org\/es\/#\/schema\/logo\/image\/"}}]}},"yoast_meta":{"yoast_wpseo_title":"","yoast_wpseo_metadesc":"","yoast_wpseo_canonical":""},"_links":{"self":[{"href":"https:\/\/exceladvisor.org\/es\/wp-json\/wp\/v2\/pages\/399","targetHints":{"allow":["GET"]}}],"collection":[{"href":"https:\/\/exceladvisor.org\/es\/wp-json\/wp\/v2\/pages"}],"about":[{"href":"https:\/\/exceladvisor.org\/es\/wp-json\/wp\/v2\/types\/page"}],"author":[{"embeddable":true,"href":"https:\/\/exceladvisor.org\/es\/wp-json\/wp\/v2\/users\/1"}],"replies":[{"embeddable":true,"href":"https:\/\/exceladvisor.org\/es\/wp-json\/wp\/v2\/comments?post=399"}],"version-history":[{"count":1,"href":"https:\/\/exceladvisor.org\/es\/wp-json\/wp\/v2\/pages\/399\/revisions"}],"predecessor-version":[{"id":1361,"href":"https:\/\/exceladvisor.org\/es\/wp-json\/wp\/v2\/pages\/399\/revisions\/1361"}],"wp:attachment":[{"href":"https:\/\/exceladvisor.org\/es\/wp-json\/wp\/v2\/media?parent=399"}],"curies":[{"name":"wp","href":"https:\/\/api.w.org\/{rel}","templated":true}]}}