{"id":40,"date":"2023-11-18T18:26:38","date_gmt":"2023-11-18T18:26:38","guid":{"rendered":"https:\/\/exceladvisor.org\/es\/simbolo-pi\/"},"modified":"2023-12-25T10:25:48","modified_gmt":"2023-12-25T10:25:48","slug":"simbolo-pi","status":"publish","type":"page","link":"https:\/\/exceladvisor.org\/es\/simbolo-pi\/","title":{"rendered":"\u00bfc\u00f3mo insertar el s\u00edmbolo pi (\u03c0) en excel?"},"content":{"rendered":"<div class=\"excel-antes-del-contenido\" id=\"excel-3496641602\"><script type=\"text\/javascript\">\r\n\tatOptions = {\r\n\t\t'key' : 'c1158f160081d6540a8409e6925dab94',\r\n\t\t'format' : 'iframe',\r\n\t\t'height' : 250,\r\n\t\t'width' : 300,\r\n\t\t'params' : {}\r\n\t};\r\n<\/script>\r\n<script type=\"text\/javascript\" src=\"\/\/www.highperformanceformat.com\/c1158f160081d6540a8409e6925dab94\/invoke.js\"><\/script><\/div><p>PI <strong>\u03c0<\/strong> es un valor matem\u00e1tico constante utilizado en ecuaciones relacionadas con objetos redondos o esf\u00e9ricos que podr\u00edan ser edificios, \u00f3rbitas, planetas, etc. para encontrar el \u00e1rea y la circunferencia de estas cosas.<\/p>\n<p> En Excel existen varias formas de insertar el s\u00edmbolo PI en la hoja de c\u00e1lculo y aqu\u00ed te mostraremos c\u00f3mo insertarlo.<\/p>\n<h2 class=\"wp-block-heading\"> Insertar un s\u00edmbolo PI desde el cuadro de di\u00e1logo S\u00edmbolo<\/h2>\n<ol>\n<li> Primero seleccione la celda en la que desea insertar el s\u00edmbolo \u201cPi\u201d, luego vaya a la pesta\u00f1a \u201cInsertar\u201d.<\/li>\n<li> Despu\u00e9s de eso, haga clic en el icono \u00abS\u00edmbolo\u00bb debajo del grupo \u00abS\u00edmbolos\u00bb en la cinta para abrir el cuadro de di\u00e1logo de s\u00edmbolos. <br \/><img loading=\"lazy\" decoding=\"async\" title=\"1-insertar-s\u00edmbolo-pi\" src=\"https:\/\/exceladvisor.org\/wp-content\/uploads\/2023\/08\/1-inserer-le-symbole-pi.png\" sizes=\"auto, \" srcset=\"\" alt=\"insert-pi-symbol\" width=\"635\" height=\"214\"><\/li>\n<li> En el cuadro de di\u00e1logo del s\u00edmbolo, elija \u00abUnicode (hexadecimal)\u00bb en el campo \u00abdesde\u00bb.<\/li>\n<li> Ahora, despl\u00e1cese hacia abajo desde la barra de desplazamiento derecha y seleccione el s\u00edmbolo \u00abPi\u00bb, luego haga clic en el bot\u00f3n \u00abInsertar\u00bb para insertarlo. <br \/><img loading=\"lazy\" decoding=\"async\" title=\"Cuadro de di\u00e1logo de 2 s\u00edmbolos para elegir el s\u00edmbolo pi\" src=\"https:\/\/exceladvisor.org\/wp-content\/uploads\/2023\/08\/Boite-de-dialogue-a-2-symboles-pour-choisir-le-symbole-pi.png\" sizes=\"auto, \" srcset=\"\" alt=\"symbol-dialog-box-to-choose-pi-symbol\" width=\"454\" height=\"347\"><\/li>\n<li> Una vez insertado, haga clic en el bot\u00f3n \u00abCerrar\u00bb para cerrar el cuadro de di\u00e1logo. <br \/><img loading=\"lazy\" decoding=\"async\" title=\"3-s\u00edmbolo-de-cuadro-de-di\u00e1logo-cerrado\" src=\"https:\/\/exceladvisor.org\/wp-content\/uploads\/2023\/08\/3-fermer-la-boite-de-dialogue-du-symbole.png\" sizes=\"auto, \" srcset=\"\" alt=\"close-the-symbol-dialog-box\" width=\"454\" height=\"355\"><\/li>\n<\/ol>\n<h2 class=\"wp-block-heading\"> Insertar un s\u00edmbolo PI usando la tecla Alt<\/h2>\n<p> El m\u00e9todo escrito a continuaci\u00f3n usando la tecla \u00abALT\u00bb para insertar este s\u00edmbolo solo funciona si su teclado tiene un teclado num\u00e9rico.<\/p>\n<ol type=\"1\">\n<li> Primero, seleccione una celda.<\/li>\n<li> Despu\u00e9s de eso, mantenga presionada la tecla <kbd>Alt<\/kbd> .<\/li>\n<li> Luego presione el n\u00famero \u00bb <kbd>0<\/kbd> <kbd>2<\/kbd> <kbd>2<\/kbd> <kbd>7<\/kbd> \u00bb \u00fanicamente desde el teclado num\u00e9rico.<\/li>\n<li> Ahora suelta la tecla \u201cAlt\u201d y el s\u00edmbolo se agregar\u00e1 en la celda. <\/li>\n<\/ol>\n<div class=\"wp-block-image\">\n<figure class=\"aligncenter size-full is-resized\"><img loading=\"lazy\" decoding=\"async\" class=\"wp-image-84782\" src=\"https:\/\/exceladvisor.org\/wp-content\/uploads\/2023\/08\/4-inserer-le-symbole-pi-a-laide-de-la-touche-alt.png\" sizes=\"auto, \" srcset=\"\" alt=\"inserte el s\u00edmbolo pi usando la tecla alt\" width=\"236\" height=\"104\"><\/figure>\n<\/div>\n<h2 class=\"wp-block-heading\"> Inserte un s\u00edmbolo PI usando Autocorrecci\u00f3n en Excel<\/h2>\n<p> Si utiliza el s\u00edmbolo \u00abPi\u00bb con frecuencia, este m\u00e9todo de \u00bb <a href=\"https:\/\/exceladvisor.org\/es\/autocorreccion\/\">Autocorrecci\u00f3n<\/a> \u00bb puede resultar r\u00e1pido.<\/p>\n<ol>\n<li> Primero, vaya a la pesta\u00f1a \u00abArchivo\u00bb en la cinta, luego haga clic en \u00abOpciones\u00bb y se abrir\u00e1 el cuadro de di\u00e1logo \u00abOpciones de Excel\u00bb.<\/li>\n<li> Despu\u00e9s de eso, haga clic en \u00abRevisi\u00f3n\u00bb en el panel izquierdo y luego haga clic en \u00abOpciones de autocorrecci\u00f3n\u00bb. <br \/><img loading=\"lazy\" decoding=\"async\" title=\"5 opciones de apertura de autocorrecci\u00f3n\" src=\"https:\/\/exceladvisor.org\/wp-content\/uploads\/2023\/08\/5-options-de-correction-automatique-ouvertes.png\" sizes=\"auto, \" srcset=\"\" alt=\"open-autocorrect-options\" width=\"506\" height=\"384\"><\/li>\n<li> Ahora, para reemplazar cualquier palabra con el s\u00edmbolo \u00abPi\u00bb, ingrese esa palabra en la barra de entrada \u00abReemplazar\u00bb y el s\u00edmbolo \u00abPi\u00bb usando las teclas \u00abAlt +227\u00bb en la barra de entrada \u00abCon\u00bb.<\/li>\n<li> Una vez terminado, haga clic en Aceptar para guardarlo. <br \/><img loading=\"lazy\" decoding=\"async\" title=\"6-reemplazar-el-texto-con-el-s\u00edmbolo-pi\" src=\"https:\/\/exceladvisor.org\/wp-content\/uploads\/2023\/08\/6-remplacer-le-texte-par-le-symbole-pi.png\" sizes=\"auto, \" srcset=\"\" alt=\"replace-text-with-pi-symbol\" width=\"330\" height=\"412\"><\/li>\n<\/ol>\n<p> Como puede ver en la imagen de arriba, ingresamos \u00abPI\u00bb en letras may\u00fasculas para ser reemplazado por el s\u00edmbolo \u00abPi\u00bb, por lo que ahora cada vez que ingresemos la palabra \u00abPI\u00bb, ser\u00e1 reemplazada por el s\u00edmbolo \u00abPi\u00bb.<\/p>\n<h2 class=\"wp-block-heading\"> Insertar un s\u00edmbolo PI usando el estilo de fuente<\/h2>\n<p> PI tiene un s\u00edmbolo diferente en min\u00fasculas y may\u00fasculas.<\/p>\n<ol>\n<li> Primero, en la celda, ingrese el alfabeto \u00abP\u00bb en min\u00fascula si desea el s\u00edmbolo min\u00fasculo de \u00abPi\u00bb o ingrese la \u00abP\u00bb en may\u00fascula si desea el s\u00edmbolo may\u00fasculo de \u00abPi\u00bb.<\/li>\n<li> Despu\u00e9s de eso, vaya a la pesta\u00f1a \u00abInicio\u00bb, luego cambie el estilo \u00abFuente\u00bb a \u00abS\u00edmbolo\u00bb y el alfabeto \u00abP\u00bb se convertir\u00e1 al s\u00edmbolo \u00abPi\u00bb. <\/li>\n<\/ol>\n<div class=\"wp-block-image\">\n<figure class=\"aligncenter size-full is-resized\"><img loading=\"lazy\" decoding=\"async\" class=\"wp-image-84785\" src=\"https:\/\/exceladvisor.org\/wp-content\/uploads\/2023\/08\/7-inserer-le-symbole-pi-en-utilisant-le-style-de-police.png\" sizes=\"auto, \" srcset=\"\" alt=\"insertar-s\u00edmbolo-pi-usando-estilo-de-fuente\" width=\"342\" height=\"284\"><\/figure>\n<\/div>\n<p> En la captura de pantalla anterior, ingresamos \u00abP\u00bb tanto en may\u00fasculas como en min\u00fasculas para mostrarle c\u00f3mo se ve el s\u00edmbolo \u00abPi\u00bb en may\u00fasculas y min\u00fasculas.<\/p>\n<h2 class=\"wp-block-heading\"> Comentarios<\/h2>\n<ul>\n<li> Para usuarios de Mac, simplemente presione las teclas de m\u00e9todo abreviado \u00abOpci\u00f3n + P\u00bb para insertar el s\u00edmbolo \u00abPi\u00bb en la hoja de c\u00e1lculo.<\/li>\n<li> Para insertar el s\u00edmbolo en varias celdas, simplemente use la opci\u00f3n copiar y pegar o haga clic en el \u00abcontrolador de relleno\u00bb y arrastre y suelte la celda.<\/li>\n<\/ul>\n<div class=\"gb-container gb-container-4db6181c gb-container-mt\"> <a class=\"gb-button gb-button-c5897111 gb-button-text gb-button-mt-button\" href=\"https:\/\/exceladvisor.org\/es\/conceptos-basicos-de-excel\/\">Conceptos b\u00e1sicos de Microsoft Excel (componentes, piezas y notas de conocimiento)<\/a><\/p>\n<h2 class=\"gb-headline gb-headline-665e5f6b gb-headline-text gb-headline-mt-heading\"> Tutoriales relacionados <\/h2>\n<div class=\"gb-grid-wrapper gb-grid-wrapper-a20baf7c gb-grid-wrapper-mt-grid\">\n<div class=\"gb-grid-column gb-grid-column-65ddf67e\">\n<div class=\"gb-container gb-container-65ddf67e\">\n<ul>\n<li> <a href=\"https:\/\/exceladvisor.org\/es\/formato-del-numero-de-contabilidad\/\">Aplicar formato de n\u00famero contable en Excel<\/a><\/li>\n<li> <a href=\"https:\/\/exceladvisor.org\/es\/color-de-celda\/\">Aplicar color de fondo a una celda o a toda la hoja en Excel<\/a><\/li>\n<li> <a href=\"https:\/\/exceladvisor.org\/es\/la-cuadricula\/\">Imprima l\u00edneas de cuadr\u00edcula de Excel (elimine, acorte y cambie de color)<\/a><\/li>\n<li> <a href=\"https:\/\/exceladvisor.org\/es\/agregar-un-numero-de-pagina\/\">Agregar un n\u00famero de p\u00e1gina en Excel<\/a><\/li>\n<li> <a href=\"https:\/\/exceladvisor.org\/es\/aplicar-estilo-de-coma\/\">Aplicar estilo coma en Excel<\/a> <\/li>\n<\/ul>\n<\/div>\n<\/div>\n<div class=\"gb-grid-column gb-grid-column-50067b57\">\n<div class=\"gb-container gb-container-50067b57\"><\/div>\n<\/div>\n<\/div>\n<\/div>\n","protected":false},"excerpt":{"rendered":"<p>PI \u03c0 es un valor matem\u00e1tico constante utilizado en ecuaciones relacionadas con objetos redondos o esf\u00e9ricos que podr\u00edan ser edificios, \u00f3rbitas, planetas, etc. para encontrar el \u00e1rea y la circunferencia de estas cosas. En Excel existen varias formas de insertar el s\u00edmbolo PI en la hoja de c\u00e1lculo y aqu\u00ed te mostraremos c\u00f3mo insertarlo. Insertar [&hellip;]<\/p>\n","protected":false},"author":1,"featured_media":0,"parent":0,"menu_order":0,"comment_status":"open","ping_status":"closed","template":"","meta":{"ub_ctt_via":"","footnotes":""},"class_list":["post-40","page","type-page","status-publish","hentry"],"featured_image_src":null,"yoast_head":"<!-- This site is optimized with the Yoast SEO plugin v25.4 - https:\/\/yoast.com\/wordpress\/plugins\/seo\/ -->\n<title>\u00bfc\u00f3mo insertar el s\u00edmbolo pi (\u03c0) en excel?<\/title>\n<meta name=\"robots\" content=\"index, follow, max-snippet:-1, max-image-preview:large, max-video-preview:-1\" \/>\n<link rel=\"canonical\" href=\"https:\/\/exceladvisor.org\/es\/simbolo-pi\/\" \/>\n<meta property=\"og:locale\" content=\"es_ES\" \/>\n<meta property=\"og:type\" content=\"article\" \/>\n<meta property=\"og:title\" content=\"\u00bfc\u00f3mo insertar el s\u00edmbolo pi (\u03c0) en excel?\" \/>\n<meta property=\"og:description\" content=\"PI \u03c0 es un valor matem\u00e1tico constante utilizado en ecuaciones relacionadas con objetos redondos o esf\u00e9ricos que podr\u00edan ser edificios, \u00f3rbitas, planetas, etc. para encontrar el \u00e1rea y la circunferencia de estas cosas. En Excel existen varias formas de insertar el s\u00edmbolo PI en la hoja de c\u00e1lculo y aqu\u00ed te mostraremos c\u00f3mo insertarlo. Insertar [&hellip;]\" \/>\n<meta property=\"og:url\" content=\"https:\/\/exceladvisor.org\/es\/simbolo-pi\/\" \/>\n<meta property=\"og:site_name\" content=\"Excel Advisor\" \/>\n<meta property=\"article:modified_time\" content=\"2023-12-25T10:25:48+00:00\" \/>\n<meta property=\"og:image\" content=\"https:\/\/exceladvisor.org\/wp-content\/uploads\/2023\/08\/1-inserer-le-symbole-pi.png\" \/>\n<meta name=\"twitter:card\" content=\"summary_large_image\" \/>\n<meta name=\"twitter:label1\" content=\"Tiempo de lectura\" \/>\n\t<meta name=\"twitter:data1\" content=\"3 minutos\" \/>\n<script type=\"application\/ld+json\" class=\"yoast-schema-graph\">{\"@context\":\"https:\/\/schema.org\",\"@graph\":[{\"@type\":\"WebPage\",\"@id\":\"https:\/\/exceladvisor.org\/es\/simbolo-pi\/\",\"url\":\"https:\/\/exceladvisor.org\/es\/simbolo-pi\/\",\"name\":\"\u00bfc\u00f3mo insertar el s\u00edmbolo pi (\u03c0) en excel?\",\"isPartOf\":{\"@id\":\"https:\/\/exceladvisor.org\/es\/#website\"},\"primaryImageOfPage\":{\"@id\":\"https:\/\/exceladvisor.org\/es\/simbolo-pi\/#primaryimage\"},\"image\":{\"@id\":\"https:\/\/exceladvisor.org\/es\/simbolo-pi\/#primaryimage\"},\"thumbnailUrl\":\"https:\/\/exceladvisor.org\/wp-content\/uploads\/2023\/08\/1-inserer-le-symbole-pi.png\",\"datePublished\":\"2023-11-18T18:26:38+00:00\",\"dateModified\":\"2023-12-25T10:25:48+00:00\",\"breadcrumb\":{\"@id\":\"https:\/\/exceladvisor.org\/es\/simbolo-pi\/#breadcrumb\"},\"inLanguage\":\"es\",\"potentialAction\":[{\"@type\":\"ReadAction\",\"target\":[\"https:\/\/exceladvisor.org\/es\/simbolo-pi\/\"]}]},{\"@type\":\"ImageObject\",\"inLanguage\":\"es\",\"@id\":\"https:\/\/exceladvisor.org\/es\/simbolo-pi\/#primaryimage\",\"url\":\"https:\/\/exceladvisor.org\/wp-content\/uploads\/2023\/08\/1-inserer-le-symbole-pi.png\",\"contentUrl\":\"https:\/\/exceladvisor.org\/wp-content\/uploads\/2023\/08\/1-inserer-le-symbole-pi.png\"},{\"@type\":\"BreadcrumbList\",\"@id\":\"https:\/\/exceladvisor.org\/es\/simbolo-pi\/#breadcrumb\",\"itemListElement\":[{\"@type\":\"ListItem\",\"position\":1,\"name\":\"Hogar\",\"item\":\"https:\/\/exceladvisor.org\/es\/\"},{\"@type\":\"ListItem\",\"position\":2,\"name\":\"\u00bfc\u00f3mo insertar el s\u00edmbolo pi (\u03c0) en excel?\"}]},{\"@type\":\"WebSite\",\"@id\":\"https:\/\/exceladvisor.org\/es\/#website\",\"url\":\"https:\/\/exceladvisor.org\/es\/\",\"name\":\"Excel Advisor\",\"description\":\"Su gu\u00eda para la dominaci\u00f3n de datos!\",\"publisher\":{\"@id\":\"https:\/\/exceladvisor.org\/es\/#organization\"},\"potentialAction\":[{\"@type\":\"SearchAction\",\"target\":{\"@type\":\"EntryPoint\",\"urlTemplate\":\"https:\/\/exceladvisor.org\/es\/?s={search_term_string}\"},\"query-input\":{\"@type\":\"PropertyValueSpecification\",\"valueRequired\":true,\"valueName\":\"search_term_string\"}}],\"inLanguage\":\"es\"},{\"@type\":\"Organization\",\"@id\":\"https:\/\/exceladvisor.org\/es\/#organization\",\"name\":\"Excel Advisor\",\"url\":\"https:\/\/exceladvisor.org\/es\/\",\"logo\":{\"@type\":\"ImageObject\",\"inLanguage\":\"es\",\"@id\":\"https:\/\/exceladvisor.org\/es\/#\/schema\/logo\/image\/\",\"url\":\"https:\/\/exceladvisor.org\/es\/wp-content\/uploads\/2023\/12\/exceladvisor.org_.png\",\"contentUrl\":\"https:\/\/exceladvisor.org\/es\/wp-content\/uploads\/2023\/12\/exceladvisor.org_.png\",\"width\":105,\"height\":36,\"caption\":\"Excel Advisor\"},\"image\":{\"@id\":\"https:\/\/exceladvisor.org\/es\/#\/schema\/logo\/image\/\"}}]}<\/script>\n<!-- \/ Yoast SEO plugin. -->","yoast_head_json":{"title":"\u00bfc\u00f3mo insertar el s\u00edmbolo pi (\u03c0) en excel?","robots":{"index":"index","follow":"follow","max-snippet":"max-snippet:-1","max-image-preview":"max-image-preview:large","max-video-preview":"max-video-preview:-1"},"canonical":"https:\/\/exceladvisor.org\/es\/simbolo-pi\/","og_locale":"es_ES","og_type":"article","og_title":"\u00bfc\u00f3mo insertar el s\u00edmbolo pi (\u03c0) en excel?","og_description":"PI \u03c0 es un valor matem\u00e1tico constante utilizado en ecuaciones relacionadas con objetos redondos o esf\u00e9ricos que podr\u00edan ser edificios, \u00f3rbitas, planetas, etc. para encontrar el \u00e1rea y la circunferencia de estas cosas. En Excel existen varias formas de insertar el s\u00edmbolo PI en la hoja de c\u00e1lculo y aqu\u00ed te mostraremos c\u00f3mo insertarlo. Insertar [&hellip;]","og_url":"https:\/\/exceladvisor.org\/es\/simbolo-pi\/","og_site_name":"Excel Advisor","article_modified_time":"2023-12-25T10:25:48+00:00","og_image":[{"url":"https:\/\/exceladvisor.org\/wp-content\/uploads\/2023\/08\/1-inserer-le-symbole-pi.png","type":"","width":"","height":""}],"twitter_card":"summary_large_image","twitter_misc":{"Tiempo de lectura":"3 minutos"},"schema":{"@context":"https:\/\/schema.org","@graph":[{"@type":"WebPage","@id":"https:\/\/exceladvisor.org\/es\/simbolo-pi\/","url":"https:\/\/exceladvisor.org\/es\/simbolo-pi\/","name":"\u00bfc\u00f3mo insertar el s\u00edmbolo pi (\u03c0) en excel?","isPartOf":{"@id":"https:\/\/exceladvisor.org\/es\/#website"},"primaryImageOfPage":{"@id":"https:\/\/exceladvisor.org\/es\/simbolo-pi\/#primaryimage"},"image":{"@id":"https:\/\/exceladvisor.org\/es\/simbolo-pi\/#primaryimage"},"thumbnailUrl":"https:\/\/exceladvisor.org\/wp-content\/uploads\/2023\/08\/1-inserer-le-symbole-pi.png","datePublished":"2023-11-18T18:26:38+00:00","dateModified":"2023-12-25T10:25:48+00:00","breadcrumb":{"@id":"https:\/\/exceladvisor.org\/es\/simbolo-pi\/#breadcrumb"},"inLanguage":"es","potentialAction":[{"@type":"ReadAction","target":["https:\/\/exceladvisor.org\/es\/simbolo-pi\/"]}]},{"@type":"ImageObject","inLanguage":"es","@id":"https:\/\/exceladvisor.org\/es\/simbolo-pi\/#primaryimage","url":"https:\/\/exceladvisor.org\/wp-content\/uploads\/2023\/08\/1-inserer-le-symbole-pi.png","contentUrl":"https:\/\/exceladvisor.org\/wp-content\/uploads\/2023\/08\/1-inserer-le-symbole-pi.png"},{"@type":"BreadcrumbList","@id":"https:\/\/exceladvisor.org\/es\/simbolo-pi\/#breadcrumb","itemListElement":[{"@type":"ListItem","position":1,"name":"Hogar","item":"https:\/\/exceladvisor.org\/es\/"},{"@type":"ListItem","position":2,"name":"\u00bfc\u00f3mo insertar el s\u00edmbolo pi (\u03c0) en excel?"}]},{"@type":"WebSite","@id":"https:\/\/exceladvisor.org\/es\/#website","url":"https:\/\/exceladvisor.org\/es\/","name":"Excel Advisor","description":"Su gu\u00eda para la dominaci\u00f3n de datos!","publisher":{"@id":"https:\/\/exceladvisor.org\/es\/#organization"},"potentialAction":[{"@type":"SearchAction","target":{"@type":"EntryPoint","urlTemplate":"https:\/\/exceladvisor.org\/es\/?s={search_term_string}"},"query-input":{"@type":"PropertyValueSpecification","valueRequired":true,"valueName":"search_term_string"}}],"inLanguage":"es"},{"@type":"Organization","@id":"https:\/\/exceladvisor.org\/es\/#organization","name":"Excel Advisor","url":"https:\/\/exceladvisor.org\/es\/","logo":{"@type":"ImageObject","inLanguage":"es","@id":"https:\/\/exceladvisor.org\/es\/#\/schema\/logo\/image\/","url":"https:\/\/exceladvisor.org\/es\/wp-content\/uploads\/2023\/12\/exceladvisor.org_.png","contentUrl":"https:\/\/exceladvisor.org\/es\/wp-content\/uploads\/2023\/12\/exceladvisor.org_.png","width":105,"height":36,"caption":"Excel Advisor"},"image":{"@id":"https:\/\/exceladvisor.org\/es\/#\/schema\/logo\/image\/"}}]}},"yoast_meta":{"yoast_wpseo_title":"","yoast_wpseo_metadesc":"","yoast_wpseo_canonical":""},"_links":{"self":[{"href":"https:\/\/exceladvisor.org\/es\/wp-json\/wp\/v2\/pages\/40","targetHints":{"allow":["GET"]}}],"collection":[{"href":"https:\/\/exceladvisor.org\/es\/wp-json\/wp\/v2\/pages"}],"about":[{"href":"https:\/\/exceladvisor.org\/es\/wp-json\/wp\/v2\/types\/page"}],"author":[{"embeddable":true,"href":"https:\/\/exceladvisor.org\/es\/wp-json\/wp\/v2\/users\/1"}],"replies":[{"embeddable":true,"href":"https:\/\/exceladvisor.org\/es\/wp-json\/wp\/v2\/comments?post=40"}],"version-history":[{"count":1,"href":"https:\/\/exceladvisor.org\/es\/wp-json\/wp\/v2\/pages\/40\/revisions"}],"predecessor-version":[{"id":1102,"href":"https:\/\/exceladvisor.org\/es\/wp-json\/wp\/v2\/pages\/40\/revisions\/1102"}],"wp:attachment":[{"href":"https:\/\/exceladvisor.org\/es\/wp-json\/wp\/v2\/media?parent=40"}],"curies":[{"name":"wp","href":"https:\/\/api.w.org\/{rel}","templated":true}]}}