{"id":400,"date":"2023-10-30T11:53:34","date_gmt":"2023-10-30T11:53:34","guid":{"rendered":"https:\/\/exceladvisor.org\/es\/ver-ventana\/"},"modified":"2023-12-25T10:31:34","modified_gmt":"2023-12-25T10:31:34","slug":"ver-ventana","status":"publish","type":"page","link":"https:\/\/exceladvisor.org\/es\/ver-ventana\/","title":{"rendered":"\u00bfc\u00f3mo utilizar la ventana inspecci\u00f3n en excel?"},"content":{"rendered":"<div class=\"excel-antes-del-contenido\" id=\"excel-2315011204\"><script type=\"text\/javascript\">\r\n\tatOptions = {\r\n\t\t'key' : 'c1158f160081d6540a8409e6925dab94',\r\n\t\t'format' : 'iframe',\r\n\t\t'height' : 250,\r\n\t\t'width' : 300,\r\n\t\t'params' : {}\r\n\t};\r\n<\/script>\r\n<script type=\"text\/javascript\" src=\"\/\/www.highperformanceformat.com\/c1158f160081d6540a8409e6925dab94\/invoke.js\"><\/script><\/div><p>A menudo hay celdas en nuestra hoja de c\u00e1lculo donde tenemos f\u00f3rmulas importantes. Y estas f\u00f3rmulas nos ayudan a calcular algunos valores cruciales. En esta situaci\u00f3n, es realmente importante monitorear estas celdas para ver si el c\u00e1lculo es correcto o si no hay ning\u00fan error.<\/p>\n<p> Pero el hecho es que cuantas m\u00e1s c\u00e9lulas de este tipo tengas, m\u00e1s esfuerzo y tiempo tendr\u00e1s que dedicar a rastrearlas. En Excel, existe una opci\u00f3n llamada Watch Window que fue introducida por Microsoft en la versi\u00f3n 2013 y puede ser su herramienta comercial una vez que sepa lo \u00fatil que es.<\/p>\n<p> En este art\u00edculo, aprender\u00e1 c\u00f3mo realizar un seguimiento de sus celdas importantes con una ventana de inspecci\u00f3n en Excel. Este es uno de esos <a style=\"outline: none;\" href=\"https:\/\/exceladvisor.org\/es\/consejo\/\" data-wpil=\"url\">trucos de Excel<\/a> que pueden ayudar a mejorar <a href=\"https:\/\/exceladvisor.org\/es\/habilidades-de-sobresalir\/\">las habilidades b\u00e1sicas de Excel<\/a> .<\/p>\n<h2 id=\"tab-con-2\" class=\"wp-block-heading\"> \u00bfD\u00f3nde encontrarlo en la cinta?<\/h2>\n<p> <strong>Vaya a la pesta\u00f1a F\u00f3rmula \u2192 Auditor\u00eda de f\u00f3rmula \u2192 ventana Monitoreo.<\/strong> <\/p>\n<div class=\"wp-block-image\">\n<figure class=\"aligncenter\"><img decoding=\"async\" src=\"https:\/\/exceladvisor.org\/wp-content\/uploads\/2023\/08\/Fenetre-de-surveillance-dans-Excel-1-1.png\" sizes=\"\" srcset=\"\" alt=\"c\u00f3mo encontrar la ventana de observaci\u00f3n en la cinta de Excel\"><\/figure>\n<\/div>\n<h2 id=\"tab-con-3\" class=\"wp-block-heading\"> Tecla de acceso directo<\/h2>\n<p> Tambi\u00e9n puedes usar Alt + M + W para abrir la ventana Inspecci\u00f3n.<\/p>\n<h2 id=\"tab-con-4\" class=\"wp-block-heading\"> Agregar una celda a la ventana de monitoreo<\/h2>\n<ul>\n<li> Haga clic en Agregar reloj.<\/li>\n<li> Agregue la direcci\u00f3n de la celda al cuadro de entrada.<\/li>\n<li> Haga clic en Aceptar. <\/li>\n<\/ul>\n<div class=\"wp-block-image\">\n<figure class=\"aligncenter\"><img decoding=\"async\" src=\"https:\/\/exceladvisor.org\/wp-content\/uploads\/2023\/08\/Ajouter-une-cellule-pour-utiliser-la-fenetre-de-surveillance-dans-Excel-1.gif\" sizes=\"\" srcset=\"\" alt=\"agregar celda en la ventana de monitoreo para monitoreo\"><\/figure>\n<\/div>\n<h2 id=\"tab-con-5\" class=\"wp-block-heading\"> Monitoreo de c\u00e9lulas importantes con la ventana de monitoreo<\/h2>\n<p> Podemos inspeccionar y auditar los siguientes componentes con la ventana de monitoreo.<\/p>\n<ol>\n<li> <strong>Nombres de libros de trabajo<\/strong> : cuando agrega una celda al reloj, captura el nombre del libro de trabajo.<\/li>\n<li> <strong>Nombre de la hoja de trabajo<\/strong> : el nombre de la hoja de trabajo tambi\u00e9n se capturar\u00e1 junto con el nombre del libro. Cuando tiene muchas hojas de trabajo en su libro de trabajo, es f\u00e1cil identificar celdas con nombres de hojas de trabajo.<\/li>\n<li> <strong>Nombre<\/strong> : tambi\u00e9n capturar\u00e1 el nombre del rango de celdas si lo especific\u00f3.<\/li>\n<li> <strong>Direcci\u00f3n de la celda<\/strong> : mostrar\u00e1 la direcci\u00f3n de la celda.<\/li>\n<li> <strong>Valor de celda<\/strong> : tiene un valor de celda en la ventana de monitoreo. Este es un valor vol\u00e1til que puede cambiar cuando cambia el valor real de la celda. Esto facilita la auditor\u00eda de los valores de la celda.<\/li>\n<li> <strong>F\u00f3rmula<\/strong> : si la celda agregada tiene una f\u00f3rmula, la obtendr\u00e1 en la ventana de observaci\u00f3n. Esto los hace m\u00e1s f\u00e1ciles de inspeccionar y auditar.<\/li>\n<\/ol>\n<h2 id=\"tab-con-6\" class=\"wp-block-heading\"> Eliminar una celda de<\/h2>\n<ol>\n<li> Seleccione la celda que desea eliminar.<\/li>\n<li> Haga clic en el bot\u00f3n Eliminar o toque Eliminar. <\/li>\n<\/ol>\n<div class=\"wp-block-image\">\n<figure class=\"aligncenter\"><img decoding=\"async\" src=\"https:\/\/exceladvisor.org\/wp-content\/uploads\/2023\/08\/Supprimer-une-cellule-pour-utiliser-la-fenetre-de-surveillance-dans-Excel-1.gif\" sizes=\"\" srcset=\"\" alt=\"eliminar una celda de la ventana de monitoreo\"><\/figure>\n<\/div>\n<p> Para eliminar m\u00e1s de una celda, use May\u00fas+tecla de flecha o tambi\u00e9n puede usar May\u00fas+tecla de finalizaci\u00f3n para seleccionar todas las celdas que desea eliminar.<\/p>\n<h2 id=\"tab-con-7\" class=\"wp-block-heading\"> Arreglando la ventana de inspecci\u00f3n debajo de la cinta de Excel<\/h2>\n<p> Tambi\u00e9n puedes colocarlo debajo de la cinta. Para hacer esto, simplemente haga doble clic en la barra de t\u00edtulo de la ventana de monitoreo. <\/p>\n<div class=\"wp-block-image\">\n<figure class=\"aligncenter\"><img decoding=\"async\" src=\"https:\/\/exceladvisor.org\/wp-content\/uploads\/2023\/08\/Correction-de-la-fenetre-de-surveillance-dans-Excel-sous-le-ruban-1.png\" sizes=\"\" srcset=\"\" alt=\"fije la ventana del reloj debajo de la cinta\"><\/figure>\n<\/div>\n<h2 id=\"tab-con-8\" class=\"wp-block-heading\"> Puntos importantes<\/h2>\n<ol>\n<li> Puede agregar tantas celdas all\u00ed para monitorearlas, pero usar demasiadas celdas ralentizar\u00e1 su libro.<\/li>\n<li> Haga doble clic en la entrada de la celda para seleccionarla.<\/li>\n<li> Solo puede realizar un seguimiento de una celda en un libro si ese libro est\u00e1 abierto.<\/li>\n<\/ol>\n<div class=\"gb-container gb-container-4db6181c gb-container-mt\"> <a class=\"gb-button gb-button-c5897111 gb-button-text gb-button-mt-button\" href=\"https:\/\/exceladvisor.org\/es\/avance-de-excel\/\">Tutoriales avanzados de Excel<\/a><\/p>\n<h2 class=\"gb-headline gb-headline-665e5f6b gb-headline-text gb-headline-mt-heading\"> Tutoriales relacionados <\/h2>\n<div class=\"gb-grid-wrapper gb-grid-wrapper-a20baf7c gb-grid-wrapper-mt-grid\">\n<div class=\"gb-grid-column gb-grid-column-65ddf67e\">\n<div class=\"gb-container gb-container-65ddf67e\">\n<ul>\n<li> <a href=\"https:\/\/exceladvisor.org\/es\/herramienta-de-camara\/\">Herramienta de c\u00e1mara de Excel<\/a><\/li>\n<li> <a href=\"https:\/\/exceladvisor.org\/es\/buscar-objetivo\/\">Buscador de objetivos en Excel<\/a><\/li>\n<li> <a href=\"https:\/\/exceladvisor.org\/es\/rebanador-de-excel\/\">Cortadora de Excel (gu\u00eda completa)<\/a><\/li>\n<li> <a href=\"https:\/\/exceladvisor.org\/es\/excel-por-defecto-en-mac\/\">Hacer que Excel sea el predeterminado en Mac<\/a><\/li>\n<li> <a href=\"https:\/\/exceladvisor.org\/es\/modo-seguro-de-excel\/\">Abra Excel en modo seguro<\/a><\/li>\n<\/ul>\n<\/div>\n<\/div>\n<\/div>\n<\/div>\n","protected":false},"excerpt":{"rendered":"<p>A menudo hay celdas en nuestra hoja de c\u00e1lculo donde tenemos f\u00f3rmulas importantes. Y estas f\u00f3rmulas nos ayudan a calcular algunos valores cruciales. En esta situaci\u00f3n, es realmente importante monitorear estas celdas para ver si el c\u00e1lculo es correcto o si no hay ning\u00fan error. Pero el hecho es que cuantas m\u00e1s c\u00e9lulas de este [&hellip;]<\/p>\n","protected":false},"author":1,"featured_media":0,"parent":0,"menu_order":0,"comment_status":"open","ping_status":"closed","template":"","meta":{"ub_ctt_via":"","footnotes":""},"class_list":["post-400","page","type-page","status-publish","hentry"],"featured_image_src":null,"yoast_head":"<!-- This site is optimized with the Yoast SEO plugin v25.4 - https:\/\/yoast.com\/wordpress\/plugins\/seo\/ -->\n<title>\u00bfc\u00f3mo utilizar la ventana inspecci\u00f3n en excel?<\/title>\n<meta name=\"robots\" content=\"index, follow, max-snippet:-1, max-image-preview:large, max-video-preview:-1\" \/>\n<link rel=\"canonical\" href=\"https:\/\/exceladvisor.org\/es\/ver-ventana\/\" \/>\n<meta property=\"og:locale\" content=\"es_ES\" \/>\n<meta property=\"og:type\" content=\"article\" \/>\n<meta property=\"og:title\" content=\"\u00bfc\u00f3mo utilizar la ventana inspecci\u00f3n en excel?\" \/>\n<meta property=\"og:description\" content=\"A menudo hay celdas en nuestra hoja de c\u00e1lculo donde tenemos f\u00f3rmulas importantes. Y estas f\u00f3rmulas nos ayudan a calcular algunos valores cruciales. En esta situaci\u00f3n, es realmente importante monitorear estas celdas para ver si el c\u00e1lculo es correcto o si no hay ning\u00fan error. Pero el hecho es que cuantas m\u00e1s c\u00e9lulas de este [&hellip;]\" \/>\n<meta property=\"og:url\" content=\"https:\/\/exceladvisor.org\/es\/ver-ventana\/\" \/>\n<meta property=\"og:site_name\" content=\"Excel Advisor\" \/>\n<meta property=\"article:modified_time\" content=\"2023-12-25T10:31:34+00:00\" \/>\n<meta property=\"og:image\" content=\"https:\/\/exceladvisor.org\/wp-content\/uploads\/2023\/08\/Fenetre-de-surveillance-dans-Excel-1-1.png\" \/>\n<meta name=\"twitter:card\" content=\"summary_large_image\" \/>\n<meta name=\"twitter:label1\" content=\"Tiempo de lectura\" \/>\n\t<meta name=\"twitter:data1\" content=\"3 minutos\" \/>\n<script type=\"application\/ld+json\" class=\"yoast-schema-graph\">{\"@context\":\"https:\/\/schema.org\",\"@graph\":[{\"@type\":\"WebPage\",\"@id\":\"https:\/\/exceladvisor.org\/es\/ver-ventana\/\",\"url\":\"https:\/\/exceladvisor.org\/es\/ver-ventana\/\",\"name\":\"\u00bfc\u00f3mo utilizar la ventana inspecci\u00f3n en excel?\",\"isPartOf\":{\"@id\":\"https:\/\/exceladvisor.org\/es\/#website\"},\"primaryImageOfPage\":{\"@id\":\"https:\/\/exceladvisor.org\/es\/ver-ventana\/#primaryimage\"},\"image\":{\"@id\":\"https:\/\/exceladvisor.org\/es\/ver-ventana\/#primaryimage\"},\"thumbnailUrl\":\"https:\/\/exceladvisor.org\/wp-content\/uploads\/2023\/08\/Fenetre-de-surveillance-dans-Excel-1-1.png\",\"datePublished\":\"2023-10-30T11:53:34+00:00\",\"dateModified\":\"2023-12-25T10:31:34+00:00\",\"breadcrumb\":{\"@id\":\"https:\/\/exceladvisor.org\/es\/ver-ventana\/#breadcrumb\"},\"inLanguage\":\"es\",\"potentialAction\":[{\"@type\":\"ReadAction\",\"target\":[\"https:\/\/exceladvisor.org\/es\/ver-ventana\/\"]}]},{\"@type\":\"ImageObject\",\"inLanguage\":\"es\",\"@id\":\"https:\/\/exceladvisor.org\/es\/ver-ventana\/#primaryimage\",\"url\":\"https:\/\/exceladvisor.org\/wp-content\/uploads\/2023\/08\/Fenetre-de-surveillance-dans-Excel-1-1.png\",\"contentUrl\":\"https:\/\/exceladvisor.org\/wp-content\/uploads\/2023\/08\/Fenetre-de-surveillance-dans-Excel-1-1.png\"},{\"@type\":\"BreadcrumbList\",\"@id\":\"https:\/\/exceladvisor.org\/es\/ver-ventana\/#breadcrumb\",\"itemListElement\":[{\"@type\":\"ListItem\",\"position\":1,\"name\":\"Hogar\",\"item\":\"https:\/\/exceladvisor.org\/es\/\"},{\"@type\":\"ListItem\",\"position\":2,\"name\":\"\u00bfc\u00f3mo utilizar la ventana inspecci\u00f3n en excel?\"}]},{\"@type\":\"WebSite\",\"@id\":\"https:\/\/exceladvisor.org\/es\/#website\",\"url\":\"https:\/\/exceladvisor.org\/es\/\",\"name\":\"Excel Advisor\",\"description\":\"Su gu\u00eda para la dominaci\u00f3n de datos!\",\"publisher\":{\"@id\":\"https:\/\/exceladvisor.org\/es\/#organization\"},\"potentialAction\":[{\"@type\":\"SearchAction\",\"target\":{\"@type\":\"EntryPoint\",\"urlTemplate\":\"https:\/\/exceladvisor.org\/es\/?s={search_term_string}\"},\"query-input\":{\"@type\":\"PropertyValueSpecification\",\"valueRequired\":true,\"valueName\":\"search_term_string\"}}],\"inLanguage\":\"es\"},{\"@type\":\"Organization\",\"@id\":\"https:\/\/exceladvisor.org\/es\/#organization\",\"name\":\"Excel Advisor\",\"url\":\"https:\/\/exceladvisor.org\/es\/\",\"logo\":{\"@type\":\"ImageObject\",\"inLanguage\":\"es\",\"@id\":\"https:\/\/exceladvisor.org\/es\/#\/schema\/logo\/image\/\",\"url\":\"https:\/\/exceladvisor.org\/es\/wp-content\/uploads\/2023\/12\/exceladvisor.org_.png\",\"contentUrl\":\"https:\/\/exceladvisor.org\/es\/wp-content\/uploads\/2023\/12\/exceladvisor.org_.png\",\"width\":105,\"height\":36,\"caption\":\"Excel Advisor\"},\"image\":{\"@id\":\"https:\/\/exceladvisor.org\/es\/#\/schema\/logo\/image\/\"}}]}<\/script>\n<!-- \/ Yoast SEO plugin. -->","yoast_head_json":{"title":"\u00bfc\u00f3mo utilizar la ventana inspecci\u00f3n en excel?","robots":{"index":"index","follow":"follow","max-snippet":"max-snippet:-1","max-image-preview":"max-image-preview:large","max-video-preview":"max-video-preview:-1"},"canonical":"https:\/\/exceladvisor.org\/es\/ver-ventana\/","og_locale":"es_ES","og_type":"article","og_title":"\u00bfc\u00f3mo utilizar la ventana inspecci\u00f3n en excel?","og_description":"A menudo hay celdas en nuestra hoja de c\u00e1lculo donde tenemos f\u00f3rmulas importantes. Y estas f\u00f3rmulas nos ayudan a calcular algunos valores cruciales. En esta situaci\u00f3n, es realmente importante monitorear estas celdas para ver si el c\u00e1lculo es correcto o si no hay ning\u00fan error. Pero el hecho es que cuantas m\u00e1s c\u00e9lulas de este [&hellip;]","og_url":"https:\/\/exceladvisor.org\/es\/ver-ventana\/","og_site_name":"Excel Advisor","article_modified_time":"2023-12-25T10:31:34+00:00","og_image":[{"url":"https:\/\/exceladvisor.org\/wp-content\/uploads\/2023\/08\/Fenetre-de-surveillance-dans-Excel-1-1.png","type":"","width":"","height":""}],"twitter_card":"summary_large_image","twitter_misc":{"Tiempo de lectura":"3 minutos"},"schema":{"@context":"https:\/\/schema.org","@graph":[{"@type":"WebPage","@id":"https:\/\/exceladvisor.org\/es\/ver-ventana\/","url":"https:\/\/exceladvisor.org\/es\/ver-ventana\/","name":"\u00bfc\u00f3mo utilizar la ventana inspecci\u00f3n en excel?","isPartOf":{"@id":"https:\/\/exceladvisor.org\/es\/#website"},"primaryImageOfPage":{"@id":"https:\/\/exceladvisor.org\/es\/ver-ventana\/#primaryimage"},"image":{"@id":"https:\/\/exceladvisor.org\/es\/ver-ventana\/#primaryimage"},"thumbnailUrl":"https:\/\/exceladvisor.org\/wp-content\/uploads\/2023\/08\/Fenetre-de-surveillance-dans-Excel-1-1.png","datePublished":"2023-10-30T11:53:34+00:00","dateModified":"2023-12-25T10:31:34+00:00","breadcrumb":{"@id":"https:\/\/exceladvisor.org\/es\/ver-ventana\/#breadcrumb"},"inLanguage":"es","potentialAction":[{"@type":"ReadAction","target":["https:\/\/exceladvisor.org\/es\/ver-ventana\/"]}]},{"@type":"ImageObject","inLanguage":"es","@id":"https:\/\/exceladvisor.org\/es\/ver-ventana\/#primaryimage","url":"https:\/\/exceladvisor.org\/wp-content\/uploads\/2023\/08\/Fenetre-de-surveillance-dans-Excel-1-1.png","contentUrl":"https:\/\/exceladvisor.org\/wp-content\/uploads\/2023\/08\/Fenetre-de-surveillance-dans-Excel-1-1.png"},{"@type":"BreadcrumbList","@id":"https:\/\/exceladvisor.org\/es\/ver-ventana\/#breadcrumb","itemListElement":[{"@type":"ListItem","position":1,"name":"Hogar","item":"https:\/\/exceladvisor.org\/es\/"},{"@type":"ListItem","position":2,"name":"\u00bfc\u00f3mo utilizar la ventana inspecci\u00f3n en excel?"}]},{"@type":"WebSite","@id":"https:\/\/exceladvisor.org\/es\/#website","url":"https:\/\/exceladvisor.org\/es\/","name":"Excel Advisor","description":"Su gu\u00eda para la dominaci\u00f3n de datos!","publisher":{"@id":"https:\/\/exceladvisor.org\/es\/#organization"},"potentialAction":[{"@type":"SearchAction","target":{"@type":"EntryPoint","urlTemplate":"https:\/\/exceladvisor.org\/es\/?s={search_term_string}"},"query-input":{"@type":"PropertyValueSpecification","valueRequired":true,"valueName":"search_term_string"}}],"inLanguage":"es"},{"@type":"Organization","@id":"https:\/\/exceladvisor.org\/es\/#organization","name":"Excel Advisor","url":"https:\/\/exceladvisor.org\/es\/","logo":{"@type":"ImageObject","inLanguage":"es","@id":"https:\/\/exceladvisor.org\/es\/#\/schema\/logo\/image\/","url":"https:\/\/exceladvisor.org\/es\/wp-content\/uploads\/2023\/12\/exceladvisor.org_.png","contentUrl":"https:\/\/exceladvisor.org\/es\/wp-content\/uploads\/2023\/12\/exceladvisor.org_.png","width":105,"height":36,"caption":"Excel Advisor"},"image":{"@id":"https:\/\/exceladvisor.org\/es\/#\/schema\/logo\/image\/"}}]}},"yoast_meta":{"yoast_wpseo_title":"","yoast_wpseo_metadesc":"","yoast_wpseo_canonical":""},"_links":{"self":[{"href":"https:\/\/exceladvisor.org\/es\/wp-json\/wp\/v2\/pages\/400","targetHints":{"allow":["GET"]}}],"collection":[{"href":"https:\/\/exceladvisor.org\/es\/wp-json\/wp\/v2\/pages"}],"about":[{"href":"https:\/\/exceladvisor.org\/es\/wp-json\/wp\/v2\/types\/page"}],"author":[{"embeddable":true,"href":"https:\/\/exceladvisor.org\/es\/wp-json\/wp\/v2\/users\/1"}],"replies":[{"embeddable":true,"href":"https:\/\/exceladvisor.org\/es\/wp-json\/wp\/v2\/comments?post=400"}],"version-history":[{"count":1,"href":"https:\/\/exceladvisor.org\/es\/wp-json\/wp\/v2\/pages\/400\/revisions"}],"predecessor-version":[{"id":1368,"href":"https:\/\/exceladvisor.org\/es\/wp-json\/wp\/v2\/pages\/400\/revisions\/1368"}],"wp:attachment":[{"href":"https:\/\/exceladvisor.org\/es\/wp-json\/wp\/v2\/media?parent=400"}],"curies":[{"name":"wp","href":"https:\/\/api.w.org\/{rel}","templated":true}]}}