{"id":401,"date":"2023-10-30T11:47:21","date_gmt":"2023-10-30T11:47:21","guid":{"rendered":"https:\/\/exceladvisor.org\/es\/copiar-columna\/"},"modified":"2023-12-25T10:25:02","modified_gmt":"2023-12-25T10:25:02","slug":"copiar-columna","status":"publish","type":"page","link":"https:\/\/exceladvisor.org\/es\/copiar-columna\/","title":{"rendered":"\u00bfc\u00f3mo copiar y pegar una columna en excel?"},"content":{"rendered":"<div class=\"excel-antes-del-contenido\" id=\"excel-741993226\"><script type=\"text\/javascript\">\r\n\tatOptions = {\r\n\t\t'key' : 'c1158f160081d6540a8409e6925dab94',\r\n\t\t'format' : 'iframe',\r\n\t\t'height' : 250,\r\n\t\t'width' : 300,\r\n\t\t'params' : {}\r\n\t};\r\n<\/script>\r\n<script type=\"text\/javascript\" src=\"\/\/www.highperformanceformat.com\/c1158f160081d6540a8409e6925dab94\/invoke.js\"><\/script><\/div><p>Copiar datos es una tarea muy com\u00fan en nuestro d\u00eda a d\u00eda cuando trabajamos en Excel o cualquier otro procesador de textos. Por lo general, necesitamos copiar una sola celda de un lugar a otro o incluso, a veces, tambi\u00e9n a una hoja de trabajo diferente. Es muy sencillo de hacer.<\/p>\n<p> Pero cuando se trata de copiar m\u00faltiples celdas continuas as\u00ed como celdas no adyacentes, todos nos encontramos en un gran problema.<\/p>\n<p> En este tutorial, aprenderemos m\u00e9todos para copiar una o varias columnas (continuas y no continuas). Ahora ve\u00e1moslo paso a paso.<\/p>\n<h2 class=\"wp-block-heading\"> Pasos para copiar y pegar una sola columna<\/h2>\n<ol>\n<li> Primero, seleccione la columna completa desde la <strong>letra del encabezado de la columna<\/strong> hasta la parte superior de la columna que desea copiar.<\/li>\n<li> A continuaci\u00f3n, presione el bot\u00f3n derecho del mouse y seleccione la opci\u00f3n \u201c <strong>Copiar<\/strong> \u201d en el cuadro de di\u00e1logo. <br \/><img loading=\"lazy\" decoding=\"async\" title=\"1-copiar-pegar-una-columna\" src=\"https:\/\/exceladvisor.org\/wp-content\/uploads\/2023\/08\/1-copier-coller-une-seule-colonne.png\" sizes=\"auto, \" srcset=\"\" alt=\"copy-paste-single-column\" width=\"428\" height=\"408\"><\/li>\n<li> Despu\u00e9s de eso, seleccione el rango de celdas de esa columna en particular donde desea \u00bb <strong>Pegar<\/strong> \u00bb sus datos.<\/li>\n<li> Una vez que tenga el rango seleccionado, haga clic derecho y elija la opci\u00f3n Pegar. <br \/><img loading=\"lazy\" decoding=\"async\" title=\"2-pasta-monocolumna\" src=\"https:\/\/exceladvisor.org\/wp-content\/uploads\/2023\/08\/2-coller-une-seule-colonne.png\" sizes=\"auto, \" srcset=\"\" alt=\"paste-single-column\" width=\"417\" height=\"221\"><\/li>\n<\/ol>\n<h2 class=\"wp-block-heading\"> Copiar la columna usando un atajo de teclado<\/h2>\n<p> Aqu\u00ed hay una manera m\u00e1s f\u00e1cil de copiar y pegar los datos usando el m\u00e9todo abreviado de teclado en lugar de hacerlo manualmente.<\/p>\n<ol>\n<li> Primero, haga clic en cualquier celda de la columna que desea copiar.<\/li>\n<li> Desde all\u00ed, seleccione la columna completa manteniendo presionada la tecla de acceso directo que es ( <strong>Control + Barra espaciadora<\/strong> ).<\/li>\n<li> Luego puede copiar la columna seleccionada presionando <strong>Control + C<\/strong> en el teclado.<\/li>\n<li> Ahora ver\u00e1s que esta columna est\u00e1 resaltada, luego p\u00e9gala usando <strong>Ctrl + V.<\/strong><\/li>\n<\/ol>\n<p> Relacionado \u279c <a href=\"https:\/\/exceladvisor.org\/es\/atajos-de-teclado\/\">Atajos de teclado para Excel (hoja de referencia en PDF)<\/a><\/p>\n<h2 class=\"wp-block-heading\"> Copie y pegue varias columnas adyacentes<\/h2>\n<p> Si desea copiar varias columnas de la hoja de c\u00e1lculo al mismo tiempo, puede hacerlo. A continuaci\u00f3n se detallan los pasos.<\/p>\n<ol>\n<li> Seleccione varias columnas en una secuencia con la <strong>tecla izquierda<\/strong> del mouse junto al encabezado de la columna.<\/li>\n<li> A continuaci\u00f3n, haga clic derecho en las columnas seleccionadas.<\/li>\n<li> Haga clic en la opci\u00f3n \u00abCopiar\u00bb en el cuadro de di\u00e1logo para seleccionar todos los datos. <br \/><img loading=\"lazy\" decoding=\"async\" title=\"3-copiar-m\u00faltiples-l\u00edneas-adyacentes-1\" src=\"https:\/\/exceladvisor.org\/wp-content\/uploads\/2023\/08\/3-copier-plusieurs-lignes-adjacentes-1.png\" sizes=\"auto, \" srcset=\"\" alt=\"\" width=\"414\" height=\"322\"><\/li>\n<li> Ahora ver\u00e1s que esta columna est\u00e1 resaltada, luego p\u00e9gala usando <strong>Ctrl + V.<\/strong> <br \/><img loading=\"lazy\" decoding=\"async\" title=\"4-pasta-m\u00faltiples-columnas-adyacentes\" src=\"https:\/\/exceladvisor.org\/wp-content\/uploads\/2023\/08\/4-coller-plusieurs-colonnes-adjacentes.png\" sizes=\"auto, \" srcset=\"\" alt=\"paste-multiple-adjacent-columns\" width=\"417\" height=\"179\"><\/li>\n<\/ol>\n<p class=\"qt-tip\"> <strong>Nota importante<\/strong> : aseg\u00farese de tener suficientes columnas en blanco en las que desea pegar sus datos o, si ya tiene algo en ese rango de celdas, se sobrescribir\u00e1.<\/p>\n<h2 class=\"wp-block-heading\"> Copie varias columnas no adyacentes<\/h2>\n<p> La forma m\u00e1s sencilla de copiar varias columnas no adyacentes es utilizar la tecla CTRL. Procedamos por etapas.<\/p>\n<ol>\n<li> En su hoja de c\u00e1lculo, seleccione la primera columna haciendo clic en su encabezado.<\/li>\n<li> Despu\u00e9s de eso, presione <strong>Control<\/strong> y haga clic en las siguientes columnas, una por una, que desea resaltar.<\/li>\n<li> A continuaci\u00f3n, haga clic derecho en una de las columnas seleccionadas y elija \u00abCopiar\u00bb en el cuadro de di\u00e1logo. <br \/><img loading=\"lazy\" decoding=\"async\" title=\"5-copia-m\u00faltiples-l\u00edneas-no continuas\" src=\"https:\/\/exceladvisor.org\/wp-content\/uploads\/2023\/08\/5-copier-plusieurs-lignes-non-continues.png\" sizes=\"auto, \" srcset=\"\" alt=\"copy-multiple-non-continuous-rows\" width=\"419\" height=\"296\"><\/li>\n<li> Ahora ver\u00e1s que todas las columnas seleccionadas han sido resaltadas en la hoja.<\/li>\n<li> Al final, selecciona la celda de destino donde deseas pegar tus datos y presionando <strong>Ctrl + V<\/strong> podr\u00e1s pegarlos. <br \/><img loading=\"lazy\" decoding=\"async\" title=\"6-masa-m\u00faltiples-l\u00edneas-no continuas\" src=\"https:\/\/exceladvisor.org\/wp-content\/uploads\/2023\/08\/6-coller-plusieurs-lignes-non-continues.png\" sizes=\"auto, \" srcset=\"\" alt=\"paste-multiple-non-continuous-rows\" width=\"408\" height=\"176\"><\/li>\n<\/ol>\n<h2 class=\"wp-block-heading\"> Copie y pegue la columna de la cinta.<\/h2>\n<p> Curiosamente, tambi\u00e9n puedes copiar y pegar valores desde la cinta. Hag\u00e1moslo en los siguientes pasos:<\/p>\n<ol>\n<li> Primero, seleccione todas las columnas que desea copiar.<\/li>\n<li> Luego vaya a la pesta\u00f1a Inicio y al Portapapeles&gt; elija Copiar o use (Ctrl + C) desde el teclado para copiar las columnas. <br \/><img loading=\"lazy\" decoding=\"async\" title=\"7 cintas de copia\" src=\"https:\/\/exceladvisor.org\/wp-content\/uploads\/2023\/08\/7-copie-a-travers-le-ruban.png\" sizes=\"auto, \" srcset=\"\" alt=\"copy-rows-through-ribbon\" width=\"409\" height=\"504\"><\/li>\n<li> Seleccione la celda particular donde desea pegar sus datos.<\/li>\n<li> Y luego haga clic en pegar desde la cinta o puede usar el acceso directo que es (Ctrl + V). <br \/><img loading=\"lazy\" decoding=\"async\" title=\"Opci\u00f3n 8 pasta a trav\u00e9s de la cinta.\" src=\"https:\/\/exceladvisor.org\/wp-content\/uploads\/2023\/08\/8-options-de-collage-a-travers-le-ruban.png\" sizes=\"auto, \" srcset=\"\" alt=\"use-paste-option-through-ribbon\" width=\"407\" height=\"319\"><\/li>\n<\/ol>\n<p> Estas son las formas en que puede copiar y pegar columnas en Excel.<\/p>\n<p> Adem\u00e1s, si desea copiar varias columnas no adyacentes, puede utilizar el tercer m\u00e9todo para ello.<\/p>\n<p> Adem\u00e1s de eso, el acceso directo de copiar y pegar anterior lo ayudar\u00e1 a compilar sus datos lo antes posible.<\/p>\n<div class=\"gb-container gb-container-4db6181c gb-container-mt\"> <a class=\"gb-button gb-button-c5897111 gb-button-text gb-button-mt-button\" href=\"https:\/\/exceladvisor.org\/es\/conceptos-basicos-de-excel\/\">Conceptos b\u00e1sicos de Microsoft Excel (componentes, piezas y notas de conocimiento)<\/a><\/p>\n<h2 class=\"gb-headline gb-headline-665e5f6b gb-headline-text gb-headline-mt-heading\"> Tutoriales relacionados <\/h2>\n<div class=\"gb-grid-wrapper gb-grid-wrapper-a20baf7c gb-grid-wrapper-mt-grid\">\n<div class=\"gb-grid-column gb-grid-column-65ddf67e\">\n<div class=\"gb-container gb-container-65ddf67e\">\n<ul>\n<li> <a href=\"https:\/\/exceladvisor.org\/es\/agregar-eliminar-hipervinculos\/\">Agregar y eliminar hiperv\u00ednculos en Excel<\/a><\/li>\n<li> <a href=\"https:\/\/exceladvisor.org\/es\/agregar-marca-de-agua\/\">Agregar una marca de agua en Excel<\/a><\/li>\n<li> <a href=\"https:\/\/exceladvisor.org\/es\/eliminar-columnas-de-filas-ocultas\/\">Eliminar filas ocultas en Excel<\/a><\/li>\n<li> <a href=\"https:\/\/exceladvisor.org\/es\/deseleccionar-celdas\/\">Deseleccionar celdas en Excel<\/a> <\/li>\n<\/ul>\n<\/div>\n<\/div>\n<div class=\"gb-grid-column gb-grid-column-50067b57\">\n<div class=\"gb-container gb-container-50067b57\">\n<ul>\n<li> <a href=\"https:\/\/exceladvisor.org\/es\/mostrar-lineas\/\">Mostrar filas en Excel<\/a><\/li>\n<li> <a href=\"https:\/\/exceladvisor.org\/es\/rango\/\">Rango en Excel<\/a><\/li>\n<li> <a href=\"https:\/\/exceladvisor.org\/es\/seleccione-el-rango\/\">Seleccionar rango en Excel<\/a><\/li>\n<li> <a href=\"https:\/\/exceladvisor.org\/es\/celula-activa\/\">Activar celda en Excel<\/a><\/li>\n<\/ul>\n<\/div>\n<\/div>\n<\/div>\n<\/div>\n","protected":false},"excerpt":{"rendered":"<p>Copiar datos es una tarea muy com\u00fan en nuestro d\u00eda a d\u00eda cuando trabajamos en Excel o cualquier otro procesador de textos. Por lo general, necesitamos copiar una sola celda de un lugar a otro o incluso, a veces, tambi\u00e9n a una hoja de trabajo diferente. Es muy sencillo de hacer. Pero cuando se trata [&hellip;]<\/p>\n","protected":false},"author":1,"featured_media":0,"parent":0,"menu_order":0,"comment_status":"open","ping_status":"closed","template":"","meta":{"ub_ctt_via":"","footnotes":""},"class_list":["post-401","page","type-page","status-publish","hentry"],"featured_image_src":null,"yoast_head":"<!-- This site is optimized with the Yoast SEO plugin v25.4 - https:\/\/yoast.com\/wordpress\/plugins\/seo\/ -->\n<title>\u00bfc\u00f3mo copiar y pegar una columna en excel?<\/title>\n<meta name=\"robots\" content=\"index, follow, max-snippet:-1, max-image-preview:large, max-video-preview:-1\" \/>\n<link rel=\"canonical\" href=\"https:\/\/exceladvisor.org\/es\/copiar-columna\/\" \/>\n<meta property=\"og:locale\" content=\"es_ES\" \/>\n<meta property=\"og:type\" content=\"article\" \/>\n<meta property=\"og:title\" content=\"\u00bfc\u00f3mo copiar y pegar una columna en excel?\" \/>\n<meta property=\"og:description\" content=\"Copiar datos es una tarea muy com\u00fan en nuestro d\u00eda a d\u00eda cuando trabajamos en Excel o cualquier otro procesador de textos. Por lo general, necesitamos copiar una sola celda de un lugar a otro o incluso, a veces, tambi\u00e9n a una hoja de trabajo diferente. Es muy sencillo de hacer. Pero cuando se trata [&hellip;]\" \/>\n<meta property=\"og:url\" content=\"https:\/\/exceladvisor.org\/es\/copiar-columna\/\" \/>\n<meta property=\"og:site_name\" content=\"Excel Advisor\" \/>\n<meta property=\"article:modified_time\" content=\"2023-12-25T10:25:02+00:00\" \/>\n<meta property=\"og:image\" content=\"https:\/\/exceladvisor.org\/wp-content\/uploads\/2023\/08\/1-copier-coller-une-seule-colonne.png\" \/>\n<meta name=\"twitter:card\" content=\"summary_large_image\" \/>\n<meta name=\"twitter:label1\" content=\"Tiempo de lectura\" \/>\n\t<meta name=\"twitter:data1\" content=\"4 minutos\" \/>\n<script type=\"application\/ld+json\" class=\"yoast-schema-graph\">{\"@context\":\"https:\/\/schema.org\",\"@graph\":[{\"@type\":\"WebPage\",\"@id\":\"https:\/\/exceladvisor.org\/es\/copiar-columna\/\",\"url\":\"https:\/\/exceladvisor.org\/es\/copiar-columna\/\",\"name\":\"\u00bfc\u00f3mo copiar y pegar una columna en excel?\",\"isPartOf\":{\"@id\":\"https:\/\/exceladvisor.org\/es\/#website\"},\"primaryImageOfPage\":{\"@id\":\"https:\/\/exceladvisor.org\/es\/copiar-columna\/#primaryimage\"},\"image\":{\"@id\":\"https:\/\/exceladvisor.org\/es\/copiar-columna\/#primaryimage\"},\"thumbnailUrl\":\"https:\/\/exceladvisor.org\/wp-content\/uploads\/2023\/08\/1-copier-coller-une-seule-colonne.png\",\"datePublished\":\"2023-10-30T11:47:21+00:00\",\"dateModified\":\"2023-12-25T10:25:02+00:00\",\"breadcrumb\":{\"@id\":\"https:\/\/exceladvisor.org\/es\/copiar-columna\/#breadcrumb\"},\"inLanguage\":\"es\",\"potentialAction\":[{\"@type\":\"ReadAction\",\"target\":[\"https:\/\/exceladvisor.org\/es\/copiar-columna\/\"]}]},{\"@type\":\"ImageObject\",\"inLanguage\":\"es\",\"@id\":\"https:\/\/exceladvisor.org\/es\/copiar-columna\/#primaryimage\",\"url\":\"https:\/\/exceladvisor.org\/wp-content\/uploads\/2023\/08\/1-copier-coller-une-seule-colonne.png\",\"contentUrl\":\"https:\/\/exceladvisor.org\/wp-content\/uploads\/2023\/08\/1-copier-coller-une-seule-colonne.png\"},{\"@type\":\"BreadcrumbList\",\"@id\":\"https:\/\/exceladvisor.org\/es\/copiar-columna\/#breadcrumb\",\"itemListElement\":[{\"@type\":\"ListItem\",\"position\":1,\"name\":\"Hogar\",\"item\":\"https:\/\/exceladvisor.org\/es\/\"},{\"@type\":\"ListItem\",\"position\":2,\"name\":\"\u00bfc\u00f3mo copiar y pegar una columna en excel?\"}]},{\"@type\":\"WebSite\",\"@id\":\"https:\/\/exceladvisor.org\/es\/#website\",\"url\":\"https:\/\/exceladvisor.org\/es\/\",\"name\":\"Excel Advisor\",\"description\":\"Su gu\u00eda para la dominaci\u00f3n de datos!\",\"publisher\":{\"@id\":\"https:\/\/exceladvisor.org\/es\/#organization\"},\"potentialAction\":[{\"@type\":\"SearchAction\",\"target\":{\"@type\":\"EntryPoint\",\"urlTemplate\":\"https:\/\/exceladvisor.org\/es\/?s={search_term_string}\"},\"query-input\":{\"@type\":\"PropertyValueSpecification\",\"valueRequired\":true,\"valueName\":\"search_term_string\"}}],\"inLanguage\":\"es\"},{\"@type\":\"Organization\",\"@id\":\"https:\/\/exceladvisor.org\/es\/#organization\",\"name\":\"Excel Advisor\",\"url\":\"https:\/\/exceladvisor.org\/es\/\",\"logo\":{\"@type\":\"ImageObject\",\"inLanguage\":\"es\",\"@id\":\"https:\/\/exceladvisor.org\/es\/#\/schema\/logo\/image\/\",\"url\":\"https:\/\/exceladvisor.org\/es\/wp-content\/uploads\/2023\/12\/exceladvisor.org_.png\",\"contentUrl\":\"https:\/\/exceladvisor.org\/es\/wp-content\/uploads\/2023\/12\/exceladvisor.org_.png\",\"width\":105,\"height\":36,\"caption\":\"Excel Advisor\"},\"image\":{\"@id\":\"https:\/\/exceladvisor.org\/es\/#\/schema\/logo\/image\/\"}}]}<\/script>\n<!-- \/ Yoast SEO plugin. -->","yoast_head_json":{"title":"\u00bfc\u00f3mo copiar y pegar una columna en excel?","robots":{"index":"index","follow":"follow","max-snippet":"max-snippet:-1","max-image-preview":"max-image-preview:large","max-video-preview":"max-video-preview:-1"},"canonical":"https:\/\/exceladvisor.org\/es\/copiar-columna\/","og_locale":"es_ES","og_type":"article","og_title":"\u00bfc\u00f3mo copiar y pegar una columna en excel?","og_description":"Copiar datos es una tarea muy com\u00fan en nuestro d\u00eda a d\u00eda cuando trabajamos en Excel o cualquier otro procesador de textos. Por lo general, necesitamos copiar una sola celda de un lugar a otro o incluso, a veces, tambi\u00e9n a una hoja de trabajo diferente. Es muy sencillo de hacer. Pero cuando se trata [&hellip;]","og_url":"https:\/\/exceladvisor.org\/es\/copiar-columna\/","og_site_name":"Excel Advisor","article_modified_time":"2023-12-25T10:25:02+00:00","og_image":[{"url":"https:\/\/exceladvisor.org\/wp-content\/uploads\/2023\/08\/1-copier-coller-une-seule-colonne.png","type":"","width":"","height":""}],"twitter_card":"summary_large_image","twitter_misc":{"Tiempo de lectura":"4 minutos"},"schema":{"@context":"https:\/\/schema.org","@graph":[{"@type":"WebPage","@id":"https:\/\/exceladvisor.org\/es\/copiar-columna\/","url":"https:\/\/exceladvisor.org\/es\/copiar-columna\/","name":"\u00bfc\u00f3mo copiar y pegar una columna en excel?","isPartOf":{"@id":"https:\/\/exceladvisor.org\/es\/#website"},"primaryImageOfPage":{"@id":"https:\/\/exceladvisor.org\/es\/copiar-columna\/#primaryimage"},"image":{"@id":"https:\/\/exceladvisor.org\/es\/copiar-columna\/#primaryimage"},"thumbnailUrl":"https:\/\/exceladvisor.org\/wp-content\/uploads\/2023\/08\/1-copier-coller-une-seule-colonne.png","datePublished":"2023-10-30T11:47:21+00:00","dateModified":"2023-12-25T10:25:02+00:00","breadcrumb":{"@id":"https:\/\/exceladvisor.org\/es\/copiar-columna\/#breadcrumb"},"inLanguage":"es","potentialAction":[{"@type":"ReadAction","target":["https:\/\/exceladvisor.org\/es\/copiar-columna\/"]}]},{"@type":"ImageObject","inLanguage":"es","@id":"https:\/\/exceladvisor.org\/es\/copiar-columna\/#primaryimage","url":"https:\/\/exceladvisor.org\/wp-content\/uploads\/2023\/08\/1-copier-coller-une-seule-colonne.png","contentUrl":"https:\/\/exceladvisor.org\/wp-content\/uploads\/2023\/08\/1-copier-coller-une-seule-colonne.png"},{"@type":"BreadcrumbList","@id":"https:\/\/exceladvisor.org\/es\/copiar-columna\/#breadcrumb","itemListElement":[{"@type":"ListItem","position":1,"name":"Hogar","item":"https:\/\/exceladvisor.org\/es\/"},{"@type":"ListItem","position":2,"name":"\u00bfc\u00f3mo copiar y pegar una columna en excel?"}]},{"@type":"WebSite","@id":"https:\/\/exceladvisor.org\/es\/#website","url":"https:\/\/exceladvisor.org\/es\/","name":"Excel Advisor","description":"Su gu\u00eda para la dominaci\u00f3n de datos!","publisher":{"@id":"https:\/\/exceladvisor.org\/es\/#organization"},"potentialAction":[{"@type":"SearchAction","target":{"@type":"EntryPoint","urlTemplate":"https:\/\/exceladvisor.org\/es\/?s={search_term_string}"},"query-input":{"@type":"PropertyValueSpecification","valueRequired":true,"valueName":"search_term_string"}}],"inLanguage":"es"},{"@type":"Organization","@id":"https:\/\/exceladvisor.org\/es\/#organization","name":"Excel Advisor","url":"https:\/\/exceladvisor.org\/es\/","logo":{"@type":"ImageObject","inLanguage":"es","@id":"https:\/\/exceladvisor.org\/es\/#\/schema\/logo\/image\/","url":"https:\/\/exceladvisor.org\/es\/wp-content\/uploads\/2023\/12\/exceladvisor.org_.png","contentUrl":"https:\/\/exceladvisor.org\/es\/wp-content\/uploads\/2023\/12\/exceladvisor.org_.png","width":105,"height":36,"caption":"Excel Advisor"},"image":{"@id":"https:\/\/exceladvisor.org\/es\/#\/schema\/logo\/image\/"}}]}},"yoast_meta":{"yoast_wpseo_title":"","yoast_wpseo_metadesc":"","yoast_wpseo_canonical":""},"_links":{"self":[{"href":"https:\/\/exceladvisor.org\/es\/wp-json\/wp\/v2\/pages\/401","targetHints":{"allow":["GET"]}}],"collection":[{"href":"https:\/\/exceladvisor.org\/es\/wp-json\/wp\/v2\/pages"}],"about":[{"href":"https:\/\/exceladvisor.org\/es\/wp-json\/wp\/v2\/types\/page"}],"author":[{"embeddable":true,"href":"https:\/\/exceladvisor.org\/es\/wp-json\/wp\/v2\/users\/1"}],"replies":[{"embeddable":true,"href":"https:\/\/exceladvisor.org\/es\/wp-json\/wp\/v2\/comments?post=401"}],"version-history":[{"count":1,"href":"https:\/\/exceladvisor.org\/es\/wp-json\/wp\/v2\/pages\/401\/revisions"}],"predecessor-version":[{"id":995,"href":"https:\/\/exceladvisor.org\/es\/wp-json\/wp\/v2\/pages\/401\/revisions\/995"}],"wp:attachment":[{"href":"https:\/\/exceladvisor.org\/es\/wp-json\/wp\/v2\/media?parent=401"}],"curies":[{"name":"wp","href":"https:\/\/api.w.org\/{rel}","templated":true}]}}