{"id":402,"date":"2023-10-30T11:30:56","date_gmt":"2023-10-30T11:30:56","guid":{"rendered":"https:\/\/exceladvisor.org\/es\/pegar-multiplicar-especial\/"},"modified":"2023-12-25T10:26:14","modified_gmt":"2023-12-25T10:26:14","slug":"pegar-multiplicar-especial","status":"publish","type":"page","link":"https:\/\/exceladvisor.org\/es\/pegar-multiplicar-especial\/","title":{"rendered":"\u00bfc\u00f3mo multiplicar en excel usando pegado especial?"},"content":{"rendered":"<div class=\"excel-antes-del-contenido\" id=\"excel-1575241480\"><script type=\"text\/javascript\">\r\n\tatOptions = {\r\n\t\t'key' : 'c1158f160081d6540a8409e6925dab94',\r\n\t\t'format' : 'iframe',\r\n\t\t'height' : 250,\r\n\t\t'width' : 300,\r\n\t\t'params' : {}\r\n\t};\r\n<\/script>\r\n<script type=\"text\/javascript\" src=\"\/\/www.highperformanceformat.com\/c1158f160081d6540a8409e6925dab94\/invoke.js\"><\/script><\/div><p>A veces, en Excel es necesario realizar c\u00e1lculos r\u00e1pidos. Y puede utilizar una pasta especial para estos c\u00e1lculos r\u00e1pidos en lugar de f\u00f3rmulas.<\/p>\n<p> En la pasta especial, tienes cuatro opciones diferentes [Sumar, Restar, Multiplicar y Dividir] que puedes usar. Y hoy en este art\u00edculo me gustar\u00eda mostrarte c\u00f3mo usar el pegado especial para multiplicar y (restar, dividir y restar) tambi\u00e9n. <\/p>\n<div class=\"wp-block-image\">\n<figure class=\"aligncenter is-resized\"><img loading=\"lazy\" decoding=\"async\" src=\"https:\/\/exceladvisor.org\/wp-content\/uploads\/2023\/08\/Utiliser-Coller-des-operations-speciales-pour-une-multiplication-rapide-dans-Excel-1.png\" sizes=\"auto, \" srcset=\"\" alt=\"Multiplicar en Excel usando la opci\u00f3n Pegado especial\" width=\"398\" height=\"330\"><\/figure>\n<\/div>\n<h2 class=\"wp-block-heading\"> Multiplicar en Excel usando la opci\u00f3n Pegado especial<\/h2>\n<p> Supongamos que tiene una tabla de datos con tarifas de llamadas desde la India a otros pa\u00edses. Y debido al aumento de los costos, necesita aumentar sus tarifas en un 20%. Ahora, en lugar de usar la f\u00f3rmula, puedes usar la opci\u00f3n pegar multiplicaci\u00f3n especial aqu\u00ed.<\/p>\n<ol>\n<li> Seleccione la celda donde tiene su porcentaje de incremento (us\u00e9 1,2 para aumentar la tasa en un 20%) y c\u00f3piela.<\/li>\n<li> Ahora seleccione todo el rango al que desea aplicar el c\u00e1lculo.<\/li>\n<li> Utilice la tecla de acceso r\u00e1pido [Alt + E + S] para obtener el cuadro de di\u00e1logo de pegado especial.<\/li>\n<li> Vaya a Operaci\u00f3n, seleccione la opci\u00f3n \u00abmultiplicar\u00bb y haga clic en Aceptar. <\/li>\n<\/ol>\n<div class=\"wp-block-image\">\n<figure class=\"aligncenter\"><img decoding=\"async\" src=\"https:\/\/exceladvisor.org\/wp-content\/uploads\/2023\/08\/Utiliser-Coller-des-operations-speciales-pour-une-multiplication-rapide-dans-Excel-3.gif\" sizes=\"\" srcset=\"\" alt=\"Multiplicar en Excel usando la opci\u00f3n Pegado especial en celdas\"><\/figure>\n<\/div>\n<p> En el ejemplo anterior, utilizamos una tasa de multiplicaci\u00f3n aumentada. Tambi\u00e9n puedes utilizar el mismo m\u00e9todo para sumar, restar y dividir.<\/p>\n<h2 class=\"wp-block-heading\"> Y cuando tienes celdas con f\u00f3rmulas<\/h2>\n<p> Esta es una de las cosas m\u00e1s sorprendentes que puedes hacer con la masa especial. Si tienes celdas en las que ya tienes f\u00f3rmulas, siempre puedes usar el pegado especial. <\/p>\n<div class=\"wp-block-image\">\n<figure class=\"aligncenter\"><img decoding=\"async\" src=\"https:\/\/exceladvisor.org\/wp-content\/uploads\/2023\/08\/Utiliser-Coller-des-operations-speciales-pour-une-multiplication-rapide-dans-Excel-4.gif\" sizes=\"\" srcset=\"\" alt=\"Multiplica en Excel usando la opci\u00f3n especial de pegado con f\u00f3rmulas\"><\/figure>\n<\/div>\n<p> En el ejemplo anterior, el precio es la suma del costo fijo (E2) y el costo variable (E3). Aumentamos el precio en un 32,25%.<\/p>\n<h2 class=\"wp-block-heading\"> Pasta especial para c\u00e1lculos din\u00e1micos.<\/h2>\n<p> Otra cosa \u00fatil que puedes hacer con el pegado especial es que puedes realizar c\u00e1lculos din\u00e1micos.<\/p>\n<p> Suponga que tiene un conjunto de datos de cinco productos para diferentes \u00e1reas y necesita calcular un precio incremental para los cinco productos utilizando diferentes tasas incrementales.<\/p>\n<p> Simplemente seleccione todas las celdas que tengan tasas incrementales y siga los mismos pasos que usamos anteriormente. <\/p>\n<div class=\"wp-block-image\">\n<figure class=\"aligncenter\"><img decoding=\"async\" src=\"https:\/\/exceladvisor.org\/wp-content\/uploads\/2023\/08\/Utiliser-Coller-des-operations-speciales-pour-une-multiplication-rapide-dans-Excel-5.gif\" sizes=\"\" srcset=\"\" alt=\"Utilice operaciones especiales de pegado para multiplicaciones r\u00e1pidas en Excel con c\u00e1lculos din\u00e1micos\"><\/figure>\n<\/div>\n<h2 class=\"wp-block-heading\"> Teclas de atajo<\/h2>\n<ol>\n<li> <strong>Multiplicar<\/strong> \u2013 Alt + V + H + M<\/li>\n<li> <strong>Dividir<\/strong> \u2013 Alt + V + H + I<\/li>\n<li> <strong>Agregar<\/strong> \u2013 Alt + V + H + D<\/li>\n<li> <strong>Restar<\/strong> \u2013 Alt + V + H + S<\/li>\n<\/ol>\n<div class=\"gb-container gb-container-4db6181c gb-container-mt\"> <a class=\"gb-button gb-button-c5897111 gb-button-text gb-button-mt-button\" href=\"https:\/\/exceladvisor.org\/es\/avance-de-excel\/\">Tutoriales avanzados de Excel<\/a><\/p>\n<h2 class=\"gb-headline gb-headline-665e5f6b gb-headline-text gb-headline-mt-heading\"> Tutoriales relacionados <\/h2>\n<div class=\"gb-grid-wrapper gb-grid-wrapper-a20baf7c gb-grid-wrapper-mt-grid\">\n<div class=\"gb-grid-column gb-grid-column-65ddf67e\">\n<div class=\"gb-container gb-container-65ddf67e\">\n<ul>\n<li> <a href=\"https:\/\/exceladvisor.org\/es\/herramienta-de-analisis-rapido\/\">Herramienta de an\u00e1lisis r\u00e1pido en Excel<\/a><\/li>\n<li> <a href=\"https:\/\/exceladvisor.org\/es\/aplicar-multiples-filtros\/\">Aplicar m\u00faltiples filtros a las columnas<\/a><\/li>\n<li> <a href=\"https:\/\/exceladvisor.org\/es\/resaltar-los-valores-superiores-e-inferiores\/\">Resalte los valores N superiores e inferiores en Excel<\/a><\/li>\n<li> <a href=\"https:\/\/exceladvisor.org\/es\/casilla-de-verificacion\/\">Insertar una casilla de verificaci\u00f3n en Excel<\/a><\/li>\n<li> <a href=\"https:\/\/exceladvisor.org\/es\/fusionar-celdas-sin-perder-datos\/\">Fusionar celdas sin perder datos en Excel<\/a><\/li>\n<li> <a href=\"https:\/\/exceladvisor.org\/es\/agregar-un-codigo-de-barras\/\" data-wpil=\"url\">Agregar un c\u00f3digo de barras en Excel<\/a><\/li>\n<\/ul>\n<\/div>\n<\/div>\n<\/div>\n<\/div>\n","protected":false},"excerpt":{"rendered":"<p>A veces, en Excel es necesario realizar c\u00e1lculos r\u00e1pidos. Y puede utilizar una pasta especial para estos c\u00e1lculos r\u00e1pidos en lugar de f\u00f3rmulas. En la pasta especial, tienes cuatro opciones diferentes [Sumar, Restar, Multiplicar y Dividir] que puedes usar. Y hoy en este art\u00edculo me gustar\u00eda mostrarte c\u00f3mo usar el pegado especial para multiplicar y [&hellip;]<\/p>\n","protected":false},"author":1,"featured_media":0,"parent":0,"menu_order":0,"comment_status":"open","ping_status":"closed","template":"","meta":{"ub_ctt_via":"","footnotes":""},"class_list":["post-402","page","type-page","status-publish","hentry"],"featured_image_src":null,"yoast_head":"<!-- This site is optimized with the Yoast SEO plugin v25.4 - https:\/\/yoast.com\/wordpress\/plugins\/seo\/ -->\n<title>\u00bfc\u00f3mo multiplicar en excel usando pegado especial?<\/title>\n<meta name=\"robots\" content=\"index, follow, max-snippet:-1, max-image-preview:large, max-video-preview:-1\" \/>\n<link rel=\"canonical\" href=\"https:\/\/exceladvisor.org\/es\/pegar-multiplicar-especial\/\" \/>\n<meta property=\"og:locale\" content=\"es_ES\" \/>\n<meta property=\"og:type\" content=\"article\" \/>\n<meta property=\"og:title\" content=\"\u00bfc\u00f3mo multiplicar en excel usando pegado especial?\" \/>\n<meta property=\"og:description\" content=\"A veces, en Excel es necesario realizar c\u00e1lculos r\u00e1pidos. Y puede utilizar una pasta especial para estos c\u00e1lculos r\u00e1pidos en lugar de f\u00f3rmulas. En la pasta especial, tienes cuatro opciones diferentes [Sumar, Restar, Multiplicar y Dividir] que puedes usar. Y hoy en este art\u00edculo me gustar\u00eda mostrarte c\u00f3mo usar el pegado especial para multiplicar y [&hellip;]\" \/>\n<meta property=\"og:url\" content=\"https:\/\/exceladvisor.org\/es\/pegar-multiplicar-especial\/\" \/>\n<meta property=\"og:site_name\" content=\"Excel Advisor\" \/>\n<meta property=\"article:modified_time\" content=\"2023-12-25T10:26:14+00:00\" \/>\n<meta property=\"og:image\" content=\"https:\/\/exceladvisor.org\/wp-content\/uploads\/2023\/08\/Utiliser-Coller-des-operations-speciales-pour-une-multiplication-rapide-dans-Excel-1.png\" \/>\n<meta name=\"twitter:card\" content=\"summary_large_image\" \/>\n<meta name=\"twitter:label1\" content=\"Tiempo de lectura\" \/>\n\t<meta name=\"twitter:data1\" content=\"2 minutos\" \/>\n<script type=\"application\/ld+json\" class=\"yoast-schema-graph\">{\"@context\":\"https:\/\/schema.org\",\"@graph\":[{\"@type\":\"WebPage\",\"@id\":\"https:\/\/exceladvisor.org\/es\/pegar-multiplicar-especial\/\",\"url\":\"https:\/\/exceladvisor.org\/es\/pegar-multiplicar-especial\/\",\"name\":\"\u00bfc\u00f3mo multiplicar en excel usando pegado especial?\",\"isPartOf\":{\"@id\":\"https:\/\/exceladvisor.org\/es\/#website\"},\"primaryImageOfPage\":{\"@id\":\"https:\/\/exceladvisor.org\/es\/pegar-multiplicar-especial\/#primaryimage\"},\"image\":{\"@id\":\"https:\/\/exceladvisor.org\/es\/pegar-multiplicar-especial\/#primaryimage\"},\"thumbnailUrl\":\"https:\/\/exceladvisor.org\/wp-content\/uploads\/2023\/08\/Utiliser-Coller-des-operations-speciales-pour-une-multiplication-rapide-dans-Excel-1.png\",\"datePublished\":\"2023-10-30T11:30:56+00:00\",\"dateModified\":\"2023-12-25T10:26:14+00:00\",\"breadcrumb\":{\"@id\":\"https:\/\/exceladvisor.org\/es\/pegar-multiplicar-especial\/#breadcrumb\"},\"inLanguage\":\"es\",\"potentialAction\":[{\"@type\":\"ReadAction\",\"target\":[\"https:\/\/exceladvisor.org\/es\/pegar-multiplicar-especial\/\"]}]},{\"@type\":\"ImageObject\",\"inLanguage\":\"es\",\"@id\":\"https:\/\/exceladvisor.org\/es\/pegar-multiplicar-especial\/#primaryimage\",\"url\":\"https:\/\/exceladvisor.org\/wp-content\/uploads\/2023\/08\/Utiliser-Coller-des-operations-speciales-pour-une-multiplication-rapide-dans-Excel-1.png\",\"contentUrl\":\"https:\/\/exceladvisor.org\/wp-content\/uploads\/2023\/08\/Utiliser-Coller-des-operations-speciales-pour-une-multiplication-rapide-dans-Excel-1.png\"},{\"@type\":\"BreadcrumbList\",\"@id\":\"https:\/\/exceladvisor.org\/es\/pegar-multiplicar-especial\/#breadcrumb\",\"itemListElement\":[{\"@type\":\"ListItem\",\"position\":1,\"name\":\"Hogar\",\"item\":\"https:\/\/exceladvisor.org\/es\/\"},{\"@type\":\"ListItem\",\"position\":2,\"name\":\"\u00bfc\u00f3mo multiplicar en excel usando pegado especial?\"}]},{\"@type\":\"WebSite\",\"@id\":\"https:\/\/exceladvisor.org\/es\/#website\",\"url\":\"https:\/\/exceladvisor.org\/es\/\",\"name\":\"Excel Advisor\",\"description\":\"Su gu\u00eda para la dominaci\u00f3n de datos!\",\"publisher\":{\"@id\":\"https:\/\/exceladvisor.org\/es\/#organization\"},\"potentialAction\":[{\"@type\":\"SearchAction\",\"target\":{\"@type\":\"EntryPoint\",\"urlTemplate\":\"https:\/\/exceladvisor.org\/es\/?s={search_term_string}\"},\"query-input\":{\"@type\":\"PropertyValueSpecification\",\"valueRequired\":true,\"valueName\":\"search_term_string\"}}],\"inLanguage\":\"es\"},{\"@type\":\"Organization\",\"@id\":\"https:\/\/exceladvisor.org\/es\/#organization\",\"name\":\"Excel Advisor\",\"url\":\"https:\/\/exceladvisor.org\/es\/\",\"logo\":{\"@type\":\"ImageObject\",\"inLanguage\":\"es\",\"@id\":\"https:\/\/exceladvisor.org\/es\/#\/schema\/logo\/image\/\",\"url\":\"https:\/\/exceladvisor.org\/es\/wp-content\/uploads\/2023\/12\/exceladvisor.org_.png\",\"contentUrl\":\"https:\/\/exceladvisor.org\/es\/wp-content\/uploads\/2023\/12\/exceladvisor.org_.png\",\"width\":105,\"height\":36,\"caption\":\"Excel Advisor\"},\"image\":{\"@id\":\"https:\/\/exceladvisor.org\/es\/#\/schema\/logo\/image\/\"}}]}<\/script>\n<!-- \/ Yoast SEO plugin. -->","yoast_head_json":{"title":"\u00bfc\u00f3mo multiplicar en excel usando pegado especial?","robots":{"index":"index","follow":"follow","max-snippet":"max-snippet:-1","max-image-preview":"max-image-preview:large","max-video-preview":"max-video-preview:-1"},"canonical":"https:\/\/exceladvisor.org\/es\/pegar-multiplicar-especial\/","og_locale":"es_ES","og_type":"article","og_title":"\u00bfc\u00f3mo multiplicar en excel usando pegado especial?","og_description":"A veces, en Excel es necesario realizar c\u00e1lculos r\u00e1pidos. Y puede utilizar una pasta especial para estos c\u00e1lculos r\u00e1pidos en lugar de f\u00f3rmulas. En la pasta especial, tienes cuatro opciones diferentes [Sumar, Restar, Multiplicar y Dividir] que puedes usar. Y hoy en este art\u00edculo me gustar\u00eda mostrarte c\u00f3mo usar el pegado especial para multiplicar y [&hellip;]","og_url":"https:\/\/exceladvisor.org\/es\/pegar-multiplicar-especial\/","og_site_name":"Excel Advisor","article_modified_time":"2023-12-25T10:26:14+00:00","og_image":[{"url":"https:\/\/exceladvisor.org\/wp-content\/uploads\/2023\/08\/Utiliser-Coller-des-operations-speciales-pour-une-multiplication-rapide-dans-Excel-1.png","type":"","width":"","height":""}],"twitter_card":"summary_large_image","twitter_misc":{"Tiempo de lectura":"2 minutos"},"schema":{"@context":"https:\/\/schema.org","@graph":[{"@type":"WebPage","@id":"https:\/\/exceladvisor.org\/es\/pegar-multiplicar-especial\/","url":"https:\/\/exceladvisor.org\/es\/pegar-multiplicar-especial\/","name":"\u00bfc\u00f3mo multiplicar en excel usando pegado especial?","isPartOf":{"@id":"https:\/\/exceladvisor.org\/es\/#website"},"primaryImageOfPage":{"@id":"https:\/\/exceladvisor.org\/es\/pegar-multiplicar-especial\/#primaryimage"},"image":{"@id":"https:\/\/exceladvisor.org\/es\/pegar-multiplicar-especial\/#primaryimage"},"thumbnailUrl":"https:\/\/exceladvisor.org\/wp-content\/uploads\/2023\/08\/Utiliser-Coller-des-operations-speciales-pour-une-multiplication-rapide-dans-Excel-1.png","datePublished":"2023-10-30T11:30:56+00:00","dateModified":"2023-12-25T10:26:14+00:00","breadcrumb":{"@id":"https:\/\/exceladvisor.org\/es\/pegar-multiplicar-especial\/#breadcrumb"},"inLanguage":"es","potentialAction":[{"@type":"ReadAction","target":["https:\/\/exceladvisor.org\/es\/pegar-multiplicar-especial\/"]}]},{"@type":"ImageObject","inLanguage":"es","@id":"https:\/\/exceladvisor.org\/es\/pegar-multiplicar-especial\/#primaryimage","url":"https:\/\/exceladvisor.org\/wp-content\/uploads\/2023\/08\/Utiliser-Coller-des-operations-speciales-pour-une-multiplication-rapide-dans-Excel-1.png","contentUrl":"https:\/\/exceladvisor.org\/wp-content\/uploads\/2023\/08\/Utiliser-Coller-des-operations-speciales-pour-une-multiplication-rapide-dans-Excel-1.png"},{"@type":"BreadcrumbList","@id":"https:\/\/exceladvisor.org\/es\/pegar-multiplicar-especial\/#breadcrumb","itemListElement":[{"@type":"ListItem","position":1,"name":"Hogar","item":"https:\/\/exceladvisor.org\/es\/"},{"@type":"ListItem","position":2,"name":"\u00bfc\u00f3mo multiplicar en excel usando pegado especial?"}]},{"@type":"WebSite","@id":"https:\/\/exceladvisor.org\/es\/#website","url":"https:\/\/exceladvisor.org\/es\/","name":"Excel Advisor","description":"Su gu\u00eda para la dominaci\u00f3n de datos!","publisher":{"@id":"https:\/\/exceladvisor.org\/es\/#organization"},"potentialAction":[{"@type":"SearchAction","target":{"@type":"EntryPoint","urlTemplate":"https:\/\/exceladvisor.org\/es\/?s={search_term_string}"},"query-input":{"@type":"PropertyValueSpecification","valueRequired":true,"valueName":"search_term_string"}}],"inLanguage":"es"},{"@type":"Organization","@id":"https:\/\/exceladvisor.org\/es\/#organization","name":"Excel Advisor","url":"https:\/\/exceladvisor.org\/es\/","logo":{"@type":"ImageObject","inLanguage":"es","@id":"https:\/\/exceladvisor.org\/es\/#\/schema\/logo\/image\/","url":"https:\/\/exceladvisor.org\/es\/wp-content\/uploads\/2023\/12\/exceladvisor.org_.png","contentUrl":"https:\/\/exceladvisor.org\/es\/wp-content\/uploads\/2023\/12\/exceladvisor.org_.png","width":105,"height":36,"caption":"Excel Advisor"},"image":{"@id":"https:\/\/exceladvisor.org\/es\/#\/schema\/logo\/image\/"}}]}},"yoast_meta":{"yoast_wpseo_title":"","yoast_wpseo_metadesc":"","yoast_wpseo_canonical":""},"_links":{"self":[{"href":"https:\/\/exceladvisor.org\/es\/wp-json\/wp\/v2\/pages\/402","targetHints":{"allow":["GET"]}}],"collection":[{"href":"https:\/\/exceladvisor.org\/es\/wp-json\/wp\/v2\/pages"}],"about":[{"href":"https:\/\/exceladvisor.org\/es\/wp-json\/wp\/v2\/types\/page"}],"author":[{"embeddable":true,"href":"https:\/\/exceladvisor.org\/es\/wp-json\/wp\/v2\/users\/1"}],"replies":[{"embeddable":true,"href":"https:\/\/exceladvisor.org\/es\/wp-json\/wp\/v2\/comments?post=402"}],"version-history":[{"count":1,"href":"https:\/\/exceladvisor.org\/es\/wp-json\/wp\/v2\/pages\/402\/revisions"}],"predecessor-version":[{"id":1128,"href":"https:\/\/exceladvisor.org\/es\/wp-json\/wp\/v2\/pages\/402\/revisions\/1128"}],"wp:attachment":[{"href":"https:\/\/exceladvisor.org\/es\/wp-json\/wp\/v2\/media?parent=402"}],"curies":[{"name":"wp","href":"https:\/\/api.w.org\/{rel}","templated":true}]}}