{"id":404,"date":"2023-10-30T10:51:51","date_gmt":"2023-10-30T10:51:51","guid":{"rendered":"https:\/\/exceladvisor.org\/es\/herramienta-de-camara\/"},"modified":"2023-12-25T10:31:28","modified_gmt":"2023-12-25T10:31:28","slug":"herramienta-de-camara","status":"publish","type":"page","link":"https:\/\/exceladvisor.org\/es\/herramienta-de-camara\/","title":{"rendered":"\u00bfc\u00f3mo utilizar la herramienta de c\u00e1mara de excel para im\u00e1genes en vivo?"},"content":{"rendered":"<div class=\"excel-antes-del-contenido\" id=\"excel-356597034\"><script type=\"text\/javascript\">\r\n\tatOptions = {\r\n\t\t'key' : 'c1158f160081d6540a8409e6925dab94',\r\n\t\t'format' : 'iframe',\r\n\t\t'height' : 250,\r\n\t\t'width' : 300,\r\n\t\t'params' : {}\r\n\t};\r\n<\/script>\r\n<script type=\"text\/javascript\" src=\"\/\/www.highperformanceformat.com\/c1158f160081d6540a8409e6925dab94\/invoke.js\"><\/script><\/div><p>La herramienta C\u00e1mara de Excel puede ayudarle a crear una imagen en vivo de una celda o rango de celdas con solo un clic. En este art\u00edculo, me gustar\u00eda mostrarte c\u00f3mo puedes utilizar la herramienta de c\u00e1mara en Excel y crear im\u00e1genes en vivo f\u00e1cilmente. Empecemos.<\/p>\n<h2 id=\"tab-con-1\" class=\"wp-block-heading\"> \u00bfQu\u00e9 es la herramienta de c\u00e1mara de Excel?<\/h2>\n<p> La herramienta C\u00e1mara de Excel le ayuda a copiar un rango y crear una imagen en vivo del mismo. Puede pegar esta imagen en cualquier lugar de su hoja de c\u00e1lculo. Como se trata de una imagen en vivo, si realiza alg\u00fan cambio en su rango original, esto tambi\u00e9n se reflejar\u00e1 en la imagen. <\/p>\n<div class=\"wp-block-image\">\n<figure class=\"aligncenter\"><img decoding=\"async\" src=\"https:\/\/exceladvisor.org\/wp-content\/uploads\/2023\/08\/Copier-la-plage-avec-loutil-de-camera-Excel.gif\" sizes=\"\" srcset=\"\" alt=\"imagen en vivo con la herramienta de c\u00e1mara excel\"><\/figure>\n<\/div>\n<h2 id=\"tab-con-2\" class=\"wp-block-heading\"> Habilitar herramienta de c\u00e1mara<\/h2>\n<p> La herramienta C\u00e1mara no aparece en ninguna parte de la cinta de Excel, por lo que debemos agregarla a la <a href=\"https:\/\/exceladvisor.org\/es\/barra-de-acceso-rapido\/\">barra de herramientas de acceso r\u00e1pido<\/a> antes de usarla. Siga estos sencillos pasos.<\/p>\n<ul>\n<li> En su barra de herramientas de acceso r\u00e1pido, haga clic en la flecha hacia abajo. <\/li>\n<\/ul>\n<div class=\"wp-block-image\">\n<figure class=\"aligncenter\"><img decoding=\"async\" src=\"https:\/\/exceladvisor.org\/wp-content\/uploads\/2023\/08\/Activer-loutil-de-camera-Excel-a-partir-de-la-barre-doutils-dacces-rapide-1.png\" sizes=\"\" srcset=\"\" alt=\"Habilite la herramienta C\u00e1mara de Excel desde la barra de herramientas de acceso r\u00e1pido\"><\/figure>\n<\/div>\n<ul>\n<li> Obtendr\u00e1 un men\u00fa desplegable. Haga clic en m\u00e1s pedidos. <\/li>\n<\/ul>\n<div class=\"wp-block-image\">\n<figure class=\"aligncenter\"><img decoding=\"async\" src=\"https:\/\/exceladvisor.org\/wp-content\/uploads\/2023\/08\/Menu-de-la-barre-doutils-dacces-rapide-pour-ajouter-loutil-de-camera-Excel.png\" sizes=\"\" srcset=\"\" alt=\"Men\u00fa de la barra de herramientas de acceso r\u00e1pido para agregar la herramienta de c\u00e1mara de Excel\"><\/figure>\n<\/div>\n<ul>\n<li> Ahora en las opciones de Excel, seleccione todos los comandos en \u00abElegir comandos de\u00bb. Seleccione una c\u00e1mara de la lista y agr\u00e9guela a la barra de herramientas de acceso r\u00e1pido. <\/li>\n<\/ul>\n<div class=\"wp-block-image\">\n<figure class=\"aligncenter\"><img decoding=\"async\" src=\"https:\/\/exceladvisor.org\/wp-content\/uploads\/2023\/08\/Cliquez-sur-OK-pour-ajouter-loutil-de-camera-Excel-a-la-barre-doutils-dacces-rapide-1.png\" sizes=\"\" srcset=\"\" alt=\"Haga clic en Aceptar para agregar la herramienta de c\u00e1mara de Excel a la barra de herramientas de acceso r\u00e1pido\"><\/figure>\n<\/div>\n<ul>\n<li> Haga clic en Aceptar.<\/li>\n<\/ul>\n<p> Ahora tienes un \u00edcono de c\u00e1mara en la barra de herramientas de acceso r\u00e1pido. <\/p>\n<div class=\"wp-block-image\">\n<figure class=\"aligncenter\"><img decoding=\"async\" src=\"https:\/\/exceladvisor.org\/wp-content\/uploads\/2023\/08\/ajouter-loutil-camera-a-la-barre-doutils-dacces-rapide-1.png\" sizes=\"\" srcset=\"\" alt=\"agregue la herramienta de c\u00e1mara a la barra de herramientas de acceso r\u00e1pido\"><\/figure>\n<\/div>\n<h2 id=\"tab-con-3\" class=\"wp-block-heading\"> C\u00f3mo usarlo<\/h2>\n<p> Usar la herramienta de c\u00e1mara de Excel es tan f\u00e1cil como hacer clic en una imagen con una c\u00e1mara. Simplemente siga estos sencillos pasos para crear una imagen en vivo en su hoja de c\u00e1lculo.<\/p>\n<ol>\n<li> Seleccione un rango desde el cual desea crear una imagen en vivo.<\/li>\n<li> Haga clic en el \u00edcono de la c\u00e1mara en su barra de herramientas de acceso r\u00e1pido.<\/li>\n<li> Su cursor cambiar\u00e1 a un \u00edcono m\u00e1s.<\/li>\n<li> Ahora, haga clic en el lugar de su hoja de c\u00e1lculo donde desea insertar su imagen en vivo. <\/li>\n<\/ol>\n<div class=\"wp-block-image\">\n<figure class=\"aligncenter\"><img decoding=\"async\" src=\"https:\/\/exceladvisor.org\/wp-content\/uploads\/2023\/08\/Creer-une-table-dimages-liees-avec-Excel-Camera-Tool.gif\" sizes=\"\" srcset=\"\" alt=\"Cree una tabla de im\u00e1genes vinculadas con la herramienta C\u00e1mara de Excel\"><\/figure>\n<\/div>\n<h2 id=\"tab-con-4\" class=\"wp-block-heading\"> Ejemplos de uso de la herramienta C\u00e1mara<\/h2>\n<p> Aqu\u00ed he enumerado algunos ejemplos inspiradores del uso de una herramienta de c\u00e1mara para crear im\u00e1genes en vivo en su hoja de c\u00e1lculo.<\/p>\n<h3 id=\"tab-con-6\" class=\"wp-block-heading\"> 1. Agregue gr\u00e1ficos de celdas a su panel<\/h3>\n<p> Soy un gran admirador de los gr\u00e1ficos de celdas, pero la parte m\u00e1s dif\u00edcil de los gr\u00e1ficos de celdas es agregarlos al panel. Entonces uso una herramienta de c\u00e1mara para crear una imagen en vivo y agregarla a los paneles. <\/p>\n<div class=\"wp-block-image\">\n<figure class=\"aligncenter\"><img decoding=\"async\" src=\"https:\/\/exceladvisor.org\/wp-content\/uploads\/2023\/08\/Creer-une-image-liee-avec-Excel-Camera-Tool.gif\" sizes=\"\" srcset=\"\" alt=\"Cree una imagen vinculada con la herramienta C\u00e1mara de Excel\"><\/figure>\n<\/div>\n<p> Este m\u00e9todo me ayuda mucho porque puedo cambiar el tama\u00f1o del gr\u00e1fico.<\/p>\n<h3 id=\"tab-con-7\" class=\"wp-block-heading\"> 2. Agregar tablas de datos a un panel<\/h3>\n<p> Tambi\u00e9n puedes usarlo para insertar im\u00e1genes en vivo de tablas de datos. A veces las tablas de datos consumen mucho espacio en nuestro tablero. Podemos agregar una instant\u00e1nea de datos en vivo a nuestros paneles. <\/p>\n<div class=\"wp-block-image\">\n<figure class=\"aligncenter\"><img decoding=\"async\" src=\"https:\/\/exceladvisor.org\/wp-content\/uploads\/2023\/08\/Creer-une-image-du-tableau-de-donnees-avec-loutil-de-camera-Excel.gif\" sizes=\"\" srcset=\"\" alt=\"Crea una imagen de la tabla de datos con la herramienta c\u00e1mara de Excel\"><\/figure>\n<\/div>\n<p> Puede cambiar el tama\u00f1o de la tabla de datos seg\u00fan el espacio que tenga disponible en el panel.<\/p>\n<h3 id=\"tab-con-8\" class=\"wp-block-heading\"> 3. Monitoreo de c\u00e9lulas importantes<\/h3>\n<p> Digamos que tiene celdas importantes relacionadas con su tablero. Y todas las celdas est\u00e1n en diferentes hojas de trabajo y <a href=\"https:\/\/exceladvisor.org\/es\/ver-ventana\/\">desea monitorearlas<\/a> .<\/p>\n<p> La mejor manera de hacer esto es simplemente crear im\u00e1genes en vivo de todas las celdas importantes y colocarlas en una sola hoja de c\u00e1lculo o en la hoja del panel principal. <\/p>\n<div class=\"wp-block-image\">\n<figure class=\"aligncenter\"><img decoding=\"async\" src=\"https:\/\/exceladvisor.org\/wp-content\/uploads\/2023\/08\/Image-en-direct-avec-les-outils-de-camera-Excel.png\" sizes=\"\" srcset=\"\" alt=\"Imagen en vivo con herramientas de c\u00e1mara de Excel\"><\/figure>\n<\/div>\n<p> Y lo mejor de todo es que un usuario no puede editar estas im\u00e1genes en vivo.<\/p>\n<h2 id=\"tab-con-5\" class=\"wp-block-heading\"> Punto importante<\/h2>\n<p> El punto m\u00e1s importante es que cuando cambia la ubicaci\u00f3n de una imagen de una hoja de trabajo a otra, cambiar\u00e1 el enlace a la hoja de trabajo actual.<\/p>\n<p> Digamos que tiene una imagen relacionada con el rango A1:B5 en la Hoja1. Ahora, cuando mueva esta imagen de la hoja 1 a la hoja 2, cambiar\u00e1 su enlace de la hoja 1 a la hoja 2.<\/p>\n<p> Para obtener una soluci\u00f3n a este problema, siga estos sencillos pasos.<\/p>\n<ul>\n<li> Una vez que haya creado una imagen vinculada, simplemente selecci\u00f3nela.<\/li>\n<li> Haga clic en la barra de f\u00f3rmulas, tendr\u00e1 el rango de direcciones para el que cre\u00f3 la imagen vinculada.<\/li>\n<li> Agregue el nombre de la hoja de trabajo antes de la direcci\u00f3n del rango. <\/li>\n<\/ul>\n<div class=\"wp-block-image\">\n<figure class=\"aligncenter\"><img decoding=\"async\" src=\"https:\/\/exceladvisor.org\/wp-content\/uploads\/2023\/08\/Modifier-ladresse-de-cellule-pour-limage-liee-creee-avec-loutil-de-camera-Excel.png\" sizes=\"\" srcset=\"\" alt=\"Cambiar la direcci\u00f3n de celda de una imagen vinculada creada con la herramienta de c\u00e1mara de Excel\"><\/figure>\n<\/div>\n<ul>\n<li> Presione Entrar.<\/li>\n<\/ul>\n<h2 class=\"wp-block-heading\"> Conclusi\u00f3n<\/h2>\n<p> Esta herramienta de c\u00e1mara es excelente. Simplemente seleccione un rango y haga clic donde desea pegar la imagen. Si eso es. Incluso si lo comparas con la opci\u00f3n de pegar especial para pegar im\u00e1genes, lo encontrar\u00e1s mucho m\u00e1s r\u00e1pido (si no usas las teclas de acceso directo).<\/p>\n<p> Espero que esta herramienta de c\u00e1mara te ayude a llevar tus habilidades al siguiente nivel.<\/p>\n<p> Ahora dime una cosa. \u00bfAlguna vez has usado esta herramienta de c\u00e1mara antes? \u00bfUtilizas im\u00e1genes vinculadas en tus hojas de c\u00e1lculo?<\/p>\n<p> Comparta sus pensamientos conmigo en la secci\u00f3n de comentarios, me encantar\u00eda saber de usted. Y no olvides compartir este consejo con tus amigos. Estoy seguro de que no saben sobre esto.<\/p>\n<div class=\"gb-container gb-container-4db6181c gb-container-mt\"> <a class=\"gb-button gb-button-c5897111 gb-button-text gb-button-mt-button\" href=\"https:\/\/exceladvisor.org\/es\/avance-de-excel\/\">Tutoriales avanzados de Excel<\/a><\/p>\n<h2 class=\"gb-headline gb-headline-665e5f6b gb-headline-text gb-headline-mt-heading\"> Tutoriales relacionados <\/h2>\n<div class=\"gb-grid-wrapper gb-grid-wrapper-a20baf7c gb-grid-wrapper-mt-grid\">\n<div class=\"gb-grid-column gb-grid-column-65ddf67e\">\n<div class=\"gb-container gb-container-65ddf67e\">\n<ul>\n<li> <a href=\"https:\/\/exceladvisor.org\/es\/buscar-objetivo\/\">Buscador de objetivos en Excel<\/a><\/li>\n<li> <a href=\"https:\/\/exceladvisor.org\/es\/ver-ventana\/\">Ventana de observaci\u00f3n en Excel<\/a><\/li>\n<li> <a href=\"https:\/\/exceladvisor.org\/es\/rebanador-de-excel\/\">Cortadora de Excel (gu\u00eda completa)<\/a><\/li>\n<li> <a href=\"https:\/\/exceladvisor.org\/es\/excel-por-defecto-en-mac\/\">Hacer que Excel sea el predeterminado en Mac<\/a><\/li>\n<li> <a href=\"https:\/\/exceladvisor.org\/es\/modo-seguro-de-excel\/\">Abra Excel en modo seguro<\/a><\/li>\n<\/ul>\n<\/div>\n<\/div>\n<\/div>\n<\/div>\n","protected":false},"excerpt":{"rendered":"<p>La herramienta C\u00e1mara de Excel puede ayudarle a crear una imagen en vivo de una celda o rango de celdas con solo un clic. En este art\u00edculo, me gustar\u00eda mostrarte c\u00f3mo puedes utilizar la herramienta de c\u00e1mara en Excel y crear im\u00e1genes en vivo f\u00e1cilmente. Empecemos. \u00bfQu\u00e9 es la herramienta de c\u00e1mara de Excel? La [&hellip;]<\/p>\n","protected":false},"author":1,"featured_media":0,"parent":0,"menu_order":0,"comment_status":"open","ping_status":"closed","template":"","meta":{"ub_ctt_via":"","footnotes":""},"class_list":["post-404","page","type-page","status-publish","hentry"],"featured_image_src":null,"yoast_head":"<!-- This site is optimized with the Yoast SEO plugin v25.4 - https:\/\/yoast.com\/wordpress\/plugins\/seo\/ -->\n<title>\u00bfc\u00f3mo utilizar la herramienta de c\u00e1mara de excel para im\u00e1genes en vivo?<\/title>\n<meta name=\"robots\" content=\"index, follow, max-snippet:-1, max-image-preview:large, max-video-preview:-1\" \/>\n<link rel=\"canonical\" href=\"https:\/\/exceladvisor.org\/es\/herramienta-de-camara\/\" \/>\n<meta property=\"og:locale\" content=\"es_ES\" \/>\n<meta property=\"og:type\" content=\"article\" \/>\n<meta property=\"og:title\" content=\"\u00bfc\u00f3mo utilizar la herramienta de c\u00e1mara de excel para im\u00e1genes en vivo?\" \/>\n<meta property=\"og:description\" content=\"La herramienta C\u00e1mara de Excel puede ayudarle a crear una imagen en vivo de una celda o rango de celdas con solo un clic. En este art\u00edculo, me gustar\u00eda mostrarte c\u00f3mo puedes utilizar la herramienta de c\u00e1mara en Excel y crear im\u00e1genes en vivo f\u00e1cilmente. Empecemos. \u00bfQu\u00e9 es la herramienta de c\u00e1mara de Excel? La [&hellip;]\" \/>\n<meta property=\"og:url\" content=\"https:\/\/exceladvisor.org\/es\/herramienta-de-camara\/\" \/>\n<meta property=\"og:site_name\" content=\"Excel Advisor\" \/>\n<meta property=\"article:modified_time\" content=\"2023-12-25T10:31:28+00:00\" \/>\n<meta property=\"og:image\" content=\"https:\/\/exceladvisor.org\/wp-content\/uploads\/2023\/08\/Copier-la-plage-avec-loutil-de-camera-Excel.gif\" \/>\n<meta name=\"twitter:card\" content=\"summary_large_image\" \/>\n<meta name=\"twitter:label1\" content=\"Tiempo de lectura\" \/>\n\t<meta name=\"twitter:data1\" content=\"4 minutos\" \/>\n<script type=\"application\/ld+json\" class=\"yoast-schema-graph\">{\"@context\":\"https:\/\/schema.org\",\"@graph\":[{\"@type\":\"WebPage\",\"@id\":\"https:\/\/exceladvisor.org\/es\/herramienta-de-camara\/\",\"url\":\"https:\/\/exceladvisor.org\/es\/herramienta-de-camara\/\",\"name\":\"\u00bfc\u00f3mo utilizar la herramienta de c\u00e1mara de excel para im\u00e1genes en vivo?\",\"isPartOf\":{\"@id\":\"https:\/\/exceladvisor.org\/es\/#website\"},\"primaryImageOfPage\":{\"@id\":\"https:\/\/exceladvisor.org\/es\/herramienta-de-camara\/#primaryimage\"},\"image\":{\"@id\":\"https:\/\/exceladvisor.org\/es\/herramienta-de-camara\/#primaryimage\"},\"thumbnailUrl\":\"https:\/\/exceladvisor.org\/wp-content\/uploads\/2023\/08\/Copier-la-plage-avec-loutil-de-camera-Excel.gif\",\"datePublished\":\"2023-10-30T10:51:51+00:00\",\"dateModified\":\"2023-12-25T10:31:28+00:00\",\"breadcrumb\":{\"@id\":\"https:\/\/exceladvisor.org\/es\/herramienta-de-camara\/#breadcrumb\"},\"inLanguage\":\"es\",\"potentialAction\":[{\"@type\":\"ReadAction\",\"target\":[\"https:\/\/exceladvisor.org\/es\/herramienta-de-camara\/\"]}]},{\"@type\":\"ImageObject\",\"inLanguage\":\"es\",\"@id\":\"https:\/\/exceladvisor.org\/es\/herramienta-de-camara\/#primaryimage\",\"url\":\"https:\/\/exceladvisor.org\/wp-content\/uploads\/2023\/08\/Copier-la-plage-avec-loutil-de-camera-Excel.gif\",\"contentUrl\":\"https:\/\/exceladvisor.org\/wp-content\/uploads\/2023\/08\/Copier-la-plage-avec-loutil-de-camera-Excel.gif\"},{\"@type\":\"BreadcrumbList\",\"@id\":\"https:\/\/exceladvisor.org\/es\/herramienta-de-camara\/#breadcrumb\",\"itemListElement\":[{\"@type\":\"ListItem\",\"position\":1,\"name\":\"Hogar\",\"item\":\"https:\/\/exceladvisor.org\/es\/\"},{\"@type\":\"ListItem\",\"position\":2,\"name\":\"\u00bfc\u00f3mo utilizar la herramienta de c\u00e1mara de excel para im\u00e1genes en vivo?\"}]},{\"@type\":\"WebSite\",\"@id\":\"https:\/\/exceladvisor.org\/es\/#website\",\"url\":\"https:\/\/exceladvisor.org\/es\/\",\"name\":\"Excel Advisor\",\"description\":\"Su gu\u00eda para la dominaci\u00f3n de datos!\",\"publisher\":{\"@id\":\"https:\/\/exceladvisor.org\/es\/#organization\"},\"potentialAction\":[{\"@type\":\"SearchAction\",\"target\":{\"@type\":\"EntryPoint\",\"urlTemplate\":\"https:\/\/exceladvisor.org\/es\/?s={search_term_string}\"},\"query-input\":{\"@type\":\"PropertyValueSpecification\",\"valueRequired\":true,\"valueName\":\"search_term_string\"}}],\"inLanguage\":\"es\"},{\"@type\":\"Organization\",\"@id\":\"https:\/\/exceladvisor.org\/es\/#organization\",\"name\":\"Excel Advisor\",\"url\":\"https:\/\/exceladvisor.org\/es\/\",\"logo\":{\"@type\":\"ImageObject\",\"inLanguage\":\"es\",\"@id\":\"https:\/\/exceladvisor.org\/es\/#\/schema\/logo\/image\/\",\"url\":\"https:\/\/exceladvisor.org\/es\/wp-content\/uploads\/2023\/12\/exceladvisor.org_.png\",\"contentUrl\":\"https:\/\/exceladvisor.org\/es\/wp-content\/uploads\/2023\/12\/exceladvisor.org_.png\",\"width\":105,\"height\":36,\"caption\":\"Excel Advisor\"},\"image\":{\"@id\":\"https:\/\/exceladvisor.org\/es\/#\/schema\/logo\/image\/\"}}]}<\/script>\n<!-- \/ Yoast SEO plugin. -->","yoast_head_json":{"title":"\u00bfc\u00f3mo utilizar la herramienta de c\u00e1mara de excel para im\u00e1genes en vivo?","robots":{"index":"index","follow":"follow","max-snippet":"max-snippet:-1","max-image-preview":"max-image-preview:large","max-video-preview":"max-video-preview:-1"},"canonical":"https:\/\/exceladvisor.org\/es\/herramienta-de-camara\/","og_locale":"es_ES","og_type":"article","og_title":"\u00bfc\u00f3mo utilizar la herramienta de c\u00e1mara de excel para im\u00e1genes en vivo?","og_description":"La herramienta C\u00e1mara de Excel puede ayudarle a crear una imagen en vivo de una celda o rango de celdas con solo un clic. En este art\u00edculo, me gustar\u00eda mostrarte c\u00f3mo puedes utilizar la herramienta de c\u00e1mara en Excel y crear im\u00e1genes en vivo f\u00e1cilmente. Empecemos. \u00bfQu\u00e9 es la herramienta de c\u00e1mara de Excel? La [&hellip;]","og_url":"https:\/\/exceladvisor.org\/es\/herramienta-de-camara\/","og_site_name":"Excel Advisor","article_modified_time":"2023-12-25T10:31:28+00:00","og_image":[{"url":"https:\/\/exceladvisor.org\/wp-content\/uploads\/2023\/08\/Copier-la-plage-avec-loutil-de-camera-Excel.gif","type":"","width":"","height":""}],"twitter_card":"summary_large_image","twitter_misc":{"Tiempo de lectura":"4 minutos"},"schema":{"@context":"https:\/\/schema.org","@graph":[{"@type":"WebPage","@id":"https:\/\/exceladvisor.org\/es\/herramienta-de-camara\/","url":"https:\/\/exceladvisor.org\/es\/herramienta-de-camara\/","name":"\u00bfc\u00f3mo utilizar la herramienta de c\u00e1mara de excel para im\u00e1genes en vivo?","isPartOf":{"@id":"https:\/\/exceladvisor.org\/es\/#website"},"primaryImageOfPage":{"@id":"https:\/\/exceladvisor.org\/es\/herramienta-de-camara\/#primaryimage"},"image":{"@id":"https:\/\/exceladvisor.org\/es\/herramienta-de-camara\/#primaryimage"},"thumbnailUrl":"https:\/\/exceladvisor.org\/wp-content\/uploads\/2023\/08\/Copier-la-plage-avec-loutil-de-camera-Excel.gif","datePublished":"2023-10-30T10:51:51+00:00","dateModified":"2023-12-25T10:31:28+00:00","breadcrumb":{"@id":"https:\/\/exceladvisor.org\/es\/herramienta-de-camara\/#breadcrumb"},"inLanguage":"es","potentialAction":[{"@type":"ReadAction","target":["https:\/\/exceladvisor.org\/es\/herramienta-de-camara\/"]}]},{"@type":"ImageObject","inLanguage":"es","@id":"https:\/\/exceladvisor.org\/es\/herramienta-de-camara\/#primaryimage","url":"https:\/\/exceladvisor.org\/wp-content\/uploads\/2023\/08\/Copier-la-plage-avec-loutil-de-camera-Excel.gif","contentUrl":"https:\/\/exceladvisor.org\/wp-content\/uploads\/2023\/08\/Copier-la-plage-avec-loutil-de-camera-Excel.gif"},{"@type":"BreadcrumbList","@id":"https:\/\/exceladvisor.org\/es\/herramienta-de-camara\/#breadcrumb","itemListElement":[{"@type":"ListItem","position":1,"name":"Hogar","item":"https:\/\/exceladvisor.org\/es\/"},{"@type":"ListItem","position":2,"name":"\u00bfc\u00f3mo utilizar la herramienta de c\u00e1mara de excel para im\u00e1genes en vivo?"}]},{"@type":"WebSite","@id":"https:\/\/exceladvisor.org\/es\/#website","url":"https:\/\/exceladvisor.org\/es\/","name":"Excel Advisor","description":"Su gu\u00eda para la dominaci\u00f3n de datos!","publisher":{"@id":"https:\/\/exceladvisor.org\/es\/#organization"},"potentialAction":[{"@type":"SearchAction","target":{"@type":"EntryPoint","urlTemplate":"https:\/\/exceladvisor.org\/es\/?s={search_term_string}"},"query-input":{"@type":"PropertyValueSpecification","valueRequired":true,"valueName":"search_term_string"}}],"inLanguage":"es"},{"@type":"Organization","@id":"https:\/\/exceladvisor.org\/es\/#organization","name":"Excel Advisor","url":"https:\/\/exceladvisor.org\/es\/","logo":{"@type":"ImageObject","inLanguage":"es","@id":"https:\/\/exceladvisor.org\/es\/#\/schema\/logo\/image\/","url":"https:\/\/exceladvisor.org\/es\/wp-content\/uploads\/2023\/12\/exceladvisor.org_.png","contentUrl":"https:\/\/exceladvisor.org\/es\/wp-content\/uploads\/2023\/12\/exceladvisor.org_.png","width":105,"height":36,"caption":"Excel Advisor"},"image":{"@id":"https:\/\/exceladvisor.org\/es\/#\/schema\/logo\/image\/"}}]}},"yoast_meta":{"yoast_wpseo_title":"","yoast_wpseo_metadesc":"","yoast_wpseo_canonical":""},"_links":{"self":[{"href":"https:\/\/exceladvisor.org\/es\/wp-json\/wp\/v2\/pages\/404","targetHints":{"allow":["GET"]}}],"collection":[{"href":"https:\/\/exceladvisor.org\/es\/wp-json\/wp\/v2\/pages"}],"about":[{"href":"https:\/\/exceladvisor.org\/es\/wp-json\/wp\/v2\/types\/page"}],"author":[{"embeddable":true,"href":"https:\/\/exceladvisor.org\/es\/wp-json\/wp\/v2\/users\/1"}],"replies":[{"embeddable":true,"href":"https:\/\/exceladvisor.org\/es\/wp-json\/wp\/v2\/comments?post=404"}],"version-history":[{"count":1,"href":"https:\/\/exceladvisor.org\/es\/wp-json\/wp\/v2\/pages\/404\/revisions"}],"predecessor-version":[{"id":1362,"href":"https:\/\/exceladvisor.org\/es\/wp-json\/wp\/v2\/pages\/404\/revisions\/1362"}],"wp:attachment":[{"href":"https:\/\/exceladvisor.org\/es\/wp-json\/wp\/v2\/media?parent=404"}],"curies":[{"name":"wp","href":"https:\/\/api.w.org\/{rel}","templated":true}]}}