{"id":405,"date":"2023-10-30T10:32:57","date_gmt":"2023-10-30T10:32:57","guid":{"rendered":"https:\/\/exceladvisor.org\/es\/parrafo-en-una-celda\/"},"modified":"2023-12-25T10:25:37","modified_gmt":"2023-12-25T10:25:37","slug":"parrafo-en-una-celda","status":"publish","type":"page","link":"https:\/\/exceladvisor.org\/es\/parrafo-en-una-celda\/","title":{"rendered":"\u00bfc\u00f3mo hacer un p\u00e1rrafo en una celda en excel?"},"content":{"rendered":"<div class=\"excel-antes-del-contenido\" id=\"excel-2804719127\"><script type=\"text\/javascript\">\r\n\tatOptions = {\r\n\t\t'key' : 'c1158f160081d6540a8409e6925dab94',\r\n\t\t'format' : 'iframe',\r\n\t\t'height' : 250,\r\n\t\t'width' : 300,\r\n\t\t'params' : {}\r\n\t};\r\n<\/script>\r\n<script type=\"text\/javascript\" src=\"\/\/www.highperformanceformat.com\/c1158f160081d6540a8409e6925dab94\/invoke.js\"><\/script><\/div><p>En Excel, tenemos celdas para ingresar y almacenar datos, y una celda tiene 96 p\u00edxeles de ancho y 24 p\u00edxeles de alto, y solo puede agregarle una o dos palabras.<\/p>\n<p> Pero a veces es necesario agregar un p\u00e1rrafo completo a la hoja de c\u00e1lculo en Excel. Para ello, existen algunas opciones que puede utilizar. <\/p>\n<div class=\"wp-block-image\">\n<figure class=\"aligncenter size-full is-resized\"><img loading=\"lazy\" decoding=\"async\" class=\"wp-image-72435\" src=\"https:\/\/exceladvisor.org\/wp-content\/uploads\/2023\/08\/1-cellule-dans-excel.png\" sizes=\"auto, \" srcset=\"\" alt=\"celda en excel\" width=\"463\" height=\"244\"><\/figure>\n<\/div>\n<p> En este tutorial, aprenderemos todas estas opciones.<\/p>\n<h2 class=\"wp-block-heading\"> Pasos para usar texto deformado para agregar un p\u00e1rrafo en una sola celda en Excel<\/h2>\n<ol>\n<li> Primero, selecciona la celda donde deseas ingresar el p\u00e1rrafo y ed\u00edtala. <br \/><img loading=\"lazy\" decoding=\"async\" title=\"2 celdas de selecci\u00f3n\" src=\"https:\/\/exceladvisor.org\/wp-content\/uploads\/2023\/08\/2-selectionner-la-cellule.png\" sizes=\"auto, \" srcset=\"\" alt=\"select-the-cell\" width=\"435\" height=\"174\"><\/li>\n<li> Ahora pegue o escriba el texto del p\u00e1rrafo que desea agregar y se ver\u00e1 como el siguiente donde su texto desborda la celda. <br \/><img loading=\"lazy\" decoding=\"async\" title=\"3-pegar-o-escribir-texto-de-p\u00e1rrafo\" src=\"https:\/\/exceladvisor.org\/wp-content\/uploads\/2023\/08\/3-coller-ou-taper-le-texte-du-paragraphe.png\" sizes=\"auto, \" srcset=\"\" alt=\"paste-or-type-paragraph-text\" width=\"477\" height=\"272\"><\/li>\n<li> A continuaci\u00f3n, debe cambiar el ancho y el alto de la celda para que todo el texto quepa en una sola celda. <br \/><img loading=\"lazy\" decoding=\"async\" title=\"4 cambios de tama\u00f1o de celda\" src=\"https:\/\/exceladvisor.org\/wp-content\/uploads\/2023\/08\/4-changer-la-taille-de-la-cellule.png\" sizes=\"auto, \" srcset=\"\" alt=\"change-the-cell-size\" width=\"522\" height=\"298\"><\/li>\n<li> A continuaci\u00f3n, vaya a la pesta\u00f1a de inicio, al grupo de alineaci\u00f3n y haga clic en el bot\u00f3n ajustar texto para ajustar todo el texto de la celda. <br \/><img loading=\"lazy\" decoding=\"async\" title=\"Bot\u00f3n de ajuste de texto de 5 clics\" src=\"https:\/\/exceladvisor.org\/wp-content\/uploads\/2023\/08\/Bouton-dhabillage-de-texte-en-5-clics.png\" sizes=\"auto, \" srcset=\"\" alt=\"click-wrap-text-button\" width=\"531\" height=\"274\"><\/li>\n<\/ol>\n<p> De esta manera puedes crear una oraci\u00f3n larga de texto como un p\u00e1rrafo en la celda. Y cuando cambias el ancho y el alto de la celda, el p\u00e1rrafo dentro de la celda tambi\u00e9n cambia con eso.<\/p>\n<h2 class=\"wp-block-heading\"> Escribe un p\u00e1rrafo usando un salto de l\u00ednea<\/h2>\n<p> Si desea escribir un p\u00e1rrafo completo en una celda, puede utilizar un salto de l\u00ednea para pasar a la nueva l\u00ednea de la celda. Una vez que haya terminado con una fila, use el m\u00e9todo abreviado de teclado <strong>Alt + Enter<\/strong> para insertar una <a href=\"https:\/\/exceladvisor.org\/es\/nueva-linea-en-la-celda\/\">nueva fila en la celda<\/a> . <\/p>\n<div class=\"wp-block-image\">\n<figure class=\"aligncenter size-full is-resized\"><img loading=\"lazy\" decoding=\"async\" class=\"wp-image-72440\" src=\"https:\/\/exceladvisor.org\/wp-content\/uploads\/2023\/08\/6-utiliser-un-saut-de-ligne-dans-la-cellule.png\" sizes=\"auto, \" srcset=\"\" alt=\"utilizar-interrupci\u00f3n-de-l\u00ednea-en-celda\" width=\"627\" height=\"150\"><\/figure>\n<\/div>\n<p> Con este <a href=\"https:\/\/exceladvisor.org\/es\/atajos-de-teclado\/\">atajo de teclado<\/a> , puedes crear tantos saltos de l\u00ednea en la celda. Y, si desea agregar varios p\u00e1rrafos, este m\u00e9todo funciona mejor. <\/p>\n<div class=\"wp-block-image\">\n<figure class=\"aligncenter size-full is-resized\"><img loading=\"lazy\" decoding=\"async\" class=\"wp-image-72441\" src=\"https:\/\/exceladvisor.org\/wp-content\/uploads\/2023\/08\/7-creer-de-nombreux-sauts-de-ligne.png\" sizes=\"auto, \" srcset=\"\" alt=\"crear m\u00faltiples saltos de l\u00ednea\" width=\"591\" height=\"299\"><\/figure>\n<\/div>\n<p> Despu\u00e9s de cada p\u00e1rrafo, debes presionar la tecla de acceso directo dos veces, una para el interlineado y otra para pasar a la nueva l\u00ednea.<\/p>\n<h2 class=\"wp-block-heading\"> Utilice un cuadro de texto para agregar un p\u00e1rrafo en Excel<\/h2>\n<p> En Excel, <a href=\"https:\/\/exceladvisor.org\/es\/zona-de-texto\/\">puede insertar un cuadro de texto<\/a> y luego agregarle el texto del p\u00e1rrafo.<\/p>\n<ol>\n<li> Primero, vaya a la pesta\u00f1a Insertar, luego haga clic en Texto, despliegue hacia abajo y haga clic en Cuadro de texto. <br \/><img loading=\"lazy\" decoding=\"async\" title=\"8 cuadros de texto para agregar un p\u00e1rrafo\" src=\"https:\/\/exceladvisor.org\/wp-content\/uploads\/2023\/08\/8-zone-de-texte-pour-ajouter-un-paragraphe.png\" sizes=\"auto, \" srcset=\"\" alt=\"text-box-to-add-paragraph\" width=\"400\" height=\"315\"><\/li>\n<li> A continuaci\u00f3n, debe insertar el cuadro de texto en la hoja de c\u00e1lculo.<\/li>\n<li> Ahora edite el cuadro de texto y p\u00e9guelo o escriba el texto en \u00e9l. <br \/><img loading=\"lazy\" decoding=\"async\" title=\"9-editar-cuadro de texto\" src=\"https:\/\/exceladvisor.org\/wp-content\/uploads\/2023\/08\/9-modifier-la-zone-de-texte.png\" sizes=\"auto, \" srcset=\"\" alt=\"edit-text-box\" width=\"769\" height=\"237\"><\/li>\n<li> Al final, ajuste el ancho del cuadro de texto.<\/li>\n<\/ol>\n<h2 class=\"wp-block-heading\"> Crear un p\u00e1rrafo usando Rellenar Justificar<\/h2>\n<p> Supongamos que tiene un valor en varias celdas y desea crear un solo p\u00e1rrafo, puede usar <a href=\"https:\/\/exceladvisor.org\/es\/justificar-completamente\/\">la justificaci\u00f3n de relleno<\/a> para eso. Rellena, justifica y <a href=\"https:\/\/exceladvisor.org\/es\/concatenar-un-rango-de-celdas\/\">combina valores de varias celdas<\/a> . En el siguiente ejemplo, tenemos un valor en tres celdas A1, A2 y A3. <\/p>\n<div class=\"wp-block-image\">\n<figure class=\"aligncenter size-full is-resized\"><img loading=\"lazy\" decoding=\"async\" class=\"wp-image-72444\" src=\"https:\/\/exceladvisor.org\/wp-content\/uploads\/2023\/08\/10-paragraphe-en-utilisant-le-remplissage-justifie.png\" sizes=\"auto, \" srcset=\"\" alt=\"p\u00e1rrafo-usando-rellenar-justificar\" width=\"621\" height=\"164\"><\/figure>\n<\/div>\n<p> Ahora, para crear un p\u00e1rrafo de estos valores en la celda A1, primero haga que el ancho de la columna sea suficiente para que los tres valores se combinen en una sola celda. Cambi\u00e9 el ancho a 2125 p\u00edxeles.<\/p>\n<ol>\n<li> Seleccione las tres celdas.<\/li>\n<li> Vaya a la pesta\u00f1a de inicio.<\/li>\n<li> Haga clic en el men\u00fa desplegable Rellenar.<\/li>\n<li> Seleccione la opci\u00f3n Justificar. <\/li>\n<\/ol>\n<div class=\"wp-block-image\">\n<figure class=\"aligncenter size-full is-resized\"><img loading=\"lazy\" decoding=\"async\" class=\"alignnone  wp-image-13016\" src=\"https:\/\/exceladvisor.org\/wp-content\/uploads\/2023\/11\/justify-excel.png\" alt=\"justificar-excel\" width=\"427\" height=\"347\" srcset=\"https:\/\/exceladvisor.org\/wp-content\/uploads\/2023\/11\/justify-excel.png 675w, https:\/\/exceladvisor.org\/wp-content\/uploads\/2023\/11\/justify-excel-300x244.png 300w\" sizes=\"auto, (max-width: 427px) 100vw, 427px\"><\/figure>\n<\/div>\n<p> Ahora tiene todos los valores en una sola celda y ahora haga clic en la opci\u00f3n Ajustar texto y cambie la altura y el ancho de la celda para convertirla en un p\u00e1rrafo. <\/p>\n<div class=\"wp-block-image\">\n<figure class=\"aligncenter size-full is-resized\"><img loading=\"lazy\" decoding=\"async\" class=\"wp-image-72446\" src=\"https:\/\/exceladvisor.org\/wp-content\/uploads\/2023\/08\/12-envelopper-le-texte-et-definir-la-taille-de-la-cellule.png\" sizes=\"auto, \" srcset=\"\" alt=\"ajustar-texto-y-establecer-tama\u00f1o-de-celda\" width=\"609\" height=\"203\"><\/figure>\n<\/div>\n<div class=\"gb-container gb-container-4db6181c gb-container-mt\"> <a class=\"gb-button gb-button-c5897111 gb-button-text gb-button-mt-button\" href=\"https:\/\/exceladvisor.org\/es\/conceptos-basicos-de-excel\/\">Conceptos b\u00e1sicos de Microsoft Excel (componentes, piezas y notas de conocimiento)<\/a><\/p>\n<h2 class=\"gb-headline gb-headline-665e5f6b gb-headline-text gb-headline-mt-heading\"> Tutoriales relacionados <\/h2>\n<div class=\"gb-grid-wrapper gb-grid-wrapper-a20baf7c gb-grid-wrapper-mt-grid\">\n<div class=\"gb-grid-column gb-grid-column-65ddf67e\">\n<div class=\"gb-container gb-container-65ddf67e\">\n<ul>\n<li> <a href=\"https:\/\/exceladvisor.org\/es\/agregar-eliminar-hipervinculos\/\">Agregar y eliminar hiperv\u00ednculos en Excel<\/a><\/li>\n<li> <a href=\"https:\/\/exceladvisor.org\/es\/agregar-marca-de-agua\/\">Agregar una marca de agua en Excel<\/a><\/li>\n<li> <a href=\"https:\/\/exceladvisor.org\/es\/eliminar-columnas-de-filas-ocultas\/\">Eliminar filas ocultas en Excel<\/a><\/li>\n<li> <a href=\"https:\/\/exceladvisor.org\/es\/deseleccionar-celdas\/\">Deseleccionar celdas en Excel<\/a> <\/li>\n<\/ul>\n<\/div>\n<\/div>\n<div class=\"gb-grid-column gb-grid-column-50067b57\">\n<div class=\"gb-container gb-container-50067b57\">\n<ul>\n<li> <a href=\"https:\/\/exceladvisor.org\/es\/eliminar-lineas\/\">Eliminar una fila o varias filas en Excel<\/a><\/li>\n<li> <a href=\"https:\/\/exceladvisor.org\/es\/copiar-columna\/\">Copiar y pegar una columna en Excel<\/a><\/li>\n<li> <a href=\"https:\/\/exceladvisor.org\/es\/mover-fila-columna\/\">Mover una fila y columna en Excel<\/a><\/li>\n<li> <a href=\"https:\/\/exceladvisor.org\/es\/ancho-de-columna\/\">C\u00f3mo cambiar el ancho de las columnas en Excel<\/a><\/li>\n<\/ul>\n<\/div>\n<\/div>\n<\/div>\n<\/div>\n","protected":false},"excerpt":{"rendered":"<p>En Excel, tenemos celdas para ingresar y almacenar datos, y una celda tiene 96 p\u00edxeles de ancho y 24 p\u00edxeles de alto, y solo puede agregarle una o dos palabras. Pero a veces es necesario agregar un p\u00e1rrafo completo a la hoja de c\u00e1lculo en Excel. Para ello, existen algunas opciones que puede utilizar. En [&hellip;]<\/p>\n","protected":false},"author":1,"featured_media":0,"parent":0,"menu_order":0,"comment_status":"open","ping_status":"closed","template":"","meta":{"ub_ctt_via":"","footnotes":""},"class_list":["post-405","page","type-page","status-publish","hentry"],"featured_image_src":null,"yoast_head":"<!-- This site is optimized with the Yoast SEO plugin v25.4 - https:\/\/yoast.com\/wordpress\/plugins\/seo\/ -->\n<title>\u00bfc\u00f3mo hacer un p\u00e1rrafo en una celda en excel?<\/title>\n<meta name=\"robots\" content=\"index, follow, max-snippet:-1, max-image-preview:large, max-video-preview:-1\" \/>\n<link rel=\"canonical\" href=\"https:\/\/exceladvisor.org\/es\/parrafo-en-una-celda\/\" \/>\n<meta property=\"og:locale\" content=\"es_ES\" \/>\n<meta property=\"og:type\" content=\"article\" \/>\n<meta property=\"og:title\" content=\"\u00bfc\u00f3mo hacer un p\u00e1rrafo en una celda en excel?\" \/>\n<meta property=\"og:description\" content=\"En Excel, tenemos celdas para ingresar y almacenar datos, y una celda tiene 96 p\u00edxeles de ancho y 24 p\u00edxeles de alto, y solo puede agregarle una o dos palabras. Pero a veces es necesario agregar un p\u00e1rrafo completo a la hoja de c\u00e1lculo en Excel. Para ello, existen algunas opciones que puede utilizar. En [&hellip;]\" \/>\n<meta property=\"og:url\" content=\"https:\/\/exceladvisor.org\/es\/parrafo-en-una-celda\/\" \/>\n<meta property=\"og:site_name\" content=\"Excel Advisor\" \/>\n<meta property=\"article:modified_time\" content=\"2023-12-25T10:25:37+00:00\" \/>\n<meta property=\"og:image\" content=\"https:\/\/exceladvisor.org\/wp-content\/uploads\/2023\/08\/1-cellule-dans-excel.png\" \/>\n<meta name=\"twitter:card\" content=\"summary_large_image\" \/>\n<meta name=\"twitter:label1\" content=\"Tiempo de lectura\" \/>\n\t<meta name=\"twitter:data1\" content=\"3 minutos\" \/>\n<script type=\"application\/ld+json\" class=\"yoast-schema-graph\">{\"@context\":\"https:\/\/schema.org\",\"@graph\":[{\"@type\":\"WebPage\",\"@id\":\"https:\/\/exceladvisor.org\/es\/parrafo-en-una-celda\/\",\"url\":\"https:\/\/exceladvisor.org\/es\/parrafo-en-una-celda\/\",\"name\":\"\u00bfc\u00f3mo hacer un p\u00e1rrafo en una celda en excel?\",\"isPartOf\":{\"@id\":\"https:\/\/exceladvisor.org\/es\/#website\"},\"primaryImageOfPage\":{\"@id\":\"https:\/\/exceladvisor.org\/es\/parrafo-en-una-celda\/#primaryimage\"},\"image\":{\"@id\":\"https:\/\/exceladvisor.org\/es\/parrafo-en-una-celda\/#primaryimage\"},\"thumbnailUrl\":\"https:\/\/exceladvisor.org\/wp-content\/uploads\/2023\/08\/1-cellule-dans-excel.png\",\"datePublished\":\"2023-10-30T10:32:57+00:00\",\"dateModified\":\"2023-12-25T10:25:37+00:00\",\"breadcrumb\":{\"@id\":\"https:\/\/exceladvisor.org\/es\/parrafo-en-una-celda\/#breadcrumb\"},\"inLanguage\":\"es\",\"potentialAction\":[{\"@type\":\"ReadAction\",\"target\":[\"https:\/\/exceladvisor.org\/es\/parrafo-en-una-celda\/\"]}]},{\"@type\":\"ImageObject\",\"inLanguage\":\"es\",\"@id\":\"https:\/\/exceladvisor.org\/es\/parrafo-en-una-celda\/#primaryimage\",\"url\":\"https:\/\/exceladvisor.org\/wp-content\/uploads\/2023\/08\/1-cellule-dans-excel.png\",\"contentUrl\":\"https:\/\/exceladvisor.org\/wp-content\/uploads\/2023\/08\/1-cellule-dans-excel.png\"},{\"@type\":\"BreadcrumbList\",\"@id\":\"https:\/\/exceladvisor.org\/es\/parrafo-en-una-celda\/#breadcrumb\",\"itemListElement\":[{\"@type\":\"ListItem\",\"position\":1,\"name\":\"Hogar\",\"item\":\"https:\/\/exceladvisor.org\/es\/\"},{\"@type\":\"ListItem\",\"position\":2,\"name\":\"\u00bfc\u00f3mo hacer un p\u00e1rrafo en una celda en excel?\"}]},{\"@type\":\"WebSite\",\"@id\":\"https:\/\/exceladvisor.org\/es\/#website\",\"url\":\"https:\/\/exceladvisor.org\/es\/\",\"name\":\"Excel Advisor\",\"description\":\"Su gu\u00eda para la dominaci\u00f3n de datos!\",\"publisher\":{\"@id\":\"https:\/\/exceladvisor.org\/es\/#organization\"},\"potentialAction\":[{\"@type\":\"SearchAction\",\"target\":{\"@type\":\"EntryPoint\",\"urlTemplate\":\"https:\/\/exceladvisor.org\/es\/?s={search_term_string}\"},\"query-input\":{\"@type\":\"PropertyValueSpecification\",\"valueRequired\":true,\"valueName\":\"search_term_string\"}}],\"inLanguage\":\"es\"},{\"@type\":\"Organization\",\"@id\":\"https:\/\/exceladvisor.org\/es\/#organization\",\"name\":\"Excel Advisor\",\"url\":\"https:\/\/exceladvisor.org\/es\/\",\"logo\":{\"@type\":\"ImageObject\",\"inLanguage\":\"es\",\"@id\":\"https:\/\/exceladvisor.org\/es\/#\/schema\/logo\/image\/\",\"url\":\"https:\/\/exceladvisor.org\/es\/wp-content\/uploads\/2023\/12\/exceladvisor.org_.png\",\"contentUrl\":\"https:\/\/exceladvisor.org\/es\/wp-content\/uploads\/2023\/12\/exceladvisor.org_.png\",\"width\":105,\"height\":36,\"caption\":\"Excel Advisor\"},\"image\":{\"@id\":\"https:\/\/exceladvisor.org\/es\/#\/schema\/logo\/image\/\"}}]}<\/script>\n<!-- \/ Yoast SEO plugin. -->","yoast_head_json":{"title":"\u00bfc\u00f3mo hacer un p\u00e1rrafo en una celda en excel?","robots":{"index":"index","follow":"follow","max-snippet":"max-snippet:-1","max-image-preview":"max-image-preview:large","max-video-preview":"max-video-preview:-1"},"canonical":"https:\/\/exceladvisor.org\/es\/parrafo-en-una-celda\/","og_locale":"es_ES","og_type":"article","og_title":"\u00bfc\u00f3mo hacer un p\u00e1rrafo en una celda en excel?","og_description":"En Excel, tenemos celdas para ingresar y almacenar datos, y una celda tiene 96 p\u00edxeles de ancho y 24 p\u00edxeles de alto, y solo puede agregarle una o dos palabras. Pero a veces es necesario agregar un p\u00e1rrafo completo a la hoja de c\u00e1lculo en Excel. Para ello, existen algunas opciones que puede utilizar. En [&hellip;]","og_url":"https:\/\/exceladvisor.org\/es\/parrafo-en-una-celda\/","og_site_name":"Excel Advisor","article_modified_time":"2023-12-25T10:25:37+00:00","og_image":[{"url":"https:\/\/exceladvisor.org\/wp-content\/uploads\/2023\/08\/1-cellule-dans-excel.png","type":"","width":"","height":""}],"twitter_card":"summary_large_image","twitter_misc":{"Tiempo de lectura":"3 minutos"},"schema":{"@context":"https:\/\/schema.org","@graph":[{"@type":"WebPage","@id":"https:\/\/exceladvisor.org\/es\/parrafo-en-una-celda\/","url":"https:\/\/exceladvisor.org\/es\/parrafo-en-una-celda\/","name":"\u00bfc\u00f3mo hacer un p\u00e1rrafo en una celda en excel?","isPartOf":{"@id":"https:\/\/exceladvisor.org\/es\/#website"},"primaryImageOfPage":{"@id":"https:\/\/exceladvisor.org\/es\/parrafo-en-una-celda\/#primaryimage"},"image":{"@id":"https:\/\/exceladvisor.org\/es\/parrafo-en-una-celda\/#primaryimage"},"thumbnailUrl":"https:\/\/exceladvisor.org\/wp-content\/uploads\/2023\/08\/1-cellule-dans-excel.png","datePublished":"2023-10-30T10:32:57+00:00","dateModified":"2023-12-25T10:25:37+00:00","breadcrumb":{"@id":"https:\/\/exceladvisor.org\/es\/parrafo-en-una-celda\/#breadcrumb"},"inLanguage":"es","potentialAction":[{"@type":"ReadAction","target":["https:\/\/exceladvisor.org\/es\/parrafo-en-una-celda\/"]}]},{"@type":"ImageObject","inLanguage":"es","@id":"https:\/\/exceladvisor.org\/es\/parrafo-en-una-celda\/#primaryimage","url":"https:\/\/exceladvisor.org\/wp-content\/uploads\/2023\/08\/1-cellule-dans-excel.png","contentUrl":"https:\/\/exceladvisor.org\/wp-content\/uploads\/2023\/08\/1-cellule-dans-excel.png"},{"@type":"BreadcrumbList","@id":"https:\/\/exceladvisor.org\/es\/parrafo-en-una-celda\/#breadcrumb","itemListElement":[{"@type":"ListItem","position":1,"name":"Hogar","item":"https:\/\/exceladvisor.org\/es\/"},{"@type":"ListItem","position":2,"name":"\u00bfc\u00f3mo hacer un p\u00e1rrafo en una celda en excel?"}]},{"@type":"WebSite","@id":"https:\/\/exceladvisor.org\/es\/#website","url":"https:\/\/exceladvisor.org\/es\/","name":"Excel Advisor","description":"Su gu\u00eda para la dominaci\u00f3n de datos!","publisher":{"@id":"https:\/\/exceladvisor.org\/es\/#organization"},"potentialAction":[{"@type":"SearchAction","target":{"@type":"EntryPoint","urlTemplate":"https:\/\/exceladvisor.org\/es\/?s={search_term_string}"},"query-input":{"@type":"PropertyValueSpecification","valueRequired":true,"valueName":"search_term_string"}}],"inLanguage":"es"},{"@type":"Organization","@id":"https:\/\/exceladvisor.org\/es\/#organization","name":"Excel Advisor","url":"https:\/\/exceladvisor.org\/es\/","logo":{"@type":"ImageObject","inLanguage":"es","@id":"https:\/\/exceladvisor.org\/es\/#\/schema\/logo\/image\/","url":"https:\/\/exceladvisor.org\/es\/wp-content\/uploads\/2023\/12\/exceladvisor.org_.png","contentUrl":"https:\/\/exceladvisor.org\/es\/wp-content\/uploads\/2023\/12\/exceladvisor.org_.png","width":105,"height":36,"caption":"Excel Advisor"},"image":{"@id":"https:\/\/exceladvisor.org\/es\/#\/schema\/logo\/image\/"}}]}},"yoast_meta":{"yoast_wpseo_title":"","yoast_wpseo_metadesc":"","yoast_wpseo_canonical":""},"_links":{"self":[{"href":"https:\/\/exceladvisor.org\/es\/wp-json\/wp\/v2\/pages\/405","targetHints":{"allow":["GET"]}}],"collection":[{"href":"https:\/\/exceladvisor.org\/es\/wp-json\/wp\/v2\/pages"}],"about":[{"href":"https:\/\/exceladvisor.org\/es\/wp-json\/wp\/v2\/types\/page"}],"author":[{"embeddable":true,"href":"https:\/\/exceladvisor.org\/es\/wp-json\/wp\/v2\/users\/1"}],"replies":[{"embeddable":true,"href":"https:\/\/exceladvisor.org\/es\/wp-json\/wp\/v2\/comments?post=405"}],"version-history":[{"count":1,"href":"https:\/\/exceladvisor.org\/es\/wp-json\/wp\/v2\/pages\/405\/revisions"}],"predecessor-version":[{"id":1087,"href":"https:\/\/exceladvisor.org\/es\/wp-json\/wp\/v2\/pages\/405\/revisions\/1087"}],"wp:attachment":[{"href":"https:\/\/exceladvisor.org\/es\/wp-json\/wp\/v2\/media?parent=405"}],"curies":[{"name":"wp","href":"https:\/\/api.w.org\/{rel}","templated":true}]}}