{"id":407,"date":"2023-10-30T09:47:27","date_gmt":"2023-10-30T09:47:27","guid":{"rendered":"https:\/\/exceladvisor.org\/es\/rango-de-fechas-de-validacion-de-datos\/"},"modified":"2023-12-25T10:25:37","modified_gmt":"2023-12-25T10:25:37","slug":"rango-de-fechas-de-validacion-de-datos","status":"publish","type":"page","link":"https:\/\/exceladvisor.org\/es\/rango-de-fechas-de-validacion-de-datos\/","title":{"rendered":"\u00bfc\u00f3mo crear una validaci\u00f3n de datos con un rango de fechas?"},"content":{"rendered":"<div class=\"excel-antes-del-contenido\" id=\"excel-2465762139\"><script type=\"text\/javascript\">\r\n\tatOptions = {\r\n\t\t'key' : 'c1158f160081d6540a8409e6925dab94',\r\n\t\t'format' : 'iframe',\r\n\t\t'height' : 250,\r\n\t\t'width' : 300,\r\n\t\t'params' : {}\r\n\t};\r\n<\/script>\r\n<script type=\"text\/javascript\" src=\"\/\/www.highperformanceformat.com\/c1158f160081d6540a8409e6925dab94\/invoke.js\"><\/script><\/div><p>Digamos que necesita crear una validaci\u00f3n de datos para fechas en las que desea utilizar un rango de fechas espec\u00edfico. En t\u00e9rminos simples, lo que desea es que un usuario ingrese una fecha en una celda que debe estar dentro de un rango de fechas que usted especifique.<\/p>\n<p> Bueno, esto se puede hacer usando una f\u00f3rmula personalizada basada en la funci\u00f3n AND y una manera f\u00e1cil de establecer fechas en la opci\u00f3n de rango de fechas en la validaci\u00f3n de datos. Ambos m\u00e9todos evitar\u00e1n que un usuario ingrese una fecha fuera de rango.<\/p>\n<h2 class=\"wp-block-heading\"> Pasos para crear una validaci\u00f3n de fecha con un rango de fechas<\/h2>\n<ol>\n<li> Primero, seleccione la celda donde desea aplicar esta regla de validaci\u00f3n de datos.<\/li>\n<li> Ahora vaya a la pesta\u00f1a Datos \u21e2 Validaci\u00f3n de datos \u21e2 Validaci\u00f3n de datos.<\/li>\n<li> Desde all\u00ed, en el cuadro de di\u00e1logo de validaci\u00f3n de datos, seleccione \u00abFecha\u00bb en el men\u00fa desplegable \u00abPermitir\u00bb.<\/li>\n<li> Despu\u00e9s de eso, seleccione entradas en el men\u00fa desplegable \u00abDatos\u00bb.<\/li>\n<li> A continuaci\u00f3n, debe ingresar dos fechas en los campos de entrada \u00abFecha de inicio\u00bb y \u00abFecha de finalizaci\u00f3n\u00bb.<\/li>\n<li> Al final, haga clic en Aceptar. <\/li>\n<\/ol>\n<div class=\"wp-block-image\">\n<figure class=\"aligncenter\"><img decoding=\"async\" src=\"https:\/\/exceladvisor.org\/wp-content\/uploads\/2023\/08\/creer-une-plage-de-dates-dans-la-validation-des-donnees.png\" sizes=\"\" srcset=\"\" alt=\"\"><\/figure>\n<\/div>\n<p> Ahora, en todas las celdas que seleccion\u00f3, el usuario solo puede ingresar una fecha dentro del rango de fechas que especific\u00f3.<\/p>\n<p> Incluso, en lugar de ingresar fechas directamente en la validaci\u00f3n de datos, puedes consultar las celdas donde tienes fechas.<\/p>\n<p> De esta forma podr\u00e1s cambiar las fechas en cualquier momento sin abrir la opci\u00f3n. Puede utilizar la funci\u00f3n HOY para crear un rango din\u00e1mico de fechas.<\/p>\n<h2 class=\"wp-block-heading\"> Uso de la funci\u00f3n AND para crear un rango de fechas en la validaci\u00f3n de datos<\/h2>\n<p> Tambi\u00e9n se puede hacer lo mismo utilizando una f\u00f3rmula personalizada basada en la funci\u00f3n AND.<\/p>\n<ol>\n<li> Primero, seleccione la celda A1.<\/li>\n<li> En el cuadro de di\u00e1logo de validaci\u00f3n de datos, seleccione \u00abPersonalizado\u00bb en el men\u00fa desplegable \u00abPermitir\u00bb.<\/li>\n<li> Ahora, en la barra de entrada de f\u00f3rmulas, ingrese la siguiente f\u00f3rmula y haga clic en Aceptar. <\/li>\n<\/ol>\n<pre class=\"wp-block-code\"> <code class=\"language-excel-formula\" lang=\"excel-formula\">=AND(A1&gt;=DATE(2016,6,1),A1&lt;=DATE(2016,6,30))<\/code><\/pre>\n<div class=\"wp-block-image\">\n<figure class=\"aligncenter\"><img decoding=\"async\" src=\"https:\/\/exceladvisor.org\/wp-content\/uploads\/2023\/08\/creer-une-plage-de-dates-dans-la-validation-des-donnees-a-laide-dune-formule-personnalisee.png\" sizes=\"\" srcset=\"\" alt=\"\"><\/figure>\n<\/div>\n<p> Este m\u00e9todo es un poco limitado y complejo. Pero si desea especificar fechas solo una vez, puede utilizar este m\u00e9todo.<\/p>\n<div class=\"gb-container gb-container-4db6181c gb-container-mt\"> <a class=\"gb-button gb-button-c5897111 gb-button-text gb-button-mt-button\" href=\"https:\/\/exceladvisor.org\/es\/avance-de-excel\/\">Tutoriales avanzados de Excel<\/a><\/p>\n<h2 class=\"gb-headline gb-headline-665e5f6b gb-headline-text gb-headline-mt-heading\"> Tutoriales relacionados <\/h2>\n<div class=\"gb-grid-wrapper gb-grid-wrapper-a20baf7c gb-grid-wrapper-mt-grid\">\n<div class=\"gb-grid-column gb-grid-column-65ddf67e\">\n<div class=\"gb-container gb-container-65ddf67e\">\n<ul>\n<li> <a href=\"https:\/\/exceladvisor.org\/es\/lista-desplegable-dependiente\/\">Lista desplegable dependiente en Excel<\/a><\/li>\n<li> <a href=\"https:\/\/exceladvisor.org\/es\/lista-dinamica\/\">Lista desplegable din\u00e1mica en Excel<\/a> <\/li>\n<\/ul>\n<\/div>\n<\/div>\n<div class=\"gb-grid-column gb-grid-column-50067b57\">\n<div class=\"gb-container gb-container-50067b57\">\n<ul>\n<li> <a href=\"https:\/\/exceladvisor.org\/es\/si-no-lista-desplegable\/\">Cree una lista desplegable S\u00ed \u2013 No en Excel<\/a><\/li>\n<li> <a href=\"https:\/\/exceladvisor.org\/es\/eliminar-lista-desplegable\/\">Eliminar lista desplegable (validaci\u00f3n de datos) en Excel<\/a><\/li>\n<\/ul>\n<\/div>\n<\/div>\n<\/div>\n<\/div>\n","protected":false},"excerpt":{"rendered":"<p>Digamos que necesita crear una validaci\u00f3n de datos para fechas en las que desea utilizar un rango de fechas espec\u00edfico. En t\u00e9rminos simples, lo que desea es que un usuario ingrese una fecha en una celda que debe estar dentro de un rango de fechas que usted especifique. Bueno, esto se puede hacer usando una [&hellip;]<\/p>\n","protected":false},"author":1,"featured_media":0,"parent":0,"menu_order":0,"comment_status":"open","ping_status":"closed","template":"","meta":{"ub_ctt_via":"","footnotes":""},"class_list":["post-407","page","type-page","status-publish","hentry"],"featured_image_src":null,"yoast_head":"<!-- This site is optimized with the Yoast SEO plugin v25.4 - https:\/\/yoast.com\/wordpress\/plugins\/seo\/ -->\n<title>\u00bfc\u00f3mo crear una validaci\u00f3n de datos con un rango de fechas?<\/title>\n<meta name=\"robots\" content=\"index, follow, max-snippet:-1, max-image-preview:large, max-video-preview:-1\" \/>\n<link rel=\"canonical\" href=\"https:\/\/exceladvisor.org\/es\/rango-de-fechas-de-validacion-de-datos\/\" \/>\n<meta property=\"og:locale\" content=\"es_ES\" \/>\n<meta property=\"og:type\" content=\"article\" \/>\n<meta property=\"og:title\" content=\"\u00bfc\u00f3mo crear una validaci\u00f3n de datos con un rango de fechas?\" \/>\n<meta property=\"og:description\" content=\"Digamos que necesita crear una validaci\u00f3n de datos para fechas en las que desea utilizar un rango de fechas espec\u00edfico. En t\u00e9rminos simples, lo que desea es que un usuario ingrese una fecha en una celda que debe estar dentro de un rango de fechas que usted especifique. Bueno, esto se puede hacer usando una [&hellip;]\" \/>\n<meta property=\"og:url\" content=\"https:\/\/exceladvisor.org\/es\/rango-de-fechas-de-validacion-de-datos\/\" \/>\n<meta property=\"og:site_name\" content=\"Excel Advisor\" \/>\n<meta property=\"article:modified_time\" content=\"2023-12-25T10:25:37+00:00\" \/>\n<meta property=\"og:image\" content=\"https:\/\/exceladvisor.org\/wp-content\/uploads\/2023\/08\/creer-une-plage-de-dates-dans-la-validation-des-donnees.png\" \/>\n<meta name=\"twitter:card\" content=\"summary_large_image\" \/>\n<meta name=\"twitter:label1\" content=\"Tiempo de lectura\" \/>\n\t<meta name=\"twitter:data1\" content=\"2 minutos\" \/>\n<script type=\"application\/ld+json\" class=\"yoast-schema-graph\">{\"@context\":\"https:\/\/schema.org\",\"@graph\":[{\"@type\":\"WebPage\",\"@id\":\"https:\/\/exceladvisor.org\/es\/rango-de-fechas-de-validacion-de-datos\/\",\"url\":\"https:\/\/exceladvisor.org\/es\/rango-de-fechas-de-validacion-de-datos\/\",\"name\":\"\u00bfc\u00f3mo crear una validaci\u00f3n de datos con un rango de fechas?\",\"isPartOf\":{\"@id\":\"https:\/\/exceladvisor.org\/es\/#website\"},\"primaryImageOfPage\":{\"@id\":\"https:\/\/exceladvisor.org\/es\/rango-de-fechas-de-validacion-de-datos\/#primaryimage\"},\"image\":{\"@id\":\"https:\/\/exceladvisor.org\/es\/rango-de-fechas-de-validacion-de-datos\/#primaryimage\"},\"thumbnailUrl\":\"https:\/\/exceladvisor.org\/wp-content\/uploads\/2023\/08\/creer-une-plage-de-dates-dans-la-validation-des-donnees.png\",\"datePublished\":\"2023-10-30T09:47:27+00:00\",\"dateModified\":\"2023-12-25T10:25:37+00:00\",\"breadcrumb\":{\"@id\":\"https:\/\/exceladvisor.org\/es\/rango-de-fechas-de-validacion-de-datos\/#breadcrumb\"},\"inLanguage\":\"es\",\"potentialAction\":[{\"@type\":\"ReadAction\",\"target\":[\"https:\/\/exceladvisor.org\/es\/rango-de-fechas-de-validacion-de-datos\/\"]}]},{\"@type\":\"ImageObject\",\"inLanguage\":\"es\",\"@id\":\"https:\/\/exceladvisor.org\/es\/rango-de-fechas-de-validacion-de-datos\/#primaryimage\",\"url\":\"https:\/\/exceladvisor.org\/wp-content\/uploads\/2023\/08\/creer-une-plage-de-dates-dans-la-validation-des-donnees.png\",\"contentUrl\":\"https:\/\/exceladvisor.org\/wp-content\/uploads\/2023\/08\/creer-une-plage-de-dates-dans-la-validation-des-donnees.png\"},{\"@type\":\"BreadcrumbList\",\"@id\":\"https:\/\/exceladvisor.org\/es\/rango-de-fechas-de-validacion-de-datos\/#breadcrumb\",\"itemListElement\":[{\"@type\":\"ListItem\",\"position\":1,\"name\":\"Hogar\",\"item\":\"https:\/\/exceladvisor.org\/es\/\"},{\"@type\":\"ListItem\",\"position\":2,\"name\":\"\u00bfc\u00f3mo crear una validaci\u00f3n de datos con un rango de fechas?\"}]},{\"@type\":\"WebSite\",\"@id\":\"https:\/\/exceladvisor.org\/es\/#website\",\"url\":\"https:\/\/exceladvisor.org\/es\/\",\"name\":\"Excel Advisor\",\"description\":\"Su gu\u00eda para la dominaci\u00f3n de datos!\",\"publisher\":{\"@id\":\"https:\/\/exceladvisor.org\/es\/#organization\"},\"potentialAction\":[{\"@type\":\"SearchAction\",\"target\":{\"@type\":\"EntryPoint\",\"urlTemplate\":\"https:\/\/exceladvisor.org\/es\/?s={search_term_string}\"},\"query-input\":{\"@type\":\"PropertyValueSpecification\",\"valueRequired\":true,\"valueName\":\"search_term_string\"}}],\"inLanguage\":\"es\"},{\"@type\":\"Organization\",\"@id\":\"https:\/\/exceladvisor.org\/es\/#organization\",\"name\":\"Excel Advisor\",\"url\":\"https:\/\/exceladvisor.org\/es\/\",\"logo\":{\"@type\":\"ImageObject\",\"inLanguage\":\"es\",\"@id\":\"https:\/\/exceladvisor.org\/es\/#\/schema\/logo\/image\/\",\"url\":\"https:\/\/exceladvisor.org\/es\/wp-content\/uploads\/2023\/12\/exceladvisor.org_.png\",\"contentUrl\":\"https:\/\/exceladvisor.org\/es\/wp-content\/uploads\/2023\/12\/exceladvisor.org_.png\",\"width\":105,\"height\":36,\"caption\":\"Excel Advisor\"},\"image\":{\"@id\":\"https:\/\/exceladvisor.org\/es\/#\/schema\/logo\/image\/\"}}]}<\/script>\n<!-- \/ Yoast SEO plugin. -->","yoast_head_json":{"title":"\u00bfc\u00f3mo crear una validaci\u00f3n de datos con un rango de fechas?","robots":{"index":"index","follow":"follow","max-snippet":"max-snippet:-1","max-image-preview":"max-image-preview:large","max-video-preview":"max-video-preview:-1"},"canonical":"https:\/\/exceladvisor.org\/es\/rango-de-fechas-de-validacion-de-datos\/","og_locale":"es_ES","og_type":"article","og_title":"\u00bfc\u00f3mo crear una validaci\u00f3n de datos con un rango de fechas?","og_description":"Digamos que necesita crear una validaci\u00f3n de datos para fechas en las que desea utilizar un rango de fechas espec\u00edfico. En t\u00e9rminos simples, lo que desea es que un usuario ingrese una fecha en una celda que debe estar dentro de un rango de fechas que usted especifique. Bueno, esto se puede hacer usando una [&hellip;]","og_url":"https:\/\/exceladvisor.org\/es\/rango-de-fechas-de-validacion-de-datos\/","og_site_name":"Excel Advisor","article_modified_time":"2023-12-25T10:25:37+00:00","og_image":[{"url":"https:\/\/exceladvisor.org\/wp-content\/uploads\/2023\/08\/creer-une-plage-de-dates-dans-la-validation-des-donnees.png","type":"","width":"","height":""}],"twitter_card":"summary_large_image","twitter_misc":{"Tiempo de lectura":"2 minutos"},"schema":{"@context":"https:\/\/schema.org","@graph":[{"@type":"WebPage","@id":"https:\/\/exceladvisor.org\/es\/rango-de-fechas-de-validacion-de-datos\/","url":"https:\/\/exceladvisor.org\/es\/rango-de-fechas-de-validacion-de-datos\/","name":"\u00bfc\u00f3mo crear una validaci\u00f3n de datos con un rango de fechas?","isPartOf":{"@id":"https:\/\/exceladvisor.org\/es\/#website"},"primaryImageOfPage":{"@id":"https:\/\/exceladvisor.org\/es\/rango-de-fechas-de-validacion-de-datos\/#primaryimage"},"image":{"@id":"https:\/\/exceladvisor.org\/es\/rango-de-fechas-de-validacion-de-datos\/#primaryimage"},"thumbnailUrl":"https:\/\/exceladvisor.org\/wp-content\/uploads\/2023\/08\/creer-une-plage-de-dates-dans-la-validation-des-donnees.png","datePublished":"2023-10-30T09:47:27+00:00","dateModified":"2023-12-25T10:25:37+00:00","breadcrumb":{"@id":"https:\/\/exceladvisor.org\/es\/rango-de-fechas-de-validacion-de-datos\/#breadcrumb"},"inLanguage":"es","potentialAction":[{"@type":"ReadAction","target":["https:\/\/exceladvisor.org\/es\/rango-de-fechas-de-validacion-de-datos\/"]}]},{"@type":"ImageObject","inLanguage":"es","@id":"https:\/\/exceladvisor.org\/es\/rango-de-fechas-de-validacion-de-datos\/#primaryimage","url":"https:\/\/exceladvisor.org\/wp-content\/uploads\/2023\/08\/creer-une-plage-de-dates-dans-la-validation-des-donnees.png","contentUrl":"https:\/\/exceladvisor.org\/wp-content\/uploads\/2023\/08\/creer-une-plage-de-dates-dans-la-validation-des-donnees.png"},{"@type":"BreadcrumbList","@id":"https:\/\/exceladvisor.org\/es\/rango-de-fechas-de-validacion-de-datos\/#breadcrumb","itemListElement":[{"@type":"ListItem","position":1,"name":"Hogar","item":"https:\/\/exceladvisor.org\/es\/"},{"@type":"ListItem","position":2,"name":"\u00bfc\u00f3mo crear una validaci\u00f3n de datos con un rango de fechas?"}]},{"@type":"WebSite","@id":"https:\/\/exceladvisor.org\/es\/#website","url":"https:\/\/exceladvisor.org\/es\/","name":"Excel Advisor","description":"Su gu\u00eda para la dominaci\u00f3n de datos!","publisher":{"@id":"https:\/\/exceladvisor.org\/es\/#organization"},"potentialAction":[{"@type":"SearchAction","target":{"@type":"EntryPoint","urlTemplate":"https:\/\/exceladvisor.org\/es\/?s={search_term_string}"},"query-input":{"@type":"PropertyValueSpecification","valueRequired":true,"valueName":"search_term_string"}}],"inLanguage":"es"},{"@type":"Organization","@id":"https:\/\/exceladvisor.org\/es\/#organization","name":"Excel Advisor","url":"https:\/\/exceladvisor.org\/es\/","logo":{"@type":"ImageObject","inLanguage":"es","@id":"https:\/\/exceladvisor.org\/es\/#\/schema\/logo\/image\/","url":"https:\/\/exceladvisor.org\/es\/wp-content\/uploads\/2023\/12\/exceladvisor.org_.png","contentUrl":"https:\/\/exceladvisor.org\/es\/wp-content\/uploads\/2023\/12\/exceladvisor.org_.png","width":105,"height":36,"caption":"Excel Advisor"},"image":{"@id":"https:\/\/exceladvisor.org\/es\/#\/schema\/logo\/image\/"}}]}},"yoast_meta":{"yoast_wpseo_title":"","yoast_wpseo_metadesc":"","yoast_wpseo_canonical":""},"_links":{"self":[{"href":"https:\/\/exceladvisor.org\/es\/wp-json\/wp\/v2\/pages\/407","targetHints":{"allow":["GET"]}}],"collection":[{"href":"https:\/\/exceladvisor.org\/es\/wp-json\/wp\/v2\/pages"}],"about":[{"href":"https:\/\/exceladvisor.org\/es\/wp-json\/wp\/v2\/types\/page"}],"author":[{"embeddable":true,"href":"https:\/\/exceladvisor.org\/es\/wp-json\/wp\/v2\/users\/1"}],"replies":[{"embeddable":true,"href":"https:\/\/exceladvisor.org\/es\/wp-json\/wp\/v2\/comments?post=407"}],"version-history":[{"count":1,"href":"https:\/\/exceladvisor.org\/es\/wp-json\/wp\/v2\/pages\/407\/revisions"}],"predecessor-version":[{"id":1086,"href":"https:\/\/exceladvisor.org\/es\/wp-json\/wp\/v2\/pages\/407\/revisions\/1086"}],"wp:attachment":[{"href":"https:\/\/exceladvisor.org\/es\/wp-json\/wp\/v2\/media?parent=407"}],"curies":[{"name":"wp","href":"https:\/\/api.w.org\/{rel}","templated":true}]}}