{"id":408,"date":"2023-10-30T09:32:29","date_gmt":"2023-10-30T09:32:29","guid":{"rendered":"https:\/\/exceladvisor.org\/es\/formulario-de-entrada-de-datos-3\/"},"modified":"2023-12-25T10:25:11","modified_gmt":"2023-12-25T10:25:11","slug":"formulario-de-entrada-de-datos-3","status":"publish","type":"page","link":"https:\/\/exceladvisor.org\/es\/formulario-de-entrada-de-datos-3\/","title":{"rendered":"\u00bfc\u00f3mo crear un formulario de entrada de datos en excel?"},"content":{"rendered":"<div class=\"excel-antes-del-contenido\" id=\"excel-1519099198\"><script type=\"text\/javascript\">\r\n\tatOptions = {\r\n\t\t'key' : 'c1158f160081d6540a8409e6925dab94',\r\n\t\t'format' : 'iframe',\r\n\t\t'height' : 250,\r\n\t\t'width' : 300,\r\n\t\t'params' : {}\r\n\t};\r\n<\/script>\r\n<script type=\"text\/javascript\" src=\"\/\/www.highperformanceformat.com\/c1158f160081d6540a8409e6925dab94\/invoke.js\"><\/script><\/div><p>El formulario de ingreso de datos es una de las mejores formas de ingresar datos en una tabla. Pero crear un formulario para ingresar datos no es tarea f\u00e1cil.<\/p>\n<p> S\u00ed, es verdad.<\/p>\n<p> Mientras luchaba con este problema, descubr\u00ed que puedes crear un formulario en Excel para ingresar datos con solo un clic. La mejor parte de este formulario es que est\u00e1 predise\u00f1ado y es flexible. Basta con mirar el ejemplo a continuaci\u00f3n. <\/p>\n<div class=\"wp-block-image\">\n<figure class=\"aligncenter\"><img decoding=\"async\" src=\"https:\/\/exceladvisor.org\/wp-content\/uploads\/2023\/08\/Formulaire-de-saisie-de-donnees4-1.png\" sizes=\"\" srcset=\"\" alt=\"formulario de ingreso de datos en excel\"><\/figure>\n<\/div>\n<p> Aqu\u00ed est\u00e1 la idea: para crear este formulario de entrada, s\u00f3lo necesita activarlo.<\/p>\n<h2 id=\"tab-con-1\" class=\"wp-block-heading\"> Abrir formulario de entrada de datos<\/h2>\n<p> En poco tiempo descubrir\u00e1s lo \u00fatil que es esta herramienta. Pero es dif\u00edcil creer que no haya una lista de este formulario de entrada de datos en la cinta. Por lo tanto, debes generarlo antes de usarlo.<\/p>\n<p> Y antes de activar este formulario, necesita una tabla para ingresar datos o al menos encabezados de datos. <\/p>\n<div class=\"wp-block-image\">\n<figure class=\"aligncenter\"><img decoding=\"async\" src=\"https:\/\/exceladvisor.org\/wp-content\/uploads\/2023\/08\/Formulaire-de-saisie-de-donnees-1.png\" sizes=\"\" srcset=\"\" alt=\"encabezado de tabla para usar el formulario de entrada de datos en Excel\"><\/figure>\n<\/div>\n<p> Para habilitarlo, haga clic en una de las celdas de la tabla o simplemente seleccione una de las celdas del encabezado y utilice uno de los dos m\u00e9todos siguientes.<\/p>\n<ol>\n<li> Utilice la <a href=\"https:\/\/exceladvisor.org\/es\/atajos-de-teclado\/\">tecla de m\u00e9todo abreviado de teclado<\/a> : <span style=\"color: #000000;\">Alt \u21e2 D \u21e2 O \u21e2 O.<\/span><\/li>\n<li> Agregue un \u00edcono a la barra de herramientas de acceso r\u00e1pido.\n<ol>\n<li> Archivo \u279c Opciones \u279c <a href=\"https:\/\/exceladvisor.org\/es\/barra-de-acceso-rapido\/\">Barra de herramientas de acceso r\u00e1pido<\/a> .<\/li>\n<li> Elija Comando desde \u279c Comandos que no est\u00e1n en la cinta \u279c Desde \u279c Agregar \u279c Haga clic en Aceptar. <\/li>\n<\/ol>\n<\/li>\n<\/ol>\n<div class=\"wp-block-image\">\n<figure class=\"aligncenter\"><img decoding=\"async\" src=\"https:\/\/exceladvisor.org\/wp-content\/uploads\/2023\/08\/Formulaire-de-saisie-de-donnees2-1.png\" sizes=\"\" srcset=\"\" alt=\"agregar icono de formulario de datos en la barra de herramientas de acceso r\u00e1pido en Excel\"><\/figure>\n<\/div>\n<p> <strong>Despu\u00e9s de<\/strong> usar cualquiera de las opciones anteriores, se crear\u00e1 un formulario de entrada de datos como el que se muestra a continuaci\u00f3n. <\/p>\n<div class=\"wp-block-image\">\n<figure class=\"aligncenter\"><img decoding=\"async\" src=\"https:\/\/exceladvisor.org\/wp-content\/uploads\/2023\/08\/Formulaire-de-saisie-de-donnees3-1.png\" sizes=\"\" srcset=\"\" alt=\"abrir formulario de entrada de datos en excel\"><\/figure>\n<\/div>\n<p> Y si lo notas, todos los encabezados de tus tablas de datos se capturan autom\u00e1ticamente en el formulario.<\/p>\n<h2 class=\"wp-block-heading\"> 1. Crea una nueva entrada<\/h2>\n<p> Para crear una nueva entrada de datos, complete todos los cuadros de entrada con datos y haga clic en el bot\u00f3n \u00abNuevo\u00bb. Ahora, si observa el ejemplo siguiente, ver\u00e1 que no hay una barra de entrada para la columna de monto.<\/p>\n<p> Tenemos una f\u00f3rmula en la columna de monto para multiplicar la cantidad por el precio. Esto significa que este formulario es lo suficientemente inteligente como para descubrir columnas en las que no es necesario ingresar datos. <\/p>\n<div class=\"wp-block-image\">\n<figure class=\"aligncenter\"><img decoding=\"async\" src=\"https:\/\/exceladvisor.org\/wp-content\/uploads\/2023\/08\/Formulaire-de-saisie-de-donnees5-1.gif\" sizes=\"\" srcset=\"\" alt=\"ingrese datos en una tabla con este formulario de ingreso de datos en Excel\"><\/figure>\n<\/div>\n<h2 class=\"wp-block-heading\"> 2. Examinar entradas<\/h2>\n<p> Para navegar a trav\u00e9s de todas las entradas que ha ingresado en sus datos, puede usar la barra de desplazamiento o puede usar los botones \u201cBuscar anterior\u201d y \u201cBuscar siguiente\u201d. <\/p>\n<div class=\"wp-block-image\">\n<figure class=\"aligncenter\"><img decoding=\"async\" src=\"https:\/\/exceladvisor.org\/wp-content\/uploads\/2023\/08\/Formulaire-de-saisie-de-donnees6-1.gif\" sizes=\"\" srcset=\"\" alt=\"desplazarse por las entradas con esta entrada de datos en Excel\"><\/figure>\n<\/div>\n<h2 class=\"wp-block-heading\"> 3. Editar entradas<\/h2>\n<p> Para editar una entrada, primero debe acceder a esa entrada utilizando el m\u00e9todo mencionado anteriormente. Una vez que navegue, puede realizar los cambios en cualquiera de los cuadros de entrada y luego simplemente presione la tecla Enter.<\/p>\n<p> \u200bAl editar su entrada (antes de presionar Enter o hacer clic en el bot\u00f3n cerrar), si desea restaurar su entrada, puede hacerlo con el bot\u00f3n restaurar. Restaurar\u00e1 los datos anteriores en todos los cuadros de entrada. <\/p>\n<div class=\"wp-block-image\">\n<figure class=\"aligncenter\"><img decoding=\"async\" src=\"https:\/\/exceladvisor.org\/wp-content\/uploads\/2023\/08\/Formulaire-de-saisie-de-donnees10-1.gif\" sizes=\"\" srcset=\"\" alt=\"editar entradas con este formulario de entrada de datos en Excel\"><\/figure>\n<\/div>\n<h2 class=\"wp-block-heading\"> 4. Eliminar entradas<\/h2>\n<p> Para eliminar una entrada, debe navegar hasta esa entrada y hacer clic en el bot\u00f3n Eliminar. Aparecer\u00e1 una ventana emergente para confirmar la eliminaci\u00f3n y eliminar\u00e1 instant\u00e1neamente esta entrada de su tabla de datos. <\/p>\n<div class=\"wp-block-image\">\n<figure class=\"aligncenter\"><img decoding=\"async\" src=\"https:\/\/exceladvisor.org\/wp-content\/uploads\/2023\/08\/Formulaire-de-saisie-de-donnees8-1.gif\" sizes=\"\" srcset=\"\" alt=\"eliminar entrada usando esta entrada de datos en Excel de la tabla\"><\/figure>\n<\/div>\n<h2 class=\"wp-block-heading\"> 5. Encuentra una entrada espec\u00edfica<\/h2>\n<p> Si est\u00e1 trabajando con datos de gran tama\u00f1o, puede utilizar el bot\u00f3n \u00abCriterios\u00bb para buscar una entrada espec\u00edfica.<\/p>\n<p> <span style=\"color: #000000;\">Por ejemplo<\/span> , si desea buscar entradas en la tabla que coincidan con algunos criterios espec\u00edficos, simplemente haga clic en el bot\u00f3n Criterios, ingrese los criterios en el cuadro de entrada y presione Entrar. Obtendr\u00e1 las entradas de datos que coincidan con sus criterios. Tambi\u00e9n puede utilizar sus criterios en varios cuadros de entrada. <\/p>\n<div class=\"wp-block-image\">\n<figure class=\"aligncenter\"><img decoding=\"async\" src=\"https:\/\/exceladvisor.org\/wp-content\/uploads\/2023\/08\/Formulaire-de-saisie-de-donnees9.gif\" sizes=\"\" srcset=\"\" alt=\"encontrar una entrada espec\u00edfica en este formulario de entrada de datos de Excel con un criterio\"><\/figure>\n<\/div>\n<h2 id=\"tab-con-3\" class=\"wp-block-heading\"> Puntos importantes sobre este formulario de entrada de datos<\/h2>\n<p> Bueno, hay algunos puntos importantes que debes saber para jugar bien en esta forma.<\/p>\n<ol>\n<li> El n\u00famero m\u00e1ximo de campos de entrada que puede utilizar en el formulario de entrada de datos es 32.<\/li>\n<li> El ancho del cuadro de entrada est\u00e1 puramente relacionado con la columna asociada en la hoja de c\u00e1lculo. Si las columnas de su hoja de c\u00e1lculo no son lo suficientemente anchas para mostrar valores, el mismo ancho tambi\u00e9n se reflejar\u00e1 en su formulario de datos.<\/li>\n<li> Por otro lado, si solo una de las columnas excede el ancho, el mismo ancho se reflejar\u00e1 para todos los cuadros de entrada como datos.<\/li>\n<li> Si tiene un rango con el nombre \u00abBase de datos\u00bb, no es necesario seleccionar una celda de la tabla. Siempre insertar\u00e1 datos en esta tabla.<\/li>\n<li> Cuando utiliza criterios para extraer algunos datos espec\u00edficos, puede utilizar <a href=\"https:\/\/exceladvisor.org\/es\/comodines-2\/\" data-wpel-link=\"internal\" data-wpil=\"url\">comodines de Excel<\/a> en este formulario.<\/li>\n<li> Mientras crea entradas de datos, si intenta sobrescribir datos en la celda, aparecer\u00e1 el mensaje de alerta \u00abNo se puede ampliar la lista o la base de datos\u00bb.<\/li>\n<\/ol>\n<div class=\"gb-container gb-container-4db6181c gb-container-mt\"> <a class=\"gb-button gb-button-c5897111 gb-button-text gb-button-mt-button\" href=\"https:\/\/exceladvisor.org\/es\/avance-de-excel\/\">Tutoriales avanzados de Excel<\/a><\/p>\n<h2 class=\"gb-headline gb-headline-665e5f6b gb-headline-text gb-headline-mt-heading\"> Tutoriales relacionados <\/h2>\n<div class=\"gb-grid-wrapper gb-grid-wrapper-a20baf7c gb-grid-wrapper-mt-grid\">\n<div class=\"gb-grid-column gb-grid-column-65ddf67e\">\n<div class=\"gb-container gb-container-65ddf67e\">\n<ul>\n<li> <a href=\"https:\/\/exceladvisor.org\/es\/consolidar\/\" data-wpil=\"url\">Consolidar datos de m\u00faltiples hojas de c\u00e1lculo<\/a><\/li>\n<li> <a href=\"https:\/\/exceladvisor.org\/es\/agregar\/\" data-wpil=\"url\">Agregar y eliminar una hoja de c\u00e1lculo en Excel<\/a><\/li>\n<li> <a href=\"https:\/\/exceladvisor.org\/es\/grupo-1\/\" data-wpil=\"url\">Hojas de trabajo grupales en Excel<\/a> <\/li>\n<\/ul>\n<\/div>\n<\/div>\n<div class=\"gb-grid-column gb-grid-column-50067b57\">\n<div class=\"gb-container gb-container-50067b57\">\n<ul>\n<li> <a href=\"https:\/\/exceladvisor.org\/es\/rebautizar\/\" data-wpil=\"url\">Cambiar el nombre de la hoja en Excel<\/a><\/li>\n<li> <a href=\"https:\/\/exceladvisor.org\/es\/ver-uno-al-lado-del-otro\/\" data-wpil=\"url\">Ver dos hojas una al lado de la otra en Excel<\/a><\/li>\n<li> <a href=\"https:\/\/exceladvisor.org\/es\/a\/\" data-wpil=\"url\">Cambiar el color de la pesta\u00f1a en Excel (color de fondo de la pesta\u00f1a de la hoja de c\u00e1lculo)<\/a><\/li>\n<\/ul>\n<\/div>\n<\/div>\n<\/div>\n<\/div>\n","protected":false},"excerpt":{"rendered":"<p>El formulario de ingreso de datos es una de las mejores formas de ingresar datos en una tabla. Pero crear un formulario para ingresar datos no es tarea f\u00e1cil. S\u00ed, es verdad. Mientras luchaba con este problema, descubr\u00ed que puedes crear un formulario en Excel para ingresar datos con solo un clic. La mejor parte [&hellip;]<\/p>\n","protected":false},"author":1,"featured_media":0,"parent":0,"menu_order":0,"comment_status":"open","ping_status":"closed","template":"","meta":{"ub_ctt_via":"","footnotes":""},"class_list":["post-408","page","type-page","status-publish","hentry"],"featured_image_src":null,"yoast_head":"<!-- This site is optimized with the Yoast SEO plugin v25.4 - https:\/\/yoast.com\/wordpress\/plugins\/seo\/ -->\n<title>\u00bfc\u00f3mo crear un formulario de entrada de datos en excel?<\/title>\n<meta name=\"robots\" content=\"index, follow, max-snippet:-1, max-image-preview:large, max-video-preview:-1\" \/>\n<link rel=\"canonical\" href=\"https:\/\/exceladvisor.org\/es\/formulario-de-entrada-de-datos-3\/\" \/>\n<meta property=\"og:locale\" content=\"es_ES\" \/>\n<meta property=\"og:type\" content=\"article\" \/>\n<meta property=\"og:title\" content=\"\u00bfc\u00f3mo crear un formulario de entrada de datos en excel?\" \/>\n<meta property=\"og:description\" content=\"El formulario de ingreso de datos es una de las mejores formas de ingresar datos en una tabla. Pero crear un formulario para ingresar datos no es tarea f\u00e1cil. S\u00ed, es verdad. Mientras luchaba con este problema, descubr\u00ed que puedes crear un formulario en Excel para ingresar datos con solo un clic. La mejor parte [&hellip;]\" \/>\n<meta property=\"og:url\" content=\"https:\/\/exceladvisor.org\/es\/formulario-de-entrada-de-datos-3\/\" \/>\n<meta property=\"og:site_name\" content=\"Excel Advisor\" \/>\n<meta property=\"article:modified_time\" content=\"2023-12-25T10:25:11+00:00\" \/>\n<meta property=\"og:image\" content=\"https:\/\/exceladvisor.org\/wp-content\/uploads\/2023\/08\/Formulaire-de-saisie-de-donnees4-1.png\" \/>\n<meta name=\"twitter:card\" content=\"summary_large_image\" \/>\n<meta name=\"twitter:label1\" content=\"Tiempo de lectura\" \/>\n\t<meta name=\"twitter:data1\" content=\"4 minutos\" \/>\n<script type=\"application\/ld+json\" class=\"yoast-schema-graph\">{\"@context\":\"https:\/\/schema.org\",\"@graph\":[{\"@type\":\"WebPage\",\"@id\":\"https:\/\/exceladvisor.org\/es\/formulario-de-entrada-de-datos-3\/\",\"url\":\"https:\/\/exceladvisor.org\/es\/formulario-de-entrada-de-datos-3\/\",\"name\":\"\u00bfc\u00f3mo crear un formulario de entrada de datos en excel?\",\"isPartOf\":{\"@id\":\"https:\/\/exceladvisor.org\/es\/#website\"},\"primaryImageOfPage\":{\"@id\":\"https:\/\/exceladvisor.org\/es\/formulario-de-entrada-de-datos-3\/#primaryimage\"},\"image\":{\"@id\":\"https:\/\/exceladvisor.org\/es\/formulario-de-entrada-de-datos-3\/#primaryimage\"},\"thumbnailUrl\":\"https:\/\/exceladvisor.org\/wp-content\/uploads\/2023\/08\/Formulaire-de-saisie-de-donnees4-1.png\",\"datePublished\":\"2023-10-30T09:32:29+00:00\",\"dateModified\":\"2023-12-25T10:25:11+00:00\",\"breadcrumb\":{\"@id\":\"https:\/\/exceladvisor.org\/es\/formulario-de-entrada-de-datos-3\/#breadcrumb\"},\"inLanguage\":\"es\",\"potentialAction\":[{\"@type\":\"ReadAction\",\"target\":[\"https:\/\/exceladvisor.org\/es\/formulario-de-entrada-de-datos-3\/\"]}]},{\"@type\":\"ImageObject\",\"inLanguage\":\"es\",\"@id\":\"https:\/\/exceladvisor.org\/es\/formulario-de-entrada-de-datos-3\/#primaryimage\",\"url\":\"https:\/\/exceladvisor.org\/wp-content\/uploads\/2023\/08\/Formulaire-de-saisie-de-donnees4-1.png\",\"contentUrl\":\"https:\/\/exceladvisor.org\/wp-content\/uploads\/2023\/08\/Formulaire-de-saisie-de-donnees4-1.png\"},{\"@type\":\"BreadcrumbList\",\"@id\":\"https:\/\/exceladvisor.org\/es\/formulario-de-entrada-de-datos-3\/#breadcrumb\",\"itemListElement\":[{\"@type\":\"ListItem\",\"position\":1,\"name\":\"Hogar\",\"item\":\"https:\/\/exceladvisor.org\/es\/\"},{\"@type\":\"ListItem\",\"position\":2,\"name\":\"\u00bfc\u00f3mo crear un formulario de entrada de datos en excel?\"}]},{\"@type\":\"WebSite\",\"@id\":\"https:\/\/exceladvisor.org\/es\/#website\",\"url\":\"https:\/\/exceladvisor.org\/es\/\",\"name\":\"Excel Advisor\",\"description\":\"Su gu\u00eda para la dominaci\u00f3n de datos!\",\"publisher\":{\"@id\":\"https:\/\/exceladvisor.org\/es\/#organization\"},\"potentialAction\":[{\"@type\":\"SearchAction\",\"target\":{\"@type\":\"EntryPoint\",\"urlTemplate\":\"https:\/\/exceladvisor.org\/es\/?s={search_term_string}\"},\"query-input\":{\"@type\":\"PropertyValueSpecification\",\"valueRequired\":true,\"valueName\":\"search_term_string\"}}],\"inLanguage\":\"es\"},{\"@type\":\"Organization\",\"@id\":\"https:\/\/exceladvisor.org\/es\/#organization\",\"name\":\"Excel Advisor\",\"url\":\"https:\/\/exceladvisor.org\/es\/\",\"logo\":{\"@type\":\"ImageObject\",\"inLanguage\":\"es\",\"@id\":\"https:\/\/exceladvisor.org\/es\/#\/schema\/logo\/image\/\",\"url\":\"https:\/\/exceladvisor.org\/es\/wp-content\/uploads\/2023\/12\/exceladvisor.org_.png\",\"contentUrl\":\"https:\/\/exceladvisor.org\/es\/wp-content\/uploads\/2023\/12\/exceladvisor.org_.png\",\"width\":105,\"height\":36,\"caption\":\"Excel Advisor\"},\"image\":{\"@id\":\"https:\/\/exceladvisor.org\/es\/#\/schema\/logo\/image\/\"}}]}<\/script>\n<!-- \/ Yoast SEO plugin. -->","yoast_head_json":{"title":"\u00bfc\u00f3mo crear un formulario de entrada de datos en excel?","robots":{"index":"index","follow":"follow","max-snippet":"max-snippet:-1","max-image-preview":"max-image-preview:large","max-video-preview":"max-video-preview:-1"},"canonical":"https:\/\/exceladvisor.org\/es\/formulario-de-entrada-de-datos-3\/","og_locale":"es_ES","og_type":"article","og_title":"\u00bfc\u00f3mo crear un formulario de entrada de datos en excel?","og_description":"El formulario de ingreso de datos es una de las mejores formas de ingresar datos en una tabla. Pero crear un formulario para ingresar datos no es tarea f\u00e1cil. S\u00ed, es verdad. Mientras luchaba con este problema, descubr\u00ed que puedes crear un formulario en Excel para ingresar datos con solo un clic. La mejor parte [&hellip;]","og_url":"https:\/\/exceladvisor.org\/es\/formulario-de-entrada-de-datos-3\/","og_site_name":"Excel Advisor","article_modified_time":"2023-12-25T10:25:11+00:00","og_image":[{"url":"https:\/\/exceladvisor.org\/wp-content\/uploads\/2023\/08\/Formulaire-de-saisie-de-donnees4-1.png","type":"","width":"","height":""}],"twitter_card":"summary_large_image","twitter_misc":{"Tiempo de lectura":"4 minutos"},"schema":{"@context":"https:\/\/schema.org","@graph":[{"@type":"WebPage","@id":"https:\/\/exceladvisor.org\/es\/formulario-de-entrada-de-datos-3\/","url":"https:\/\/exceladvisor.org\/es\/formulario-de-entrada-de-datos-3\/","name":"\u00bfc\u00f3mo crear un formulario de entrada de datos en excel?","isPartOf":{"@id":"https:\/\/exceladvisor.org\/es\/#website"},"primaryImageOfPage":{"@id":"https:\/\/exceladvisor.org\/es\/formulario-de-entrada-de-datos-3\/#primaryimage"},"image":{"@id":"https:\/\/exceladvisor.org\/es\/formulario-de-entrada-de-datos-3\/#primaryimage"},"thumbnailUrl":"https:\/\/exceladvisor.org\/wp-content\/uploads\/2023\/08\/Formulaire-de-saisie-de-donnees4-1.png","datePublished":"2023-10-30T09:32:29+00:00","dateModified":"2023-12-25T10:25:11+00:00","breadcrumb":{"@id":"https:\/\/exceladvisor.org\/es\/formulario-de-entrada-de-datos-3\/#breadcrumb"},"inLanguage":"es","potentialAction":[{"@type":"ReadAction","target":["https:\/\/exceladvisor.org\/es\/formulario-de-entrada-de-datos-3\/"]}]},{"@type":"ImageObject","inLanguage":"es","@id":"https:\/\/exceladvisor.org\/es\/formulario-de-entrada-de-datos-3\/#primaryimage","url":"https:\/\/exceladvisor.org\/wp-content\/uploads\/2023\/08\/Formulaire-de-saisie-de-donnees4-1.png","contentUrl":"https:\/\/exceladvisor.org\/wp-content\/uploads\/2023\/08\/Formulaire-de-saisie-de-donnees4-1.png"},{"@type":"BreadcrumbList","@id":"https:\/\/exceladvisor.org\/es\/formulario-de-entrada-de-datos-3\/#breadcrumb","itemListElement":[{"@type":"ListItem","position":1,"name":"Hogar","item":"https:\/\/exceladvisor.org\/es\/"},{"@type":"ListItem","position":2,"name":"\u00bfc\u00f3mo crear un formulario de entrada de datos en excel?"}]},{"@type":"WebSite","@id":"https:\/\/exceladvisor.org\/es\/#website","url":"https:\/\/exceladvisor.org\/es\/","name":"Excel Advisor","description":"Su gu\u00eda para la dominaci\u00f3n de datos!","publisher":{"@id":"https:\/\/exceladvisor.org\/es\/#organization"},"potentialAction":[{"@type":"SearchAction","target":{"@type":"EntryPoint","urlTemplate":"https:\/\/exceladvisor.org\/es\/?s={search_term_string}"},"query-input":{"@type":"PropertyValueSpecification","valueRequired":true,"valueName":"search_term_string"}}],"inLanguage":"es"},{"@type":"Organization","@id":"https:\/\/exceladvisor.org\/es\/#organization","name":"Excel Advisor","url":"https:\/\/exceladvisor.org\/es\/","logo":{"@type":"ImageObject","inLanguage":"es","@id":"https:\/\/exceladvisor.org\/es\/#\/schema\/logo\/image\/","url":"https:\/\/exceladvisor.org\/es\/wp-content\/uploads\/2023\/12\/exceladvisor.org_.png","contentUrl":"https:\/\/exceladvisor.org\/es\/wp-content\/uploads\/2023\/12\/exceladvisor.org_.png","width":105,"height":36,"caption":"Excel Advisor"},"image":{"@id":"https:\/\/exceladvisor.org\/es\/#\/schema\/logo\/image\/"}}]}},"yoast_meta":{"yoast_wpseo_title":"","yoast_wpseo_metadesc":"","yoast_wpseo_canonical":""},"_links":{"self":[{"href":"https:\/\/exceladvisor.org\/es\/wp-json\/wp\/v2\/pages\/408","targetHints":{"allow":["GET"]}}],"collection":[{"href":"https:\/\/exceladvisor.org\/es\/wp-json\/wp\/v2\/pages"}],"about":[{"href":"https:\/\/exceladvisor.org\/es\/wp-json\/wp\/v2\/types\/page"}],"author":[{"embeddable":true,"href":"https:\/\/exceladvisor.org\/es\/wp-json\/wp\/v2\/users\/1"}],"replies":[{"embeddable":true,"href":"https:\/\/exceladvisor.org\/es\/wp-json\/wp\/v2\/comments?post=408"}],"version-history":[{"count":1,"href":"https:\/\/exceladvisor.org\/es\/wp-json\/wp\/v2\/pages\/408\/revisions"}],"predecessor-version":[{"id":1017,"href":"https:\/\/exceladvisor.org\/es\/wp-json\/wp\/v2\/pages\/408\/revisions\/1017"}],"wp:attachment":[{"href":"https:\/\/exceladvisor.org\/es\/wp-json\/wp\/v2\/media?parent=408"}],"curies":[{"name":"wp","href":"https:\/\/api.w.org\/{rel}","templated":true}]}}