{"id":409,"date":"2023-10-30T09:32:27","date_gmt":"2023-10-30T09:32:27","guid":{"rendered":"https:\/\/exceladvisor.org\/es\/tabla-dinamica-hace-referencia-cruzada-a-varios-archivos\/"},"modified":"2023-12-25T10:25:33","modified_gmt":"2023-12-25T10:25:33","slug":"tabla-dinamica-hace-referencia-cruzada-a-varios-archivos","status":"publish","type":"page","link":"https:\/\/exceladvisor.org\/es\/tabla-dinamica-hace-referencia-cruzada-a-varios-archivos\/","title":{"rendered":"\u00bfc\u00f3mo crear una tabla din\u00e1mica con varias hojas?"},"content":{"rendered":"<div class=\"excel-antes-del-contenido\" id=\"excel-4042448345\"><script type=\"text\/javascript\">\r\n\tatOptions = {\r\n\t\t'key' : 'c1158f160081d6540a8409e6925dab94',\r\n\t\t'format' : 'iframe',\r\n\t\t'height' : 250,\r\n\t\t'width' : 300,\r\n\t\t'params' : {}\r\n\t};\r\n<\/script>\r\n<script type=\"text\/javascript\" src=\"\/\/www.highperformanceformat.com\/c1158f160081d6540a8409e6925dab94\/invoke.js\"><\/script><\/div><p>Una tabla din\u00e1mica es una de las mejores formas de resumir datos.<\/p>\n<p> Puede crear un informe resumido en segundos a partir de miles de filas de datos. Pero cuando trabajas con datos en el mundo real, no todo es perfecto.<\/p>\n<p> Y hoy quiero compartir con ustedes un problema com\u00fan al que todos nos enfrentamos.<\/p>\n<p> Antes de comenzar, me gustar\u00eda agradecer a Raman Girdhar por su pregunta. Me sigue desde hace bastante tiempo.<\/p>\n<p> A veces recibimos o capturamos nuestros datos en diferentes libros y, en este caso, crear una tabla din\u00e1mica requiere un esfuerzo adicional para combinar estos m\u00faltiples libros en uno.<\/p>\n<p> S\u00f3lo despu\u00e9s de eso podremos crear una tabla din\u00e1mica.<\/p>\n<p> Entonces, en este art\u00edculo, me gustar\u00eda mostrarle un proceso de tres pasos para crear una tabla din\u00e1mica utilizando datos de varios libros.<\/p>\n<h2 id=\"tab-con-1\" class=\"wp-block-heading\"> Pasos para crear una tabla din\u00e1mica utilizando datos de varios libros<\/h2>\n<p class=\"qt-tip\"> <strong>Importante:<\/strong> Para esto necesitamos usar Power Query, as\u00ed que aseg\u00farese de tener Power Query en su versi\u00f3n de Excel. Para Excel 2016, se encuentra en la pesta\u00f1a Datos y para otras versiones (2010 y 2013), debe <a href=\"https:\/\/www.microsoft.com\/en-in\/download\/details.aspx?id=39379\" target=\"_blank\" rel=\"noreferrer noopener nofollow\">instalar<\/a> el complemento.<\/p>\n<p> Aqu\u00ed tengo cuatro libros diferentes con datos de ventas para diferentes \u00e1reas. Puede <a style=\"outline: none;\" href=\"https:\/\/exceladvisor.org\/wp-content\/uploads\/2023\/08\/donnees-de-vente.zip\" rel=\"nofollow\">descargar estos archivos desde aqu\u00ed para seguirlos<\/a> . <\/p>\n<div class=\"wp-block-image\">\n<figure class=\"aligncenter\"><img decoding=\"async\" src=\"https:\/\/exceladvisor.org\/wp-content\/uploads\/2023\/08\/17-tableau-croise-dynamique-utilisant-plusieurs-fichiers-dossier-1.png\" sizes=\"\" srcset=\"\" alt=\"\"><\/figure>\n<\/div>\n<p> Y aseg\u00farese de tener todos estos archivos en una carpeta.<\/p>\n<h3 id=\"tab-con-2\" class=\"wp-block-heading\"> Paso 1: combinar archivos mediante Power Query<\/h3>\n<p> Primero, necesitamos combinar todos los archivos en uno solo con PowerQuery. <\/p>\n<ul id=\"block-981dee7c-6093-413b-ad99-8b6e2839c397\" class=\"block-editor-rich-text__editable block-editor-block-list__block wp-block is-selected rich-text\" tabindex=\"0\" role=\"group\" contenteditable=\"true\" aria-multiline=\"true\" aria-label=\"Block: List\" data-block=\"981dee7c-6093-413b-ad99-8b6e2839c397\" data-type=\"core\/list\" data-title=\"List\">\n<li> Vaya a la pesta\u00f1a Datos -&gt; Obtener transformaci\u00f3n -&gt; Nueva consulta -&gt; Desde archivo -&gt; Desde carpeta. <br \/><img decoding=\"async\" title=\"1-tabla-dinamica-usando-varios-archivos-power-query-abrir-carpeta-min\" src=\"https:\/\/exceladvisor.org\/wp-content\/uploads\/2023\/08\/1-tableau-croise-dynamique-utilisant-plusieurs-fichiers-power-query-ouvrir-le-dossier-min.png\" sizes=\"\" srcset=\"\" alt=\"\"><\/li>\n<li> Ahora, desde la ventana de selecci\u00f3n de carpeta, haz clic en \u201cExaminar\u201d y selecciona la carpeta donde tienes todos los archivos. <br \/><img decoding=\"async\" title=\"Tabla de 2 pivotes usando varios archivos power-query-select-carpeta-min\" src=\"https:\/\/exceladvisor.org\/wp-content\/uploads\/2023\/08\/2-tableau-croise-dynamique-utilisant-plusieurs-fichiers-power-query-select-dossier-min-1.png\" sizes=\"\" srcset=\"\" alt=\"\"><\/li>\n<li> Haga clic en Aceptar.<\/li>\n<li> Desde all\u00ed aparecer\u00e1 una ventana \u00abCombinar archivos\u00bb. <br \/><img decoding=\"async\" title=\"Tabla de 3 pivotes usando varios archivos power-query-click-combine-edit-min\" src=\"https:\/\/exceladvisor.org\/wp-content\/uploads\/2023\/08\/3-tableau-croise-dynamique-utilisant-plusieurs-fichiers-requete-de-puissance-cliquez-sur-combiner-modifier-min-1.png\" sizes=\"\" srcset=\"\" alt=\"\"><\/li>\n<li> Y desde esta ventana, seleccione la hoja de trabajo con sus datos de todos los libros. (Consejo: aseg\u00farese de tener el mismo nombre de hoja de trabajo en todos los libros). <br \/><img decoding=\"async\" title=\"4-tabla din\u00e1mica-usando-m\u00faltiples-archivos-seleccione-hoja-de-trabajo-para-cargar-en-el-editor-min\" src=\"https:\/\/exceladvisor.org\/wp-content\/uploads\/2023\/08\/4-tableau-croise-dynamique-utilisant-plusieurs-fichiers-selectionnez-la-feuille-de-calcul-a-charger-dans-lediteur-min-1.png\" sizes=\"\" srcset=\"\" alt=\"\"><\/li>\n<li> Una vez que haga clic en Aceptar, todos los datos de los libros se editar\u00e1n en el Editor de Power Query.<\/li>\n<\/ul>\n<h3 id=\"tab-con-3\" class=\"wp-block-heading\"> Paso 2: preparar los datos para la tabla din\u00e1mica<\/h3>\n<p> Ahora necesitamos realizar peque\u00f1os cambios en nuestros datos para prepararlos para una tabla din\u00e1mica. <\/p>\n<ul id=\"block-83f2d8d7-e333-4eec-901a-bdb4a2315313\" class=\"block-editor-rich-text__editable block-editor-block-list__block wp-block is-selected rich-text\" tabindex=\"0\" role=\"group\" contenteditable=\"true\" aria-multiline=\"true\" aria-label=\"Block: List\" data-block=\"83f2d8d7-e333-4eec-901a-bdb4a2315313\" data-type=\"core\/list\" data-title=\"List\">\n<li> Si observa los datos, aqu\u00ed tenemos una columna adicional con el nombre del archivo fuente. <br \/><img decoding=\"async\" title=\"Tabla de 5 pivotes usando m\u00faltiples archivos de datos en power query editor min\" src=\"https:\/\/exceladvisor.org\/wp-content\/uploads\/2023\/08\/5-tableau-croise-dynamique-utilisant-plusieurs-fichiers-de-donnees-dans-lediteur-de-requetes-Power-min-1.png\" sizes=\"\" srcset=\"\" alt=\"\"><\/li>\n<li> Haga clic derecho en esta columna y seleccione Dividir columna -&gt; Por delimitador. <br \/><img decoding=\"async\" title=\"6-tabla-pivote-usando-m\u00faltiples-archivos-haga clic-en-separador-para-dividir-columna-min\" src=\"https:\/\/exceladvisor.org\/wp-content\/uploads\/2023\/08\/6-tableau-croise-dynamique-utilisant-plusieurs-fichiers-cliquez-sur-le-delimiteur-pour-diviser-la-colonne-min-1.png\" sizes=\"\" srcset=\"\" alt=\"\"><\/li>\n<li> En la ventana del delimitador, seleccione personalizado, agregue \u201c\u2013\u201d como delimitador y seleccione \u201cDelimitador m\u00e1s a la izquierda\u201d. <br \/><img decoding=\"async\" title=\"Tabla de 7 pivotes que utiliza varios archivos y toma el delimitador para dividir la columna al m\u00ednimo\" src=\"https:\/\/exceladvisor.org\/wp-content\/uploads\/2023\/08\/7-tableau-croise-dynamique-utilisant-plusieurs-fichiers-entrez-un-delimiteur-pour-diviser-la-colonne-min-1.png\" sizes=\"\" srcset=\"\" alt=\"\"><\/li>\n<li> Haga clic en Aceptar.<\/li>\n<li> Despu\u00e9s de eso, elimine la segunda columna. <br \/><img decoding=\"async\" title=\"Tabla din\u00e1mica de 8-usando-varios-archivos-eliminar-segunda-columna-min\" src=\"https:\/\/exceladvisor.org\/wp-content\/uploads\/2023\/08\/8-tableau-croise-dynamique-utilisant-plusieurs-fichiers-supprimer-la-deuxieme-colonne-min-1.png\" sizes=\"\" srcset=\"\" alt=\"\"><\/li>\n<li> Ahora cambie el nombre de la primera columna. <br \/><img decoding=\"async\" title=\"Tabla din\u00e1mica de 9 usos de varios archivos cambiar el nombre de la primera columna min\" src=\"https:\/\/exceladvisor.org\/wp-content\/uploads\/2023\/08\/9-tableau-croise-dynamique-utilisant-plusieurs-fichiers-renommer-la-premiere-colonne-min-1.png\" sizes=\"\" srcset=\"\" alt=\"\"><\/li>\n<li> Una cosa m\u00e1s, haga clic derecho en la primera columna nuevamente y vaya a Transformar -&gt; Poner en may\u00fascula cada palabra. <br \/><img decoding=\"async\" title=\"10-tabla din\u00e1mica-usando-varios-archivos-cambiar-caso-primera-columna-min\" src=\"https:\/\/exceladvisor.org\/wp-content\/uploads\/2023\/08\/10-tableau-croise-dynamique-utilisant-plusieurs-fichiers-changer-la-casse-de-la-premiere-colonne-min-1.png\" sizes=\"\" srcset=\"\" alt=\"\"><\/li>\n<li> Y ahora tus datos est\u00e1n listos. Entonces, haga clic en cerrar y cargar. <br \/><img decoding=\"async\" title=\"11-pivotable-usando-m\u00faltiples-archivos-haga clic-cerrar-y-cargar-min\" src=\"https:\/\/exceladvisor.org\/wp-content\/uploads\/2023\/08\/11-tableau-croise-dynamique-utilisant-plusieurs-fichiers-cliquez-sur-fermer-et-chargez-min-1.png\" sizes=\"\" srcset=\"\" alt=\"\"><\/li>\n<\/ul>\n<h3 id=\"tab-con-4\" class=\"wp-block-heading\"> Paso 3: inserte la tabla din\u00e1mica<\/h3>\n<p> En este punto, tenemos una nueva hoja de trabajo en nuestro libro de trabajo con los datos combinados de los cuatro archivos. <\/p>\n<div class=\"wp-block-image\">\n<figure class=\"aligncenter\"><img decoding=\"async\" src=\"https:\/\/exceladvisor.org\/wp-content\/uploads\/2023\/08\/12-tableau-croise-dynamique-utilisant-plusieurs-fichiers-nouvelle-feuille-de-calcul-avec-donnees-min-1.png\" sizes=\"\" srcset=\"\" alt=\"\"><\/figure>\n<\/div>\n<p> Ahora es el momento de crear una tabla din\u00e1mica a partir de ella. <\/p>\n<ul id=\"block-63ef554f-b09b-4547-a68b-8466388358b9\" class=\"block-editor-rich-text__editable block-editor-block-list__block wp-block is-selected rich-text\" tabindex=\"0\" role=\"group\" contenteditable=\"true\" aria-multiline=\"true\" aria-label=\"Block: List\" data-block=\"63ef554f-b09b-4547-a68b-8466388358b9\" data-type=\"core\/list\" data-title=\"List\">\n<li> Seleccione la tabla, vaya a Insertar pesta\u00f1a y haga clic en el bot\u00f3n Tabla din\u00e1mica. <br \/><img decoding=\"async\" title=\"13-tablero-pivote-usando-varios-archivos-haga-clic-en-el-bot\u00f3n-del-tablero-pivote-min\" src=\"https:\/\/exceladvisor.org\/wp-content\/uploads\/2023\/08\/13-tableau-croise-dynamique-utilisant-plusieurs-fichiers-cliquez-sur-le-bouton-du-tableau-croise-dynamique-min-1.png\" sizes=\"\" srcset=\"\" alt=\"\"><\/li>\n<li> Aqu\u00ed obtendr\u00e1 una ventana de inserci\u00f3n de tabla din\u00e1mica. <br \/><img decoding=\"async\" title=\"Tabla-pivote-de-14-usando-m\u00faltiples-archivos-seleccionar-tabla-min\" src=\"https:\/\/exceladvisor.org\/wp-content\/uploads\/2023\/08\/14-tableau-croise-dynamique-utilisant-plusieurs-fichiers-selectionner-le-tableau-min-1.png\" sizes=\"\" srcset=\"\" alt=\"\"><\/li>\n<li> Haga clic en Aceptar en la ventana Insertar tabla din\u00e1mica y obtendr\u00e1 una nueva tabla din\u00e1mica en su libro. <br \/><img decoding=\"async\" title=\"15-tabla-din\u00e1mica-usando-m\u00faltiples-archivos-tabla-din\u00e1mica-final-min\" src=\"https:\/\/exceladvisor.org\/wp-content\/uploads\/2023\/08\/15-tableau-croise-dynamique-utilisant-plusieurs-fichiers-tableau-croise-dynamique-final-min-1.png\" sizes=\"\" srcset=\"\" alt=\"\"><\/li>\n<\/ul>\n<p> \u00a1Felicidades! Ha creado con \u00e9xito una nueva tabla din\u00e1mica a partir de diferentes archivos.<\/p>\n<h2 id=\"tab-con-5\" class=\"wp-block-heading\"> Actualizar tabla din\u00e1mica<\/h2>\n<p> Estoy seguro de que est\u00e1 pensando en c\u00f3mo actualizar su tabla din\u00e1mica despu\u00e9s de actualizar los archivos fuente.<\/p>\n<p> Es sencillo. Para actualizar su tabla din\u00e1mica, debe actualizar la consulta para que los datos del archivo de origen se puedan actualizar en la tabla de origen que cre\u00f3 con PowerQuery. Y despu\u00e9s de eso puedes actualizar tu tabla din\u00e1mica.<\/p>\n<p> Pero la mejor y m\u00e1s f\u00e1cil forma es utilizar el bot\u00f3n de actualizaci\u00f3n en la pesta\u00f1a de datos. Se referir\u00e1 a ambos (tabla din\u00e1mica + consulta). <\/p>\n<div class=\"wp-block-image\">\n<figure class=\"aligncenter\"><img decoding=\"async\" src=\"https:\/\/exceladvisor.org\/wp-content\/uploads\/2023\/08\/16-tableau-croise-dynamique-utilisant-plusieurs-fichiers-bouton-dactualisation-min-1.png\" sizes=\"\" srcset=\"\" alt=\"\"><\/figure>\n<\/div>\n<h2 id=\"tab-con-6\" class=\"wp-block-heading\"> Puntos importantes<\/h2>\n<p> Aqu\u00ed he enumerado algunos puntos que debe recordar al utilizar Power Query para una tabla din\u00e1mica.<\/p>\n<ul>\n<li> Los archivos deben estar en una sola carpeta.<\/li>\n<li> Los datos deben estar en el mismo formato en todos los archivos. De lo contrario, deber\u00e1s hacerlo utilizable despu\u00e9s de combinarlo.<\/li>\n<li> Los nombres de las hojas de trabajo deben ser los mismos en todos los archivos.<\/li>\n<li> Aseg\u00farese de que no haya errores en un archivo. O puede utilizar la opci\u00f3n \u00abIgnorar archivos de error\u00bb.<\/li>\n<li> No cambie el nombre de ning\u00fan libro de trabajo.<\/li>\n<\/ul>\n<h2 class=\"wp-block-heading\"> Debes leer m\u00e1s<\/h2>\n<ul>\n<li> <a href=\"https:\/\/exceladvisor.org\/es\/mesa-pivote-1\/\" data-wpil=\"url\">C\u00f3mo crear una tabla din\u00e1mica con VBA<\/a><\/li>\n<li> <a href=\"https:\/\/exceladvisor.org\/es\/pivotar-desde-multiples-hojas-de-trabajo\/\" data-wpil=\"url\">C\u00f3mo crear una tabla din\u00e1mica a partir de varias hojas de trabajo<\/a><\/li>\n<li> 30 consejos y trucos para tablas din\u00e1micas<\/li>\n<li> <a style=\"outline: none;\" href=\"https:\/\/exceladvisor.org\/es\/calculo-en-tabla-dinamica\/\">C\u00f3mo agregar un campo y un elemento personalizados en una tabla din\u00e1mica<\/a><\/li>\n<li> <a style=\"outline: none;\" href=\"https:\/\/exceladvisor.org\/es\/actualizar-todo\/\">C\u00f3mo actualizar todas las tablas din\u00e1micas a la vez<\/a><\/li>\n<\/ul>\n","protected":false},"excerpt":{"rendered":"<p>Una tabla din\u00e1mica es una de las mejores formas de resumir datos. Puede crear un informe resumido en segundos a partir de miles de filas de datos. Pero cuando trabajas con datos en el mundo real, no todo es perfecto. Y hoy quiero compartir con ustedes un problema com\u00fan al que todos nos enfrentamos. Antes [&hellip;]<\/p>\n","protected":false},"author":1,"featured_media":0,"parent":0,"menu_order":0,"comment_status":"open","ping_status":"closed","template":"","meta":{"ub_ctt_via":"","footnotes":""},"class_list":["post-409","page","type-page","status-publish","hentry"],"featured_image_src":null,"yoast_head":"<!-- This site is optimized with the Yoast SEO plugin v25.4 - https:\/\/yoast.com\/wordpress\/plugins\/seo\/ -->\n<title>\u00bfc\u00f3mo crear una tabla din\u00e1mica con varias hojas?<\/title>\n<meta name=\"robots\" content=\"index, follow, max-snippet:-1, max-image-preview:large, max-video-preview:-1\" \/>\n<link rel=\"canonical\" href=\"https:\/\/exceladvisor.org\/es\/tabla-dinamica-hace-referencia-cruzada-a-varios-archivos\/\" \/>\n<meta property=\"og:locale\" content=\"es_ES\" \/>\n<meta property=\"og:type\" content=\"article\" \/>\n<meta property=\"og:title\" content=\"\u00bfc\u00f3mo crear una tabla din\u00e1mica con varias hojas?\" \/>\n<meta property=\"og:description\" content=\"Una tabla din\u00e1mica es una de las mejores formas de resumir datos. Puede crear un informe resumido en segundos a partir de miles de filas de datos. Pero cuando trabajas con datos en el mundo real, no todo es perfecto. Y hoy quiero compartir con ustedes un problema com\u00fan al que todos nos enfrentamos. Antes [&hellip;]\" \/>\n<meta property=\"og:url\" content=\"https:\/\/exceladvisor.org\/es\/tabla-dinamica-hace-referencia-cruzada-a-varios-archivos\/\" \/>\n<meta property=\"og:site_name\" content=\"Excel Advisor\" \/>\n<meta property=\"article:modified_time\" content=\"2023-12-25T10:25:33+00:00\" \/>\n<meta property=\"og:image\" content=\"https:\/\/exceladvisor.org\/wp-content\/uploads\/2023\/08\/17-tableau-croise-dynamique-utilisant-plusieurs-fichiers-dossier-1.png\" \/>\n<meta name=\"twitter:card\" content=\"summary_large_image\" \/>\n<meta name=\"twitter:label1\" content=\"Tiempo de lectura\" \/>\n\t<meta name=\"twitter:data1\" content=\"4 minutos\" \/>\n<script type=\"application\/ld+json\" class=\"yoast-schema-graph\">{\"@context\":\"https:\/\/schema.org\",\"@graph\":[{\"@type\":\"WebPage\",\"@id\":\"https:\/\/exceladvisor.org\/es\/tabla-dinamica-hace-referencia-cruzada-a-varios-archivos\/\",\"url\":\"https:\/\/exceladvisor.org\/es\/tabla-dinamica-hace-referencia-cruzada-a-varios-archivos\/\",\"name\":\"\u00bfc\u00f3mo crear una tabla din\u00e1mica con varias hojas?\",\"isPartOf\":{\"@id\":\"https:\/\/exceladvisor.org\/es\/#website\"},\"primaryImageOfPage\":{\"@id\":\"https:\/\/exceladvisor.org\/es\/tabla-dinamica-hace-referencia-cruzada-a-varios-archivos\/#primaryimage\"},\"image\":{\"@id\":\"https:\/\/exceladvisor.org\/es\/tabla-dinamica-hace-referencia-cruzada-a-varios-archivos\/#primaryimage\"},\"thumbnailUrl\":\"https:\/\/exceladvisor.org\/wp-content\/uploads\/2023\/08\/17-tableau-croise-dynamique-utilisant-plusieurs-fichiers-dossier-1.png\",\"datePublished\":\"2023-10-30T09:32:27+00:00\",\"dateModified\":\"2023-12-25T10:25:33+00:00\",\"breadcrumb\":{\"@id\":\"https:\/\/exceladvisor.org\/es\/tabla-dinamica-hace-referencia-cruzada-a-varios-archivos\/#breadcrumb\"},\"inLanguage\":\"es\",\"potentialAction\":[{\"@type\":\"ReadAction\",\"target\":[\"https:\/\/exceladvisor.org\/es\/tabla-dinamica-hace-referencia-cruzada-a-varios-archivos\/\"]}]},{\"@type\":\"ImageObject\",\"inLanguage\":\"es\",\"@id\":\"https:\/\/exceladvisor.org\/es\/tabla-dinamica-hace-referencia-cruzada-a-varios-archivos\/#primaryimage\",\"url\":\"https:\/\/exceladvisor.org\/wp-content\/uploads\/2023\/08\/17-tableau-croise-dynamique-utilisant-plusieurs-fichiers-dossier-1.png\",\"contentUrl\":\"https:\/\/exceladvisor.org\/wp-content\/uploads\/2023\/08\/17-tableau-croise-dynamique-utilisant-plusieurs-fichiers-dossier-1.png\"},{\"@type\":\"BreadcrumbList\",\"@id\":\"https:\/\/exceladvisor.org\/es\/tabla-dinamica-hace-referencia-cruzada-a-varios-archivos\/#breadcrumb\",\"itemListElement\":[{\"@type\":\"ListItem\",\"position\":1,\"name\":\"Hogar\",\"item\":\"https:\/\/exceladvisor.org\/es\/\"},{\"@type\":\"ListItem\",\"position\":2,\"name\":\"\u00bfc\u00f3mo crear una tabla din\u00e1mica con varias hojas?\"}]},{\"@type\":\"WebSite\",\"@id\":\"https:\/\/exceladvisor.org\/es\/#website\",\"url\":\"https:\/\/exceladvisor.org\/es\/\",\"name\":\"Excel Advisor\",\"description\":\"Su gu\u00eda para la dominaci\u00f3n de datos!\",\"publisher\":{\"@id\":\"https:\/\/exceladvisor.org\/es\/#organization\"},\"potentialAction\":[{\"@type\":\"SearchAction\",\"target\":{\"@type\":\"EntryPoint\",\"urlTemplate\":\"https:\/\/exceladvisor.org\/es\/?s={search_term_string}\"},\"query-input\":{\"@type\":\"PropertyValueSpecification\",\"valueRequired\":true,\"valueName\":\"search_term_string\"}}],\"inLanguage\":\"es\"},{\"@type\":\"Organization\",\"@id\":\"https:\/\/exceladvisor.org\/es\/#organization\",\"name\":\"Excel Advisor\",\"url\":\"https:\/\/exceladvisor.org\/es\/\",\"logo\":{\"@type\":\"ImageObject\",\"inLanguage\":\"es\",\"@id\":\"https:\/\/exceladvisor.org\/es\/#\/schema\/logo\/image\/\",\"url\":\"https:\/\/exceladvisor.org\/es\/wp-content\/uploads\/2023\/12\/exceladvisor.org_.png\",\"contentUrl\":\"https:\/\/exceladvisor.org\/es\/wp-content\/uploads\/2023\/12\/exceladvisor.org_.png\",\"width\":105,\"height\":36,\"caption\":\"Excel Advisor\"},\"image\":{\"@id\":\"https:\/\/exceladvisor.org\/es\/#\/schema\/logo\/image\/\"}}]}<\/script>\n<!-- \/ Yoast SEO plugin. -->","yoast_head_json":{"title":"\u00bfc\u00f3mo crear una tabla din\u00e1mica con varias hojas?","robots":{"index":"index","follow":"follow","max-snippet":"max-snippet:-1","max-image-preview":"max-image-preview:large","max-video-preview":"max-video-preview:-1"},"canonical":"https:\/\/exceladvisor.org\/es\/tabla-dinamica-hace-referencia-cruzada-a-varios-archivos\/","og_locale":"es_ES","og_type":"article","og_title":"\u00bfc\u00f3mo crear una tabla din\u00e1mica con varias hojas?","og_description":"Una tabla din\u00e1mica es una de las mejores formas de resumir datos. Puede crear un informe resumido en segundos a partir de miles de filas de datos. Pero cuando trabajas con datos en el mundo real, no todo es perfecto. Y hoy quiero compartir con ustedes un problema com\u00fan al que todos nos enfrentamos. Antes [&hellip;]","og_url":"https:\/\/exceladvisor.org\/es\/tabla-dinamica-hace-referencia-cruzada-a-varios-archivos\/","og_site_name":"Excel Advisor","article_modified_time":"2023-12-25T10:25:33+00:00","og_image":[{"url":"https:\/\/exceladvisor.org\/wp-content\/uploads\/2023\/08\/17-tableau-croise-dynamique-utilisant-plusieurs-fichiers-dossier-1.png","type":"","width":"","height":""}],"twitter_card":"summary_large_image","twitter_misc":{"Tiempo de lectura":"4 minutos"},"schema":{"@context":"https:\/\/schema.org","@graph":[{"@type":"WebPage","@id":"https:\/\/exceladvisor.org\/es\/tabla-dinamica-hace-referencia-cruzada-a-varios-archivos\/","url":"https:\/\/exceladvisor.org\/es\/tabla-dinamica-hace-referencia-cruzada-a-varios-archivos\/","name":"\u00bfc\u00f3mo crear una tabla din\u00e1mica con varias hojas?","isPartOf":{"@id":"https:\/\/exceladvisor.org\/es\/#website"},"primaryImageOfPage":{"@id":"https:\/\/exceladvisor.org\/es\/tabla-dinamica-hace-referencia-cruzada-a-varios-archivos\/#primaryimage"},"image":{"@id":"https:\/\/exceladvisor.org\/es\/tabla-dinamica-hace-referencia-cruzada-a-varios-archivos\/#primaryimage"},"thumbnailUrl":"https:\/\/exceladvisor.org\/wp-content\/uploads\/2023\/08\/17-tableau-croise-dynamique-utilisant-plusieurs-fichiers-dossier-1.png","datePublished":"2023-10-30T09:32:27+00:00","dateModified":"2023-12-25T10:25:33+00:00","breadcrumb":{"@id":"https:\/\/exceladvisor.org\/es\/tabla-dinamica-hace-referencia-cruzada-a-varios-archivos\/#breadcrumb"},"inLanguage":"es","potentialAction":[{"@type":"ReadAction","target":["https:\/\/exceladvisor.org\/es\/tabla-dinamica-hace-referencia-cruzada-a-varios-archivos\/"]}]},{"@type":"ImageObject","inLanguage":"es","@id":"https:\/\/exceladvisor.org\/es\/tabla-dinamica-hace-referencia-cruzada-a-varios-archivos\/#primaryimage","url":"https:\/\/exceladvisor.org\/wp-content\/uploads\/2023\/08\/17-tableau-croise-dynamique-utilisant-plusieurs-fichiers-dossier-1.png","contentUrl":"https:\/\/exceladvisor.org\/wp-content\/uploads\/2023\/08\/17-tableau-croise-dynamique-utilisant-plusieurs-fichiers-dossier-1.png"},{"@type":"BreadcrumbList","@id":"https:\/\/exceladvisor.org\/es\/tabla-dinamica-hace-referencia-cruzada-a-varios-archivos\/#breadcrumb","itemListElement":[{"@type":"ListItem","position":1,"name":"Hogar","item":"https:\/\/exceladvisor.org\/es\/"},{"@type":"ListItem","position":2,"name":"\u00bfc\u00f3mo crear una tabla din\u00e1mica con varias hojas?"}]},{"@type":"WebSite","@id":"https:\/\/exceladvisor.org\/es\/#website","url":"https:\/\/exceladvisor.org\/es\/","name":"Excel Advisor","description":"Su gu\u00eda para la dominaci\u00f3n de datos!","publisher":{"@id":"https:\/\/exceladvisor.org\/es\/#organization"},"potentialAction":[{"@type":"SearchAction","target":{"@type":"EntryPoint","urlTemplate":"https:\/\/exceladvisor.org\/es\/?s={search_term_string}"},"query-input":{"@type":"PropertyValueSpecification","valueRequired":true,"valueName":"search_term_string"}}],"inLanguage":"es"},{"@type":"Organization","@id":"https:\/\/exceladvisor.org\/es\/#organization","name":"Excel Advisor","url":"https:\/\/exceladvisor.org\/es\/","logo":{"@type":"ImageObject","inLanguage":"es","@id":"https:\/\/exceladvisor.org\/es\/#\/schema\/logo\/image\/","url":"https:\/\/exceladvisor.org\/es\/wp-content\/uploads\/2023\/12\/exceladvisor.org_.png","contentUrl":"https:\/\/exceladvisor.org\/es\/wp-content\/uploads\/2023\/12\/exceladvisor.org_.png","width":105,"height":36,"caption":"Excel Advisor"},"image":{"@id":"https:\/\/exceladvisor.org\/es\/#\/schema\/logo\/image\/"}}]}},"yoast_meta":{"yoast_wpseo_title":"","yoast_wpseo_metadesc":"","yoast_wpseo_canonical":""},"_links":{"self":[{"href":"https:\/\/exceladvisor.org\/es\/wp-json\/wp\/v2\/pages\/409","targetHints":{"allow":["GET"]}}],"collection":[{"href":"https:\/\/exceladvisor.org\/es\/wp-json\/wp\/v2\/pages"}],"about":[{"href":"https:\/\/exceladvisor.org\/es\/wp-json\/wp\/v2\/types\/page"}],"author":[{"embeddable":true,"href":"https:\/\/exceladvisor.org\/es\/wp-json\/wp\/v2\/users\/1"}],"replies":[{"embeddable":true,"href":"https:\/\/exceladvisor.org\/es\/wp-json\/wp\/v2\/comments?post=409"}],"version-history":[{"count":1,"href":"https:\/\/exceladvisor.org\/es\/wp-json\/wp\/v2\/pages\/409\/revisions"}],"predecessor-version":[{"id":1077,"href":"https:\/\/exceladvisor.org\/es\/wp-json\/wp\/v2\/pages\/409\/revisions\/1077"}],"wp:attachment":[{"href":"https:\/\/exceladvisor.org\/es\/wp-json\/wp\/v2\/media?parent=409"}],"curies":[{"name":"wp","href":"https:\/\/api.w.org\/{rel}","templated":true}]}}