{"id":410,"date":"2023-10-30T09:21:02","date_gmt":"2023-10-30T09:21:02","guid":{"rendered":"https:\/\/exceladvisor.org\/es\/fusionar-celdas-sin-perder-datos\/"},"modified":"2023-12-25T10:25:21","modified_gmt":"2023-12-25T10:25:21","slug":"fusionar-celdas-sin-perder-datos","status":"publish","type":"page","link":"https:\/\/exceladvisor.org\/es\/fusionar-celdas-sin-perder-datos\/","title":{"rendered":"\u00bfc\u00f3mo fusionar celdas sin perder datos?"},"content":{"rendered":"<div class=\"excel-antes-del-contenido\" id=\"excel-185671056\"><script type=\"text\/javascript\">\r\n\tatOptions = {\r\n\t\t'key' : 'c1158f160081d6540a8409e6925dab94',\r\n\t\t'format' : 'iframe',\r\n\t\t'height' : 250,\r\n\t\t'width' : 300,\r\n\t\t'params' : {}\r\n\t};\r\n<\/script>\r\n<script type=\"text\/javascript\" src=\"\/\/www.highperformanceformat.com\/c1158f160081d6540a8409e6925dab94\/invoke.js\"><\/script><\/div><p>Cuando se trabaja con datos en Excel, a veces es necesario combinar varias celdas en una. Pero aqu\u00ed el problema es que cuando haces esto s\u00f3lo puedes obtener el valor de la celda superior izquierda de todas las celdas que deseas fusionar en una. <\/p>\n<div class=\"wp-block-image\">\n<figure class=\"aligncenter size-full is-resized\"><img loading=\"lazy\" decoding=\"async\" class=\"wp-image-72452\" src=\"https:\/\/exceladvisor.org\/wp-content\/uploads\/2023\/08\/1-fusionner-des-cellules.png\" sizes=\"auto, \" srcset=\"\" alt=\"combinar c\u00e9lulas\" width=\"533\" height=\"285\"><\/figure>\n<\/div>\n<p> Ahora, para resolver este problema, existen algunos m\u00e9todos que puede utilizar para fusionar celdas sin perder datos, lo que significa obtener datos de varias celdas en una.<\/p>\n<h2 class=\"wp-block-heading\"> Complete Justificar para fusionar celdas con datos perdidos (obtener valores en una celda a partir de varias celdas)<\/h2>\n<p> Si desea fusionar valores de varias celdas, desea hacerlo una vez y estos valores est\u00e1n en orden vertical, entonces usar <a href=\"https:\/\/exceladvisor.org\/es\/justificar-completamente\/\">la justificaci\u00f3n de relleno es la mejor manera<\/a> . <\/p>\n<div class=\"wp-block-image\">\n<figure class=\"aligncenter size-full is-resized\"><img loading=\"lazy\" decoding=\"async\" class=\"wp-image-72453\" src=\"https:\/\/exceladvisor.org\/wp-content\/uploads\/2023\/08\/2-remplir-justifier-pour-fusionner-des-cellules.png\" sizes=\"auto, \" srcset=\"\" alt=\"llenar-justificar-para-combinar-celdas\" width=\"329\" height=\"311\"><\/figure>\n<\/div>\n<p> En el ejemplo anterior, tenemos valores en el rango A1:A5, y ahora necesita fusionar estos valores solo en la celda A1.<\/p>\n<ol>\n<li> Primero, debe asegurarse de que su columna sea lo suficientemente ancha para que cuando combine los cinco valores, haya suficiente espacio en la celda A1. <br \/><img loading=\"lazy\" decoding=\"async\" title=\"3 conjuntos de ancho de columna\" src=\"https:\/\/exceladvisor.org\/wp-content\/uploads\/2023\/08\/3-definir-la-largeur-de-la-colonne.png\" sizes=\"auto, \" srcset=\"\" alt=\"set-the-column-width\" width=\"455\" height=\"352\"><\/li>\n<li> Desde aqu\u00ed debes navegar a la pesta\u00f1a Inicio. <br \/><img loading=\"lazy\" decoding=\"async\" title=\"Pesta\u00f1a de 4 inicios\" src=\"https:\/\/exceladvisor.org\/wp-content\/uploads\/2023\/08\/4-onglet-daccueil.png\" sizes=\"auto, \" srcset=\"\" alt=\"home-tab\" width=\"343\" height=\"226\"><\/li>\n<li> Ahora, desde la pesta\u00f1a de inicio, debe ir al grupo de edici\u00f3n y luego hacer clic en el men\u00fa desplegable de relleno. <br \/><img loading=\"lazy\" decoding=\"async\" title=\"asamblea de 5 grupos\" src=\"https:\/\/exceladvisor.org\/wp-content\/uploads\/2023\/08\/5-groupe-dedition.png\" sizes=\"auto, \" srcset=\"\" alt=\"editing-group\" width=\"447\" height=\"322\"><\/li>\n<li> Luego, en la lista desplegable de relleno, debe hacer clic en la opci\u00f3n \u00abJustificar\u00bb. <br \/><img loading=\"lazy\" decoding=\"async\" title=\"Opci\u00f3n de justificaci\u00f3n en 6 clics\" src=\"https:\/\/exceladvisor.org\/wp-content\/uploads\/2023\/08\/Option-de-justification-en-6-clics.png\" sizes=\"auto, \" srcset=\"\" alt=\"click-justify-option\" width=\"444\" height=\"464\"><\/li>\n<\/ol>\n<p> En el momento en que haga clic en \u00abJustificar\u00bb, fusionar\u00e1 los valores de todas las celdas en una sola celda, es decir, A1. <\/p>\n<div class=\"wp-block-image\">\n<figure class=\"aligncenter size-full is-resized\"><img loading=\"lazy\" decoding=\"async\" class=\"wp-image-72458\" src=\"https:\/\/exceladvisor.org\/wp-content\/uploads\/2023\/08\/7-valeurs-fusionnees-en-utilisant-justifier.png\" sizes=\"auto, \" srcset=\"\" alt=\"valores-fusionados-usando-justificar\" width=\"466\" height=\"382\"><\/figure>\n<\/div>\n<p> Como dije antes, debes asegurarte de que el <strong><mark class=\"has-inline-color\" style=\"background-color: #fdde6c;\">ancho de la columna sea suficiente<\/mark><\/strong> para que pueda fusionar todos los valores en una sola celda. De lo contrario, el resto de valores se dividir\u00e1n en la segunda celda. <\/p>\n<div class=\"wp-block-image\">\n<figure class=\"aligncenter size-full is-resized\"><img loading=\"lazy\" decoding=\"async\" class=\"wp-image-72459\" src=\"https:\/\/exceladvisor.org\/wp-content\/uploads\/2023\/08\/8-valeurs-deplacees-vers-la-deuxieme-cellule.png\" sizes=\"auto, \" srcset=\"\" alt=\"valores-movidos-a-la-segunda-celda\" width=\"414\" height=\"391\"><\/figure>\n<\/div>\n<h2 class=\"wp-block-heading\"> F\u00f3rmulas para fusionar celdas con datos perdidos (CONCATENAR y TEXTJOIN)<\/h2>\n<p> Si desea fusionar celdas en tiempo real y tampoco quiere perder datos. La mejor manera es <a href=\"https:\/\/exceladvisor.org\/es\/concatenar-un-rango-de-celdas\/\">utilizar una f\u00f3rmula<\/a> . Y en Excel tenemos dos funciones diferentes para crear estas f\u00f3rmulas.<\/p>\n<p> Entre estos dos, mi favorito es TEXTJOIN, es una funci\u00f3n nueva y f\u00e1cil de usar en comparaci\u00f3n con CONCATENATE. <\/p>\n<div class=\"wp-block-image\">\n<figure class=\"aligncenter size-full is-resized\"><img loading=\"lazy\" decoding=\"async\" class=\"wp-image-72460\" src=\"https:\/\/exceladvisor.org\/wp-content\/uploads\/2023\/08\/9-textjoin-pour-fusionner-les-valeurs-des-cellules.png\" sizes=\"auto, \" srcset=\"\" alt=\"uni\u00f3n de texto para fusionar valores de celda\" width=\"469\" height=\"433\"><\/figure>\n<\/div>\n<pre class=\"wp-block-code\"> <code class=\"language-excel-formula line-numbers\" lang=\"excel-formula\">=TEXTJOIN(\" \",TRUE,A1:A5)<\/code><\/pre>\n<p> TEXTJOIN tiene tres argumentos que debes definir:<\/p>\n<ul>\n<li> <strong>delimitador<\/strong> : Puede utilizar un delimitador que desee agregar entre los valores que desea fusionar en una sola celda.<\/li>\n<li> <strong>ignore_empty<\/strong> : VERDADERO o FALSO para definir si desea o no ignorar las celdas vac\u00edas.<\/li>\n<li> <strong>range_array<\/strong> : un rango\/matriz desde el cual desea fusionar valores.<\/li>\n<\/ul>\n<p> Y de la misma manera, puedes usar CONCATENAR para crear una f\u00f3rmula para fusionar valores en una sola celda. <\/p>\n<div class=\"wp-block-image\">\n<figure class=\"aligncenter size-full is-resized\"><img loading=\"lazy\" decoding=\"async\" class=\"wp-image-72461\" src=\"https:\/\/exceladvisor.org\/wp-content\/uploads\/2023\/08\/10-concatener-pour-fusionner-les-valeurs-des-cellules.png\" sizes=\"auto, \" srcset=\"\" alt=\"concatenar-para-fusionar-valores-de-celda\" width=\"580\" height=\"349\"><\/figure>\n<\/div>\n<p class=\"formula\"> =CONCATENAR(A1\u201d, \u201c,A2\u201d, \u201c,A3\u201d, \u201c,A4\u201d, \u201c,A5)<\/p>\n<h2 class=\"wp-block-heading\"> C\u00f3digo VBA para fusionar valores en una celda sin perder datos<\/h2>\n<p> Puede utilizar c\u00f3digo VBA para fusionar varias celdas y no perder datos. A continuaci\u00f3n tenemos un c\u00f3digo que puede utilizar.<\/p>\n<pre class=\"wp-block-code\"> <code class=\"language-visual-basic\" lang=\"visual-basic\">Sub vba_merge_with_values() Dim val As String Dim rng As Range Set rng = Selection For Each Cell In rng val = val &amp; \" \" &amp; Cell.Value Next Cell With rng .Merge .Value = Trim(val) .WrapText = True .HorizontalAlignment = xlCenter .VerticalAlignment = xlCenter End With End Sub<\/code><\/pre>\n<p> Para usar este c\u00f3digo, debe seleccionar el rango que desea fusionar y luego <a href=\"https:\/\/exceladvisor.org\/es\/ejecutar-una-macro-2\/\">ejecutar este c\u00f3digo<\/a> . <\/p>\n<div class=\"wp-block-image\">\n<figure class=\"aligncenter size-full is-resized\"><img loading=\"lazy\" decoding=\"async\" class=\"wp-image-72462\" src=\"https:\/\/exceladvisor.org\/wp-content\/uploads\/2023\/08\/11-code-vba-pour-fusionner-les-valeurs.png\" sizes=\"auto, \" srcset=\"\" alt=\"c\u00f3digo-vba-para-fusionar-valores\" width=\"608\" height=\"588\"><\/figure>\n<\/div>\n<p> Este c\u00f3digo toma valores de todas las celdas una por una y luego combina todas estas celdas y luego agrega ese valor combinado en la celda combinada como puede ver en el ejemplo anterior <em>(hay una cosa que debe saber al ejecutar un c\u00f3digo que no puede use la opci\u00f3n deshacer)<\/em> .<\/p>\n<div class=\"gb-container gb-container-4db6181c gb-container-mt\"> <a class=\"gb-button gb-button-c5897111 gb-button-text gb-button-mt-button\" href=\"https:\/\/exceladvisor.org\/es\/avance-de-excel\/\">Tutoriales avanzados de Excel<\/a><\/p>\n<h2 class=\"gb-headline gb-headline-665e5f6b gb-headline-text gb-headline-mt-heading\"> Tutoriales relacionados <\/h2>\n<div class=\"gb-grid-wrapper gb-grid-wrapper-a20baf7c gb-grid-wrapper-mt-grid\">\n<div class=\"gb-grid-column gb-grid-column-65ddf67e\">\n<div class=\"gb-container gb-container-65ddf67e\">\n<ul>\n<li> <a href=\"https:\/\/exceladvisor.org\/es\/herramienta-de-analisis-rapido\/\">Herramienta de an\u00e1lisis r\u00e1pido en Excel<\/a><\/li>\n<li> <a href=\"https:\/\/exceladvisor.org\/es\/aplicar-multiples-filtros\/\">Aplicar m\u00faltiples filtros a las columnas<\/a><\/li>\n<li> <a href=\"https:\/\/exceladvisor.org\/es\/resaltar-los-valores-superiores-e-inferiores\/\">Resalte los valores N superiores e inferiores en Excel<\/a><\/li>\n<li> <a href=\"https:\/\/exceladvisor.org\/es\/casilla-de-verificacion\/\">Insertar una casilla de verificaci\u00f3n en Excel<\/a><\/li>\n<li> <a href=\"https:\/\/exceladvisor.org\/es\/pegar-multiplicar-especial\/\">Multiplicar en Excel usando Pegado especial<\/a><\/li>\n<\/ul>\n<\/div>\n<\/div>\n<\/div>\n<\/div>\n","protected":false},"excerpt":{"rendered":"<p>Cuando se trabaja con datos en Excel, a veces es necesario combinar varias celdas en una. Pero aqu\u00ed el problema es que cuando haces esto s\u00f3lo puedes obtener el valor de la celda superior izquierda de todas las celdas que deseas fusionar en una. Ahora, para resolver este problema, existen algunos m\u00e9todos que puede utilizar [&hellip;]<\/p>\n","protected":false},"author":1,"featured_media":0,"parent":0,"menu_order":0,"comment_status":"open","ping_status":"closed","template":"","meta":{"ub_ctt_via":"","footnotes":""},"class_list":["post-410","page","type-page","status-publish","hentry"],"featured_image_src":null,"yoast_head":"<!-- This site is optimized with the Yoast SEO plugin v25.4 - https:\/\/yoast.com\/wordpress\/plugins\/seo\/ -->\n<title>\u00bfc\u00f3mo fusionar celdas sin perder datos?<\/title>\n<meta name=\"robots\" content=\"index, follow, max-snippet:-1, max-image-preview:large, max-video-preview:-1\" \/>\n<link rel=\"canonical\" href=\"https:\/\/exceladvisor.org\/es\/fusionar-celdas-sin-perder-datos\/\" \/>\n<meta property=\"og:locale\" content=\"es_ES\" \/>\n<meta property=\"og:type\" content=\"article\" \/>\n<meta property=\"og:title\" content=\"\u00bfc\u00f3mo fusionar celdas sin perder datos?\" \/>\n<meta property=\"og:description\" content=\"Cuando se trabaja con datos en Excel, a veces es necesario combinar varias celdas en una. Pero aqu\u00ed el problema es que cuando haces esto s\u00f3lo puedes obtener el valor de la celda superior izquierda de todas las celdas que deseas fusionar en una. Ahora, para resolver este problema, existen algunos m\u00e9todos que puede utilizar [&hellip;]\" \/>\n<meta property=\"og:url\" content=\"https:\/\/exceladvisor.org\/es\/fusionar-celdas-sin-perder-datos\/\" \/>\n<meta property=\"og:site_name\" content=\"Excel Advisor\" \/>\n<meta property=\"article:modified_time\" content=\"2023-12-25T10:25:21+00:00\" \/>\n<meta property=\"og:image\" content=\"https:\/\/exceladvisor.org\/wp-content\/uploads\/2023\/08\/1-fusionner-des-cellules.png\" \/>\n<meta name=\"twitter:card\" content=\"summary_large_image\" \/>\n<meta name=\"twitter:label1\" content=\"Tiempo de lectura\" \/>\n\t<meta name=\"twitter:data1\" content=\"3 minutos\" \/>\n<script type=\"application\/ld+json\" class=\"yoast-schema-graph\">{\"@context\":\"https:\/\/schema.org\",\"@graph\":[{\"@type\":\"WebPage\",\"@id\":\"https:\/\/exceladvisor.org\/es\/fusionar-celdas-sin-perder-datos\/\",\"url\":\"https:\/\/exceladvisor.org\/es\/fusionar-celdas-sin-perder-datos\/\",\"name\":\"\u00bfc\u00f3mo fusionar celdas sin perder datos?\",\"isPartOf\":{\"@id\":\"https:\/\/exceladvisor.org\/es\/#website\"},\"primaryImageOfPage\":{\"@id\":\"https:\/\/exceladvisor.org\/es\/fusionar-celdas-sin-perder-datos\/#primaryimage\"},\"image\":{\"@id\":\"https:\/\/exceladvisor.org\/es\/fusionar-celdas-sin-perder-datos\/#primaryimage\"},\"thumbnailUrl\":\"https:\/\/exceladvisor.org\/wp-content\/uploads\/2023\/08\/1-fusionner-des-cellules.png\",\"datePublished\":\"2023-10-30T09:21:02+00:00\",\"dateModified\":\"2023-12-25T10:25:21+00:00\",\"breadcrumb\":{\"@id\":\"https:\/\/exceladvisor.org\/es\/fusionar-celdas-sin-perder-datos\/#breadcrumb\"},\"inLanguage\":\"es\",\"potentialAction\":[{\"@type\":\"ReadAction\",\"target\":[\"https:\/\/exceladvisor.org\/es\/fusionar-celdas-sin-perder-datos\/\"]}]},{\"@type\":\"ImageObject\",\"inLanguage\":\"es\",\"@id\":\"https:\/\/exceladvisor.org\/es\/fusionar-celdas-sin-perder-datos\/#primaryimage\",\"url\":\"https:\/\/exceladvisor.org\/wp-content\/uploads\/2023\/08\/1-fusionner-des-cellules.png\",\"contentUrl\":\"https:\/\/exceladvisor.org\/wp-content\/uploads\/2023\/08\/1-fusionner-des-cellules.png\"},{\"@type\":\"BreadcrumbList\",\"@id\":\"https:\/\/exceladvisor.org\/es\/fusionar-celdas-sin-perder-datos\/#breadcrumb\",\"itemListElement\":[{\"@type\":\"ListItem\",\"position\":1,\"name\":\"Hogar\",\"item\":\"https:\/\/exceladvisor.org\/es\/\"},{\"@type\":\"ListItem\",\"position\":2,\"name\":\"\u00bfc\u00f3mo fusionar celdas sin perder datos?\"}]},{\"@type\":\"WebSite\",\"@id\":\"https:\/\/exceladvisor.org\/es\/#website\",\"url\":\"https:\/\/exceladvisor.org\/es\/\",\"name\":\"Excel Advisor\",\"description\":\"Su gu\u00eda para la dominaci\u00f3n de datos!\",\"publisher\":{\"@id\":\"https:\/\/exceladvisor.org\/es\/#organization\"},\"potentialAction\":[{\"@type\":\"SearchAction\",\"target\":{\"@type\":\"EntryPoint\",\"urlTemplate\":\"https:\/\/exceladvisor.org\/es\/?s={search_term_string}\"},\"query-input\":{\"@type\":\"PropertyValueSpecification\",\"valueRequired\":true,\"valueName\":\"search_term_string\"}}],\"inLanguage\":\"es\"},{\"@type\":\"Organization\",\"@id\":\"https:\/\/exceladvisor.org\/es\/#organization\",\"name\":\"Excel Advisor\",\"url\":\"https:\/\/exceladvisor.org\/es\/\",\"logo\":{\"@type\":\"ImageObject\",\"inLanguage\":\"es\",\"@id\":\"https:\/\/exceladvisor.org\/es\/#\/schema\/logo\/image\/\",\"url\":\"https:\/\/exceladvisor.org\/es\/wp-content\/uploads\/2023\/12\/exceladvisor.org_.png\",\"contentUrl\":\"https:\/\/exceladvisor.org\/es\/wp-content\/uploads\/2023\/12\/exceladvisor.org_.png\",\"width\":105,\"height\":36,\"caption\":\"Excel Advisor\"},\"image\":{\"@id\":\"https:\/\/exceladvisor.org\/es\/#\/schema\/logo\/image\/\"}}]}<\/script>\n<!-- \/ Yoast SEO plugin. -->","yoast_head_json":{"title":"\u00bfc\u00f3mo fusionar celdas sin perder datos?","robots":{"index":"index","follow":"follow","max-snippet":"max-snippet:-1","max-image-preview":"max-image-preview:large","max-video-preview":"max-video-preview:-1"},"canonical":"https:\/\/exceladvisor.org\/es\/fusionar-celdas-sin-perder-datos\/","og_locale":"es_ES","og_type":"article","og_title":"\u00bfc\u00f3mo fusionar celdas sin perder datos?","og_description":"Cuando se trabaja con datos en Excel, a veces es necesario combinar varias celdas en una. Pero aqu\u00ed el problema es que cuando haces esto s\u00f3lo puedes obtener el valor de la celda superior izquierda de todas las celdas que deseas fusionar en una. Ahora, para resolver este problema, existen algunos m\u00e9todos que puede utilizar [&hellip;]","og_url":"https:\/\/exceladvisor.org\/es\/fusionar-celdas-sin-perder-datos\/","og_site_name":"Excel Advisor","article_modified_time":"2023-12-25T10:25:21+00:00","og_image":[{"url":"https:\/\/exceladvisor.org\/wp-content\/uploads\/2023\/08\/1-fusionner-des-cellules.png","type":"","width":"","height":""}],"twitter_card":"summary_large_image","twitter_misc":{"Tiempo de lectura":"3 minutos"},"schema":{"@context":"https:\/\/schema.org","@graph":[{"@type":"WebPage","@id":"https:\/\/exceladvisor.org\/es\/fusionar-celdas-sin-perder-datos\/","url":"https:\/\/exceladvisor.org\/es\/fusionar-celdas-sin-perder-datos\/","name":"\u00bfc\u00f3mo fusionar celdas sin perder datos?","isPartOf":{"@id":"https:\/\/exceladvisor.org\/es\/#website"},"primaryImageOfPage":{"@id":"https:\/\/exceladvisor.org\/es\/fusionar-celdas-sin-perder-datos\/#primaryimage"},"image":{"@id":"https:\/\/exceladvisor.org\/es\/fusionar-celdas-sin-perder-datos\/#primaryimage"},"thumbnailUrl":"https:\/\/exceladvisor.org\/wp-content\/uploads\/2023\/08\/1-fusionner-des-cellules.png","datePublished":"2023-10-30T09:21:02+00:00","dateModified":"2023-12-25T10:25:21+00:00","breadcrumb":{"@id":"https:\/\/exceladvisor.org\/es\/fusionar-celdas-sin-perder-datos\/#breadcrumb"},"inLanguage":"es","potentialAction":[{"@type":"ReadAction","target":["https:\/\/exceladvisor.org\/es\/fusionar-celdas-sin-perder-datos\/"]}]},{"@type":"ImageObject","inLanguage":"es","@id":"https:\/\/exceladvisor.org\/es\/fusionar-celdas-sin-perder-datos\/#primaryimage","url":"https:\/\/exceladvisor.org\/wp-content\/uploads\/2023\/08\/1-fusionner-des-cellules.png","contentUrl":"https:\/\/exceladvisor.org\/wp-content\/uploads\/2023\/08\/1-fusionner-des-cellules.png"},{"@type":"BreadcrumbList","@id":"https:\/\/exceladvisor.org\/es\/fusionar-celdas-sin-perder-datos\/#breadcrumb","itemListElement":[{"@type":"ListItem","position":1,"name":"Hogar","item":"https:\/\/exceladvisor.org\/es\/"},{"@type":"ListItem","position":2,"name":"\u00bfc\u00f3mo fusionar celdas sin perder datos?"}]},{"@type":"WebSite","@id":"https:\/\/exceladvisor.org\/es\/#website","url":"https:\/\/exceladvisor.org\/es\/","name":"Excel Advisor","description":"Su gu\u00eda para la dominaci\u00f3n de datos!","publisher":{"@id":"https:\/\/exceladvisor.org\/es\/#organization"},"potentialAction":[{"@type":"SearchAction","target":{"@type":"EntryPoint","urlTemplate":"https:\/\/exceladvisor.org\/es\/?s={search_term_string}"},"query-input":{"@type":"PropertyValueSpecification","valueRequired":true,"valueName":"search_term_string"}}],"inLanguage":"es"},{"@type":"Organization","@id":"https:\/\/exceladvisor.org\/es\/#organization","name":"Excel Advisor","url":"https:\/\/exceladvisor.org\/es\/","logo":{"@type":"ImageObject","inLanguage":"es","@id":"https:\/\/exceladvisor.org\/es\/#\/schema\/logo\/image\/","url":"https:\/\/exceladvisor.org\/es\/wp-content\/uploads\/2023\/12\/exceladvisor.org_.png","contentUrl":"https:\/\/exceladvisor.org\/es\/wp-content\/uploads\/2023\/12\/exceladvisor.org_.png","width":105,"height":36,"caption":"Excel Advisor"},"image":{"@id":"https:\/\/exceladvisor.org\/es\/#\/schema\/logo\/image\/"}}]}},"yoast_meta":{"yoast_wpseo_title":"","yoast_wpseo_metadesc":"","yoast_wpseo_canonical":""},"_links":{"self":[{"href":"https:\/\/exceladvisor.org\/es\/wp-json\/wp\/v2\/pages\/410","targetHints":{"allow":["GET"]}}],"collection":[{"href":"https:\/\/exceladvisor.org\/es\/wp-json\/wp\/v2\/pages"}],"about":[{"href":"https:\/\/exceladvisor.org\/es\/wp-json\/wp\/v2\/types\/page"}],"author":[{"embeddable":true,"href":"https:\/\/exceladvisor.org\/es\/wp-json\/wp\/v2\/users\/1"}],"replies":[{"embeddable":true,"href":"https:\/\/exceladvisor.org\/es\/wp-json\/wp\/v2\/comments?post=410"}],"version-history":[{"count":1,"href":"https:\/\/exceladvisor.org\/es\/wp-json\/wp\/v2\/pages\/410\/revisions"}],"predecessor-version":[{"id":1046,"href":"https:\/\/exceladvisor.org\/es\/wp-json\/wp\/v2\/pages\/410\/revisions\/1046"}],"wp:attachment":[{"href":"https:\/\/exceladvisor.org\/es\/wp-json\/wp\/v2\/media?parent=410"}],"curies":[{"name":"wp","href":"https:\/\/api.w.org\/{rel}","templated":true}]}}