{"id":411,"date":"2023-10-30T09:18:58","date_gmt":"2023-10-30T09:18:58","guid":{"rendered":"https:\/\/exceladvisor.org\/es\/cambiar-formato-de-fecha\/"},"modified":"2023-12-25T10:24:00","modified_gmt":"2023-12-25T10:24:00","slug":"cambiar-formato-de-fecha","status":"publish","type":"page","link":"https:\/\/exceladvisor.org\/es\/cambiar-formato-de-fecha\/","title":{"rendered":"\u00bfc\u00f3mo cambiar el formato de fecha en excel?"},"content":{"rendered":"<div class=\"excel-antes-del-contenido\" id=\"excel-2812012772\"><script type=\"text\/javascript\">\r\n\tatOptions = {\r\n\t\t'key' : 'c1158f160081d6540a8409e6925dab94',\r\n\t\t'format' : 'iframe',\r\n\t\t'height' : 250,\r\n\t\t'width' : 300,\r\n\t\t'params' : {}\r\n\t};\r\n<\/script>\r\n<script type=\"text\/javascript\" src=\"\/\/www.highperformanceformat.com\/c1158f160081d6540a8409e6925dab94\/invoke.js\"><\/script><\/div><p>Una de las mejores cosas de Excel es que puedes cambiar los formatos de fecha y aplicar un formato seg\u00fan tus necesidades o c\u00f3mo quieras mostr\u00e1rselo al usuario.<\/p>\n<p> En este tutorial aprenderemos c\u00f3mo cambiar el formato de fecha porque es muy importante para analizar ventas, ganancias y eventos.<\/p>\n<h2 class=\"wp-block-heading\"> <strong>Pasos para cambiar el formato de fecha en Excel<\/strong><\/h2>\n<p> A continuaci\u00f3n se detallan los pasos para cambiar r\u00e1pidamente el formato de fecha en Excel.<\/p>\n<ol>\n<li> Primero, seleccione la celda o rango de celdas cuyo formato de fecha desea cambiar.<\/li>\n<li> A continuaci\u00f3n, vaya a la pesta\u00f1a \u201c <strong>Inicio<\/strong> \u201d y haga clic en el grupo \u201c <strong>N\u00famero<\/strong> \u201d.<\/li>\n<li> Despu\u00e9s de eso, haga clic en la lista desplegable Personalizado en el grupo de n\u00fameros y aparecer\u00e1n las opciones \u201c <strong>Fecha larga<\/strong> \u201d y \u201c <strong>Fecha corta<\/strong> \u201d. <br \/><img loading=\"lazy\" decoding=\"async\" title=\"1-seleccione-cita-corta-larga\" src=\"https:\/\/exceladvisor.org\/wp-content\/uploads\/2023\/08\/1-selectionner-une-date-longue-courte.png\" sizes=\"auto, \" srcset=\"\" alt=\"select-short-long-date-date-format\" width=\"801\" height=\"446\"><\/li>\n<li> El formato de fecha larga se muestra como (02 de enero de 2000) y la fecha corta parece (01-02-22). Puedes elegir uno.<\/li>\n<\/ol>\n<p> Existe la opci\u00f3n \u201c <strong>M\u00e1s formatos de n\u00fameros<\/strong> \u201d ubicada en la parte inferior. Haga clic aqu\u00ed para obtener m\u00e1s formatos de fecha. <\/p>\n<div class=\"wp-block-image\">\n<figure class=\"aligncenter size-full is-resized\"><img loading=\"lazy\" decoding=\"async\" class=\"wp-image-70664\" src=\"https:\/\/exceladvisor.org\/wp-content\/uploads\/2023\/08\/2-autres-formats-de-nombres.png\" sizes=\"auto, \" srcset=\"\" alt=\"haga clic en m\u00e1s formatos de n\u00fameros\" width=\"726\" height=\"473\"><\/figure>\n<\/div>\n<p> Una vez que haces clic, se abre la ventana Formato de celdas y all\u00ed debes elegir la categor\u00eda Fecha. <\/p>\n<div class=\"wp-block-image\">\n<figure class=\"aligncenter size-full is-resized\"><img loading=\"lazy\" decoding=\"async\" class=\"wp-image-70665\" src=\"https:\/\/exceladvisor.org\/wp-content\/uploads\/2023\/08\/3-boite-de-dialogue-avec-les-formats.png\" sizes=\"auto, \" srcset=\"\" alt=\"cuadro de di\u00e1logo con formatos de fecha\" width=\"548\" height=\"542\"><\/figure>\n<\/div>\n<p> Estos son los tipos de formato de fecha, ubicaciones e idioma que se muestran con su ejemplo. Puede seleccionar el formato particular y se muestra la muestra que le da una idea de c\u00f3mo se ver\u00e1 en la hoja de c\u00e1lculo.<\/p>\n<p> Al final, haga clic en el bot\u00f3n \u201c <strong>Aceptar<\/strong> \u201d despu\u00e9s de finalizar el formato de fecha que desea utilizar. <\/p>\n<div class=\"wp-block-image\">\n<figure class=\"aligncenter size-full is-resized\"><img decoding=\"async\" class=\"wp-image-70666\" src=\"https:\/\/exceladvisor.org\/wp-content\/uploads\/2023\/08\/4-format-final-et-ok.png\" sizes=\"\" srcset=\"\" alt=\"seleccionar-formato-final-formato-fecha\" width=\"-387\" height=\"-249\"><\/figure>\n<\/div>\n<h2 class=\"wp-block-heading\"> <strong>Crea tu propio formato de fecha personalizado<\/strong><\/h2>\n<p> Sin duda, existen varios formatos disponibles por defecto. Pero si desea crear el formato seg\u00fan sus requisitos, puede crearlo utilizando c\u00f3digos espec\u00edficos.<\/p>\n<ol>\n<li style=\"list-style-type: none;\">\n<ol>\n<li> Para hacer esto, primero debe seleccionar el rango de celdas que contiene las fechas.<\/li>\n<li> A continuaci\u00f3n, presione <a href=\"https:\/\/exceladvisor.org\/es\/a\/\">( <strong>Ctrl+1<\/strong> ) para abrir el cuadro de di\u00e1logo Formato de celdas<\/a> y haga clic en la opci\u00f3n \u00abPersonalizado\u00bb que se encuentra en la parte inferior de la lista de categor\u00edas. <br \/><img loading=\"lazy\" decoding=\"async\" title=\"5-opci\u00f3n personalizada\" src=\"https:\/\/exceladvisor.org\/wp-content\/uploads\/2023\/08\/5-options-personnalisees.png\" sizes=\"auto, \" srcset=\"\" alt=\"use-custom-option-date-format\" width=\"902\" height=\"662\"><\/li>\n<li> Ahora notar\u00e1s que hay un c\u00f3digo espec\u00edfico en el <strong>cuadro de texto Tipo<\/strong> y puedes recrear o modificar este c\u00f3digo para crear tu propio formato.<\/li>\n<li> Una vez que hayas hecho eso, haz clic en \u00abAceptar\u00bb y las celdas seleccionadas cambiar\u00e1n al nuevo formato. <\/li>\n<\/ol>\n<\/li>\n<\/ol>\n<p><img loading=\"lazy\" decoding=\"async\" title=\"6-muestras-mostrar-y-ok\" src=\"https:\/\/exceladvisor.org\/wp-content\/uploads\/2023\/08\/6-exemples-de-spectacle-et-ok.png\" sizes=\"auto, \" srcset=\"\" alt=\"check-sample-date-format\" width=\"593\" height=\"591\"><\/p>\n<p> En el momento en que hace clic en Aceptar, el formato de fecha cambia al formato personalizado que especifiqu\u00e9. <\/p>\n<div class=\"wp-block-image\">\n<figure class=\"aligncenter size-full is-resized\"><img loading=\"lazy\" decoding=\"async\" class=\"wp-image-70669\" src=\"https:\/\/exceladvisor.org\/wp-content\/uploads\/2023\/08\/7-ecran-final.png\" sizes=\"auto, \" srcset=\"\" alt=\"pantalla-final-con-formato-de-fecha\" width=\"351\" height=\"316\"><\/figure>\n<\/div>\n<p> Puedes utilizar la siguiente tabla para <a href=\"https:\/\/exceladvisor.org\/es\/formatos-de-fecha-personalizados\/\">crear tu fecha personalizada<\/a> . <\/p>\n<figure class=\"wp-block-table\">\n<table class=\"mtr-table mtr-tr-td\">\n<tbody>\n<tr>\n<td class=\"mtr-td-tag\" data-mtr-content=\"Code\">\n<div class=\"mtr-cell-content\"> <strong>codificado<\/strong><\/div>\n<\/td>\n<td class=\"mtr-td-tag\" data-mtr-content=\"Describes:\">\n<div class=\"mtr-cell-content\"> <strong>Descripci\u00f3n:<\/strong><\/div>\n<\/td>\n<td class=\"mtr-td-tag\" data-mtr-content=\"Example\">\n<div class=\"mtr-cell-content\"><strong>Ejemplo<\/strong><\/div>\n<\/td>\n<\/tr>\n<tr>\n<td class=\"mtr-td-tag\" data-mtr-content=\"Code\">\n<div class=\"mtr-cell-content\"> ni una palabra<\/div>\n<\/td>\n<td class=\"mtr-td-tag\" data-mtr-content=\"Describes:\">\n<div class=\"mtr-cell-content\"> N\u00famero de d\u00eda<\/div>\n<\/td>\n<td class=\"mtr-td-tag\" data-mtr-content=\"Example\">\n<div class=\"mtr-cell-content\"> 01<\/div>\n<\/td>\n<\/tr>\n<tr>\n<td class=\"mtr-td-tag\" data-mtr-content=\"Code\">\n<div class=\"mtr-cell-content\"> mil\u00edmetro<\/div>\n<\/td>\n<td class=\"mtr-td-tag\" data-mtr-content=\"Describes:\">\n<div class=\"mtr-cell-content\"> numero del mes<\/div>\n<\/td>\n<td class=\"mtr-td-tag\" data-mtr-content=\"Example\">\n<div class=\"mtr-cell-content\"> 02<\/div>\n<\/td>\n<\/tr>\n<tr>\n<td class=\"mtr-td-tag\" data-mtr-content=\"Code\">\n<div class=\"mtr-cell-content\"> aaaa<\/div>\n<\/td>\n<td class=\"mtr-td-tag\" data-mtr-content=\"Describes:\">\n<div class=\"mtr-cell-content\"> A\u00f1o completo<\/div>\n<\/td>\n<td class=\"mtr-td-tag\" data-mtr-content=\"Example\">\n<div class=\"mtr-cell-content\"> 2022<\/div>\n<\/td>\n<\/tr>\n<tr>\n<td class=\"mtr-td-tag\" data-mtr-content=\"Code\">\n<div class=\"mtr-cell-content\"> mmm<\/div>\n<\/td>\n<td class=\"mtr-td-tag\" data-mtr-content=\"Describes:\">\n<div class=\"mtr-cell-content\"> Nombre del mes (corto)<\/div>\n<\/td>\n<td class=\"mtr-td-tag\" data-mtr-content=\"Example\">\n<div class=\"mtr-cell-content\"> Ene<\/div>\n<\/td>\n<\/tr>\n<tr>\n<td class=\"mtr-td-tag\" data-mtr-content=\"Code\">\n<div class=\"mtr-cell-content\"> Autom\u00f3vil club brit\u00e1nico<\/div>\n<\/td>\n<td class=\"mtr-td-tag\" data-mtr-content=\"Describes:\">\n<div class=\"mtr-cell-content\"> \u00daltimos dos d\u00edgitos del a\u00f1o.<\/div>\n<\/td>\n<td class=\"mtr-td-tag\" data-mtr-content=\"Example\">\n<div class=\"mtr-cell-content\"> 22 <\/div>\n<\/td>\n<\/tr>\n<\/tbody>\n<\/table>\n<\/figure>\n<div class=\"gb-container gb-container-4db6181c gb-container-mt\"> <a class=\"gb-button gb-button-c5897111 gb-button-text gb-button-mt-button\" href=\"https:\/\/exceladvisor.org\/es\/conceptos-basicos-de-excel\/\">Conceptos b\u00e1sicos de Microsoft Excel (componentes, piezas y notas de conocimiento)<\/a><\/p>\n<h2 class=\"gb-headline gb-headline-665e5f6b gb-headline-text gb-headline-mt-heading\"> Tutoriales relacionados <\/h2>\n<div class=\"gb-grid-wrapper gb-grid-wrapper-a20baf7c gb-grid-wrapper-mt-grid\">\n<div class=\"gb-grid-column gb-grid-column-65ddf67e\">\n<div class=\"gb-container gb-container-65ddf67e\">\n<ul>\n<li> <a href=\"https:\/\/exceladvisor.org\/es\/formato-del-numero-de-contabilidad\/\">Aplicar formato de n\u00famero contable en Excel<\/a><\/li>\n<li> <a href=\"https:\/\/exceladvisor.org\/es\/color-de-celda\/\">Aplicar color de fondo a una celda o a toda la hoja en Excel<\/a><\/li>\n<li> <a href=\"https:\/\/exceladvisor.org\/es\/la-cuadricula\/\">Imprima l\u00edneas de cuadr\u00edcula de Excel (elimine, acorte y cambie de color)<\/a><\/li>\n<li> <a href=\"https:\/\/exceladvisor.org\/es\/agregar-un-numero-de-pagina\/\">Agregar un n\u00famero de p\u00e1gina en Excel<\/a> <\/li>\n<\/ul>\n<\/div>\n<\/div>\n<div class=\"gb-grid-column gb-grid-column-50067b57\">\n<div class=\"gb-container gb-container-50067b57\"><\/div>\n<\/div>\n<\/div>\n<\/div>\n","protected":false},"excerpt":{"rendered":"<p>Una de las mejores cosas de Excel es que puedes cambiar los formatos de fecha y aplicar un formato seg\u00fan tus necesidades o c\u00f3mo quieras mostr\u00e1rselo al usuario. En este tutorial aprenderemos c\u00f3mo cambiar el formato de fecha porque es muy importante para analizar ventas, ganancias y eventos. Pasos para cambiar el formato de fecha [&hellip;]<\/p>\n","protected":false},"author":1,"featured_media":0,"parent":0,"menu_order":0,"comment_status":"open","ping_status":"closed","template":"","meta":{"ub_ctt_via":"","footnotes":""},"class_list":["post-411","page","type-page","status-publish","hentry"],"featured_image_src":null,"yoast_head":"<!-- This site is optimized with the Yoast SEO plugin v25.4 - https:\/\/yoast.com\/wordpress\/plugins\/seo\/ -->\n<title>\u00bfc\u00f3mo cambiar el formato de fecha en excel?<\/title>\n<meta name=\"robots\" content=\"index, follow, max-snippet:-1, max-image-preview:large, max-video-preview:-1\" \/>\n<link rel=\"canonical\" href=\"https:\/\/exceladvisor.org\/es\/cambiar-formato-de-fecha\/\" \/>\n<meta property=\"og:locale\" content=\"es_ES\" \/>\n<meta property=\"og:type\" content=\"article\" \/>\n<meta property=\"og:title\" content=\"\u00bfc\u00f3mo cambiar el formato de fecha en excel?\" \/>\n<meta property=\"og:description\" content=\"Una de las mejores cosas de Excel es que puedes cambiar los formatos de fecha y aplicar un formato seg\u00fan tus necesidades o c\u00f3mo quieras mostr\u00e1rselo al usuario. En este tutorial aprenderemos c\u00f3mo cambiar el formato de fecha porque es muy importante para analizar ventas, ganancias y eventos. Pasos para cambiar el formato de fecha [&hellip;]\" \/>\n<meta property=\"og:url\" content=\"https:\/\/exceladvisor.org\/es\/cambiar-formato-de-fecha\/\" \/>\n<meta property=\"og:site_name\" content=\"Excel Advisor\" \/>\n<meta property=\"article:modified_time\" content=\"2023-12-25T10:24:00+00:00\" \/>\n<meta property=\"og:image\" content=\"https:\/\/exceladvisor.org\/wp-content\/uploads\/2023\/08\/1-selectionner-une-date-longue-courte.png\" \/>\n<meta name=\"twitter:card\" content=\"summary_large_image\" \/>\n<meta name=\"twitter:label1\" content=\"Tiempo de lectura\" \/>\n\t<meta name=\"twitter:data1\" content=\"3 minutos\" \/>\n<script type=\"application\/ld+json\" class=\"yoast-schema-graph\">{\"@context\":\"https:\/\/schema.org\",\"@graph\":[{\"@type\":\"WebPage\",\"@id\":\"https:\/\/exceladvisor.org\/es\/cambiar-formato-de-fecha\/\",\"url\":\"https:\/\/exceladvisor.org\/es\/cambiar-formato-de-fecha\/\",\"name\":\"\u00bfc\u00f3mo cambiar el formato de fecha en excel?\",\"isPartOf\":{\"@id\":\"https:\/\/exceladvisor.org\/es\/#website\"},\"primaryImageOfPage\":{\"@id\":\"https:\/\/exceladvisor.org\/es\/cambiar-formato-de-fecha\/#primaryimage\"},\"image\":{\"@id\":\"https:\/\/exceladvisor.org\/es\/cambiar-formato-de-fecha\/#primaryimage\"},\"thumbnailUrl\":\"https:\/\/exceladvisor.org\/wp-content\/uploads\/2023\/08\/1-selectionner-une-date-longue-courte.png\",\"datePublished\":\"2023-10-30T09:18:58+00:00\",\"dateModified\":\"2023-12-25T10:24:00+00:00\",\"breadcrumb\":{\"@id\":\"https:\/\/exceladvisor.org\/es\/cambiar-formato-de-fecha\/#breadcrumb\"},\"inLanguage\":\"es\",\"potentialAction\":[{\"@type\":\"ReadAction\",\"target\":[\"https:\/\/exceladvisor.org\/es\/cambiar-formato-de-fecha\/\"]}]},{\"@type\":\"ImageObject\",\"inLanguage\":\"es\",\"@id\":\"https:\/\/exceladvisor.org\/es\/cambiar-formato-de-fecha\/#primaryimage\",\"url\":\"https:\/\/exceladvisor.org\/wp-content\/uploads\/2023\/08\/1-selectionner-une-date-longue-courte.png\",\"contentUrl\":\"https:\/\/exceladvisor.org\/wp-content\/uploads\/2023\/08\/1-selectionner-une-date-longue-courte.png\"},{\"@type\":\"BreadcrumbList\",\"@id\":\"https:\/\/exceladvisor.org\/es\/cambiar-formato-de-fecha\/#breadcrumb\",\"itemListElement\":[{\"@type\":\"ListItem\",\"position\":1,\"name\":\"Hogar\",\"item\":\"https:\/\/exceladvisor.org\/es\/\"},{\"@type\":\"ListItem\",\"position\":2,\"name\":\"\u00bfc\u00f3mo cambiar el formato de fecha en excel?\"}]},{\"@type\":\"WebSite\",\"@id\":\"https:\/\/exceladvisor.org\/es\/#website\",\"url\":\"https:\/\/exceladvisor.org\/es\/\",\"name\":\"Excel Advisor\",\"description\":\"Su gu\u00eda para la dominaci\u00f3n de datos!\",\"publisher\":{\"@id\":\"https:\/\/exceladvisor.org\/es\/#organization\"},\"potentialAction\":[{\"@type\":\"SearchAction\",\"target\":{\"@type\":\"EntryPoint\",\"urlTemplate\":\"https:\/\/exceladvisor.org\/es\/?s={search_term_string}\"},\"query-input\":{\"@type\":\"PropertyValueSpecification\",\"valueRequired\":true,\"valueName\":\"search_term_string\"}}],\"inLanguage\":\"es\"},{\"@type\":\"Organization\",\"@id\":\"https:\/\/exceladvisor.org\/es\/#organization\",\"name\":\"Excel Advisor\",\"url\":\"https:\/\/exceladvisor.org\/es\/\",\"logo\":{\"@type\":\"ImageObject\",\"inLanguage\":\"es\",\"@id\":\"https:\/\/exceladvisor.org\/es\/#\/schema\/logo\/image\/\",\"url\":\"https:\/\/exceladvisor.org\/es\/wp-content\/uploads\/2023\/12\/exceladvisor.org_.png\",\"contentUrl\":\"https:\/\/exceladvisor.org\/es\/wp-content\/uploads\/2023\/12\/exceladvisor.org_.png\",\"width\":105,\"height\":36,\"caption\":\"Excel Advisor\"},\"image\":{\"@id\":\"https:\/\/exceladvisor.org\/es\/#\/schema\/logo\/image\/\"}}]}<\/script>\n<!-- \/ Yoast SEO plugin. -->","yoast_head_json":{"title":"\u00bfc\u00f3mo cambiar el formato de fecha en excel?","robots":{"index":"index","follow":"follow","max-snippet":"max-snippet:-1","max-image-preview":"max-image-preview:large","max-video-preview":"max-video-preview:-1"},"canonical":"https:\/\/exceladvisor.org\/es\/cambiar-formato-de-fecha\/","og_locale":"es_ES","og_type":"article","og_title":"\u00bfc\u00f3mo cambiar el formato de fecha en excel?","og_description":"Una de las mejores cosas de Excel es que puedes cambiar los formatos de fecha y aplicar un formato seg\u00fan tus necesidades o c\u00f3mo quieras mostr\u00e1rselo al usuario. En este tutorial aprenderemos c\u00f3mo cambiar el formato de fecha porque es muy importante para analizar ventas, ganancias y eventos. Pasos para cambiar el formato de fecha [&hellip;]","og_url":"https:\/\/exceladvisor.org\/es\/cambiar-formato-de-fecha\/","og_site_name":"Excel Advisor","article_modified_time":"2023-12-25T10:24:00+00:00","og_image":[{"url":"https:\/\/exceladvisor.org\/wp-content\/uploads\/2023\/08\/1-selectionner-une-date-longue-courte.png","type":"","width":"","height":""}],"twitter_card":"summary_large_image","twitter_misc":{"Tiempo de lectura":"3 minutos"},"schema":{"@context":"https:\/\/schema.org","@graph":[{"@type":"WebPage","@id":"https:\/\/exceladvisor.org\/es\/cambiar-formato-de-fecha\/","url":"https:\/\/exceladvisor.org\/es\/cambiar-formato-de-fecha\/","name":"\u00bfc\u00f3mo cambiar el formato de fecha en excel?","isPartOf":{"@id":"https:\/\/exceladvisor.org\/es\/#website"},"primaryImageOfPage":{"@id":"https:\/\/exceladvisor.org\/es\/cambiar-formato-de-fecha\/#primaryimage"},"image":{"@id":"https:\/\/exceladvisor.org\/es\/cambiar-formato-de-fecha\/#primaryimage"},"thumbnailUrl":"https:\/\/exceladvisor.org\/wp-content\/uploads\/2023\/08\/1-selectionner-une-date-longue-courte.png","datePublished":"2023-10-30T09:18:58+00:00","dateModified":"2023-12-25T10:24:00+00:00","breadcrumb":{"@id":"https:\/\/exceladvisor.org\/es\/cambiar-formato-de-fecha\/#breadcrumb"},"inLanguage":"es","potentialAction":[{"@type":"ReadAction","target":["https:\/\/exceladvisor.org\/es\/cambiar-formato-de-fecha\/"]}]},{"@type":"ImageObject","inLanguage":"es","@id":"https:\/\/exceladvisor.org\/es\/cambiar-formato-de-fecha\/#primaryimage","url":"https:\/\/exceladvisor.org\/wp-content\/uploads\/2023\/08\/1-selectionner-une-date-longue-courte.png","contentUrl":"https:\/\/exceladvisor.org\/wp-content\/uploads\/2023\/08\/1-selectionner-une-date-longue-courte.png"},{"@type":"BreadcrumbList","@id":"https:\/\/exceladvisor.org\/es\/cambiar-formato-de-fecha\/#breadcrumb","itemListElement":[{"@type":"ListItem","position":1,"name":"Hogar","item":"https:\/\/exceladvisor.org\/es\/"},{"@type":"ListItem","position":2,"name":"\u00bfc\u00f3mo cambiar el formato de fecha en excel?"}]},{"@type":"WebSite","@id":"https:\/\/exceladvisor.org\/es\/#website","url":"https:\/\/exceladvisor.org\/es\/","name":"Excel Advisor","description":"Su gu\u00eda para la dominaci\u00f3n de datos!","publisher":{"@id":"https:\/\/exceladvisor.org\/es\/#organization"},"potentialAction":[{"@type":"SearchAction","target":{"@type":"EntryPoint","urlTemplate":"https:\/\/exceladvisor.org\/es\/?s={search_term_string}"},"query-input":{"@type":"PropertyValueSpecification","valueRequired":true,"valueName":"search_term_string"}}],"inLanguage":"es"},{"@type":"Organization","@id":"https:\/\/exceladvisor.org\/es\/#organization","name":"Excel Advisor","url":"https:\/\/exceladvisor.org\/es\/","logo":{"@type":"ImageObject","inLanguage":"es","@id":"https:\/\/exceladvisor.org\/es\/#\/schema\/logo\/image\/","url":"https:\/\/exceladvisor.org\/es\/wp-content\/uploads\/2023\/12\/exceladvisor.org_.png","contentUrl":"https:\/\/exceladvisor.org\/es\/wp-content\/uploads\/2023\/12\/exceladvisor.org_.png","width":105,"height":36,"caption":"Excel Advisor"},"image":{"@id":"https:\/\/exceladvisor.org\/es\/#\/schema\/logo\/image\/"}}]}},"yoast_meta":{"yoast_wpseo_title":"","yoast_wpseo_metadesc":"","yoast_wpseo_canonical":""},"_links":{"self":[{"href":"https:\/\/exceladvisor.org\/es\/wp-json\/wp\/v2\/pages\/411","targetHints":{"allow":["GET"]}}],"collection":[{"href":"https:\/\/exceladvisor.org\/es\/wp-json\/wp\/v2\/pages"}],"about":[{"href":"https:\/\/exceladvisor.org\/es\/wp-json\/wp\/v2\/types\/page"}],"author":[{"embeddable":true,"href":"https:\/\/exceladvisor.org\/es\/wp-json\/wp\/v2\/users\/1"}],"replies":[{"embeddable":true,"href":"https:\/\/exceladvisor.org\/es\/wp-json\/wp\/v2\/comments?post=411"}],"version-history":[{"count":1,"href":"https:\/\/exceladvisor.org\/es\/wp-json\/wp\/v2\/pages\/411\/revisions"}],"predecessor-version":[{"id":891,"href":"https:\/\/exceladvisor.org\/es\/wp-json\/wp\/v2\/pages\/411\/revisions\/891"}],"wp:attachment":[{"href":"https:\/\/exceladvisor.org\/es\/wp-json\/wp\/v2\/media?parent=411"}],"curies":[{"name":"wp","href":"https:\/\/api.w.org\/{rel}","templated":true}]}}