{"id":412,"date":"2023-10-30T09:05:14","date_gmt":"2023-10-30T09:05:14","guid":{"rendered":"https:\/\/exceladvisor.org\/es\/imprimir-titulos\/"},"modified":"2023-12-25T10:23:31","modified_gmt":"2023-12-25T10:23:31","slug":"imprimir-titulos","status":"publish","type":"page","link":"https:\/\/exceladvisor.org\/es\/imprimir-titulos\/","title":{"rendered":"\u00bfc\u00f3mo aplicar t\u00edtulos impresos en excel?"},"content":{"rendered":"<div class=\"excel-antes-del-contenido\" id=\"excel-1017653019\"><script type=\"text\/javascript\">\r\n\tatOptions = {\r\n\t\t'key' : 'c1158f160081d6540a8409e6925dab94',\r\n\t\t'format' : 'iframe',\r\n\t\t'height' : 250,\r\n\t\t'width' : 300,\r\n\t\t'params' : {}\r\n\t};\r\n<\/script>\r\n<script type=\"text\/javascript\" src=\"\/\/www.highperformanceformat.com\/c1158f160081d6540a8409e6925dab94\/invoke.js\"><\/script><\/div><p>En Excel, si desea imprimir varias p\u00e1ginas pero desea crear un encabezado o t\u00edtulo desde la primera l\u00ednea para imprimir en la parte superior de cada p\u00e1gina, puede usar la opci\u00f3n Imprimir t\u00edtulos en Excel. <\/p>\n<div class=\"wp-block-image\">\n<figure class=\"aligncenter size-full is-resized\"><img loading=\"lazy\" decoding=\"async\" class=\"wp-image-72469\" src=\"https:\/\/exceladvisor.org\/wp-content\/uploads\/2023\/08\/1-imprimer-plusieurs-pages.png\" sizes=\"auto, \" srcset=\"\" alt=\"imprimir varias p\u00e1ginas\" width=\"651\" height=\"403\"><\/figure>\n<\/div>\n<p> Arriba tenemos los datos y necesitamos establecer la primera l\u00ednea como t\u00edtulo para imprimir en cada p\u00e1gina. Esta tabla tiene m\u00e1s de 1000 filas de datos cuando intento imprimirla, tiene 23 p\u00e1ginas para imprimir.<\/p>\n<h2 class=\"wp-block-heading\"> Utilice t\u00edtulos impresos para establecer 1 l\u00ednea como encabezado en las impresiones<\/h2>\n<ol>\n<li> Primero, vaya a la pesta\u00f1a Dise\u00f1o \u21e2 Grupo de conjunto de p\u00e1ginas \u21e2 Imprimir t\u00edtulos. <br \/><img loading=\"lazy\" decoding=\"async\" title=\"Azulejos impresos de 2 usos\" src=\"https:\/\/exceladvisor.org\/wp-content\/uploads\/2023\/08\/2-utiliser-des-tuiles-dimpression.png\" sizes=\"auto, \" srcset=\"\" alt=\"use-print-tiles\" width=\"654\" height=\"207\"><\/li>\n<li> Despu\u00e9s de eso, haga clic en el bot\u00f3n \u00abImprimir t\u00edtulo\u00bb para abrir el cuadro de di\u00e1logo \u00abConfigurar p\u00e1gina\u00bb. <br \/><img loading=\"lazy\" decoding=\"async\" title=\"Di\u00e1logo de configuraci\u00f3n de 3 p\u00e1ginas.\" src=\"https:\/\/exceladvisor.org\/wp-content\/uploads\/2023\/08\/Boite-de-dialogue-de-configuration-a-3-pages.png\" sizes=\"auto, \" srcset=\"\" alt=\"page-setup-dialog-box\" width=\"540\" height=\"521\"><\/li>\n<li> Ahora, desde este cuadro de di\u00e1logo, debe usar la opci\u00f3n \u00abL\u00edneas para repetir en la parte superior:\u00bb. Entonces, haz clic en la flecha hacia arriba que tienes en el lado derecho. <br \/><img loading=\"lazy\" decoding=\"async\" title=\"4 l\u00edneas seleccionadas para repetir en la parte superior\" src=\"https:\/\/exceladvisor.org\/wp-content\/uploads\/2023\/08\/4-lignes-selectionnees-a-repeter-en-haut.png\" sizes=\"auto, \" srcset=\"\" alt=\"select-rows-to-repeat-at-top\" width=\"541\" height=\"522\"><\/li>\n<li> En este punto, tiene una barra de entrada de selecci\u00f3n de rango y debe seleccionar la primera fila para especificarla. <br \/><img loading=\"lazy\" decoding=\"async\" title=\"5-especificar-l\u00ednea\" src=\"https:\/\/exceladvisor.org\/wp-content\/uploads\/2023\/08\/5-specifier-la-ligne.png\" sizes=\"auto, \" srcset=\"\" alt=\"specify-the-row\" width=\"672\" height=\"243\"><\/li>\n<li> Luego, haga clic en la flecha hacia abajo a la derecha para regresar a la p\u00e1gina de configuraci\u00f3n. <br \/><img loading=\"lazy\" decoding=\"async\" title=\"6-configuraci\u00f3n-de-regreso-a-p\u00e1gina\" src=\"https:\/\/exceladvisor.org\/wp-content\/uploads\/2023\/08\/6-revenir-a-la-configuration-de-la-page.png\" sizes=\"auto, \" srcset=\"\" alt=\"go-back-to-the-page-setup\" width=\"683\" height=\"83\"><\/li>\n<li> Al final, haga clic en Aceptar para guardar la configuraci\u00f3n. <br \/><img loading=\"lazy\" decoding=\"async\" title=\"7-guardar-configuraciones\" src=\"https:\/\/exceladvisor.org\/wp-content\/uploads\/2023\/08\/7-enregistrer-les-parametres.png\" sizes=\"auto, \" srcset=\"\" alt=\"save-the-settings\" width=\"542\" height=\"523\"><\/li>\n<\/ol>\n<p> Ahora, al imprimir estos datos, Excel imprimir\u00e1 la primera fila de cada p\u00e1gina. <\/p>\n<div class=\"wp-block-image\">\n<figure class=\"aligncenter size-full is-resized\"><img loading=\"lazy\" decoding=\"async\" class=\"wp-image-72476\" src=\"https:\/\/exceladvisor.org\/wp-content\/uploads\/2023\/08\/8-donnees-dapercu-avant-impression.png\" sizes=\"auto, \" srcset=\"\" alt=\"imprimir datos de vista previa\" width=\"812\" height=\"433\"><\/figure>\n<\/div>\n<p> Como puede ver en la instant\u00e1nea anterior, tenemos un total de 23 p\u00e1ginas en la vista previa de impresi\u00f3n y muestra los t\u00edtulos de p\u00e1gina que especificamos comenzando desde la primera fila.<\/p>\n<h2 class=\"wp-block-heading\"> Usar varias l\u00edneas como t\u00edtulos impresos (encabezados)<\/h2>\n<p> De manera similar, donde especific\u00f3 la primera l\u00ednea, tambi\u00e9n puede especificar varias l\u00edneas para establecerlas como t\u00edtulo de impresi\u00f3n. <\/p>\n<div class=\"wp-block-image\">\n<figure class=\"aligncenter size-full is-resized\"><img loading=\"lazy\" decoding=\"async\" class=\"wp-image-72477\" src=\"https:\/\/exceladvisor.org\/wp-content\/uploads\/2023\/08\/9-utiliser-plusieurs-lignes-comme-titre-dimpression.png\" sizes=\"auto, \" srcset=\"\" alt=\"utilizar varias l\u00edneas como t\u00edtulo impreso\" width=\"665\" height=\"232\"><\/figure>\n<\/div>\n<p> Solo necesita seleccionar estas l\u00edneas y especificar su direcci\u00f3n en la barra de entrada, luego hacer clic en Aceptar. <\/p>\n<div class=\"wp-block-image\">\n<figure class=\"aligncenter size-full is-resized\"><img loading=\"lazy\" decoding=\"async\" class=\"wp-image-72478\" src=\"https:\/\/exceladvisor.org\/wp-content\/uploads\/2023\/08\/10-selectionner-les-lignes-pour-les-en-tetes.png\" sizes=\"auto, \" srcset=\"\" alt=\"seleccionar-filas-para-encabezados\" width=\"500\" height=\"523\"><\/figure>\n<\/div>\n<p> Pero solo puede especificar l\u00edneas continuas; si intenta hacer referencia a l\u00edneas no continuas, se mostrar\u00e1 un error. <\/p>\n<div class=\"wp-block-image\">\n<figure class=\"aligncenter size-full is-resized\"><img loading=\"lazy\" decoding=\"async\" class=\"wp-image-72479\" src=\"https:\/\/exceladvisor.org\/wp-content\/uploads\/2023\/08\/11-selectionner-uniquement-les-lignes-continues.png\" sizes=\"auto, \" srcset=\"\" alt=\"solo seleccionar l\u00edneas continuas\" width=\"568\" height=\"497\"><\/figure>\n<\/div>\n<div class=\"gb-container gb-container-4db6181c gb-container-mt\"> <a class=\"gb-button gb-button-c5897111 gb-button-text gb-button-mt-button\" href=\"https:\/\/exceladvisor.org\/es\/avance-de-excel\/\">Tutoriales avanzados de Excel<\/a><\/p>\n<h2 class=\"gb-headline gb-headline-665e5f6b gb-headline-text gb-headline-mt-heading\"> Tutoriales relacionados <\/h2>\n<div class=\"gb-grid-wrapper gb-grid-wrapper-a20baf7c gb-grid-wrapper-mt-grid\">\n<div class=\"gb-grid-column gb-grid-column-65ddf67e\">\n<div class=\"gb-container gb-container-65ddf67e\">\n<ul>\n<li> <a href=\"https:\/\/exceladvisor.org\/es\/papel-cuadriculado\/\">Imprima un papel cuadriculado en Excel (plantilla de cuadr\u00edcula)<\/a><\/li>\n<li> <a href=\"https:\/\/exceladvisor.org\/es\/eliminar-salto-de-pagina\/\">Eliminar salto de p\u00e1gina en Excel<\/a><\/li>\n<li> <a href=\"https:\/\/exceladvisor.org\/es\/establecer-area-de-impresion\/\">Establecer \u00e1rea de impresi\u00f3n en Excel<\/a><\/li>\n<li> <a href=\"https:\/\/exceladvisor.org\/es\/centrar-la-hoja-de-trabajo-horizontalmente\/\">Centrar una hoja de c\u00e1lculo horizontal y verticalmente en Excel<\/a> <\/li>\n<\/ul>\n<\/div>\n<\/div>\n<div class=\"gb-grid-column gb-grid-column-50067b57\">\n<div class=\"gb-container gb-container-50067b57\"><\/div>\n<\/div>\n<\/div>\n<\/div>\n","protected":false},"excerpt":{"rendered":"<p>En Excel, si desea imprimir varias p\u00e1ginas pero desea crear un encabezado o t\u00edtulo desde la primera l\u00ednea para imprimir en la parte superior de cada p\u00e1gina, puede usar la opci\u00f3n Imprimir t\u00edtulos en Excel. Arriba tenemos los datos y necesitamos establecer la primera l\u00ednea como t\u00edtulo para imprimir en cada p\u00e1gina. Esta tabla tiene [&hellip;]<\/p>\n","protected":false},"author":1,"featured_media":0,"parent":0,"menu_order":0,"comment_status":"open","ping_status":"closed","template":"","meta":{"ub_ctt_via":"","footnotes":""},"class_list":["post-412","page","type-page","status-publish","hentry"],"featured_image_src":null,"yoast_head":"<!-- This site is optimized with the Yoast SEO plugin v25.4 - https:\/\/yoast.com\/wordpress\/plugins\/seo\/ -->\n<title>\u00bfc\u00f3mo aplicar t\u00edtulos impresos en excel?<\/title>\n<meta name=\"robots\" content=\"index, follow, max-snippet:-1, max-image-preview:large, max-video-preview:-1\" \/>\n<link rel=\"canonical\" href=\"https:\/\/exceladvisor.org\/es\/imprimir-titulos\/\" \/>\n<meta property=\"og:locale\" content=\"es_ES\" \/>\n<meta property=\"og:type\" content=\"article\" \/>\n<meta property=\"og:title\" content=\"\u00bfc\u00f3mo aplicar t\u00edtulos impresos en excel?\" \/>\n<meta property=\"og:description\" content=\"En Excel, si desea imprimir varias p\u00e1ginas pero desea crear un encabezado o t\u00edtulo desde la primera l\u00ednea para imprimir en la parte superior de cada p\u00e1gina, puede usar la opci\u00f3n Imprimir t\u00edtulos en Excel. Arriba tenemos los datos y necesitamos establecer la primera l\u00ednea como t\u00edtulo para imprimir en cada p\u00e1gina. Esta tabla tiene [&hellip;]\" \/>\n<meta property=\"og:url\" content=\"https:\/\/exceladvisor.org\/es\/imprimir-titulos\/\" \/>\n<meta property=\"og:site_name\" content=\"Excel Advisor\" \/>\n<meta property=\"article:modified_time\" content=\"2023-12-25T10:23:31+00:00\" \/>\n<meta property=\"og:image\" content=\"https:\/\/exceladvisor.org\/wp-content\/uploads\/2023\/08\/1-imprimer-plusieurs-pages.png\" \/>\n<meta name=\"twitter:card\" content=\"summary_large_image\" \/>\n<meta name=\"twitter:label1\" content=\"Tiempo de lectura\" \/>\n\t<meta name=\"twitter:data1\" content=\"2 minutos\" \/>\n<script type=\"application\/ld+json\" class=\"yoast-schema-graph\">{\"@context\":\"https:\/\/schema.org\",\"@graph\":[{\"@type\":\"WebPage\",\"@id\":\"https:\/\/exceladvisor.org\/es\/imprimir-titulos\/\",\"url\":\"https:\/\/exceladvisor.org\/es\/imprimir-titulos\/\",\"name\":\"\u00bfc\u00f3mo aplicar t\u00edtulos impresos en excel?\",\"isPartOf\":{\"@id\":\"https:\/\/exceladvisor.org\/es\/#website\"},\"primaryImageOfPage\":{\"@id\":\"https:\/\/exceladvisor.org\/es\/imprimir-titulos\/#primaryimage\"},\"image\":{\"@id\":\"https:\/\/exceladvisor.org\/es\/imprimir-titulos\/#primaryimage\"},\"thumbnailUrl\":\"https:\/\/exceladvisor.org\/wp-content\/uploads\/2023\/08\/1-imprimer-plusieurs-pages.png\",\"datePublished\":\"2023-10-30T09:05:14+00:00\",\"dateModified\":\"2023-12-25T10:23:31+00:00\",\"breadcrumb\":{\"@id\":\"https:\/\/exceladvisor.org\/es\/imprimir-titulos\/#breadcrumb\"},\"inLanguage\":\"es\",\"potentialAction\":[{\"@type\":\"ReadAction\",\"target\":[\"https:\/\/exceladvisor.org\/es\/imprimir-titulos\/\"]}]},{\"@type\":\"ImageObject\",\"inLanguage\":\"es\",\"@id\":\"https:\/\/exceladvisor.org\/es\/imprimir-titulos\/#primaryimage\",\"url\":\"https:\/\/exceladvisor.org\/wp-content\/uploads\/2023\/08\/1-imprimer-plusieurs-pages.png\",\"contentUrl\":\"https:\/\/exceladvisor.org\/wp-content\/uploads\/2023\/08\/1-imprimer-plusieurs-pages.png\"},{\"@type\":\"BreadcrumbList\",\"@id\":\"https:\/\/exceladvisor.org\/es\/imprimir-titulos\/#breadcrumb\",\"itemListElement\":[{\"@type\":\"ListItem\",\"position\":1,\"name\":\"Hogar\",\"item\":\"https:\/\/exceladvisor.org\/es\/\"},{\"@type\":\"ListItem\",\"position\":2,\"name\":\"\u00bfc\u00f3mo aplicar t\u00edtulos impresos en excel?\"}]},{\"@type\":\"WebSite\",\"@id\":\"https:\/\/exceladvisor.org\/es\/#website\",\"url\":\"https:\/\/exceladvisor.org\/es\/\",\"name\":\"Excel Advisor\",\"description\":\"Su gu\u00eda para la dominaci\u00f3n de datos!\",\"publisher\":{\"@id\":\"https:\/\/exceladvisor.org\/es\/#organization\"},\"potentialAction\":[{\"@type\":\"SearchAction\",\"target\":{\"@type\":\"EntryPoint\",\"urlTemplate\":\"https:\/\/exceladvisor.org\/es\/?s={search_term_string}\"},\"query-input\":{\"@type\":\"PropertyValueSpecification\",\"valueRequired\":true,\"valueName\":\"search_term_string\"}}],\"inLanguage\":\"es\"},{\"@type\":\"Organization\",\"@id\":\"https:\/\/exceladvisor.org\/es\/#organization\",\"name\":\"Excel Advisor\",\"url\":\"https:\/\/exceladvisor.org\/es\/\",\"logo\":{\"@type\":\"ImageObject\",\"inLanguage\":\"es\",\"@id\":\"https:\/\/exceladvisor.org\/es\/#\/schema\/logo\/image\/\",\"url\":\"https:\/\/exceladvisor.org\/es\/wp-content\/uploads\/2023\/12\/exceladvisor.org_.png\",\"contentUrl\":\"https:\/\/exceladvisor.org\/es\/wp-content\/uploads\/2023\/12\/exceladvisor.org_.png\",\"width\":105,\"height\":36,\"caption\":\"Excel Advisor\"},\"image\":{\"@id\":\"https:\/\/exceladvisor.org\/es\/#\/schema\/logo\/image\/\"}}]}<\/script>\n<!-- \/ Yoast SEO plugin. -->","yoast_head_json":{"title":"\u00bfc\u00f3mo aplicar t\u00edtulos impresos en excel?","robots":{"index":"index","follow":"follow","max-snippet":"max-snippet:-1","max-image-preview":"max-image-preview:large","max-video-preview":"max-video-preview:-1"},"canonical":"https:\/\/exceladvisor.org\/es\/imprimir-titulos\/","og_locale":"es_ES","og_type":"article","og_title":"\u00bfc\u00f3mo aplicar t\u00edtulos impresos en excel?","og_description":"En Excel, si desea imprimir varias p\u00e1ginas pero desea crear un encabezado o t\u00edtulo desde la primera l\u00ednea para imprimir en la parte superior de cada p\u00e1gina, puede usar la opci\u00f3n Imprimir t\u00edtulos en Excel. Arriba tenemos los datos y necesitamos establecer la primera l\u00ednea como t\u00edtulo para imprimir en cada p\u00e1gina. Esta tabla tiene [&hellip;]","og_url":"https:\/\/exceladvisor.org\/es\/imprimir-titulos\/","og_site_name":"Excel Advisor","article_modified_time":"2023-12-25T10:23:31+00:00","og_image":[{"url":"https:\/\/exceladvisor.org\/wp-content\/uploads\/2023\/08\/1-imprimer-plusieurs-pages.png","type":"","width":"","height":""}],"twitter_card":"summary_large_image","twitter_misc":{"Tiempo de lectura":"2 minutos"},"schema":{"@context":"https:\/\/schema.org","@graph":[{"@type":"WebPage","@id":"https:\/\/exceladvisor.org\/es\/imprimir-titulos\/","url":"https:\/\/exceladvisor.org\/es\/imprimir-titulos\/","name":"\u00bfc\u00f3mo aplicar t\u00edtulos impresos en excel?","isPartOf":{"@id":"https:\/\/exceladvisor.org\/es\/#website"},"primaryImageOfPage":{"@id":"https:\/\/exceladvisor.org\/es\/imprimir-titulos\/#primaryimage"},"image":{"@id":"https:\/\/exceladvisor.org\/es\/imprimir-titulos\/#primaryimage"},"thumbnailUrl":"https:\/\/exceladvisor.org\/wp-content\/uploads\/2023\/08\/1-imprimer-plusieurs-pages.png","datePublished":"2023-10-30T09:05:14+00:00","dateModified":"2023-12-25T10:23:31+00:00","breadcrumb":{"@id":"https:\/\/exceladvisor.org\/es\/imprimir-titulos\/#breadcrumb"},"inLanguage":"es","potentialAction":[{"@type":"ReadAction","target":["https:\/\/exceladvisor.org\/es\/imprimir-titulos\/"]}]},{"@type":"ImageObject","inLanguage":"es","@id":"https:\/\/exceladvisor.org\/es\/imprimir-titulos\/#primaryimage","url":"https:\/\/exceladvisor.org\/wp-content\/uploads\/2023\/08\/1-imprimer-plusieurs-pages.png","contentUrl":"https:\/\/exceladvisor.org\/wp-content\/uploads\/2023\/08\/1-imprimer-plusieurs-pages.png"},{"@type":"BreadcrumbList","@id":"https:\/\/exceladvisor.org\/es\/imprimir-titulos\/#breadcrumb","itemListElement":[{"@type":"ListItem","position":1,"name":"Hogar","item":"https:\/\/exceladvisor.org\/es\/"},{"@type":"ListItem","position":2,"name":"\u00bfc\u00f3mo aplicar t\u00edtulos impresos en excel?"}]},{"@type":"WebSite","@id":"https:\/\/exceladvisor.org\/es\/#website","url":"https:\/\/exceladvisor.org\/es\/","name":"Excel Advisor","description":"Su gu\u00eda para la dominaci\u00f3n de datos!","publisher":{"@id":"https:\/\/exceladvisor.org\/es\/#organization"},"potentialAction":[{"@type":"SearchAction","target":{"@type":"EntryPoint","urlTemplate":"https:\/\/exceladvisor.org\/es\/?s={search_term_string}"},"query-input":{"@type":"PropertyValueSpecification","valueRequired":true,"valueName":"search_term_string"}}],"inLanguage":"es"},{"@type":"Organization","@id":"https:\/\/exceladvisor.org\/es\/#organization","name":"Excel Advisor","url":"https:\/\/exceladvisor.org\/es\/","logo":{"@type":"ImageObject","inLanguage":"es","@id":"https:\/\/exceladvisor.org\/es\/#\/schema\/logo\/image\/","url":"https:\/\/exceladvisor.org\/es\/wp-content\/uploads\/2023\/12\/exceladvisor.org_.png","contentUrl":"https:\/\/exceladvisor.org\/es\/wp-content\/uploads\/2023\/12\/exceladvisor.org_.png","width":105,"height":36,"caption":"Excel Advisor"},"image":{"@id":"https:\/\/exceladvisor.org\/es\/#\/schema\/logo\/image\/"}}]}},"yoast_meta":{"yoast_wpseo_title":"","yoast_wpseo_metadesc":"","yoast_wpseo_canonical":""},"_links":{"self":[{"href":"https:\/\/exceladvisor.org\/es\/wp-json\/wp\/v2\/pages\/412","targetHints":{"allow":["GET"]}}],"collection":[{"href":"https:\/\/exceladvisor.org\/es\/wp-json\/wp\/v2\/pages"}],"about":[{"href":"https:\/\/exceladvisor.org\/es\/wp-json\/wp\/v2\/types\/page"}],"author":[{"embeddable":true,"href":"https:\/\/exceladvisor.org\/es\/wp-json\/wp\/v2\/users\/1"}],"replies":[{"embeddable":true,"href":"https:\/\/exceladvisor.org\/es\/wp-json\/wp\/v2\/comments?post=412"}],"version-history":[{"count":1,"href":"https:\/\/exceladvisor.org\/es\/wp-json\/wp\/v2\/pages\/412\/revisions"}],"predecessor-version":[{"id":851,"href":"https:\/\/exceladvisor.org\/es\/wp-json\/wp\/v2\/pages\/412\/revisions\/851"}],"wp:attachment":[{"href":"https:\/\/exceladvisor.org\/es\/wp-json\/wp\/v2\/media?parent=412"}],"curies":[{"name":"wp","href":"https:\/\/api.w.org\/{rel}","templated":true}]}}