{"id":413,"date":"2023-10-30T08:04:33","date_gmt":"2023-10-30T08:04:33","guid":{"rendered":"https:\/\/exceladvisor.org\/es\/escribe-verticalmente\/"},"modified":"2023-12-25T10:25:14","modified_gmt":"2023-12-25T10:25:14","slug":"escribe-verticalmente","status":"publish","type":"page","link":"https:\/\/exceladvisor.org\/es\/escribe-verticalmente\/","title":{"rendered":"\u00bfc\u00f3mo escribir (escribir) verticalmente en excel?"},"content":{"rendered":"<div class=\"excel-antes-del-contenido\" id=\"excel-1503715476\"><script type=\"text\/javascript\">\r\n\tatOptions = {\r\n\t\t'key' : 'c1158f160081d6540a8409e6925dab94',\r\n\t\t'format' : 'iframe',\r\n\t\t'height' : 250,\r\n\t\t'width' : 300,\r\n\t\t'params' : {}\r\n\t};\r\n<\/script>\r\n<script type=\"text\/javascript\" src=\"\/\/www.highperformanceformat.com\/c1158f160081d6540a8409e6925dab94\/invoke.js\"><\/script><\/div><p>En Excel, si quieres escribir verticalmente, puedes usar y aplicar varias opciones. Cada una de estas opciones funciona de manera diferente pero le brinda el mismo resultado. Puedes utilizar cualquiera de las opciones que m\u00e1s te convenga. <\/p>\n<div class=\"wp-block-image\">\n<figure class=\"aligncenter size-full is-resized\"><img loading=\"lazy\" decoding=\"async\" class=\"wp-image-72543\" src=\"https:\/\/exceladvisor.org\/wp-content\/uploads\/2023\/08\/1-ecrire-verticalement.png\" sizes=\"auto, \" srcset=\"\" alt=\"escribe verticalmente\" width=\"457\" height=\"437\"><\/figure>\n<\/div>\n<p> En este tutorial, veremos c\u00f3mo hacer que el texto sea vertical en Excel y escribirlo tambi\u00e9n verticalmente.<\/p>\n<h2 class=\"wp-block-heading\"> Escribir (escribir) verticalmente en Excel <\/h2>\n<div class=\"wp-block-image\">\n<figure class=\"aligncenter size-full is-resized\"><img loading=\"lazy\" decoding=\"async\" class=\"wp-image-72544\" src=\"https:\/\/exceladvisor.org\/wp-content\/uploads\/2023\/08\/2-selectionnez-loption-de-texte-vertical.png\" sizes=\"auto, \" srcset=\"\" alt=\"seleccionar-opci\u00f3n-de-texto-vertical\" width=\"668\" height=\"453\"><\/figure>\n<\/div>\n<ol type=\"1\">\n<li> Primero, selecciona la celda que deseas escribir verticalmente.<\/li>\n<li> Despu\u00e9s de eso, en la pesta\u00f1a Inicio, vaya al grupo Alineaci\u00f3n.<\/li>\n<li> Desde all\u00ed, haga clic en la opci\u00f3n desplegable <a href=\"https:\/\/exceladvisor.org\/es\/rotar-texto\/\">Orientaci\u00f3n<\/a> .<\/li>\n<li> Luego seleccione la \u201copci\u00f3n vertical\u201d desde all\u00ed.<\/li>\n<li> Al final, escriba e ingrese el valor en la celda seleccionada.<\/li>\n<\/ol>\n<p> Una vez que aplica la orientaci\u00f3n vertical, el valor que escribe en la celda se vuelve vertical. Aparte de esto, hay algunas opciones adicionales que puedes utilizar:<\/p>\n<ul>\n<li> Girar texto hacia arriba<\/li>\n<li> Girar texto hacia abajo <\/li>\n<\/ul>\n<div class=\"wp-block-image\">\n<figure class=\"aligncenter size-full is-resized\"><img loading=\"lazy\" decoding=\"async\" class=\"wp-image-72545\" src=\"https:\/\/exceladvisor.org\/wp-content\/uploads\/2023\/08\/3-faire-pivoter-le-texte-de-haut-en-bas.png\" sizes=\"auto, \" srcset=\"\" alt=\"rotar texto hacia arriba y hacia abajo\" width=\"684\" height=\"450\"><\/figure>\n<\/div>\n<h2 class=\"wp-block-heading\"> Escriba verticalmente dentro de la celda en Excel<\/h2>\n<p> Tambi\u00e9n puede escribir verticalmente mientras ingresa un valor en una celda. Para ello, debe utilizar el <a href=\"https:\/\/exceladvisor.org\/es\/atajos-de-teclado\/\">m\u00e9todo abreviado de teclado<\/a> para <a href=\"https:\/\/exceladvisor.org\/es\/nueva-linea-en-la-celda\/\">agregar un salto de l\u00ednea<\/a> al ingresar el valor.<\/p>\n<p> Digamos que necesitas ingresar \u00abExcel\u00bb en la celda A1. <a href=\"https:\/\/exceladvisor.org\/es\/editar-celda\/\">Edite la celda<\/a> e ingrese el primer alfabeto, luego presione la tecla de acceso directo <kbd>Alt<\/kbd> + <kbd>Enter<\/kbd> . Esto mover\u00e1 el cursor a la siguiente l\u00ednea y deber\u00e1 hacer esto para cada alfabeto. <\/p>\n<div class=\"wp-block-image\">\n<figure class=\"aligncenter size-full is-resized\"><img loading=\"lazy\" decoding=\"async\" class=\"wp-image-72546\" src=\"https:\/\/exceladvisor.org\/wp-content\/uploads\/2023\/08\/4-type-verticalement-a-linterieur-de-la-cellule.png\" sizes=\"auto, \" srcset=\"\" alt=\"escribir verticalmente en la celda\" width=\"362\" height=\"257\"><\/figure>\n<\/div>\n<h2 class=\"wp-block-heading\"> Hacer texto vertical con Ajustar texto<\/h2>\n<p> En Excel, existe una opci\u00f3n llamada <a href=\"https:\/\/exceladvisor.org\/es\/ajustar-texto\/\">ajuste de texto<\/a> que puede usar para hacer que el texto sea vertical en una celda.<\/p>\n<ol>\n<li> Primero, debe ingresar el valor en la celda.<\/li>\n<li> Despu\u00e9s de eso, vaya a la pesta\u00f1a de inicio y haga clic en el bot\u00f3n de ajuste de texto.<\/li>\n<li> Ahora ingresa los valores en la celda. <br \/><img loading=\"lazy\" decoding=\"async\" title=\"5-bot\u00f3n-de-seleccionar-ajustar-texto\" src=\"https:\/\/exceladvisor.org\/wp-content\/uploads\/2023\/08\/5-selectionnez-le-bouton-dhabillage-du-texte.png\" sizes=\"auto, \" srcset=\"\" alt=\"select-wrap-text-button\" width=\"624\" height=\"295\"><\/li>\n<li> Desde aqu\u00ed, debes ajustar el ancho de la columna para que solo pueda haber un alfabeto por fila. <br \/><img loading=\"lazy\" decoding=\"async\" title=\"6 ajustes de ancho de celda\" src=\"https:\/\/exceladvisor.org\/wp-content\/uploads\/2023\/08\/6-ajuster-la-largeur-de-la-cellule.png\" sizes=\"auto, \" srcset=\"\" alt=\"adjust-cell-width\" width=\"630\" height=\"328\"><\/li>\n<li> Al final, haga clic entre las l\u00edneas 1 y 2 para ajustar autom\u00e1ticamente la l\u00ednea 1. <br \/><img loading=\"lazy\" decoding=\"async\" title=\"7 clics entre l\u00edneas\" src=\"https:\/\/exceladvisor.org\/wp-content\/uploads\/2023\/08\/7-clic-entre-les-lignes.png\" sizes=\"auto, \" srcset=\"\" alt=\"click-between-rows\" width=\"629\" height=\"320\"><\/li>\n<\/ol>\n<p> En el momento en que <a href=\"https:\/\/exceladvisor.org\/es\/ajuste-automatico\/\">ajuste autom\u00e1ticamente<\/a> la l\u00ednea, obtendr\u00e1 el valor completo en direcci\u00f3n vertical. <\/p>\n<div class=\"wp-block-image\">\n<figure class=\"aligncenter size-full is-resized\"><img loading=\"lazy\" decoding=\"async\" class=\"wp-image-72550\" src=\"https:\/\/exceladvisor.org\/wp-content\/uploads\/2023\/08\/8-valeur-dans-le-sens-vertical.png\" sizes=\"auto, \" srcset=\"\" alt=\"valor en direcci\u00f3n vertical\" width=\"660\" height=\"427\"><\/figure>\n<\/div>\n<h2 class=\"wp-block-heading\"> Agregue un cuadro de texto y escriba verticalmente en Excel<\/h2>\n<p> Tambi\u00e9n puede <a href=\"https:\/\/exceladvisor.org\/es\/zona-de-texto\/\">insertar un cuadro de texto<\/a> en la celda y luego cambiar la direcci\u00f3n del texto a vertical para escribir verticalmente all\u00ed.<\/p>\n<ol>\n<li> Primero, inserte un cuadro de texto en la hoja de trabajo Insertar \u21e2 Texto \u21e2 Cuadro de texto. <br \/><img loading=\"lazy\" decoding=\"async\" title=\"9-a\u00f1adir-un-\u00e1rea-de-texto\" src=\"https:\/\/exceladvisor.org\/wp-content\/uploads\/2023\/08\/9-ajouter-une-zone-de-texte.png\" sizes=\"auto, \" srcset=\"\" alt=\"add-a-text-box\" width=\"576\" height=\"296\"><\/li>\n<li> Despu\u00e9s de eso, seleccione el cuadro de texto, haga clic derecho sobre \u00e9l y abra \u00abFormato de forma\u00bb o puede presionar <a href=\"https:\/\/exceladvisor.org\/es\/opciones-de-celda-de-formato-abierto\/\">Ctrl + 1<\/a> . <br \/><img loading=\"lazy\" decoding=\"async\" title=\"Formato de 10 formas abiertas\" src=\"https:\/\/exceladvisor.org\/wp-content\/uploads\/2023\/08\/10-ouvrir-le-format-de-forme.png\" sizes=\"auto, \" srcset=\"\" alt=\"open-the-shape-format\" width=\"404\" height=\"444\"><\/li>\n<li> Desde la opci\u00f3n Formato de forma, vaya a \u00abOpciones de texto\u00bb y luego a \u00abCuadro de texto\u00bb. <br \/><img loading=\"lazy\" decoding=\"async\" title=\"11-opciones-de-texto-cuadro de texto\" src=\"https:\/\/exceladvisor.org\/wp-content\/uploads\/2023\/08\/Zone-de-texte-de-11-options-de-texte.png\" sizes=\"auto, \" srcset=\"\" alt=\"text-options-textbox\" width=\"281\" height=\"122\"><\/li>\n<li> Ahora, desde la opci\u00f3n de direcci\u00f3n del texto, seleccione la opci\u00f3n \u00abApilado\u00bb. <br \/><img loading=\"lazy\" decoding=\"async\" title=\"12 opciones apiladas seleccionadas\" src=\"https:\/\/exceladvisor.org\/wp-content\/uploads\/2023\/08\/12-selectionnez-loption-empilee.png\" sizes=\"auto, \" srcset=\"\" alt=\"select-the-stacked-option\" width=\"336\" height=\"264\"><\/li>\n<\/ol>\n<p> Una vez que haya realizado este cambio, puede escribir verticalmente dentro del cuadro de texto. <\/p>\n<div class=\"wp-block-image\">\n<figure class=\"aligncenter size-full is-resized\"><img loading=\"lazy\" decoding=\"async\" class=\"wp-image-72555\" src=\"https:\/\/exceladvisor.org\/wp-content\/uploads\/2023\/08\/13-ecrire-verticalement-a-linterieur-de-la-boite.png\" sizes=\"auto, \" srcset=\"\" alt=\"escribir-verticalmente-en-la-caja\" width=\"432\" height=\"364\"><\/figure>\n<\/div>\n<p> As\u00ed de simple, puedes hacer los mismos cambios con la palabra arte y luego escribir en ella verticalmente.<\/p>\n<p> De todas las opciones que has visto en este tutorial, la m\u00e1s \u00fatil es cambiar la orientaci\u00f3n del texto. Pero como dije, puedes usar cualquiera de ellos seg\u00fan tus necesidades.<\/p>\n<div class=\"gb-container gb-container-4db6181c gb-container-mt\"> <a class=\"gb-button gb-button-c5897111 gb-button-text gb-button-mt-button\" href=\"https:\/\/exceladvisor.org\/es\/conceptos-basicos-de-excel\/\">Conceptos b\u00e1sicos de Microsoft Excel (componentes, piezas y notas de conocimiento)<\/a><\/p>\n<h2 class=\"gb-headline gb-headline-665e5f6b gb-headline-text gb-headline-mt-heading\"> Tutoriales relacionados <\/h2>\n<div class=\"gb-grid-wrapper gb-grid-wrapper-a20baf7c gb-grid-wrapper-mt-grid\">\n<div class=\"gb-grid-column gb-grid-column-65ddf67e\">\n<div class=\"gb-container gb-container-65ddf67e\">\n<ul>\n<li> <a href=\"https:\/\/exceladvisor.org\/es\/agregar-una-columna\/\">Agregar una columna en Excel<\/a><\/li>\n<li> <a href=\"https:\/\/exceladvisor.org\/es\/seleccionar-celdas-no-contiguas\/\">Seleccionar celdas no contiguas en Excel<\/a><\/li>\n<li> <a href=\"https:\/\/exceladvisor.org\/es\/fila-vs-columna\/\">Fila vs columna en Excel (diferencia)<\/a><\/li>\n<li> <a href=\"https:\/\/exceladvisor.org\/es\/eliminar-lineas-vacias\/\">Eliminar filas en blanco en Excel<\/a><\/li>\n<li> <a href=\"https:\/\/exceladvisor.org\/es\/intercambiar-la-celda\/\">Intercambie r\u00e1pidamente dos celdas en Excel<\/a><\/li>\n<li> <a href=\"https:\/\/exceladvisor.org\/es\/columna-2\/\">\u00bfQu\u00e9 es una columna en Excel?<\/a> <\/li>\n<\/ul>\n<\/div>\n<\/div>\n<div class=\"gb-grid-column gb-grid-column-50067b57\">\n<div class=\"gb-container gb-container-50067b57\"><\/div>\n<\/div>\n<\/div>\n<\/div>\n","protected":false},"excerpt":{"rendered":"<p>En Excel, si quieres escribir verticalmente, puedes usar y aplicar varias opciones. Cada una de estas opciones funciona de manera diferente pero le brinda el mismo resultado. Puedes utilizar cualquiera de las opciones que m\u00e1s te convenga. En este tutorial, veremos c\u00f3mo hacer que el texto sea vertical en Excel y escribirlo tambi\u00e9n verticalmente. Escribir [&hellip;]<\/p>\n","protected":false},"author":1,"featured_media":0,"parent":0,"menu_order":0,"comment_status":"open","ping_status":"closed","template":"","meta":{"ub_ctt_via":"","footnotes":""},"class_list":["post-413","page","type-page","status-publish","hentry"],"featured_image_src":null,"yoast_head":"<!-- This site is optimized with the Yoast SEO plugin v25.4 - https:\/\/yoast.com\/wordpress\/plugins\/seo\/ -->\n<title>\u00bfc\u00f3mo escribir (escribir) verticalmente en excel?<\/title>\n<meta name=\"robots\" content=\"index, follow, max-snippet:-1, max-image-preview:large, max-video-preview:-1\" \/>\n<link rel=\"canonical\" href=\"https:\/\/exceladvisor.org\/es\/escribe-verticalmente\/\" \/>\n<meta property=\"og:locale\" content=\"es_ES\" \/>\n<meta property=\"og:type\" content=\"article\" \/>\n<meta property=\"og:title\" content=\"\u00bfc\u00f3mo escribir (escribir) verticalmente en excel?\" \/>\n<meta property=\"og:description\" content=\"En Excel, si quieres escribir verticalmente, puedes usar y aplicar varias opciones. Cada una de estas opciones funciona de manera diferente pero le brinda el mismo resultado. Puedes utilizar cualquiera de las opciones que m\u00e1s te convenga. En este tutorial, veremos c\u00f3mo hacer que el texto sea vertical en Excel y escribirlo tambi\u00e9n verticalmente. Escribir [&hellip;]\" \/>\n<meta property=\"og:url\" content=\"https:\/\/exceladvisor.org\/es\/escribe-verticalmente\/\" \/>\n<meta property=\"og:site_name\" content=\"Excel Advisor\" \/>\n<meta property=\"article:modified_time\" content=\"2023-12-25T10:25:14+00:00\" \/>\n<meta property=\"og:image\" content=\"https:\/\/exceladvisor.org\/wp-content\/uploads\/2023\/08\/1-ecrire-verticalement.png\" \/>\n<meta name=\"twitter:card\" content=\"summary_large_image\" \/>\n<meta name=\"twitter:label1\" content=\"Tiempo de lectura\" \/>\n\t<meta name=\"twitter:data1\" content=\"3 minutos\" \/>\n<script type=\"application\/ld+json\" class=\"yoast-schema-graph\">{\"@context\":\"https:\/\/schema.org\",\"@graph\":[{\"@type\":\"WebPage\",\"@id\":\"https:\/\/exceladvisor.org\/es\/escribe-verticalmente\/\",\"url\":\"https:\/\/exceladvisor.org\/es\/escribe-verticalmente\/\",\"name\":\"\u00bfc\u00f3mo escribir (escribir) verticalmente en excel?\",\"isPartOf\":{\"@id\":\"https:\/\/exceladvisor.org\/es\/#website\"},\"primaryImageOfPage\":{\"@id\":\"https:\/\/exceladvisor.org\/es\/escribe-verticalmente\/#primaryimage\"},\"image\":{\"@id\":\"https:\/\/exceladvisor.org\/es\/escribe-verticalmente\/#primaryimage\"},\"thumbnailUrl\":\"https:\/\/exceladvisor.org\/wp-content\/uploads\/2023\/08\/1-ecrire-verticalement.png\",\"datePublished\":\"2023-10-30T08:04:33+00:00\",\"dateModified\":\"2023-12-25T10:25:14+00:00\",\"breadcrumb\":{\"@id\":\"https:\/\/exceladvisor.org\/es\/escribe-verticalmente\/#breadcrumb\"},\"inLanguage\":\"es\",\"potentialAction\":[{\"@type\":\"ReadAction\",\"target\":[\"https:\/\/exceladvisor.org\/es\/escribe-verticalmente\/\"]}]},{\"@type\":\"ImageObject\",\"inLanguage\":\"es\",\"@id\":\"https:\/\/exceladvisor.org\/es\/escribe-verticalmente\/#primaryimage\",\"url\":\"https:\/\/exceladvisor.org\/wp-content\/uploads\/2023\/08\/1-ecrire-verticalement.png\",\"contentUrl\":\"https:\/\/exceladvisor.org\/wp-content\/uploads\/2023\/08\/1-ecrire-verticalement.png\"},{\"@type\":\"BreadcrumbList\",\"@id\":\"https:\/\/exceladvisor.org\/es\/escribe-verticalmente\/#breadcrumb\",\"itemListElement\":[{\"@type\":\"ListItem\",\"position\":1,\"name\":\"Hogar\",\"item\":\"https:\/\/exceladvisor.org\/es\/\"},{\"@type\":\"ListItem\",\"position\":2,\"name\":\"\u00bfc\u00f3mo escribir (escribir) verticalmente en excel?\"}]},{\"@type\":\"WebSite\",\"@id\":\"https:\/\/exceladvisor.org\/es\/#website\",\"url\":\"https:\/\/exceladvisor.org\/es\/\",\"name\":\"Excel Advisor\",\"description\":\"Su gu\u00eda para la dominaci\u00f3n de datos!\",\"publisher\":{\"@id\":\"https:\/\/exceladvisor.org\/es\/#organization\"},\"potentialAction\":[{\"@type\":\"SearchAction\",\"target\":{\"@type\":\"EntryPoint\",\"urlTemplate\":\"https:\/\/exceladvisor.org\/es\/?s={search_term_string}\"},\"query-input\":{\"@type\":\"PropertyValueSpecification\",\"valueRequired\":true,\"valueName\":\"search_term_string\"}}],\"inLanguage\":\"es\"},{\"@type\":\"Organization\",\"@id\":\"https:\/\/exceladvisor.org\/es\/#organization\",\"name\":\"Excel Advisor\",\"url\":\"https:\/\/exceladvisor.org\/es\/\",\"logo\":{\"@type\":\"ImageObject\",\"inLanguage\":\"es\",\"@id\":\"https:\/\/exceladvisor.org\/es\/#\/schema\/logo\/image\/\",\"url\":\"https:\/\/exceladvisor.org\/es\/wp-content\/uploads\/2023\/12\/exceladvisor.org_.png\",\"contentUrl\":\"https:\/\/exceladvisor.org\/es\/wp-content\/uploads\/2023\/12\/exceladvisor.org_.png\",\"width\":105,\"height\":36,\"caption\":\"Excel Advisor\"},\"image\":{\"@id\":\"https:\/\/exceladvisor.org\/es\/#\/schema\/logo\/image\/\"}}]}<\/script>\n<!-- \/ Yoast SEO plugin. -->","yoast_head_json":{"title":"\u00bfc\u00f3mo escribir (escribir) verticalmente en excel?","robots":{"index":"index","follow":"follow","max-snippet":"max-snippet:-1","max-image-preview":"max-image-preview:large","max-video-preview":"max-video-preview:-1"},"canonical":"https:\/\/exceladvisor.org\/es\/escribe-verticalmente\/","og_locale":"es_ES","og_type":"article","og_title":"\u00bfc\u00f3mo escribir (escribir) verticalmente en excel?","og_description":"En Excel, si quieres escribir verticalmente, puedes usar y aplicar varias opciones. Cada una de estas opciones funciona de manera diferente pero le brinda el mismo resultado. Puedes utilizar cualquiera de las opciones que m\u00e1s te convenga. En este tutorial, veremos c\u00f3mo hacer que el texto sea vertical en Excel y escribirlo tambi\u00e9n verticalmente. Escribir [&hellip;]","og_url":"https:\/\/exceladvisor.org\/es\/escribe-verticalmente\/","og_site_name":"Excel Advisor","article_modified_time":"2023-12-25T10:25:14+00:00","og_image":[{"url":"https:\/\/exceladvisor.org\/wp-content\/uploads\/2023\/08\/1-ecrire-verticalement.png","type":"","width":"","height":""}],"twitter_card":"summary_large_image","twitter_misc":{"Tiempo de lectura":"3 minutos"},"schema":{"@context":"https:\/\/schema.org","@graph":[{"@type":"WebPage","@id":"https:\/\/exceladvisor.org\/es\/escribe-verticalmente\/","url":"https:\/\/exceladvisor.org\/es\/escribe-verticalmente\/","name":"\u00bfc\u00f3mo escribir (escribir) verticalmente en excel?","isPartOf":{"@id":"https:\/\/exceladvisor.org\/es\/#website"},"primaryImageOfPage":{"@id":"https:\/\/exceladvisor.org\/es\/escribe-verticalmente\/#primaryimage"},"image":{"@id":"https:\/\/exceladvisor.org\/es\/escribe-verticalmente\/#primaryimage"},"thumbnailUrl":"https:\/\/exceladvisor.org\/wp-content\/uploads\/2023\/08\/1-ecrire-verticalement.png","datePublished":"2023-10-30T08:04:33+00:00","dateModified":"2023-12-25T10:25:14+00:00","breadcrumb":{"@id":"https:\/\/exceladvisor.org\/es\/escribe-verticalmente\/#breadcrumb"},"inLanguage":"es","potentialAction":[{"@type":"ReadAction","target":["https:\/\/exceladvisor.org\/es\/escribe-verticalmente\/"]}]},{"@type":"ImageObject","inLanguage":"es","@id":"https:\/\/exceladvisor.org\/es\/escribe-verticalmente\/#primaryimage","url":"https:\/\/exceladvisor.org\/wp-content\/uploads\/2023\/08\/1-ecrire-verticalement.png","contentUrl":"https:\/\/exceladvisor.org\/wp-content\/uploads\/2023\/08\/1-ecrire-verticalement.png"},{"@type":"BreadcrumbList","@id":"https:\/\/exceladvisor.org\/es\/escribe-verticalmente\/#breadcrumb","itemListElement":[{"@type":"ListItem","position":1,"name":"Hogar","item":"https:\/\/exceladvisor.org\/es\/"},{"@type":"ListItem","position":2,"name":"\u00bfc\u00f3mo escribir (escribir) verticalmente en excel?"}]},{"@type":"WebSite","@id":"https:\/\/exceladvisor.org\/es\/#website","url":"https:\/\/exceladvisor.org\/es\/","name":"Excel Advisor","description":"Su gu\u00eda para la dominaci\u00f3n de datos!","publisher":{"@id":"https:\/\/exceladvisor.org\/es\/#organization"},"potentialAction":[{"@type":"SearchAction","target":{"@type":"EntryPoint","urlTemplate":"https:\/\/exceladvisor.org\/es\/?s={search_term_string}"},"query-input":{"@type":"PropertyValueSpecification","valueRequired":true,"valueName":"search_term_string"}}],"inLanguage":"es"},{"@type":"Organization","@id":"https:\/\/exceladvisor.org\/es\/#organization","name":"Excel Advisor","url":"https:\/\/exceladvisor.org\/es\/","logo":{"@type":"ImageObject","inLanguage":"es","@id":"https:\/\/exceladvisor.org\/es\/#\/schema\/logo\/image\/","url":"https:\/\/exceladvisor.org\/es\/wp-content\/uploads\/2023\/12\/exceladvisor.org_.png","contentUrl":"https:\/\/exceladvisor.org\/es\/wp-content\/uploads\/2023\/12\/exceladvisor.org_.png","width":105,"height":36,"caption":"Excel Advisor"},"image":{"@id":"https:\/\/exceladvisor.org\/es\/#\/schema\/logo\/image\/"}}]}},"yoast_meta":{"yoast_wpseo_title":"","yoast_wpseo_metadesc":"","yoast_wpseo_canonical":""},"_links":{"self":[{"href":"https:\/\/exceladvisor.org\/es\/wp-json\/wp\/v2\/pages\/413","targetHints":{"allow":["GET"]}}],"collection":[{"href":"https:\/\/exceladvisor.org\/es\/wp-json\/wp\/v2\/pages"}],"about":[{"href":"https:\/\/exceladvisor.org\/es\/wp-json\/wp\/v2\/types\/page"}],"author":[{"embeddable":true,"href":"https:\/\/exceladvisor.org\/es\/wp-json\/wp\/v2\/users\/1"}],"replies":[{"embeddable":true,"href":"https:\/\/exceladvisor.org\/es\/wp-json\/wp\/v2\/comments?post=413"}],"version-history":[{"count":1,"href":"https:\/\/exceladvisor.org\/es\/wp-json\/wp\/v2\/pages\/413\/revisions"}],"predecessor-version":[{"id":1026,"href":"https:\/\/exceladvisor.org\/es\/wp-json\/wp\/v2\/pages\/413\/revisions\/1026"}],"wp:attachment":[{"href":"https:\/\/exceladvisor.org\/es\/wp-json\/wp\/v2\/media?parent=413"}],"curies":[{"name":"wp","href":"https:\/\/api.w.org\/{rel}","templated":true}]}}