{"id":414,"date":"2023-10-30T06:52:08","date_gmt":"2023-10-30T06:52:08","guid":{"rendered":"https:\/\/exceladvisor.org\/es\/mover-fila-columna\/"},"modified":"2023-12-25T10:26:12","modified_gmt":"2023-12-25T10:26:12","slug":"mover-fila-columna","status":"publish","type":"page","link":"https:\/\/exceladvisor.org\/es\/mover-fila-columna\/","title":{"rendered":"\u00bfc\u00f3mo mover una fila y columna en excel?"},"content":{"rendered":"<div class=\"excel-antes-del-contenido\" id=\"excel-1511367819\"><script type=\"text\/javascript\">\r\n\tatOptions = {\r\n\t\t'key' : 'c1158f160081d6540a8409e6925dab94',\r\n\t\t'format' : 'iframe',\r\n\t\t'height' : 250,\r\n\t\t'width' : 300,\r\n\t\t'params' : {}\r\n\t};\r\n<\/script>\r\n<script type=\"text\/javascript\" src=\"\/\/www.highperformanceformat.com\/c1158f160081d6540a8409e6925dab94\/invoke.js\"><\/script><\/div><p>En Excel, a veces necesitar\u00e1s mover una fila y una columna para cambiar su orden en la hoja de c\u00e1lculo. Incluso te ayuda a corregir errores en la hoja y aumentar su legibilidad. En este tutorial, veremos diferentes m\u00e9todos para mover una fila y una columna.<\/p>\n<h2 class=\"wp-block-heading\"> Pasos para mover una fila en Excel<\/h2>\n<p> Puede mover f\u00e1cilmente una l\u00ednea sin sobrescribir la l\u00ednea existente, mantenga presionada la tecla May\u00fas.<\/p>\n<ol>\n<li> Primero, seleccione la fila que desea mover hacia arriba o hacia abajo. <br \/><img loading=\"lazy\" decoding=\"async\" title=\"fila de 1 movimiento\" src=\"https:\/\/exceladvisor.org\/wp-content\/uploads\/2023\/08\/1-ligne-de-deplacement.png\" sizes=\"auto, \" srcset=\"\" alt=\"move-row\" width=\"379\" height=\"222\"><\/li>\n<li> Luego mueva el cursor al borde de la l\u00ednea y ver\u00e1 el \u00edcono con flechas de cuatro lados.<\/li>\n<li> Ahora, mientras mantiene presionada la tecla May\u00fas y el bot\u00f3n izquierdo del mouse, arrastre la l\u00ednea seleccionada a la ubicaci\u00f3n deseada.<\/li>\n<li> Cuando encuentre el punto correcto para la l\u00ednea, suelte la tecla May\u00fas y haga clic con el mouse.<\/li>\n<\/ol>\n<p> En la imagen a continuaci\u00f3n, la l\u00ednea 7 se mueve a la l\u00ednea 5 y la l\u00ednea 5 existente se mueve hacia abajo autom\u00e1ticamente. <\/p>\n<div class=\"wp-block-image\">\n<figure class=\"aligncenter size-full is-resized\"><img loading=\"lazy\" decoding=\"async\" class=\"wp-image-75194\" src=\"https:\/\/exceladvisor.org\/wp-content\/uploads\/2023\/08\/2-lignes-deplacees.png\" sizes=\"auto, \" srcset=\"\" alt=\"l\u00ednea movida\" width=\"370\" height=\"219\"><\/figure>\n<\/div>\n<h2 class=\"wp-block-heading\"> Pasos para mover una columna<\/h2>\n<p> Para mover r\u00e1pidamente una columna en Excel, siga los pasos a continuaci\u00f3n.<\/p>\n<ol>\n<li> Primero seleccione la columna que desea mover en la hoja de c\u00e1lculo. <br \/><img loading=\"lazy\" decoding=\"async\" title=\"15 columnas seleccionadas\" src=\"https:\/\/exceladvisor.org\/wp-content\/uploads\/2023\/08\/15-colonne-selectionnee.png\" sizes=\"auto, \" srcset=\"\" alt=\"\" width=\"408\" height=\"202\"><\/li>\n<li> A continuaci\u00f3n, coloque el cursor sobre el borde de la columna seleccionada y ahora aparecer\u00e1 all\u00ed <strong>la flecha de cuatro lados<\/strong> . <br \/><img loading=\"lazy\" decoding=\"async\" title=\"16 flechas de cuatro lados para moverte\" src=\"https:\/\/exceladvisor.org\/wp-content\/uploads\/2023\/08\/16-fleche-a-quatre-cotes-pour-se-deplacer.png\" sizes=\"auto, \" srcset=\"\" alt=\"\" width=\"406\" height=\"201\"><\/li>\n<li> Despu\u00e9s de eso, mantenga presionada la <strong>tecla Shift<\/strong> y el <strong>bot\u00f3n izquierdo del mouse<\/strong> al mismo tiempo.<\/li>\n<li> Ahora arrastre el control deslizante a la nueva posici\u00f3n donde desea mover la columna.<\/li>\n<\/ol>\n<p> En el siguiente ejemplo, vemos que la columna de la Secci\u00f3n A de Estudiantes se mueve en lugar de la Secci\u00f3n B. <\/p>\n<div class=\"wp-block-image\">\n<figure class=\"aligncenter size-full is-resized\"><img loading=\"lazy\" decoding=\"async\" class=\"wp-image-77058\" src=\"https:\/\/exceladvisor.org\/wp-content\/uploads\/2023\/08\/17-la-colonne-a-se-deplace-a-la-place-de-la-colonne-b.png\" sizes=\"auto, \" srcset=\"\" alt=\"la columna-A-se-mueve-al-lugar-columna-B\" width=\"423\" height=\"209\"><\/figure>\n<\/div>\n<h2 class=\"wp-block-heading\"> Mover varias l\u00edneas<\/h2>\n<p> Si desea mover varias l\u00edneas juntas, puede hacerlo f\u00e1cilmente y estos son los pasos para hacerlo.<\/p>\n<ol>\n<li> Para esto, nuevamente, necesita seleccionar todas estas l\u00edneas en una secuencia que desee mover, y puede seleccionar l\u00edneas arrastrando el mouse sobre ellas. <br \/><img loading=\"lazy\" decoding=\"async\" title=\"3-seleccionar-varias-filas\" src=\"https:\/\/exceladvisor.org\/wp-content\/uploads\/2023\/08\/3-selectionner-plusieurs-lignes.png\" sizes=\"auto, \" srcset=\"\" alt=\"select-multiple-rows\" width=\"413\" height=\"231\"><\/li>\n<li> Despu\u00e9s de eso, mueva el puntero del mouse al borde de una de las l\u00edneas seleccionadas.<\/li>\n<li> Ahora puedes arrastrar las l\u00edneas hasta el punto donde deseas moverlas mientras mantienes presionada la tecla May\u00fas.<\/li>\n<\/ol>\n<p> Como puede ver, las filas seleccionadas 5, 6, 7 se mueven hacia arriba a 2, 3, 4 y las filas originales se desplazan hacia abajo. <\/p>\n<div class=\"wp-block-image\">\n<figure class=\"aligncenter size-full is-resized\"><img loading=\"lazy\" decoding=\"async\" class=\"wp-image-75196\" src=\"https:\/\/exceladvisor.org\/wp-content\/uploads\/2023\/08\/4-lignes-multiples-deplacees.png\" sizes=\"auto, \" srcset=\"\" alt=\"varias l\u00edneas movidas\" width=\"373\" height=\"219\"><\/figure>\n<\/div>\n<h3 class=\"wp-block-heading\"> Comidas para llevar<\/h3>\n<ul>\n<li> En el caso de varias l\u00edneas, s\u00f3lo puede mover l\u00edneas adyacentes hacia arriba o hacia abajo. Sin embargo, este m\u00e9todo no se aplica a varias l\u00edneas no adyacentes.<\/li>\n<li> Y, sin mantener presionada la tecla May\u00fas, sobrescribir\u00e1 las l\u00edneas en lugar de moverlas.<\/li>\n<\/ul>\n<h2 class=\"wp-block-heading\"> Mover varias columnas en Excel<\/h2>\n<p> Para mover varias columnas, sin sobrescribir los datos existentes.<\/p>\n<ol>\n<li> Seleccione dos o m\u00e1s columnas arrastrando el cursor sobre los encabezados de las columnas. <br \/><img loading=\"lazy\" decoding=\"async\" title=\"18 columnas-m\u00faltiples-seleccionadas\" src=\"https:\/\/exceladvisor.org\/wp-content\/uploads\/2023\/08\/18-colonnes-multiples-selectionnees.png\" sizes=\"auto, \" srcset=\"\" alt=\"\" width=\"411\" height=\"201\"><\/li>\n<li> Luego coloque el cursor en el borde de una de las columnas seleccionadas y ahora aparecer\u00e1 la flecha que ayuda a arrastrar las columnas.<\/li>\n<li> Mueva el cursor a una nueva ubicaci\u00f3n mientras mantiene presionada la tecla May\u00fas y el bot\u00f3n izquierdo del mouse.<\/li>\n<\/ol>\n<p> En el siguiente ejemplo, las columnas de nombre del estudiante avanzan a las materias. <\/p>\n<div class=\"wp-block-image\">\n<figure class=\"aligncenter size-full is-resized\"><img loading=\"lazy\" decoding=\"async\" class=\"wp-image-77060\" src=\"https:\/\/exceladvisor.org\/wp-content\/uploads\/2023\/08\/19-sections-detudiants-se-deplacent-au-dessus-des-matieres.png\" sizes=\"auto, \" srcset=\"\" alt=\"\" width=\"416\" height=\"206\"><\/figure>\n<\/div>\n<h2 class=\"wp-block-heading\"> Mover una l\u00ednea cortando y pegando<\/h2>\n<p> La forma m\u00e1s sencilla de mover una fila es utilizar el m\u00e9todo de copiar y pegar.<\/p>\n<ol>\n<li> Seleccione la fila por su encabezado, luego haga clic derecho sobre ella y haga clic en la opci\u00f3n de cortar. <br \/><img loading=\"lazy\" decoding=\"async\" title=\"5 movimientos de l\u00ednea cortando y pegando\" src=\"https:\/\/exceladvisor.org\/wp-content\/uploads\/2023\/08\/5-deplacer-la-ligne-par-copier-coller.png\" sizes=\"auto, \" srcset=\"\" alt=\"move-row-by-cut-and-paste\" width=\"394\" height=\"238\"><\/li>\n<li> Una vez que haces clic en \u00e9l, la fila se <strong>resalta en verde<\/strong> . <br \/><img loading=\"lazy\" decoding=\"async\" title=\"6 l\u00edneas resaltadas\" src=\"https:\/\/exceladvisor.org\/wp-content\/uploads\/2023\/08\/6-ligne-en-surbrillance.png\" sizes=\"auto, \" srcset=\"\" alt=\"highlighted-row\" width=\"385\" height=\"226\"><\/li>\n<li> A continuaci\u00f3n, haga clic en la fila a la que desea mover esta fila seleccionada. <br \/><img loading=\"lazy\" decoding=\"async\" title=\"7-click en la l\u00ednea\" src=\"https:\/\/exceladvisor.org\/wp-content\/uploads\/2023\/08\/7-cliquez-sur-la-ligne.png\" sizes=\"auto, \" srcset=\"\" alt=\"click-the-row\" width=\"385\" height=\"226\"><\/li>\n<li> Aqu\u00ed, haga clic derecho sobre \u00e9l y seleccione la opci\u00f3n Insertar celdas cortadas en el cuadro de di\u00e1logo. <br \/><img loading=\"lazy\" decoding=\"async\" title=\"8-seleccionar-cortar-insertar-celdas\" src=\"https:\/\/exceladvisor.org\/wp-content\/uploads\/2023\/08\/8-selectionnez-les-cellules-dinsertion-coupees.png\" sizes=\"auto, \" srcset=\"\" alt=\"select-the-insert-cut-cells\" width=\"373\" height=\"285\"><\/li>\n<li> Finalmente, ver\u00e1 que la l\u00ednea seleccionada se mueve hacia arriba y la l\u00ednea original se mueve hacia abajo. <br \/><img loading=\"lazy\" decoding=\"async\" title=\"9 filas seleccionadas movidas hacia arriba\" src=\"https:\/\/exceladvisor.org\/wp-content\/uploads\/2023\/08\/9-ligne-selectionnee-deplacee-vers-le-haut.png\" sizes=\"auto, \" srcset=\"\" alt=\"selected-row-moved-up\" width=\"369\" height=\"216\"><\/li>\n<\/ol>\n<h2 class=\"wp-block-heading\"> Mover una columna cortando y pegando<\/h2>\n<ol>\n<li> Primero, selecciona la columna que deseas mover por su encabezado y selecciona la opci\u00f3n \u201cCortar\u201d haciendo clic derecho sobre ella. <br \/><img loading=\"lazy\" decoding=\"async\" title=\"20-seleccionar-opci\u00f3n-de-corte-haciendo-clic derecho\" src=\"https:\/\/exceladvisor.org\/wp-content\/uploads\/2023\/08\/20-selectionnez-loption-de-coupe-a-partir-dun-clic-droit.png\" sizes=\"auto, \" srcset=\"\" alt=\"\" width=\"478\" height=\"215\"><\/li>\n<li> Ahora puede ver que la columna est\u00e1 resaltada en color verde. <br \/><img loading=\"lazy\" decoding=\"async\" title=\"21 columnas seleccionadas resaltadas en color verde\" src=\"https:\/\/exceladvisor.org\/wp-content\/uploads\/2023\/08\/21-colonnes-selectionnees-surlignees-en-vert.png\" sizes=\"auto, \" srcset=\"\" alt=\"\" width=\"407\" height=\"202\"><\/li>\n<li> Ahora haga clic en la columna donde desea mover esto y elija la opci\u00f3n \u00abInsertar celdas cortadas\u00bb haciendo clic derecho. <br \/><img loading=\"lazy\" decoding=\"async\" title=\"Opci\u00f3n de 22 opciones para insertar celdas cortadas\" src=\"https:\/\/exceladvisor.org\/wp-content\/uploads\/2023\/08\/22-choisir-loption-dinsertion-de-cellules-coupees.png\" sizes=\"auto, \" srcset=\"\" alt=\"\" width=\"415\" height=\"284\"><\/li>\n<li> Y ver\u00e1 que la columna seleccionada de la secci\u00f3n A cambia de posici\u00f3n y los estudiantes de la secci\u00f3n B pasan a la siguiente columna. <br \/><img loading=\"lazy\" decoding=\"async\" title=\"23-el-tramo-A-avanza-hacia-el-tramo-B\" src=\"https:\/\/exceladvisor.org\/wp-content\/uploads\/2023\/08\/23-la-section-a-passe-a-la-section-b.png\" sizes=\"auto, \" srcset=\"\" alt=\"\" width=\"415\" height=\"201\"><\/li>\n<\/ol>\n<p class=\"qt-tip\"> <strong>Nota:<\/strong> Con este m\u00e9todo, incluso puede mover una fila o columna a la otra hoja del libro, usando la opci\u00f3n Insertar celda cortada.<\/p>\n<h2 class=\"wp-block-heading\"> Mover una fila en Excel (Reemplazar)<\/h2>\n<ol>\n<li> Primero, seleccione la fila completa a partir del n\u00famero de fila que desea subir. <br \/><img loading=\"lazy\" decoding=\"async\" title=\"10-seleccionar-l\u00ednea-completa\" src=\"https:\/\/exceladvisor.org\/wp-content\/uploads\/2023\/08\/10-selectionner-la-ligne-entiere.png\" sizes=\"auto, \" srcset=\"\" alt=\"select-the-entire-row\" width=\"385\" height=\"222\"><\/li>\n<li> Despu\u00e9s de eso, coloque el cursor sobre el borde del encabezado de la fila y le mostrar\u00e1 un \u00edcono con flechas de cuatro lados.<\/li>\n<li> Luego mantenga presionado el bot\u00f3n izquierdo del mouse y arrastre la l\u00ednea hasta el punto al que desea moverse y se resaltar\u00e1 en verde. <br \/><img loading=\"lazy\" decoding=\"async\" title=\"11-desliza la l\u00ednea\" src=\"https:\/\/exceladvisor.org\/wp-content\/uploads\/2023\/08\/11-faites-glisser-la-ligne.png\" sizes=\"auto, \" srcset=\"\" alt=\"drag-the-row\" width=\"384\" height=\"224\"><\/li>\n<li> Una vez que arrastre la fila a otra fila que ya tenga datos, ver\u00e1 la ventana emergente con una pregunta sobre c\u00f3mo reemplazar. <br \/><img loading=\"lazy\" decoding=\"async\" title=\"12 ventanas emergentes al reemplazar fila\" src=\"https:\/\/exceladvisor.org\/wp-content\/uploads\/2023\/08\/12-pop-up-lors-du-remplacement-de-la-ligne.png\" sizes=\"auto, \" srcset=\"\" alt=\"pop-up-on-replacing-row\" width=\"571\" height=\"173\"><\/li>\n<li> Ahora, cuando haga clic en Aceptar, reemplazar\u00e1 la fila y la posici\u00f3n existente de la fila permanecer\u00e1 vac\u00eda. <br \/><img loading=\"lazy\" decoding=\"async\" title=\"13-reemplaz\u00f3-la-l\u00ednea-existente\" src=\"https:\/\/exceladvisor.org\/wp-content\/uploads\/2023\/08\/13-a-remplace-la-ligne-existante.png\" sizes=\"auto, \" srcset=\"\" alt=\"replaced-the-existing-row\" width=\"389\" height=\"224\"><\/li>\n<\/ol>\n<h2 class=\"wp-block-heading\"> Mover una columna reemplazando<\/h2>\n<ol>\n<li> Seleccione la columna que desea mover a la nueva posici\u00f3n.<\/li>\n<li> Mueva el cursor al borde de la columna y ver\u00e1 la flecha de cuatro lados all\u00ed.<\/li>\n<li> Ahora presione y mantenga presionado el bot\u00f3n izquierdo del mouse y arrastre la columna por flecha donde desea colocarla, y esa columna se resaltar\u00e1 en verde. <br \/><img loading=\"lazy\" decoding=\"async\" title=\"Arrastrar-a-nueva-posici\u00f3n-seleccionada-de-24 columnas\" src=\"https:\/\/exceladvisor.org\/wp-content\/uploads\/2023\/08\/24-colonnes-selectionnees-faites-glisser-vers-la-nouvelle-position.png\" sizes=\"auto, \" srcset=\"\" alt=\"\" width=\"443\" height=\"190\"><\/li>\n<li> Si ya hay datos en la columna, le pedir\u00e1 que los reemplace mostrando una ventana emergente. <br \/><img loading=\"lazy\" decoding=\"async\" title=\"25 pantallas emergentes\" src=\"https:\/\/exceladvisor.org\/wp-content\/uploads\/2023\/08\/25-affichages-contextuels.png\" sizes=\"auto, \" srcset=\"\" alt=\"\" width=\"339\" height=\"135\"><\/li>\n<li> Cuando hace clic en el bot\u00f3n \u00abAceptar\u00bb, reemplaza la columna y la ubicaci\u00f3n anterior de la columna ahora permanece vac\u00eda. <br \/><img loading=\"lazy\" decoding=\"async\" title=\"26 columnas b permanecen vac\u00edas\" src=\"https:\/\/exceladvisor.org\/wp-content\/uploads\/2023\/08\/26-la-colonne-b-reste-vide.png\" sizes=\"auto, \" srcset=\"\" alt=\"\" width=\"386\" height=\"201\"><\/li>\n<\/ol>\n<p class=\"qt-tip\"> Importante: si mueve una fila o columna a una fila vac\u00eda, Excel no mostrar\u00e1 este cuadro de di\u00e1logo en la ventana. Simplemente mover\u00e1 los datos a la fila o columna vac\u00eda.<\/p>\n<div class=\"gb-container gb-container-4db6181c gb-container-mt\"> <a class=\"gb-button gb-button-c5897111 gb-button-text gb-button-mt-button\" href=\"https:\/\/exceladvisor.org\/es\/conceptos-basicos-de-excel\/\">Conceptos b\u00e1sicos de Microsoft Excel (componentes, piezas y notas de conocimiento)<\/a><\/p>\n<h2 class=\"gb-headline gb-headline-665e5f6b gb-headline-text gb-headline-mt-heading\"> Tutoriales relacionados <\/h2>\n<div class=\"gb-grid-wrapper gb-grid-wrapper-a20baf7c gb-grid-wrapper-mt-grid\">\n<div class=\"gb-grid-column gb-grid-column-65ddf67e\">\n<div class=\"gb-container gb-container-65ddf67e\">\n<ul>\n<li> <a href=\"https:\/\/exceladvisor.org\/es\/agregar-eliminar-hipervinculos\/\">Agregar y eliminar hiperv\u00ednculos en Excel<\/a><\/li>\n<li> <a href=\"https:\/\/exceladvisor.org\/es\/agregar-marca-de-agua\/\">Agregar una marca de agua en Excel<\/a><\/li>\n<li> <a href=\"https:\/\/exceladvisor.org\/es\/eliminar-columnas-de-filas-ocultas\/\">Eliminar filas ocultas en Excel<\/a><\/li>\n<li> <a href=\"https:\/\/exceladvisor.org\/es\/deseleccionar-celdas\/\">Deseleccionar celdas en Excel<\/a> <\/li>\n<\/ul>\n<\/div>\n<\/div>\n<div class=\"gb-grid-column gb-grid-column-50067b57\">\n<div class=\"gb-container gb-container-50067b57\">\n<ul>\n<li> <a href=\"https:\/\/exceladvisor.org\/es\/eliminar-lineas\/\">Eliminar una fila o varias filas en Excel<\/a><\/li>\n<li> <a href=\"https:\/\/exceladvisor.org\/es\/copiar-columna\/\">Copiar y pegar una columna en Excel<\/a><\/li>\n<li> <a href=\"https:\/\/exceladvisor.org\/es\/ancho-de-columna\/\">Cambiar el ancho de la columna en Excel<\/a><\/li>\n<li> <a href=\"https:\/\/exceladvisor.org\/es\/intercambiar-la-celda\/\">Intercambie r\u00e1pidamente dos celdas en Excel<\/a><\/li>\n<\/ul>\n<\/div>\n<\/div>\n<\/div>\n<\/div>\n","protected":false},"excerpt":{"rendered":"<p>En Excel, a veces necesitar\u00e1s mover una fila y una columna para cambiar su orden en la hoja de c\u00e1lculo. Incluso te ayuda a corregir errores en la hoja y aumentar su legibilidad. En este tutorial, veremos diferentes m\u00e9todos para mover una fila y una columna. Pasos para mover una fila en Excel Puede mover [&hellip;]<\/p>\n","protected":false},"author":1,"featured_media":0,"parent":0,"menu_order":0,"comment_status":"open","ping_status":"closed","template":"","meta":{"ub_ctt_via":"","footnotes":""},"class_list":["post-414","page","type-page","status-publish","hentry"],"featured_image_src":null,"yoast_head":"<!-- This site is optimized with the Yoast SEO plugin v25.4 - https:\/\/yoast.com\/wordpress\/plugins\/seo\/ -->\n<title>\u00bfc\u00f3mo mover una fila y columna en excel?<\/title>\n<meta name=\"robots\" content=\"index, follow, max-snippet:-1, max-image-preview:large, max-video-preview:-1\" \/>\n<link rel=\"canonical\" href=\"https:\/\/exceladvisor.org\/es\/mover-fila-columna\/\" \/>\n<meta property=\"og:locale\" content=\"es_ES\" \/>\n<meta property=\"og:type\" content=\"article\" \/>\n<meta property=\"og:title\" content=\"\u00bfc\u00f3mo mover una fila y columna en excel?\" \/>\n<meta property=\"og:description\" content=\"En Excel, a veces necesitar\u00e1s mover una fila y una columna para cambiar su orden en la hoja de c\u00e1lculo. Incluso te ayuda a corregir errores en la hoja y aumentar su legibilidad. En este tutorial, veremos diferentes m\u00e9todos para mover una fila y una columna. Pasos para mover una fila en Excel Puede mover [&hellip;]\" \/>\n<meta property=\"og:url\" content=\"https:\/\/exceladvisor.org\/es\/mover-fila-columna\/\" \/>\n<meta property=\"og:site_name\" content=\"Excel Advisor\" \/>\n<meta property=\"article:modified_time\" content=\"2023-12-25T10:26:12+00:00\" \/>\n<meta property=\"og:image\" content=\"https:\/\/exceladvisor.org\/wp-content\/uploads\/2023\/08\/1-ligne-de-deplacement.png\" \/>\n<meta name=\"twitter:card\" content=\"summary_large_image\" \/>\n<meta name=\"twitter:label1\" content=\"Tiempo de lectura\" \/>\n\t<meta name=\"twitter:data1\" content=\"5 minutos\" \/>\n<script type=\"application\/ld+json\" class=\"yoast-schema-graph\">{\"@context\":\"https:\/\/schema.org\",\"@graph\":[{\"@type\":\"WebPage\",\"@id\":\"https:\/\/exceladvisor.org\/es\/mover-fila-columna\/\",\"url\":\"https:\/\/exceladvisor.org\/es\/mover-fila-columna\/\",\"name\":\"\u00bfc\u00f3mo mover una fila y columna en excel?\",\"isPartOf\":{\"@id\":\"https:\/\/exceladvisor.org\/es\/#website\"},\"primaryImageOfPage\":{\"@id\":\"https:\/\/exceladvisor.org\/es\/mover-fila-columna\/#primaryimage\"},\"image\":{\"@id\":\"https:\/\/exceladvisor.org\/es\/mover-fila-columna\/#primaryimage\"},\"thumbnailUrl\":\"https:\/\/exceladvisor.org\/wp-content\/uploads\/2023\/08\/1-ligne-de-deplacement.png\",\"datePublished\":\"2023-10-30T06:52:08+00:00\",\"dateModified\":\"2023-12-25T10:26:12+00:00\",\"breadcrumb\":{\"@id\":\"https:\/\/exceladvisor.org\/es\/mover-fila-columna\/#breadcrumb\"},\"inLanguage\":\"es\",\"potentialAction\":[{\"@type\":\"ReadAction\",\"target\":[\"https:\/\/exceladvisor.org\/es\/mover-fila-columna\/\"]}]},{\"@type\":\"ImageObject\",\"inLanguage\":\"es\",\"@id\":\"https:\/\/exceladvisor.org\/es\/mover-fila-columna\/#primaryimage\",\"url\":\"https:\/\/exceladvisor.org\/wp-content\/uploads\/2023\/08\/1-ligne-de-deplacement.png\",\"contentUrl\":\"https:\/\/exceladvisor.org\/wp-content\/uploads\/2023\/08\/1-ligne-de-deplacement.png\"},{\"@type\":\"BreadcrumbList\",\"@id\":\"https:\/\/exceladvisor.org\/es\/mover-fila-columna\/#breadcrumb\",\"itemListElement\":[{\"@type\":\"ListItem\",\"position\":1,\"name\":\"Hogar\",\"item\":\"https:\/\/exceladvisor.org\/es\/\"},{\"@type\":\"ListItem\",\"position\":2,\"name\":\"\u00bfc\u00f3mo mover una fila y columna en excel?\"}]},{\"@type\":\"WebSite\",\"@id\":\"https:\/\/exceladvisor.org\/es\/#website\",\"url\":\"https:\/\/exceladvisor.org\/es\/\",\"name\":\"Excel Advisor\",\"description\":\"Su gu\u00eda para la dominaci\u00f3n de datos!\",\"publisher\":{\"@id\":\"https:\/\/exceladvisor.org\/es\/#organization\"},\"potentialAction\":[{\"@type\":\"SearchAction\",\"target\":{\"@type\":\"EntryPoint\",\"urlTemplate\":\"https:\/\/exceladvisor.org\/es\/?s={search_term_string}\"},\"query-input\":{\"@type\":\"PropertyValueSpecification\",\"valueRequired\":true,\"valueName\":\"search_term_string\"}}],\"inLanguage\":\"es\"},{\"@type\":\"Organization\",\"@id\":\"https:\/\/exceladvisor.org\/es\/#organization\",\"name\":\"Excel Advisor\",\"url\":\"https:\/\/exceladvisor.org\/es\/\",\"logo\":{\"@type\":\"ImageObject\",\"inLanguage\":\"es\",\"@id\":\"https:\/\/exceladvisor.org\/es\/#\/schema\/logo\/image\/\",\"url\":\"https:\/\/exceladvisor.org\/es\/wp-content\/uploads\/2023\/12\/exceladvisor.org_.png\",\"contentUrl\":\"https:\/\/exceladvisor.org\/es\/wp-content\/uploads\/2023\/12\/exceladvisor.org_.png\",\"width\":105,\"height\":36,\"caption\":\"Excel Advisor\"},\"image\":{\"@id\":\"https:\/\/exceladvisor.org\/es\/#\/schema\/logo\/image\/\"}}]}<\/script>\n<!-- \/ Yoast SEO plugin. -->","yoast_head_json":{"title":"\u00bfc\u00f3mo mover una fila y columna en excel?","robots":{"index":"index","follow":"follow","max-snippet":"max-snippet:-1","max-image-preview":"max-image-preview:large","max-video-preview":"max-video-preview:-1"},"canonical":"https:\/\/exceladvisor.org\/es\/mover-fila-columna\/","og_locale":"es_ES","og_type":"article","og_title":"\u00bfc\u00f3mo mover una fila y columna en excel?","og_description":"En Excel, a veces necesitar\u00e1s mover una fila y una columna para cambiar su orden en la hoja de c\u00e1lculo. Incluso te ayuda a corregir errores en la hoja y aumentar su legibilidad. En este tutorial, veremos diferentes m\u00e9todos para mover una fila y una columna. Pasos para mover una fila en Excel Puede mover [&hellip;]","og_url":"https:\/\/exceladvisor.org\/es\/mover-fila-columna\/","og_site_name":"Excel Advisor","article_modified_time":"2023-12-25T10:26:12+00:00","og_image":[{"url":"https:\/\/exceladvisor.org\/wp-content\/uploads\/2023\/08\/1-ligne-de-deplacement.png","type":"","width":"","height":""}],"twitter_card":"summary_large_image","twitter_misc":{"Tiempo de lectura":"5 minutos"},"schema":{"@context":"https:\/\/schema.org","@graph":[{"@type":"WebPage","@id":"https:\/\/exceladvisor.org\/es\/mover-fila-columna\/","url":"https:\/\/exceladvisor.org\/es\/mover-fila-columna\/","name":"\u00bfc\u00f3mo mover una fila y columna en excel?","isPartOf":{"@id":"https:\/\/exceladvisor.org\/es\/#website"},"primaryImageOfPage":{"@id":"https:\/\/exceladvisor.org\/es\/mover-fila-columna\/#primaryimage"},"image":{"@id":"https:\/\/exceladvisor.org\/es\/mover-fila-columna\/#primaryimage"},"thumbnailUrl":"https:\/\/exceladvisor.org\/wp-content\/uploads\/2023\/08\/1-ligne-de-deplacement.png","datePublished":"2023-10-30T06:52:08+00:00","dateModified":"2023-12-25T10:26:12+00:00","breadcrumb":{"@id":"https:\/\/exceladvisor.org\/es\/mover-fila-columna\/#breadcrumb"},"inLanguage":"es","potentialAction":[{"@type":"ReadAction","target":["https:\/\/exceladvisor.org\/es\/mover-fila-columna\/"]}]},{"@type":"ImageObject","inLanguage":"es","@id":"https:\/\/exceladvisor.org\/es\/mover-fila-columna\/#primaryimage","url":"https:\/\/exceladvisor.org\/wp-content\/uploads\/2023\/08\/1-ligne-de-deplacement.png","contentUrl":"https:\/\/exceladvisor.org\/wp-content\/uploads\/2023\/08\/1-ligne-de-deplacement.png"},{"@type":"BreadcrumbList","@id":"https:\/\/exceladvisor.org\/es\/mover-fila-columna\/#breadcrumb","itemListElement":[{"@type":"ListItem","position":1,"name":"Hogar","item":"https:\/\/exceladvisor.org\/es\/"},{"@type":"ListItem","position":2,"name":"\u00bfc\u00f3mo mover una fila y columna en excel?"}]},{"@type":"WebSite","@id":"https:\/\/exceladvisor.org\/es\/#website","url":"https:\/\/exceladvisor.org\/es\/","name":"Excel Advisor","description":"Su gu\u00eda para la dominaci\u00f3n de datos!","publisher":{"@id":"https:\/\/exceladvisor.org\/es\/#organization"},"potentialAction":[{"@type":"SearchAction","target":{"@type":"EntryPoint","urlTemplate":"https:\/\/exceladvisor.org\/es\/?s={search_term_string}"},"query-input":{"@type":"PropertyValueSpecification","valueRequired":true,"valueName":"search_term_string"}}],"inLanguage":"es"},{"@type":"Organization","@id":"https:\/\/exceladvisor.org\/es\/#organization","name":"Excel Advisor","url":"https:\/\/exceladvisor.org\/es\/","logo":{"@type":"ImageObject","inLanguage":"es","@id":"https:\/\/exceladvisor.org\/es\/#\/schema\/logo\/image\/","url":"https:\/\/exceladvisor.org\/es\/wp-content\/uploads\/2023\/12\/exceladvisor.org_.png","contentUrl":"https:\/\/exceladvisor.org\/es\/wp-content\/uploads\/2023\/12\/exceladvisor.org_.png","width":105,"height":36,"caption":"Excel Advisor"},"image":{"@id":"https:\/\/exceladvisor.org\/es\/#\/schema\/logo\/image\/"}}]}},"yoast_meta":{"yoast_wpseo_title":"","yoast_wpseo_metadesc":"","yoast_wpseo_canonical":""},"_links":{"self":[{"href":"https:\/\/exceladvisor.org\/es\/wp-json\/wp\/v2\/pages\/414","targetHints":{"allow":["GET"]}}],"collection":[{"href":"https:\/\/exceladvisor.org\/es\/wp-json\/wp\/v2\/pages"}],"about":[{"href":"https:\/\/exceladvisor.org\/es\/wp-json\/wp\/v2\/types\/page"}],"author":[{"embeddable":true,"href":"https:\/\/exceladvisor.org\/es\/wp-json\/wp\/v2\/users\/1"}],"replies":[{"embeddable":true,"href":"https:\/\/exceladvisor.org\/es\/wp-json\/wp\/v2\/comments?post=414"}],"version-history":[{"count":1,"href":"https:\/\/exceladvisor.org\/es\/wp-json\/wp\/v2\/pages\/414\/revisions"}],"predecessor-version":[{"id":1126,"href":"https:\/\/exceladvisor.org\/es\/wp-json\/wp\/v2\/pages\/414\/revisions\/1126"}],"wp:attachment":[{"href":"https:\/\/exceladvisor.org\/es\/wp-json\/wp\/v2\/media?parent=414"}],"curies":[{"name":"wp","href":"https:\/\/api.w.org\/{rel}","templated":true}]}}