{"id":415,"date":"2023-10-30T06:00:23","date_gmt":"2023-10-30T06:00:23","guid":{"rendered":"https:\/\/exceladvisor.org\/es\/copiar-formato\/"},"modified":"2023-12-25T10:24:57","modified_gmt":"2023-12-25T10:24:57","slug":"copiar-formato","status":"publish","type":"page","link":"https:\/\/exceladvisor.org\/es\/copiar-formato\/","title":{"rendered":"\u00bfc\u00f3mo copiar formato en excel?"},"content":{"rendered":"<div class=\"excel-antes-del-contenido\" id=\"excel-369698645\"><script type=\"text\/javascript\">\r\n\tatOptions = {\r\n\t\t'key' : 'c1158f160081d6540a8409e6925dab94',\r\n\t\t'format' : 'iframe',\r\n\t\t'height' : 250,\r\n\t\t'width' : 300,\r\n\t\t'params' : {}\r\n\t};\r\n<\/script>\r\n<script type=\"text\/javascript\" src=\"\/\/www.highperformanceformat.com\/c1158f160081d6540a8409e6925dab94\/invoke.js\"><\/script><\/div><p>Para copiar el formato de una celda o un rango de varias celdas, primero debe seleccionarlo y luego copiarlo. Despu\u00e9s de eso, seleccione la celda o rango en el que desea pegar el formato. Aqu\u00ed puedes usar la opci\u00f3n pegar especial para pegar solo el formato y dejar el resto. <\/p>\n<div class=\"wp-block-image\">\n<figure class=\"aligncenter size-full is-resized\"><img loading=\"lazy\" decoding=\"async\" class=\"wp-image-77671\" src=\"https:\/\/exceladvisor.org\/wp-content\/uploads\/2023\/08\/1-copie-mise-en-forme-sous-excel.png\" sizes=\"auto, \" srcset=\"\" alt=\"copiar-formato-en-excel\" width=\"762\" height=\"483\"><\/figure>\n<\/div>\n<p> En este tutorial aprenderemos diferentes formas de copiar y pegar solo el formato de una celda o un rango de celdas en Excel.<\/p>\n<h2 class=\"wp-block-heading\"> Copie el formato de celda en Excel usando Pegado especial<\/h2>\n<ol>\n<li> Primero, seleccione la celda o rango y presione Ctrl + C para copiar la celda. <br \/><img loading=\"lazy\" decoding=\"async\" title=\"2-copiar-formato-usando-pegado-especial\" src=\"https:\/\/exceladvisor.org\/wp-content\/uploads\/2023\/08\/2-formatage-de-copie-avec-collage-special.png\" sizes=\"auto, \" srcset=\"\" alt=\"copy-formatting-using-paste-special\" width=\"292\" height=\"209\"><\/li>\n<li> Despu\u00e9s de eso, seleccione las celdas donde desea pegar el formato. <br \/><img loading=\"lazy\" decoding=\"async\" title=\"3-seleccionar-celdas-para-pegar-formato\" src=\"https:\/\/exceladvisor.org\/wp-content\/uploads\/2023\/08\/3-selectionnez-les-cellules-pour-coller-la-mise-en-forme.png\" sizes=\"auto, \" srcset=\"\" alt=\"select-cells-to-paste-formatting\" width=\"275\" height=\"284\"><\/li>\n<li> Ahora vaya a la pesta\u00f1a Inicio y abra la opci\u00f3n de pegar desde all\u00ed, o use el m\u00e9todo abreviado de teclado Alt + H + S para abrir el pegado especial. <br \/><img loading=\"lazy\" decoding=\"async\" title=\"Opci\u00f3n especial 4 pasta abierta\" src=\"https:\/\/exceladvisor.org\/wp-content\/uploads\/2023\/08\/4-option-speciale-pate-ouverte.png\" sizes=\"auto, \" srcset=\"\" alt=\"open-paste-special-option\" width=\"299\" height=\"422\"><\/li>\n<li> Luego seleccione el formato y haga clic en Aceptar para pegar solo los formatos. <br \/><img loading=\"lazy\" decoding=\"async\" title=\"5 formatos para elegir \u00fanicamente\" src=\"https:\/\/exceladvisor.org\/wp-content\/uploads\/2023\/08\/5-choisir-les-formats-uniquement.png\" sizes=\"auto, \" srcset=\"\" alt=\"choose-formats-only\" width=\"614\" height=\"393\"><\/li>\n<\/ol>\n<p> Y una vez que haces clic en Aceptar, obtienes el formato de la celda seleccionada. De esta manera puedes copiar y pegar r\u00e1pidamente el formato de una celda o rango de celdas.<\/p>\n<h2 class=\"wp-block-heading\"> Copie el formato de celda usando Format Painter<\/h2>\n<p> A continuaci\u00f3n tienes la celda A1 con un <a href=\"https:\/\/exceladvisor.org\/es\/formato-del-numero-de-contabilidad\/\">formato de valor y n\u00famero de contabilidad<\/a> . Y ahora necesitas obtener el mismo formato para la celda B1. <\/p>\n<div class=\"wp-block-image\">\n<figure class=\"aligncenter size-full is-resized\"><img loading=\"lazy\" decoding=\"async\" class=\"wp-image-77677\" src=\"https:\/\/exceladvisor.org\/wp-content\/uploads\/2023\/08\/6-Copier-la-mise-en-forme-des-cellules-a-laide-de-Format-Painter.png\" sizes=\"auto, \" srcset=\"\" alt=\"copiar-formato-de-celda-usando-pintor-de-formato\" width=\"386\" height=\"170\"><\/figure>\n<\/div>\n<ol>\n<li> Seleccione la celda A1. <br \/><img loading=\"lazy\" decoding=\"async\" title=\"7 celdas de selecci\u00f3n\" src=\"https:\/\/exceladvisor.org\/wp-content\/uploads\/2023\/08\/7-selectionnez-la-cellule.png\" sizes=\"auto, \" srcset=\"\" alt=\"select-the-cell\" width=\"391\" height=\"171\"><\/li>\n<li> Vaya a la pesta\u00f1a de inicio y haga clic en el bot\u00f3n Copiar formato. <br \/><img loading=\"lazy\" decoding=\"async\" title=\"Bot\u00f3n de pintor de formato de 8 clics\" src=\"https:\/\/exceladvisor.org\/wp-content\/uploads\/2023\/08\/Bouton-peintre-de-format-en-8-clics.png\" sizes=\"auto, \" srcset=\"\" alt=\"click-format-painter-button\" width=\"397\" height=\"318\"><\/li>\n<li> Esto convertir\u00e1 el cursor del mouse en un pincel. <br \/><img loading=\"lazy\" decoding=\"async\" title=\"9-cursor-del-rat\u00f3n-para-cepillar\" src=\"https:\/\/exceladvisor.org\/wp-content\/uploads\/2023\/08\/9-curseur-de-la-souris-au-pinceau.png\" sizes=\"auto, \" srcset=\"\" alt=\"mouse-cursor-to-paintbrush\" width=\"353\" height=\"381\"><\/li>\n<li> Sin otras celdas u opciones seleccionadas, haga clic en la celda B1. Aplicar\u00e1 instant\u00e1neamente el formato de celda a la celda B1. <br \/><img loading=\"lazy\" decoding=\"async\" title=\"10-seleccionar-celda-para-pegar\" src=\"https:\/\/exceladvisor.org\/wp-content\/uploads\/2023\/08\/10-selectionner-la-cellule-a-coller.png\" sizes=\"auto, \" srcset=\"\" alt=\"select-the-cell-to-paste\" width=\"387\" height=\"114\"><\/li>\n<\/ol>\n<h2 class=\"wp-block-heading\"> Atajo de teclado para copiar formato y aplicar<\/h2>\n<p> Tambi\u00e9n puedes usar un atajo de teclado para copiar y pegar el formato.<\/p>\n<ul>\n<li> Seleccione la celda y presione la tecla de acceso directo Ctrl + C.<\/li>\n<li> Seleccione la celda donde desea aplicar formato y presione Alt \u21e2 H \u21e2 V \u21e2 R.<\/li>\n<\/ul>\n<h2 class=\"wp-block-heading\"> Utilice el men\u00fa de arrastrar y soltar para copiar el formato de celda<\/h2>\n<ol>\n<li> Selecciona la celda A1 o donde tengas el formato. <br \/><img loading=\"lazy\" decoding=\"async\" title=\"11-copiar-formato-de-celda-usando-arrastrar y soltar\" src=\"https:\/\/exceladvisor.org\/wp-content\/uploads\/2023\/08\/11-copier-la-mise-en-forme-des-cellules-par-glisser-deposer.png\" sizes=\"auto, \" srcset=\"\" alt=\"copy-cell-formatting-using-drag-drop\" width=\"366\" height=\"149\"><\/li>\n<li> Pase el mouse sobre el borde de la celda y presione y mantenga presionado el bot\u00f3n derecho del mouse. <br \/><img loading=\"lazy\" decoding=\"async\" title=\"Rat\u00f3n de 12 puntos en el borde de la celda\" src=\"https:\/\/exceladvisor.org\/wp-content\/uploads\/2023\/08\/12-pointez-la-souris-sur-la-bordure-de-la-cellule.png\" sizes=\"auto, \" srcset=\"\" alt=\"hover-mouse-on-the-cell-border\" width=\"362\" height=\"148\"><\/li>\n<li> Su\u00e9ltelo en la celda donde desea pegar el formato. <br \/><img loading=\"lazy\" decoding=\"async\" title=\"13-arrastrar-donde-pegar-formato\" src=\"https:\/\/exceladvisor.org\/wp-content\/uploads\/2023\/08\/13-faites-glisser-ou-coller-la-mise-en-forme.png\" sizes=\"auto, \" srcset=\"\" alt=\"drag-where-to-paste-formatting\" width=\"425\" height=\"140\"><\/li>\n<li> Suelte el bot\u00f3n para ingresar al men\u00fa. <br \/><img loading=\"lazy\" decoding=\"async\" title=\"14 botones de liberaci\u00f3n para men\u00fa.\" src=\"https:\/\/exceladvisor.org\/wp-content\/uploads\/2023\/08\/14-bouton-de-deverrouillage-pour-le-menu.png\" sizes=\"auto, \" srcset=\"\" alt=\"release-button-for-menu\" width=\"514\" height=\"344\"><\/li>\n<li> Seleccione la opci\u00f3n \u00abCopiar aqu\u00ed solo como formatos\u00bb. <br \/><img loading=\"lazy\" decoding=\"async\" title=\"15 copias solo como formatos\" src=\"https:\/\/exceladvisor.org\/wp-content\/uploads\/2023\/08\/15-copies-en-tant-que-formats-uniquement.png\" sizes=\"auto, \" srcset=\"\" alt=\"copy-as-formats-only\" width=\"421\" height=\"114\"><\/li>\n<\/ol>\n<h2 class=\"wp-block-heading\"> Copiar formato con controlador de relleno<\/h2>\n<p> Si tiene formato en una celda y desea copiar y pegar ese formato en las celdas inferiores, puede usar el controlador de relleno para eso.<\/p>\n<ol>\n<li> Seleccione la celda A1 y coloque el mouse sobre la esquina inferior derecha de la celda. <br \/><img loading=\"lazy\" decoding=\"async\" title=\"Formato de 16 copias con controlador de relleno\" src=\"https:\/\/exceladvisor.org\/wp-content\/uploads\/2023\/08\/Formatage-de-16-copies-avec-poignee-de-remplissage.png\" sizes=\"auto, \" srcset=\"\" alt=\"copy-formatting-with-fill-handle\" width=\"329\" height=\"130\"><\/li>\n<li> Mantenga presionado el bot\u00f3n izquierdo del mouse y arr\u00e1strelo a la celda A2. <br \/><img loading=\"lazy\" decoding=\"async\" title=\"17-mant\u00e9n presionado el mouse y arrastra\" src=\"https:\/\/exceladvisor.org\/wp-content\/uploads\/2023\/08\/17-maintenez-la-souris-enfoncee-et-faites-glisser.png\" sizes=\"auto, \" srcset=\"\" alt=\"hold-mouse-and-drag\" width=\"340\" height=\"168\"><\/li>\n<li> Obtendr\u00e1 las opciones de autocompletar en la parte inferior de la celda. <br \/><img loading=\"lazy\" decoding=\"async\" title=\"18 opciones de autocompletar\" src=\"https:\/\/exceladvisor.org\/wp-content\/uploads\/2023\/08\/18-options-de-remplissage-automatique.png\" sizes=\"auto, \" srcset=\"\" alt=\"autofill-options\" width=\"338\" height=\"174\"><\/li>\n<li> Haga clic en el men\u00fa desplegable y seleccione \u00abRellenar s\u00f3lo formato\u00bb. <br \/><img loading=\"lazy\" decoding=\"async\" title=\"19 elija formato de solo relleno\" src=\"https:\/\/exceladvisor.org\/wp-content\/uploads\/2023\/08\/19-choisir-le-formatage-de-remplissage-uniquement.png\" sizes=\"auto, \" srcset=\"\" alt=\"choose-fill-formatting-only\" width=\"390\" height=\"245\"><\/li>\n<\/ol>\n<p> Si no ve el men\u00fa desplegable Autocompletar, vaya a la pesta\u00f1a Archivo \u21e2 <a href=\"https:\/\/exceladvisor.org\/es\/opciones\/\">Opciones de Excel<\/a> \u21e2 Avanzado \u21e2 Opciones de edici\u00f3n \u21e2 Habilitar <a href=\"https:\/\/exceladvisor.org\/es\/mango-de-llenado\/\">controlador de relleno<\/a> . Y, si a\u00fan no lo ve, vaya a la pesta\u00f1a Archivo \u21e2 Opciones de Excel \u21e2 Cortar, copiar y pegar \u21e2 Mostrar el bot\u00f3n Opciones de Pegar cuando se pegue el contenido.<\/p>\n<div class=\"gb-container gb-container-4db6181c gb-container-mt\"> <a class=\"gb-button gb-button-c5897111 gb-button-text gb-button-mt-button\" href=\"https:\/\/exceladvisor.org\/es\/conceptos-basicos-de-excel\/\">Conceptos b\u00e1sicos de Microsoft Excel (componentes, piezas y notas de conocimiento)<\/a><\/p>\n<h2 class=\"gb-headline gb-headline-665e5f6b gb-headline-text gb-headline-mt-heading\"> Tutoriales relacionados <\/h2>\n<div class=\"gb-grid-wrapper gb-grid-wrapper-a20baf7c gb-grid-wrapper-mt-grid\">\n<div class=\"gb-grid-column gb-grid-column-65ddf67e\">\n<div class=\"gb-container gb-container-65ddf67e\">\n<ul>\n<li> <a href=\"https:\/\/exceladvisor.org\/es\/formato-del-numero-de-contabilidad\/\">Aplicar formato de n\u00famero contable en Excel<\/a><\/li>\n<li> <a href=\"https:\/\/exceladvisor.org\/es\/color-de-celda\/\">Aplicar color de fondo a una celda o a toda la hoja en Excel<\/a><\/li>\n<li> <a href=\"https:\/\/exceladvisor.org\/es\/la-cuadricula\/\">Imprima l\u00edneas de cuadr\u00edcula de Excel (elimine, acorte y cambie de color)<\/a><\/li>\n<li> <a href=\"https:\/\/exceladvisor.org\/es\/agregar-un-numero-de-pagina\/\">Agregar un n\u00famero de p\u00e1gina en Excel<\/a><\/li>\n<li> <a href=\"https:\/\/exceladvisor.org\/es\/aplicar-estilo-de-coma\/\">Aplicar estilo coma en Excel<\/a><\/li>\n<\/ul>\n<\/div>\n<\/div>\n<\/div>\n<\/div>\n","protected":false},"excerpt":{"rendered":"<p>Para copiar el formato de una celda o un rango de varias celdas, primero debe seleccionarlo y luego copiarlo. Despu\u00e9s de eso, seleccione la celda o rango en el que desea pegar el formato. Aqu\u00ed puedes usar la opci\u00f3n pegar especial para pegar solo el formato y dejar el resto. En este tutorial aprenderemos diferentes [&hellip;]<\/p>\n","protected":false},"author":1,"featured_media":0,"parent":0,"menu_order":0,"comment_status":"open","ping_status":"closed","template":"","meta":{"ub_ctt_via":"","footnotes":""},"class_list":["post-415","page","type-page","status-publish","hentry"],"featured_image_src":null,"yoast_head":"<!-- This site is optimized with the Yoast SEO plugin v25.4 - https:\/\/yoast.com\/wordpress\/plugins\/seo\/ -->\n<title>\u00bfc\u00f3mo copiar formato en excel?<\/title>\n<meta name=\"robots\" content=\"index, follow, max-snippet:-1, max-image-preview:large, max-video-preview:-1\" \/>\n<link rel=\"canonical\" href=\"https:\/\/exceladvisor.org\/es\/copiar-formato\/\" \/>\n<meta property=\"og:locale\" content=\"es_ES\" \/>\n<meta property=\"og:type\" content=\"article\" \/>\n<meta property=\"og:title\" content=\"\u00bfc\u00f3mo copiar formato en excel?\" \/>\n<meta property=\"og:description\" content=\"Para copiar el formato de una celda o un rango de varias celdas, primero debe seleccionarlo y luego copiarlo. Despu\u00e9s de eso, seleccione la celda o rango en el que desea pegar el formato. Aqu\u00ed puedes usar la opci\u00f3n pegar especial para pegar solo el formato y dejar el resto. En este tutorial aprenderemos diferentes [&hellip;]\" \/>\n<meta property=\"og:url\" content=\"https:\/\/exceladvisor.org\/es\/copiar-formato\/\" \/>\n<meta property=\"og:site_name\" content=\"Excel Advisor\" \/>\n<meta property=\"article:modified_time\" content=\"2023-12-25T10:24:57+00:00\" \/>\n<meta property=\"og:image\" content=\"https:\/\/exceladvisor.org\/wp-content\/uploads\/2023\/08\/1-copie-mise-en-forme-sous-excel.png\" \/>\n<meta name=\"twitter:card\" content=\"summary_large_image\" \/>\n<meta name=\"twitter:label1\" content=\"Tiempo de lectura\" \/>\n\t<meta name=\"twitter:data1\" content=\"3 minutos\" \/>\n<script type=\"application\/ld+json\" class=\"yoast-schema-graph\">{\"@context\":\"https:\/\/schema.org\",\"@graph\":[{\"@type\":\"WebPage\",\"@id\":\"https:\/\/exceladvisor.org\/es\/copiar-formato\/\",\"url\":\"https:\/\/exceladvisor.org\/es\/copiar-formato\/\",\"name\":\"\u00bfc\u00f3mo copiar formato en excel?\",\"isPartOf\":{\"@id\":\"https:\/\/exceladvisor.org\/es\/#website\"},\"primaryImageOfPage\":{\"@id\":\"https:\/\/exceladvisor.org\/es\/copiar-formato\/#primaryimage\"},\"image\":{\"@id\":\"https:\/\/exceladvisor.org\/es\/copiar-formato\/#primaryimage\"},\"thumbnailUrl\":\"https:\/\/exceladvisor.org\/wp-content\/uploads\/2023\/08\/1-copie-mise-en-forme-sous-excel.png\",\"datePublished\":\"2023-10-30T06:00:23+00:00\",\"dateModified\":\"2023-12-25T10:24:57+00:00\",\"breadcrumb\":{\"@id\":\"https:\/\/exceladvisor.org\/es\/copiar-formato\/#breadcrumb\"},\"inLanguage\":\"es\",\"potentialAction\":[{\"@type\":\"ReadAction\",\"target\":[\"https:\/\/exceladvisor.org\/es\/copiar-formato\/\"]}]},{\"@type\":\"ImageObject\",\"inLanguage\":\"es\",\"@id\":\"https:\/\/exceladvisor.org\/es\/copiar-formato\/#primaryimage\",\"url\":\"https:\/\/exceladvisor.org\/wp-content\/uploads\/2023\/08\/1-copie-mise-en-forme-sous-excel.png\",\"contentUrl\":\"https:\/\/exceladvisor.org\/wp-content\/uploads\/2023\/08\/1-copie-mise-en-forme-sous-excel.png\"},{\"@type\":\"BreadcrumbList\",\"@id\":\"https:\/\/exceladvisor.org\/es\/copiar-formato\/#breadcrumb\",\"itemListElement\":[{\"@type\":\"ListItem\",\"position\":1,\"name\":\"Hogar\",\"item\":\"https:\/\/exceladvisor.org\/es\/\"},{\"@type\":\"ListItem\",\"position\":2,\"name\":\"\u00bfc\u00f3mo copiar formato en excel?\"}]},{\"@type\":\"WebSite\",\"@id\":\"https:\/\/exceladvisor.org\/es\/#website\",\"url\":\"https:\/\/exceladvisor.org\/es\/\",\"name\":\"Excel Advisor\",\"description\":\"Su gu\u00eda para la dominaci\u00f3n de datos!\",\"publisher\":{\"@id\":\"https:\/\/exceladvisor.org\/es\/#organization\"},\"potentialAction\":[{\"@type\":\"SearchAction\",\"target\":{\"@type\":\"EntryPoint\",\"urlTemplate\":\"https:\/\/exceladvisor.org\/es\/?s={search_term_string}\"},\"query-input\":{\"@type\":\"PropertyValueSpecification\",\"valueRequired\":true,\"valueName\":\"search_term_string\"}}],\"inLanguage\":\"es\"},{\"@type\":\"Organization\",\"@id\":\"https:\/\/exceladvisor.org\/es\/#organization\",\"name\":\"Excel Advisor\",\"url\":\"https:\/\/exceladvisor.org\/es\/\",\"logo\":{\"@type\":\"ImageObject\",\"inLanguage\":\"es\",\"@id\":\"https:\/\/exceladvisor.org\/es\/#\/schema\/logo\/image\/\",\"url\":\"https:\/\/exceladvisor.org\/es\/wp-content\/uploads\/2023\/12\/exceladvisor.org_.png\",\"contentUrl\":\"https:\/\/exceladvisor.org\/es\/wp-content\/uploads\/2023\/12\/exceladvisor.org_.png\",\"width\":105,\"height\":36,\"caption\":\"Excel Advisor\"},\"image\":{\"@id\":\"https:\/\/exceladvisor.org\/es\/#\/schema\/logo\/image\/\"}}]}<\/script>\n<!-- \/ Yoast SEO plugin. -->","yoast_head_json":{"title":"\u00bfc\u00f3mo copiar formato en excel?","robots":{"index":"index","follow":"follow","max-snippet":"max-snippet:-1","max-image-preview":"max-image-preview:large","max-video-preview":"max-video-preview:-1"},"canonical":"https:\/\/exceladvisor.org\/es\/copiar-formato\/","og_locale":"es_ES","og_type":"article","og_title":"\u00bfc\u00f3mo copiar formato en excel?","og_description":"Para copiar el formato de una celda o un rango de varias celdas, primero debe seleccionarlo y luego copiarlo. Despu\u00e9s de eso, seleccione la celda o rango en el que desea pegar el formato. Aqu\u00ed puedes usar la opci\u00f3n pegar especial para pegar solo el formato y dejar el resto. En este tutorial aprenderemos diferentes [&hellip;]","og_url":"https:\/\/exceladvisor.org\/es\/copiar-formato\/","og_site_name":"Excel Advisor","article_modified_time":"2023-12-25T10:24:57+00:00","og_image":[{"url":"https:\/\/exceladvisor.org\/wp-content\/uploads\/2023\/08\/1-copie-mise-en-forme-sous-excel.png","type":"","width":"","height":""}],"twitter_card":"summary_large_image","twitter_misc":{"Tiempo de lectura":"3 minutos"},"schema":{"@context":"https:\/\/schema.org","@graph":[{"@type":"WebPage","@id":"https:\/\/exceladvisor.org\/es\/copiar-formato\/","url":"https:\/\/exceladvisor.org\/es\/copiar-formato\/","name":"\u00bfc\u00f3mo copiar formato en excel?","isPartOf":{"@id":"https:\/\/exceladvisor.org\/es\/#website"},"primaryImageOfPage":{"@id":"https:\/\/exceladvisor.org\/es\/copiar-formato\/#primaryimage"},"image":{"@id":"https:\/\/exceladvisor.org\/es\/copiar-formato\/#primaryimage"},"thumbnailUrl":"https:\/\/exceladvisor.org\/wp-content\/uploads\/2023\/08\/1-copie-mise-en-forme-sous-excel.png","datePublished":"2023-10-30T06:00:23+00:00","dateModified":"2023-12-25T10:24:57+00:00","breadcrumb":{"@id":"https:\/\/exceladvisor.org\/es\/copiar-formato\/#breadcrumb"},"inLanguage":"es","potentialAction":[{"@type":"ReadAction","target":["https:\/\/exceladvisor.org\/es\/copiar-formato\/"]}]},{"@type":"ImageObject","inLanguage":"es","@id":"https:\/\/exceladvisor.org\/es\/copiar-formato\/#primaryimage","url":"https:\/\/exceladvisor.org\/wp-content\/uploads\/2023\/08\/1-copie-mise-en-forme-sous-excel.png","contentUrl":"https:\/\/exceladvisor.org\/wp-content\/uploads\/2023\/08\/1-copie-mise-en-forme-sous-excel.png"},{"@type":"BreadcrumbList","@id":"https:\/\/exceladvisor.org\/es\/copiar-formato\/#breadcrumb","itemListElement":[{"@type":"ListItem","position":1,"name":"Hogar","item":"https:\/\/exceladvisor.org\/es\/"},{"@type":"ListItem","position":2,"name":"\u00bfc\u00f3mo copiar formato en excel?"}]},{"@type":"WebSite","@id":"https:\/\/exceladvisor.org\/es\/#website","url":"https:\/\/exceladvisor.org\/es\/","name":"Excel Advisor","description":"Su gu\u00eda para la dominaci\u00f3n de datos!","publisher":{"@id":"https:\/\/exceladvisor.org\/es\/#organization"},"potentialAction":[{"@type":"SearchAction","target":{"@type":"EntryPoint","urlTemplate":"https:\/\/exceladvisor.org\/es\/?s={search_term_string}"},"query-input":{"@type":"PropertyValueSpecification","valueRequired":true,"valueName":"search_term_string"}}],"inLanguage":"es"},{"@type":"Organization","@id":"https:\/\/exceladvisor.org\/es\/#organization","name":"Excel Advisor","url":"https:\/\/exceladvisor.org\/es\/","logo":{"@type":"ImageObject","inLanguage":"es","@id":"https:\/\/exceladvisor.org\/es\/#\/schema\/logo\/image\/","url":"https:\/\/exceladvisor.org\/es\/wp-content\/uploads\/2023\/12\/exceladvisor.org_.png","contentUrl":"https:\/\/exceladvisor.org\/es\/wp-content\/uploads\/2023\/12\/exceladvisor.org_.png","width":105,"height":36,"caption":"Excel Advisor"},"image":{"@id":"https:\/\/exceladvisor.org\/es\/#\/schema\/logo\/image\/"}}]}},"yoast_meta":{"yoast_wpseo_title":"","yoast_wpseo_metadesc":"","yoast_wpseo_canonical":""},"_links":{"self":[{"href":"https:\/\/exceladvisor.org\/es\/wp-json\/wp\/v2\/pages\/415","targetHints":{"allow":["GET"]}}],"collection":[{"href":"https:\/\/exceladvisor.org\/es\/wp-json\/wp\/v2\/pages"}],"about":[{"href":"https:\/\/exceladvisor.org\/es\/wp-json\/wp\/v2\/types\/page"}],"author":[{"embeddable":true,"href":"https:\/\/exceladvisor.org\/es\/wp-json\/wp\/v2\/users\/1"}],"replies":[{"embeddable":true,"href":"https:\/\/exceladvisor.org\/es\/wp-json\/wp\/v2\/comments?post=415"}],"version-history":[{"count":1,"href":"https:\/\/exceladvisor.org\/es\/wp-json\/wp\/v2\/pages\/415\/revisions"}],"predecessor-version":[{"id":983,"href":"https:\/\/exceladvisor.org\/es\/wp-json\/wp\/v2\/pages\/415\/revisions\/983"}],"wp:attachment":[{"href":"https:\/\/exceladvisor.org\/es\/wp-json\/wp\/v2\/media?parent=415"}],"curies":[{"name":"wp","href":"https:\/\/api.w.org\/{rel}","templated":true}]}}