{"id":417,"date":"2023-10-29T23:32:03","date_gmt":"2023-10-29T23:32:03","guid":{"rendered":"https:\/\/exceladvisor.org\/es\/guardar-el-archivo\/"},"modified":"2023-12-25T10:25:29","modified_gmt":"2023-12-25T10:25:29","slug":"guardar-el-archivo","status":"publish","type":"page","link":"https:\/\/exceladvisor.org\/es\/guardar-el-archivo\/","title":{"rendered":"\u00bfc\u00f3mo guardar un archivo en excel?"},"content":{"rendered":"<div class=\"excel-antes-del-contenido\" id=\"excel-3847845789\"><script type=\"text\/javascript\">\r\n\tatOptions = {\r\n\t\t'key' : 'c1158f160081d6540a8409e6925dab94',\r\n\t\t'format' : 'iframe',\r\n\t\t'height' : 250,\r\n\t\t'width' : 300,\r\n\t\t'params' : {}\r\n\t};\r\n<\/script>\r\n<script type=\"text\/javascript\" src=\"\/\/www.highperformanceformat.com\/c1158f160081d6540a8409e6925dab94\/invoke.js\"><\/script><\/div><p>Si es usuario de Excel, es importante saber c\u00f3mo guardar un archivo all\u00ed. En Excel, es posible que necesite guardar un archivo para crear registros. Y el formato de archivo predeterminado en Excel es XLSX. Le permite realizar una copia de seguridad de sus datos en cualquier unidad, carpeta (como escritorio, mi documento), disco duro o unidad USB local.<\/p>\n<p> En este tutorial, aprenderemos los diferentes m\u00e9todos para guardar documentos de Excel.<\/p>\n<h2 id=\"h-save-a-file-using-the-file-tab-on-the-ribbon\" class=\"wp-block-heading\"> Guarde un archivo usando la pesta\u00f1a Archivo de la cinta<\/h2>\n<p> Esta es una de las formas m\u00e1s sencillas y sencillas de guardar un archivo de Excel en su disco o en cualquier carpeta. Estos son los pasos para esto:<\/p>\n<ul>\n<li> Primero, abra la hoja de c\u00e1lculo de Excel y podr\u00e1 ver que el nombre predeterminado es Libro1. Ahora ingresa los datos que deseas guardar. <\/li>\n<\/ul>\n<div class=\"wp-block-image\">\n<figure class=\"aligncenter size-full is-resized\"><img loading=\"lazy\" decoding=\"async\" class=\"wp-image-80044\" src=\"https:\/\/exceladvisor.org\/wp-content\/uploads\/2023\/08\/1-nouveau-classeur-excel.png\" sizes=\"auto, \" srcset=\"\" alt=\"nuevo-libro-de-excel\" width=\"412\" height=\"414\"><\/figure>\n<\/div>\n<ul>\n<li> Haga clic en la pesta\u00f1a Archivo y obtendr\u00e1 una vista detr\u00e1s de escena de la lista de opciones. <\/li>\n<\/ul>\n<div class=\"wp-block-image\">\n<figure class=\"aligncenter size-full is-resized\"><img loading=\"lazy\" decoding=\"async\" class=\"wp-image-80046\" src=\"https:\/\/exceladvisor.org\/wp-content\/uploads\/2023\/08\/2-cliquez-sur-longlet-fichier-1.png\" sizes=\"auto, \" srcset=\"\" alt=\"haga clic en la pesta\u00f1a del archivo\" width=\"411\" height=\"440\"><\/figure>\n<\/div>\n<ul>\n<li> Ahora, haga clic en la opci\u00f3n Guardar como y se abrir\u00e1 el cuadro de di\u00e1logo Guardar como. <\/li>\n<\/ul>\n<div class=\"wp-block-image\">\n<figure class=\"aligncenter size-full is-resized\"><img loading=\"lazy\" decoding=\"async\" class=\"wp-image-80047\" src=\"https:\/\/exceladvisor.org\/wp-content\/uploads\/2023\/08\/3-selectionnez-loption-Enregistrer-sous.png\" sizes=\"auto, \" srcset=\"\" alt=\"seleccione la opci\u00f3n guardar como\" width=\"422\" height=\"190\"><\/figure>\n<\/div>\n<ul>\n<li> A continuaci\u00f3n, debe buscar la ubicaci\u00f3n donde desea guardar su hoja de c\u00e1lculo.<\/li>\n<\/ul>\n<p> Suponga que desea guardar su archivo en la carpeta Archivos de Excel que se encuentra en el escritorio.<\/p>\n<ul>\n<li> Una vez que haya seleccionado la ubicaci\u00f3n, ingrese el nombre del archivo en el cuadro y haga clic en el bot\u00f3n Guardar en la parte inferior. <\/li>\n<\/ul>\n<div class=\"wp-block-image\">\n<figure class=\"aligncenter size-full is-resized\"><img loading=\"lazy\" decoding=\"async\" class=\"wp-image-80048\" src=\"https:\/\/exceladvisor.org\/wp-content\/uploads\/2023\/08\/4-entrez-lemplacement-du-nom-de-fichier-et-cliquez-sur-enregistrer.png\" sizes=\"auto, \" srcset=\"\" alt=\"ingrese-nombre-del-archivo-ubicaci\u00f3n-y-haga clic-guardar\" width=\"601\" height=\"476\"><\/figure>\n<\/div>\n<ul>\n<li> Finalmente, tambi\u00e9n puedes ver que el nombre del archivo ha cambiado en la hoja. <\/li>\n<\/ul>\n<div class=\"wp-block-image\">\n<figure class=\"aligncenter size-full is-resized\"><img loading=\"lazy\" decoding=\"async\" class=\"wp-image-80049\" src=\"https:\/\/exceladvisor.org\/wp-content\/uploads\/2023\/08\/5-nom-de-feuille-mis-a-jour.png\" sizes=\"auto, \" srcset=\"\" alt=\"nombre-hoja-actualizado\" width=\"564\" height=\"223\"><\/figure>\n<\/div>\n<h2 id=\"h-keyboard-shortcut-to-save-excel-file\" class=\"wp-block-heading\"> Atajo de teclado para guardar un archivo de Excel<\/h2>\n<p> Tambi\u00e9n puede guardar el archivo usando el m\u00e9todo abreviado de teclado en formato XLSX.<\/p>\n<ul>\n<li> Nuevamente, debes preparar la hoja que deseas guardar para el futuro. <\/li>\n<\/ul>\n<div class=\"wp-block-image\">\n<figure class=\"aligncenter size-full is-resized\"><img loading=\"lazy\" decoding=\"async\" class=\"wp-image-80050\" src=\"https:\/\/exceladvisor.org\/wp-content\/uploads\/2023\/08\/6-cliquez-sur-le-bouton-enregistrer-sous.png\" sizes=\"auto, \" srcset=\"\" alt=\"haga clic en el bot\u00f3n guardar como\" width=\"375\" height=\"359\"><\/figure>\n<\/div>\n<ul>\n<li> Presione las teclas Ctrl + S o haga clic en el icono de guardar superior y le mostrar\u00e1 el cuadro de di\u00e1logo Guardar archivo como se muestra a continuaci\u00f3n.<\/li>\n<li> Ahora, asigne un nombre al libro y seleccione \u00abLibro de Excel\u00bb en el cuadro de tipo de copia de seguridad. <\/li>\n<\/ul>\n<div class=\"wp-block-image\">\n<figure class=\"aligncenter size-full is-resized\"><img loading=\"lazy\" decoding=\"async\" class=\"wp-image-80051\" src=\"https:\/\/exceladvisor.org\/wp-content\/uploads\/2023\/08\/7-entrez-le-nom-du-fichier-et-choisissez-le-format.png\" sizes=\"auto, \" srcset=\"\" alt=\"ingrese-nombre-de-archivo-y-elija-formato\" width=\"620\" height=\"483\"><\/figure>\n<\/div>\n<ul>\n<li> Elija la ubicaci\u00f3n donde desea guardar su archivo y haga clic en el bot\u00f3n Guardar. <\/li>\n<\/ul>\n<div class=\"wp-block-image\">\n<figure class=\"aligncenter size-full is-resized\"><img loading=\"lazy\" decoding=\"async\" class=\"wp-image-80052\" src=\"https:\/\/exceladvisor.org\/wp-content\/uploads\/2023\/08\/8-finaliser-lemplacement-et-enregistrer-le-fichier.png\" sizes=\"auto, \" srcset=\"\" alt=\"finalizar-ubicaci\u00f3n-y-guardar-archivo\" width=\"444\" height=\"369\"><\/figure>\n<\/div>\n<h2 id=\"h-save-excel-file-in-other-formats\" class=\"wp-block-heading\"> Guarde el archivo de Excel en otros formatos<\/h2>\n<p> Generalmente, Excel guarda sus archivos en libros de Excel, pero con esto tambi\u00e9n puede guardar los archivos en otros formatos. Por ejemplo, puede guardar su archivo existente en formato PDF. Estos son los pasos a seguir:<\/p>\n<p class=\"qt-tip\"> Nota: Puede guardar el nuevo archivo de Excel, as\u00ed como cualquier archivo de Excel existente en otros formatos.<\/p>\n<ul>\n<li> Debe abrir un archivo existente que desee guardar como PDF. <\/li>\n<\/ul>\n<div class=\"wp-block-image\">\n<figure class=\"aligncenter size-full is-resized\"><img loading=\"lazy\" decoding=\"async\" class=\"wp-image-80053\" src=\"https:\/\/exceladvisor.org\/wp-content\/uploads\/2023\/08\/9-fichier-existant-enregistrer-au-format-pdf.png\" sizes=\"auto, \" srcset=\"\" alt=\"archivo-existente-guardar-como-PDF\" width=\"435\" height=\"457\"><\/figure>\n<\/div>\n<ul>\n<li> Ahora, haga clic en la pesta\u00f1a Archivo y seleccione la opci\u00f3n Guardar como.<\/li>\n<li> Haga clic en Examinar y se abrir\u00e1 el mismo cuadro de di\u00e1logo Guardar como. <\/li>\n<\/ul>\n<div class=\"wp-block-image\">\n<figure class=\"aligncenter size-full is-resized\"><img loading=\"lazy\" decoding=\"async\" class=\"wp-image-80054\" src=\"https:\/\/exceladvisor.org\/wp-content\/uploads\/2023\/08\/10-cliquez-sur-enregistrer-sous-parcourir-lemplacement.png\" sizes=\"auto, \" srcset=\"\" alt=\"hacer clic-guardar-sub-examinar-ubicaci\u00f3n\" width=\"501\" height=\"389\"><\/figure>\n<\/div>\n<ul>\n<li> Ahora seleccione la ubicaci\u00f3n donde desea guardar su archivo de Excel.<\/li>\n<li> Luego puede cambiar el nombre del archivo si lo desea y, en la lista desplegable de tipo de archivo, seleccione PDF y luego gu\u00e1rdelo. <\/li>\n<\/ul>\n<div class=\"wp-block-image\">\n<figure class=\"aligncenter size-full is-resized\"><img loading=\"lazy\" decoding=\"async\" class=\"wp-image-80055\" src=\"https:\/\/exceladvisor.org\/wp-content\/uploads\/2023\/08\/11-selectionnez-le-type-de-fichier-et-enregistrez-avec-le-meme-nom.png\" sizes=\"auto, \" srcset=\"\" alt=\"seleccionar-tipo-de-archivo-y-guardar-con-el-mismo-nombre\" width=\"618\" height=\"579\"><\/figure>\n<\/div>\n<div class=\"gb-container gb-container-4db6181c gb-container-mt\"> <a class=\"gb-button gb-button-c5897111 gb-button-text gb-button-mt-button\" href=\"https:\/\/exceladvisor.org\/es\/conceptos-basicos-de-excel\/\">Conceptos b\u00e1sicos de Microsoft Excel (componentes, piezas y notas de conocimiento)<\/a><\/p>\n<h2 class=\"gb-headline gb-headline-665e5f6b gb-headline-text gb-headline-mt-heading\"> Tutoriales relacionados <\/h2>\n<div class=\"gb-grid-wrapper gb-grid-wrapper-a20baf7c gb-grid-wrapper-mt-grid\">\n<div class=\"gb-grid-column gb-grid-column-65ddf67e\">\n<div class=\"gb-container gb-container-65ddf67e\">\n<ul>\n<li> <a href=\"https:\/\/exceladvisor.org\/es\/justificar-completamente\/\">Llenar justificar en Excel<\/a><\/li>\n<li> <a href=\"https:\/\/exceladvisor.org\/es\/barra-de-formulas-de-excel\/\">Barra de f\u00f3rmulas en Excel<\/a><\/li>\n<li> <a href=\"https:\/\/exceladvisor.org\/es\/agregar-un-encabezado-de-pie-de-pagina\/\">Agregar un encabezado y pie de p\u00e1gina en Excel<\/a><\/li>\n<li> <a href=\"https:\/\/exceladvisor.org\/es\/gobernante\/\">Mostrar regla en Excel<\/a><\/li>\n<li> <a href=\"https:\/\/exceladvisor.org\/es\/mango-de-llenado\/\">Controlador de relleno en Excel<\/a> <\/li>\n<\/ul>\n<\/div>\n<\/div>\n<div class=\"gb-grid-column gb-grid-column-50067b57\">\n<div class=\"gb-container gb-container-50067b57\"><\/div>\n<\/div>\n<\/div>\n<\/div>\n","protected":false},"excerpt":{"rendered":"<p>Si es usuario de Excel, es importante saber c\u00f3mo guardar un archivo all\u00ed. En Excel, es posible que necesite guardar un archivo para crear registros. Y el formato de archivo predeterminado en Excel es XLSX. Le permite realizar una copia de seguridad de sus datos en cualquier unidad, carpeta (como escritorio, mi documento), disco duro [&hellip;]<\/p>\n","protected":false},"author":1,"featured_media":0,"parent":0,"menu_order":0,"comment_status":"open","ping_status":"closed","template":"","meta":{"ub_ctt_via":"","footnotes":""},"class_list":["post-417","page","type-page","status-publish","hentry"],"featured_image_src":null,"yoast_head":"<!-- This site is optimized with the Yoast SEO plugin v25.4 - https:\/\/yoast.com\/wordpress\/plugins\/seo\/ -->\n<title>\u00bfc\u00f3mo guardar un archivo en excel?<\/title>\n<meta name=\"robots\" content=\"index, follow, max-snippet:-1, max-image-preview:large, max-video-preview:-1\" \/>\n<link rel=\"canonical\" href=\"https:\/\/exceladvisor.org\/es\/guardar-el-archivo\/\" \/>\n<meta property=\"og:locale\" content=\"es_ES\" \/>\n<meta property=\"og:type\" content=\"article\" \/>\n<meta property=\"og:title\" content=\"\u00bfc\u00f3mo guardar un archivo en excel?\" \/>\n<meta property=\"og:description\" content=\"Si es usuario de Excel, es importante saber c\u00f3mo guardar un archivo all\u00ed. En Excel, es posible que necesite guardar un archivo para crear registros. Y el formato de archivo predeterminado en Excel es XLSX. Le permite realizar una copia de seguridad de sus datos en cualquier unidad, carpeta (como escritorio, mi documento), disco duro [&hellip;]\" \/>\n<meta property=\"og:url\" content=\"https:\/\/exceladvisor.org\/es\/guardar-el-archivo\/\" \/>\n<meta property=\"og:site_name\" content=\"Excel Advisor\" \/>\n<meta property=\"article:modified_time\" content=\"2023-12-25T10:25:29+00:00\" \/>\n<meta property=\"og:image\" content=\"https:\/\/exceladvisor.org\/wp-content\/uploads\/2023\/08\/1-nouveau-classeur-excel.png\" \/>\n<meta name=\"twitter:card\" content=\"summary_large_image\" \/>\n<meta name=\"twitter:label1\" content=\"Tiempo de lectura\" \/>\n\t<meta name=\"twitter:data1\" content=\"3 minutos\" \/>\n<script type=\"application\/ld+json\" class=\"yoast-schema-graph\">{\"@context\":\"https:\/\/schema.org\",\"@graph\":[{\"@type\":\"WebPage\",\"@id\":\"https:\/\/exceladvisor.org\/es\/guardar-el-archivo\/\",\"url\":\"https:\/\/exceladvisor.org\/es\/guardar-el-archivo\/\",\"name\":\"\u00bfc\u00f3mo guardar un archivo en excel?\",\"isPartOf\":{\"@id\":\"https:\/\/exceladvisor.org\/es\/#website\"},\"primaryImageOfPage\":{\"@id\":\"https:\/\/exceladvisor.org\/es\/guardar-el-archivo\/#primaryimage\"},\"image\":{\"@id\":\"https:\/\/exceladvisor.org\/es\/guardar-el-archivo\/#primaryimage\"},\"thumbnailUrl\":\"https:\/\/exceladvisor.org\/wp-content\/uploads\/2023\/08\/1-nouveau-classeur-excel.png\",\"datePublished\":\"2023-10-29T23:32:03+00:00\",\"dateModified\":\"2023-12-25T10:25:29+00:00\",\"breadcrumb\":{\"@id\":\"https:\/\/exceladvisor.org\/es\/guardar-el-archivo\/#breadcrumb\"},\"inLanguage\":\"es\",\"potentialAction\":[{\"@type\":\"ReadAction\",\"target\":[\"https:\/\/exceladvisor.org\/es\/guardar-el-archivo\/\"]}]},{\"@type\":\"ImageObject\",\"inLanguage\":\"es\",\"@id\":\"https:\/\/exceladvisor.org\/es\/guardar-el-archivo\/#primaryimage\",\"url\":\"https:\/\/exceladvisor.org\/wp-content\/uploads\/2023\/08\/1-nouveau-classeur-excel.png\",\"contentUrl\":\"https:\/\/exceladvisor.org\/wp-content\/uploads\/2023\/08\/1-nouveau-classeur-excel.png\"},{\"@type\":\"BreadcrumbList\",\"@id\":\"https:\/\/exceladvisor.org\/es\/guardar-el-archivo\/#breadcrumb\",\"itemListElement\":[{\"@type\":\"ListItem\",\"position\":1,\"name\":\"Hogar\",\"item\":\"https:\/\/exceladvisor.org\/es\/\"},{\"@type\":\"ListItem\",\"position\":2,\"name\":\"\u00bfc\u00f3mo guardar un archivo en excel?\"}]},{\"@type\":\"WebSite\",\"@id\":\"https:\/\/exceladvisor.org\/es\/#website\",\"url\":\"https:\/\/exceladvisor.org\/es\/\",\"name\":\"Excel Advisor\",\"description\":\"Su gu\u00eda para la dominaci\u00f3n de datos!\",\"publisher\":{\"@id\":\"https:\/\/exceladvisor.org\/es\/#organization\"},\"potentialAction\":[{\"@type\":\"SearchAction\",\"target\":{\"@type\":\"EntryPoint\",\"urlTemplate\":\"https:\/\/exceladvisor.org\/es\/?s={search_term_string}\"},\"query-input\":{\"@type\":\"PropertyValueSpecification\",\"valueRequired\":true,\"valueName\":\"search_term_string\"}}],\"inLanguage\":\"es\"},{\"@type\":\"Organization\",\"@id\":\"https:\/\/exceladvisor.org\/es\/#organization\",\"name\":\"Excel Advisor\",\"url\":\"https:\/\/exceladvisor.org\/es\/\",\"logo\":{\"@type\":\"ImageObject\",\"inLanguage\":\"es\",\"@id\":\"https:\/\/exceladvisor.org\/es\/#\/schema\/logo\/image\/\",\"url\":\"https:\/\/exceladvisor.org\/es\/wp-content\/uploads\/2023\/12\/exceladvisor.org_.png\",\"contentUrl\":\"https:\/\/exceladvisor.org\/es\/wp-content\/uploads\/2023\/12\/exceladvisor.org_.png\",\"width\":105,\"height\":36,\"caption\":\"Excel Advisor\"},\"image\":{\"@id\":\"https:\/\/exceladvisor.org\/es\/#\/schema\/logo\/image\/\"}}]}<\/script>\n<!-- \/ Yoast SEO plugin. -->","yoast_head_json":{"title":"\u00bfc\u00f3mo guardar un archivo en excel?","robots":{"index":"index","follow":"follow","max-snippet":"max-snippet:-1","max-image-preview":"max-image-preview:large","max-video-preview":"max-video-preview:-1"},"canonical":"https:\/\/exceladvisor.org\/es\/guardar-el-archivo\/","og_locale":"es_ES","og_type":"article","og_title":"\u00bfc\u00f3mo guardar un archivo en excel?","og_description":"Si es usuario de Excel, es importante saber c\u00f3mo guardar un archivo all\u00ed. En Excel, es posible que necesite guardar un archivo para crear registros. Y el formato de archivo predeterminado en Excel es XLSX. Le permite realizar una copia de seguridad de sus datos en cualquier unidad, carpeta (como escritorio, mi documento), disco duro [&hellip;]","og_url":"https:\/\/exceladvisor.org\/es\/guardar-el-archivo\/","og_site_name":"Excel Advisor","article_modified_time":"2023-12-25T10:25:29+00:00","og_image":[{"url":"https:\/\/exceladvisor.org\/wp-content\/uploads\/2023\/08\/1-nouveau-classeur-excel.png","type":"","width":"","height":""}],"twitter_card":"summary_large_image","twitter_misc":{"Tiempo de lectura":"3 minutos"},"schema":{"@context":"https:\/\/schema.org","@graph":[{"@type":"WebPage","@id":"https:\/\/exceladvisor.org\/es\/guardar-el-archivo\/","url":"https:\/\/exceladvisor.org\/es\/guardar-el-archivo\/","name":"\u00bfc\u00f3mo guardar un archivo en excel?","isPartOf":{"@id":"https:\/\/exceladvisor.org\/es\/#website"},"primaryImageOfPage":{"@id":"https:\/\/exceladvisor.org\/es\/guardar-el-archivo\/#primaryimage"},"image":{"@id":"https:\/\/exceladvisor.org\/es\/guardar-el-archivo\/#primaryimage"},"thumbnailUrl":"https:\/\/exceladvisor.org\/wp-content\/uploads\/2023\/08\/1-nouveau-classeur-excel.png","datePublished":"2023-10-29T23:32:03+00:00","dateModified":"2023-12-25T10:25:29+00:00","breadcrumb":{"@id":"https:\/\/exceladvisor.org\/es\/guardar-el-archivo\/#breadcrumb"},"inLanguage":"es","potentialAction":[{"@type":"ReadAction","target":["https:\/\/exceladvisor.org\/es\/guardar-el-archivo\/"]}]},{"@type":"ImageObject","inLanguage":"es","@id":"https:\/\/exceladvisor.org\/es\/guardar-el-archivo\/#primaryimage","url":"https:\/\/exceladvisor.org\/wp-content\/uploads\/2023\/08\/1-nouveau-classeur-excel.png","contentUrl":"https:\/\/exceladvisor.org\/wp-content\/uploads\/2023\/08\/1-nouveau-classeur-excel.png"},{"@type":"BreadcrumbList","@id":"https:\/\/exceladvisor.org\/es\/guardar-el-archivo\/#breadcrumb","itemListElement":[{"@type":"ListItem","position":1,"name":"Hogar","item":"https:\/\/exceladvisor.org\/es\/"},{"@type":"ListItem","position":2,"name":"\u00bfc\u00f3mo guardar un archivo en excel?"}]},{"@type":"WebSite","@id":"https:\/\/exceladvisor.org\/es\/#website","url":"https:\/\/exceladvisor.org\/es\/","name":"Excel Advisor","description":"Su gu\u00eda para la dominaci\u00f3n de datos!","publisher":{"@id":"https:\/\/exceladvisor.org\/es\/#organization"},"potentialAction":[{"@type":"SearchAction","target":{"@type":"EntryPoint","urlTemplate":"https:\/\/exceladvisor.org\/es\/?s={search_term_string}"},"query-input":{"@type":"PropertyValueSpecification","valueRequired":true,"valueName":"search_term_string"}}],"inLanguage":"es"},{"@type":"Organization","@id":"https:\/\/exceladvisor.org\/es\/#organization","name":"Excel Advisor","url":"https:\/\/exceladvisor.org\/es\/","logo":{"@type":"ImageObject","inLanguage":"es","@id":"https:\/\/exceladvisor.org\/es\/#\/schema\/logo\/image\/","url":"https:\/\/exceladvisor.org\/es\/wp-content\/uploads\/2023\/12\/exceladvisor.org_.png","contentUrl":"https:\/\/exceladvisor.org\/es\/wp-content\/uploads\/2023\/12\/exceladvisor.org_.png","width":105,"height":36,"caption":"Excel Advisor"},"image":{"@id":"https:\/\/exceladvisor.org\/es\/#\/schema\/logo\/image\/"}}]}},"yoast_meta":{"yoast_wpseo_title":"","yoast_wpseo_metadesc":"","yoast_wpseo_canonical":""},"_links":{"self":[{"href":"https:\/\/exceladvisor.org\/es\/wp-json\/wp\/v2\/pages\/417","targetHints":{"allow":["GET"]}}],"collection":[{"href":"https:\/\/exceladvisor.org\/es\/wp-json\/wp\/v2\/pages"}],"about":[{"href":"https:\/\/exceladvisor.org\/es\/wp-json\/wp\/v2\/types\/page"}],"author":[{"embeddable":true,"href":"https:\/\/exceladvisor.org\/es\/wp-json\/wp\/v2\/users\/1"}],"replies":[{"embeddable":true,"href":"https:\/\/exceladvisor.org\/es\/wp-json\/wp\/v2\/comments?post=417"}],"version-history":[{"count":1,"href":"https:\/\/exceladvisor.org\/es\/wp-json\/wp\/v2\/pages\/417\/revisions"}],"predecessor-version":[{"id":1068,"href":"https:\/\/exceladvisor.org\/es\/wp-json\/wp\/v2\/pages\/417\/revisions\/1068"}],"wp:attachment":[{"href":"https:\/\/exceladvisor.org\/es\/wp-json\/wp\/v2\/media?parent=417"}],"curies":[{"name":"wp","href":"https:\/\/api.w.org\/{rel}","templated":true}]}}