{"id":420,"date":"2023-10-29T17:51:23","date_gmt":"2023-10-29T17:51:23","guid":{"rendered":"https:\/\/exceladvisor.org\/es\/agregar-una-nueva-hoja-1\/"},"modified":"2023-12-25T10:25:30","modified_gmt":"2023-12-25T10:25:30","slug":"agregar-una-nueva-hoja-1","status":"publish","type":"page","link":"https:\/\/exceladvisor.org\/es\/agregar-una-nueva-hoja-1\/","title":{"rendered":"\u00bfc\u00f3mo crear una nueva hoja usando c\u00f3digo vba?"},"content":{"rendered":"<div class=\"excel-antes-del-contenido\" id=\"excel-1878122224\"><script type=\"text\/javascript\">\r\n\tatOptions = {\r\n\t\t'key' : 'c1158f160081d6540a8409e6925dab94',\r\n\t\t'format' : 'iframe',\r\n\t\t'height' : 250,\r\n\t\t'width' : 300,\r\n\t\t'params' : {}\r\n\t};\r\n<\/script>\r\n<script type=\"text\/javascript\" src=\"\/\/www.highperformanceformat.com\/c1158f160081d6540a8409e6925dab94\/invoke.js\"><\/script><\/div><p>Una vez que comience a aprender VBA, una de las mejores cosas que puede hacer es escribir c\u00f3digo VBA para insertar una nueva hoja de trabajo en un libro.<\/p>\n<p> Bueno, ya existe un atajo para insertar una nueva hoja de trabajo o tambi\u00e9n puedes usar la opci\u00f3n normal, pero la ventaja de usar c\u00f3digo VBA es que puedes agregar m\u00faltiples hojas de trabajo con un solo clic y tambi\u00e9n puedes definir d\u00f3nde quieres agregar. \u00e9l.<\/p>\n<p> Para esto, necesita usar el m\u00e9todo Sheets.Add y en este art\u00edculo aprenderemos c\u00f3mo usarlo para agregar una o m\u00e1s hojas de trabajo en un libro.<\/p>\n<h2 class=\"wp-block-heading\"> M\u00e9todo Sheets.Add<\/h2>\n<pre class=\"wp-block-code\"> <code class=\"language-visual-basic\" lang=\"visual-basic\">Sheets.Add ([Before], [After], [Count], [Type])<\/code><\/pre>\n<ul>\n<li> Antes: para agregar una nueva hoja antes de una hoja.<\/li>\n<li> Despu\u00e9s: Para agregar la nueva hoja antes de una hoja.<\/li>\n<li> Contar: n\u00famero de hojas a agregar.<\/li>\n<li> Tipo: Tipo de hoja que desea agregar ( <a href=\"https:\/\/docs.microsoft.com\/en-us\/office\/vba\/api\/excel.xlsheettype\" target=\"_blank\" rel=\"noreferrer noopener\" aria-label=\"LINK (opens in a new tab)\">ENLACE<\/a> )<\/li>\n<\/ul>\n<h2 class=\"wp-block-heading\"> Escriba c\u00f3digo VBA para agregar una nueva hoja a un libro de trabajo<\/h2>\n<p> Abra el editor de Visual Basic y siga estos pasos.<\/p>\n<ul>\n<li> Primero, debe ingresar el m\u00e9todo Sheets.Add.<\/li>\n<li> A continuaci\u00f3n, debe definir d\u00f3nde agregar la nueva hoja (Antes o Despu\u00e9s).<\/li>\n<li> Lo siguiente es ingresar el n\u00famero de hojas de trabajo.<\/li>\n<li> En definitiva, el tipo de hoja. <\/li>\n<\/ul>\n<div class=\"wp-block-image\">\n<figure class=\"aligncenter size-large is-resized\"><img loading=\"lazy\" decoding=\"async\" class=\"wp-image-47897\" src=\"https:\/\/exceladvisor.org\/wp-content\/uploads\/2023\/08\/ajouter-des-feuilles-ajouter-une-methode-vba.png\" sizes=\"auto, \" srcset=\"\" alt=\"agregar-hojas-agregar-m\u00e9todo-vba\" width=\"597\" height=\"161\"><\/figure>\n<\/div>\n<h2 class=\"wp-block-heading\"> Diferentes formas de agregar nuevas hojas en un libro usando c\u00f3digo VBA<\/h2>\n<p> A continuaci\u00f3n se muestran diferentes formas de agregar una nueva hoja a un libro de trabajo:<\/p>\n<h3 class=\"wp-block-heading\"> 1. A\u00f1ade una sola hoja<\/h3>\n<p> Para agregar una sola hoja, puede usar el c\u00f3digo siguiente, donde no ha especificado ning\u00fan argumento.<\/p>\n<pre class=\"wp-block-code\"> <code class=\"language-visual-basic\" lang=\"visual-basic\">Sub SheetAddExample1() ActiveWorkbook.Sheets.Add End Sub<\/code><\/pre>\n<p> Este c\u00f3digo le dice a Excel que agregue una hoja en el libro activo, pero como no tiene argumentos, usar\u00e1 los valores predeterminados y agregar\u00e1 una hoja de trabajo (xlWorksheet) antes de la hoja activa.<\/p>\n<p> Aqu\u00ed hay otra forma de escribir esto; consulte el c\u00f3digo a continuaci\u00f3n.<\/p>\n<pre class=\"wp-block-code\"> <code class=\"language-visual-basic\" lang=\"visual-basic\">Sub SheetAddExample2() Sheets.Add End Sub<\/code><\/pre>\n<p> Como ya est\u00e1 en el libro activo, tambi\u00e9n puede utilizar el siguiente c\u00f3digo. \u00c9l hace lo mismo.<\/p>\n<h3 class=\"wp-block-heading\"> 2. Agrega varias hojas<\/h3>\n<p> Para agregar varias hojas a la vez, simplemente configure el argumento CONTAR con la cantidad de hojas que desea agregar.<\/p>\n<pre class=\"wp-block-code\"> <code class=\"language-visual-basic\" lang=\"visual-basic\">Sub AddSheets3() Sheets.Add Count:=5 End Sub<\/code><\/pre>\n<p> Ahora la cantidad de hojas que configur\u00f3 es 5, por lo que cuando ejecuta este c\u00f3digo, agrega instant\u00e1neamente las cinco hojas nuevas al libro de trabajo.<\/p>\n<h3 class=\"wp-block-heading\"> 3. Agrega una hoja con un nombre.<\/h3>\n<p> Si desea cambiar el nombre de la hoja despu\u00e9s de agregarla, puede usar el siguiente c\u00f3digo:<\/p>\n<pre class=\"wp-block-code\"> <code class=\"language-visual-basic\" lang=\"visual-basic\">Sub AddNewSheetswithNameExample1() Sheets.Add.Name = \"myNewSHeet\" End Sub<\/code><\/pre>\n<p> En el c\u00f3digo anterior, hemos utilizado el objeto de nombre ( <a href=\"https:\/\/docs.microsoft.com\/en-us\/office\/vba\/api\/excel.names\">ENLACE<\/a> ) que le ayuda a especificar el nombre de una hoja.<\/p>\n<h3 class=\"wp-block-heading\"> 4. Agrega una hoja con un nombre de una celda.<\/h3>\n<p> Tambi\u00e9n puede tomar el valor para usarlo como nombre de la hoja de una celda.<\/p>\n<pre class=\"wp-block-code\"> <code class=\"language-visual-basic\" lang=\"visual-basic\">Sub AddNewSheetswithNameExample2() Sheets.Add.Name = Range(\"A1\") End Sub<\/code><\/pre>\n<p> En el c\u00f3digo anterior, la celda A1 se usa para obtener el nombre de la nueva hoja.<\/p>\n<h3 class=\"wp-block-heading\"> 5. Agregue una hoja despu\u00e9s\/antes de una hoja espec\u00edfica<\/h3>\n<p> Como estos argumentos ya est\u00e1n en Sheets.Add, donde puede especificar la hoja para agregar una nueva hoja antes o despu\u00e9s.<\/p>\n<pre class=\"wp-block-code\"> <code class=\"language-visual-basic\" lang=\"visual-basic\">Sub AddSheetsExample5() Sheets.Add Before:=Worksheets(\"mySheet\") Sheets.Add After:=Worksheets(\"mySheet\") End Sub<\/code><\/pre>\n<p> Ahora, en el c\u00f3digo anterior, tiene dos l\u00edneas de c\u00f3digo que us\u00f3 antes y despu\u00e9s de un argumento en el m\u00e9todo Sheet.Add. Entonces, cuando ejecuta este c\u00f3digo, agrega dos hojas, una antes y otra despu\u00e9s de \u00abmySheet\u00bb.<\/p>\n<h3 class=\"wp-block-heading\"> 6. Agrega una nueva hoja al principio.<\/h3>\n<p> Usando el argumento antes de usar, tambi\u00e9n puede agregar una hoja al comienzo de las hojas que tiene en el libro.<\/p>\n<p> B\u00e1sicamente, lo que vamos a hacer es especificar el n\u00famero de hoja en lugar del nombre de la hoja.<\/p>\n<pre class=\"wp-block-code\"> <code class=\"language-visual-basic\" lang=\"visual-basic\">Sub AddSheetsExample6() Sheets.Add Before:=Sheets(1) End Sub<\/code><\/pre>\n<p> En el c\u00f3digo anterior, utiliz\u00f3 la hoja n\u00famero (1) que le indica a VBA que agregue la hoja antes de la hoja que est\u00e1 en la primera posici\u00f3n en todas las hojas de trabajo. De esta forma siempre agregar\u00e1 la nueva hoja al principio.<\/p>\n<h3 class=\"wp-block-heading\"> 7. Agregue una nueva hoja al final (despu\u00e9s de la \u00faltima hoja)<\/h3>\n<p> Para agregar una nueva hoja al final, debe escribir el c\u00f3digo de otra manera. Entonces, para esto necesita saber cu\u00e1ntas hojas hay en el libro para poder agregar una nueva hoja al final.<\/p>\n<pre class=\"wp-block-code\"> <code class=\"language-visual-basic line-numbers\" lang=\"visual-basic\">Sub AddSheetsExample8() Sheets.Add After:=Sheets(Sheets.Count) End Sub<\/code><\/pre>\n<p> En el c\u00f3digo anterior, Sheet.Count devuelve el n\u00famero de hojas que tiene en el libro y, dado que configur\u00f3 el argumento posterior, agrega la nueva hoja despu\u00e9s de la \u00faltima hoja del libro.<\/p>\n<h3 class=\"wp-block-heading\"> 8. Agregue varias hojas y use nombres de rango<\/h3>\n<p> El siguiente c\u00f3digo cuenta l\u00edneas en el rango A1:A7. Despu\u00e9s de eso, realiza un bucle para agregar hojas seg\u00fan el recuento del rango y usa los valores del rango para nombrar la hoja al agregarla.<\/p>\n<pre class=\"wp-block-code\"> <code class=\"language-visual-basic\" lang=\"visual-basic\">Sub AddSheetsExample9() Dim sheets_count As Integer Dim sheet_name As String Dim i As Integer sheet_count = Range(\"A1:A7\").Rows.Count For i = 1 To sheet_count sheet_name = Sheets(\"mySheet\").Range(\"A1:A7\").Cells(i, 1).Value Worksheets.Add().Name = sheet_name Next i End Sub<\/code><\/pre>\n<p> Pero con el c\u00f3digo anterior, es posible que el nombre de la hoja que deseas agregar ya exista o tengas una celda vac\u00eda en el rango de nombres.<\/p>\n<p> En este caso, necesita escribir un c\u00f3digo que pueda verificar si la hoja con el mismo nombre ya existe o no y si la celda de donde desea tomar el nombre de la hoja est\u00e1 vac\u00eda o no.<\/p>\n<p> S\u00f3lo si se cumplen ambas condiciones, se debe agregar una nueva hoja. D\u00e9jame decirlo en dos pasos:<\/p>\n<p> <strong>En primer lugar<\/strong> , debe escribir una <a href=\"https:\/\/exceladvisor.org\/es\/funcion-definida-por-el-usuario-2\/\">funci\u00f3n definida por el usuario de Excel<\/a> para verificar si ya existe o no una hoja con el mismo nombre.<\/p>\n<pre class=\"wp-block-code\"> <code class=\"language-visual-basic\" lang=\"visual-basic\">Function SheetCheck(sheet_name As String) As Boolean Dim ws As Worksheet SheetCheck = False For Each ws In ThisWorkbook.Worksheets If ws.Name = sheet_name Then SheetCheck = True End If Next End Function<\/code><\/pre>\n<p> En segundo lugar, debe escribir un c\u00f3digo usando esta funci\u00f3n y este c\u00f3digo tambi\u00e9n debe verificar si la celda del nombre est\u00e1 vac\u00eda o no.<\/p>\n<pre class=\"wp-block-code\"> <code class=\"language-visual-basic\" lang=\"visual-basic\">Sub AddMultipleSheet2() Dim sheets_count As Integer Dim sheet_name As String Dim i As Integer sheet_count = Range(\"A1:A7\").Rows.Count For i = 1 To sheet_count sheet_name = Sheets(\"mySheet\").Range(\"A1:A10\").Cells(i, 1).Value If SheetCheck(sheet_name) = False And sheet_name &lt;&gt; \"\" Then Worksheets.Add().Name = sheet_name End If Next i End Sub<\/code><\/pre>\n<p> Ahora, en el c\u00f3digo anterior ha utilizado <a href=\"https:\/\/exceladvisor.org\/es\/si-2\/\" target=\"_blank\" rel=\"noreferrer noopener\" aria-label=\"VBA IF Statement (opens in a new tab)\">la declaraci\u00f3n IF de VBA<\/a> y en esta declaraci\u00f3n tiene la funci\u00f3n de verificaci\u00f3n de hoja que verifica el nombre de la hoja y luego tiene una condici\u00f3n para verificar si la celda del nombre tiene un valor vac\u00edo.<\/p>\n<p> <strong><a href=\"https:\/\/exceladvisor.org\/wp-content\/uploads\/2023\/11\/add-sheet-using-vba.zip\" target=\"_blank\" rel=\"noreferrer noopener nofollow\" aria-label=\"Sample File (opens in a new tab)\">Archivo de ejemplo<\/a><\/strong><\/p>\n<div class=\"gb-container gb-container-4db6181c gb-container-mt\"> <a class=\"gb-button gb-button-c5897111 gb-button-text gb-button-mt-button\" href=\"https:\/\/exceladvisor.org\/es\/vba\/\">\u00bfQu\u00e9 es VBA?<\/a><\/p>\n<h2 class=\"gb-headline gb-headline-665e5f6b gb-headline-text gb-headline-mt-heading\"> Tutoriales relacionados <\/h2>\n<div class=\"gb-grid-wrapper gb-grid-wrapper-a20baf7c gb-grid-wrapper-mt-grid\">\n<div class=\"gb-grid-column gb-grid-column-65ddf67e\">\n<div class=\"gb-container gb-container-65ddf67e\">\n<ul>\n<li> <a href=\"https:\/\/exceladvisor.org\/es\/hoja-clara\/\">BORRAR una hoja completa usando VBA en Excel<\/a><\/li>\n<li> <a href=\"https:\/\/exceladvisor.org\/es\/copiar-hoja\/\">Copiar y mover una hoja en Excel usando VBA<\/a><\/li>\n<li> <a href=\"https:\/\/exceladvisor.org\/es\/contar-las-hojas\/\">CONTAR Hojas usando VBA en Excel<\/a> <\/li>\n<\/ul>\n<\/div>\n<\/div>\n<div class=\"gb-grid-column gb-grid-column-50067b57\">\n<div class=\"gb-container gb-container-50067b57\">\n<ul>\n<li> <a href=\"https:\/\/exceladvisor.org\/es\/hoja-de-trabajo-1\/\">Objeto de hoja de trabajo de VBA<\/a><\/li>\n<li> <a href=\"https:\/\/exceladvisor.org\/es\/activar-hoja\/\">Activar una hoja usando VBA<\/a><\/li>\n<li> <a href=\"https:\/\/exceladvisor.org\/es\/la-hoja-de-control-existe\/\">VBA Comprobar si existe una hoja<\/a><\/li>\n<\/ul>\n<\/div>\n<\/div>\n<\/div>\n<\/div>\n","protected":false},"excerpt":{"rendered":"<p>Una vez que comience a aprender VBA, una de las mejores cosas que puede hacer es escribir c\u00f3digo VBA para insertar una nueva hoja de trabajo en un libro. Bueno, ya existe un atajo para insertar una nueva hoja de trabajo o tambi\u00e9n puedes usar la opci\u00f3n normal, pero la ventaja de usar c\u00f3digo VBA [&hellip;]<\/p>\n","protected":false},"author":1,"featured_media":0,"parent":0,"menu_order":0,"comment_status":"open","ping_status":"closed","template":"","meta":{"ub_ctt_via":"","footnotes":""},"class_list":["post-420","page","type-page","status-publish","hentry"],"featured_image_src":null,"yoast_head":"<!-- This site is optimized with the Yoast SEO plugin v25.4 - https:\/\/yoast.com\/wordpress\/plugins\/seo\/ -->\n<title>\u00bfc\u00f3mo crear una nueva hoja usando c\u00f3digo vba?<\/title>\n<meta name=\"robots\" content=\"index, follow, max-snippet:-1, max-image-preview:large, max-video-preview:-1\" \/>\n<link rel=\"canonical\" href=\"https:\/\/exceladvisor.org\/es\/agregar-una-nueva-hoja-1\/\" \/>\n<meta property=\"og:locale\" content=\"es_ES\" \/>\n<meta property=\"og:type\" content=\"article\" \/>\n<meta property=\"og:title\" content=\"\u00bfc\u00f3mo crear una nueva hoja usando c\u00f3digo vba?\" \/>\n<meta property=\"og:description\" content=\"Una vez que comience a aprender VBA, una de las mejores cosas que puede hacer es escribir c\u00f3digo VBA para insertar una nueva hoja de trabajo en un libro. Bueno, ya existe un atajo para insertar una nueva hoja de trabajo o tambi\u00e9n puedes usar la opci\u00f3n normal, pero la ventaja de usar c\u00f3digo VBA [&hellip;]\" \/>\n<meta property=\"og:url\" content=\"https:\/\/exceladvisor.org\/es\/agregar-una-nueva-hoja-1\/\" \/>\n<meta property=\"og:site_name\" content=\"Excel Advisor\" \/>\n<meta property=\"article:modified_time\" content=\"2023-12-25T10:25:30+00:00\" \/>\n<meta property=\"og:image\" content=\"https:\/\/exceladvisor.org\/wp-content\/uploads\/2023\/08\/ajouter-des-feuilles-ajouter-une-methode-vba.png\" \/>\n<meta name=\"twitter:card\" content=\"summary_large_image\" \/>\n<meta name=\"twitter:label1\" content=\"Tiempo de lectura\" \/>\n\t<meta name=\"twitter:data1\" content=\"6 minutos\" \/>\n<script type=\"application\/ld+json\" class=\"yoast-schema-graph\">{\"@context\":\"https:\/\/schema.org\",\"@graph\":[{\"@type\":\"WebPage\",\"@id\":\"https:\/\/exceladvisor.org\/es\/agregar-una-nueva-hoja-1\/\",\"url\":\"https:\/\/exceladvisor.org\/es\/agregar-una-nueva-hoja-1\/\",\"name\":\"\u00bfc\u00f3mo crear una nueva hoja usando c\u00f3digo vba?\",\"isPartOf\":{\"@id\":\"https:\/\/exceladvisor.org\/es\/#website\"},\"primaryImageOfPage\":{\"@id\":\"https:\/\/exceladvisor.org\/es\/agregar-una-nueva-hoja-1\/#primaryimage\"},\"image\":{\"@id\":\"https:\/\/exceladvisor.org\/es\/agregar-una-nueva-hoja-1\/#primaryimage\"},\"thumbnailUrl\":\"https:\/\/exceladvisor.org\/wp-content\/uploads\/2023\/08\/ajouter-des-feuilles-ajouter-une-methode-vba.png\",\"datePublished\":\"2023-10-29T17:51:23+00:00\",\"dateModified\":\"2023-12-25T10:25:30+00:00\",\"breadcrumb\":{\"@id\":\"https:\/\/exceladvisor.org\/es\/agregar-una-nueva-hoja-1\/#breadcrumb\"},\"inLanguage\":\"es\",\"potentialAction\":[{\"@type\":\"ReadAction\",\"target\":[\"https:\/\/exceladvisor.org\/es\/agregar-una-nueva-hoja-1\/\"]}]},{\"@type\":\"ImageObject\",\"inLanguage\":\"es\",\"@id\":\"https:\/\/exceladvisor.org\/es\/agregar-una-nueva-hoja-1\/#primaryimage\",\"url\":\"https:\/\/exceladvisor.org\/wp-content\/uploads\/2023\/08\/ajouter-des-feuilles-ajouter-une-methode-vba.png\",\"contentUrl\":\"https:\/\/exceladvisor.org\/wp-content\/uploads\/2023\/08\/ajouter-des-feuilles-ajouter-une-methode-vba.png\"},{\"@type\":\"BreadcrumbList\",\"@id\":\"https:\/\/exceladvisor.org\/es\/agregar-una-nueva-hoja-1\/#breadcrumb\",\"itemListElement\":[{\"@type\":\"ListItem\",\"position\":1,\"name\":\"Hogar\",\"item\":\"https:\/\/exceladvisor.org\/es\/\"},{\"@type\":\"ListItem\",\"position\":2,\"name\":\"\u00bfc\u00f3mo crear una nueva hoja usando c\u00f3digo vba?\"}]},{\"@type\":\"WebSite\",\"@id\":\"https:\/\/exceladvisor.org\/es\/#website\",\"url\":\"https:\/\/exceladvisor.org\/es\/\",\"name\":\"Excel Advisor\",\"description\":\"Su gu\u00eda para la dominaci\u00f3n de datos!\",\"publisher\":{\"@id\":\"https:\/\/exceladvisor.org\/es\/#organization\"},\"potentialAction\":[{\"@type\":\"SearchAction\",\"target\":{\"@type\":\"EntryPoint\",\"urlTemplate\":\"https:\/\/exceladvisor.org\/es\/?s={search_term_string}\"},\"query-input\":{\"@type\":\"PropertyValueSpecification\",\"valueRequired\":true,\"valueName\":\"search_term_string\"}}],\"inLanguage\":\"es\"},{\"@type\":\"Organization\",\"@id\":\"https:\/\/exceladvisor.org\/es\/#organization\",\"name\":\"Excel Advisor\",\"url\":\"https:\/\/exceladvisor.org\/es\/\",\"logo\":{\"@type\":\"ImageObject\",\"inLanguage\":\"es\",\"@id\":\"https:\/\/exceladvisor.org\/es\/#\/schema\/logo\/image\/\",\"url\":\"https:\/\/exceladvisor.org\/es\/wp-content\/uploads\/2023\/12\/exceladvisor.org_.png\",\"contentUrl\":\"https:\/\/exceladvisor.org\/es\/wp-content\/uploads\/2023\/12\/exceladvisor.org_.png\",\"width\":105,\"height\":36,\"caption\":\"Excel Advisor\"},\"image\":{\"@id\":\"https:\/\/exceladvisor.org\/es\/#\/schema\/logo\/image\/\"}}]}<\/script>\n<!-- \/ Yoast SEO plugin. -->","yoast_head_json":{"title":"\u00bfc\u00f3mo crear una nueva hoja usando c\u00f3digo vba?","robots":{"index":"index","follow":"follow","max-snippet":"max-snippet:-1","max-image-preview":"max-image-preview:large","max-video-preview":"max-video-preview:-1"},"canonical":"https:\/\/exceladvisor.org\/es\/agregar-una-nueva-hoja-1\/","og_locale":"es_ES","og_type":"article","og_title":"\u00bfc\u00f3mo crear una nueva hoja usando c\u00f3digo vba?","og_description":"Una vez que comience a aprender VBA, una de las mejores cosas que puede hacer es escribir c\u00f3digo VBA para insertar una nueva hoja de trabajo en un libro. Bueno, ya existe un atajo para insertar una nueva hoja de trabajo o tambi\u00e9n puedes usar la opci\u00f3n normal, pero la ventaja de usar c\u00f3digo VBA [&hellip;]","og_url":"https:\/\/exceladvisor.org\/es\/agregar-una-nueva-hoja-1\/","og_site_name":"Excel Advisor","article_modified_time":"2023-12-25T10:25:30+00:00","og_image":[{"url":"https:\/\/exceladvisor.org\/wp-content\/uploads\/2023\/08\/ajouter-des-feuilles-ajouter-une-methode-vba.png","type":"","width":"","height":""}],"twitter_card":"summary_large_image","twitter_misc":{"Tiempo de lectura":"6 minutos"},"schema":{"@context":"https:\/\/schema.org","@graph":[{"@type":"WebPage","@id":"https:\/\/exceladvisor.org\/es\/agregar-una-nueva-hoja-1\/","url":"https:\/\/exceladvisor.org\/es\/agregar-una-nueva-hoja-1\/","name":"\u00bfc\u00f3mo crear una nueva hoja usando c\u00f3digo vba?","isPartOf":{"@id":"https:\/\/exceladvisor.org\/es\/#website"},"primaryImageOfPage":{"@id":"https:\/\/exceladvisor.org\/es\/agregar-una-nueva-hoja-1\/#primaryimage"},"image":{"@id":"https:\/\/exceladvisor.org\/es\/agregar-una-nueva-hoja-1\/#primaryimage"},"thumbnailUrl":"https:\/\/exceladvisor.org\/wp-content\/uploads\/2023\/08\/ajouter-des-feuilles-ajouter-une-methode-vba.png","datePublished":"2023-10-29T17:51:23+00:00","dateModified":"2023-12-25T10:25:30+00:00","breadcrumb":{"@id":"https:\/\/exceladvisor.org\/es\/agregar-una-nueva-hoja-1\/#breadcrumb"},"inLanguage":"es","potentialAction":[{"@type":"ReadAction","target":["https:\/\/exceladvisor.org\/es\/agregar-una-nueva-hoja-1\/"]}]},{"@type":"ImageObject","inLanguage":"es","@id":"https:\/\/exceladvisor.org\/es\/agregar-una-nueva-hoja-1\/#primaryimage","url":"https:\/\/exceladvisor.org\/wp-content\/uploads\/2023\/08\/ajouter-des-feuilles-ajouter-une-methode-vba.png","contentUrl":"https:\/\/exceladvisor.org\/wp-content\/uploads\/2023\/08\/ajouter-des-feuilles-ajouter-une-methode-vba.png"},{"@type":"BreadcrumbList","@id":"https:\/\/exceladvisor.org\/es\/agregar-una-nueva-hoja-1\/#breadcrumb","itemListElement":[{"@type":"ListItem","position":1,"name":"Hogar","item":"https:\/\/exceladvisor.org\/es\/"},{"@type":"ListItem","position":2,"name":"\u00bfc\u00f3mo crear una nueva hoja usando c\u00f3digo vba?"}]},{"@type":"WebSite","@id":"https:\/\/exceladvisor.org\/es\/#website","url":"https:\/\/exceladvisor.org\/es\/","name":"Excel Advisor","description":"Su gu\u00eda para la dominaci\u00f3n de datos!","publisher":{"@id":"https:\/\/exceladvisor.org\/es\/#organization"},"potentialAction":[{"@type":"SearchAction","target":{"@type":"EntryPoint","urlTemplate":"https:\/\/exceladvisor.org\/es\/?s={search_term_string}"},"query-input":{"@type":"PropertyValueSpecification","valueRequired":true,"valueName":"search_term_string"}}],"inLanguage":"es"},{"@type":"Organization","@id":"https:\/\/exceladvisor.org\/es\/#organization","name":"Excel Advisor","url":"https:\/\/exceladvisor.org\/es\/","logo":{"@type":"ImageObject","inLanguage":"es","@id":"https:\/\/exceladvisor.org\/es\/#\/schema\/logo\/image\/","url":"https:\/\/exceladvisor.org\/es\/wp-content\/uploads\/2023\/12\/exceladvisor.org_.png","contentUrl":"https:\/\/exceladvisor.org\/es\/wp-content\/uploads\/2023\/12\/exceladvisor.org_.png","width":105,"height":36,"caption":"Excel Advisor"},"image":{"@id":"https:\/\/exceladvisor.org\/es\/#\/schema\/logo\/image\/"}}]}},"yoast_meta":{"yoast_wpseo_title":"","yoast_wpseo_metadesc":"","yoast_wpseo_canonical":""},"_links":{"self":[{"href":"https:\/\/exceladvisor.org\/es\/wp-json\/wp\/v2\/pages\/420","targetHints":{"allow":["GET"]}}],"collection":[{"href":"https:\/\/exceladvisor.org\/es\/wp-json\/wp\/v2\/pages"}],"about":[{"href":"https:\/\/exceladvisor.org\/es\/wp-json\/wp\/v2\/types\/page"}],"author":[{"embeddable":true,"href":"https:\/\/exceladvisor.org\/es\/wp-json\/wp\/v2\/users\/1"}],"replies":[{"embeddable":true,"href":"https:\/\/exceladvisor.org\/es\/wp-json\/wp\/v2\/comments?post=420"}],"version-history":[{"count":1,"href":"https:\/\/exceladvisor.org\/es\/wp-json\/wp\/v2\/pages\/420\/revisions"}],"predecessor-version":[{"id":1069,"href":"https:\/\/exceladvisor.org\/es\/wp-json\/wp\/v2\/pages\/420\/revisions\/1069"}],"wp:attachment":[{"href":"https:\/\/exceladvisor.org\/es\/wp-json\/wp\/v2\/media?parent=420"}],"curies":[{"name":"wp","href":"https:\/\/api.w.org\/{rel}","templated":true}]}}