{"id":421,"date":"2023-10-29T08:44:46","date_gmt":"2023-10-29T08:44:46","guid":{"rendered":"https:\/\/exceladvisor.org\/es\/eliminar-lista-desplegable\/"},"modified":"2023-12-25T10:24:58","modified_gmt":"2023-12-25T10:24:58","slug":"eliminar-lista-desplegable","status":"publish","type":"page","link":"https:\/\/exceladvisor.org\/es\/eliminar-lista-desplegable\/","title":{"rendered":"\u00bfc\u00f3mo eliminar la lista desplegable en excel?"},"content":{"rendered":"<div class=\"excel-antes-del-contenido\" id=\"excel-3704200219\"><script type=\"text\/javascript\">\r\n\tatOptions = {\r\n\t\t'key' : 'c1158f160081d6540a8409e6925dab94',\r\n\t\t'format' : 'iframe',\r\n\t\t'height' : 250,\r\n\t\t'width' : 300,\r\n\t\t'params' : {}\r\n\t};\r\n<\/script>\r\n<script type=\"text\/javascript\" src=\"\/\/www.highperformanceformat.com\/c1158f160081d6540a8409e6925dab94\/invoke.js\"><\/script><\/div><p>En Excel, cuando usa una lista desplegable y ya no la necesita, lo mejor que puede hacer es eliminarla para liberar la celda para ingresar todo tipo de datos. Hemos discutido tres m\u00e9todos en este tutorial:<\/p>\n<ul>\n<li> El primer m\u00e9todo <strong>solo elimina el men\u00fa desplegable<\/strong> , no el valor que tiene en la celda.<\/li>\n<li> El segundo m\u00e9todo <strong>borra la lista desplegable y el valor de la celda<\/strong> .<\/li>\n<li> El tercer m\u00e9todo <strong>elimina la celda por completo<\/strong> .<\/li>\n<\/ul>\n<p> La forma m\u00e1s r\u00e1pida de eliminar la lista desplegable es utilizar el m\u00e9todo abreviado de teclado Alt \u21e2 H \u21e2 E \u21e2 A.<\/p>\n<h2 class=\"wp-block-heading\"> Pasos para eliminar una lista desplegable<\/h2>\n<p> Para deshacerse de una lista desplegable, siga estos pasos:<\/p>\n<ol>\n<li> Primero, seleccione la celda o rango de celdas donde se encuentra el men\u00fa desplegable de validaci\u00f3n de datos. <br \/><img loading=\"lazy\" decoding=\"async\" title=\"1-seleccionar-celda-o-rango-de-celdas\" src=\"https:\/\/exceladvisor.org\/wp-content\/uploads\/2023\/08\/1-selectionner-une-cellule-ou-une-plage-de-cellules.png\" sizes=\"auto, \" srcset=\"\" alt=\"select-cell-or-range-of-cells\" width=\"345\" height=\"210\"><\/li>\n<li> Despu\u00e9s de eso, vaya a la pesta\u00f1a Datos \u21e2 Datos \u21e2 Validaci\u00f3n de datos \u21e2 Validaci\u00f3n de datos (tambi\u00e9n puede usar el m\u00e9todo abreviado de teclado Alt \u21e2 A \u21e2 V \u21e2 V). <br \/><img loading=\"lazy\" decoding=\"async\" title=\"2-opci\u00f3n-de-validaci\u00f3n-de-datos\" src=\"https:\/\/exceladvisor.org\/wp-content\/uploads\/2023\/08\/2-options-de-validation-des-donnees.png\" sizes=\"auto, \" srcset=\"\" alt=\"data-validation-option\" width=\"588\" height=\"297\"><\/li>\n<li> Ahora tiene el cuadro de di\u00e1logo Validaci\u00f3n de datos y debe hacer clic en el bot\u00f3n \u00abBorrar todo\u00bb. <br \/><img loading=\"lazy\" decoding=\"async\" title=\"3-cuadro-de-di\u00e1logo-de-validaci\u00f3n-de-datos\" src=\"https:\/\/exceladvisor.org\/wp-content\/uploads\/2023\/08\/3-boite-de-dialogue-de-validation-des-donnees.png\" sizes=\"auto, \" srcset=\"\" alt=\"data-validation-dialog-box\" width=\"585\" height=\"437\"><\/li>\n<li> Al final, haga clic en Aceptar para cerrar el cuadro de di\u00e1logo de validaci\u00f3n de datos. <br \/><img loading=\"lazy\" decoding=\"async\" title=\"4-cerrar-di\u00e1logo-de-validaci\u00f3n-de-datos\" src=\"https:\/\/exceladvisor.org\/wp-content\/uploads\/2023\/08\/4-fermer-la-boite-de-dialogue-de-validation-des-donnees.png\" sizes=\"auto, \" srcset=\"\" alt=\"close-the-data-validation-dialog-box\" width=\"319\" height=\"251\"><\/li>\n<\/ol>\n<p> Como puede ver, el valor que tiene en la celda sigue ah\u00ed, no se elimina.<\/p>\n<h2 class=\"wp-block-heading\"> Desh\u00e1gase de la lista desplegable con la opci\u00f3n Borrar todo<\/h2>\n<ol>\n<li> Primero, seleccione la celda con la lista desplegable. <br \/><img loading=\"lazy\" decoding=\"async\" title=\"5-seleccionar-celda-tener-lista-desplegable\" src=\"https:\/\/exceladvisor.org\/wp-content\/uploads\/2023\/08\/5-selectionner-une-cellule-avec-une-liste-deroulante.png\" sizes=\"auto, \" srcset=\"\" alt=\"select-cell-have-dropdown-list\" width=\"369\" height=\"224\"><\/li>\n<li> Despu\u00e9s de eso, vaya a la pesta\u00f1a Inicio \u21e2 Editar \u21e2 Borrar todo. <br \/><img loading=\"lazy\" decoding=\"async\" title=\"Opci\u00f3n de borrar todo en 6 clics\" src=\"https:\/\/exceladvisor.org\/wp-content\/uploads\/2023\/08\/6-cliquez-sur-Effacer-toutes-les-options.png\" sizes=\"auto, \" srcset=\"\" alt=\"click-clear-all-option\" width=\"402\" height=\"324\"><\/li>\n<li> Ahora haga clic en la opci\u00f3n \u00abBorrar todo\u00bb desde aqu\u00ed.<\/li>\n<\/ol>\n<p> En el momento en que haces clic en la opci\u00f3n, todo se borra de la celda, incluida la lista desplegable que tienes en la celda. <\/p>\n<div class=\"wp-block-image\">\n<figure class=\"aligncenter size-full is-resized\"><img loading=\"lazy\" decoding=\"async\" class=\"wp-image-72490\" src=\"https:\/\/exceladvisor.org\/wp-content\/uploads\/2023\/08\/7-tout-est-efface-de-la-cellule.png\" sizes=\"auto, \" srcset=\"\" alt=\"todo-se-elimina-de-la-celda\" width=\"278\" height=\"202\"><\/figure>\n<\/div>\n<p class=\"mynote\"> Tambi\u00e9n puede utilizar la <a href=\"https:\/\/exceladvisor.org\/es\/atajos-de-teclado\/\">tecla de m\u00e9todo abreviado<\/a> <kbd>Alt<\/kbd> \u21e2 <kbd>H<\/kbd> \u21e2 <kbd>E<\/kbd> \u21e2 <kbd>A<\/kbd> para <a href=\"https:\/\/exceladvisor.org\/es\/contenido-claro\/\">borrar el contenido de la celda<\/a> . Aparte de esto, en el men\u00fa contextual, puede usar la opci\u00f3n Borrar contenido para eliminar la lista desplegable de la celda. <\/p>\n<div class=\"wp-block-image\">\n<figure class=\"aligncenter size-full is-resized\"><img loading=\"lazy\" decoding=\"async\" class=\"wp-image-72491\" src=\"https:\/\/exceladvisor.org\/wp-content\/uploads\/2023\/08\/8-clic-droit-effacer-le-contenu.png\" sizes=\"auto, \" srcset=\"\" alt=\"clic derecho-borrar-contenido\" width=\"325\" height=\"438\"><\/figure>\n<\/div>\n<h2 class=\"wp-block-heading\"> Eliminar celda por completo para eliminar la lista desplegable<\/h2>\n<p> Puede haber ocasiones en las que desee eliminar la celda para eliminar la lista desplegable.<\/p>\n<ol>\n<li> Primero, seleccione la celda y haga clic derecho sobre ella.<\/li>\n<li> Y, en el men\u00fa contextual, haz clic en la opci\u00f3n \u201cEliminar\u201d. <br \/><img loading=\"lazy\" decoding=\"async\" title=\"9-eliminar-celda-por completo\" src=\"https:\/\/exceladvisor.org\/wp-content\/uploads\/2023\/08\/9-supprimer-entierement-la-cellule.png\" sizes=\"auto, \" srcset=\"\" alt=\"delete-cell-entirely\" width=\"393\" height=\"414\"><\/li>\n<li> Ahora aqu\u00ed tienes el cuadro de di\u00e1logo para eliminar la celda. <br \/><img loading=\"lazy\" decoding=\"async\" title=\"10-di\u00e1logo-eliminar\" src=\"https:\/\/exceladvisor.org\/wp-content\/uploads\/2023\/08\/10-boite-de-dialogue-de-suppression.png\" sizes=\"auto, \" srcset=\"\" alt=\"delete-dialog-box\" width=\"241\" height=\"239\"><\/li>\n<li> Desde all\u00ed, elija una de las dos opciones anteriores y haga clic en Aceptar para eliminar la celda.<\/li>\n<\/ol>\n<p> Esto eliminar\u00e1 la validaci\u00f3n de datos de la celda seleccionada, que tambi\u00e9n desaparecer\u00e1.<\/p>\n<div class=\"gb-container gb-container-4db6181c gb-container-mt\"> <a class=\"gb-button gb-button-c5897111 gb-button-text gb-button-mt-button\" href=\"https:\/\/exceladvisor.org\/es\/avance-de-excel\/\">Tutoriales avanzados de Excel<\/a><\/p>\n<h2 class=\"gb-headline gb-headline-665e5f6b gb-headline-text gb-headline-mt-heading\"> Tutoriales relacionados <\/h2>\n<div class=\"gb-grid-wrapper gb-grid-wrapper-a20baf7c gb-grid-wrapper-mt-grid\">\n<div class=\"gb-grid-column gb-grid-column-65ddf67e\">\n<div class=\"gb-container gb-container-65ddf67e\">\n<ul>\n<li> <a href=\"https:\/\/exceladvisor.org\/es\/rango-de-fechas-de-validacion-de-datos\/\">Validaci\u00f3n de datos con rango de fechas.<\/a><\/li>\n<li> <a href=\"https:\/\/exceladvisor.org\/es\/lista-desplegable-dependiente\/\">Lista desplegable dependiente en Excel<\/a><\/li>\n<li> <a href=\"https:\/\/exceladvisor.org\/es\/lista-dinamica\/\">Lista desplegable din\u00e1mica en Excel<\/a> <\/li>\n<\/ul>\n<\/div>\n<\/div>\n<div class=\"gb-grid-column gb-grid-column-50067b57\">\n<div class=\"gb-container gb-container-50067b57\"><\/div>\n<\/div>\n<\/div>\n<\/div>\n","protected":false},"excerpt":{"rendered":"<p>En Excel, cuando usa una lista desplegable y ya no la necesita, lo mejor que puede hacer es eliminarla para liberar la celda para ingresar todo tipo de datos. Hemos discutido tres m\u00e9todos en este tutorial: El primer m\u00e9todo solo elimina el men\u00fa desplegable , no el valor que tiene en la celda. El segundo [&hellip;]<\/p>\n","protected":false},"author":1,"featured_media":0,"parent":0,"menu_order":0,"comment_status":"open","ping_status":"closed","template":"","meta":{"ub_ctt_via":"","footnotes":""},"class_list":["post-421","page","type-page","status-publish","hentry"],"featured_image_src":null,"yoast_head":"<!-- This site is optimized with the Yoast SEO plugin v25.4 - https:\/\/yoast.com\/wordpress\/plugins\/seo\/ -->\n<title>\u00bfc\u00f3mo eliminar la lista desplegable en excel?<\/title>\n<meta name=\"robots\" content=\"index, follow, max-snippet:-1, max-image-preview:large, max-video-preview:-1\" \/>\n<link rel=\"canonical\" href=\"https:\/\/exceladvisor.org\/es\/eliminar-lista-desplegable\/\" \/>\n<meta property=\"og:locale\" content=\"es_ES\" \/>\n<meta property=\"og:type\" content=\"article\" \/>\n<meta property=\"og:title\" content=\"\u00bfc\u00f3mo eliminar la lista desplegable en excel?\" \/>\n<meta property=\"og:description\" content=\"En Excel, cuando usa una lista desplegable y ya no la necesita, lo mejor que puede hacer es eliminarla para liberar la celda para ingresar todo tipo de datos. Hemos discutido tres m\u00e9todos en este tutorial: El primer m\u00e9todo solo elimina el men\u00fa desplegable , no el valor que tiene en la celda. El segundo [&hellip;]\" \/>\n<meta property=\"og:url\" content=\"https:\/\/exceladvisor.org\/es\/eliminar-lista-desplegable\/\" \/>\n<meta property=\"og:site_name\" content=\"Excel Advisor\" \/>\n<meta property=\"article:modified_time\" content=\"2023-12-25T10:24:58+00:00\" \/>\n<meta property=\"og:image\" content=\"https:\/\/exceladvisor.org\/wp-content\/uploads\/2023\/08\/1-selectionner-une-cellule-ou-une-plage-de-cellules.png\" \/>\n<meta name=\"twitter:card\" content=\"summary_large_image\" \/>\n<meta name=\"twitter:label1\" content=\"Tiempo de lectura\" \/>\n\t<meta name=\"twitter:data1\" content=\"2 minutos\" \/>\n<script type=\"application\/ld+json\" class=\"yoast-schema-graph\">{\"@context\":\"https:\/\/schema.org\",\"@graph\":[{\"@type\":\"WebPage\",\"@id\":\"https:\/\/exceladvisor.org\/es\/eliminar-lista-desplegable\/\",\"url\":\"https:\/\/exceladvisor.org\/es\/eliminar-lista-desplegable\/\",\"name\":\"\u00bfc\u00f3mo eliminar la lista desplegable en excel?\",\"isPartOf\":{\"@id\":\"https:\/\/exceladvisor.org\/es\/#website\"},\"primaryImageOfPage\":{\"@id\":\"https:\/\/exceladvisor.org\/es\/eliminar-lista-desplegable\/#primaryimage\"},\"image\":{\"@id\":\"https:\/\/exceladvisor.org\/es\/eliminar-lista-desplegable\/#primaryimage\"},\"thumbnailUrl\":\"https:\/\/exceladvisor.org\/wp-content\/uploads\/2023\/08\/1-selectionner-une-cellule-ou-une-plage-de-cellules.png\",\"datePublished\":\"2023-10-29T08:44:46+00:00\",\"dateModified\":\"2023-12-25T10:24:58+00:00\",\"breadcrumb\":{\"@id\":\"https:\/\/exceladvisor.org\/es\/eliminar-lista-desplegable\/#breadcrumb\"},\"inLanguage\":\"es\",\"potentialAction\":[{\"@type\":\"ReadAction\",\"target\":[\"https:\/\/exceladvisor.org\/es\/eliminar-lista-desplegable\/\"]}]},{\"@type\":\"ImageObject\",\"inLanguage\":\"es\",\"@id\":\"https:\/\/exceladvisor.org\/es\/eliminar-lista-desplegable\/#primaryimage\",\"url\":\"https:\/\/exceladvisor.org\/wp-content\/uploads\/2023\/08\/1-selectionner-une-cellule-ou-une-plage-de-cellules.png\",\"contentUrl\":\"https:\/\/exceladvisor.org\/wp-content\/uploads\/2023\/08\/1-selectionner-une-cellule-ou-une-plage-de-cellules.png\"},{\"@type\":\"BreadcrumbList\",\"@id\":\"https:\/\/exceladvisor.org\/es\/eliminar-lista-desplegable\/#breadcrumb\",\"itemListElement\":[{\"@type\":\"ListItem\",\"position\":1,\"name\":\"Hogar\",\"item\":\"https:\/\/exceladvisor.org\/es\/\"},{\"@type\":\"ListItem\",\"position\":2,\"name\":\"\u00bfc\u00f3mo eliminar la lista desplegable en excel?\"}]},{\"@type\":\"WebSite\",\"@id\":\"https:\/\/exceladvisor.org\/es\/#website\",\"url\":\"https:\/\/exceladvisor.org\/es\/\",\"name\":\"Excel Advisor\",\"description\":\"Su gu\u00eda para la dominaci\u00f3n de datos!\",\"publisher\":{\"@id\":\"https:\/\/exceladvisor.org\/es\/#organization\"},\"potentialAction\":[{\"@type\":\"SearchAction\",\"target\":{\"@type\":\"EntryPoint\",\"urlTemplate\":\"https:\/\/exceladvisor.org\/es\/?s={search_term_string}\"},\"query-input\":{\"@type\":\"PropertyValueSpecification\",\"valueRequired\":true,\"valueName\":\"search_term_string\"}}],\"inLanguage\":\"es\"},{\"@type\":\"Organization\",\"@id\":\"https:\/\/exceladvisor.org\/es\/#organization\",\"name\":\"Excel Advisor\",\"url\":\"https:\/\/exceladvisor.org\/es\/\",\"logo\":{\"@type\":\"ImageObject\",\"inLanguage\":\"es\",\"@id\":\"https:\/\/exceladvisor.org\/es\/#\/schema\/logo\/image\/\",\"url\":\"https:\/\/exceladvisor.org\/es\/wp-content\/uploads\/2023\/12\/exceladvisor.org_.png\",\"contentUrl\":\"https:\/\/exceladvisor.org\/es\/wp-content\/uploads\/2023\/12\/exceladvisor.org_.png\",\"width\":105,\"height\":36,\"caption\":\"Excel Advisor\"},\"image\":{\"@id\":\"https:\/\/exceladvisor.org\/es\/#\/schema\/logo\/image\/\"}}]}<\/script>\n<!-- \/ Yoast SEO plugin. -->","yoast_head_json":{"title":"\u00bfc\u00f3mo eliminar la lista desplegable en excel?","robots":{"index":"index","follow":"follow","max-snippet":"max-snippet:-1","max-image-preview":"max-image-preview:large","max-video-preview":"max-video-preview:-1"},"canonical":"https:\/\/exceladvisor.org\/es\/eliminar-lista-desplegable\/","og_locale":"es_ES","og_type":"article","og_title":"\u00bfc\u00f3mo eliminar la lista desplegable en excel?","og_description":"En Excel, cuando usa una lista desplegable y ya no la necesita, lo mejor que puede hacer es eliminarla para liberar la celda para ingresar todo tipo de datos. Hemos discutido tres m\u00e9todos en este tutorial: El primer m\u00e9todo solo elimina el men\u00fa desplegable , no el valor que tiene en la celda. El segundo [&hellip;]","og_url":"https:\/\/exceladvisor.org\/es\/eliminar-lista-desplegable\/","og_site_name":"Excel Advisor","article_modified_time":"2023-12-25T10:24:58+00:00","og_image":[{"url":"https:\/\/exceladvisor.org\/wp-content\/uploads\/2023\/08\/1-selectionner-une-cellule-ou-une-plage-de-cellules.png","type":"","width":"","height":""}],"twitter_card":"summary_large_image","twitter_misc":{"Tiempo de lectura":"2 minutos"},"schema":{"@context":"https:\/\/schema.org","@graph":[{"@type":"WebPage","@id":"https:\/\/exceladvisor.org\/es\/eliminar-lista-desplegable\/","url":"https:\/\/exceladvisor.org\/es\/eliminar-lista-desplegable\/","name":"\u00bfc\u00f3mo eliminar la lista desplegable en excel?","isPartOf":{"@id":"https:\/\/exceladvisor.org\/es\/#website"},"primaryImageOfPage":{"@id":"https:\/\/exceladvisor.org\/es\/eliminar-lista-desplegable\/#primaryimage"},"image":{"@id":"https:\/\/exceladvisor.org\/es\/eliminar-lista-desplegable\/#primaryimage"},"thumbnailUrl":"https:\/\/exceladvisor.org\/wp-content\/uploads\/2023\/08\/1-selectionner-une-cellule-ou-une-plage-de-cellules.png","datePublished":"2023-10-29T08:44:46+00:00","dateModified":"2023-12-25T10:24:58+00:00","breadcrumb":{"@id":"https:\/\/exceladvisor.org\/es\/eliminar-lista-desplegable\/#breadcrumb"},"inLanguage":"es","potentialAction":[{"@type":"ReadAction","target":["https:\/\/exceladvisor.org\/es\/eliminar-lista-desplegable\/"]}]},{"@type":"ImageObject","inLanguage":"es","@id":"https:\/\/exceladvisor.org\/es\/eliminar-lista-desplegable\/#primaryimage","url":"https:\/\/exceladvisor.org\/wp-content\/uploads\/2023\/08\/1-selectionner-une-cellule-ou-une-plage-de-cellules.png","contentUrl":"https:\/\/exceladvisor.org\/wp-content\/uploads\/2023\/08\/1-selectionner-une-cellule-ou-une-plage-de-cellules.png"},{"@type":"BreadcrumbList","@id":"https:\/\/exceladvisor.org\/es\/eliminar-lista-desplegable\/#breadcrumb","itemListElement":[{"@type":"ListItem","position":1,"name":"Hogar","item":"https:\/\/exceladvisor.org\/es\/"},{"@type":"ListItem","position":2,"name":"\u00bfc\u00f3mo eliminar la lista desplegable en excel?"}]},{"@type":"WebSite","@id":"https:\/\/exceladvisor.org\/es\/#website","url":"https:\/\/exceladvisor.org\/es\/","name":"Excel Advisor","description":"Su gu\u00eda para la dominaci\u00f3n de datos!","publisher":{"@id":"https:\/\/exceladvisor.org\/es\/#organization"},"potentialAction":[{"@type":"SearchAction","target":{"@type":"EntryPoint","urlTemplate":"https:\/\/exceladvisor.org\/es\/?s={search_term_string}"},"query-input":{"@type":"PropertyValueSpecification","valueRequired":true,"valueName":"search_term_string"}}],"inLanguage":"es"},{"@type":"Organization","@id":"https:\/\/exceladvisor.org\/es\/#organization","name":"Excel Advisor","url":"https:\/\/exceladvisor.org\/es\/","logo":{"@type":"ImageObject","inLanguage":"es","@id":"https:\/\/exceladvisor.org\/es\/#\/schema\/logo\/image\/","url":"https:\/\/exceladvisor.org\/es\/wp-content\/uploads\/2023\/12\/exceladvisor.org_.png","contentUrl":"https:\/\/exceladvisor.org\/es\/wp-content\/uploads\/2023\/12\/exceladvisor.org_.png","width":105,"height":36,"caption":"Excel Advisor"},"image":{"@id":"https:\/\/exceladvisor.org\/es\/#\/schema\/logo\/image\/"}}]}},"yoast_meta":{"yoast_wpseo_title":"","yoast_wpseo_metadesc":"","yoast_wpseo_canonical":""},"_links":{"self":[{"href":"https:\/\/exceladvisor.org\/es\/wp-json\/wp\/v2\/pages\/421","targetHints":{"allow":["GET"]}}],"collection":[{"href":"https:\/\/exceladvisor.org\/es\/wp-json\/wp\/v2\/pages"}],"about":[{"href":"https:\/\/exceladvisor.org\/es\/wp-json\/wp\/v2\/types\/page"}],"author":[{"embeddable":true,"href":"https:\/\/exceladvisor.org\/es\/wp-json\/wp\/v2\/users\/1"}],"replies":[{"embeddable":true,"href":"https:\/\/exceladvisor.org\/es\/wp-json\/wp\/v2\/comments?post=421"}],"version-history":[{"count":1,"href":"https:\/\/exceladvisor.org\/es\/wp-json\/wp\/v2\/pages\/421\/revisions"}],"predecessor-version":[{"id":986,"href":"https:\/\/exceladvisor.org\/es\/wp-json\/wp\/v2\/pages\/421\/revisions\/986"}],"wp:attachment":[{"href":"https:\/\/exceladvisor.org\/es\/wp-json\/wp\/v2\/media?parent=421"}],"curies":[{"name":"wp","href":"https:\/\/api.w.org\/{rel}","templated":true}]}}