{"id":422,"date":"2023-10-29T08:32:47","date_gmt":"2023-10-29T08:32:47","guid":{"rendered":"https:\/\/exceladvisor.org\/es\/si-no-lista-desplegable\/"},"modified":"2023-12-25T10:25:28","modified_gmt":"2023-12-25T10:25:28","slug":"si-no-lista-desplegable","status":"publish","type":"page","link":"https:\/\/exceladvisor.org\/es\/si-no-lista-desplegable\/","title":{"rendered":"\u00bfc\u00f3mo crear una lista desplegable s\u00ed\/no en excel?"},"content":{"rendered":"<div class=\"excel-antes-del-contenido\" id=\"excel-1796936982\"><script type=\"text\/javascript\">\r\n\tatOptions = {\r\n\t\t'key' : 'c1158f160081d6540a8409e6925dab94',\r\n\t\t'format' : 'iframe',\r\n\t\t'height' : 250,\r\n\t\t'width' : 300,\r\n\t\t'params' : {}\r\n\t};\r\n<\/script>\r\n<script type=\"text\/javascript\" src=\"\/\/www.highperformanceformat.com\/c1158f160081d6540a8409e6925dab94\/invoke.js\"><\/script><\/div><p>En Excel, puede crear una lista desplegable simple con valores S\u00ed y No para usar en la columna de estado. En el siguiente ejemplo tenemos una lista de estudiantes y ahora necesitamos crear una lista desplegable con la cual podemos ingresar s\u00ed o no en la columna \u00abAprobado\u00bb. <\/p>\n<div class=\"wp-block-image\">\n<figure class=\"aligncenter size-full is-resized\"><img loading=\"lazy\" decoding=\"async\" class=\"wp-image-72560\" src=\"https:\/\/exceladvisor.org\/wp-content\/uploads\/2023\/08\/1-exemple-de-donnees-dans-les-cellules.png\" sizes=\"auto, \" srcset=\"\" alt=\"datos-de-muestra-en-celdas\" width=\"387\" height=\"325\"><\/figure>\n<\/div>\n<h2 class=\"wp-block-heading\"> Pasos para crear una lista desplegable con S\u00ed y No<\/h2>\n<ol>\n<li> Primero, seleccione las celdas o el rango de celdas donde desea crear esta lista desplegable. <br \/><img loading=\"lazy\" decoding=\"async\" title=\"2-crear-un-desplegable\" src=\"https:\/\/exceladvisor.org\/wp-content\/uploads\/2023\/08\/2-creer-une-liste-deroulante.png\" sizes=\"auto, \" srcset=\"\" alt=\"create-a-drop-down\" width=\"382\" height=\"340\"><\/li>\n<li> Ahora vaya a la pesta\u00f1a Datos \u21e2 Herramientas de datos \u21e2 Validaci\u00f3n de datos \u21e2 Validaci\u00f3n de datos. <br \/><img loading=\"lazy\" decoding=\"async\" title=\"Opci\u00f3n de validar los 3 datos.\" src=\"https:\/\/exceladvisor.org\/wp-content\/uploads\/2023\/08\/3-options-de-validation-des-donnees.png\" sizes=\"auto, \" srcset=\"\" alt=\"data-validation-option\" width=\"601\" height=\"265\"><\/li>\n<li> Desde all\u00ed, en el cuadro de di\u00e1logo de validaci\u00f3n de datos, seleccione la opci\u00f3n \u00abLista\u00bb de la lista desplegable \u00abPermitir\u00bb. <br \/><img loading=\"lazy\" decoding=\"async\" title=\"4-opci\u00f3n-de-lista-de-selecci\u00f3n\" src=\"https:\/\/exceladvisor.org\/wp-content\/uploads\/2023\/08\/4-selectionner-loption-de-liste.png\" sizes=\"auto, \" srcset=\"\" alt=\"select-list-option\" width=\"423\" height=\"329\"><\/li>\n<li> Luego, ingrese (S\u00ed, No) en la barra de entrada de fuente. <br \/><img loading=\"lazy\" decoding=\"async\" title=\"5-ingrese-si-no-en-la-barra-de-entrada-de-fuente\" src=\"https:\/\/exceladvisor.org\/wp-content\/uploads\/2023\/08\/5-entrez-oui-non-dans-la-barre-dentree-source.png\" sizes=\"auto, \" srcset=\"\" alt=\"enter-yes-no-in-source-input-bar\" width=\"473\" height=\"368\"><\/li>\n<li> Al final, haga clic en Aceptar para crear esta lista desplegable con el valor de lista S\u00ed y No.<\/li>\n<\/ol>\n<p> Ahora, en el momento en que haga clic en Aceptar, obtendr\u00e1 una lista desplegable de todas las celdas que seleccion\u00f3. <\/p>\n<div class=\"wp-block-image\">\n<figure class=\"aligncenter size-full is-resized\"><img loading=\"lazy\" decoding=\"async\" class=\"wp-image-72565\" src=\"https:\/\/exceladvisor.org\/wp-content\/uploads\/2023\/08\/6-liste-deroulante-creee.png\" sizes=\"auto, \" srcset=\"\" alt=\"lista desplegable creada\" width=\"333\" height=\"296\"><\/figure>\n<\/div>\n<p> Al crear esta lista desplegable con s\u00ed y no, debe asegurarse de haber marcado las dos opciones siguientes en el cuadro de di\u00e1logo. <\/p>\n<div class=\"wp-block-image\">\n<figure class=\"aligncenter size-full is-resized\"><img loading=\"lazy\" decoding=\"async\" class=\"wp-image-72566\" src=\"https:\/\/exceladvisor.org\/wp-content\/uploads\/2023\/08\/7-coche-ignorer-le-blanc-dans-la-liste-deroulante-des-cellules.png\" sizes=\"auto, \" srcset=\"\" alt=\"men\u00fa desplegable marcado-ignorar-vac\u00edo-en-celda\" width=\"494\" height=\"384\"><\/figure>\n<\/div>\n<ol>\n<li> <strong>Ignorar en blanco:<\/strong> con esta opci\u00f3n habilitada, puede dejar una celda en blanco, pero si no se marca, se mostrar\u00e1 un error si dej\u00f3 una celda sin seleccionar un valor (S\u00ed-No).<\/li>\n<li> <strong>Men\u00fa desplegable en la celda<\/strong> : Esta casilla debe estar marcada para tener un men\u00fa desplegable para que ingreses valores con \u00e9l, no escribiendo en la celda o copiando y pegando.<\/li>\n<\/ol>\n<h2 class=\"wp-block-heading\"> Crear un mensaje celular con men\u00fa desplegable S\u00ed-No<\/h2>\n<p> Cuando crea una lista desplegable con valores de s\u00ed y no, tambi\u00e9n puede agregar un mensaje en la celda para conocer el valor especificado por el usuario en la celda, ya sea \u00abS\u00ed\u00bb o \u00abNo\u00bb. <\/p>\n<div class=\"wp-block-image\">\n<figure class=\"aligncenter size-full is-resized\"><img loading=\"lazy\" decoding=\"async\" class=\"wp-image-72567\" src=\"https:\/\/exceladvisor.org\/wp-content\/uploads\/2023\/08\/8-creer-un-message-cellulaire.png\" sizes=\"auto, \" srcset=\"\" alt=\"crear-un-mensaje-celular\" width=\"522\" height=\"329\"><\/figure>\n<\/div>\n<ol>\n<li> Primero, abra el cuadro de di\u00e1logo Validaci\u00f3n de datos y navegue hasta la pesta\u00f1a Mensaje de entrada. <br \/><img loading=\"lazy\" decoding=\"async\" title=\"Pesta\u00f1a de mensajes de 9 entradas\" src=\"https:\/\/exceladvisor.org\/wp-content\/uploads\/2023\/08\/9-onglet-de-message-dentree.png\" sizes=\"auto, \" srcset=\"\" alt=\"input-message-tab\" width=\"476\" height=\"370\"><\/li>\n<li> Ahora, en la barra de t\u00edtulo, ingresa un t\u00edtulo para la publicaci\u00f3n. <br \/><img loading=\"lazy\" decoding=\"async\" title=\"10-ingrese-t\u00edtulo-para-mensaje\" src=\"https:\/\/exceladvisor.org\/wp-content\/uploads\/2023\/08\/10-entrer-le-titre-du-message.png\" sizes=\"auto, \" srcset=\"\" alt=\"enter-title-for-message\" width=\"477\" height=\"371\"><\/li>\n<li> Despu\u00e9s de eso, ingrese el mensaje principal en el \u201cMensaje de entrada:\u201d. <br \/><img loading=\"lazy\" decoding=\"async\" title=\"11-ingresar-mensaje-de-entrada\" src=\"https:\/\/exceladvisor.org\/wp-content\/uploads\/2023\/08\/11-entrer-le-message-dentree.png\" sizes=\"auto, \" srcset=\"\" alt=\"enter-the-input-message\" width=\"477\" height=\"340\"><\/li>\n<li> Al final, haga clic en Aceptar para guardarlo.<\/li>\n<\/ol>\n<p> Cuando un usuario intenta agregar un valor distinto de \u00abS\u00ed\u00bb o \u00abNo\u00bb, recibe un error como el siguiente: <\/p>\n<div class=\"wp-block-image\">\n<figure class=\"aligncenter size-full is-resized\"><img loading=\"lazy\" decoding=\"async\" class=\"wp-image-72571\" src=\"https:\/\/exceladvisor.org\/wp-content\/uploads\/2023\/08\/12-message-derreur-lors-de-la-saisie-dune-autre-valeur.png\" sizes=\"auto, \" srcset=\"\" alt=\"mensaje de error al ingresar otro valor\" width=\"711\" height=\"318\"><\/figure>\n<\/div>\n<div class=\"gb-container gb-container-4db6181c gb-container-mt\"> <a class=\"gb-button gb-button-c5897111 gb-button-text gb-button-mt-button\" href=\"https:\/\/exceladvisor.org\/es\/avance-de-excel\/\">Tutoriales avanzados de Excel<\/a><\/p>\n<h2 class=\"gb-headline gb-headline-665e5f6b gb-headline-text gb-headline-mt-heading\"> Tutoriales relacionados <\/h2>\n<div class=\"gb-grid-wrapper gb-grid-wrapper-a20baf7c gb-grid-wrapper-mt-grid\">\n<div class=\"gb-grid-column gb-grid-column-65ddf67e\">\n<div class=\"gb-container gb-container-65ddf67e\">\n<ul>\n<li> <a href=\"https:\/\/exceladvisor.org\/es\/rango-de-fechas-de-validacion-de-datos\/\">Validaci\u00f3n de datos con rango de fechas.<\/a><\/li>\n<li> <a href=\"https:\/\/exceladvisor.org\/es\/lista-desplegable-dependiente\/\">Lista desplegable dependiente en Excel<\/a><\/li>\n<li> <a href=\"https:\/\/exceladvisor.org\/es\/lista-dinamica\/\">Lista desplegable din\u00e1mica en Excel<\/a> <\/li>\n<\/ul>\n<\/div>\n<\/div>\n<div class=\"gb-grid-column gb-grid-column-50067b57\">\n<div class=\"gb-container gb-container-50067b57\"><\/div>\n<\/div>\n<\/div>\n<\/div>\n","protected":false},"excerpt":{"rendered":"<p>En Excel, puede crear una lista desplegable simple con valores S\u00ed y No para usar en la columna de estado. En el siguiente ejemplo tenemos una lista de estudiantes y ahora necesitamos crear una lista desplegable con la cual podemos ingresar s\u00ed o no en la columna \u00abAprobado\u00bb. Pasos para crear una lista desplegable con [&hellip;]<\/p>\n","protected":false},"author":1,"featured_media":0,"parent":0,"menu_order":0,"comment_status":"open","ping_status":"closed","template":"","meta":{"ub_ctt_via":"","footnotes":""},"class_list":["post-422","page","type-page","status-publish","hentry"],"featured_image_src":null,"yoast_head":"<!-- This site is optimized with the Yoast SEO plugin v25.4 - https:\/\/yoast.com\/wordpress\/plugins\/seo\/ -->\n<title>\u00bfc\u00f3mo crear una lista desplegable s\u00ed\/no en excel?<\/title>\n<meta name=\"robots\" content=\"index, follow, max-snippet:-1, max-image-preview:large, max-video-preview:-1\" \/>\n<link rel=\"canonical\" href=\"https:\/\/exceladvisor.org\/es\/si-no-lista-desplegable\/\" \/>\n<meta property=\"og:locale\" content=\"es_ES\" \/>\n<meta property=\"og:type\" content=\"article\" \/>\n<meta property=\"og:title\" content=\"\u00bfc\u00f3mo crear una lista desplegable s\u00ed\/no en excel?\" \/>\n<meta property=\"og:description\" content=\"En Excel, puede crear una lista desplegable simple con valores S\u00ed y No para usar en la columna de estado. En el siguiente ejemplo tenemos una lista de estudiantes y ahora necesitamos crear una lista desplegable con la cual podemos ingresar s\u00ed o no en la columna \u00abAprobado\u00bb. Pasos para crear una lista desplegable con [&hellip;]\" \/>\n<meta property=\"og:url\" content=\"https:\/\/exceladvisor.org\/es\/si-no-lista-desplegable\/\" \/>\n<meta property=\"og:site_name\" content=\"Excel Advisor\" \/>\n<meta property=\"article:modified_time\" content=\"2023-12-25T10:25:28+00:00\" \/>\n<meta property=\"og:image\" content=\"https:\/\/exceladvisor.org\/wp-content\/uploads\/2023\/08\/1-exemple-de-donnees-dans-les-cellules.png\" \/>\n<meta name=\"twitter:card\" content=\"summary_large_image\" \/>\n<meta name=\"twitter:label1\" content=\"Tiempo de lectura\" \/>\n\t<meta name=\"twitter:data1\" content=\"2 minutos\" \/>\n<script type=\"application\/ld+json\" class=\"yoast-schema-graph\">{\"@context\":\"https:\/\/schema.org\",\"@graph\":[{\"@type\":\"WebPage\",\"@id\":\"https:\/\/exceladvisor.org\/es\/si-no-lista-desplegable\/\",\"url\":\"https:\/\/exceladvisor.org\/es\/si-no-lista-desplegable\/\",\"name\":\"\u00bfc\u00f3mo crear una lista desplegable s\u00ed\/no en excel?\",\"isPartOf\":{\"@id\":\"https:\/\/exceladvisor.org\/es\/#website\"},\"primaryImageOfPage\":{\"@id\":\"https:\/\/exceladvisor.org\/es\/si-no-lista-desplegable\/#primaryimage\"},\"image\":{\"@id\":\"https:\/\/exceladvisor.org\/es\/si-no-lista-desplegable\/#primaryimage\"},\"thumbnailUrl\":\"https:\/\/exceladvisor.org\/wp-content\/uploads\/2023\/08\/1-exemple-de-donnees-dans-les-cellules.png\",\"datePublished\":\"2023-10-29T08:32:47+00:00\",\"dateModified\":\"2023-12-25T10:25:28+00:00\",\"breadcrumb\":{\"@id\":\"https:\/\/exceladvisor.org\/es\/si-no-lista-desplegable\/#breadcrumb\"},\"inLanguage\":\"es\",\"potentialAction\":[{\"@type\":\"ReadAction\",\"target\":[\"https:\/\/exceladvisor.org\/es\/si-no-lista-desplegable\/\"]}]},{\"@type\":\"ImageObject\",\"inLanguage\":\"es\",\"@id\":\"https:\/\/exceladvisor.org\/es\/si-no-lista-desplegable\/#primaryimage\",\"url\":\"https:\/\/exceladvisor.org\/wp-content\/uploads\/2023\/08\/1-exemple-de-donnees-dans-les-cellules.png\",\"contentUrl\":\"https:\/\/exceladvisor.org\/wp-content\/uploads\/2023\/08\/1-exemple-de-donnees-dans-les-cellules.png\"},{\"@type\":\"BreadcrumbList\",\"@id\":\"https:\/\/exceladvisor.org\/es\/si-no-lista-desplegable\/#breadcrumb\",\"itemListElement\":[{\"@type\":\"ListItem\",\"position\":1,\"name\":\"Hogar\",\"item\":\"https:\/\/exceladvisor.org\/es\/\"},{\"@type\":\"ListItem\",\"position\":2,\"name\":\"\u00bfc\u00f3mo crear una lista desplegable s\u00ed\/no en excel?\"}]},{\"@type\":\"WebSite\",\"@id\":\"https:\/\/exceladvisor.org\/es\/#website\",\"url\":\"https:\/\/exceladvisor.org\/es\/\",\"name\":\"Excel Advisor\",\"description\":\"Su gu\u00eda para la dominaci\u00f3n de datos!\",\"publisher\":{\"@id\":\"https:\/\/exceladvisor.org\/es\/#organization\"},\"potentialAction\":[{\"@type\":\"SearchAction\",\"target\":{\"@type\":\"EntryPoint\",\"urlTemplate\":\"https:\/\/exceladvisor.org\/es\/?s={search_term_string}\"},\"query-input\":{\"@type\":\"PropertyValueSpecification\",\"valueRequired\":true,\"valueName\":\"search_term_string\"}}],\"inLanguage\":\"es\"},{\"@type\":\"Organization\",\"@id\":\"https:\/\/exceladvisor.org\/es\/#organization\",\"name\":\"Excel Advisor\",\"url\":\"https:\/\/exceladvisor.org\/es\/\",\"logo\":{\"@type\":\"ImageObject\",\"inLanguage\":\"es\",\"@id\":\"https:\/\/exceladvisor.org\/es\/#\/schema\/logo\/image\/\",\"url\":\"https:\/\/exceladvisor.org\/es\/wp-content\/uploads\/2023\/12\/exceladvisor.org_.png\",\"contentUrl\":\"https:\/\/exceladvisor.org\/es\/wp-content\/uploads\/2023\/12\/exceladvisor.org_.png\",\"width\":105,\"height\":36,\"caption\":\"Excel Advisor\"},\"image\":{\"@id\":\"https:\/\/exceladvisor.org\/es\/#\/schema\/logo\/image\/\"}}]}<\/script>\n<!-- \/ Yoast SEO plugin. -->","yoast_head_json":{"title":"\u00bfc\u00f3mo crear una lista desplegable s\u00ed\/no en excel?","robots":{"index":"index","follow":"follow","max-snippet":"max-snippet:-1","max-image-preview":"max-image-preview:large","max-video-preview":"max-video-preview:-1"},"canonical":"https:\/\/exceladvisor.org\/es\/si-no-lista-desplegable\/","og_locale":"es_ES","og_type":"article","og_title":"\u00bfc\u00f3mo crear una lista desplegable s\u00ed\/no en excel?","og_description":"En Excel, puede crear una lista desplegable simple con valores S\u00ed y No para usar en la columna de estado. En el siguiente ejemplo tenemos una lista de estudiantes y ahora necesitamos crear una lista desplegable con la cual podemos ingresar s\u00ed o no en la columna \u00abAprobado\u00bb. Pasos para crear una lista desplegable con [&hellip;]","og_url":"https:\/\/exceladvisor.org\/es\/si-no-lista-desplegable\/","og_site_name":"Excel Advisor","article_modified_time":"2023-12-25T10:25:28+00:00","og_image":[{"url":"https:\/\/exceladvisor.org\/wp-content\/uploads\/2023\/08\/1-exemple-de-donnees-dans-les-cellules.png","type":"","width":"","height":""}],"twitter_card":"summary_large_image","twitter_misc":{"Tiempo de lectura":"2 minutos"},"schema":{"@context":"https:\/\/schema.org","@graph":[{"@type":"WebPage","@id":"https:\/\/exceladvisor.org\/es\/si-no-lista-desplegable\/","url":"https:\/\/exceladvisor.org\/es\/si-no-lista-desplegable\/","name":"\u00bfc\u00f3mo crear una lista desplegable s\u00ed\/no en excel?","isPartOf":{"@id":"https:\/\/exceladvisor.org\/es\/#website"},"primaryImageOfPage":{"@id":"https:\/\/exceladvisor.org\/es\/si-no-lista-desplegable\/#primaryimage"},"image":{"@id":"https:\/\/exceladvisor.org\/es\/si-no-lista-desplegable\/#primaryimage"},"thumbnailUrl":"https:\/\/exceladvisor.org\/wp-content\/uploads\/2023\/08\/1-exemple-de-donnees-dans-les-cellules.png","datePublished":"2023-10-29T08:32:47+00:00","dateModified":"2023-12-25T10:25:28+00:00","breadcrumb":{"@id":"https:\/\/exceladvisor.org\/es\/si-no-lista-desplegable\/#breadcrumb"},"inLanguage":"es","potentialAction":[{"@type":"ReadAction","target":["https:\/\/exceladvisor.org\/es\/si-no-lista-desplegable\/"]}]},{"@type":"ImageObject","inLanguage":"es","@id":"https:\/\/exceladvisor.org\/es\/si-no-lista-desplegable\/#primaryimage","url":"https:\/\/exceladvisor.org\/wp-content\/uploads\/2023\/08\/1-exemple-de-donnees-dans-les-cellules.png","contentUrl":"https:\/\/exceladvisor.org\/wp-content\/uploads\/2023\/08\/1-exemple-de-donnees-dans-les-cellules.png"},{"@type":"BreadcrumbList","@id":"https:\/\/exceladvisor.org\/es\/si-no-lista-desplegable\/#breadcrumb","itemListElement":[{"@type":"ListItem","position":1,"name":"Hogar","item":"https:\/\/exceladvisor.org\/es\/"},{"@type":"ListItem","position":2,"name":"\u00bfc\u00f3mo crear una lista desplegable s\u00ed\/no en excel?"}]},{"@type":"WebSite","@id":"https:\/\/exceladvisor.org\/es\/#website","url":"https:\/\/exceladvisor.org\/es\/","name":"Excel Advisor","description":"Su gu\u00eda para la dominaci\u00f3n de datos!","publisher":{"@id":"https:\/\/exceladvisor.org\/es\/#organization"},"potentialAction":[{"@type":"SearchAction","target":{"@type":"EntryPoint","urlTemplate":"https:\/\/exceladvisor.org\/es\/?s={search_term_string}"},"query-input":{"@type":"PropertyValueSpecification","valueRequired":true,"valueName":"search_term_string"}}],"inLanguage":"es"},{"@type":"Organization","@id":"https:\/\/exceladvisor.org\/es\/#organization","name":"Excel Advisor","url":"https:\/\/exceladvisor.org\/es\/","logo":{"@type":"ImageObject","inLanguage":"es","@id":"https:\/\/exceladvisor.org\/es\/#\/schema\/logo\/image\/","url":"https:\/\/exceladvisor.org\/es\/wp-content\/uploads\/2023\/12\/exceladvisor.org_.png","contentUrl":"https:\/\/exceladvisor.org\/es\/wp-content\/uploads\/2023\/12\/exceladvisor.org_.png","width":105,"height":36,"caption":"Excel Advisor"},"image":{"@id":"https:\/\/exceladvisor.org\/es\/#\/schema\/logo\/image\/"}}]}},"yoast_meta":{"yoast_wpseo_title":"","yoast_wpseo_metadesc":"","yoast_wpseo_canonical":""},"_links":{"self":[{"href":"https:\/\/exceladvisor.org\/es\/wp-json\/wp\/v2\/pages\/422","targetHints":{"allow":["GET"]}}],"collection":[{"href":"https:\/\/exceladvisor.org\/es\/wp-json\/wp\/v2\/pages"}],"about":[{"href":"https:\/\/exceladvisor.org\/es\/wp-json\/wp\/v2\/types\/page"}],"author":[{"embeddable":true,"href":"https:\/\/exceladvisor.org\/es\/wp-json\/wp\/v2\/users\/1"}],"replies":[{"embeddable":true,"href":"https:\/\/exceladvisor.org\/es\/wp-json\/wp\/v2\/comments?post=422"}],"version-history":[{"count":1,"href":"https:\/\/exceladvisor.org\/es\/wp-json\/wp\/v2\/pages\/422\/revisions"}],"predecessor-version":[{"id":1063,"href":"https:\/\/exceladvisor.org\/es\/wp-json\/wp\/v2\/pages\/422\/revisions\/1063"}],"wp:attachment":[{"href":"https:\/\/exceladvisor.org\/es\/wp-json\/wp\/v2\/media?parent=422"}],"curies":[{"name":"wp","href":"https:\/\/api.w.org\/{rel}","templated":true}]}}