{"id":423,"date":"2023-10-29T08:17:45","date_gmt":"2023-10-29T08:17:45","guid":{"rendered":"https:\/\/exceladvisor.org\/es\/xlsx-a-csv\/"},"modified":"2023-12-25T10:25:28","modified_gmt":"2023-12-25T10:25:28","slug":"xlsx-a-csv","status":"publish","type":"page","link":"https:\/\/exceladvisor.org\/es\/xlsx-a-csv\/","title":{"rendered":"\u00bfc\u00f3mo guardar un archivo de excel en formato csv?"},"content":{"rendered":"<div class=\"excel-antes-del-contenido\" id=\"excel-951819190\"><script type=\"text\/javascript\">\r\n\tatOptions = {\r\n\t\t'key' : 'c1158f160081d6540a8409e6925dab94',\r\n\t\t'format' : 'iframe',\r\n\t\t'height' : 250,\r\n\t\t'width' : 300,\r\n\t\t'params' : {}\r\n\t};\r\n<\/script>\r\n<script type=\"text\/javascript\" src=\"\/\/www.highperformanceformat.com\/c1158f160081d6540a8409e6925dab94\/invoke.js\"><\/script><\/div><p>Puedes guardar un archivo Excel en diferentes formatos y entre todos estos formatos, CSV es muy popular. S\u00ed, puedes guardar tu archivo Excel en formato CSV (XLSX y CSV). CSV significa valores separados por comas, donde los valores est\u00e1n separados por <a href=\"https:\/\/exceladvisor.org\/es\/concatenar-celdas-con-una-coma\/\">comas<\/a> , como puede ver en el siguiente ejemplo. <\/p>\n<div class=\"wp-block-image\">\n<figure class=\"aligncenter size-full is-resized\"><img loading=\"lazy\" decoding=\"async\" class=\"wp-image-72497\" src=\"https:\/\/exceladvisor.org\/wp-content\/uploads\/2023\/08\/1-enregistrer-excel-au-format-csv.png\" sizes=\"auto, \" srcset=\"\" alt=\"guardar-excel-como-csv\" width=\"707\" height=\"416\"><\/figure>\n<\/div>\n<h2 class=\"wp-block-heading\"> Guarde un archivo de Excel (libro de trabajo) en formato CSV (formato de valores separados por comas)<\/h2>\n<ol>\n<li> Primero, abra el archivo que desea guardar en formato CSV. <br \/><img loading=\"lazy\" decoding=\"async\" title=\"2-abre-el-archivo-para-guardarlo-como-csv\" src=\"https:\/\/exceladvisor.org\/wp-content\/uploads\/2023\/08\/2-ouvrir-le-fichier-a-enregistrer-au-format-csv.png\" sizes=\"auto, \" srcset=\"\" alt=\"open-file-to-save-as-csv\" width=\"621\" height=\"394\"><\/li>\n<li> Despu\u00e9s de eso, vaya a la pesta\u00f1a Archivo y haga clic en la opci\u00f3n Guardar como. <br \/><img loading=\"lazy\" decoding=\"async\" title=\"Opci\u00f3n de registro con 3 clics\" src=\"https:\/\/exceladvisor.org\/wp-content\/uploads\/2023\/08\/3-cliquez-sur-enregistrer-en-tant-quoption.png\" sizes=\"auto, \" srcset=\"\" alt=\"click-save-as-option\" width=\"457\" height=\"419\"><\/li>\n<li> Ahora, especifique la ubicaci\u00f3n donde desea guardar el archivo y en \u201cGuardar como tipo\u201d, seleccione \u201cCSV UTF-8 (delimitado por comas)\u201d. <br \/><img loading=\"lazy\" decoding=\"async\" title=\"4-seleccione-csv-utf-8-para-guardar-el-archivo\" src=\"https:\/\/exceladvisor.org\/wp-content\/uploads\/2023\/08\/4-selectionnez-csv-utf-8-pour-enregistrer-le-fichier.png\" sizes=\"auto, \" srcset=\"\" alt=\"select-csv-utf-8-to-save-file\" width=\"550\" height=\"493\"><\/li>\n<li> Al final, haga clic en Aceptar para guardar el archivo.<\/li>\n<\/ol>\n<p> Ahora podr\u00e1s ver que ambos archivos (XLSX y CSV) est\u00e1n guardados en el escritorio. Pero hay una ligera diferencia entre los \u00edconos que te ayudan a identificar cu\u00e1l est\u00e1 en formato CSV. <\/p>\n<div class=\"wp-block-image\">\n<figure class=\"aligncenter size-full is-resized\"><img loading=\"lazy\" decoding=\"async\" class=\"wp-image-72501\" src=\"https:\/\/exceladvisor.org\/wp-content\/uploads\/2023\/08\/5-icones-excel-xlxs-et-csv.png\" sizes=\"auto, \" srcset=\"\" alt=\"iconos excel-xlxs-y-csv\" width=\"282\" height=\"166\"><\/figure>\n<\/div>\n<p> Ahora, una vez que guarda un libro en formato CSV, Excel a\u00fan le permite abrirlo porque es totalmente compatible con el formato CSV. Pero no le permitir\u00e1 formatear los datos ni utilizar funciones como f\u00f3rmulas y funciones.<\/p>\n<p> Adem\u00e1s, cuando abres el archivo CSV que acabas de guardar desde Excel con una aplicaci\u00f3n de bloc de notas, puedes ver en el siguiente ejemplo, hay comas entre los valores que tenemos como tabla en formato Excel. <\/p>\n<div class=\"wp-block-image\">\n<figure class=\"aligncenter size-full is-resized\"><img loading=\"lazy\" decoding=\"async\" class=\"wp-image-72502\" src=\"https:\/\/exceladvisor.org\/wp-content\/uploads\/2023\/08\/6-ouvrir-csv-avec-bloc-notes.png\" sizes=\"auto, \" srcset=\"\" alt=\"abrir-csv-con-bloc de notas\" width=\"641\" height=\"420\"><\/figure>\n<\/div>\n<p> Hay una cosa que necesita saber al convertir su archivo de XLSX a CSV: si el libro tiene m\u00e1s de una hoja, Excel solo guardar\u00e1 la hoja actual (activa) en formato CSV. Ignorar\u00e1 el resto de hojas y tendr\u00e1s que guardarlas individualmente una a una. <\/p>\n<div class=\"wp-block-image\">\n<figure class=\"aligncenter size-full is-resized\"><img loading=\"lazy\" decoding=\"async\" class=\"wp-image-72503\" src=\"https:\/\/exceladvisor.org\/wp-content\/uploads\/2023\/08\/7-Excel-convertit-la-feuille-actuelle-en-csv-uniquement.png\" sizes=\"auto, \" srcset=\"\" alt=\"excel convierte la hoja actual a csv solamente\" width=\"722\" height=\"201\"><\/figure>\n<\/div>\n<h2 class=\"wp-block-heading\"> C\u00f3digo VBA para convertir un XLSX a CSV<\/h2>\n<p> Tambi\u00e9n puede utilizar el siguiente c\u00f3digo VBA para guardar un archivo de Excel en formato CSV.<\/p>\n<pre class=\"wp-block-code\"> <code class=\"language-visual-basic\" lang=\"visual-basic\">Sub xlsx_to_csv() Dim myPath As String, myName As String, myTime As String Dim myAddress As String myPath = ActiveWorkbook.Path myName = Left(ActiveWorkbook.Name, InStr(ActiveWorkbook.Name, \".\") - 1) myTime = Format(Now, \"DD_MM_YY_HH_MM_SS\") myAddress = myPath &amp; \"\" &amp; myName &amp; \"_\" &amp; myTime ActiveWorkbook.SaveAs Filename:=myAddress, FileFormat:=xlCSVUTF8 End Sub<\/code><\/pre>\n<p> Este c\u00f3digo guarda el libro activo como un CSV en la misma ubicaci\u00f3n con el mismo nombre usando la fecha y hora actuales.<\/p>\n<div class=\"gb-container gb-container-4db6181c gb-container-mt\"> <a class=\"gb-button gb-button-c5897111 gb-button-text gb-button-mt-button\" href=\"https:\/\/exceladvisor.org\/es\/avance-de-excel\/\">Tutoriales avanzados de Excel<\/a><\/p>\n<h2 class=\"gb-headline gb-headline-665e5f6b gb-headline-text gb-headline-mt-heading\"> Tutoriales relacionados <\/h2>\n<div class=\"gb-grid-wrapper gb-grid-wrapper-a20baf7c gb-grid-wrapper-mt-grid\">\n<div class=\"gb-grid-column gb-grid-column-65ddf67e\">\n<div class=\"gb-container gb-container-65ddf67e\">\n<ul>\n<li> <a href=\"https:\/\/exceladvisor.org\/es\/reparar-archivo-excel-corrupto\/\">Reparar archivo de Excel da\u00f1ado<\/a><\/li>\n<li> <a href=\"https:\/\/exceladvisor.org\/es\/recuperar-archivos-no-guardados\/\">Recuperar archivos de Excel no guardados cuando Excel falla<\/a><\/li>\n<li> <a href=\"https:\/\/exceladvisor.org\/es\/ocultar-mostrar-libro-de-trabajo\/\">Ocultar y mostrar un libro en Excel<\/a><\/li>\n<li> <a href=\"https:\/\/exceladvisor.org\/es\/copiar-libro-de-trabajo\/\">Haga una copia del libro de Excel (archivo)<\/a><\/li>\n<li> <a href=\"https:\/\/exceladvisor.org\/es\/abrir-archivo-de-texto\/\">Abrir un archivo de texto en Excel (.TXT)<\/a> <\/li>\n<\/ul>\n<\/div>\n<\/div>\n<div class=\"gb-grid-column gb-grid-column-50067b57\">\n<div class=\"gb-container gb-container-50067b57\"><\/div>\n<\/div>\n<\/div>\n<\/div>\n","protected":false},"excerpt":{"rendered":"<p>Puedes guardar un archivo Excel en diferentes formatos y entre todos estos formatos, CSV es muy popular. S\u00ed, puedes guardar tu archivo Excel en formato CSV (XLSX y CSV). CSV significa valores separados por comas, donde los valores est\u00e1n separados por comas , como puede ver en el siguiente ejemplo. Guarde un archivo de Excel [&hellip;]<\/p>\n","protected":false},"author":1,"featured_media":0,"parent":0,"menu_order":0,"comment_status":"open","ping_status":"closed","template":"","meta":{"ub_ctt_via":"","footnotes":""},"class_list":["post-423","page","type-page","status-publish","hentry"],"featured_image_src":null,"yoast_head":"<!-- This site is optimized with the Yoast SEO plugin v25.4 - https:\/\/yoast.com\/wordpress\/plugins\/seo\/ -->\n<title>\u00bfc\u00f3mo guardar un archivo de excel en formato csv?<\/title>\n<meta name=\"robots\" content=\"index, follow, max-snippet:-1, max-image-preview:large, max-video-preview:-1\" \/>\n<link rel=\"canonical\" href=\"https:\/\/exceladvisor.org\/es\/xlsx-a-csv\/\" \/>\n<meta property=\"og:locale\" content=\"es_ES\" \/>\n<meta property=\"og:type\" content=\"article\" \/>\n<meta property=\"og:title\" content=\"\u00bfc\u00f3mo guardar un archivo de excel en formato csv?\" \/>\n<meta property=\"og:description\" content=\"Puedes guardar un archivo Excel en diferentes formatos y entre todos estos formatos, CSV es muy popular. S\u00ed, puedes guardar tu archivo Excel en formato CSV (XLSX y CSV). CSV significa valores separados por comas, donde los valores est\u00e1n separados por comas , como puede ver en el siguiente ejemplo. Guarde un archivo de Excel [&hellip;]\" \/>\n<meta property=\"og:url\" content=\"https:\/\/exceladvisor.org\/es\/xlsx-a-csv\/\" \/>\n<meta property=\"og:site_name\" content=\"Excel Advisor\" \/>\n<meta property=\"article:modified_time\" content=\"2023-12-25T10:25:28+00:00\" \/>\n<meta property=\"og:image\" content=\"https:\/\/exceladvisor.org\/wp-content\/uploads\/2023\/08\/1-enregistrer-excel-au-format-csv.png\" \/>\n<meta name=\"twitter:card\" content=\"summary_large_image\" \/>\n<meta name=\"twitter:label1\" content=\"Tiempo de lectura\" \/>\n\t<meta name=\"twitter:data1\" content=\"2 minutos\" \/>\n<script type=\"application\/ld+json\" class=\"yoast-schema-graph\">{\"@context\":\"https:\/\/schema.org\",\"@graph\":[{\"@type\":\"WebPage\",\"@id\":\"https:\/\/exceladvisor.org\/es\/xlsx-a-csv\/\",\"url\":\"https:\/\/exceladvisor.org\/es\/xlsx-a-csv\/\",\"name\":\"\u00bfc\u00f3mo guardar un archivo de excel en formato csv?\",\"isPartOf\":{\"@id\":\"https:\/\/exceladvisor.org\/es\/#website\"},\"primaryImageOfPage\":{\"@id\":\"https:\/\/exceladvisor.org\/es\/xlsx-a-csv\/#primaryimage\"},\"image\":{\"@id\":\"https:\/\/exceladvisor.org\/es\/xlsx-a-csv\/#primaryimage\"},\"thumbnailUrl\":\"https:\/\/exceladvisor.org\/wp-content\/uploads\/2023\/08\/1-enregistrer-excel-au-format-csv.png\",\"datePublished\":\"2023-10-29T08:17:45+00:00\",\"dateModified\":\"2023-12-25T10:25:28+00:00\",\"breadcrumb\":{\"@id\":\"https:\/\/exceladvisor.org\/es\/xlsx-a-csv\/#breadcrumb\"},\"inLanguage\":\"es\",\"potentialAction\":[{\"@type\":\"ReadAction\",\"target\":[\"https:\/\/exceladvisor.org\/es\/xlsx-a-csv\/\"]}]},{\"@type\":\"ImageObject\",\"inLanguage\":\"es\",\"@id\":\"https:\/\/exceladvisor.org\/es\/xlsx-a-csv\/#primaryimage\",\"url\":\"https:\/\/exceladvisor.org\/wp-content\/uploads\/2023\/08\/1-enregistrer-excel-au-format-csv.png\",\"contentUrl\":\"https:\/\/exceladvisor.org\/wp-content\/uploads\/2023\/08\/1-enregistrer-excel-au-format-csv.png\"},{\"@type\":\"BreadcrumbList\",\"@id\":\"https:\/\/exceladvisor.org\/es\/xlsx-a-csv\/#breadcrumb\",\"itemListElement\":[{\"@type\":\"ListItem\",\"position\":1,\"name\":\"Hogar\",\"item\":\"https:\/\/exceladvisor.org\/es\/\"},{\"@type\":\"ListItem\",\"position\":2,\"name\":\"\u00bfc\u00f3mo guardar un archivo de excel en formato csv?\"}]},{\"@type\":\"WebSite\",\"@id\":\"https:\/\/exceladvisor.org\/es\/#website\",\"url\":\"https:\/\/exceladvisor.org\/es\/\",\"name\":\"Excel Advisor\",\"description\":\"Su gu\u00eda para la dominaci\u00f3n de datos!\",\"publisher\":{\"@id\":\"https:\/\/exceladvisor.org\/es\/#organization\"},\"potentialAction\":[{\"@type\":\"SearchAction\",\"target\":{\"@type\":\"EntryPoint\",\"urlTemplate\":\"https:\/\/exceladvisor.org\/es\/?s={search_term_string}\"},\"query-input\":{\"@type\":\"PropertyValueSpecification\",\"valueRequired\":true,\"valueName\":\"search_term_string\"}}],\"inLanguage\":\"es\"},{\"@type\":\"Organization\",\"@id\":\"https:\/\/exceladvisor.org\/es\/#organization\",\"name\":\"Excel Advisor\",\"url\":\"https:\/\/exceladvisor.org\/es\/\",\"logo\":{\"@type\":\"ImageObject\",\"inLanguage\":\"es\",\"@id\":\"https:\/\/exceladvisor.org\/es\/#\/schema\/logo\/image\/\",\"url\":\"https:\/\/exceladvisor.org\/es\/wp-content\/uploads\/2023\/12\/exceladvisor.org_.png\",\"contentUrl\":\"https:\/\/exceladvisor.org\/es\/wp-content\/uploads\/2023\/12\/exceladvisor.org_.png\",\"width\":105,\"height\":36,\"caption\":\"Excel Advisor\"},\"image\":{\"@id\":\"https:\/\/exceladvisor.org\/es\/#\/schema\/logo\/image\/\"}}]}<\/script>\n<!-- \/ Yoast SEO plugin. -->","yoast_head_json":{"title":"\u00bfc\u00f3mo guardar un archivo de excel en formato csv?","robots":{"index":"index","follow":"follow","max-snippet":"max-snippet:-1","max-image-preview":"max-image-preview:large","max-video-preview":"max-video-preview:-1"},"canonical":"https:\/\/exceladvisor.org\/es\/xlsx-a-csv\/","og_locale":"es_ES","og_type":"article","og_title":"\u00bfc\u00f3mo guardar un archivo de excel en formato csv?","og_description":"Puedes guardar un archivo Excel en diferentes formatos y entre todos estos formatos, CSV es muy popular. S\u00ed, puedes guardar tu archivo Excel en formato CSV (XLSX y CSV). CSV significa valores separados por comas, donde los valores est\u00e1n separados por comas , como puede ver en el siguiente ejemplo. Guarde un archivo de Excel [&hellip;]","og_url":"https:\/\/exceladvisor.org\/es\/xlsx-a-csv\/","og_site_name":"Excel Advisor","article_modified_time":"2023-12-25T10:25:28+00:00","og_image":[{"url":"https:\/\/exceladvisor.org\/wp-content\/uploads\/2023\/08\/1-enregistrer-excel-au-format-csv.png","type":"","width":"","height":""}],"twitter_card":"summary_large_image","twitter_misc":{"Tiempo de lectura":"2 minutos"},"schema":{"@context":"https:\/\/schema.org","@graph":[{"@type":"WebPage","@id":"https:\/\/exceladvisor.org\/es\/xlsx-a-csv\/","url":"https:\/\/exceladvisor.org\/es\/xlsx-a-csv\/","name":"\u00bfc\u00f3mo guardar un archivo de excel en formato csv?","isPartOf":{"@id":"https:\/\/exceladvisor.org\/es\/#website"},"primaryImageOfPage":{"@id":"https:\/\/exceladvisor.org\/es\/xlsx-a-csv\/#primaryimage"},"image":{"@id":"https:\/\/exceladvisor.org\/es\/xlsx-a-csv\/#primaryimage"},"thumbnailUrl":"https:\/\/exceladvisor.org\/wp-content\/uploads\/2023\/08\/1-enregistrer-excel-au-format-csv.png","datePublished":"2023-10-29T08:17:45+00:00","dateModified":"2023-12-25T10:25:28+00:00","breadcrumb":{"@id":"https:\/\/exceladvisor.org\/es\/xlsx-a-csv\/#breadcrumb"},"inLanguage":"es","potentialAction":[{"@type":"ReadAction","target":["https:\/\/exceladvisor.org\/es\/xlsx-a-csv\/"]}]},{"@type":"ImageObject","inLanguage":"es","@id":"https:\/\/exceladvisor.org\/es\/xlsx-a-csv\/#primaryimage","url":"https:\/\/exceladvisor.org\/wp-content\/uploads\/2023\/08\/1-enregistrer-excel-au-format-csv.png","contentUrl":"https:\/\/exceladvisor.org\/wp-content\/uploads\/2023\/08\/1-enregistrer-excel-au-format-csv.png"},{"@type":"BreadcrumbList","@id":"https:\/\/exceladvisor.org\/es\/xlsx-a-csv\/#breadcrumb","itemListElement":[{"@type":"ListItem","position":1,"name":"Hogar","item":"https:\/\/exceladvisor.org\/es\/"},{"@type":"ListItem","position":2,"name":"\u00bfc\u00f3mo guardar un archivo de excel en formato csv?"}]},{"@type":"WebSite","@id":"https:\/\/exceladvisor.org\/es\/#website","url":"https:\/\/exceladvisor.org\/es\/","name":"Excel Advisor","description":"Su gu\u00eda para la dominaci\u00f3n de datos!","publisher":{"@id":"https:\/\/exceladvisor.org\/es\/#organization"},"potentialAction":[{"@type":"SearchAction","target":{"@type":"EntryPoint","urlTemplate":"https:\/\/exceladvisor.org\/es\/?s={search_term_string}"},"query-input":{"@type":"PropertyValueSpecification","valueRequired":true,"valueName":"search_term_string"}}],"inLanguage":"es"},{"@type":"Organization","@id":"https:\/\/exceladvisor.org\/es\/#organization","name":"Excel Advisor","url":"https:\/\/exceladvisor.org\/es\/","logo":{"@type":"ImageObject","inLanguage":"es","@id":"https:\/\/exceladvisor.org\/es\/#\/schema\/logo\/image\/","url":"https:\/\/exceladvisor.org\/es\/wp-content\/uploads\/2023\/12\/exceladvisor.org_.png","contentUrl":"https:\/\/exceladvisor.org\/es\/wp-content\/uploads\/2023\/12\/exceladvisor.org_.png","width":105,"height":36,"caption":"Excel Advisor"},"image":{"@id":"https:\/\/exceladvisor.org\/es\/#\/schema\/logo\/image\/"}}]}},"yoast_meta":{"yoast_wpseo_title":"","yoast_wpseo_metadesc":"","yoast_wpseo_canonical":""},"_links":{"self":[{"href":"https:\/\/exceladvisor.org\/es\/wp-json\/wp\/v2\/pages\/423","targetHints":{"allow":["GET"]}}],"collection":[{"href":"https:\/\/exceladvisor.org\/es\/wp-json\/wp\/v2\/pages"}],"about":[{"href":"https:\/\/exceladvisor.org\/es\/wp-json\/wp\/v2\/types\/page"}],"author":[{"embeddable":true,"href":"https:\/\/exceladvisor.org\/es\/wp-json\/wp\/v2\/users\/1"}],"replies":[{"embeddable":true,"href":"https:\/\/exceladvisor.org\/es\/wp-json\/wp\/v2\/comments?post=423"}],"version-history":[{"count":1,"href":"https:\/\/exceladvisor.org\/es\/wp-json\/wp\/v2\/pages\/423\/revisions"}],"predecessor-version":[{"id":1066,"href":"https:\/\/exceladvisor.org\/es\/wp-json\/wp\/v2\/pages\/423\/revisions\/1066"}],"wp:attachment":[{"href":"https:\/\/exceladvisor.org\/es\/wp-json\/wp\/v2\/media?parent=423"}],"curies":[{"name":"wp","href":"https:\/\/api.w.org\/{rel}","templated":true}]}}