{"id":425,"date":"2023-10-29T07:46:09","date_gmt":"2023-10-29T07:46:09","guid":{"rendered":"https:\/\/exceladvisor.org\/es\/papel-cuadriculado\/"},"modified":"2023-12-25T10:25:41","modified_gmt":"2023-12-25T10:25:41","slug":"papel-cuadriculado","status":"publish","type":"page","link":"https:\/\/exceladvisor.org\/es\/papel-cuadriculado\/","title":{"rendered":"\u00bfc\u00f3mo imprimir papel cuadriculado en excel?"},"content":{"rendered":"<div class=\"excel-antes-del-contenido\" id=\"excel-3790038787\"><script type=\"text\/javascript\">\r\n\tatOptions = {\r\n\t\t'key' : 'c1158f160081d6540a8409e6925dab94',\r\n\t\t'format' : 'iframe',\r\n\t\t'height' : 250,\r\n\t\t'width' : 300,\r\n\t\t'params' : {}\r\n\t};\r\n<\/script>\r\n<script type=\"text\/javascript\" src=\"\/\/www.highperformanceformat.com\/c1158f160081d6540a8409e6925dab94\/invoke.js\"><\/script><\/div><p>En Excel, puede crear papel cuadriculado e imprimir una copia para usarla m\u00e1s adelante. En este tutorial aprenderemos c\u00f3mo crear esta plantilla siguiendo pasos simples y f\u00e1ciles de seguir. En esta plantilla de papel cuadriculado, tendr\u00e1s peque\u00f1os cuadros cuadrados (con la misma altura y ancho). <\/p>\n<div class=\"wp-block-image\">\n<figure class=\"aligncenter size-full is-resized\"><img loading=\"lazy\" decoding=\"async\" class=\"wp-image-72679\" src=\"https:\/\/exceladvisor.org\/wp-content\/uploads\/2023\/08\/1-imprimer-un-papier-millimetre.png\" sizes=\"auto, \" srcset=\"\" alt=\"imprimir un papel grafico\" width=\"582\" height=\"341\"><\/figure>\n<\/div>\n<h2 class=\"wp-block-heading\"> Crear un papel cuadriculado en Excel<\/h2>\n<ol>\n<li> Primero, haga clic en la esquina superior derecha de la hoja de trabajo o use el <a href=\"https:\/\/exceladvisor.org\/es\/atajos-de-teclado\/\">m\u00e9todo abreviado de teclado<\/a> Ctrl + A para seleccionar todas las celdas. <br \/><img loading=\"lazy\" decoding=\"async\" title=\"2-esquina superior derecha de la hoja de c\u00e1lculo\" src=\"https:\/\/exceladvisor.org\/wp-content\/uploads\/2023\/08\/2-coin-superieur-droit-de-la-feuille-de-calcul.png\" sizes=\"auto, \" srcset=\"\" alt=\"top-right-corner-of-worksheet\" width=\"362\" height=\"442\"><\/li>\n<li> Vaya a la pesta\u00f1a \u00abInicio\u00bb y en el grupo Celdas, haga clic en el men\u00fa desplegable Formato. <br \/><img loading=\"lazy\" decoding=\"async\" title=\"Lista desplegable de 3 formatos\" src=\"https:\/\/exceladvisor.org\/wp-content\/uploads\/2023\/08\/3-formats-deroulants.png\" sizes=\"auto, \" srcset=\"\" alt=\"format-dropdown\" width=\"432\" height=\"168\"><\/li>\n<li> Desde all\u00ed, haga clic en la opci\u00f3n \u00abAncho de columna\u00bb. <br \/><img loading=\"lazy\" decoding=\"async\" title=\"4-seleccionar-ancho-de-columna\" src=\"https:\/\/exceladvisor.org\/wp-content\/uploads\/2023\/08\/4-selectionnez-la-largeur-de-la-colonne.png\" sizes=\"auto, \" srcset=\"\" alt=\"select-the-column-width\" width=\"279\" height=\"298\"><\/li>\n<li> Y en el ancho de la columna, ingrese \u00ab3\u00bb y luego haga clic en Aceptar para guardar. <br \/><img loading=\"lazy\" decoding=\"async\" title=\"5-ingrese-ancho-de-columna\" src=\"https:\/\/exceladvisor.org\/wp-content\/uploads\/2023\/08\/5-entrez-la-largeur-de-la-colonne.png\" sizes=\"auto, \" srcset=\"\" alt=\"enter-the-column-width\" width=\"248\" height=\"135\"><\/li>\n<li> Ahora tienes cuadros que parecen papel cuadriculado en tu hoja de c\u00e1lculo. <br \/><img loading=\"lazy\" decoding=\"async\" title=\"6 cajas de papel cuadriculado\" src=\"https:\/\/exceladvisor.org\/wp-content\/uploads\/2023\/08\/6-papier-millimetre-comme-des-boites.png\" sizes=\"auto, \" srcset=\"\" alt=\"graph-paper-like-boxes\" width=\"600\" height=\"290\"><\/li>\n<li> Presione <a href=\"https:\/\/exceladvisor.org\/es\/vista-previa-de-impresion-1\/\">Ctrl+P para abrir la vista previa de impresi\u00f3n<\/a> y luego haga clic en \u00abConfigurar p\u00e1gina\u00bb. <br \/><img loading=\"lazy\" decoding=\"async\" title=\"configuraci\u00f3n de 7 p\u00e1ginas\" src=\"https:\/\/exceladvisor.org\/wp-content\/uploads\/2023\/08\/Configuration-de-7-pages.png\" sizes=\"auto, \" srcset=\"\" alt=\"page-setup\" width=\"303\" height=\"434\"><\/li>\n<li> Luego, en Configurar p\u00e1gina, vaya a la pesta\u00f1a Margen y establezca <a href=\"https:\/\/exceladvisor.org\/es\/agregar-un-encabezado-de-pie-de-pagina\/\">Encabezado y Pie de p\u00e1gina<\/a> en 0, M\u00e1rgenes superior, inferior, izquierdo y derecho en 0 o 0,5. <br \/><img loading=\"lazy\" decoding=\"async\" title=\"8-hacer-encabezado-y-pie-0\" src=\"https:\/\/exceladvisor.org\/wp-content\/uploads\/2023\/08\/8-faire-en-tete-et-pied-de-page-0.png\" sizes=\"auto, \" srcset=\"\" alt=\"make-header-and-footer-0\" width=\"536\" height=\"517\"><\/li>\n<li> Haga clic en ambas casillas de verificaci\u00f3n <a href=\"https:\/\/exceladvisor.org\/es\/centrar-la-hoja-de-trabajo-horizontalmente\/\">(horizontal y vertical) en \u00abCentrar en la p\u00e1gina\u00bb<\/a> . <br \/><img loading=\"lazy\" decoding=\"async\" title=\"9 opciones de selecci\u00f3n horizontal y vertical\" src=\"https:\/\/exceladvisor.org\/wp-content\/uploads\/2023\/08\/9-selectionner-les-options-horizontales-et-verticales.png\" sizes=\"auto, \" srcset=\"\" alt=\"select-horizontal-and-vertical-options\" width=\"535\" height=\"516\"><\/li>\n<li> A continuaci\u00f3n, vaya a la pesta\u00f1a \u00abHoja\u00bb en el cuadro de di\u00e1logo de configuraci\u00f3n de p\u00e1gina y, en el grupo \u00abImprimir\u00bb, marque la casilla \u00abL\u00edneas de cuadr\u00edcula\u00bb para <a href=\"https:\/\/exceladvisor.org\/es\/la-cuadricula\/\">imprimir las l\u00edneas de cuadr\u00edcula<\/a> y haga clic en Aceptar para guardar. <br \/><img loading=\"lazy\" decoding=\"async\" title=\"10 l\u00edneas de cuadr\u00edcula\" src=\"https:\/\/exceladvisor.org\/wp-content\/uploads\/2023\/08\/10-cochez-les-lignes-de-la-grille.png\" sizes=\"auto, \" srcset=\"\" alt=\"tickmark-the-gridlines\" width=\"538\" height=\"518\"><\/li>\n<\/ol>\n<p> En este punto, toda la configuraci\u00f3n est\u00e1 completa y el siguiente paso es imprimir el papel cuadriculado.<\/p>\n<h2 class=\"wp-block-heading\"> Imprimir papel cuadriculado en Excel<\/h2>\n<p> Aunque hayamos configurado todas las configuraciones, nuestra hoja todav\u00eda est\u00e1 en blanco y Excel no imprimir\u00e1 una hoja en blanco. Por lo tanto, debemos agregar espacios en blanco a una sola p\u00e1gina para que funcione al imprimir.<\/p>\n<ol>\n<li> Primero, vaya a la vista y haga clic en el bot\u00f3n \u00abDise\u00f1o\u00bb. <br \/><img loading=\"lazy\" decoding=\"async\" title=\"Dise\u00f1o en 11 clics\" src=\"https:\/\/exceladvisor.org\/wp-content\/uploads\/2023\/08\/11-clic-sur-mise-en-page.png\" sizes=\"auto, \" srcset=\"\" alt=\"click-on-page-layout\" width=\"752\" height=\"349\"><\/li>\n<li> Ahora ingrese un espacio en la primera celda, luego <a href=\"https:\/\/exceladvisor.org\/es\/copiar-pegar\/\">copie y pegue<\/a> ese espacio en las celdas que tiene en la \u00fanica p\u00e1gina. <br \/><img loading=\"lazy\" decoding=\"async\" title=\"12-entrar-a-un-espacio-en-la-primera-celda\" src=\"https:\/\/exceladvisor.org\/wp-content\/uploads\/2023\/08\/12-entrer-un-espace-dans-la-premiere-cellule.png\" sizes=\"auto, \" srcset=\"\" alt=\"enter-a-space-in-first-cell\" width=\"791\" height=\"278\"><\/li>\n<li> Vuelva a la pesta\u00f1a \u00abVer\u00bb y al bot\u00f3n de vista \u00abNormal\u00bb desde all\u00ed. <br \/><img loading=\"lazy\" decoding=\"async\" title=\"13-cambiar a vista normal\" src=\"https:\/\/exceladvisor.org\/wp-content\/uploads\/2023\/08\/13-aller-a-la-vue-normale.png\" sizes=\"auto, \" srcset=\"\" alt=\"go-to-normal-view\" width=\"388\" height=\"225\"><\/li>\n<li> Al final, regrese a la opci\u00f3n de impresi\u00f3n Archivo y pesta\u00f1a para ver la vista previa de impresi\u00f3n, o simplemente use la tecla de acceso directo Crtl + P para verificar la vista previa de impresi\u00f3n. <br \/><img loading=\"lazy\" decoding=\"async\" title=\"14-ver-la-vista previa\" src=\"https:\/\/exceladvisor.org\/wp-content\/uploads\/2023\/08\/14-voir-lapercu-avant-impression.png\" sizes=\"auto, \" srcset=\"\" alt=\"see-the-print-preview\" width=\"530\" height=\"634\"><\/li>\n<\/ol>\n<p> Y una vez que presione el bot\u00f3n Imprimir, obtendr\u00e1 una copia impresa del papel cuadriculado como se muestra arriba. Tambi\u00e9n puede guardar un archivo PDF desde su libro de Excel (Archivo \u21e2 Exportar \u21e2 Crear formato PDF\/XPS \u21e2 Crear formato PDF\/XPS). <\/p>\n<div class=\"wp-block-image\">\n<figure class=\"aligncenter size-full is-resized\"><img loading=\"lazy\" decoding=\"async\" class=\"wp-image-72693\" src=\"https:\/\/exceladvisor.org\/wp-content\/uploads\/2023\/08\/15-enregistrer-le-fichier-au-format-pdf.png\" sizes=\"auto, \" srcset=\"\" alt=\"guardar-el-archivo-en-formato-pdf\" width=\"668\" height=\"336\"><\/figure>\n<\/div>\n<div class=\"gb-container gb-container-4db6181c gb-container-mt\"> <a class=\"gb-button gb-button-c5897111 gb-button-text gb-button-mt-button\" href=\"https:\/\/exceladvisor.org\/es\/avance-de-excel\/\">Tutorial avanzado de Excel<\/a><\/p>\n<h2 class=\"gb-headline gb-headline-665e5f6b gb-headline-text gb-headline-mt-heading\"> Tutoriales relacionados <\/h2>\n<div class=\"gb-grid-wrapper gb-grid-wrapper-a20baf7c gb-grid-wrapper-mt-grid\">\n<div class=\"gb-grid-column gb-grid-column-65ddf67e\">\n<div class=\"gb-container gb-container-65ddf67e\">\n<ul>\n<li> <a href=\"https:\/\/exceladvisor.org\/es\/imprimir-titulos\/\">Aplicar t\u00edtulos de impresi\u00f3n en Excel (configure la fila 1 para imprimir en cada p\u00e1gina)<\/a><\/li>\n<li> <a href=\"https:\/\/exceladvisor.org\/es\/eliminar-salto-de-pagina\/\">Eliminar salto de p\u00e1gina en Excel<\/a><\/li>\n<li> <a href=\"https:\/\/exceladvisor.org\/es\/establecer-area-de-impresion\/\">Establecer \u00e1rea de impresi\u00f3n en Excel<\/a><\/li>\n<li> <a href=\"https:\/\/exceladvisor.org\/es\/centrar-la-hoja-de-trabajo-horizontalmente\/\">Centrar una hoja de c\u00e1lculo horizontal y verticalmente en Excel<\/a> <\/li>\n<\/ul>\n<\/div>\n<\/div>\n<div class=\"gb-grid-column gb-grid-column-50067b57\">\n<div class=\"gb-container gb-container-50067b57\"><\/div>\n<\/div>\n<\/div>\n<\/div>\n","protected":false},"excerpt":{"rendered":"<p>En Excel, puede crear papel cuadriculado e imprimir una copia para usarla m\u00e1s adelante. En este tutorial aprenderemos c\u00f3mo crear esta plantilla siguiendo pasos simples y f\u00e1ciles de seguir. En esta plantilla de papel cuadriculado, tendr\u00e1s peque\u00f1os cuadros cuadrados (con la misma altura y ancho). Crear un papel cuadriculado en Excel Primero, haga clic en [&hellip;]<\/p>\n","protected":false},"author":1,"featured_media":0,"parent":0,"menu_order":0,"comment_status":"open","ping_status":"closed","template":"","meta":{"ub_ctt_via":"","footnotes":""},"class_list":["post-425","page","type-page","status-publish","hentry"],"featured_image_src":null,"yoast_head":"<!-- This site is optimized with the Yoast SEO plugin v25.4 - https:\/\/yoast.com\/wordpress\/plugins\/seo\/ -->\n<title>\u00bfc\u00f3mo imprimir papel cuadriculado en excel?<\/title>\n<meta name=\"robots\" content=\"index, follow, max-snippet:-1, max-image-preview:large, max-video-preview:-1\" \/>\n<link rel=\"canonical\" href=\"https:\/\/exceladvisor.org\/es\/papel-cuadriculado\/\" \/>\n<meta property=\"og:locale\" content=\"es_ES\" \/>\n<meta property=\"og:type\" content=\"article\" \/>\n<meta property=\"og:title\" content=\"\u00bfc\u00f3mo imprimir papel cuadriculado en excel?\" \/>\n<meta property=\"og:description\" content=\"En Excel, puede crear papel cuadriculado e imprimir una copia para usarla m\u00e1s adelante. En este tutorial aprenderemos c\u00f3mo crear esta plantilla siguiendo pasos simples y f\u00e1ciles de seguir. En esta plantilla de papel cuadriculado, tendr\u00e1s peque\u00f1os cuadros cuadrados (con la misma altura y ancho). Crear un papel cuadriculado en Excel Primero, haga clic en [&hellip;]\" \/>\n<meta property=\"og:url\" content=\"https:\/\/exceladvisor.org\/es\/papel-cuadriculado\/\" \/>\n<meta property=\"og:site_name\" content=\"Excel Advisor\" \/>\n<meta property=\"article:modified_time\" content=\"2023-12-25T10:25:41+00:00\" \/>\n<meta property=\"og:image\" content=\"https:\/\/exceladvisor.org\/wp-content\/uploads\/2023\/08\/1-imprimer-un-papier-millimetre.png\" \/>\n<meta name=\"twitter:card\" content=\"summary_large_image\" \/>\n<meta name=\"twitter:label1\" content=\"Tiempo de lectura\" \/>\n\t<meta name=\"twitter:data1\" content=\"3 minutos\" \/>\n<script type=\"application\/ld+json\" class=\"yoast-schema-graph\">{\"@context\":\"https:\/\/schema.org\",\"@graph\":[{\"@type\":\"WebPage\",\"@id\":\"https:\/\/exceladvisor.org\/es\/papel-cuadriculado\/\",\"url\":\"https:\/\/exceladvisor.org\/es\/papel-cuadriculado\/\",\"name\":\"\u00bfc\u00f3mo imprimir papel cuadriculado en excel?\",\"isPartOf\":{\"@id\":\"https:\/\/exceladvisor.org\/es\/#website\"},\"primaryImageOfPage\":{\"@id\":\"https:\/\/exceladvisor.org\/es\/papel-cuadriculado\/#primaryimage\"},\"image\":{\"@id\":\"https:\/\/exceladvisor.org\/es\/papel-cuadriculado\/#primaryimage\"},\"thumbnailUrl\":\"https:\/\/exceladvisor.org\/wp-content\/uploads\/2023\/08\/1-imprimer-un-papier-millimetre.png\",\"datePublished\":\"2023-10-29T07:46:09+00:00\",\"dateModified\":\"2023-12-25T10:25:41+00:00\",\"breadcrumb\":{\"@id\":\"https:\/\/exceladvisor.org\/es\/papel-cuadriculado\/#breadcrumb\"},\"inLanguage\":\"es\",\"potentialAction\":[{\"@type\":\"ReadAction\",\"target\":[\"https:\/\/exceladvisor.org\/es\/papel-cuadriculado\/\"]}]},{\"@type\":\"ImageObject\",\"inLanguage\":\"es\",\"@id\":\"https:\/\/exceladvisor.org\/es\/papel-cuadriculado\/#primaryimage\",\"url\":\"https:\/\/exceladvisor.org\/wp-content\/uploads\/2023\/08\/1-imprimer-un-papier-millimetre.png\",\"contentUrl\":\"https:\/\/exceladvisor.org\/wp-content\/uploads\/2023\/08\/1-imprimer-un-papier-millimetre.png\"},{\"@type\":\"BreadcrumbList\",\"@id\":\"https:\/\/exceladvisor.org\/es\/papel-cuadriculado\/#breadcrumb\",\"itemListElement\":[{\"@type\":\"ListItem\",\"position\":1,\"name\":\"Hogar\",\"item\":\"https:\/\/exceladvisor.org\/es\/\"},{\"@type\":\"ListItem\",\"position\":2,\"name\":\"\u00bfc\u00f3mo imprimir papel cuadriculado en excel?\"}]},{\"@type\":\"WebSite\",\"@id\":\"https:\/\/exceladvisor.org\/es\/#website\",\"url\":\"https:\/\/exceladvisor.org\/es\/\",\"name\":\"Excel Advisor\",\"description\":\"Su gu\u00eda para la dominaci\u00f3n de datos!\",\"publisher\":{\"@id\":\"https:\/\/exceladvisor.org\/es\/#organization\"},\"potentialAction\":[{\"@type\":\"SearchAction\",\"target\":{\"@type\":\"EntryPoint\",\"urlTemplate\":\"https:\/\/exceladvisor.org\/es\/?s={search_term_string}\"},\"query-input\":{\"@type\":\"PropertyValueSpecification\",\"valueRequired\":true,\"valueName\":\"search_term_string\"}}],\"inLanguage\":\"es\"},{\"@type\":\"Organization\",\"@id\":\"https:\/\/exceladvisor.org\/es\/#organization\",\"name\":\"Excel Advisor\",\"url\":\"https:\/\/exceladvisor.org\/es\/\",\"logo\":{\"@type\":\"ImageObject\",\"inLanguage\":\"es\",\"@id\":\"https:\/\/exceladvisor.org\/es\/#\/schema\/logo\/image\/\",\"url\":\"https:\/\/exceladvisor.org\/es\/wp-content\/uploads\/2023\/12\/exceladvisor.org_.png\",\"contentUrl\":\"https:\/\/exceladvisor.org\/es\/wp-content\/uploads\/2023\/12\/exceladvisor.org_.png\",\"width\":105,\"height\":36,\"caption\":\"Excel Advisor\"},\"image\":{\"@id\":\"https:\/\/exceladvisor.org\/es\/#\/schema\/logo\/image\/\"}}]}<\/script>\n<!-- \/ Yoast SEO plugin. -->","yoast_head_json":{"title":"\u00bfc\u00f3mo imprimir papel cuadriculado en excel?","robots":{"index":"index","follow":"follow","max-snippet":"max-snippet:-1","max-image-preview":"max-image-preview:large","max-video-preview":"max-video-preview:-1"},"canonical":"https:\/\/exceladvisor.org\/es\/papel-cuadriculado\/","og_locale":"es_ES","og_type":"article","og_title":"\u00bfc\u00f3mo imprimir papel cuadriculado en excel?","og_description":"En Excel, puede crear papel cuadriculado e imprimir una copia para usarla m\u00e1s adelante. En este tutorial aprenderemos c\u00f3mo crear esta plantilla siguiendo pasos simples y f\u00e1ciles de seguir. En esta plantilla de papel cuadriculado, tendr\u00e1s peque\u00f1os cuadros cuadrados (con la misma altura y ancho). Crear un papel cuadriculado en Excel Primero, haga clic en [&hellip;]","og_url":"https:\/\/exceladvisor.org\/es\/papel-cuadriculado\/","og_site_name":"Excel Advisor","article_modified_time":"2023-12-25T10:25:41+00:00","og_image":[{"url":"https:\/\/exceladvisor.org\/wp-content\/uploads\/2023\/08\/1-imprimer-un-papier-millimetre.png","type":"","width":"","height":""}],"twitter_card":"summary_large_image","twitter_misc":{"Tiempo de lectura":"3 minutos"},"schema":{"@context":"https:\/\/schema.org","@graph":[{"@type":"WebPage","@id":"https:\/\/exceladvisor.org\/es\/papel-cuadriculado\/","url":"https:\/\/exceladvisor.org\/es\/papel-cuadriculado\/","name":"\u00bfc\u00f3mo imprimir papel cuadriculado en excel?","isPartOf":{"@id":"https:\/\/exceladvisor.org\/es\/#website"},"primaryImageOfPage":{"@id":"https:\/\/exceladvisor.org\/es\/papel-cuadriculado\/#primaryimage"},"image":{"@id":"https:\/\/exceladvisor.org\/es\/papel-cuadriculado\/#primaryimage"},"thumbnailUrl":"https:\/\/exceladvisor.org\/wp-content\/uploads\/2023\/08\/1-imprimer-un-papier-millimetre.png","datePublished":"2023-10-29T07:46:09+00:00","dateModified":"2023-12-25T10:25:41+00:00","breadcrumb":{"@id":"https:\/\/exceladvisor.org\/es\/papel-cuadriculado\/#breadcrumb"},"inLanguage":"es","potentialAction":[{"@type":"ReadAction","target":["https:\/\/exceladvisor.org\/es\/papel-cuadriculado\/"]}]},{"@type":"ImageObject","inLanguage":"es","@id":"https:\/\/exceladvisor.org\/es\/papel-cuadriculado\/#primaryimage","url":"https:\/\/exceladvisor.org\/wp-content\/uploads\/2023\/08\/1-imprimer-un-papier-millimetre.png","contentUrl":"https:\/\/exceladvisor.org\/wp-content\/uploads\/2023\/08\/1-imprimer-un-papier-millimetre.png"},{"@type":"BreadcrumbList","@id":"https:\/\/exceladvisor.org\/es\/papel-cuadriculado\/#breadcrumb","itemListElement":[{"@type":"ListItem","position":1,"name":"Hogar","item":"https:\/\/exceladvisor.org\/es\/"},{"@type":"ListItem","position":2,"name":"\u00bfc\u00f3mo imprimir papel cuadriculado en excel?"}]},{"@type":"WebSite","@id":"https:\/\/exceladvisor.org\/es\/#website","url":"https:\/\/exceladvisor.org\/es\/","name":"Excel Advisor","description":"Su gu\u00eda para la dominaci\u00f3n de datos!","publisher":{"@id":"https:\/\/exceladvisor.org\/es\/#organization"},"potentialAction":[{"@type":"SearchAction","target":{"@type":"EntryPoint","urlTemplate":"https:\/\/exceladvisor.org\/es\/?s={search_term_string}"},"query-input":{"@type":"PropertyValueSpecification","valueRequired":true,"valueName":"search_term_string"}}],"inLanguage":"es"},{"@type":"Organization","@id":"https:\/\/exceladvisor.org\/es\/#organization","name":"Excel Advisor","url":"https:\/\/exceladvisor.org\/es\/","logo":{"@type":"ImageObject","inLanguage":"es","@id":"https:\/\/exceladvisor.org\/es\/#\/schema\/logo\/image\/","url":"https:\/\/exceladvisor.org\/es\/wp-content\/uploads\/2023\/12\/exceladvisor.org_.png","contentUrl":"https:\/\/exceladvisor.org\/es\/wp-content\/uploads\/2023\/12\/exceladvisor.org_.png","width":105,"height":36,"caption":"Excel Advisor"},"image":{"@id":"https:\/\/exceladvisor.org\/es\/#\/schema\/logo\/image\/"}}]}},"yoast_meta":{"yoast_wpseo_title":"","yoast_wpseo_metadesc":"","yoast_wpseo_canonical":""},"_links":{"self":[{"href":"https:\/\/exceladvisor.org\/es\/wp-json\/wp\/v2\/pages\/425","targetHints":{"allow":["GET"]}}],"collection":[{"href":"https:\/\/exceladvisor.org\/es\/wp-json\/wp\/v2\/pages"}],"about":[{"href":"https:\/\/exceladvisor.org\/es\/wp-json\/wp\/v2\/types\/page"}],"author":[{"embeddable":true,"href":"https:\/\/exceladvisor.org\/es\/wp-json\/wp\/v2\/users\/1"}],"replies":[{"embeddable":true,"href":"https:\/\/exceladvisor.org\/es\/wp-json\/wp\/v2\/comments?post=425"}],"version-history":[{"count":1,"href":"https:\/\/exceladvisor.org\/es\/wp-json\/wp\/v2\/pages\/425\/revisions"}],"predecessor-version":[{"id":1095,"href":"https:\/\/exceladvisor.org\/es\/wp-json\/wp\/v2\/pages\/425\/revisions\/1095"}],"wp:attachment":[{"href":"https:\/\/exceladvisor.org\/es\/wp-json\/wp\/v2\/media?parent=425"}],"curies":[{"name":"wp","href":"https:\/\/api.w.org\/{rel}","templated":true}]}}