{"id":426,"date":"2023-10-29T07:33:14","date_gmt":"2023-10-29T07:33:14","guid":{"rendered":"https:\/\/exceladvisor.org\/es\/zoom\/"},"modified":"2023-12-25T10:22:42","modified_gmt":"2023-12-25T10:22:42","slug":"zoom","status":"publish","type":"page","link":"https:\/\/exceladvisor.org\/es\/zoom\/","title":{"rendered":"\u00bfc\u00f3mo acercar\/alejar en excel?"},"content":{"rendered":"<div class=\"excel-antes-del-contenido\" id=\"excel-4250094797\"><script type=\"text\/javascript\">\r\n\tatOptions = {\r\n\t\t'key' : 'c1158f160081d6540a8409e6925dab94',\r\n\t\t'format' : 'iframe',\r\n\t\t'height' : 250,\r\n\t\t'width' : 300,\r\n\t\t'params' : {}\r\n\t};\r\n<\/script>\r\n<script type=\"text\/javascript\" src=\"\/\/www.highperformanceformat.com\/c1158f160081d6540a8409e6925dab94\/invoke.js\"><\/script><\/div><p>Cuando trabaje con datos en Excel, es posible que necesite examinarlos m\u00e1s de cerca o tal vez desee examinar un conjunto de datos grande en su ventana de Excel. En este escenario, debe utilizar las opciones Acercar y Alejar.<\/p>\n<p> En este tutorial, veremos ambas opciones de zoom en detalle.<\/p>\n<h2 class=\"wp-block-heading\"> Pasos para acercar y alejar la cinta<\/h2>\n<p> En Excel, puede acercar y alejar f\u00e1cilmente la hoja de trabajo usando la pesta\u00f1a Ver. Para hacer esto, siga los pasos a continuaci\u00f3n.<\/p>\n<ol>\n<li> Primero, vaya a la pesta\u00f1a \u00abVer\u00bb en la cinta, luego haga clic en el grupo Zoom. <br \/><img loading=\"lazy\" decoding=\"async\" title=\"1 pesta\u00f1a de vista\" src=\"https:\/\/exceladvisor.org\/wp-content\/uploads\/2023\/08\/1-onglet-de-vue.png\" sizes=\"auto, \" srcset=\"\" alt=\"view-tab\" width=\"577\" height=\"121\"><\/li>\n<li> Despu\u00e9s de eso, haga clic en <strong>Zoom<\/strong> y se abrir\u00e1 el cuadro de di\u00e1logo en la hoja de c\u00e1lculo. En este caso, puede elegir cualquier opci\u00f3n de porcentaje existente o seleccionar la <strong>opci\u00f3n Personalizado<\/strong> para ingresar el porcentaje deseado. <br \/><img loading=\"lazy\" decoding=\"async\" title=\"icono de zoom en 2 clics\" src=\"https:\/\/exceladvisor.org\/wp-content\/uploads\/2023\/08\/icone-zoom-2-clics.png\" sizes=\"auto, \" srcset=\"\" alt=\"click-zoom-icon\" width=\"238\" height=\"384\"><\/li>\n<li> Una vez que haya seleccionado el porcentaje, haga clic en Aceptar para aplicarlo. <br \/><img loading=\"lazy\" decoding=\"async\" title=\"3-seleccionar-porcentaje-de-zoom\" src=\"https:\/\/exceladvisor.org\/wp-content\/uploads\/2023\/08\/3-selectionnez-le-pourcentage-de-zoom.png\" sizes=\"auto, \" srcset=\"\" alt=\"select-the-zoom-percentage\" width=\"469\" height=\"287\"><\/li>\n<li> La <strong>segunda opci\u00f3n es 100%<\/strong> , que te ayuda a ampliar tu hoja de c\u00e1lculo al 100% con solo un clic. <br \/><img loading=\"lazy\" decoding=\"async\" title=\"4-100_-opci\u00f3n-zoom\" src=\"https:\/\/exceladvisor.org\/wp-content\/uploads\/2023\/08\/4-Option-zoom-100_.png\" sizes=\"auto, \" srcset=\"\" alt=\"100_-zoom-option\" width=\"380\" height=\"304\"><\/li>\n<\/ol>\n<h2 class=\"wp-block-heading\"> Ampliar la selecci\u00f3n<\/h2>\n<p> En Excel, esta funci\u00f3n se utiliza para hacer zoom en la hoja porque <strong>el rango de celdas seleccionado<\/strong> ocupa toda la ventana. Gracias a esto, podr\u00e1s concentrarte f\u00e1cilmente en un \u00e1rea particular de la hoja. Ahora siga los pasos a continuaci\u00f3n.<\/p>\n<ol>\n<li> Primero, <strong>seleccione la celda<\/strong> o el rango de celdas en el que desea centrarse. <br \/><img loading=\"lazy\" decoding=\"async\" title=\"5-seleccionar-rango-de-celdas\" src=\"https:\/\/exceladvisor.org\/wp-content\/uploads\/2023\/08\/5-selectionner-une-plage-de-cellules.png\" sizes=\"auto, \" srcset=\"\" alt=\"select-range-of-cells\" width=\"331\" height=\"283\"><\/li>\n<li> A continuaci\u00f3n, haga clic en la opci\u00f3n <strong>\u00abAcercar a la selecci\u00f3n\u00bb<\/strong> en el grupo de zoom. <br \/><img loading=\"lazy\" decoding=\"async\" title=\"6 iconos de zoom al seleccionar\" src=\"https:\/\/exceladvisor.org\/wp-content\/uploads\/2023\/08\/6-zoom-sur-licone-de-selection.png\" sizes=\"auto, \" srcset=\"\" alt=\"zoom-to-selection-icon\" width=\"177\" height=\"119\"><\/li>\n<li> Ahora el rango de celdas seleccionado cubrir\u00e1 toda la ventana y puedes verlo en la siguiente imagen. <br \/><img loading=\"lazy\" decoding=\"async\" title=\"7 celdas seleccionadas con zoom\" src=\"https:\/\/exceladvisor.org\/wp-content\/uploads\/2023\/08\/7-cellules-selectionnees-agrandies.png\" sizes=\"auto, \" srcset=\"\" alt=\"select-cells-zoomed\" width=\"508\" height=\"129\"><\/li>\n<\/ol>\n<h2 class=\"wp-block-heading\"> Acercar y alejar usando el mouse<\/h2>\n<p> Otro m\u00e9todo para acercar y alejar es usar el mouse. Simplemente necesita mantener presionada la tecla CTRL en su teclado y desplazar la rueda del mouse hacia adelante para acercar y hacia atr\u00e1s para alejar la hoja de c\u00e1lculo de Excel. <\/p>\n<div class=\"wp-block-image\">\n<figure class=\"aligncenter size-full is-resized\"><img loading=\"lazy\" decoding=\"async\" class=\"wp-image-75267\" src=\"https:\/\/exceladvisor.org\/wp-content\/uploads\/2023\/08\/8-zoom-avant-a-laide-de-la-souris.png\" sizes=\"auto, \" srcset=\"\" alt=\"acercar con el mouse\" width=\"213\" height=\"140\"><\/figure>\n<\/div>\n<p class=\"content-box-green\"> Te permite aumentar o disminuir en un 15% con un solo desplazamiento.<\/p>\n<h2 class=\"wp-block-heading\"> Atajo de teclado para acercar y alejar<\/h2>\n<p> Aqu\u00ed <a href=\"https:\/\/exceladvisor.org\/es\/atajos-de-teclado\/\">le proporcionamos las teclas de m\u00e9todo abreviado de teclado<\/a> para acercar y alejar r\u00e1pidamente la hoja de trabajo. Ahora las teclas de acceso directo son:<\/p>\n<ol>\n<li> <strong>Ampliar:<\/strong> <kbd class=\"dark\">CTRL<\/kbd> + <kbd class=\"dark\">ALT<\/kbd> <kbd class=\"dark\">++<\/kbd> <br \/><img loading=\"lazy\" decoding=\"async\" title=\"9-zoom-usando-el-teclado\" src=\"https:\/\/exceladvisor.org\/wp-content\/uploads\/2023\/08\/9-zoom-avant-a-laide-du-clavier.png\" sizes=\"auto, \" srcset=\"\" alt=\"zoom-in-using-keyboard\" width=\"592\" height=\"195\"><\/li>\n<li> <strong>Alejar:<\/strong> <kbd class=\"dark\">CTRL<\/kbd> + <code>ALT<\/code> + <code>-<\/code> <br \/><img loading=\"lazy\" decoding=\"async\" title=\"10-alejar-usando-el-teclado\" src=\"https:\/\/exceladvisor.org\/wp-content\/uploads\/2023\/08\/10-zoom-arriere-a-laide-du-clavier.png\" sizes=\"auto, \" srcset=\"\" alt=\"zoom-out-using-keyboard\" width=\"589\" height=\"194\"><\/li>\n<\/ol>\n<h2 class=\"wp-block-heading\"> Acercar y alejar mediante el control deslizante<\/h2>\n<p> Esta es la <a href=\"https:\/\/exceladvisor.org\/es\/consejo\/\" data-wpil=\"url\">opci\u00f3n que utilizan con frecuencia<\/a> los usuarios de Excel y est\u00e1 visible en la <strong>esquina derecha de la barra de estado<\/strong> .<\/p>\n<ol>\n<li> El control deslizante de zoom tiene (-) (+) estas dos teclas que se pueden utilizar para \u201calejar\u201d y \u201cacercar\u201d.<\/li>\n<li> Alejar se utiliza para reducir el tama\u00f1o de la hoja en la que est\u00e1 trabajando. Mientras que Zoom-in le ayuda a observar de cerca los datos. <br \/><img loading=\"lazy\" decoding=\"async\" title=\"11-acercar-alejar-usando-el-cursor\" src=\"https:\/\/exceladvisor.org\/wp-content\/uploads\/2023\/08\/11-zoom-avant-a-laide-du-curseur.png\" sizes=\"auto, \" srcset=\"\" alt=\"zoom-in-out-using-slider\" width=\"200\" height=\"102\"><\/li>\n<li> Adem\u00e1s, tambi\u00e9n puedes ajustar la visibilidad de la p\u00e1gina deslizando la <strong>tecla de zoom central<\/strong> hacia adelante y hacia atr\u00e1s. <br \/><img loading=\"lazy\" decoding=\"async\" title=\"12-ajuste-por-bot\u00f3n-de-zoom-central\" src=\"https:\/\/exceladvisor.org\/wp-content\/uploads\/2023\/08\/12-reglage-par-touche-centrale-de-zoom.png\" sizes=\"auto, \" srcset=\"\" alt=\"adjust-by-central-zoom-key\" width=\"201\" height=\"103\"><\/li>\n<\/ol>\n<p class=\"qt-tip\"> <strong>Nota:<\/strong> Aumenta o disminuye en (10%) una vez que presiona los botones de acercar (-) o alejar (+).<\/p>\n<h2 class=\"wp-block-heading\"> Zoom por porcentaje<\/h2>\n<p> En Excel, el porcentaje de zoom tambi\u00e9n funciona igual que el control deslizante de zoom. Se puede ver junto al control deslizante de zoom en el <strong>lado izquierdo de la barra de estado<\/strong> . <\/p>\n<div class=\"wp-block-image\">\n<figure class=\"aligncenter size-full is-resized\"><img loading=\"lazy\" decoding=\"async\" class=\"wp-image-75272\" src=\"https:\/\/exceladvisor.org\/wp-content\/uploads\/2023\/08\/13-zoom-par-pourcentage.png\" sizes=\"auto, \" srcset=\"\" alt=\"ampliar por porcentaje\" width=\"397\" height=\"36\"><\/figure>\n<\/div>\n<p> Una vez que haga clic en \u00e9l, le mostrar\u00e1 un cuadro de di\u00e1logo de zoom y desde all\u00ed podr\u00e1 establecer el porcentaje de ampliaci\u00f3n de la hoja de trabajo actual en la que est\u00e1 trabajando. <\/p>\n<div class=\"wp-block-image\">\n<figure class=\"aligncenter size-full is-resized\"><img loading=\"lazy\" decoding=\"async\" class=\"wp-image-75273\" src=\"https:\/\/exceladvisor.org\/wp-content\/uploads\/2023\/08\/14-boite-de-dialogue-de-zoom.png\" sizes=\"auto, \" srcset=\"\" alt=\"cuadro de di\u00e1logo de zoom\" width=\"189\" height=\"257\"><\/figure>\n<\/div>\n<h2 class=\"wp-block-heading\"> Comidas para llevar<\/h2>\n<ul>\n<li> Una vez que seleccione la opci\u00f3n de acercar o alejar, solo acercar\u00e1 y alejar\u00e1 la hoja de trabajo actual, y las dem\u00e1s hojas de trabajo permanecer\u00e1n iguales.<\/li>\n<li> Si desea acercar y alejar varias hojas de trabajo a la vez. Para hacer esto, primero debe seleccionar todas las hojas y luego usar el m\u00e9todo abreviado de teclado para acercar o alejar.<\/li>\n<\/ul>\n<div class=\"gb-container gb-container-4db6181c gb-container-mt\"> <a class=\"gb-button gb-button-c5897111 gb-button-text gb-button-mt-button\" href=\"https:\/\/exceladvisor.org\/es\/conceptos-basicos-de-excel\/\">Conceptos b\u00e1sicos de Microsoft Excel (componentes, piezas y notas de conocimiento)<\/a><\/p>\n<h2 class=\"gb-headline gb-headline-665e5f6b gb-headline-text gb-headline-mt-heading\"> Tutoriales relacionados <\/h2>\n<div class=\"gb-grid-wrapper gb-grid-wrapper-a20baf7c gb-grid-wrapper-mt-grid\">\n<div class=\"gb-grid-column gb-grid-column-65ddf67e\">\n<div class=\"gb-container gb-container-65ddf67e\">\n<ul>\n<li> <a href=\"https:\/\/exceladvisor.org\/es\/justificar-completamente\/\">Llenar justificar en Excel<\/a><\/li>\n<li> <a href=\"https:\/\/exceladvisor.org\/es\/barra-de-formulas-de-excel\/\">Barra de f\u00f3rmulas en Excel<\/a><\/li>\n<li> <a href=\"https:\/\/exceladvisor.org\/es\/agregar-un-encabezado-de-pie-de-pagina\/\">Agregar un encabezado y pie de p\u00e1gina en Excel<\/a><\/li>\n<li> <a href=\"https:\/\/exceladvisor.org\/es\/gobernante\/\">Mostrar regla en Excel<\/a> <\/li>\n<\/ul>\n<\/div>\n<\/div>\n<div class=\"gb-grid-column gb-grid-column-50067b57\">\n<div class=\"gb-container gb-container-50067b57\"><\/div>\n<\/div>\n<\/div>\n<\/div>\n","protected":false},"excerpt":{"rendered":"<p>Cuando trabaje con datos en Excel, es posible que necesite examinarlos m\u00e1s de cerca o tal vez desee examinar un conjunto de datos grande en su ventana de Excel. En este escenario, debe utilizar las opciones Acercar y Alejar. En este tutorial, veremos ambas opciones de zoom en detalle. Pasos para acercar y alejar la [&hellip;]<\/p>\n","protected":false},"author":1,"featured_media":0,"parent":0,"menu_order":0,"comment_status":"open","ping_status":"closed","template":"","meta":{"ub_ctt_via":"","footnotes":""},"class_list":["post-426","page","type-page","status-publish","hentry"],"featured_image_src":null,"yoast_head":"<!-- This site is optimized with the Yoast SEO plugin v25.4 - https:\/\/yoast.com\/wordpress\/plugins\/seo\/ -->\n<title>\u00bfc\u00f3mo acercar\/alejar en excel?<\/title>\n<meta name=\"robots\" content=\"index, follow, max-snippet:-1, max-image-preview:large, max-video-preview:-1\" \/>\n<link rel=\"canonical\" href=\"https:\/\/exceladvisor.org\/es\/zoom\/\" \/>\n<meta property=\"og:locale\" content=\"es_ES\" \/>\n<meta property=\"og:type\" content=\"article\" \/>\n<meta property=\"og:title\" content=\"\u00bfc\u00f3mo acercar\/alejar en excel?\" \/>\n<meta property=\"og:description\" content=\"Cuando trabaje con datos en Excel, es posible que necesite examinarlos m\u00e1s de cerca o tal vez desee examinar un conjunto de datos grande en su ventana de Excel. En este escenario, debe utilizar las opciones Acercar y Alejar. En este tutorial, veremos ambas opciones de zoom en detalle. Pasos para acercar y alejar la [&hellip;]\" \/>\n<meta property=\"og:url\" content=\"https:\/\/exceladvisor.org\/es\/zoom\/\" \/>\n<meta property=\"og:site_name\" content=\"Excel Advisor\" \/>\n<meta property=\"article:modified_time\" content=\"2023-12-25T10:22:42+00:00\" \/>\n<meta property=\"og:image\" content=\"https:\/\/exceladvisor.org\/wp-content\/uploads\/2023\/08\/1-onglet-de-vue.png\" \/>\n<meta name=\"twitter:card\" content=\"summary_large_image\" \/>\n<meta name=\"twitter:label1\" content=\"Tiempo de lectura\" \/>\n\t<meta name=\"twitter:data1\" content=\"3 minutos\" \/>\n<script type=\"application\/ld+json\" class=\"yoast-schema-graph\">{\"@context\":\"https:\/\/schema.org\",\"@graph\":[{\"@type\":\"WebPage\",\"@id\":\"https:\/\/exceladvisor.org\/es\/zoom\/\",\"url\":\"https:\/\/exceladvisor.org\/es\/zoom\/\",\"name\":\"\u00bfc\u00f3mo acercar\/alejar en excel?\",\"isPartOf\":{\"@id\":\"https:\/\/exceladvisor.org\/es\/#website\"},\"primaryImageOfPage\":{\"@id\":\"https:\/\/exceladvisor.org\/es\/zoom\/#primaryimage\"},\"image\":{\"@id\":\"https:\/\/exceladvisor.org\/es\/zoom\/#primaryimage\"},\"thumbnailUrl\":\"https:\/\/exceladvisor.org\/wp-content\/uploads\/2023\/08\/1-onglet-de-vue.png\",\"datePublished\":\"2023-10-29T07:33:14+00:00\",\"dateModified\":\"2023-12-25T10:22:42+00:00\",\"breadcrumb\":{\"@id\":\"https:\/\/exceladvisor.org\/es\/zoom\/#breadcrumb\"},\"inLanguage\":\"es\",\"potentialAction\":[{\"@type\":\"ReadAction\",\"target\":[\"https:\/\/exceladvisor.org\/es\/zoom\/\"]}]},{\"@type\":\"ImageObject\",\"inLanguage\":\"es\",\"@id\":\"https:\/\/exceladvisor.org\/es\/zoom\/#primaryimage\",\"url\":\"https:\/\/exceladvisor.org\/wp-content\/uploads\/2023\/08\/1-onglet-de-vue.png\",\"contentUrl\":\"https:\/\/exceladvisor.org\/wp-content\/uploads\/2023\/08\/1-onglet-de-vue.png\"},{\"@type\":\"BreadcrumbList\",\"@id\":\"https:\/\/exceladvisor.org\/es\/zoom\/#breadcrumb\",\"itemListElement\":[{\"@type\":\"ListItem\",\"position\":1,\"name\":\"Hogar\",\"item\":\"https:\/\/exceladvisor.org\/es\/\"},{\"@type\":\"ListItem\",\"position\":2,\"name\":\"\u00bfc\u00f3mo acercar\/alejar en excel?\"}]},{\"@type\":\"WebSite\",\"@id\":\"https:\/\/exceladvisor.org\/es\/#website\",\"url\":\"https:\/\/exceladvisor.org\/es\/\",\"name\":\"Excel Advisor\",\"description\":\"Su gu\u00eda para la dominaci\u00f3n de datos!\",\"publisher\":{\"@id\":\"https:\/\/exceladvisor.org\/es\/#organization\"},\"potentialAction\":[{\"@type\":\"SearchAction\",\"target\":{\"@type\":\"EntryPoint\",\"urlTemplate\":\"https:\/\/exceladvisor.org\/es\/?s={search_term_string}\"},\"query-input\":{\"@type\":\"PropertyValueSpecification\",\"valueRequired\":true,\"valueName\":\"search_term_string\"}}],\"inLanguage\":\"es\"},{\"@type\":\"Organization\",\"@id\":\"https:\/\/exceladvisor.org\/es\/#organization\",\"name\":\"Excel Advisor\",\"url\":\"https:\/\/exceladvisor.org\/es\/\",\"logo\":{\"@type\":\"ImageObject\",\"inLanguage\":\"es\",\"@id\":\"https:\/\/exceladvisor.org\/es\/#\/schema\/logo\/image\/\",\"url\":\"https:\/\/exceladvisor.org\/es\/wp-content\/uploads\/2023\/12\/exceladvisor.org_.png\",\"contentUrl\":\"https:\/\/exceladvisor.org\/es\/wp-content\/uploads\/2023\/12\/exceladvisor.org_.png\",\"width\":105,\"height\":36,\"caption\":\"Excel Advisor\"},\"image\":{\"@id\":\"https:\/\/exceladvisor.org\/es\/#\/schema\/logo\/image\/\"}}]}<\/script>\n<!-- \/ Yoast SEO plugin. -->","yoast_head_json":{"title":"\u00bfc\u00f3mo acercar\/alejar en excel?","robots":{"index":"index","follow":"follow","max-snippet":"max-snippet:-1","max-image-preview":"max-image-preview:large","max-video-preview":"max-video-preview:-1"},"canonical":"https:\/\/exceladvisor.org\/es\/zoom\/","og_locale":"es_ES","og_type":"article","og_title":"\u00bfc\u00f3mo acercar\/alejar en excel?","og_description":"Cuando trabaje con datos en Excel, es posible que necesite examinarlos m\u00e1s de cerca o tal vez desee examinar un conjunto de datos grande en su ventana de Excel. En este escenario, debe utilizar las opciones Acercar y Alejar. En este tutorial, veremos ambas opciones de zoom en detalle. Pasos para acercar y alejar la [&hellip;]","og_url":"https:\/\/exceladvisor.org\/es\/zoom\/","og_site_name":"Excel Advisor","article_modified_time":"2023-12-25T10:22:42+00:00","og_image":[{"url":"https:\/\/exceladvisor.org\/wp-content\/uploads\/2023\/08\/1-onglet-de-vue.png","type":"","width":"","height":""}],"twitter_card":"summary_large_image","twitter_misc":{"Tiempo de lectura":"3 minutos"},"schema":{"@context":"https:\/\/schema.org","@graph":[{"@type":"WebPage","@id":"https:\/\/exceladvisor.org\/es\/zoom\/","url":"https:\/\/exceladvisor.org\/es\/zoom\/","name":"\u00bfc\u00f3mo acercar\/alejar en excel?","isPartOf":{"@id":"https:\/\/exceladvisor.org\/es\/#website"},"primaryImageOfPage":{"@id":"https:\/\/exceladvisor.org\/es\/zoom\/#primaryimage"},"image":{"@id":"https:\/\/exceladvisor.org\/es\/zoom\/#primaryimage"},"thumbnailUrl":"https:\/\/exceladvisor.org\/wp-content\/uploads\/2023\/08\/1-onglet-de-vue.png","datePublished":"2023-10-29T07:33:14+00:00","dateModified":"2023-12-25T10:22:42+00:00","breadcrumb":{"@id":"https:\/\/exceladvisor.org\/es\/zoom\/#breadcrumb"},"inLanguage":"es","potentialAction":[{"@type":"ReadAction","target":["https:\/\/exceladvisor.org\/es\/zoom\/"]}]},{"@type":"ImageObject","inLanguage":"es","@id":"https:\/\/exceladvisor.org\/es\/zoom\/#primaryimage","url":"https:\/\/exceladvisor.org\/wp-content\/uploads\/2023\/08\/1-onglet-de-vue.png","contentUrl":"https:\/\/exceladvisor.org\/wp-content\/uploads\/2023\/08\/1-onglet-de-vue.png"},{"@type":"BreadcrumbList","@id":"https:\/\/exceladvisor.org\/es\/zoom\/#breadcrumb","itemListElement":[{"@type":"ListItem","position":1,"name":"Hogar","item":"https:\/\/exceladvisor.org\/es\/"},{"@type":"ListItem","position":2,"name":"\u00bfc\u00f3mo acercar\/alejar en excel?"}]},{"@type":"WebSite","@id":"https:\/\/exceladvisor.org\/es\/#website","url":"https:\/\/exceladvisor.org\/es\/","name":"Excel Advisor","description":"Su gu\u00eda para la dominaci\u00f3n de datos!","publisher":{"@id":"https:\/\/exceladvisor.org\/es\/#organization"},"potentialAction":[{"@type":"SearchAction","target":{"@type":"EntryPoint","urlTemplate":"https:\/\/exceladvisor.org\/es\/?s={search_term_string}"},"query-input":{"@type":"PropertyValueSpecification","valueRequired":true,"valueName":"search_term_string"}}],"inLanguage":"es"},{"@type":"Organization","@id":"https:\/\/exceladvisor.org\/es\/#organization","name":"Excel Advisor","url":"https:\/\/exceladvisor.org\/es\/","logo":{"@type":"ImageObject","inLanguage":"es","@id":"https:\/\/exceladvisor.org\/es\/#\/schema\/logo\/image\/","url":"https:\/\/exceladvisor.org\/es\/wp-content\/uploads\/2023\/12\/exceladvisor.org_.png","contentUrl":"https:\/\/exceladvisor.org\/es\/wp-content\/uploads\/2023\/12\/exceladvisor.org_.png","width":105,"height":36,"caption":"Excel Advisor"},"image":{"@id":"https:\/\/exceladvisor.org\/es\/#\/schema\/logo\/image\/"}}]}},"yoast_meta":{"yoast_wpseo_title":"","yoast_wpseo_metadesc":"","yoast_wpseo_canonical":""},"_links":{"self":[{"href":"https:\/\/exceladvisor.org\/es\/wp-json\/wp\/v2\/pages\/426","targetHints":{"allow":["GET"]}}],"collection":[{"href":"https:\/\/exceladvisor.org\/es\/wp-json\/wp\/v2\/pages"}],"about":[{"href":"https:\/\/exceladvisor.org\/es\/wp-json\/wp\/v2\/types\/page"}],"author":[{"embeddable":true,"href":"https:\/\/exceladvisor.org\/es\/wp-json\/wp\/v2\/users\/1"}],"replies":[{"embeddable":true,"href":"https:\/\/exceladvisor.org\/es\/wp-json\/wp\/v2\/comments?post=426"}],"version-history":[{"count":1,"href":"https:\/\/exceladvisor.org\/es\/wp-json\/wp\/v2\/pages\/426\/revisions"}],"predecessor-version":[{"id":784,"href":"https:\/\/exceladvisor.org\/es\/wp-json\/wp\/v2\/pages\/426\/revisions\/784"}],"wp:attachment":[{"href":"https:\/\/exceladvisor.org\/es\/wp-json\/wp\/v2\/media?parent=426"}],"curies":[{"name":"wp","href":"https:\/\/api.w.org\/{rel}","templated":true}]}}