{"id":428,"date":"2023-10-29T07:03:01","date_gmt":"2023-10-29T07:03:01","guid":{"rendered":"https:\/\/exceladvisor.org\/es\/reparar-archivo-excel-corrupto\/"},"modified":"2023-12-25T10:26:58","modified_gmt":"2023-12-25T10:26:58","slug":"reparar-archivo-excel-corrupto","status":"publish","type":"page","link":"https:\/\/exceladvisor.org\/es\/reparar-archivo-excel-corrupto\/","title":{"rendered":"\u00bfc\u00f3mo reparar un archivo de excel corrupto?"},"content":{"rendered":"<div class=\"excel-antes-del-contenido\" id=\"excel-2514340304\"><script type=\"text\/javascript\">\r\n\tatOptions = {\r\n\t\t'key' : 'c1158f160081d6540a8409e6925dab94',\r\n\t\t'format' : 'iframe',\r\n\t\t'height' : 250,\r\n\t\t'width' : 300,\r\n\t\t'params' : {}\r\n\t};\r\n<\/script>\r\n<script type=\"text\/javascript\" src=\"\/\/www.highperformanceformat.com\/c1158f160081d6540a8409e6925dab94\/invoke.js\"><\/script><\/div><p>Hay una cosa acerca de Microsoft Excel que a la mayor\u00eda de los usuarios de Excel no les gusta: puede corromperse en cualquier momento sin previo aviso. Estoy seguro de que puedes entender este problema. Hay varias formas de resolver este problema, pero hoy me gustar\u00eda compartir detalles sobre una herramienta.<\/p>\n<p> <a href=\"https:\/\/www.stellarinfo.com\/repair-excel-file.php\" target=\"_blank\" rel=\"nofollow noopener noreferrer\"><strong>Software de reparaci\u00f3n de Excel de Stellar<\/strong><\/a> <\/p>\n<div class=\"wp-block-image\">\n<figure class=\"aligncenter\"><img decoding=\"async\" title=\"reparaci\u00f3n de excel\" src=\"https:\/\/exceladvisor.org\/wp-content\/uploads\/2023\/08\/reparation-excel.png\" sizes=\"\" srcset=\"\" alt=\"excel repair\"><\/figure>\n<\/div>\n<p> No solo lo compartir\u00e9, sino que tambi\u00e9n lo revisar\u00e9 utilizando todas las funciones que le ayudar\u00e1n a decidir si puede confiar en \u00e9l para sus archivos de Excel. Entonces empecemos. <\/p>\n<div class=\"wp-block-image\">\n<figure class=\"aligncenter is-resized\"><img loading=\"lazy\" decoding=\"async\" title=\"reparar-archivo-excel-corrupto\" src=\"https:\/\/exceladvisor.org\/wp-content\/uploads\/2023\/08\/reparer-le-fichier-excel-corrompu-2.jpg\" sizes=\"auto, \" srcset=\"\" alt=\"fix corrupt excel file\" width=\"632\" height=\"421\"><\/figure>\n<\/div>\n<h2 class=\"wp-block-heading\"> <strong>como instalarlo<\/strong><\/h2>\n<p> Puede descargar una versi\u00f3n de prueba gratuita desde el sitio web de STELLAR. Una vez que lo hayas descargado, todo lo que tienes que hacer es instalarlo abriendo el archivo.<\/p>\n<h2 class=\"wp-block-heading\"> <strong>principales caracter\u00edsticas<\/strong><\/h2>\n<p> A continuaci\u00f3n se detallan algunas de las caracter\u00edsticas principales de Stellar Excel Repair:<\/p>\n<ol>\n<li> <strong>Corrige todos los errores de corrupci\u00f3n:<\/strong> puede haber varias razones por las que un archivo de Excel se corrompe y las soluciona todas.<\/li>\n<li> <strong>Recupera la mayor parte de la funcionalidad del libro:<\/strong> normalmente, tiene varios elementos en su libro, como gr\u00e1ficos, tablas din\u00e1micas y f\u00f3rmulas. Recopila todas estas cosas para ti.<\/li>\n<li> <strong>Proteger las propiedades del libro de trabajo:<\/strong> tambi\u00e9n conserva todas las propiedades de su libro de Excel, como el formato de celda.<\/li>\n<li> <strong>Funciona con todas las versiones de Excel:<\/strong> puede recuperar archivos de Excel para todas las versiones de Excel (2019, 2016, 2013, 2010, 2007, 2003 y 2000).<\/li>\n<li> <strong>Reparar varios archivos:<\/strong> si tiene varios archivos de Excel da\u00f1ados, puede repararlos todos de una sola vez.<\/li>\n<\/ol>\n<h2 class=\"wp-block-heading\"> <strong>C\u00f3mo reparar un archivo corrupto de Excel con Stellar Repair para Excel<\/strong><\/h2>\n<p> Para reparar su archivo corrupto de Excel con la aplicaci\u00f3n Stellar, debe seguir los pasos a continuaci\u00f3n.<\/p>\n<ul>\n<li> En primer lugar, abra la aplicaci\u00f3n Stellar Repair for Excel y haga clic en el bot\u00f3n de selecci\u00f3n de archivo. <\/li>\n<\/ul>\n<div class=\"wp-block-image\">\n<figure class=\"aligncenter is-resized\"><img loading=\"lazy\" decoding=\"async\" title=\"01-seleccionar-archivo-en-aplicaci\u00f3n-de-reparaci\u00f3n-estelar\" src=\"https:\/\/exceladvisor.org\/wp-content\/uploads\/2023\/08\/01-selectionnez-le-fichier-dans-lapplication-de-reparation-stellaire.png\" sizes=\"auto, \" srcset=\"\" alt=\"01-select-file-in-stellar-repair-application\" width=\"290\" height=\"130\"><\/figure>\n<\/div>\n<ul>\n<li> En la ventana de selecci\u00f3n de archivos, navegue hasta el archivo, selecci\u00f3nelo y haga clic en \u00abAbrir\u00bb para agregarlo a la lista de reparaci\u00f3n. <\/li>\n<\/ul>\n<div class=\"wp-block-image\">\n<figure class=\"aligncenter is-resized\"><img loading=\"lazy\" decoding=\"async\" title=\"02-abrir-archivo-con-di\u00e1logo-abrir-archivo\" src=\"https:\/\/exceladvisor.org\/wp-content\/uploads\/2023\/08\/02-ouvrir-le-fichier-avec-la-boite-de-dialogue-douverture-de-fichier.png\" sizes=\"auto, \" srcset=\"\" alt=\"02-open-the-file-with-open-file-dialogbox\" width=\"688\" height=\"339\"><\/figure>\n<\/div>\n<ul>\n<li> En este punto tienes un cuadro de di\u00e1logo donde puedes agregar otros archivos si lo deseas. (Como mencion\u00e9 anteriormente, puedes utilizar la reparaci\u00f3n de m\u00faltiples archivos con esta aplicaci\u00f3n). <\/li>\n<\/ul>\n<div class=\"wp-block-image\">\n<figure class=\"aligncenter is-resized\"><img loading=\"lazy\" decoding=\"async\" title=\"03-lista-de-archivos-para-reparar\" src=\"https:\/\/exceladvisor.org\/wp-content\/uploads\/2023\/08\/03-liste-des-fichiers-a-reparer.png\" sizes=\"auto, \" srcset=\"\" alt=\"03-list-of-files-to-repair\" width=\"543\" height=\"470\"><\/figure>\n<\/div>\n<ul>\n<li> Desde all\u00ed, haga clic en el bot\u00f3n Reparar para reparar el archivo. Se necesitan unos segundos para reparar su archivo. <\/li>\n<\/ul>\n<div class=\"wp-block-image\">\n<figure class=\"aligncenter is-resized\"><img loading=\"lazy\" decoding=\"async\" title=\"04-procesando-para-reparar-un-archivo-excel'\" src=\"https:\/\/exceladvisor.org\/wp-content\/uploads\/2023\/08\/04-traitement-pour-reparer-un-fichier-excel.png\" sizes=\"auto, \" srcset=\"\" alt=\"04-processing-to-repair-an-excel-file'\" width=\"446\" height=\"58\"><\/figure>\n<\/div>\n<ul>\n<li> Una vez terminado, podr\u00e1 ver el mensaje en el informe de registro. <\/li>\n<\/ul>\n<div class=\"wp-block-image\">\n<figure class=\"aligncenter is-resized\"><img loading=\"lazy\" decoding=\"async\" title=\"05-informe-de-registro-cuando-el-archivo-se-repara\" src=\"https:\/\/exceladvisor.org\/wp-content\/uploads\/2023\/08\/05-rapport-de-journal-lorsque-le-fichier-est-repare.png\" sizes=\"auto, \" srcset=\"\" alt=\"05-log-report-when-file-get-repaired\" width=\"396\" height=\"142\"><\/figure>\n<\/div>\n<ul>\n<li> Una vez terminado, podr\u00e1 ver el mensaje en el informe de registro.<\/li>\n<\/ul>\n<h2 class=\"wp-block-heading\"> <strong>\u00bfRealmente vale $39?<\/strong><\/h2>\n<p> Como dije, puedes descargar la versi\u00f3n de prueba GRATUITA desde el sitio web de STELLER y si quieres tener una versi\u00f3n completa, debes comprarla por $39. Ahora la pregunta es: <strong>\u00bfrealmente vale 39 d\u00f3lares?<\/strong> Recientemente, en Excel Advisor, les hicimos a nuestros lectores una pregunta r\u00e1pida si sus archivos de Excel alguna vez estuvieron da\u00f1ados. <\/p>\n<div class=\"wp-block-image\">\n<figure class=\"aligncenter\"><img decoding=\"async\" title=\"investigando archivos corruptos de Excel\" src=\"https:\/\/exceladvisor.org\/wp-content\/uploads\/2023\/08\/enquete-sur-les-fichiers-excel-corrompus.png\" sizes=\"\" srcset=\"\" alt=\"survey about corrupt excel files\"><\/figure>\n<\/div>\n<p> Bueno, el 50% de la gente dijo \u201cS\u00cd\u201d, lo solucionaron. Lo que intento se\u00f1alar es que, aunque puedes recuperar un archivo de Excel, todav\u00eda tienes miedo de perder datos. Pero con Stellar, puedes recuperar tu archivo Excel con todos los datos que tienes en \u00e9l. Esta es una GRAN GANANCIA.<\/p>\n<p> Y no olvides compartir esta publicaci\u00f3n con tus amigos, estoy segura que la disfrutar\u00e1n.<\/p>\n<div class=\"gb-container gb-container-4db6181c gb-container-mt\"> <a class=\"gb-button gb-button-c5897111 gb-button-text gb-button-mt-button\" href=\"https:\/\/exceladvisor.org\/es\/avance-de-excel\/\">Tutoriales avanzados de Excel<\/a><\/p>\n<h2 class=\"gb-headline gb-headline-665e5f6b gb-headline-text gb-headline-mt-heading\"> Tutoriales relacionados <\/h2>\n<div class=\"gb-grid-wrapper gb-grid-wrapper-a20baf7c gb-grid-wrapper-mt-grid\">\n<div class=\"gb-grid-column gb-grid-column-65ddf67e\">\n<div class=\"gb-container gb-container-65ddf67e\">\n<ul>\n<li> <a href=\"https:\/\/exceladvisor.org\/es\/recuperar-archivos-no-guardados\/\">Recuperar archivos de Excel no guardados cuando Excel falla<\/a><\/li>\n<li> <a href=\"https:\/\/exceladvisor.org\/es\/xlsx-a-csv\/\">Guarde el archivo de Excel (libro de trabajo) en formato CSV (XLSX A CSV)<\/a><\/li>\n<li> <a href=\"https:\/\/exceladvisor.org\/es\/ocultar-mostrar-libro-de-trabajo\/\">Ocultar y mostrar un libro en Excel<\/a> <\/li>\n<\/ul>\n<\/div>\n<\/div>\n<div class=\"gb-grid-column gb-grid-column-50067b57\">\n<div class=\"gb-container gb-container-50067b57\">\n<ul>\n<li> <a href=\"https:\/\/exceladvisor.org\/es\/copiar-libro-de-trabajo\/\">Haga una copia del libro de Excel (archivo)<\/a><\/li>\n<li> <a href=\"https:\/\/exceladvisor.org\/es\/abrir-archivo-de-texto\/\">Abrir un archivo de texto en Excel (.TXT)<\/a><\/li>\n<li> <a href=\"https:\/\/exceladvisor.org\/es\/guardar-archivo-excel-mac\/\">Guarde un archivo de Excel en Mac (libro de trabajo)<\/a><\/li>\n<\/ul>\n<\/div>\n<\/div>\n<\/div>\n<\/div>\n","protected":false},"excerpt":{"rendered":"<p>Hay una cosa acerca de Microsoft Excel que a la mayor\u00eda de los usuarios de Excel no les gusta: puede corromperse en cualquier momento sin previo aviso. Estoy seguro de que puedes entender este problema. Hay varias formas de resolver este problema, pero hoy me gustar\u00eda compartir detalles sobre una herramienta. Software de reparaci\u00f3n de [&hellip;]<\/p>\n","protected":false},"author":1,"featured_media":0,"parent":0,"menu_order":0,"comment_status":"open","ping_status":"closed","template":"","meta":{"ub_ctt_via":"","footnotes":""},"class_list":["post-428","page","type-page","status-publish","hentry"],"featured_image_src":null,"yoast_head":"<!-- This site is optimized with the Yoast SEO plugin v25.4 - https:\/\/yoast.com\/wordpress\/plugins\/seo\/ -->\n<title>\u00bfc\u00f3mo reparar un archivo de excel corrupto?<\/title>\n<meta name=\"robots\" content=\"index, follow, max-snippet:-1, max-image-preview:large, max-video-preview:-1\" \/>\n<link rel=\"canonical\" href=\"https:\/\/exceladvisor.org\/es\/reparar-archivo-excel-corrupto\/\" \/>\n<meta property=\"og:locale\" content=\"es_ES\" \/>\n<meta property=\"og:type\" content=\"article\" \/>\n<meta property=\"og:title\" content=\"\u00bfc\u00f3mo reparar un archivo de excel corrupto?\" \/>\n<meta property=\"og:description\" content=\"Hay una cosa acerca de Microsoft Excel que a la mayor\u00eda de los usuarios de Excel no les gusta: puede corromperse en cualquier momento sin previo aviso. Estoy seguro de que puedes entender este problema. Hay varias formas de resolver este problema, pero hoy me gustar\u00eda compartir detalles sobre una herramienta. Software de reparaci\u00f3n de [&hellip;]\" \/>\n<meta property=\"og:url\" content=\"https:\/\/exceladvisor.org\/es\/reparar-archivo-excel-corrupto\/\" \/>\n<meta property=\"og:site_name\" content=\"Excel Advisor\" \/>\n<meta property=\"article:modified_time\" content=\"2023-12-25T10:26:58+00:00\" \/>\n<meta property=\"og:image\" content=\"https:\/\/exceladvisor.org\/wp-content\/uploads\/2023\/08\/reparation-excel.png\" \/>\n<meta name=\"twitter:card\" content=\"summary_large_image\" \/>\n<meta name=\"twitter:label1\" content=\"Tiempo de lectura\" \/>\n\t<meta name=\"twitter:data1\" content=\"3 minutos\" \/>\n<script type=\"application\/ld+json\" class=\"yoast-schema-graph\">{\"@context\":\"https:\/\/schema.org\",\"@graph\":[{\"@type\":\"WebPage\",\"@id\":\"https:\/\/exceladvisor.org\/es\/reparar-archivo-excel-corrupto\/\",\"url\":\"https:\/\/exceladvisor.org\/es\/reparar-archivo-excel-corrupto\/\",\"name\":\"\u00bfc\u00f3mo reparar un archivo de excel corrupto?\",\"isPartOf\":{\"@id\":\"https:\/\/exceladvisor.org\/es\/#website\"},\"primaryImageOfPage\":{\"@id\":\"https:\/\/exceladvisor.org\/es\/reparar-archivo-excel-corrupto\/#primaryimage\"},\"image\":{\"@id\":\"https:\/\/exceladvisor.org\/es\/reparar-archivo-excel-corrupto\/#primaryimage\"},\"thumbnailUrl\":\"https:\/\/exceladvisor.org\/wp-content\/uploads\/2023\/08\/reparation-excel.png\",\"datePublished\":\"2023-10-29T07:03:01+00:00\",\"dateModified\":\"2023-12-25T10:26:58+00:00\",\"breadcrumb\":{\"@id\":\"https:\/\/exceladvisor.org\/es\/reparar-archivo-excel-corrupto\/#breadcrumb\"},\"inLanguage\":\"es\",\"potentialAction\":[{\"@type\":\"ReadAction\",\"target\":[\"https:\/\/exceladvisor.org\/es\/reparar-archivo-excel-corrupto\/\"]}]},{\"@type\":\"ImageObject\",\"inLanguage\":\"es\",\"@id\":\"https:\/\/exceladvisor.org\/es\/reparar-archivo-excel-corrupto\/#primaryimage\",\"url\":\"https:\/\/exceladvisor.org\/wp-content\/uploads\/2023\/08\/reparation-excel.png\",\"contentUrl\":\"https:\/\/exceladvisor.org\/wp-content\/uploads\/2023\/08\/reparation-excel.png\"},{\"@type\":\"BreadcrumbList\",\"@id\":\"https:\/\/exceladvisor.org\/es\/reparar-archivo-excel-corrupto\/#breadcrumb\",\"itemListElement\":[{\"@type\":\"ListItem\",\"position\":1,\"name\":\"Hogar\",\"item\":\"https:\/\/exceladvisor.org\/es\/\"},{\"@type\":\"ListItem\",\"position\":2,\"name\":\"\u00bfc\u00f3mo reparar un archivo de excel corrupto?\"}]},{\"@type\":\"WebSite\",\"@id\":\"https:\/\/exceladvisor.org\/es\/#website\",\"url\":\"https:\/\/exceladvisor.org\/es\/\",\"name\":\"Excel Advisor\",\"description\":\"Su gu\u00eda para la dominaci\u00f3n de datos!\",\"publisher\":{\"@id\":\"https:\/\/exceladvisor.org\/es\/#organization\"},\"potentialAction\":[{\"@type\":\"SearchAction\",\"target\":{\"@type\":\"EntryPoint\",\"urlTemplate\":\"https:\/\/exceladvisor.org\/es\/?s={search_term_string}\"},\"query-input\":{\"@type\":\"PropertyValueSpecification\",\"valueRequired\":true,\"valueName\":\"search_term_string\"}}],\"inLanguage\":\"es\"},{\"@type\":\"Organization\",\"@id\":\"https:\/\/exceladvisor.org\/es\/#organization\",\"name\":\"Excel Advisor\",\"url\":\"https:\/\/exceladvisor.org\/es\/\",\"logo\":{\"@type\":\"ImageObject\",\"inLanguage\":\"es\",\"@id\":\"https:\/\/exceladvisor.org\/es\/#\/schema\/logo\/image\/\",\"url\":\"https:\/\/exceladvisor.org\/es\/wp-content\/uploads\/2023\/12\/exceladvisor.org_.png\",\"contentUrl\":\"https:\/\/exceladvisor.org\/es\/wp-content\/uploads\/2023\/12\/exceladvisor.org_.png\",\"width\":105,\"height\":36,\"caption\":\"Excel Advisor\"},\"image\":{\"@id\":\"https:\/\/exceladvisor.org\/es\/#\/schema\/logo\/image\/\"}}]}<\/script>\n<!-- \/ Yoast SEO plugin. -->","yoast_head_json":{"title":"\u00bfc\u00f3mo reparar un archivo de excel corrupto?","robots":{"index":"index","follow":"follow","max-snippet":"max-snippet:-1","max-image-preview":"max-image-preview:large","max-video-preview":"max-video-preview:-1"},"canonical":"https:\/\/exceladvisor.org\/es\/reparar-archivo-excel-corrupto\/","og_locale":"es_ES","og_type":"article","og_title":"\u00bfc\u00f3mo reparar un archivo de excel corrupto?","og_description":"Hay una cosa acerca de Microsoft Excel que a la mayor\u00eda de los usuarios de Excel no les gusta: puede corromperse en cualquier momento sin previo aviso. Estoy seguro de que puedes entender este problema. Hay varias formas de resolver este problema, pero hoy me gustar\u00eda compartir detalles sobre una herramienta. Software de reparaci\u00f3n de [&hellip;]","og_url":"https:\/\/exceladvisor.org\/es\/reparar-archivo-excel-corrupto\/","og_site_name":"Excel Advisor","article_modified_time":"2023-12-25T10:26:58+00:00","og_image":[{"url":"https:\/\/exceladvisor.org\/wp-content\/uploads\/2023\/08\/reparation-excel.png","type":"","width":"","height":""}],"twitter_card":"summary_large_image","twitter_misc":{"Tiempo de lectura":"3 minutos"},"schema":{"@context":"https:\/\/schema.org","@graph":[{"@type":"WebPage","@id":"https:\/\/exceladvisor.org\/es\/reparar-archivo-excel-corrupto\/","url":"https:\/\/exceladvisor.org\/es\/reparar-archivo-excel-corrupto\/","name":"\u00bfc\u00f3mo reparar un archivo de excel corrupto?","isPartOf":{"@id":"https:\/\/exceladvisor.org\/es\/#website"},"primaryImageOfPage":{"@id":"https:\/\/exceladvisor.org\/es\/reparar-archivo-excel-corrupto\/#primaryimage"},"image":{"@id":"https:\/\/exceladvisor.org\/es\/reparar-archivo-excel-corrupto\/#primaryimage"},"thumbnailUrl":"https:\/\/exceladvisor.org\/wp-content\/uploads\/2023\/08\/reparation-excel.png","datePublished":"2023-10-29T07:03:01+00:00","dateModified":"2023-12-25T10:26:58+00:00","breadcrumb":{"@id":"https:\/\/exceladvisor.org\/es\/reparar-archivo-excel-corrupto\/#breadcrumb"},"inLanguage":"es","potentialAction":[{"@type":"ReadAction","target":["https:\/\/exceladvisor.org\/es\/reparar-archivo-excel-corrupto\/"]}]},{"@type":"ImageObject","inLanguage":"es","@id":"https:\/\/exceladvisor.org\/es\/reparar-archivo-excel-corrupto\/#primaryimage","url":"https:\/\/exceladvisor.org\/wp-content\/uploads\/2023\/08\/reparation-excel.png","contentUrl":"https:\/\/exceladvisor.org\/wp-content\/uploads\/2023\/08\/reparation-excel.png"},{"@type":"BreadcrumbList","@id":"https:\/\/exceladvisor.org\/es\/reparar-archivo-excel-corrupto\/#breadcrumb","itemListElement":[{"@type":"ListItem","position":1,"name":"Hogar","item":"https:\/\/exceladvisor.org\/es\/"},{"@type":"ListItem","position":2,"name":"\u00bfc\u00f3mo reparar un archivo de excel corrupto?"}]},{"@type":"WebSite","@id":"https:\/\/exceladvisor.org\/es\/#website","url":"https:\/\/exceladvisor.org\/es\/","name":"Excel Advisor","description":"Su gu\u00eda para la dominaci\u00f3n de datos!","publisher":{"@id":"https:\/\/exceladvisor.org\/es\/#organization"},"potentialAction":[{"@type":"SearchAction","target":{"@type":"EntryPoint","urlTemplate":"https:\/\/exceladvisor.org\/es\/?s={search_term_string}"},"query-input":{"@type":"PropertyValueSpecification","valueRequired":true,"valueName":"search_term_string"}}],"inLanguage":"es"},{"@type":"Organization","@id":"https:\/\/exceladvisor.org\/es\/#organization","name":"Excel Advisor","url":"https:\/\/exceladvisor.org\/es\/","logo":{"@type":"ImageObject","inLanguage":"es","@id":"https:\/\/exceladvisor.org\/es\/#\/schema\/logo\/image\/","url":"https:\/\/exceladvisor.org\/es\/wp-content\/uploads\/2023\/12\/exceladvisor.org_.png","contentUrl":"https:\/\/exceladvisor.org\/es\/wp-content\/uploads\/2023\/12\/exceladvisor.org_.png","width":105,"height":36,"caption":"Excel Advisor"},"image":{"@id":"https:\/\/exceladvisor.org\/es\/#\/schema\/logo\/image\/"}}]}},"yoast_meta":{"yoast_wpseo_title":"","yoast_wpseo_metadesc":"","yoast_wpseo_canonical":""},"_links":{"self":[{"href":"https:\/\/exceladvisor.org\/es\/wp-json\/wp\/v2\/pages\/428","targetHints":{"allow":["GET"]}}],"collection":[{"href":"https:\/\/exceladvisor.org\/es\/wp-json\/wp\/v2\/pages"}],"about":[{"href":"https:\/\/exceladvisor.org\/es\/wp-json\/wp\/v2\/types\/page"}],"author":[{"embeddable":true,"href":"https:\/\/exceladvisor.org\/es\/wp-json\/wp\/v2\/users\/1"}],"replies":[{"embeddable":true,"href":"https:\/\/exceladvisor.org\/es\/wp-json\/wp\/v2\/comments?post=428"}],"version-history":[{"count":1,"href":"https:\/\/exceladvisor.org\/es\/wp-json\/wp\/v2\/pages\/428\/revisions"}],"predecessor-version":[{"id":1172,"href":"https:\/\/exceladvisor.org\/es\/wp-json\/wp\/v2\/pages\/428\/revisions\/1172"}],"wp:attachment":[{"href":"https:\/\/exceladvisor.org\/es\/wp-json\/wp\/v2\/media?parent=428"}],"curies":[{"name":"wp","href":"https:\/\/api.w.org\/{rel}","templated":true}]}}