{"id":431,"date":"2023-10-29T06:25:17","date_gmt":"2023-10-29T06:25:17","guid":{"rendered":"https:\/\/exceladvisor.org\/es\/modo-seguro-de-excel\/"},"modified":"2023-12-25T10:22:35","modified_gmt":"2023-12-25T10:22:35","slug":"modo-seguro-de-excel","status":"publish","type":"page","link":"https:\/\/exceladvisor.org\/es\/modo-seguro-de-excel\/","title":{"rendered":"\u00bfc\u00f3mo abrir excel en modo seguro?"},"content":{"rendered":"<div class=\"excel-antes-del-contenido\" id=\"excel-3889676492\"><script type=\"text\/javascript\">\r\n\tatOptions = {\r\n\t\t'key' : 'c1158f160081d6540a8409e6925dab94',\r\n\t\t'format' : 'iframe',\r\n\t\t'height' : 250,\r\n\t\t'width' : 300,\r\n\t\t'params' : {}\r\n\t};\r\n<\/script>\r\n<script type=\"text\/javascript\" src=\"\/\/www.highperformanceformat.com\/c1158f160081d6540a8409e6925dab94\/invoke.js\"><\/script><\/div><p>Cuando abre Excel en modo seguro, le permite solucionar problemas del archivo. Es \u00fatil cuando un archivo de Excel falla al abrirlo, se bloquea cuando intenta calcularlo o cuando intenta guardarlo. El modo seguro te permite abrir un archivo con restricciones y puedes solucionarlo. <\/p>\n<div class=\"wp-block-image\">\n<figure class=\"aligncenter size-full is-resized\"><img loading=\"lazy\" decoding=\"async\" class=\"wp-image-75213\" src=\"https:\/\/exceladvisor.org\/wp-content\/uploads\/2023\/08\/1-ouvrir-le-mode-sans-echec-excel.png\" sizes=\"auto, \" srcset=\"\" alt=\"abrir-excel-modo-seguro\" width=\"535\" height=\"296\"><\/figure>\n<\/div>\n<h2 class=\"wp-block-heading\"> Pasos para abrir Excel en modo seguro<\/h2>\n<ol>\n<li> Primero, mantenga presionada la tecla Ctrl. <br \/><img loading=\"lazy\" decoding=\"async\" title=\"2 teclas de control\" src=\"https:\/\/exceladvisor.org\/wp-content\/uploads\/2023\/08\/2-touches-de-controle.png\" sizes=\"auto, \" srcset=\"\" alt=\"control-key\" width=\"115\" height=\"79\"><\/li>\n<li> Ahora, mientras mantiene presionada la tecla Ctrl, haga doble clic en el archivo de Excel que desea abrir en modo seguro. <br \/><img loading=\"lazy\" decoding=\"async\" title=\"3-doble clic en el archivo de Excel\" src=\"https:\/\/exceladvisor.org\/wp-content\/uploads\/2023\/08\/3-double-cliquez-sur-le-fichier-excel.png\" sizes=\"auto, \" srcset=\"\" alt=\"double-click-on-excel-file\" width=\"302\" height=\"206\"><\/li>\n<li> Desde all\u00ed, recibir\u00e1s un mensaje de Excel, ya sea que quieras abrirlo en modo seguro o no. <br \/><img loading=\"lazy\" decoding=\"async\" title=\"4 mensajes para abrir en modo seguro\" src=\"https:\/\/exceladvisor.org\/wp-content\/uploads\/2023\/08\/4-message-a-ouvrir-en-mode-sans-echec.png\" sizes=\"auto, \" srcset=\"\" alt=\"message-to-open-in-safe-mode\" width=\"430\" height=\"178\"><\/li>\n<li> Al final, tendr\u00e1 Excel abierto en modo seguro como se muestra a continuaci\u00f3n. <br \/><img loading=\"lazy\" decoding=\"async\" title=\"5-excel-abrir-en-modo-seguro\" src=\"https:\/\/exceladvisor.org\/wp-content\/uploads\/2023\/08\/5-excel-ouvert-en-mode-sans-echec.png\" sizes=\"auto, \" srcset=\"\" alt=\"excel-opened-in-safe-mode\" width=\"471\" height=\"295\"><\/li>\n<\/ol>\n<p> Cuando abres Excel en modo seguro, como dije, restringe muchas opciones que tienes en Excel en modo normal.<\/p>\n<h2 class=\"wp-block-heading\"> Abra Excel en modo seguro usando el modo comando<\/h2>\n<ol>\n<li> Primero, abra la barra de b\u00fasqueda de Windows y escriba \u00abejecutar\u00bb, luego haga clic en ejecutar para abrir la aplicaci\u00f3n \u00abEjecutar\u00bb. <br \/><img loading=\"lazy\" decoding=\"async\" title=\"6-abrir-ejecutar-aplicaci\u00f3n\" src=\"https:\/\/exceladvisor.org\/wp-content\/uploads\/2023\/08\/6-candidatures-ouvertes.png\" sizes=\"auto, \" srcset=\"\" alt=\"open-run-application\" width=\"516\" height=\"229\"><\/li>\n<li> Tambi\u00e9n puedes usar un atajo de teclado, Ventana + R para abrir \u00abEjecutar\u00bb.<\/li>\n<li> Ahora, en la barra de entrada \u00abAbrir\u00bb, ingrese \u00abexcel\/safe\u00bb. <br \/><img loading=\"lazy\" decoding=\"async\" title=\"7-entrar-exce-seguro\" src=\"https:\/\/exceladvisor.org\/wp-content\/uploads\/2023\/08\/7-entrez-dans-le-coffre-fort.png\" sizes=\"auto, \" srcset=\"\" alt=\"enter-excel-safe\" width=\"399\" height=\"237\"><\/li>\n<li> Tan pronto como haga clic en Aceptar, Excel se abre en modo seguro. <br \/><img loading=\"lazy\" decoding=\"async\" title=\"8-excel-en-modo-seguro-\" src=\"https:\/\/exceladvisor.org\/wp-content\/uploads\/2023\/08\/8-excel-en-mode-sans-echec.png\" sizes=\"auto, \" srcset=\"\" alt=\"excel-in-safe-mode\" width=\"450\" height=\"281\"><\/li>\n<\/ol>\n<h2 class=\"wp-block-heading\"> Crea un \u00edcono de Excel espec\u00edfico para abrirlo en modo seguro<\/h2>\n<p> Tambi\u00e9n puede especificar un \u00edcono para abrir Excel en modo seguro cuando lo desee.<\/p>\n<ol>\n<li> Primero, vaya a la aplicaci\u00f3n Excel desde el men\u00fa Inicio, haga clic derecho y abra la ubicaci\u00f3n del archivo. <br \/><img loading=\"lazy\" decoding=\"async\" title=\"9-ubicaci\u00f3n-de-archivo-abierto\" src=\"https:\/\/exceladvisor.org\/wp-content\/uploads\/2023\/08\/9-ouvrir-lemplacement-du-fichier.png\" sizes=\"auto, \" srcset=\"\" alt=\"open-file-location\" width=\"304\" height=\"348\"><\/li>\n<li> Ahora, en la ubicaci\u00f3n del archivo, encontrar\u00e1 un \u00edcono para la aplicaci\u00f3n Excel. <br \/><img loading=\"lazy\" decoding=\"async\" title=\"10-iconos-para-aplicaci\u00f3n-excel\" src=\"https:\/\/exceladvisor.org\/wp-content\/uploads\/2023\/08\/10-icone-pour-lapplication-excel.png\" sizes=\"auto, \" srcset=\"\" alt=\"icon-for-excel-application\" width=\"386\" height=\"90\"><\/li>\n<li> Copie este icono y p\u00e9guelo en su escritorio. <br \/><img loading=\"lazy\" decoding=\"async\" title=\"11-icono-copiar-pegar\" src=\"https:\/\/exceladvisor.org\/wp-content\/uploads\/2023\/08\/11-copier-et-coller-licone.png\" sizes=\"auto, \" srcset=\"\" alt=\"copy-and-paste-icon\" width=\"296\" height=\"250\"><\/li>\n<li> Ahora haga clic derecho en el icono y haga clic en propiedades. <br \/><img loading=\"lazy\" decoding=\"async\" title=\"Propiedades en 12 clics\" src=\"https:\/\/exceladvisor.org\/wp-content\/uploads\/2023\/08\/12-cliquez-sur-les-proprietes.png\" sizes=\"auto, \" srcset=\"\" alt=\"click-on-properties\" width=\"294\" height=\"324\"><\/li>\n<li> Desde all\u00ed, en Propiedades, vaya a la pesta\u00f1a Acceso directo y haga clic en la barra de entrada \u00abDestino\u00bb. <br \/><img loading=\"lazy\" decoding=\"async\" title=\"Barra de entrada de destino de 13 clics\" src=\"https:\/\/exceladvisor.org\/wp-content\/uploads\/2023\/08\/Barre-de-saisie-cible-a-13-clics.png\" sizes=\"auto, \" srcset=\"\" alt=\"click-target-input-bar\" width=\"377\" height=\"243\"><\/li>\n<li> Ahora, sin cambiar ning\u00fan valor, ve al final del valor e ingresa \u201cseguro\u201d. <br \/><img loading=\"lazy\" decoding=\"async\" title=\"14-ir-a-final-entrar-seguro\" src=\"https:\/\/exceladvisor.org\/wp-content\/uploads\/2023\/08\/14-aller-a-la-fin-entrer-en-toute-securite.png\" sizes=\"auto, \" srcset=\"\" alt=\"go-to-end-enter-safe\" width=\"450\" height=\"59\"><\/li>\n<li> Y, desde la pesta\u00f1a general, tambi\u00e9n podr\u00e1s cambiar el nombre de tu referencia. <br \/><img loading=\"lazy\" decoding=\"async\" title=\"15-pesta\u00f1a-general-para-cambiar-nombre\" src=\"https:\/\/exceladvisor.org\/wp-content\/uploads\/2023\/08\/15-onglet-general-pour-changer-de-nom.png\" sizes=\"auto, \" srcset=\"\" alt=\"general-tab-to-change-name\" width=\"379\" height=\"209\"><\/li>\n<li> Al final, haga clic en Aceptar.<\/li>\n<\/ol>\n<p> Ahora tiene un \u00edcono en su escritorio que puede usar para abrir Excel en modo seguro cuando lo desee. <\/p>\n<div class=\"wp-block-image\">\n<figure class=\"aligncenter size-full is-resized\"><img loading=\"lazy\" decoding=\"async\" class=\"wp-image-75228\" src=\"https:\/\/exceladvisor.org\/wp-content\/uploads\/2023\/08\/16-icone-sur-le-bureau.png\" sizes=\"auto, \" srcset=\"\" alt=\"icono en el escritorio\" width=\"301\" height=\"270\"><\/figure>\n<\/div>\n<div class=\"gb-container gb-container-4db6181c gb-container-mt\"> <a class=\"gb-button gb-button-c5897111 gb-button-text gb-button-mt-button\" href=\"https:\/\/exceladvisor.org\/es\/avance-de-excel\/\">Tutoriales avanzados de Excel<\/a><\/p>\n<h2 class=\"gb-headline gb-headline-665e5f6b gb-headline-text gb-headline-mt-heading\"> Tutoriales relacionados <\/h2>\n<div class=\"gb-grid-wrapper gb-grid-wrapper-a20baf7c gb-grid-wrapper-mt-grid\">\n<div class=\"gb-grid-column gb-grid-column-65ddf67e\">\n<div class=\"gb-container gb-container-65ddf67e\">\n<ul>\n<li> <a href=\"https:\/\/exceladvisor.org\/es\/herramienta-de-camara\/\">Herramienta de c\u00e1mara de Excel<\/a><\/li>\n<li> <a href=\"https:\/\/exceladvisor.org\/es\/buscar-objetivo\/\">Buscador de objetivos en Excel<\/a><\/li>\n<li> <a href=\"https:\/\/exceladvisor.org\/es\/ver-ventana\/\">Ventana de observaci\u00f3n en Excel<\/a><\/li>\n<li> <a href=\"https:\/\/exceladvisor.org\/es\/rebanador-de-excel\/\">Cortadora de Excel (gu\u00eda completa)<\/a><\/li>\n<li> <a href=\"https:\/\/exceladvisor.org\/es\/excel-por-defecto-en-mac\/\">Hacer que Excel sea el predeterminado en Mac<\/a><\/li>\n<\/ul>\n<\/div>\n<\/div>\n<\/div>\n<\/div>\n","protected":false},"excerpt":{"rendered":"<p>Cuando abre Excel en modo seguro, le permite solucionar problemas del archivo. Es \u00fatil cuando un archivo de Excel falla al abrirlo, se bloquea cuando intenta calcularlo o cuando intenta guardarlo. El modo seguro te permite abrir un archivo con restricciones y puedes solucionarlo. Pasos para abrir Excel en modo seguro Primero, mantenga presionada la [&hellip;]<\/p>\n","protected":false},"author":1,"featured_media":0,"parent":0,"menu_order":0,"comment_status":"open","ping_status":"closed","template":"","meta":{"ub_ctt_via":"","footnotes":""},"class_list":["post-431","page","type-page","status-publish","hentry"],"featured_image_src":null,"yoast_head":"<!-- This site is optimized with the Yoast SEO plugin v25.4 - https:\/\/yoast.com\/wordpress\/plugins\/seo\/ -->\n<title>\u00bfc\u00f3mo abrir excel en modo seguro?<\/title>\n<meta name=\"robots\" content=\"index, follow, max-snippet:-1, max-image-preview:large, max-video-preview:-1\" \/>\n<link rel=\"canonical\" href=\"https:\/\/exceladvisor.org\/es\/modo-seguro-de-excel\/\" \/>\n<meta property=\"og:locale\" content=\"es_ES\" \/>\n<meta property=\"og:type\" content=\"article\" \/>\n<meta property=\"og:title\" content=\"\u00bfc\u00f3mo abrir excel en modo seguro?\" \/>\n<meta property=\"og:description\" content=\"Cuando abre Excel en modo seguro, le permite solucionar problemas del archivo. Es \u00fatil cuando un archivo de Excel falla al abrirlo, se bloquea cuando intenta calcularlo o cuando intenta guardarlo. El modo seguro te permite abrir un archivo con restricciones y puedes solucionarlo. Pasos para abrir Excel en modo seguro Primero, mantenga presionada la [&hellip;]\" \/>\n<meta property=\"og:url\" content=\"https:\/\/exceladvisor.org\/es\/modo-seguro-de-excel\/\" \/>\n<meta property=\"og:site_name\" content=\"Excel Advisor\" \/>\n<meta property=\"article:modified_time\" content=\"2023-12-25T10:22:35+00:00\" \/>\n<meta property=\"og:image\" content=\"https:\/\/exceladvisor.org\/wp-content\/uploads\/2023\/08\/1-ouvrir-le-mode-sans-echec-excel.png\" \/>\n<meta name=\"twitter:card\" content=\"summary_large_image\" \/>\n<meta name=\"twitter:label1\" content=\"Tiempo de lectura\" \/>\n\t<meta name=\"twitter:data1\" content=\"2 minutos\" \/>\n<script type=\"application\/ld+json\" class=\"yoast-schema-graph\">{\"@context\":\"https:\/\/schema.org\",\"@graph\":[{\"@type\":\"WebPage\",\"@id\":\"https:\/\/exceladvisor.org\/es\/modo-seguro-de-excel\/\",\"url\":\"https:\/\/exceladvisor.org\/es\/modo-seguro-de-excel\/\",\"name\":\"\u00bfc\u00f3mo abrir excel en modo seguro?\",\"isPartOf\":{\"@id\":\"https:\/\/exceladvisor.org\/es\/#website\"},\"primaryImageOfPage\":{\"@id\":\"https:\/\/exceladvisor.org\/es\/modo-seguro-de-excel\/#primaryimage\"},\"image\":{\"@id\":\"https:\/\/exceladvisor.org\/es\/modo-seguro-de-excel\/#primaryimage\"},\"thumbnailUrl\":\"https:\/\/exceladvisor.org\/wp-content\/uploads\/2023\/08\/1-ouvrir-le-mode-sans-echec-excel.png\",\"datePublished\":\"2023-10-29T06:25:17+00:00\",\"dateModified\":\"2023-12-25T10:22:35+00:00\",\"breadcrumb\":{\"@id\":\"https:\/\/exceladvisor.org\/es\/modo-seguro-de-excel\/#breadcrumb\"},\"inLanguage\":\"es\",\"potentialAction\":[{\"@type\":\"ReadAction\",\"target\":[\"https:\/\/exceladvisor.org\/es\/modo-seguro-de-excel\/\"]}]},{\"@type\":\"ImageObject\",\"inLanguage\":\"es\",\"@id\":\"https:\/\/exceladvisor.org\/es\/modo-seguro-de-excel\/#primaryimage\",\"url\":\"https:\/\/exceladvisor.org\/wp-content\/uploads\/2023\/08\/1-ouvrir-le-mode-sans-echec-excel.png\",\"contentUrl\":\"https:\/\/exceladvisor.org\/wp-content\/uploads\/2023\/08\/1-ouvrir-le-mode-sans-echec-excel.png\"},{\"@type\":\"BreadcrumbList\",\"@id\":\"https:\/\/exceladvisor.org\/es\/modo-seguro-de-excel\/#breadcrumb\",\"itemListElement\":[{\"@type\":\"ListItem\",\"position\":1,\"name\":\"Hogar\",\"item\":\"https:\/\/exceladvisor.org\/es\/\"},{\"@type\":\"ListItem\",\"position\":2,\"name\":\"\u00bfc\u00f3mo abrir excel en modo seguro?\"}]},{\"@type\":\"WebSite\",\"@id\":\"https:\/\/exceladvisor.org\/es\/#website\",\"url\":\"https:\/\/exceladvisor.org\/es\/\",\"name\":\"Excel Advisor\",\"description\":\"Su gu\u00eda para la dominaci\u00f3n de datos!\",\"publisher\":{\"@id\":\"https:\/\/exceladvisor.org\/es\/#organization\"},\"potentialAction\":[{\"@type\":\"SearchAction\",\"target\":{\"@type\":\"EntryPoint\",\"urlTemplate\":\"https:\/\/exceladvisor.org\/es\/?s={search_term_string}\"},\"query-input\":{\"@type\":\"PropertyValueSpecification\",\"valueRequired\":true,\"valueName\":\"search_term_string\"}}],\"inLanguage\":\"es\"},{\"@type\":\"Organization\",\"@id\":\"https:\/\/exceladvisor.org\/es\/#organization\",\"name\":\"Excel Advisor\",\"url\":\"https:\/\/exceladvisor.org\/es\/\",\"logo\":{\"@type\":\"ImageObject\",\"inLanguage\":\"es\",\"@id\":\"https:\/\/exceladvisor.org\/es\/#\/schema\/logo\/image\/\",\"url\":\"https:\/\/exceladvisor.org\/es\/wp-content\/uploads\/2023\/12\/exceladvisor.org_.png\",\"contentUrl\":\"https:\/\/exceladvisor.org\/es\/wp-content\/uploads\/2023\/12\/exceladvisor.org_.png\",\"width\":105,\"height\":36,\"caption\":\"Excel Advisor\"},\"image\":{\"@id\":\"https:\/\/exceladvisor.org\/es\/#\/schema\/logo\/image\/\"}}]}<\/script>\n<!-- \/ Yoast SEO plugin. -->","yoast_head_json":{"title":"\u00bfc\u00f3mo abrir excel en modo seguro?","robots":{"index":"index","follow":"follow","max-snippet":"max-snippet:-1","max-image-preview":"max-image-preview:large","max-video-preview":"max-video-preview:-1"},"canonical":"https:\/\/exceladvisor.org\/es\/modo-seguro-de-excel\/","og_locale":"es_ES","og_type":"article","og_title":"\u00bfc\u00f3mo abrir excel en modo seguro?","og_description":"Cuando abre Excel en modo seguro, le permite solucionar problemas del archivo. Es \u00fatil cuando un archivo de Excel falla al abrirlo, se bloquea cuando intenta calcularlo o cuando intenta guardarlo. El modo seguro te permite abrir un archivo con restricciones y puedes solucionarlo. Pasos para abrir Excel en modo seguro Primero, mantenga presionada la [&hellip;]","og_url":"https:\/\/exceladvisor.org\/es\/modo-seguro-de-excel\/","og_site_name":"Excel Advisor","article_modified_time":"2023-12-25T10:22:35+00:00","og_image":[{"url":"https:\/\/exceladvisor.org\/wp-content\/uploads\/2023\/08\/1-ouvrir-le-mode-sans-echec-excel.png","type":"","width":"","height":""}],"twitter_card":"summary_large_image","twitter_misc":{"Tiempo de lectura":"2 minutos"},"schema":{"@context":"https:\/\/schema.org","@graph":[{"@type":"WebPage","@id":"https:\/\/exceladvisor.org\/es\/modo-seguro-de-excel\/","url":"https:\/\/exceladvisor.org\/es\/modo-seguro-de-excel\/","name":"\u00bfc\u00f3mo abrir excel en modo seguro?","isPartOf":{"@id":"https:\/\/exceladvisor.org\/es\/#website"},"primaryImageOfPage":{"@id":"https:\/\/exceladvisor.org\/es\/modo-seguro-de-excel\/#primaryimage"},"image":{"@id":"https:\/\/exceladvisor.org\/es\/modo-seguro-de-excel\/#primaryimage"},"thumbnailUrl":"https:\/\/exceladvisor.org\/wp-content\/uploads\/2023\/08\/1-ouvrir-le-mode-sans-echec-excel.png","datePublished":"2023-10-29T06:25:17+00:00","dateModified":"2023-12-25T10:22:35+00:00","breadcrumb":{"@id":"https:\/\/exceladvisor.org\/es\/modo-seguro-de-excel\/#breadcrumb"},"inLanguage":"es","potentialAction":[{"@type":"ReadAction","target":["https:\/\/exceladvisor.org\/es\/modo-seguro-de-excel\/"]}]},{"@type":"ImageObject","inLanguage":"es","@id":"https:\/\/exceladvisor.org\/es\/modo-seguro-de-excel\/#primaryimage","url":"https:\/\/exceladvisor.org\/wp-content\/uploads\/2023\/08\/1-ouvrir-le-mode-sans-echec-excel.png","contentUrl":"https:\/\/exceladvisor.org\/wp-content\/uploads\/2023\/08\/1-ouvrir-le-mode-sans-echec-excel.png"},{"@type":"BreadcrumbList","@id":"https:\/\/exceladvisor.org\/es\/modo-seguro-de-excel\/#breadcrumb","itemListElement":[{"@type":"ListItem","position":1,"name":"Hogar","item":"https:\/\/exceladvisor.org\/es\/"},{"@type":"ListItem","position":2,"name":"\u00bfc\u00f3mo abrir excel en modo seguro?"}]},{"@type":"WebSite","@id":"https:\/\/exceladvisor.org\/es\/#website","url":"https:\/\/exceladvisor.org\/es\/","name":"Excel Advisor","description":"Su gu\u00eda para la dominaci\u00f3n de datos!","publisher":{"@id":"https:\/\/exceladvisor.org\/es\/#organization"},"potentialAction":[{"@type":"SearchAction","target":{"@type":"EntryPoint","urlTemplate":"https:\/\/exceladvisor.org\/es\/?s={search_term_string}"},"query-input":{"@type":"PropertyValueSpecification","valueRequired":true,"valueName":"search_term_string"}}],"inLanguage":"es"},{"@type":"Organization","@id":"https:\/\/exceladvisor.org\/es\/#organization","name":"Excel Advisor","url":"https:\/\/exceladvisor.org\/es\/","logo":{"@type":"ImageObject","inLanguage":"es","@id":"https:\/\/exceladvisor.org\/es\/#\/schema\/logo\/image\/","url":"https:\/\/exceladvisor.org\/es\/wp-content\/uploads\/2023\/12\/exceladvisor.org_.png","contentUrl":"https:\/\/exceladvisor.org\/es\/wp-content\/uploads\/2023\/12\/exceladvisor.org_.png","width":105,"height":36,"caption":"Excel Advisor"},"image":{"@id":"https:\/\/exceladvisor.org\/es\/#\/schema\/logo\/image\/"}}]}},"yoast_meta":{"yoast_wpseo_title":"","yoast_wpseo_metadesc":"","yoast_wpseo_canonical":""},"_links":{"self":[{"href":"https:\/\/exceladvisor.org\/es\/wp-json\/wp\/v2\/pages\/431","targetHints":{"allow":["GET"]}}],"collection":[{"href":"https:\/\/exceladvisor.org\/es\/wp-json\/wp\/v2\/pages"}],"about":[{"href":"https:\/\/exceladvisor.org\/es\/wp-json\/wp\/v2\/types\/page"}],"author":[{"embeddable":true,"href":"https:\/\/exceladvisor.org\/es\/wp-json\/wp\/v2\/users\/1"}],"replies":[{"embeddable":true,"href":"https:\/\/exceladvisor.org\/es\/wp-json\/wp\/v2\/comments?post=431"}],"version-history":[{"count":1,"href":"https:\/\/exceladvisor.org\/es\/wp-json\/wp\/v2\/pages\/431\/revisions"}],"predecessor-version":[{"id":776,"href":"https:\/\/exceladvisor.org\/es\/wp-json\/wp\/v2\/pages\/431\/revisions\/776"}],"wp:attachment":[{"href":"https:\/\/exceladvisor.org\/es\/wp-json\/wp\/v2\/media?parent=431"}],"curies":[{"name":"wp","href":"https:\/\/api.w.org\/{rel}","templated":true}]}}