{"id":432,"date":"2023-10-29T06:14:20","date_gmt":"2023-10-29T06:14:20","guid":{"rendered":"https:\/\/exceladvisor.org\/es\/fuente-predeterminada\/"},"modified":"2023-12-25T10:32:04","modified_gmt":"2023-12-25T10:32:04","slug":"fuente-predeterminada","status":"publish","type":"page","link":"https:\/\/exceladvisor.org\/es\/fuente-predeterminada\/","title":{"rendered":"\u00bfcu\u00e1l es la fuente predeterminada en excel?"},"content":{"rendered":"<div class=\"excel-antes-del-contenido\" id=\"excel-1923064776\"><script type=\"text\/javascript\">\r\n\tatOptions = {\r\n\t\t'key' : 'c1158f160081d6540a8409e6925dab94',\r\n\t\t'format' : 'iframe',\r\n\t\t'height' : 250,\r\n\t\t'width' : 300,\r\n\t\t'params' : {}\r\n\t};\r\n<\/script>\r\n<script type=\"text\/javascript\" src=\"\/\/www.highperformanceformat.com\/c1158f160081d6540a8409e6925dab94\/invoke.js\"><\/script><\/div><p>Calibri es el estilo de fuente predeterminado en Excel con un tama\u00f1o de fuente de 11 y un color de fuente negro. Y si est\u00e1s usando Mac, tambi\u00e9n es Calibri con un tama\u00f1o de fuente de 11.<\/p>\n<p> Pero existe una opci\u00f3n en Excel para cambiar el estilo de fuente predeterminado si lo desea. Puede cambiarlo para el libro actual o cambiar la fuente predeterminada para toda la aplicaci\u00f3n. <\/p>\n<div class=\"wp-block-image\">\n<figure class=\"aligncenter size-full is-resized\"><img loading=\"lazy\" decoding=\"async\" class=\"wp-image-74874\" src=\"https:\/\/exceladvisor.org\/wp-content\/uploads\/2023\/08\/1-couleur-de-style-de-taille-de-police-par-defaut.png\" sizes=\"auto, \" srcset=\"\" alt=\"color de estilo de tama\u00f1o de fuente predeterminado\" width=\"494\" height=\"192\"><\/figure>\n<\/div>\n<p> En este tutorial, aprender\u00e1 c\u00f3mo cambiar la fuente predeterminada.<\/p>\n<h2 class=\"wp-block-heading\"> Cambiar la fuente predeterminada desde las opciones de Excel<\/h2>\n<ol>\n<li> Primero, haga clic en la pesta\u00f1a \u00abArchivo\u00bb. <br \/><img loading=\"lazy\" decoding=\"async\" title=\"pesta\u00f1a 2-ir-al-archivo\" src=\"https:\/\/exceladvisor.org\/wp-content\/uploads\/2023\/08\/2-aller-a-longlet-fichier.png\" sizes=\"auto, \" srcset=\"\" alt=\"go-to-file-tab\" width=\"387\" height=\"263\"><\/li>\n<li> Despu\u00e9s de eso, haga clic en \u00abOpciones de Excel\u00bb. <br \/><img loading=\"lazy\" decoding=\"async\" title=\"Opciones de Excel en 3 clics\" src=\"https:\/\/exceladvisor.org\/wp-content\/uploads\/2023\/08\/Options-Excel-en-3-clics.png\" sizes=\"auto, \" srcset=\"\" alt=\"click-excel-options\" width=\"333\" height=\"235\"><\/li>\n<li> Ahora, desde las opciones \u00abGeneral\u00bb, vaya a \u00abAl crear nuevos libros\u00bb. <br \/><img loading=\"lazy\" decoding=\"async\" title=\"4-pasos-para-crear-nuevas-carpetas\" src=\"https:\/\/exceladvisor.org\/wp-content\/uploads\/2023\/08\/4-aller-a-lors-de-la-creation-de-nouveaux-classeurs.png\" sizes=\"auto, \" srcset=\"\" alt=\"go-to-when-creating-new-workbooks\" width=\"521\" height=\"484\"><\/li>\n<li> Desde all\u00ed, seleccione la fuente en \u00abUsar esto como fuente predeterminada\u00bb. <br \/><img loading=\"lazy\" decoding=\"async\" title=\"5 fuentes seleccionadas\" src=\"https:\/\/exceladvisor.org\/wp-content\/uploads\/2023\/08\/5-selectionnez-la-police.png\" sizes=\"auto, \" srcset=\"\" alt=\"select-the-font\" width=\"484\" height=\"162\"><\/li>\n<li> A continuaci\u00f3n, cambie el tama\u00f1o del \u00abTama\u00f1o de fuente\u00bb. <br \/><img loading=\"lazy\" decoding=\"async\" title=\"6-cambiar-tama\u00f1o-de-fuente\" src=\"https:\/\/exceladvisor.org\/wp-content\/uploads\/2023\/08\/6-changer-la-taille-de-la-police.png\" sizes=\"auto, \" srcset=\"\" alt=\"change-size-of-font\" width=\"483\" height=\"165\"><\/li>\n<li> Al final, haga clic en Aceptar para guardar la configuraci\u00f3n y Excel le pedir\u00e1 que cierre y reinicie su aplicaci\u00f3n de Excel. <br \/><img loading=\"lazy\" decoding=\"async\" title=\"7-guardar-configuraciones\" src=\"https:\/\/exceladvisor.org\/wp-content\/uploads\/2023\/08\/7-enregistrer-les-parametres-2.png\" sizes=\"auto, \" srcset=\"\" alt=\"save-the-settings\" width=\"449\" height=\"163\"><\/li>\n<\/ol>\n<p> Y una vez que reinicie la aplicaci\u00f3n Excel, obtendr\u00e1 la nueva fuente predeterminada con cada nuevo libro que cree. <\/p>\n<div class=\"wp-block-image\">\n<figure class=\"aligncenter size-full is-resized\"><img loading=\"lazy\" decoding=\"async\" class=\"wp-image-74881\" src=\"https:\/\/exceladvisor.org\/wp-content\/uploads\/2023\/08\/8-nouvelles-polices-par-defaut.png\" sizes=\"auto, \" srcset=\"\" alt=\"nueva fuente predeterminada\" width=\"478\" height=\"296\"><\/figure>\n<\/div>\n<p> Este cambio en la configuraci\u00f3n no realizar\u00e1 ning\u00fan cambio en el archivo existente ya guardado.<\/p>\n<h2 class=\"wp-block-heading\"> Utilice temas de fuentes para m\u00faltiples fuentes predeterminadas<\/h2>\n<p> Si desea tener varias fuentes predeterminadas, puede crear un tema de fuente que puede ayudarlo a cambiar la fuente predeterminada cuando lo desee.<\/p>\n<ol>\n<li> Primero, vaya a Dise\u00f1o \u21e2 Tema \u21e2 Fuentes. <br \/><img loading=\"lazy\" decoding=\"async\" title=\"9 pesta\u00f1a de dise\u00f1o de ida y vuelta\" src=\"https:\/\/exceladvisor.org\/wp-content\/uploads\/2023\/08\/9-aller-a-longlet-mise-en-page.png\" sizes=\"auto, \" srcset=\"\" alt=\"go-to-page-layout-tab\" width=\"529\" height=\"136\"><\/li>\n<li> Ahora, haga clic en el men\u00fa desplegable Fuentes y haga clic en \u00abPersonalizar fuentes\u00bb. <br \/><img loading=\"lazy\" decoding=\"async\" title=\"Personaliza fuentes en 10 clics\" src=\"https:\/\/exceladvisor.org\/wp-content\/uploads\/2023\/08\/Personnalisez-les-polices-en-10-clics.png\" sizes=\"auto, \" srcset=\"\" alt=\"click-customize-fonts\" width=\"373\" height=\"293\"><\/li>\n<li> En \u00abCrear nuevas fuentes de tema\u00bb, especifique la fuente del cuerpo que desea utilizar. <br \/><img loading=\"lazy\" decoding=\"async\" title=\"11-crear-nuevas-fuentes-tem\u00e1ticas\" src=\"https:\/\/exceladvisor.org\/wp-content\/uploads\/2023\/08\/11-creer-de-nouvelles-polices-de-theme.png\" sizes=\"auto, \" srcset=\"\" alt=\"create-new-theme-fonts\" width=\"446\" height=\"172\"><\/li>\n<li> Al final, ingrese un nombre para el tema y haga clic en el bot\u00f3n \u00abGuardar\u00bb para guardar el tema de fuente.<\/li>\n<\/ol>\n<p> Puedes crear m\u00faltiples temas y cambiar la fuente predeterminada con solo un clic. <\/p>\n<div class=\"wp-block-image\">\n<figure class=\"aligncenter size-full is-resized\"><img loading=\"lazy\" decoding=\"async\" class=\"wp-image-74885\" src=\"https:\/\/exceladvisor.org\/wp-content\/uploads\/2023\/08\/12-creer-plusieurs-themes.png\" sizes=\"auto, \" srcset=\"\" alt=\"crear m\u00faltiples temas\" width=\"394\" height=\"365\"><\/figure>\n<\/div>\n<h2 class=\"wp-block-heading\"> Crea una plantilla con la fuente predeterminada<\/h2>\n<p> Si necesita cambiar la fuente predeterminada al crear algunos libros de trabajo espec\u00edficos, puede cambiar la fuente y guardarla como plantilla. Y, siempre que necesite tener esta fuente espec\u00edfica como predeterminada, puede crear un nuevo libro usando esta plantilla.<\/p>\n<ol>\n<li> Primero, cambie la fuente predeterminada siguiendo los pasos descritos anteriormente.<\/li>\n<li> Luego, vaya a la pesta\u00f1a \u00abArchivo\u00bb y use la opci\u00f3n Guardar como. <br \/><img loading=\"lazy\" decoding=\"async\" title=\"13 pesta\u00f1as ir al archivo\" src=\"https:\/\/exceladvisor.org\/wp-content\/uploads\/2023\/08\/13-aller-a-longlet-fichier.png\" sizes=\"auto, \" srcset=\"\" alt=\"go-to-file-tab\" width=\"360\" height=\"243\"><\/li>\n<li> Despu\u00e9s de eso, en \u00abGuardar como tipo\u00bb, seleccione \u00abPlantilla\u00bb. <br \/><img loading=\"lazy\" decoding=\"async\" title=\"14-seleccionar-guardar-como-tipo-plantilla\" src=\"https:\/\/exceladvisor.org\/wp-content\/uploads\/2023\/08\/14-selectionnez-enregistrer-en-tant-que-modele-de-type.png\" sizes=\"auto, \" srcset=\"\" alt=\"select-save-as-type-template\" width=\"314\" height=\"191\"><\/li>\n<li> Ahora, cuando selecciona \u00abPlantilla de Excel\u00bb, lo llevar\u00e1 a donde puede guardar plantillas personalizadas de Office. <br \/><img loading=\"lazy\" decoding=\"async\" title=\"15 Seleccionar plantilla de Excel\" src=\"https:\/\/exceladvisor.org\/wp-content\/uploads\/2023\/08\/15-selectionner-un-modele-Excel.png\" sizes=\"auto, \" srcset=\"\" alt=\"select-excel-template\" width=\"720\" height=\"67\"><\/li>\n<li> Al final, asigne un nombre a la plantilla y haga clic en el bot\u00f3n Guardar. <br \/><img loading=\"lazy\" decoding=\"async\" title=\"16-dale-un-nombre-a-la-plantilla\" src=\"https:\/\/exceladvisor.org\/wp-content\/uploads\/2023\/08\/16-donner-un-nom-au-modele.png\" sizes=\"auto, \" srcset=\"\" alt=\"give-name-to-template\" width=\"575\" height=\"271\"><\/li>\n<\/ol>\n<p> Ahora, cuando necesites usarlo, simplemente \u00e1brelo y gu\u00e1rdalo nuevamente como un archivo nuevo. No es necesario cambiar el estilo ni el tama\u00f1o de fuente en absoluto.<\/p>\n<div class=\"gb-container gb-container-4db6181c gb-container-mt\"> <a class=\"gb-button gb-button-c5897111 gb-button-text gb-button-mt-button\" href=\"https:\/\/exceladvisor.org\/es\/avance-de-excel\/\">Tutoriales avanzados de Excel<\/a><\/p>\n<h2 class=\"gb-headline gb-headline-665e5f6b gb-headline-text gb-headline-mt-heading\"> Tutoriales relacionados <\/h2>\n<div class=\"gb-grid-wrapper gb-grid-wrapper-a20baf7c gb-grid-wrapper-mt-grid\">\n<div class=\"gb-grid-column gb-grid-column-50067b57\">\n<div class=\"gb-container gb-container-50067b57\">\n<ul>\n<li> <a href=\"https:\/\/exceladvisor.org\/es\/hacer-las-celulas-mas-grandes\/\">Ampliar celdas en Excel<\/a><\/li>\n<li> <a href=\"https:\/\/exceladvisor.org\/es\/eliminar-guiones\/\">Eliminar guiones en Excel<\/a><\/li>\n<li> <a href=\"https:\/\/exceladvisor.org\/es\/encontrar-celdas-fusionadas\/\">Encuentra celdas combinadas en Excel<\/a><\/li>\n<li> <a href=\"https:\/\/exceladvisor.org\/es\/bloquear-celdas-1\/\">Bloquear celdas en Excel<\/a><\/li>\n<li> <a href=\"https:\/\/exceladvisor.org\/es\/encontrar-rango-de-nombres\/\">Encuentre una variedad de nombres en Excel<\/a><\/li>\n<\/ul>\n<\/div>\n<\/div>\n<\/div>\n<\/div>\n","protected":false},"excerpt":{"rendered":"<p>Calibri es el estilo de fuente predeterminado en Excel con un tama\u00f1o de fuente de 11 y un color de fuente negro. Y si est\u00e1s usando Mac, tambi\u00e9n es Calibri con un tama\u00f1o de fuente de 11. Pero existe una opci\u00f3n en Excel para cambiar el estilo de fuente predeterminado si lo desea. Puede cambiarlo [&hellip;]<\/p>\n","protected":false},"author":1,"featured_media":0,"parent":0,"menu_order":0,"comment_status":"open","ping_status":"closed","template":"","meta":{"ub_ctt_via":"","footnotes":""},"class_list":["post-432","page","type-page","status-publish","hentry"],"featured_image_src":null,"yoast_head":"<!-- This site is optimized with the Yoast SEO plugin v25.4 - https:\/\/yoast.com\/wordpress\/plugins\/seo\/ -->\n<title>\u00bfcu\u00e1l es la fuente predeterminada en excel?<\/title>\n<meta name=\"robots\" content=\"index, follow, max-snippet:-1, max-image-preview:large, max-video-preview:-1\" \/>\n<link rel=\"canonical\" href=\"https:\/\/exceladvisor.org\/es\/fuente-predeterminada\/\" \/>\n<meta property=\"og:locale\" content=\"es_ES\" \/>\n<meta property=\"og:type\" content=\"article\" \/>\n<meta property=\"og:title\" content=\"\u00bfcu\u00e1l es la fuente predeterminada en excel?\" \/>\n<meta property=\"og:description\" content=\"Calibri es el estilo de fuente predeterminado en Excel con un tama\u00f1o de fuente de 11 y un color de fuente negro. Y si est\u00e1s usando Mac, tambi\u00e9n es Calibri con un tama\u00f1o de fuente de 11. Pero existe una opci\u00f3n en Excel para cambiar el estilo de fuente predeterminado si lo desea. Puede cambiarlo [&hellip;]\" \/>\n<meta property=\"og:url\" content=\"https:\/\/exceladvisor.org\/es\/fuente-predeterminada\/\" \/>\n<meta property=\"og:site_name\" content=\"Excel Advisor\" \/>\n<meta property=\"article:modified_time\" content=\"2023-12-25T10:32:04+00:00\" \/>\n<meta property=\"og:image\" content=\"https:\/\/exceladvisor.org\/wp-content\/uploads\/2023\/08\/1-couleur-de-style-de-taille-de-police-par-defaut.png\" \/>\n<meta name=\"twitter:card\" content=\"summary_large_image\" \/>\n<meta name=\"twitter:label1\" content=\"Tiempo de lectura\" \/>\n\t<meta name=\"twitter:data1\" content=\"2 minutos\" \/>\n<script type=\"application\/ld+json\" class=\"yoast-schema-graph\">{\"@context\":\"https:\/\/schema.org\",\"@graph\":[{\"@type\":\"WebPage\",\"@id\":\"https:\/\/exceladvisor.org\/es\/fuente-predeterminada\/\",\"url\":\"https:\/\/exceladvisor.org\/es\/fuente-predeterminada\/\",\"name\":\"\u00bfcu\u00e1l es la fuente predeterminada en excel?\",\"isPartOf\":{\"@id\":\"https:\/\/exceladvisor.org\/es\/#website\"},\"primaryImageOfPage\":{\"@id\":\"https:\/\/exceladvisor.org\/es\/fuente-predeterminada\/#primaryimage\"},\"image\":{\"@id\":\"https:\/\/exceladvisor.org\/es\/fuente-predeterminada\/#primaryimage\"},\"thumbnailUrl\":\"https:\/\/exceladvisor.org\/wp-content\/uploads\/2023\/08\/1-couleur-de-style-de-taille-de-police-par-defaut.png\",\"datePublished\":\"2023-10-29T06:14:20+00:00\",\"dateModified\":\"2023-12-25T10:32:04+00:00\",\"breadcrumb\":{\"@id\":\"https:\/\/exceladvisor.org\/es\/fuente-predeterminada\/#breadcrumb\"},\"inLanguage\":\"es\",\"potentialAction\":[{\"@type\":\"ReadAction\",\"target\":[\"https:\/\/exceladvisor.org\/es\/fuente-predeterminada\/\"]}]},{\"@type\":\"ImageObject\",\"inLanguage\":\"es\",\"@id\":\"https:\/\/exceladvisor.org\/es\/fuente-predeterminada\/#primaryimage\",\"url\":\"https:\/\/exceladvisor.org\/wp-content\/uploads\/2023\/08\/1-couleur-de-style-de-taille-de-police-par-defaut.png\",\"contentUrl\":\"https:\/\/exceladvisor.org\/wp-content\/uploads\/2023\/08\/1-couleur-de-style-de-taille-de-police-par-defaut.png\"},{\"@type\":\"BreadcrumbList\",\"@id\":\"https:\/\/exceladvisor.org\/es\/fuente-predeterminada\/#breadcrumb\",\"itemListElement\":[{\"@type\":\"ListItem\",\"position\":1,\"name\":\"Hogar\",\"item\":\"https:\/\/exceladvisor.org\/es\/\"},{\"@type\":\"ListItem\",\"position\":2,\"name\":\"\u00bfcu\u00e1l es la fuente predeterminada en excel?\"}]},{\"@type\":\"WebSite\",\"@id\":\"https:\/\/exceladvisor.org\/es\/#website\",\"url\":\"https:\/\/exceladvisor.org\/es\/\",\"name\":\"Excel Advisor\",\"description\":\"Su gu\u00eda para la dominaci\u00f3n de datos!\",\"publisher\":{\"@id\":\"https:\/\/exceladvisor.org\/es\/#organization\"},\"potentialAction\":[{\"@type\":\"SearchAction\",\"target\":{\"@type\":\"EntryPoint\",\"urlTemplate\":\"https:\/\/exceladvisor.org\/es\/?s={search_term_string}\"},\"query-input\":{\"@type\":\"PropertyValueSpecification\",\"valueRequired\":true,\"valueName\":\"search_term_string\"}}],\"inLanguage\":\"es\"},{\"@type\":\"Organization\",\"@id\":\"https:\/\/exceladvisor.org\/es\/#organization\",\"name\":\"Excel Advisor\",\"url\":\"https:\/\/exceladvisor.org\/es\/\",\"logo\":{\"@type\":\"ImageObject\",\"inLanguage\":\"es\",\"@id\":\"https:\/\/exceladvisor.org\/es\/#\/schema\/logo\/image\/\",\"url\":\"https:\/\/exceladvisor.org\/es\/wp-content\/uploads\/2023\/12\/exceladvisor.org_.png\",\"contentUrl\":\"https:\/\/exceladvisor.org\/es\/wp-content\/uploads\/2023\/12\/exceladvisor.org_.png\",\"width\":105,\"height\":36,\"caption\":\"Excel Advisor\"},\"image\":{\"@id\":\"https:\/\/exceladvisor.org\/es\/#\/schema\/logo\/image\/\"}}]}<\/script>\n<!-- \/ Yoast SEO plugin. -->","yoast_head_json":{"title":"\u00bfcu\u00e1l es la fuente predeterminada en excel?","robots":{"index":"index","follow":"follow","max-snippet":"max-snippet:-1","max-image-preview":"max-image-preview:large","max-video-preview":"max-video-preview:-1"},"canonical":"https:\/\/exceladvisor.org\/es\/fuente-predeterminada\/","og_locale":"es_ES","og_type":"article","og_title":"\u00bfcu\u00e1l es la fuente predeterminada en excel?","og_description":"Calibri es el estilo de fuente predeterminado en Excel con un tama\u00f1o de fuente de 11 y un color de fuente negro. Y si est\u00e1s usando Mac, tambi\u00e9n es Calibri con un tama\u00f1o de fuente de 11. Pero existe una opci\u00f3n en Excel para cambiar el estilo de fuente predeterminado si lo desea. Puede cambiarlo [&hellip;]","og_url":"https:\/\/exceladvisor.org\/es\/fuente-predeterminada\/","og_site_name":"Excel Advisor","article_modified_time":"2023-12-25T10:32:04+00:00","og_image":[{"url":"https:\/\/exceladvisor.org\/wp-content\/uploads\/2023\/08\/1-couleur-de-style-de-taille-de-police-par-defaut.png","type":"","width":"","height":""}],"twitter_card":"summary_large_image","twitter_misc":{"Tiempo de lectura":"2 minutos"},"schema":{"@context":"https:\/\/schema.org","@graph":[{"@type":"WebPage","@id":"https:\/\/exceladvisor.org\/es\/fuente-predeterminada\/","url":"https:\/\/exceladvisor.org\/es\/fuente-predeterminada\/","name":"\u00bfcu\u00e1l es la fuente predeterminada en excel?","isPartOf":{"@id":"https:\/\/exceladvisor.org\/es\/#website"},"primaryImageOfPage":{"@id":"https:\/\/exceladvisor.org\/es\/fuente-predeterminada\/#primaryimage"},"image":{"@id":"https:\/\/exceladvisor.org\/es\/fuente-predeterminada\/#primaryimage"},"thumbnailUrl":"https:\/\/exceladvisor.org\/wp-content\/uploads\/2023\/08\/1-couleur-de-style-de-taille-de-police-par-defaut.png","datePublished":"2023-10-29T06:14:20+00:00","dateModified":"2023-12-25T10:32:04+00:00","breadcrumb":{"@id":"https:\/\/exceladvisor.org\/es\/fuente-predeterminada\/#breadcrumb"},"inLanguage":"es","potentialAction":[{"@type":"ReadAction","target":["https:\/\/exceladvisor.org\/es\/fuente-predeterminada\/"]}]},{"@type":"ImageObject","inLanguage":"es","@id":"https:\/\/exceladvisor.org\/es\/fuente-predeterminada\/#primaryimage","url":"https:\/\/exceladvisor.org\/wp-content\/uploads\/2023\/08\/1-couleur-de-style-de-taille-de-police-par-defaut.png","contentUrl":"https:\/\/exceladvisor.org\/wp-content\/uploads\/2023\/08\/1-couleur-de-style-de-taille-de-police-par-defaut.png"},{"@type":"BreadcrumbList","@id":"https:\/\/exceladvisor.org\/es\/fuente-predeterminada\/#breadcrumb","itemListElement":[{"@type":"ListItem","position":1,"name":"Hogar","item":"https:\/\/exceladvisor.org\/es\/"},{"@type":"ListItem","position":2,"name":"\u00bfcu\u00e1l es la fuente predeterminada en excel?"}]},{"@type":"WebSite","@id":"https:\/\/exceladvisor.org\/es\/#website","url":"https:\/\/exceladvisor.org\/es\/","name":"Excel Advisor","description":"Su gu\u00eda para la dominaci\u00f3n de datos!","publisher":{"@id":"https:\/\/exceladvisor.org\/es\/#organization"},"potentialAction":[{"@type":"SearchAction","target":{"@type":"EntryPoint","urlTemplate":"https:\/\/exceladvisor.org\/es\/?s={search_term_string}"},"query-input":{"@type":"PropertyValueSpecification","valueRequired":true,"valueName":"search_term_string"}}],"inLanguage":"es"},{"@type":"Organization","@id":"https:\/\/exceladvisor.org\/es\/#organization","name":"Excel Advisor","url":"https:\/\/exceladvisor.org\/es\/","logo":{"@type":"ImageObject","inLanguage":"es","@id":"https:\/\/exceladvisor.org\/es\/#\/schema\/logo\/image\/","url":"https:\/\/exceladvisor.org\/es\/wp-content\/uploads\/2023\/12\/exceladvisor.org_.png","contentUrl":"https:\/\/exceladvisor.org\/es\/wp-content\/uploads\/2023\/12\/exceladvisor.org_.png","width":105,"height":36,"caption":"Excel Advisor"},"image":{"@id":"https:\/\/exceladvisor.org\/es\/#\/schema\/logo\/image\/"}}]}},"yoast_meta":{"yoast_wpseo_title":"","yoast_wpseo_metadesc":"","yoast_wpseo_canonical":""},"_links":{"self":[{"href":"https:\/\/exceladvisor.org\/es\/wp-json\/wp\/v2\/pages\/432","targetHints":{"allow":["GET"]}}],"collection":[{"href":"https:\/\/exceladvisor.org\/es\/wp-json\/wp\/v2\/pages"}],"about":[{"href":"https:\/\/exceladvisor.org\/es\/wp-json\/wp\/v2\/types\/page"}],"author":[{"embeddable":true,"href":"https:\/\/exceladvisor.org\/es\/wp-json\/wp\/v2\/users\/1"}],"replies":[{"embeddable":true,"href":"https:\/\/exceladvisor.org\/es\/wp-json\/wp\/v2\/comments?post=432"}],"version-history":[{"count":1,"href":"https:\/\/exceladvisor.org\/es\/wp-json\/wp\/v2\/pages\/432\/revisions"}],"predecessor-version":[{"id":1397,"href":"https:\/\/exceladvisor.org\/es\/wp-json\/wp\/v2\/pages\/432\/revisions\/1397"}],"wp:attachment":[{"href":"https:\/\/exceladvisor.org\/es\/wp-json\/wp\/v2\/media?parent=432"}],"curies":[{"name":"wp","href":"https:\/\/api.w.org\/{rel}","templated":true}]}}