{"id":433,"date":"2023-10-29T06:05:26","date_gmt":"2023-10-29T06:05:26","guid":{"rendered":"https:\/\/exceladvisor.org\/es\/excel-por-defecto-en-mac\/"},"modified":"2023-12-25T10:25:35","modified_gmt":"2023-12-25T10:25:35","slug":"excel-por-defecto-en-mac","status":"publish","type":"page","link":"https:\/\/exceladvisor.org\/es\/excel-por-defecto-en-mac\/","title":{"rendered":"\u00bfc\u00f3mo hacer que excel sea predeterminado en mac?"},"content":{"rendered":"<div class=\"excel-antes-del-contenido\" id=\"excel-3513902129\"><script type=\"text\/javascript\">\r\n\tatOptions = {\r\n\t\t'key' : 'c1158f160081d6540a8409e6925dab94',\r\n\t\t'format' : 'iframe',\r\n\t\t'height' : 250,\r\n\t\t'width' : 300,\r\n\t\t'params' : {}\r\n\t};\r\n<\/script>\r\n<script type=\"text\/javascript\" src=\"\/\/www.highperformanceformat.com\/c1158f160081d6540a8409e6925dab94\/invoke.js\"><\/script><\/div><p>En Mac, si Microsoft Excel est\u00e1 instalado, no es necesario configurarlo como predeterminado porque es la aplicaci\u00f3n predeterminada para abrir archivos de hojas de c\u00e1lculo en formato xlsx. Pero, si a\u00fan tiene problemas al abrir estos archivos con Excel, en este pr\u00f3ximo tutorial, he compartido pasos simples para configurar Excel como predeterminado en Mac.<\/p>\n<h2 class=\"wp-block-heading\"> Pasos para hacer que Excel sea el predeterminado en Mac<\/h2>\n<ol>\n<li> Primero, aseg\u00farese de tener un libro de Excel en formato xlsx. <br \/><img loading=\"lazy\" decoding=\"async\" title=\"1-excel-a-xlsx\" src=\"https:\/\/exceladvisor.org\/wp-content\/uploads\/2023\/08\/1-excel-en-xlsx.png\" sizes=\"auto, \" srcset=\"\" alt=\"excel-in-xlsx\" width=\"261\" height=\"240\"><\/li>\n<li> Despu\u00e9s de eso, haga clic derecho sobre \u00e9l y haga clic en la opci\u00f3n \u00abObtener informaci\u00f3n\u00bb. <br \/><img loading=\"lazy\" decoding=\"async\" title=\"2-opci\u00f3n-obtener-informaci\u00f3n\" src=\"https:\/\/exceladvisor.org\/wp-content\/uploads\/2023\/08\/2-obtenir-loption-dinformations.png\" sizes=\"auto, \" srcset=\"\" alt=\"get-info-option\" width=\"333\" height=\"348\"><\/li>\n<li> Luego, en el cuadro de di\u00e1logo \u00abInformaci\u00f3n\u00bb, vaya al men\u00fa desplegable \u00abAbrir\u00bb y seleccione Microsoft Excel en el men\u00fa desplegable. <br \/><img loading=\"lazy\" decoding=\"async\" title=\"3-seleccione-microsoft-excel\" src=\"https:\/\/exceladvisor.org\/wp-content\/uploads\/2023\/08\/3-selectionnez-microsoft-excel.png\" sizes=\"auto, \" srcset=\"\" alt=\"select-microsoft-excel\" width=\"333\" height=\"440\"><\/li>\n<li> Desde all\u00ed, haga clic en el bot\u00f3n \u00abCambiar todo\u00bb para aplicar esta configuraci\u00f3n a todos los archivos. <br \/><img loading=\"lazy\" decoding=\"async\" title=\"Bot\u00f3n de 4 clics para cambiar todo\" src=\"https:\/\/exceladvisor.org\/wp-content\/uploads\/2023\/08\/4-cliquez-sur-le-bouton-tout-modifier.png\" sizes=\"auto, \" srcset=\"\" alt=\"click-change-all-button\" width=\"362\" height=\"155\"><\/li>\n<li> Ahora haga clic en \u00abContinuar\u00bb para aplicar. <br \/><img loading=\"lazy\" decoding=\"async\" title=\"5-clic-continuar\" src=\"https:\/\/exceladvisor.org\/wp-content\/uploads\/2023\/08\/5-clic-continuer.png\" sizes=\"auto, \" srcset=\"\" alt=\"click-continue\" width=\"282\" height=\"278\"><\/li>\n<li> Al final, cierre el cuadro de di\u00e1logo \u00abInformaci\u00f3n\u00bb.<\/li>\n<\/ol>\n<p> Ahora, cada vez que abra un archivo con la misma extensi\u00f3n, se abrir\u00e1 con Microsoft Excel.<\/p>\n<h2 class=\"wp-block-heading\"> Excel por defecto para otros formatos<\/h2>\n<p> Si tiene otros formatos como (CSV, XLSB y otros) y desea utilizar Excel, utilice estos archivos. <\/p>\n<div class=\"wp-block-image\">\n<figure class=\"aligncenter size-full is-resized\"><img loading=\"lazy\" decoding=\"async\" class=\"wp-image-74932\" src=\"https:\/\/exceladvisor.org\/wp-content\/uploads\/2023\/08\/6-excel-dans-differents-formats.png\" sizes=\"auto, \" srcset=\"\" alt=\"excel-en-diferentes-formatos\" width=\"229\" height=\"278\"><\/figure>\n<\/div>\n<p> Simplemente siga los pasos que utilizamos anteriormente en este art\u00edculo. Esto significa que debe cambiar la aplicaci\u00f3n predeterminada para cada uno de estos formatos uno por uno. Pero, si tienes Excel instalado en tu Mac, no necesitas hacer esto, tu Mac lo har\u00e1 autom\u00e1ticamente.<\/p>\n<h2 class=\"wp-block-heading\"> Abrir un archivo de n\u00fameros con Excel<\/h2>\n<p> Mac tiene Numbers como aplicaci\u00f3n predeterminada para hojas de c\u00e1lculo. <\/p>\n<div class=\"wp-block-image\">\n<figure class=\"aligncenter size-full is-resized\"><img loading=\"lazy\" decoding=\"async\" class=\"wp-image-74933\" src=\"https:\/\/exceladvisor.org\/wp-content\/uploads\/2023\/08\/7-applications-de-tableur-par-defaut-sur-mac.png\" sizes=\"auto, \" srcset=\"\" alt=\"aplicaciones-de-hoja-de-c\u00e1lculo-predeterminadas-en-mac\" width=\"293\" height=\"128\"><\/figure>\n<\/div>\n<p> Y hay una cosa que debes saber: la aplicaci\u00f3n Numbers tiene su propio formato de archivo y no es posible abrir un archivo de hoja de c\u00e1lculo guardado en el formato de la aplicaci\u00f3n \u201cNumbers\u201d. Cuando edita n\u00fameros en archivos de Excel para N\u00famero, un cuadro de di\u00e1logo le pregunta si desea abrirlo. <\/p>\n<div class=\"wp-block-image\">\n<figure class=\"aligncenter size-full is-resized\"><img loading=\"lazy\" decoding=\"async\" class=\"wp-image-74934\" src=\"https:\/\/exceladvisor.org\/wp-content\/uploads\/2023\/08\/8-boite-de-dialogue-sur-mac.png\" sizes=\"auto, \" srcset=\"\" alt=\"cuadro de di\u00e1logo en mac\" width=\"329\" height=\"348\"><\/figure>\n<\/div>\n<p> Pero cuando haga clic en \u00abS\u00ed\u00bb, le mostrar\u00e1 que este archivo est\u00e1 da\u00f1ado. <\/p>\n<div class=\"wp-block-image\">\n<figure class=\"aligncenter size-full is-resized\"><img loading=\"lazy\" decoding=\"async\" class=\"wp-image-74935\" src=\"https:\/\/exceladvisor.org\/wp-content\/uploads\/2023\/08\/9-le-fichier-est-corrompu.png\" sizes=\"auto, \" srcset=\"\" alt=\"el archivo est\u00e1 da\u00f1ado\" width=\"311\" height=\"320\"><\/figure>\n<\/div>\n<div class=\"gb-container gb-container-4db6181c gb-container-mt\"> <a class=\"gb-button gb-button-c5897111 gb-button-text gb-button-mt-button\" href=\"https:\/\/exceladvisor.org\/es\/avance-de-excel\/\">Tutoriales avanzados de Excel<\/a><\/p>\n<h2 class=\"gb-headline gb-headline-665e5f6b gb-headline-text gb-headline-mt-heading\"> Tutoriales relacionados <\/h2>\n<div class=\"gb-grid-wrapper gb-grid-wrapper-a20baf7c gb-grid-wrapper-mt-grid\">\n<div class=\"gb-grid-column gb-grid-column-65ddf67e\">\n<div class=\"gb-container gb-container-65ddf67e\">\n<ul>\n<li> <a href=\"https:\/\/exceladvisor.org\/es\/herramienta-de-camara\/\">Herramienta de c\u00e1mara de Excel<\/a><\/li>\n<li> <a href=\"https:\/\/exceladvisor.org\/es\/buscar-objetivo\/\">Buscador de objetivos en Excel<\/a><\/li>\n<li> <a href=\"https:\/\/exceladvisor.org\/es\/ver-ventana\/\">Ventana de observaci\u00f3n en Excel<\/a><\/li>\n<li> <a href=\"https:\/\/exceladvisor.org\/es\/rebanador-de-excel\/\">Cortadora de Excel (gu\u00eda completa)<\/a><\/li>\n<li> <a href=\"https:\/\/exceladvisor.org\/es\/modo-seguro-de-excel\/\">Abra Excel en modo seguro<\/a><\/li>\n<\/ul>\n<\/div>\n<\/div>\n<\/div>\n<\/div>\n","protected":false},"excerpt":{"rendered":"<p>En Mac, si Microsoft Excel est\u00e1 instalado, no es necesario configurarlo como predeterminado porque es la aplicaci\u00f3n predeterminada para abrir archivos de hojas de c\u00e1lculo en formato xlsx. Pero, si a\u00fan tiene problemas al abrir estos archivos con Excel, en este pr\u00f3ximo tutorial, he compartido pasos simples para configurar Excel como predeterminado en Mac. Pasos [&hellip;]<\/p>\n","protected":false},"author":1,"featured_media":0,"parent":0,"menu_order":0,"comment_status":"open","ping_status":"closed","template":"","meta":{"ub_ctt_via":"","footnotes":""},"class_list":["post-433","page","type-page","status-publish","hentry"],"featured_image_src":null,"yoast_head":"<!-- This site is optimized with the Yoast SEO plugin v25.4 - https:\/\/yoast.com\/wordpress\/plugins\/seo\/ -->\n<title>\u00bfc\u00f3mo hacer que excel sea predeterminado en mac?<\/title>\n<meta name=\"robots\" content=\"index, follow, max-snippet:-1, max-image-preview:large, max-video-preview:-1\" \/>\n<link rel=\"canonical\" href=\"https:\/\/exceladvisor.org\/es\/excel-por-defecto-en-mac\/\" \/>\n<meta property=\"og:locale\" content=\"es_ES\" \/>\n<meta property=\"og:type\" content=\"article\" \/>\n<meta property=\"og:title\" content=\"\u00bfc\u00f3mo hacer que excel sea predeterminado en mac?\" \/>\n<meta property=\"og:description\" content=\"En Mac, si Microsoft Excel est\u00e1 instalado, no es necesario configurarlo como predeterminado porque es la aplicaci\u00f3n predeterminada para abrir archivos de hojas de c\u00e1lculo en formato xlsx. Pero, si a\u00fan tiene problemas al abrir estos archivos con Excel, en este pr\u00f3ximo tutorial, he compartido pasos simples para configurar Excel como predeterminado en Mac. Pasos [&hellip;]\" \/>\n<meta property=\"og:url\" content=\"https:\/\/exceladvisor.org\/es\/excel-por-defecto-en-mac\/\" \/>\n<meta property=\"og:site_name\" content=\"Excel Advisor\" \/>\n<meta property=\"article:modified_time\" content=\"2023-12-25T10:25:35+00:00\" \/>\n<meta property=\"og:image\" content=\"https:\/\/exceladvisor.org\/wp-content\/uploads\/2023\/08\/1-excel-en-xlsx.png\" \/>\n<meta name=\"twitter:card\" content=\"summary_large_image\" \/>\n<meta name=\"twitter:label1\" content=\"Tiempo de lectura\" \/>\n\t<meta name=\"twitter:data1\" content=\"2 minutos\" \/>\n<script type=\"application\/ld+json\" class=\"yoast-schema-graph\">{\"@context\":\"https:\/\/schema.org\",\"@graph\":[{\"@type\":\"WebPage\",\"@id\":\"https:\/\/exceladvisor.org\/es\/excel-por-defecto-en-mac\/\",\"url\":\"https:\/\/exceladvisor.org\/es\/excel-por-defecto-en-mac\/\",\"name\":\"\u00bfc\u00f3mo hacer que excel sea predeterminado en mac?\",\"isPartOf\":{\"@id\":\"https:\/\/exceladvisor.org\/es\/#website\"},\"primaryImageOfPage\":{\"@id\":\"https:\/\/exceladvisor.org\/es\/excel-por-defecto-en-mac\/#primaryimage\"},\"image\":{\"@id\":\"https:\/\/exceladvisor.org\/es\/excel-por-defecto-en-mac\/#primaryimage\"},\"thumbnailUrl\":\"https:\/\/exceladvisor.org\/wp-content\/uploads\/2023\/08\/1-excel-en-xlsx.png\",\"datePublished\":\"2023-10-29T06:05:26+00:00\",\"dateModified\":\"2023-12-25T10:25:35+00:00\",\"breadcrumb\":{\"@id\":\"https:\/\/exceladvisor.org\/es\/excel-por-defecto-en-mac\/#breadcrumb\"},\"inLanguage\":\"es\",\"potentialAction\":[{\"@type\":\"ReadAction\",\"target\":[\"https:\/\/exceladvisor.org\/es\/excel-por-defecto-en-mac\/\"]}]},{\"@type\":\"ImageObject\",\"inLanguage\":\"es\",\"@id\":\"https:\/\/exceladvisor.org\/es\/excel-por-defecto-en-mac\/#primaryimage\",\"url\":\"https:\/\/exceladvisor.org\/wp-content\/uploads\/2023\/08\/1-excel-en-xlsx.png\",\"contentUrl\":\"https:\/\/exceladvisor.org\/wp-content\/uploads\/2023\/08\/1-excel-en-xlsx.png\"},{\"@type\":\"BreadcrumbList\",\"@id\":\"https:\/\/exceladvisor.org\/es\/excel-por-defecto-en-mac\/#breadcrumb\",\"itemListElement\":[{\"@type\":\"ListItem\",\"position\":1,\"name\":\"Hogar\",\"item\":\"https:\/\/exceladvisor.org\/es\/\"},{\"@type\":\"ListItem\",\"position\":2,\"name\":\"\u00bfc\u00f3mo hacer que excel sea predeterminado en mac?\"}]},{\"@type\":\"WebSite\",\"@id\":\"https:\/\/exceladvisor.org\/es\/#website\",\"url\":\"https:\/\/exceladvisor.org\/es\/\",\"name\":\"Excel Advisor\",\"description\":\"Su gu\u00eda para la dominaci\u00f3n de datos!\",\"publisher\":{\"@id\":\"https:\/\/exceladvisor.org\/es\/#organization\"},\"potentialAction\":[{\"@type\":\"SearchAction\",\"target\":{\"@type\":\"EntryPoint\",\"urlTemplate\":\"https:\/\/exceladvisor.org\/es\/?s={search_term_string}\"},\"query-input\":{\"@type\":\"PropertyValueSpecification\",\"valueRequired\":true,\"valueName\":\"search_term_string\"}}],\"inLanguage\":\"es\"},{\"@type\":\"Organization\",\"@id\":\"https:\/\/exceladvisor.org\/es\/#organization\",\"name\":\"Excel Advisor\",\"url\":\"https:\/\/exceladvisor.org\/es\/\",\"logo\":{\"@type\":\"ImageObject\",\"inLanguage\":\"es\",\"@id\":\"https:\/\/exceladvisor.org\/es\/#\/schema\/logo\/image\/\",\"url\":\"https:\/\/exceladvisor.org\/es\/wp-content\/uploads\/2023\/12\/exceladvisor.org_.png\",\"contentUrl\":\"https:\/\/exceladvisor.org\/es\/wp-content\/uploads\/2023\/12\/exceladvisor.org_.png\",\"width\":105,\"height\":36,\"caption\":\"Excel Advisor\"},\"image\":{\"@id\":\"https:\/\/exceladvisor.org\/es\/#\/schema\/logo\/image\/\"}}]}<\/script>\n<!-- \/ Yoast SEO plugin. -->","yoast_head_json":{"title":"\u00bfc\u00f3mo hacer que excel sea predeterminado en mac?","robots":{"index":"index","follow":"follow","max-snippet":"max-snippet:-1","max-image-preview":"max-image-preview:large","max-video-preview":"max-video-preview:-1"},"canonical":"https:\/\/exceladvisor.org\/es\/excel-por-defecto-en-mac\/","og_locale":"es_ES","og_type":"article","og_title":"\u00bfc\u00f3mo hacer que excel sea predeterminado en mac?","og_description":"En Mac, si Microsoft Excel est\u00e1 instalado, no es necesario configurarlo como predeterminado porque es la aplicaci\u00f3n predeterminada para abrir archivos de hojas de c\u00e1lculo en formato xlsx. Pero, si a\u00fan tiene problemas al abrir estos archivos con Excel, en este pr\u00f3ximo tutorial, he compartido pasos simples para configurar Excel como predeterminado en Mac. Pasos [&hellip;]","og_url":"https:\/\/exceladvisor.org\/es\/excel-por-defecto-en-mac\/","og_site_name":"Excel Advisor","article_modified_time":"2023-12-25T10:25:35+00:00","og_image":[{"url":"https:\/\/exceladvisor.org\/wp-content\/uploads\/2023\/08\/1-excel-en-xlsx.png","type":"","width":"","height":""}],"twitter_card":"summary_large_image","twitter_misc":{"Tiempo de lectura":"2 minutos"},"schema":{"@context":"https:\/\/schema.org","@graph":[{"@type":"WebPage","@id":"https:\/\/exceladvisor.org\/es\/excel-por-defecto-en-mac\/","url":"https:\/\/exceladvisor.org\/es\/excel-por-defecto-en-mac\/","name":"\u00bfc\u00f3mo hacer que excel sea predeterminado en mac?","isPartOf":{"@id":"https:\/\/exceladvisor.org\/es\/#website"},"primaryImageOfPage":{"@id":"https:\/\/exceladvisor.org\/es\/excel-por-defecto-en-mac\/#primaryimage"},"image":{"@id":"https:\/\/exceladvisor.org\/es\/excel-por-defecto-en-mac\/#primaryimage"},"thumbnailUrl":"https:\/\/exceladvisor.org\/wp-content\/uploads\/2023\/08\/1-excel-en-xlsx.png","datePublished":"2023-10-29T06:05:26+00:00","dateModified":"2023-12-25T10:25:35+00:00","breadcrumb":{"@id":"https:\/\/exceladvisor.org\/es\/excel-por-defecto-en-mac\/#breadcrumb"},"inLanguage":"es","potentialAction":[{"@type":"ReadAction","target":["https:\/\/exceladvisor.org\/es\/excel-por-defecto-en-mac\/"]}]},{"@type":"ImageObject","inLanguage":"es","@id":"https:\/\/exceladvisor.org\/es\/excel-por-defecto-en-mac\/#primaryimage","url":"https:\/\/exceladvisor.org\/wp-content\/uploads\/2023\/08\/1-excel-en-xlsx.png","contentUrl":"https:\/\/exceladvisor.org\/wp-content\/uploads\/2023\/08\/1-excel-en-xlsx.png"},{"@type":"BreadcrumbList","@id":"https:\/\/exceladvisor.org\/es\/excel-por-defecto-en-mac\/#breadcrumb","itemListElement":[{"@type":"ListItem","position":1,"name":"Hogar","item":"https:\/\/exceladvisor.org\/es\/"},{"@type":"ListItem","position":2,"name":"\u00bfc\u00f3mo hacer que excel sea predeterminado en mac?"}]},{"@type":"WebSite","@id":"https:\/\/exceladvisor.org\/es\/#website","url":"https:\/\/exceladvisor.org\/es\/","name":"Excel Advisor","description":"Su gu\u00eda para la dominaci\u00f3n de datos!","publisher":{"@id":"https:\/\/exceladvisor.org\/es\/#organization"},"potentialAction":[{"@type":"SearchAction","target":{"@type":"EntryPoint","urlTemplate":"https:\/\/exceladvisor.org\/es\/?s={search_term_string}"},"query-input":{"@type":"PropertyValueSpecification","valueRequired":true,"valueName":"search_term_string"}}],"inLanguage":"es"},{"@type":"Organization","@id":"https:\/\/exceladvisor.org\/es\/#organization","name":"Excel Advisor","url":"https:\/\/exceladvisor.org\/es\/","logo":{"@type":"ImageObject","inLanguage":"es","@id":"https:\/\/exceladvisor.org\/es\/#\/schema\/logo\/image\/","url":"https:\/\/exceladvisor.org\/es\/wp-content\/uploads\/2023\/12\/exceladvisor.org_.png","contentUrl":"https:\/\/exceladvisor.org\/es\/wp-content\/uploads\/2023\/12\/exceladvisor.org_.png","width":105,"height":36,"caption":"Excel Advisor"},"image":{"@id":"https:\/\/exceladvisor.org\/es\/#\/schema\/logo\/image\/"}}]}},"yoast_meta":{"yoast_wpseo_title":"","yoast_wpseo_metadesc":"","yoast_wpseo_canonical":""},"_links":{"self":[{"href":"https:\/\/exceladvisor.org\/es\/wp-json\/wp\/v2\/pages\/433","targetHints":{"allow":["GET"]}}],"collection":[{"href":"https:\/\/exceladvisor.org\/es\/wp-json\/wp\/v2\/pages"}],"about":[{"href":"https:\/\/exceladvisor.org\/es\/wp-json\/wp\/v2\/types\/page"}],"author":[{"embeddable":true,"href":"https:\/\/exceladvisor.org\/es\/wp-json\/wp\/v2\/users\/1"}],"replies":[{"embeddable":true,"href":"https:\/\/exceladvisor.org\/es\/wp-json\/wp\/v2\/comments?post=433"}],"version-history":[{"count":1,"href":"https:\/\/exceladvisor.org\/es\/wp-json\/wp\/v2\/pages\/433\/revisions"}],"predecessor-version":[{"id":1082,"href":"https:\/\/exceladvisor.org\/es\/wp-json\/wp\/v2\/pages\/433\/revisions\/1082"}],"wp:attachment":[{"href":"https:\/\/exceladvisor.org\/es\/wp-json\/wp\/v2\/media?parent=433"}],"curies":[{"name":"wp","href":"https:\/\/api.w.org\/{rel}","templated":true}]}}